{"id":104835,"date":"2024-05-21T11:33:26","date_gmt":"2024-05-21T09:33:26","guid":{"rendered":"https:\/\/pistonaddict.com\/product\/fisker-karma-2\/"},"modified":"2024-05-21T14:15:38","modified_gmt":"2024-05-21T12:15:38","slug":"fisker-karma-2","status":"publish","type":"product","link":"https:\/\/pistonaddict.com\/fi\/product\/fisker-karma-2\/","title":{"rendered":"Fisker Karma"},"content":{"rendered":"<p><strong>Auton historia<\/strong><\/p>\n<p>Fisker Karma, joka on osoitus Henrik Fiskerin nerokkuudesta, esiteltiin vuonna 2011. T\u00e4m\u00e4 PHEV (plug-in hybrid electric vehicle) ei ainoastaan laajentanut autojen muotoilun ja teknologian rajoja, vaan my\u00f6s valloitti syd\u00e4met vaikuttavalla estetiikallaan, ylellisill\u00e4 sis\u00e4tiloillaan ja innovatiivisella suunnittelullaan. Vaikka hybridiautot eiv\u00e4t olleet tuohon aikaan uutuus, Karma m\u00e4\u00e4ritteli k\u00e4sitykset uudelleen ja muutti ne arkip\u00e4iv\u00e4isest\u00e4 tavoiteltaviksi. Se yhdist\u00e4\u00e4 saumattomasti suorituskyvyn ja kest\u00e4vyyden, mik\u00e4 tekee hybrideist\u00e4 sek\u00e4 ymp\u00e4rist\u00f6yst\u00e4v\u00e4llisi\u00e4 ja tyylikk\u00e4it\u00e4 ett\u00e4 riemastuttavia ajaa. Karman voimanl\u00e4hteen\u00e4 oli 2,0-litraisen turboahdetun bensiinimoottorin ja kahden s\u00e4hk\u00f6moottorin tehokas yhdistelm\u00e4, ja sen suorituskyky oli vaikuttava. Sen kiihtyvyys 0-100 km\/h vain 5,9 sekunnissa ja yli 200 km\/h huippunopeus osoittivat sen urheiluauton sukujuuret. Silti se saavutti n\u00e4m\u00e4 saavutukset s\u00e4ilytt\u00e4en samalla kiitett\u00e4v\u00e4n polttoainetehokkuuden. Suorituskyvyn lis\u00e4ksi Karmalle oli ominaista my\u00f6s sen muotoilu. Sen sirot linjat ja hallitseva ulkon\u00e4k\u00f6 k\u00e4\u00e4nsiv\u00e4t katseita kaikkialla, miss\u00e4 se kulki, ja se sai autoharrastajien ihailun ymp\u00e4ri maailmaa. T\u00e4m\u00e4 erityinen malli, joka on toisen sarjan iteraatio vuodelta 2013, on harvinainen ja yksinoikeudellinen. T\u00e4m\u00e4 Fisker Karmasta valmistettiin 2349 Fisker Karmaa, ja se kuuluu viimeiseen er\u00e4\u00e4n, jonka sarjanumero on 2259. Harvinainen helmi, sill\u00e4 vain 188 ajoneuvoa maailmassa ylpeilee t\u00e4ll\u00e4 ainutlaatuisella v\u00e4ri- ja vanneyhdistelm\u00e4ll\u00e4.<\/p>\n<p><strong>Kunto<\/strong><\/p>\n<p>Vain 82 080 km:n ajokilometreill\u00e4, kattavan huoltohistorian ja vain parin omistautuneen omistajan my\u00f6t\u00e4 t\u00e4m\u00e4 Karma on koskemattomassa kunnossa. Polttoainetaloudellisuuden osalta Fiskerin v\u00e4ite, jonka mukaan pelk\u00e4st\u00e4\u00e4n s\u00e4hk\u00f6ll\u00e4 ajettavan auton toimintas\u00e4de on yli 80 kilometri\u00e4, on perusteltu, joten se soveltuu p\u00e4ivitt\u00e4isiin ty\u00f6matkoihin. Lis\u00e4ksi bensiini\u00e4 ja s\u00e4hk\u00f6\u00e4 k\u00e4ytett\u00e4ess\u00e4 saadaan huomattavia lukuja, sill\u00e4 polttoainetta kuluu keskim\u00e4\u00e4rin vain 4,5 litraa 100 kilometrill\u00e4. Ostajaehdokkaat arvostavat t\u00e4m\u00e4n ajoneuvon huolellista huoltoa, josta on osoituksena kattavat huoltotiedot. \u00d6ljynvaihto tehtiin loppuvuodesta 2022, t\u00e4ydellinen huolto maaliskuussa 2024 ja jarruj\u00e4rjestelm\u00e4n peruskorjaus toukokuussa 2024, jotta t\u00e4m\u00e4 tyylik\u00e4s musta Karma on huippukunnossa. T\u00e4rkeint\u00e4 on mainita, ett\u00e4 akku oli loppunut vuonna 2017, kun nykyinen omistaja osti auton, mik\u00e4 tarkoittaa, ett\u00e4 tulevilla omistajilla on ongelmaton omistuskokemus.<\/p>\n<p><strong>Sisustus<\/strong><\/p>\n<p>Mustan nahan ja Alcantaran yhdistelm\u00e4 sopii t\u00e4ydellisesti ulkoasuun, mutta t\u00e4rkeint\u00e4 on, ett\u00e4 sisustus on uudenveroisessa kunnossa ilman repe\u00e4mi\u00e4, vaurioita tai muutoksia. Infotainment- ja audioj\u00e4rjestelm\u00e4t ovat l\u00e4sn\u00e4, ja kehyksett\u00f6m\u00e4t ovet lis\u00e4\u00e4v\u00e4t sedanin urheilullisuutta ja coupe-tunnelmaa. Erityisen rakenteensa ansiosta Karma istuu matalalla ja tarjoaa matkustajille enemm\u00e4n sis\u00e4tilaa kuin kilpailijat. Kaikki ominaisuudet, kuten istuinl\u00e4mmitys, ovat toimivia ja kunnossa.<\/p>\n<p><strong>Ulkoasu ja py\u00f6r\u00e4t<\/strong><\/p>\n<p>Kiilt\u00e4v\u00e4 musta maali on huippukunnossa ilman naarmuja, kolhuja tai vaurioita. Ainutlaatuinen aurinkokatto on l\u00e4sn\u00e4 ja toimiva, ja se on edelleen yksi t\u00e4m\u00e4n mallin merkitt\u00e4vimmist\u00e4 ominaisuuksista. T\u00e4m\u00e4 Karma on varustettu lis\u00e4varusteena saatavilla 22-tuumaisilla vanteilla, joiden etupy\u00f6riss\u00e4 on Pirellin renkaat ja takapy\u00f6riss\u00e4 Goodyearin renkaat. Eturenkaat asennettiin maaliskuussa 2024, ja ne ovat uudenveroisessa kunnossa. Ainoa ulkoasuun tehty korjaus on ainutlaatuisen n\u00e4k\u00f6isten py\u00f6rien kunnostaminen, jotta ne n\u00e4ytt\u00e4isiv\u00e4t juuri toimitetuilta.<\/p>\n<p><strong>Dokumentaatio<\/strong><\/p>\n<p>T\u00e4m\u00e4 auto sijaitsee Sveitsiss\u00e4 ja sen myy yksityinen taho. <a href=\"https:\/\/pistonaddict.com\/wp-content\/uploads\/2024\/05\/YH4K14AA4CA002259.pdf\">CarVertical-raportti<\/a> on puhdas; ei ole todisteita onnettomuuksista, onnettomuuskorjauksista, omistajuudesta tai oikeudellisista ongelmista. S\u00e4\u00e4nn\u00f6llisest\u00e4 huollosta, myyntilaskuista ja kuiteista on kirjanpito. T\u00e4h\u00e4n malliin ei ole saatavana tehdastakuuta.<\/p>\n<p><strong>Katso video t\u00e4st\u00e4 upeasta Fisker Karma :<\/strong><\/p>\n<p><iframe title=\"Video Tour of the Fisker Karma for auction sale\" width=\"1200\" height=\"675\" src=\"https:\/\/www.youtube.com\/embed\/xv_ZkvmcPKw?feature=oembed\" frameborder=\"0\" allow=\"accelerometer; autoplay; clipboard-write; encrypted-media; gyroscope; picture-in-picture; web-share\" referrerpolicy=\"strict-origin-when-cross-origin\" allowfullscreen><\/iframe><\/p>\n","protected":false},"excerpt":{"rendered":"<p>Fisker Karma tullaan aina muistamaan yhten\u00e4 mielenkiintoisimmista ja yhten\u00e4 ensimm\u00e4isist\u00e4 maailmanlaajuisesti saatavilla olevista hybrideist\u00e4. Ainutlaatuisen muotoilunsa, tehokkaan voimansiirronsa, upeiden ominaisuuksiensa ja hyvin v\u00e4h\u00e4isen tuotantom\u00e4\u00e4r\u00e4ns\u00e4 ansiosta Karma on itse asiassa modernin s\u00e4hk\u00f6- ja hybridiajan ensimm\u00e4inen ker\u00e4ilyauto. Tulevaisuuden klassikko? Ehdottomasti!<\/p>\n","protected":false},"featured_media":104617,"comment_status":"open","ping_status":"closed","template":"","meta":{"inline_featured_image":false},"product_cat":[745],"product_tag":[4064,4066,933,1781,4069],"acf":[],"yoast_head":"<!-- This site is optimized with the Yoast SEO plugin v22.5 - https:\/\/yoast.com\/wordpress\/plugins\/seo\/ -->\n<title>Fisker Karma - Piston Addict<\/title>\n<meta name=\"robots\" content=\"index, follow, max-snippet:-1, max-image-preview:large, max-video-preview:-1\" \/>\n<link rel=\"canonical\" href=\"https:\/\/pistonaddict.com\/fi\/product\/fisker-karma-2\/\" \/>\n<meta property=\"og:locale\" content=\"fi_FI\" \/>\n<meta property=\"og:type\" content=\"article\" \/>\n<meta property=\"og:title\" content=\"Fisker Karma - Piston Addict\" \/>\n<meta property=\"og:description\" content=\"Fisker Karma tullaan aina muistamaan yhten\u00e4 mielenkiintoisimmista ja yhten\u00e4 ensimm\u00e4isist\u00e4 maailmanlaajuisesti saatavilla olevista hybrideist\u00e4. Ainutlaatuisen muotoilunsa, tehokkaan voimansiirronsa, upeiden ominaisuuksiensa ja hyvin v\u00e4h\u00e4isen tuotantom\u00e4\u00e4r\u00e4ns\u00e4 ansiosta Karma on itse asiassa modernin s\u00e4hk\u00f6- ja hybridiajan ensimm\u00e4inen ker\u00e4ilyauto. Tulevaisuuden klassikko? Ehdottomasti!\" \/>\n<meta property=\"og:url\" content=\"https:\/\/pistonaddict.com\/fi\/product\/fisker-karma-2\/\" \/>\n<meta property=\"og:site_name\" content=\"Piston Addict\" \/>\n<meta property=\"article:modified_time\" content=\"2024-05-21T12:15:38+00:00\" \/>\n<meta property=\"og:image\" content=\"https:\/\/pistonaddict.com\/wp-content\/uploads\/2024\/05\/IMG-20240321-WA0010.jpg\" \/>\n\t<meta property=\"og:image:width\" content=\"2000\" \/>\n\t<meta property=\"og:image:height\" content=\"1500\" \/>\n\t<meta property=\"og:image:type\" content=\"image\/jpeg\" \/>\n<meta name=\"twitter:card\" content=\"summary_large_image\" \/>\n<meta name=\"twitter:label1\" content=\"Arvioitu lukuaika\" \/>\n\t<meta name=\"twitter:data1\" content=\"3 minutes\" \/>\n<script type=\"application\/ld+json\" class=\"yoast-schema-graph\">{\"@context\":\"https:\/\/schema.org\",\"@graph\":[{\"@type\":\"WebPage\",\"@id\":\"https:\/\/pistonaddict.com\/fi\/product\/fisker-karma-2\/\",\"url\":\"https:\/\/pistonaddict.com\/fi\/product\/fisker-karma-2\/\",\"name\":\"Fisker Karma - Piston Addict\",\"isPartOf\":{\"@id\":\"https:\/\/pistonaddict.com\/fi\/#website\"},\"primaryImageOfPage\":{\"@id\":\"https:\/\/pistonaddict.com\/fi\/product\/fisker-karma-2\/#primaryimage\"},\"image\":{\"@id\":\"https:\/\/pistonaddict.com\/fi\/product\/fisker-karma-2\/#primaryimage\"},\"thumbnailUrl\":\"https:\/\/pistonaddict.com\/wp-content\/uploads\/2024\/05\/IMG-20240321-WA0010.jpg\",\"datePublished\":\"2024-05-21T09:33:26+00:00\",\"dateModified\":\"2024-05-21T12:15:38+00:00\",\"breadcrumb\":{\"@id\":\"https:\/\/pistonaddict.com\/fi\/product\/fisker-karma-2\/#breadcrumb\"},\"inLanguage\":\"fi\",\"potentialAction\":[{\"@type\":\"ReadAction\",\"target\":[\"https:\/\/pistonaddict.com\/fi\/product\/fisker-karma-2\/\"]}]},{\"@type\":\"ImageObject\",\"inLanguage\":\"fi\",\"@id\":\"https:\/\/pistonaddict.com\/fi\/product\/fisker-karma-2\/#primaryimage\",\"url\":\"https:\/\/pistonaddict.com\/wp-content\/uploads\/2024\/05\/IMG-20240321-WA0010.jpg\",\"contentUrl\":\"https:\/\/pistonaddict.com\/wp-content\/uploads\/2024\/05\/IMG-20240321-WA0010.jpg\",\"width\":2000,\"height\":1500},{\"@type\":\"BreadcrumbList\",\"@id\":\"https:\/\/pistonaddict.com\/fi\/product\/fisker-karma-2\/#breadcrumb\",\"itemListElement\":[{\"@type\":\"ListItem\",\"position\":1,\"name\":\"Kotisivu\",\"item\":\"https:\/\/pistonaddict.com\/fi\/kotisivu-2\/\"},{\"@type\":\"ListItem\",\"position\":2,\"name\":\"Auctions\",\"item\":\"https:\/\/pistonaddict.com\/auctions-listing\/\"},{\"@type\":\"ListItem\",\"position\":3,\"name\":\"Fisker Karma\"}]},{\"@type\":\"WebSite\",\"@id\":\"https:\/\/pistonaddict.com\/fi\/#website\",\"url\":\"https:\/\/pistonaddict.com\/fi\/\",\"name\":\"Piston Addict\",\"description\":\"Only interesting vehicles\",\"publisher\":{\"@id\":\"https:\/\/pistonaddict.com\/fi\/#organization\"},\"potentialAction\":[{\"@type\":\"SearchAction\",\"target\":{\"@type\":\"EntryPoint\",\"urlTemplate\":\"https:\/\/pistonaddict.com\/fi\/?s={search_term_string}\"},\"query-input\":\"required name=search_term_string\"}],\"inLanguage\":\"fi\"},{\"@type\":\"Organization\",\"@id\":\"https:\/\/pistonaddict.com\/fi\/#organization\",\"name\":\"Piston Addict\",\"url\":\"https:\/\/pistonaddict.com\/fi\/\",\"logo\":{\"@type\":\"ImageObject\",\"inLanguage\":\"fi\",\"@id\":\"https:\/\/pistonaddict.com\/fi\/#\/schema\/logo\/image\/\",\"url\":\"https:\/\/pistonaddict.com\/wp-content\/uploads\/2022\/07\/logo-6.png\",\"contentUrl\":\"https:\/\/pistonaddict.com\/wp-content\/uploads\/2022\/07\/logo-6.png\",\"width\":970,\"height\":200,\"caption\":\"Piston Addict\"},\"image\":{\"@id\":\"https:\/\/pistonaddict.com\/fi\/#\/schema\/logo\/image\/\"}}]}<\/script>\n<!-- \/ Yoast SEO plugin. -->","yoast_head_json":{"title":"Fisker Karma - Piston Addict","robots":{"index":"index","follow":"follow","max-snippet":"max-snippet:-1","max-image-preview":"max-image-preview:large","max-video-preview":"max-video-preview:-1"},"canonical":"https:\/\/pistonaddict.com\/fi\/product\/fisker-karma-2\/","og_locale":"fi_FI","og_type":"article","og_title":"Fisker Karma - Piston Addict","og_description":"Fisker Karma tullaan aina muistamaan yhten\u00e4 mielenkiintoisimmista ja yhten\u00e4 ensimm\u00e4isist\u00e4 maailmanlaajuisesti saatavilla olevista hybrideist\u00e4. Ainutlaatuisen muotoilunsa, tehokkaan voimansiirronsa, upeiden ominaisuuksiensa ja hyvin v\u00e4h\u00e4isen tuotantom\u00e4\u00e4r\u00e4ns\u00e4 ansiosta Karma on itse asiassa modernin s\u00e4hk\u00f6- ja hybridiajan ensimm\u00e4inen ker\u00e4ilyauto. Tulevaisuuden klassikko? Ehdottomasti!","og_url":"https:\/\/pistonaddict.com\/fi\/product\/fisker-karma-2\/","og_site_name":"Piston Addict","article_modified_time":"2024-05-21T12:15:38+00:00","og_image":[{"width":2000,"height":1500,"url":"https:\/\/pistonaddict.com\/wp-content\/uploads\/2024\/05\/IMG-20240321-WA0010.jpg","type":"image\/jpeg"}],"twitter_card":"summary_large_image","twitter_misc":{"Arvioitu lukuaika":"3 minutes"},"schema":{"@context":"https:\/\/schema.org","@graph":[{"@type":"WebPage","@id":"https:\/\/pistonaddict.com\/fi\/product\/fisker-karma-2\/","url":"https:\/\/pistonaddict.com\/fi\/product\/fisker-karma-2\/","name":"Fisker Karma - Piston Addict","isPartOf":{"@id":"https:\/\/pistonaddict.com\/fi\/#website"},"primaryImageOfPage":{"@id":"https:\/\/pistonaddict.com\/fi\/product\/fisker-karma-2\/#primaryimage"},"image":{"@id":"https:\/\/pistonaddict.com\/fi\/product\/fisker-karma-2\/#primaryimage"},"thumbnailUrl":"https:\/\/pistonaddict.com\/wp-content\/uploads\/2024\/05\/IMG-20240321-WA0010.jpg","datePublished":"2024-05-21T09:33:26+00:00","dateModified":"2024-05-21T12:15:38+00:00","breadcrumb":{"@id":"https:\/\/pistonaddict.com\/fi\/product\/fisker-karma-2\/#breadcrumb"},"inLanguage":"fi","potentialAction":[{"@type":"ReadAction","target":["https:\/\/pistonaddict.com\/fi\/product\/fisker-karma-2\/"]}]},{"@type":"ImageObject","inLanguage":"fi","@id":"https:\/\/pistonaddict.com\/fi\/product\/fisker-karma-2\/#primaryimage","url":"https:\/\/pistonaddict.com\/wp-content\/uploads\/2024\/05\/IMG-20240321-WA0010.jpg","contentUrl":"https:\/\/pistonaddict.com\/wp-content\/uploads\/2024\/05\/IMG-20240321-WA0010.jpg","width":2000,"height":1500},{"@type":"BreadcrumbList","@id":"https:\/\/pistonaddict.com\/fi\/product\/fisker-karma-2\/#breadcrumb","itemListElement":[{"@type":"ListItem","position":1,"name":"Kotisivu","item":"https:\/\/pistonaddict.com\/fi\/kotisivu-2\/"},{"@type":"ListItem","position":2,"name":"Auctions","item":"https:\/\/pistonaddict.com\/auctions-listing\/"},{"@type":"ListItem","position":3,"name":"Fisker Karma"}]},{"@type":"WebSite","@id":"https:\/\/pistonaddict.com\/fi\/#website","url":"https:\/\/pistonaddict.com\/fi\/","name":"Piston Addict","description":"Only interesting vehicles","publisher":{"@id":"https:\/\/pistonaddict.com\/fi\/#organization"},"potentialAction":[{"@type":"SearchAction","target":{"@type":"EntryPoint","urlTemplate":"https:\/\/pistonaddict.com\/fi\/?s={search_term_string}"},"query-input":"required name=search_term_string"}],"inLanguage":"fi"},{"@type":"Organization","@id":"https:\/\/pistonaddict.com\/fi\/#organization","name":"Piston Addict","url":"https:\/\/pistonaddict.com\/fi\/","logo":{"@type":"ImageObject","inLanguage":"fi","@id":"https:\/\/pistonaddict.com\/fi\/#\/schema\/logo\/image\/","url":"https:\/\/pistonaddict.com\/wp-content\/uploads\/2022\/07\/logo-6.png","contentUrl":"https:\/\/pistonaddict.com\/wp-content\/uploads\/2022\/07\/logo-6.png","width":970,"height":200,"caption":"Piston Addict"},"image":{"@id":"https:\/\/pistonaddict.com\/fi\/#\/schema\/logo\/image\/"}}]}},"_links":{"self":[{"href":"https:\/\/pistonaddict.com\/fi\/wp-json\/wp\/v2\/product\/104835"}],"collection":[{"href":"https:\/\/pistonaddict.com\/fi\/wp-json\/wp\/v2\/product"}],"about":[{"href":"https:\/\/pistonaddict.com\/fi\/wp-json\/wp\/v2\/types\/product"}],"replies":[{"embeddable":true,"href":"https:\/\/pistonaddict.com\/fi\/wp-json\/wp\/v2\/comments?post=104835"}],"wp:featuredmedia":[{"embeddable":true,"href":"https:\/\/pistonaddict.com\/fi\/wp-json\/wp\/v2\/media\/104617"}],"wp:attachment":[{"href":"https:\/\/pistonaddict.com\/fi\/wp-json\/wp\/v2\/media?parent=104835"}],"wp:term":[{"taxonomy":"product_cat","embeddable":true,"href":"https:\/\/pistonaddict.com\/fi\/wp-json\/wp\/v2\/product_cat?post=104835"},{"taxonomy":"product_tag","embeddable":true,"href":"https:\/\/pistonaddict.com\/fi\/wp-json\/wp\/v2\/product_tag?post=104835"}],"curies":[{"name":"wp","href":"https:\/\/api.w.org\/{rel}","templated":true}]}}