{"id":104244,"date":"2024-05-17T11:16:20","date_gmt":"2024-05-17T09:16:20","guid":{"rendered":"https:\/\/pistonaddict.com\/product\/1979-pontiac-bonneville-brougham\/"},"modified":"2024-05-17T15:57:33","modified_gmt":"2024-05-17T13:57:33","slug":"1979-pontiac-bonneville-brougham-1979-pontiac-bonneville-brougham","status":"publish","type":"product","link":"https:\/\/pistonaddict.com\/fi\/product\/1979-pontiac-bonneville-brougham-1979-pontiac-bonneville-brougham\/","title":{"rendered":"1979 Pontiac Bonneville Brougham"},"content":{"rendered":"<p><strong>Auton historia<\/strong><\/p>\n<p>GM:n nimikkeist\u00f6ss\u00e4 Pontiac Bonnevillell\u00e4 oli erityinen asema. Vaikka se oli l\u00e4heist\u00e4 sukua arkisemmille Chevrolet Impalalle ja Capricelle, sen ainutlaatuiset muotoiluominaisuudet, korkeatasoinen ylellisyys ja suorituskyky erotti sen selv\u00e4sti muista malleista. Siit\u00e4 l\u00e4htien, kun ensimm\u00e4inen Bonneville-malli esiteltiin vuonna 1958, t\u00e4m\u00e4 nimimerkki on ollut erityisen vieh\u00e4tt\u00e4v\u00e4 yhdysvaltalaisten autofanien keskuudessa. Vaikka vuoden 1979 Bonneville oli edelt\u00e4ji\u00e4\u00e4n tehottomampi, sit\u00e4 pidettiin yhten\u00e4 markkinoiden parhaista sedaneista ja parhaana valintana vaativille harrastajille, jotka halusivat ylellisyyden ja suorituskyvyn yhdistelm\u00e4n. T\u00e4m\u00e4 kuudes sukupolvi esiteltiin vuonna 1977 ja sit\u00e4 myytiin vuoteen 1981 asti, kunnes GM korvasi sen pienemm\u00e4ll\u00e4 ja v\u00e4hemm\u00e4n houkuttelevalla mallilla. Siksi t\u00e4m\u00e4 Bonneville on niin mielenkiintoinen. Se ei ole vain yksi viimeisist\u00e4 Pontiac-sedanista, vaan se on my\u00f6s esimerkki, jolla on ainutlaatuinen tarina, ja se on moitteettomassa kunnossa. Koska kyseess\u00e4 on Bonneville Brougham (huippumalli), se on my\u00f6s melko harvinainen, ja Pontiac valmisti kyseisen\u00e4 vuonna vain noin 17 300 kappaletta. Konepellin alla on valinnainen 350 V8 (5,7 litraa) -moottori, jossa on 170 hv ja nelivaihteinen automaattivaihteisto.<\/p>\n<p>T\u00e4m\u00e4 yksil\u00f6 myytiin alun perin Meksikossa vuonna 1979 ja tuotiin heti sen j\u00e4lkeen Espanjaan. Siksi siin\u00e4 on nopeusmittari kilometrein\u00e4 ja muina yksityiskohtina. Omistaja toi sen maahan ja k\u00e4ytti sit\u00e4 satunnaisesti, joten autolla on ajettu vain 31 000 kilometri\u00e4. Nykyinen omistaja hankki sen vuonna 2019 alkuper\u00e4isen omistajan perheelt\u00e4 ja kunnosti ajoneuvon (maalausty\u00f6t ja muutamat yksityiskohdat), mik\u00e4 toi t\u00e4m\u00e4n halutun sedanin uuteen kuntoon.<\/p>\n<p><strong>Sisustus<\/strong><\/p>\n<p>Kun istut vuoden 1979 Pontiac Bonnevillen rattiin, k\u00e4sityksesi ylellisest\u00e4 sisustuksesta muuttuu v\u00e4litt\u00f6m\u00e4sti. Massiiviset ja mukavat veluuripenkit, runsaasti sis\u00e4tilaa, kromiset yksityiskohdat ja hiljaisuus ovat vertaansa vailla jopa moniin ei koskaan autoihin verrattuna. Karamelliv\u00e4riset verhoilut ja matot sopivat t\u00e4ydellisesti puukuvioituihin insertteihin ja ulkov\u00e4riin, ja se on malliesimerkki Detroitin 70-luvun lopun estetiikasta. Se on my\u00f6s hyvin varusteltu ajoneuvo, jossa on s\u00e4hk\u00f6iset ikkunat ja peilit, automaattinen ilmastointi, joka on muunnettu nykyaikaiseksi kaasuksi, stereoj\u00e4rjestelm\u00e4 ja vakionopeudens\u00e4\u00e4din. Kaikki on t\u00e4ysin toimivaa ja vauriotonta.<\/p>\n<p><strong>Auton kunto<\/strong><\/p>\n<p>Tarkalleen 31,619 kilometri\u00e4 matkamittarissa, t\u00e4m\u00e4 Bonneville Brougham oli aina autotallissa pidetty ja alla ainutlaatuinen kansi, kun ei ole k\u00e4yt\u00f6ss\u00e4. Koska ajoneuvo on hiljattain maalattu uudelleen alkuper\u00e4iseen v\u00e4riin, voimme sanoa, ett\u00e4 se on uudenveroisessa kunnossa. Kromiset yksityiskohdat ovat kiilt\u00e4v\u00e4t; kaikki koristelut ovat t\u00e4ydellisess\u00e4 kunnossa, ja auton alkuper\u00e4iset vanteet ja ajanmukaiset renkaat ovat t\u00e4ydellisess\u00e4 kunnossa. Auto huollettiin, \u00f6ljy vaihdettiin ja jarrut uusittiin huhtikuussa 2024, ja joitakin s\u00e4hk\u00f6t\u00f6it\u00e4 tehtiin vuonna 2021. Kun otetaan huomioon ajokilometrit, kunto ja provinssi, t\u00e4m\u00e4 saattaa olla paras vuoden 1979 Bonneville Brougham. T\u00e4m\u00e4 auto on l\u00e4p\u00e4issyt ITV:n teknisen katsastuksen, joka on voimassa vuoteen 2028 asti.<\/p>\n<p><strong>Ulkoasu ja py\u00f6r\u00e4t<\/strong><\/p>\n<p>Korirakenne on virheet\u00f6n j\u00e4lkeen ammatillinen ja oikea uusi maali alkuper\u00e4isen v\u00e4rin. Uudelleenmaalaus onnistui hyvin, koska kori oli t\u00e4ysin s\u00e4ilynyt ilman korroosiota, vaurioita tai korjauksia. Alkuper\u00e4iset lankavanteet, omistaja asennettu ominaisuus ja alkuper\u00e4inen valkosein\u00e4m\u00e4 renkaat vuonna 2021.<\/p>\n<p><strong>Dokumentaatio<\/strong><\/p>\n<p>Ajoneuvo sijaitsee Espanjassa, ja sen mukana toimitetaan laaja dokumentaatio, mukaan lukien kuitit huolloista, espanjalaisen katsastuksen asiakirjat, klassikkoauton aseman hyv\u00e4ksynt\u00e4 ja niin edelleen. Vahingoista, varkauksien takaisinperinn\u00e4st\u00e4 tai vakuutushakemuksista ei ole tietoja. Asiakirjat kattavat ajoneuvon ensimm\u00e4isest\u00e4 p\u00e4iv\u00e4st\u00e4 l\u00e4htien, ja ne ovat t\u00e4ynn\u00e4 todisteita poikkeuksellisesta hoidosta.<\/p>\n<p><strong>Tarkista kylm\u00e4k\u00e4ynnistys video t\u00e4st\u00e4 tahraton Pontiac Bonneville vuodelta 1979 :<\/strong><\/p>\n<p><iframe title=\"Cold Start Video of the incredible 1979 Pontiac Bonneville\" width=\"1200\" height=\"675\" src=\"https:\/\/www.youtube.com\/embed\/6DKO8uhEkN8?feature=oembed\" frameborder=\"0\" allow=\"accelerometer; autoplay; clipboard-write; encrypted-media; gyroscope; picture-in-picture; web-share\" referrerpolicy=\"strict-origin-when-cross-origin\" allowfullscreen><\/iframe><\/p>\n","protected":false},"excerpt":{"rendered":"<p>Auton historiassa Pontiac muistetaan GM:n j\u00e4nnitt\u00e4v\u00e4n\u00e4 merkkin\u00e4, jolla oli valikoima voimakkaita muskeliautoja, tyylikk\u00e4it\u00e4 muotoja ja innovatiivista muotoilua. Vuoden 1979 Bonneville on mallivalikoiman k\u00e4rjess\u00e4, ja se merkitsee t\u00e4ysikokoisten sedanien aikakauden loppua. Verraton tyyli, runsas tilantarjonta ja joukko ylellisi\u00e4 ominaisuuksia tekev\u00e4t t\u00e4st\u00e4 sedanista malliesimerkin klassisesta amerikkalaisesta autosta.<\/p>\n","protected":false},"featured_media":104286,"comment_status":"open","ping_status":"closed","template":"","meta":{"inline_featured_image":false},"product_cat":[745],"product_tag":[3985,4052,933],"acf":[],"yoast_head":"<!-- This site is optimized with the Yoast SEO plugin v22.5 - https:\/\/yoast.com\/wordpress\/plugins\/seo\/ -->\n<title>1979 Pontiac Bonneville Brougham - Piston Addict<\/title>\n<meta name=\"robots\" content=\"index, follow, max-snippet:-1, max-image-preview:large, max-video-preview:-1\" \/>\n<link rel=\"canonical\" href=\"https:\/\/pistonaddict.com\/fi\/product\/1979-pontiac-bonneville-brougham-1979-pontiac-bonneville-brougham\/\" \/>\n<meta property=\"og:locale\" content=\"fi_FI\" \/>\n<meta property=\"og:type\" content=\"article\" \/>\n<meta property=\"og:title\" content=\"1979 Pontiac Bonneville Brougham - Piston Addict\" \/>\n<meta property=\"og:description\" content=\"Auton historiassa Pontiac muistetaan GM:n j\u00e4nnitt\u00e4v\u00e4n\u00e4 merkkin\u00e4, jolla oli valikoima voimakkaita muskeliautoja, tyylikk\u00e4it\u00e4 muotoja ja innovatiivista muotoilua. Vuoden 1979 Bonneville on mallivalikoiman k\u00e4rjess\u00e4, ja se merkitsee t\u00e4ysikokoisten sedanien aikakauden loppua. Verraton tyyli, runsas tilantarjonta ja joukko ylellisi\u00e4 ominaisuuksia tekev\u00e4t t\u00e4st\u00e4 sedanista malliesimerkin klassisesta amerikkalaisesta autosta.\" \/>\n<meta property=\"og:url\" content=\"https:\/\/pistonaddict.com\/fi\/product\/1979-pontiac-bonneville-brougham-1979-pontiac-bonneville-brougham\/\" \/>\n<meta property=\"og:site_name\" content=\"Piston Addict\" \/>\n<meta property=\"article:modified_time\" content=\"2024-05-17T13:57:33+00:00\" \/>\n<meta property=\"og:image\" content=\"https:\/\/pistonaddict.com\/wp-content\/uploads\/2024\/05\/5a7bfe0d-cda7-49a4-89d2-85a67cfe2d90-1.jpg\" \/>\n\t<meta property=\"og:image:width\" content=\"2016\" \/>\n\t<meta property=\"og:image:height\" content=\"1134\" \/>\n\t<meta property=\"og:image:type\" content=\"image\/jpeg\" \/>\n<meta name=\"twitter:card\" content=\"summary_large_image\" \/>\n<meta name=\"twitter:label1\" content=\"Arvioitu lukuaika\" \/>\n\t<meta name=\"twitter:data1\" content=\"3 minutes\" \/>\n<script type=\"application\/ld+json\" class=\"yoast-schema-graph\">{\"@context\":\"https:\/\/schema.org\",\"@graph\":[{\"@type\":\"WebPage\",\"@id\":\"https:\/\/pistonaddict.com\/fi\/product\/1979-pontiac-bonneville-brougham-1979-pontiac-bonneville-brougham\/\",\"url\":\"https:\/\/pistonaddict.com\/fi\/product\/1979-pontiac-bonneville-brougham-1979-pontiac-bonneville-brougham\/\",\"name\":\"1979 Pontiac Bonneville Brougham - Piston Addict\",\"isPartOf\":{\"@id\":\"https:\/\/pistonaddict.com\/fi\/#website\"},\"primaryImageOfPage\":{\"@id\":\"https:\/\/pistonaddict.com\/fi\/product\/1979-pontiac-bonneville-brougham-1979-pontiac-bonneville-brougham\/#primaryimage\"},\"image\":{\"@id\":\"https:\/\/pistonaddict.com\/fi\/product\/1979-pontiac-bonneville-brougham-1979-pontiac-bonneville-brougham\/#primaryimage\"},\"thumbnailUrl\":\"https:\/\/pistonaddict.com\/wp-content\/uploads\/2024\/05\/5a7bfe0d-cda7-49a4-89d2-85a67cfe2d90-1.jpg\",\"datePublished\":\"2024-05-17T09:16:20+00:00\",\"dateModified\":\"2024-05-17T13:57:33+00:00\",\"breadcrumb\":{\"@id\":\"https:\/\/pistonaddict.com\/fi\/product\/1979-pontiac-bonneville-brougham-1979-pontiac-bonneville-brougham\/#breadcrumb\"},\"inLanguage\":\"fi\",\"potentialAction\":[{\"@type\":\"ReadAction\",\"target\":[\"https:\/\/pistonaddict.com\/fi\/product\/1979-pontiac-bonneville-brougham-1979-pontiac-bonneville-brougham\/\"]}]},{\"@type\":\"ImageObject\",\"inLanguage\":\"fi\",\"@id\":\"https:\/\/pistonaddict.com\/fi\/product\/1979-pontiac-bonneville-brougham-1979-pontiac-bonneville-brougham\/#primaryimage\",\"url\":\"https:\/\/pistonaddict.com\/wp-content\/uploads\/2024\/05\/5a7bfe0d-cda7-49a4-89d2-85a67cfe2d90-1.jpg\",\"contentUrl\":\"https:\/\/pistonaddict.com\/wp-content\/uploads\/2024\/05\/5a7bfe0d-cda7-49a4-89d2-85a67cfe2d90-1.jpg\",\"width\":2016,\"height\":1134},{\"@type\":\"BreadcrumbList\",\"@id\":\"https:\/\/pistonaddict.com\/fi\/product\/1979-pontiac-bonneville-brougham-1979-pontiac-bonneville-brougham\/#breadcrumb\",\"itemListElement\":[{\"@type\":\"ListItem\",\"position\":1,\"name\":\"Kotisivu\",\"item\":\"https:\/\/pistonaddict.com\/fi\/kotisivu-2\/\"},{\"@type\":\"ListItem\",\"position\":2,\"name\":\"Auctions\",\"item\":\"https:\/\/pistonaddict.com\/auctions-listing\/\"},{\"@type\":\"ListItem\",\"position\":3,\"name\":\"1979 Pontiac Bonneville Brougham\"}]},{\"@type\":\"WebSite\",\"@id\":\"https:\/\/pistonaddict.com\/fi\/#website\",\"url\":\"https:\/\/pistonaddict.com\/fi\/\",\"name\":\"Piston Addict\",\"description\":\"Only interesting vehicles\",\"publisher\":{\"@id\":\"https:\/\/pistonaddict.com\/fi\/#organization\"},\"potentialAction\":[{\"@type\":\"SearchAction\",\"target\":{\"@type\":\"EntryPoint\",\"urlTemplate\":\"https:\/\/pistonaddict.com\/fi\/?s={search_term_string}\"},\"query-input\":\"required name=search_term_string\"}],\"inLanguage\":\"fi\"},{\"@type\":\"Organization\",\"@id\":\"https:\/\/pistonaddict.com\/fi\/#organization\",\"name\":\"Piston Addict\",\"url\":\"https:\/\/pistonaddict.com\/fi\/\",\"logo\":{\"@type\":\"ImageObject\",\"inLanguage\":\"fi\",\"@id\":\"https:\/\/pistonaddict.com\/fi\/#\/schema\/logo\/image\/\",\"url\":\"https:\/\/pistonaddict.com\/wp-content\/uploads\/2022\/07\/logo-6.png\",\"contentUrl\":\"https:\/\/pistonaddict.com\/wp-content\/uploads\/2022\/07\/logo-6.png\",\"width\":970,\"height\":200,\"caption\":\"Piston Addict\"},\"image\":{\"@id\":\"https:\/\/pistonaddict.com\/fi\/#\/schema\/logo\/image\/\"}}]}<\/script>\n<!-- \/ Yoast SEO plugin. -->","yoast_head_json":{"title":"1979 Pontiac Bonneville Brougham - Piston Addict","robots":{"index":"index","follow":"follow","max-snippet":"max-snippet:-1","max-image-preview":"max-image-preview:large","max-video-preview":"max-video-preview:-1"},"canonical":"https:\/\/pistonaddict.com\/fi\/product\/1979-pontiac-bonneville-brougham-1979-pontiac-bonneville-brougham\/","og_locale":"fi_FI","og_type":"article","og_title":"1979 Pontiac Bonneville Brougham - Piston Addict","og_description":"Auton historiassa Pontiac muistetaan GM:n j\u00e4nnitt\u00e4v\u00e4n\u00e4 merkkin\u00e4, jolla oli valikoima voimakkaita muskeliautoja, tyylikk\u00e4it\u00e4 muotoja ja innovatiivista muotoilua. Vuoden 1979 Bonneville on mallivalikoiman k\u00e4rjess\u00e4, ja se merkitsee t\u00e4ysikokoisten sedanien aikakauden loppua. Verraton tyyli, runsas tilantarjonta ja joukko ylellisi\u00e4 ominaisuuksia tekev\u00e4t t\u00e4st\u00e4 sedanista malliesimerkin klassisesta amerikkalaisesta autosta.","og_url":"https:\/\/pistonaddict.com\/fi\/product\/1979-pontiac-bonneville-brougham-1979-pontiac-bonneville-brougham\/","og_site_name":"Piston Addict","article_modified_time":"2024-05-17T13:57:33+00:00","og_image":[{"width":2016,"height":1134,"url":"https:\/\/pistonaddict.com\/wp-content\/uploads\/2024\/05\/5a7bfe0d-cda7-49a4-89d2-85a67cfe2d90-1.jpg","type":"image\/jpeg"}],"twitter_card":"summary_large_image","twitter_misc":{"Arvioitu lukuaika":"3 minutes"},"schema":{"@context":"https:\/\/schema.org","@graph":[{"@type":"WebPage","@id":"https:\/\/pistonaddict.com\/fi\/product\/1979-pontiac-bonneville-brougham-1979-pontiac-bonneville-brougham\/","url":"https:\/\/pistonaddict.com\/fi\/product\/1979-pontiac-bonneville-brougham-1979-pontiac-bonneville-brougham\/","name":"1979 Pontiac Bonneville Brougham - Piston Addict","isPartOf":{"@id":"https:\/\/pistonaddict.com\/fi\/#website"},"primaryImageOfPage":{"@id":"https:\/\/pistonaddict.com\/fi\/product\/1979-pontiac-bonneville-brougham-1979-pontiac-bonneville-brougham\/#primaryimage"},"image":{"@id":"https:\/\/pistonaddict.com\/fi\/product\/1979-pontiac-bonneville-brougham-1979-pontiac-bonneville-brougham\/#primaryimage"},"thumbnailUrl":"https:\/\/pistonaddict.com\/wp-content\/uploads\/2024\/05\/5a7bfe0d-cda7-49a4-89d2-85a67cfe2d90-1.jpg","datePublished":"2024-05-17T09:16:20+00:00","dateModified":"2024-05-17T13:57:33+00:00","breadcrumb":{"@id":"https:\/\/pistonaddict.com\/fi\/product\/1979-pontiac-bonneville-brougham-1979-pontiac-bonneville-brougham\/#breadcrumb"},"inLanguage":"fi","potentialAction":[{"@type":"ReadAction","target":["https:\/\/pistonaddict.com\/fi\/product\/1979-pontiac-bonneville-brougham-1979-pontiac-bonneville-brougham\/"]}]},{"@type":"ImageObject","inLanguage":"fi","@id":"https:\/\/pistonaddict.com\/fi\/product\/1979-pontiac-bonneville-brougham-1979-pontiac-bonneville-brougham\/#primaryimage","url":"https:\/\/pistonaddict.com\/wp-content\/uploads\/2024\/05\/5a7bfe0d-cda7-49a4-89d2-85a67cfe2d90-1.jpg","contentUrl":"https:\/\/pistonaddict.com\/wp-content\/uploads\/2024\/05\/5a7bfe0d-cda7-49a4-89d2-85a67cfe2d90-1.jpg","width":2016,"height":1134},{"@type":"BreadcrumbList","@id":"https:\/\/pistonaddict.com\/fi\/product\/1979-pontiac-bonneville-brougham-1979-pontiac-bonneville-brougham\/#breadcrumb","itemListElement":[{"@type":"ListItem","position":1,"name":"Kotisivu","item":"https:\/\/pistonaddict.com\/fi\/kotisivu-2\/"},{"@type":"ListItem","position":2,"name":"Auctions","item":"https:\/\/pistonaddict.com\/auctions-listing\/"},{"@type":"ListItem","position":3,"name":"1979 Pontiac Bonneville Brougham"}]},{"@type":"WebSite","@id":"https:\/\/pistonaddict.com\/fi\/#website","url":"https:\/\/pistonaddict.com\/fi\/","name":"Piston Addict","description":"Only interesting vehicles","publisher":{"@id":"https:\/\/pistonaddict.com\/fi\/#organization"},"potentialAction":[{"@type":"SearchAction","target":{"@type":"EntryPoint","urlTemplate":"https:\/\/pistonaddict.com\/fi\/?s={search_term_string}"},"query-input":"required name=search_term_string"}],"inLanguage":"fi"},{"@type":"Organization","@id":"https:\/\/pistonaddict.com\/fi\/#organization","name":"Piston Addict","url":"https:\/\/pistonaddict.com\/fi\/","logo":{"@type":"ImageObject","inLanguage":"fi","@id":"https:\/\/pistonaddict.com\/fi\/#\/schema\/logo\/image\/","url":"https:\/\/pistonaddict.com\/wp-content\/uploads\/2022\/07\/logo-6.png","contentUrl":"https:\/\/pistonaddict.com\/wp-content\/uploads\/2022\/07\/logo-6.png","width":970,"height":200,"caption":"Piston Addict"},"image":{"@id":"https:\/\/pistonaddict.com\/fi\/#\/schema\/logo\/image\/"}}]}},"_links":{"self":[{"href":"https:\/\/pistonaddict.com\/fi\/wp-json\/wp\/v2\/product\/104244"}],"collection":[{"href":"https:\/\/pistonaddict.com\/fi\/wp-json\/wp\/v2\/product"}],"about":[{"href":"https:\/\/pistonaddict.com\/fi\/wp-json\/wp\/v2\/types\/product"}],"replies":[{"embeddable":true,"href":"https:\/\/pistonaddict.com\/fi\/wp-json\/wp\/v2\/comments?post=104244"}],"wp:featuredmedia":[{"embeddable":true,"href":"https:\/\/pistonaddict.com\/fi\/wp-json\/wp\/v2\/media\/104286"}],"wp:attachment":[{"href":"https:\/\/pistonaddict.com\/fi\/wp-json\/wp\/v2\/media?parent=104244"}],"wp:term":[{"taxonomy":"product_cat","embeddable":true,"href":"https:\/\/pistonaddict.com\/fi\/wp-json\/wp\/v2\/product_cat?post=104244"},{"taxonomy":"product_tag","embeddable":true,"href":"https:\/\/pistonaddict.com\/fi\/wp-json\/wp\/v2\/product_tag?post=104244"}],"curies":[{"name":"wp","href":"https:\/\/api.w.org\/{rel}","templated":true}]}}