{"id":51259,"date":"2022-04-28T09:17:25","date_gmt":"2022-04-28T07:17:25","guid":{"rendered":"https:\/\/pistonaddict.com\/kotisivu-2\/"},"modified":"2024-05-17T17:25:48","modified_gmt":"2024-05-17T15:25:48","slug":"kotisivu-2","status":"publish","type":"page","link":"https:\/\/pistonaddict.com\/fi\/","title":{"rendered":"Kotisivu"},"content":{"rendered":"","protected":false},"excerpt":{"rendered":"","protected":false},"author":1,"featured_media":0,"parent":0,"menu_order":0,"comment_status":"closed","ping_status":"closed","template":"template-parts\/tpl-accueil.php","meta":{"inline_featured_image":false,"footnotes":""},"acf":[],"yoast_head":"<!-- This site is optimized with the Yoast SEO plugin v22.5 - https:\/\/yoast.com\/wordpress\/plugins\/seo\/ -->\n<title>Piston Addict : Autojen nettihuutokauppojen markkinapaikka<\/title>\n<meta name=\"description\" content=\"Piston Addict -huutokaupat on kansainv\u00e4linen vintage- ja klassikkoajoneuvojen markkinapaikka. Myy ja osta huutokaupoissa unelmiesi ajoneuvon Piston Addict, vain mielenkiintoisia ajoneuvoja, vintage moottoripy\u00f6r\u00e4st\u00e4 hyperautoihin. Voit my\u00f6s tutustua seuraavaan ajoneuvoosi Piston Addictin autojournalistiemme kirjoittamissa autoartikkeleissa ja esitt\u00e4\u00e4 kysymyksi\u00e4 Piston Addictin yhteis\u00f6lle.\" \/>\n<meta name=\"robots\" content=\"index, follow, max-snippet:-1, max-image-preview:large, max-video-preview:-1\" \/>\n<link rel=\"canonical\" href=\"https:\/\/pistonaddict.com\/fi\/\" \/>\n<meta property=\"og:locale\" content=\"fi_FI\" \/>\n<meta property=\"og:type\" content=\"article\" \/>\n<meta property=\"og:title\" content=\"Piston Addict : Autojen nettihuutokauppojen markkinapaikka\" \/>\n<meta property=\"og:description\" content=\"Piston Addict -huutokaupat on kansainv\u00e4linen vintage- ja klassikkoajoneuvojen markkinapaikka. Myy ja osta huutokaupoissa unelmiesi ajoneuvon Piston Addict, vain mielenkiintoisia ajoneuvoja, vintage moottoripy\u00f6r\u00e4st\u00e4 hyperautoihin. Voit my\u00f6s tutustua seuraavaan ajoneuvoosi Piston Addictin autojournalistiemme kirjoittamissa autoartikkeleissa ja esitt\u00e4\u00e4 kysymyksi\u00e4 Piston Addictin yhteis\u00f6lle.\" \/>\n<meta property=\"og:url\" content=\"https:\/\/pistonaddict.com\/fi\/\" \/>\n<meta property=\"og:site_name\" content=\"Piston Addict\" \/>\n<meta property=\"article:modified_time\" content=\"2024-05-17T15:25:48+00:00\" \/>\n<meta name=\"twitter:card\" content=\"summary_large_image\" \/>\n<script type=\"application\/ld+json\" class=\"yoast-schema-graph\">{\"@context\":\"https:\/\/schema.org\",\"@graph\":[{\"@type\":\"WebPage\",\"@id\":\"https:\/\/pistonaddict.com\/fi\/\",\"url\":\"https:\/\/pistonaddict.com\/fi\/\",\"name\":\"Piston Addict : Autojen nettihuutokauppojen markkinapaikka\",\"isPartOf\":{\"@id\":\"https:\/\/pistonaddict.com\/fi\/#website\"},\"datePublished\":\"2022-04-28T07:17:25+00:00\",\"dateModified\":\"2024-05-17T15:25:48+00:00\",\"description\":\"Piston Addict -huutokaupat on kansainv\u00e4linen vintage- ja klassikkoajoneuvojen markkinapaikka. Myy ja osta huutokaupoissa unelmiesi ajoneuvon Piston Addict, vain mielenkiintoisia ajoneuvoja, vintage moottoripy\u00f6r\u00e4st\u00e4 hyperautoihin. Voit my\u00f6s tutustua seuraavaan ajoneuvoosi Piston Addictin autojournalistiemme kirjoittamissa autoartikkeleissa ja esitt\u00e4\u00e4 kysymyksi\u00e4 Piston Addictin yhteis\u00f6lle.\",\"breadcrumb\":{\"@id\":\"https:\/\/pistonaddict.com\/fi\/#breadcrumb\"},\"inLanguage\":\"fi\",\"potentialAction\":[{\"@type\":\"ReadAction\",\"target\":[\"https:\/\/pistonaddict.com\/fi\/\"]}]},{\"@type\":\"BreadcrumbList\",\"@id\":\"https:\/\/pistonaddict.com\/fi\/#breadcrumb\",\"itemListElement\":[{\"@type\":\"ListItem\",\"position\":1,\"name\":\"Kotisivu\",\"item\":\"https:\/\/pistonaddict.com\/fi\/kotisivu-2\/\"},{\"@type\":\"ListItem\",\"position\":2,\"name\":\"Kotisivu\"}]},{\"@type\":\"WebSite\",\"@id\":\"https:\/\/pistonaddict.com\/fi\/#website\",\"url\":\"https:\/\/pistonaddict.com\/fi\/\",\"name\":\"Piston Addict\",\"description\":\"Only interesting vehicles\",\"publisher\":{\"@id\":\"https:\/\/pistonaddict.com\/fi\/#organization\"},\"potentialAction\":[{\"@type\":\"SearchAction\",\"target\":{\"@type\":\"EntryPoint\",\"urlTemplate\":\"https:\/\/pistonaddict.com\/fi\/?s={search_term_string}\"},\"query-input\":\"required name=search_term_string\"}],\"inLanguage\":\"fi\"},{\"@type\":\"Organization\",\"@id\":\"https:\/\/pistonaddict.com\/fi\/#organization\",\"name\":\"Piston Addict\",\"url\":\"https:\/\/pistonaddict.com\/fi\/\",\"logo\":{\"@type\":\"ImageObject\",\"inLanguage\":\"fi\",\"@id\":\"https:\/\/pistonaddict.com\/fi\/#\/schema\/logo\/image\/\",\"url\":\"https:\/\/pistonaddict.com\/wp-content\/uploads\/2022\/07\/logo-6.png\",\"contentUrl\":\"https:\/\/pistonaddict.com\/wp-content\/uploads\/2022\/07\/logo-6.png\",\"width\":970,\"height\":200,\"caption\":\"Piston Addict\"},\"image\":{\"@id\":\"https:\/\/pistonaddict.com\/fi\/#\/schema\/logo\/image\/\"}}]}<\/script>\n<!-- \/ Yoast SEO plugin. -->","yoast_head_json":{"title":"Piston Addict : Autojen nettihuutokauppojen markkinapaikka","description":"Piston Addict -huutokaupat on kansainv\u00e4linen vintage- ja klassikkoajoneuvojen markkinapaikka. Myy ja osta huutokaupoissa unelmiesi ajoneuvon Piston Addict, vain mielenkiintoisia ajoneuvoja, vintage moottoripy\u00f6r\u00e4st\u00e4 hyperautoihin. Voit my\u00f6s tutustua seuraavaan ajoneuvoosi Piston Addictin autojournalistiemme kirjoittamissa autoartikkeleissa ja esitt\u00e4\u00e4 kysymyksi\u00e4 Piston Addictin yhteis\u00f6lle.","robots":{"index":"index","follow":"follow","max-snippet":"max-snippet:-1","max-image-preview":"max-image-preview:large","max-video-preview":"max-video-preview:-1"},"canonical":"https:\/\/pistonaddict.com\/fi\/","og_locale":"fi_FI","og_type":"article","og_title":"Piston Addict : Autojen nettihuutokauppojen markkinapaikka","og_description":"Piston Addict -huutokaupat on kansainv\u00e4linen vintage- ja klassikkoajoneuvojen markkinapaikka. Myy ja osta huutokaupoissa unelmiesi ajoneuvon Piston Addict, vain mielenkiintoisia ajoneuvoja, vintage moottoripy\u00f6r\u00e4st\u00e4 hyperautoihin. Voit my\u00f6s tutustua seuraavaan ajoneuvoosi Piston Addictin autojournalistiemme kirjoittamissa autoartikkeleissa ja esitt\u00e4\u00e4 kysymyksi\u00e4 Piston Addictin yhteis\u00f6lle.","og_url":"https:\/\/pistonaddict.com\/fi\/","og_site_name":"Piston Addict","article_modified_time":"2024-05-17T15:25:48+00:00","twitter_card":"summary_large_image","schema":{"@context":"https:\/\/schema.org","@graph":[{"@type":"WebPage","@id":"https:\/\/pistonaddict.com\/fi\/","url":"https:\/\/pistonaddict.com\/fi\/","name":"Piston Addict : Autojen nettihuutokauppojen markkinapaikka","isPartOf":{"@id":"https:\/\/pistonaddict.com\/fi\/#website"},"datePublished":"2022-04-28T07:17:25+00:00","dateModified":"2024-05-17T15:25:48+00:00","description":"Piston Addict -huutokaupat on kansainv\u00e4linen vintage- ja klassikkoajoneuvojen markkinapaikka. Myy ja osta huutokaupoissa unelmiesi ajoneuvon Piston Addict, vain mielenkiintoisia ajoneuvoja, vintage moottoripy\u00f6r\u00e4st\u00e4 hyperautoihin. Voit my\u00f6s tutustua seuraavaan ajoneuvoosi Piston Addictin autojournalistiemme kirjoittamissa autoartikkeleissa ja esitt\u00e4\u00e4 kysymyksi\u00e4 Piston Addictin yhteis\u00f6lle.","breadcrumb":{"@id":"https:\/\/pistonaddict.com\/fi\/#breadcrumb"},"inLanguage":"fi","potentialAction":[{"@type":"ReadAction","target":["https:\/\/pistonaddict.com\/fi\/"]}]},{"@type":"BreadcrumbList","@id":"https:\/\/pistonaddict.com\/fi\/#breadcrumb","itemListElement":[{"@type":"ListItem","position":1,"name":"Kotisivu","item":"https:\/\/pistonaddict.com\/fi\/kotisivu-2\/"},{"@type":"ListItem","position":2,"name":"Kotisivu"}]},{"@type":"WebSite","@id":"https:\/\/pistonaddict.com\/fi\/#website","url":"https:\/\/pistonaddict.com\/fi\/","name":"Piston Addict","description":"Only interesting vehicles","publisher":{"@id":"https:\/\/pistonaddict.com\/fi\/#organization"},"potentialAction":[{"@type":"SearchAction","target":{"@type":"EntryPoint","urlTemplate":"https:\/\/pistonaddict.com\/fi\/?s={search_term_string}"},"query-input":"required name=search_term_string"}],"inLanguage":"fi"},{"@type":"Organization","@id":"https:\/\/pistonaddict.com\/fi\/#organization","name":"Piston Addict","url":"https:\/\/pistonaddict.com\/fi\/","logo":{"@type":"ImageObject","inLanguage":"fi","@id":"https:\/\/pistonaddict.com\/fi\/#\/schema\/logo\/image\/","url":"https:\/\/pistonaddict.com\/wp-content\/uploads\/2022\/07\/logo-6.png","contentUrl":"https:\/\/pistonaddict.com\/wp-content\/uploads\/2022\/07\/logo-6.png","width":970,"height":200,"caption":"Piston Addict"},"image":{"@id":"https:\/\/pistonaddict.com\/fi\/#\/schema\/logo\/image\/"}}]}},"_links":{"self":[{"href":"https:\/\/pistonaddict.com\/fi\/wp-json\/wp\/v2\/pages\/51259"}],"collection":[{"href":"https:\/\/pistonaddict.com\/fi\/wp-json\/wp\/v2\/pages"}],"about":[{"href":"https:\/\/pistonaddict.com\/fi\/wp-json\/wp\/v2\/types\/page"}],"author":[{"embeddable":true,"href":"https:\/\/pistonaddict.com\/fi\/wp-json\/wp\/v2\/users\/1"}],"replies":[{"embeddable":true,"href":"https:\/\/pistonaddict.com\/fi\/wp-json\/wp\/v2\/comments?post=51259"}],"version-history":[{"count":1,"href":"https:\/\/pistonaddict.com\/fi\/wp-json\/wp\/v2\/pages\/51259\/revisions"}],"predecessor-version":[{"id":80972,"href":"https:\/\/pistonaddict.com\/fi\/wp-json\/wp\/v2\/pages\/51259\/revisions\/80972"}],"wp:attachment":[{"href":"https:\/\/pistonaddict.com\/fi\/wp-json\/wp\/v2\/media?parent=51259"}],"curies":[{"name":"wp","href":"https:\/\/api.w.org\/{rel}","templated":true}]}}