{"id":2996,"date":"2022-04-29T11:19:25","date_gmt":"2022-04-29T09:19:25","guid":{"rendered":"https:\/\/pistonaddict.com\/evasteiden-hallinta\/"},"modified":"2022-10-28T10:21:18","modified_gmt":"2022-10-28T08:21:18","slug":"evasteiden-hallinta","status":"publish","type":"page","link":"https:\/\/pistonaddict.com\/fi\/evasteiden-hallinta\/","title":{"rendered":"Ev\u00e4steiden hallinta"},"content":{"rendered":"\t\t<div data-elementor-type=\"wp-page\" data-elementor-id=\"2996\" class=\"elementor elementor-2996 elementor-2954\">\n\t\t\t\t\t\t<section class=\"elementor-section elementor-top-section elementor-element elementor-element-00987b4 elementor-section-boxed elementor-section-height-default elementor-section-height-default\" data-id=\"00987b4\" data-element_type=\"section\">\n\t\t\t\t\t\t<div class=\"elementor-container elementor-column-gap-default\">\n\t\t\t\t\t<div class=\"elementor-column elementor-col-100 elementor-top-column elementor-element elementor-element-9f5f945\" data-id=\"9f5f945\" data-element_type=\"column\">\n\t\t\t<div class=\"elementor-widget-wrap elementor-element-populated\">\n\t\t\t\t\t\t<div class=\"elementor-element elementor-element-8525f40 elementor-widget elementor-widget-text-editor\" data-id=\"8525f40\" data-element_type=\"widget\" data-widget_type=\"text-editor.default\">\n\t\t\t\t<div class=\"elementor-widget-container\">\n\t\t\t<style>\/*! elementor - v3.21.0 - 18-04-2024 *\/\n.elementor-widget-text-editor.elementor-drop-cap-view-stacked .elementor-drop-cap{background-color:#69727d;color:#fff}.elementor-widget-text-editor.elementor-drop-cap-view-framed .elementor-drop-cap{color:#69727d;border:3px solid;background-color:transparent}.elementor-widget-text-editor:not(.elementor-drop-cap-view-default) .elementor-drop-cap{margin-top:8px}.elementor-widget-text-editor:not(.elementor-drop-cap-view-default) .elementor-drop-cap-letter{width:1em;height:1em}.elementor-widget-text-editor .elementor-drop-cap{float:left;text-align:center;line-height:1;font-size:50px}.elementor-widget-text-editor .elementor-drop-cap-letter{display:inline-block}<\/style>\t\t\t\t<div class=\"wpb_text_column wpb_content_element cms_text_block\">\n<div class=\"wpb_wrapper \">\n<p>Lors de votre premier acc\u00e8s au site Internet : https:\/\/www.pistonaddict.com, un bandeau situ\u00e9 en bas de page vous informe que des donn\u00e9es relatives \u00e0 votre navigation vont \u00eatre enregistr\u00e9es sur des fichiers sp\u00e9cifiques appel\u00e9s &#8221; cookies &#8221; ou fichiers de connexion .<\/p>\n<p> <strong>Piston Addict<\/strong> esittelee ev\u00e4steiden hallinnointipolitiikkansa, jotta voisit paremmin tutustua niiden rooliin, niiden hyv\u00e4ksymiseen tai hylk\u00e4\u00e4miseen liittyviin rajoituksiin ja noudatettaviin toimenpiteisiin, joilla voit est\u00e4\u00e4 niiden asentamisen laitteellesi.<\/p>\n<div class=\"wpb_column vc_column_container vc_col-sm-12\">\n<div class=\"vc_column-inner\">\n<div class=\"wpb_wrapper\"> <\/div>\n<\/div>\n<\/div>\n<div class=\"cms-custom-heading-wrap heading2 text-left vc_custom_heading heading2_uppercase \">\n<h2> <\/h2>\n<h2 class=\"cmsc-custom-heading vc_custom_heading\">1\u00b0 LE R\u00d4LE DES COOKIES OU FICHIERS DE CONNEXION (EV\u00c4STEET TAI LIITETIEDOSTOT)<\/h2>\n<\/div>\n<p>Ev\u00e4steet mahdollistavat Internet-sivuston (https:\/\/www.pistonaddict.com) k\u00e4ytt\u00f6\u00e4 koskevien tietojen ker\u00e4\u00e4misen, jotta sivuston k\u00e4ytt\u00f6\u00e4 voidaan parantaa ja suunnata paremmin. Navigaattorin antamat liitetiedostot mahdollistavat tarkan m\u00e4\u00e4rittelyn palveluista ja tiedoista, joita etsit otsikoiden ja sivujen perusteella, joita k\u00e4yt\u00e4t.<\/p>\n<p>Internet-sivuston ja sen palveluiden optimaalista k\u00e4ytt\u00f6\u00e4 varten k\u00e4ytet\u00e4\u00e4n erilaisia ev\u00e4steit\u00e4 niiden k\u00e4ytt\u00f6tarkoituksen mukaan:<\/p>\n<ul>\n<li>istunnon ev\u00e4steet asennetaan ensisijaisesti kauppiaiden sivustoille, jotta ne voivat s\u00e4ilytt\u00e4\u00e4 koko navigoinnin ajan tietyt tiedot, jotka on tallennettu etuk\u00e4teen,<\/li>\n<li>Toiminnalliset ev\u00e4steet ottavat huomioon navigointiasetukset (kieli, ruudun resoluutio&#8230;) tai ker\u00e4\u00e4v\u00e4t aiempien navigointitapahtumien aikana saadut tiedot (yhteyden tunnisteet, k\u00e4ytetyt palvelut, tallennetut tiedot&#8230;),<\/li>\n<li>analyyttiset ev\u00e4steet mahdollistavat internetyhteyden k\u00e4ytt\u00e4jien laskennan ja heid\u00e4n k\u00e4ytt\u00e4ytymisens\u00e4 analysoinnin Internet-sivuston vierailun aikana, jotta voidaan laatia frekvenssitilastoja,<\/li>\n<li>verkkosivujen ev\u00e4steet (ev\u00e4steet) on tallennettu Internetin k\u00e4ytt\u00e4j\u00e4n navigaattoriin mainos- tai Internet-sivuston kumppanien toimesta sek\u00e4 sosiaalisten verkostojen ja videopalvelualustojen kautta, jotka ovat yhteydess\u00e4 kyseiseen sivustoon.<\/li>\n<\/ul>\n<p>Yhteystiedostojen edellytt\u00e4mi\u00e4 tietoja ei voi tunnistaa nimellisesti, vaan niit\u00e4 k\u00e4ytet\u00e4\u00e4n ainoastaan Internet-sivuston hyv\u00e4\u00e4n toimintaan, eik\u00e4 niit\u00e4 v\u00e4litet\u00e4 <strong>Piston Addictin<\/strong> toimesta muille tahoille.<\/p>\n<div class=\"wpb_column vc_column_container vc_col-sm-12\">\n<div class=\"vc_column-inner\">\n<div class=\"wpb_wrapper\"> <\/div>\n<\/div>\n<\/div>\n<div class=\"cms-custom-heading-wrap heading2 text-left vc_custom_heading heading2_uppercase \">\n<h2> <\/h2>\n<h2 class=\"cmsc-custom-heading vc_custom_heading\">2\u00b0 LES COOKIES PR\u00c9SENTS SUR LE SITE PISTONADDICT.COM SIVUSTOLLA OLEVAT EV\u00c4STEET<\/h2>\n<\/div>\n<div class=\"wpb_text_column wpb_content_element vc_custom_1621498045904 cms_text_block\">\n<div class=\"wpb_wrapper \"> <\/div>\n<\/div>\n<p>Internet-sivustolla https:\/\/www.pistonaddict.com k\u00e4ytett\u00e4v\u00e4t ev\u00e4steet ovat luonteeltaan ja ker\u00e4\u00e4milt\u00e4\u00e4n tiedoilta riippuen sellaisia, ett\u00e4 ne eiv\u00e4t anna suostumusta niiden k\u00e4ytt\u00f6\u00f6n tai ovat vastoin niit\u00e4.<\/p>\n<h3> <\/h3>\n<h3>2.1\u00b0 Les cookies fonctionnels (Toimivat ev\u00e4steet)<\/h3>\n<p>Kansallinen tieto- ja vapauskomissio (CNIL) suosittelee, ett\u00e4 suostumuksen tallentamisesta luovutaan ev\u00e4steiden osalta, jotka ovat v\u00e4ltt\u00e4m\u00e4tt\u00f6mi\u00e4 Internet-sivuston hyv\u00e4n toiminnan kannalta tai joiden ainoa tarkoitus on helpottaa s\u00e4hk\u00f6ist\u00e4 viestint\u00e4\u00e4.<\/p>\n<p>T\u00e4m\u00e4 koskee p\u00e4\u00e4asiassa istuntotunniste-ev\u00e4stej\u00e4, monimedialukijan istuntoev\u00e4stej\u00e4, tunnistautumisev\u00e4stej\u00e4, latauksen vakauttamisev\u00e4stej\u00e4 tai luotuja istuntoev\u00e4stej\u00e4 sek\u00e4 k\u00e4ytt\u00f6liittym\u00e4n personointiev\u00e4stej\u00e4.<\/p>\n<h3> <\/h3>\n<h3>2.2\u00b0 Seurantaev\u00e4steet<\/h3>\n<p>RGPD:n soveltaman voimassa olevan lains\u00e4\u00e4d\u00e4nn\u00f6n mukaan kaikki ev\u00e4steet, jotka mahdollistavat k\u00e4yt\u00f6n tai profiloinnin, ovat k\u00e4ytett\u00e4viss\u00e4 ennen niiden l\u00e4hett\u00e4mist\u00e4 k\u00e4ytt\u00e4j\u00e4n navigaattoriin: suostumuksen tallentaminen, mahdollisuus vastustaa k\u00e4ytt\u00f6\u00e4, tieto siit\u00e4, ett\u00e4 navigoinnin suorittaminen edellytt\u00e4\u00e4 ev\u00e4steiden l\u00e4hett\u00e4mist\u00e4 k\u00e4ytt\u00e4j\u00e4n p\u00e4\u00e4telaitteeseen.<\/p>\n<p>T\u00e4m\u00e4 koskee sek\u00e4 yleis\u00f6mittausev\u00e4stej\u00e4 (Analytics) ett\u00e4 sosiaalisten verkostojen ev\u00e4steit\u00e4 (Facebook&#8230;), ja n\u00e4m\u00e4 ev\u00e4steet kuuluvat n\u00e4iden sovellusten toimittajien luottamuksellisuuspolitiikkojen piiriin.<\/p>\n<h4> <\/h4>\n<h4><strong>2.2.1\u00b0 Yleis\u00f6mittausev\u00e4steet (cookies de mesure d&#8217;audience)<\/strong><\/h4>\n<p>Google Analyticsin ev\u00e4steet mahdollistavat Internet-sivuston k\u00e4ytt\u00f6\u00e4 koskevien tilastojen laatimisen: https:\/\/www.pistonaddict.com.<\/p>\n<p>Ils ont \u00e9t\u00e9 ont param\u00e9tr\u00e9s de fa\u00e7on \u00e0 collecter des donn\u00e9es permettant facultatif le recueil de votre consentement :<\/p>\n<ul>\n<li>ev\u00e4steet palvelevat ainoastaan anonyymien tilastojen tuottamista, IP-osoite, jonka avulla voit paikantaa sijaintisi, ei ole t\u00e4sm\u00e4llisempi kuin paikkakuntasi sijainti, vaan IP-osoitteen kaksi viimeist\u00e4 oktettia on poistettu,<\/li>\n<li>ev\u00e4steet, jotka mahdollistavat sivuston k\u00e4yt\u00f6n ja IP-osoitteesi s\u00e4ilytt\u00e4misen 13 kuukauden kuluttua ensimm\u00e4isest\u00e4 vierailusta.<\/li>\n<\/ul>\n<p>Google Analyticsin luottamuksellisuutta koskeva politiikka on saatavilla seuraavassa osoitteessa: https:\/\/policies.google.com\/privacy?hl=fr.<\/p>\n<h3> <\/h3>\n<h4><strong>2.2.2\u00b0 Tietojen jakamiseen tarkoitetut ev\u00e4steet<\/strong><\/h4>\n<p>Les cookies de partage sur les r\u00e9seaux sociaux (Facebook&#8230;) sont \u00e9mis et g\u00e9r\u00e9s par les \u00e9diteurs des applications. Sous r\u00e9serve de votre consentement, ces cookies permettent de partager facilement des contenus publi\u00e9s sur le site Internet : https:\/\/www.pistonaddict.com au moyen des boutons applicatifs d\u00e9di\u00e9s.<\/p>\n<p>Les politiques de confidentialit\u00e9 des r\u00e9seaux sociaux sont disponibles sur les pages suivantes :<\/p>\n<ul>\n<li>Facebook : https:\/\/fr-fr.facebook.com\/privacy\/explanation<\/li>\n<li>Twitter : https:\/\/twitter.com\/fr\/privacy#update<\/li>\n<li>Pinterest : https:\/\/policy.pinterest.com\/fr\/privacy-policy<\/li>\n<li>Instagram : https:\/\/help.instagram.com\/519522125107875<\/li>\n<\/ul>\n<h3> <\/h3>\n<h4><strong>2.2.3\u00b0 Videolevyjen ev\u00e4steet (cookies de plateformes vid\u00e9o)<\/strong><\/h4>\n<p>YouTube-videoiden visualisointiin liittyv\u00e4t ev\u00e4steet ovat YouTube-palvelun julkaisijan k\u00e4ytt\u00e4mi\u00e4 ja yll\u00e4pit\u00e4mi\u00e4. Sous r\u00e9serve du consentement de votre, ces cookies sont envoy\u00e9s sur votre navigateur de l&#8217;internaute lors de la lecture de vid\u00e9os publi\u00e9es sur le site Internet : https:\/\/www.pistonaddict.com et h\u00e9berg\u00e9es sur la plateforme.<\/p>\n<p>YouTuben luottamuksellisuuspolitiikka on saatavilla seuraavassa osoitteessa: https:\/\/policies.google.com\/privacy?hl=fr-CA.<\/p>\n<\/div>\n<\/div>\n<div class=\"wpb_column vc_column_container vc_col-sm-12\">\n<div class=\"vc_column-inner\">\n<div class=\"wpb_wrapper\"> <\/div>\n<\/div>\n<\/div>\n<div class=\"cms-custom-heading-wrap heading2 text-left vc_custom_heading heading2_uppercase \">\n<h2> <\/h2>\n<h2 class=\"cmsc-custom-heading vc_custom_heading\">3\u00b0 EV\u00c4STEIDEN HYV\u00c4KSYMINEN TAI HYLK\u00c4\u00c4MINEN<\/h2>\n<\/div>\n<div class=\"wpb_text_column wpb_content_element vc_custom_1621498045904 cms_text_block\">\n<div class=\"wpb_wrapper \">\n<p>Lors de votre premi\u00e8re visite du site Internet https:\/\/www.pistonaddict.com, un bandeau est affich\u00e9 en bas de page pour vous permettre d&#8217;accepter ou de refuser les cookies. T\u00e4m\u00e4 bandeau sis\u00e4lt\u00e4\u00e4 my\u00f6s maininnat, jotka liittyv\u00e4t ev\u00e4steiden l\u00e4hett\u00e4misen lopputulokseen Internet-navigaattorissa.<\/p>\n<p>Vous pouvez \u00e9galez \u00e9galement param\u00e9trer votre navigateur Internet averti lorsque des cookies seront d\u00e9pos\u00e9s avec la possibilit\u00e9 de les accepter ou de les refuser. En fonction du navigateur utilis\u00e9 la configuration de la gestion des cookies (acceptation ou refus) diff\u00e9rente.<\/p>\n<p>Tutustu alla oleviin osoitteisiin, jotka on osoitettu kaikille t\u00e4rkeimmille navigoijille :<\/p>\n<ul>\n<li>Microsoft Internet Explorer : http:\/\/windows.microsoft.com\/fr-FR\/windows-vista\/Block-or-allow-cookies<\/li>\n<li>Google Chrome : https:\/\/support.google.com\/chrome\/answer\/95647?hl=fr<\/li>\n<li>Safari : https:\/\/support.apple.com\/fr-fr\/guide\/safari\/sfri11471\/mac<\/li>\n<li>Firefox : https:\/\/support.mozilla.org\/fr\/kb\/autoriser-bloquer-cookies-preferences-sites<\/li>\n<li>Opera : https:\/\/help.opera.com\/en\/latest\/web-preferences\/#cookies<\/li>\n<\/ul>\n<p>Huomaa: Ev\u00e4steiden hylk\u00e4\u00e4minen voi est\u00e4\u00e4 k\u00e4ytt\u00e4ji\u00e4 k\u00e4ytt\u00e4m\u00e4st\u00e4 henkil\u00f6kohtaista navigointia Internet-sivustolla: https:\/\/www.pistonaddict.com, il est donc important que vous configuriez votre navigateur en toute connaissance de cause.<\/p>\n<\/div>\n<\/div>\n<div class=\"wpb_column vc_column_container vc_col-sm-12\">\n<div class=\"vc_column-inner\">\n<div class=\"wpb_wrapper\"> <\/div>\n<\/div>\n<\/div>\n<div class=\"cms-custom-heading-wrap heading2 text-left vc_custom_heading heading2_uppercase \">\n<h2> <\/h2>\n<h2 class=\"cmsc-custom-heading vc_custom_heading\">4\u00b0 LA R\u00c9VOCATION DU CONSENTEMENT AUX COOKIES (EV\u00c4STEIDEN HYV\u00c4KSYNN\u00c4N PERUUTTAMINEN)<\/h2>\n<\/div>\n<div class=\"wpb_text_column wpb_content_element vc_custom_1621498045904 cms_text_block\">\n<div class=\"wpb_wrapper \">\n<p>On mahdollista milloin tahansa peruuttaa <a class=\"wt-cli-manage-consent-link\">suostumuksensa<\/a> tiers- ja analyyttisiin <a class=\"wt-cli-manage-consent-link\">ev\u00e4steisiin<\/a>.<\/p>\n<div class=\"wpb_column vc_column_container vc_col-sm-12\">\n<div class=\"vc_column-inner\">\n<div class=\"wpb_wrapper\"> <\/div>\n<\/div>\n<\/div>\n<div class=\"cms-custom-heading-wrap heading2 text-left vc_custom_heading heading2_uppercase \">\n<h2> <\/h2>\n<h2 class=\"cmsc-custom-heading vc_custom_heading\">5\u00b0 LA POLITIQUE DE CONFIDENTIALIT\u00c9<\/h2>\n<\/div>\n<div class=\"wpb_text_column wpb_content_element vc_custom_1621498045904 cms_text_block\">\n<div class=\"wpb_wrapper \"> <\/div>\n<\/div>\n<p>Pour en savoir plus sur la politique de confidentialit\u00e9 de <strong>Piston Addict<\/strong>: <a href=\"https:\/\/pistonaddict.com\/fi\/tietosuojakaytanto\/\">cliquez ici<\/a>.<\/p>\n<\/div>\n<\/div>\n\t\t\t\t\t\t<\/div>\n\t\t\t\t<\/div>\n\t\t\t\t\t<\/div>\n\t\t<\/div>\n\t\t\t\t\t<\/div>\n\t\t<\/section>\n\t\t\t\t<\/div>\n\t\t","protected":false},"excerpt":{"rendered":"<p>Lors de votre premier acc\u00e8s au site Internet : https:\/\/www.pistonaddict.com, un bandeau situ\u00e9 en bas de page vous informe que des donn\u00e9es relatives \u00e0 votre navigation vont \u00eatre enregistr\u00e9es sur des fichiers sp\u00e9cifiques appel\u00e9s &#8221; cookies &#8221; ou fichiers de connexion . Piston Addict esittelee ev\u00e4steiden hallinnointipolitiikkansa, jotta voisit paremmin tutustua niiden rooliin, niiden hyv\u00e4ksymiseen &#8230; <a title=\"Ev\u00e4steiden hallinta\" class=\"read-more\" href=\"https:\/\/pistonaddict.com\/fi\/evasteiden-hallinta\/\">Lue lis\u00e4\u00e4<span class=\"screen-reader-text\">Ev\u00e4steiden hallinta<\/span><\/a><\/p>\n","protected":false},"author":1,"featured_media":0,"parent":0,"menu_order":0,"comment_status":"closed","ping_status":"closed","template":"","meta":{"inline_featured_image":false,"footnotes":""},"acf":[],"yoast_head":"<!-- This site is optimized with the Yoast SEO plugin v22.5 - https:\/\/yoast.com\/wordpress\/plugins\/seo\/ -->\n<title>Ev\u00e4steiden hallinta - Piston Addict<\/title>\n<meta name=\"robots\" content=\"index, follow, max-snippet:-1, max-image-preview:large, max-video-preview:-1\" \/>\n<link rel=\"canonical\" href=\"https:\/\/pistonaddict.com\/fi\/evasteiden-hallinta\/\" \/>\n<meta property=\"og:locale\" content=\"fi_FI\" \/>\n<meta property=\"og:type\" content=\"article\" \/>\n<meta property=\"og:title\" content=\"Ev\u00e4steiden hallinta - Piston Addict\" \/>\n<meta property=\"og:description\" content=\"Lors de votre premier acc\u00e8s au site Internet : https:\/\/www.pistonaddict.com, un bandeau situ\u00e9 en bas de page vous informe que des donn\u00e9es relatives \u00e0 votre navigation vont \u00eatre enregistr\u00e9es sur des fichiers sp\u00e9cifiques appel\u00e9s &#8221; cookies &#8221; ou fichiers de connexion . Piston Addict esittelee ev\u00e4steiden hallinnointipolitiikkansa, jotta voisit paremmin tutustua niiden rooliin, niiden hyv\u00e4ksymiseen ... Lue lis\u00e4\u00e4Ev\u00e4steiden hallinta\" \/>\n<meta property=\"og:url\" content=\"https:\/\/pistonaddict.com\/fi\/evasteiden-hallinta\/\" \/>\n<meta property=\"og:site_name\" content=\"Piston Addict\" \/>\n<meta property=\"article:modified_time\" content=\"2022-10-28T08:21:18+00:00\" \/>\n<meta name=\"twitter:card\" content=\"summary_large_image\" \/>\n<meta name=\"twitter:label1\" content=\"Arvioitu lukuaika\" \/>\n\t<meta name=\"twitter:data1\" content=\"5 minutes\" \/>\n<script type=\"application\/ld+json\" class=\"yoast-schema-graph\">{\"@context\":\"https:\/\/schema.org\",\"@graph\":[{\"@type\":\"WebPage\",\"@id\":\"https:\/\/pistonaddict.com\/fi\/evasteiden-hallinta\/\",\"url\":\"https:\/\/pistonaddict.com\/fi\/evasteiden-hallinta\/\",\"name\":\"Ev\u00e4steiden hallinta - Piston Addict\",\"isPartOf\":{\"@id\":\"https:\/\/pistonaddict.com\/fi\/#website\"},\"datePublished\":\"2022-04-29T09:19:25+00:00\",\"dateModified\":\"2022-10-28T08:21:18+00:00\",\"breadcrumb\":{\"@id\":\"https:\/\/pistonaddict.com\/fi\/evasteiden-hallinta\/#breadcrumb\"},\"inLanguage\":\"fi\",\"potentialAction\":[{\"@type\":\"ReadAction\",\"target\":[\"https:\/\/pistonaddict.com\/fi\/evasteiden-hallinta\/\"]}]},{\"@type\":\"BreadcrumbList\",\"@id\":\"https:\/\/pistonaddict.com\/fi\/evasteiden-hallinta\/#breadcrumb\",\"itemListElement\":[{\"@type\":\"ListItem\",\"position\":1,\"name\":\"Kotisivu\",\"item\":\"https:\/\/pistonaddict.com\/fi\/kotisivu-2\/\"},{\"@type\":\"ListItem\",\"position\":2,\"name\":\"Ev\u00e4steiden hallinta\"}]},{\"@type\":\"WebSite\",\"@id\":\"https:\/\/pistonaddict.com\/fi\/#website\",\"url\":\"https:\/\/pistonaddict.com\/fi\/\",\"name\":\"Piston Addict\",\"description\":\"Only interesting vehicles\",\"publisher\":{\"@id\":\"https:\/\/pistonaddict.com\/fi\/#organization\"},\"potentialAction\":[{\"@type\":\"SearchAction\",\"target\":{\"@type\":\"EntryPoint\",\"urlTemplate\":\"https:\/\/pistonaddict.com\/fi\/?s={search_term_string}\"},\"query-input\":\"required name=search_term_string\"}],\"inLanguage\":\"fi\"},{\"@type\":\"Organization\",\"@id\":\"https:\/\/pistonaddict.com\/fi\/#organization\",\"name\":\"Piston Addict\",\"url\":\"https:\/\/pistonaddict.com\/fi\/\",\"logo\":{\"@type\":\"ImageObject\",\"inLanguage\":\"fi\",\"@id\":\"https:\/\/pistonaddict.com\/fi\/#\/schema\/logo\/image\/\",\"url\":\"https:\/\/pistonaddict.com\/wp-content\/uploads\/2022\/07\/logo-6.png\",\"contentUrl\":\"https:\/\/pistonaddict.com\/wp-content\/uploads\/2022\/07\/logo-6.png\",\"width\":970,\"height\":200,\"caption\":\"Piston Addict\"},\"image\":{\"@id\":\"https:\/\/pistonaddict.com\/fi\/#\/schema\/logo\/image\/\"}}]}<\/script>\n<!-- \/ Yoast SEO plugin. -->","yoast_head_json":{"title":"Ev\u00e4steiden hallinta - Piston Addict","robots":{"index":"index","follow":"follow","max-snippet":"max-snippet:-1","max-image-preview":"max-image-preview:large","max-video-preview":"max-video-preview:-1"},"canonical":"https:\/\/pistonaddict.com\/fi\/evasteiden-hallinta\/","og_locale":"fi_FI","og_type":"article","og_title":"Ev\u00e4steiden hallinta - Piston Addict","og_description":"Lors de votre premier acc\u00e8s au site Internet : https:\/\/www.pistonaddict.com, un bandeau situ\u00e9 en bas de page vous informe que des donn\u00e9es relatives \u00e0 votre navigation vont \u00eatre enregistr\u00e9es sur des fichiers sp\u00e9cifiques appel\u00e9s &#8221; cookies &#8221; ou fichiers de connexion . Piston Addict esittelee ev\u00e4steiden hallinnointipolitiikkansa, jotta voisit paremmin tutustua niiden rooliin, niiden hyv\u00e4ksymiseen ... Lue lis\u00e4\u00e4Ev\u00e4steiden hallinta","og_url":"https:\/\/pistonaddict.com\/fi\/evasteiden-hallinta\/","og_site_name":"Piston Addict","article_modified_time":"2022-10-28T08:21:18+00:00","twitter_card":"summary_large_image","twitter_misc":{"Arvioitu lukuaika":"5 minutes"},"schema":{"@context":"https:\/\/schema.org","@graph":[{"@type":"WebPage","@id":"https:\/\/pistonaddict.com\/fi\/evasteiden-hallinta\/","url":"https:\/\/pistonaddict.com\/fi\/evasteiden-hallinta\/","name":"Ev\u00e4steiden hallinta - Piston Addict","isPartOf":{"@id":"https:\/\/pistonaddict.com\/fi\/#website"},"datePublished":"2022-04-29T09:19:25+00:00","dateModified":"2022-10-28T08:21:18+00:00","breadcrumb":{"@id":"https:\/\/pistonaddict.com\/fi\/evasteiden-hallinta\/#breadcrumb"},"inLanguage":"fi","potentialAction":[{"@type":"ReadAction","target":["https:\/\/pistonaddict.com\/fi\/evasteiden-hallinta\/"]}]},{"@type":"BreadcrumbList","@id":"https:\/\/pistonaddict.com\/fi\/evasteiden-hallinta\/#breadcrumb","itemListElement":[{"@type":"ListItem","position":1,"name":"Kotisivu","item":"https:\/\/pistonaddict.com\/fi\/kotisivu-2\/"},{"@type":"ListItem","position":2,"name":"Ev\u00e4steiden hallinta"}]},{"@type":"WebSite","@id":"https:\/\/pistonaddict.com\/fi\/#website","url":"https:\/\/pistonaddict.com\/fi\/","name":"Piston Addict","description":"Only interesting vehicles","publisher":{"@id":"https:\/\/pistonaddict.com\/fi\/#organization"},"potentialAction":[{"@type":"SearchAction","target":{"@type":"EntryPoint","urlTemplate":"https:\/\/pistonaddict.com\/fi\/?s={search_term_string}"},"query-input":"required name=search_term_string"}],"inLanguage":"fi"},{"@type":"Organization","@id":"https:\/\/pistonaddict.com\/fi\/#organization","name":"Piston Addict","url":"https:\/\/pistonaddict.com\/fi\/","logo":{"@type":"ImageObject","inLanguage":"fi","@id":"https:\/\/pistonaddict.com\/fi\/#\/schema\/logo\/image\/","url":"https:\/\/pistonaddict.com\/wp-content\/uploads\/2022\/07\/logo-6.png","contentUrl":"https:\/\/pistonaddict.com\/wp-content\/uploads\/2022\/07\/logo-6.png","width":970,"height":200,"caption":"Piston Addict"},"image":{"@id":"https:\/\/pistonaddict.com\/fi\/#\/schema\/logo\/image\/"}}]}},"_links":{"self":[{"href":"https:\/\/pistonaddict.com\/fi\/wp-json\/wp\/v2\/pages\/2996"}],"collection":[{"href":"https:\/\/pistonaddict.com\/fi\/wp-json\/wp\/v2\/pages"}],"about":[{"href":"https:\/\/pistonaddict.com\/fi\/wp-json\/wp\/v2\/types\/page"}],"author":[{"embeddable":true,"href":"https:\/\/pistonaddict.com\/fi\/wp-json\/wp\/v2\/users\/1"}],"replies":[{"embeddable":true,"href":"https:\/\/pistonaddict.com\/fi\/wp-json\/wp\/v2\/comments?post=2996"}],"version-history":[{"count":4,"href":"https:\/\/pistonaddict.com\/fi\/wp-json\/wp\/v2\/pages\/2996\/revisions"}],"predecessor-version":[{"id":15954,"href":"https:\/\/pistonaddict.com\/fi\/wp-json\/wp\/v2\/pages\/2996\/revisions\/15954"}],"wp:attachment":[{"href":"https:\/\/pistonaddict.com\/fi\/wp-json\/wp\/v2\/media?parent=2996"}],"curies":[{"name":"wp","href":"https:\/\/api.w.org\/{rel}","templated":true}]}}