{"id":2906,"date":"2022-04-29T11:18:33","date_gmt":"2022-04-29T09:18:33","guid":{"rendered":"https:\/\/pistonaddict.com\/oikeudellinen-huomautus\/"},"modified":"2024-10-26T08:16:52","modified_gmt":"2024-10-26T06:16:52","slug":"oikeudellinen-huomautus","status":"publish","type":"page","link":"https:\/\/pistonaddict.com\/fi\/oikeudellinen-huomautus\/","title":{"rendered":"Oikeudellinen huomautus"},"content":{"rendered":"\t\t<div data-elementor-type=\"wp-page\" data-elementor-id=\"2906\" class=\"elementor elementor-2906 elementor-2848\">\n\t\t\t\t\t\t<section class=\"elementor-section elementor-top-section elementor-element elementor-element-4eb0e23 elementor-section-boxed elementor-section-height-default elementor-section-height-default\" data-id=\"4eb0e23\" data-element_type=\"section\">\n\t\t\t\t\t\t<div class=\"elementor-container elementor-column-gap-default\">\n\t\t\t\t\t<div class=\"elementor-column elementor-col-100 elementor-top-column elementor-element elementor-element-229cbe5\" data-id=\"229cbe5\" data-element_type=\"column\">\n\t\t\t<div class=\"elementor-widget-wrap elementor-element-populated\">\n\t\t\t\t\t\t<div class=\"elementor-element elementor-element-2af4966 elementor-widget elementor-widget-text-editor\" data-id=\"2af4966\" data-element_type=\"widget\" data-widget_type=\"text-editor.default\">\n\t\t\t\t<div class=\"elementor-widget-container\">\n\t\t\t<style>\/*! elementor - v3.21.0 - 18-04-2024 *\/\n.elementor-widget-text-editor.elementor-drop-cap-view-stacked .elementor-drop-cap{background-color:#69727d;color:#fff}.elementor-widget-text-editor.elementor-drop-cap-view-framed .elementor-drop-cap{color:#69727d;border:3px solid;background-color:transparent}.elementor-widget-text-editor:not(.elementor-drop-cap-view-default) .elementor-drop-cap{margin-top:8px}.elementor-widget-text-editor:not(.elementor-drop-cap-view-default) .elementor-drop-cap-letter{width:1em;height:1em}.elementor-widget-text-editor .elementor-drop-cap{float:left;text-align:center;line-height:1;font-size:50px}.elementor-widget-text-editor .elementor-drop-cap-letter{display:inline-block}<\/style>\t\t\t\t<h2><strong>VERKKOSIVUSTON ESITTELY<\/strong><\/h2>\n<p>Digitaalitalouden luottamuksesta 21. kes\u00e4kuuta 2004 annetun lain nro 2004-575 6 pyk\u00e4l\u00e4n ja <strong>yleisen<\/strong> <strong>tietosuoja-asetuksen<\/strong> [asetus (EU) 2016\/679] mukaisesti sivuston k\u00e4ytt\u00e4jille ilmoitetaan: https:\/\/www.pistonaddict.com, eri sidosryhmien henkil\u00f6llisyys sen toteuttamisen ja seurannan yhteydess\u00e4.<\/p>\n<ul>\n<li><strong>Omistaja:<\/strong> <strong>Piston Addict SA<\/strong><\/li>\n<li>SA, jonka osakep\u00e4\u00e4oma on 400 000 CHF<\/li>\n<li>IDE-numero: CHE-354.351.695<\/li>\n<li>ALV-numero: CHE-354.351.695TVA ja EU528667635 (muu kuin EU:n OSS-numero).<\/li>\n<li>Toimisto : Rue Alexandre Gavard 16, 1227 Carouge,&nbsp; Sveitsi.<\/li>\n<li>Puhelin: 00 41 22 342 03 55<\/li>\n<\/ul>\n<ul>\n<li><strong>Luoja\/Webmaster: KUBIWEB<\/strong><\/li>\n<li>SAS, jonka osakep\u00e4\u00e4oma on 21 320 \u20ac<\/li>\n<li>SIRET-numero: 53018964600025<\/li>\n<li>P\u00e4\u00e4maja: 46-48 Chemin de la Bruy\u00e8re &#8211; 69570 DARDILLY<\/li>\n<\/ul>\n<ul>\n<li><strong>Is\u00e4nt\u00e4: HOSTINGER<\/strong><\/li>\n<li>P\u00e4\u00e4maja: 61 Lordou Vironos Street, 6023 Larnaka, Kypros.<\/li>\n<li>Yhteystiedot: <a href=\"https:\/\/www.hostinger.fr\/contact\" target=\"_blank\" rel=\"noopener\">https:\/\/www.hostinger.fr\/contact<\/a><\/li>\n<\/ul>\n\n<ul>\n<li>S\u00e4hk\u00f6posti : <a href=\"https:\/\/pistonaddict.com\/fi\/ota-meihin-yhteytta\/\">Yhteydenottolomake<\/a><\/li>\n<\/ul>\n<p>Piston Addictin toiminta on maailmanlaajuista ja keskittyy p\u00e4\u00e4asiassa Eurooppaan, lukuun ottamatta Iso-Britanniaa ja Irlantia.&nbsp;<\/p>\n<p><\/p>\n<h2><strong>SIVUSTON JA TARJOTTUJEN PALVELUJEN YLEISET K\u00c4YTT\u00d6EHDOT<\/strong><\/h2>\n<p>Sivuston https:\/\/www.pistonaddict.com k\u00e4ytt\u00f6 edellytt\u00e4\u00e4 j\u00e4ljemp\u00e4n\u00e4 kuvattujen yleisten k\u00e4ytt\u00f6ehtojen t\u00e4ydellist\u00e4 hyv\u00e4ksymist\u00e4. N\u00e4it\u00e4 k\u00e4ytt\u00f6ehtoja voidaan muuttaa tai t\u00e4ydent\u00e4\u00e4 milloin tahansa, joten https:\/\/www.pistonaddict.com -sivuston k\u00e4ytt\u00e4ji\u00e4 pyydet\u00e4\u00e4n tutustumaan niihin s\u00e4\u00e4nn\u00f6llisesti.<\/p>\n<p>T\u00e4m\u00e4 sivusto on normaalisti k\u00e4ytt\u00e4jien k\u00e4ytett\u00e4viss\u00e4 milloin tahansa. <strong>Piston Addict<\/strong> voi kuitenkin p\u00e4\u00e4tt\u00e4\u00e4 teknisest\u00e4 huollosta johtuvasta keskeytyksest\u00e4 ja pyrkii ilmoittamaan k\u00e4ytt\u00e4jille ennen keskeytyst\u00e4 p\u00e4iv\u00e4m\u00e4\u00e4r\u00e4t ja kellonajat.<\/p>\n<p><strong>Piston Addict<\/strong> p\u00e4ivitt\u00e4\u00e4 s\u00e4\u00e4nn\u00f6llisesti sivustoa https:\/\/www.pistonaddict.com. Samoin oikeudellisia ilmoituksia voidaan muuttaa milloin tahansa: ne kuitenkin velvoittavat k\u00e4ytt\u00e4j\u00e4\u00e4, jota kehotetaan tutustumaan niihin mahdollisimman usein, jotta h\u00e4n voi tutustua niihin.<\/p>\n<h2>&nbsp;<\/h2>\n<h2><strong>TARJOTTUJEN PALVELUJEN KUVAUS<\/strong><\/h2>\n<p>https:\/\/www.pistonaddict.com -sivuston tarkoituksena on tarjota tietoa kaikesta yrityksen toiminnasta. <strong>Piston Addict<\/strong> pyrkii tarjoamaan https:\/\/www.pistonaddict.com -sivustolla mahdollisimman tarkkaa tietoa.<\/p>\n<p>Se ei kuitenkaan ole vastuussa p\u00e4ivityksess\u00e4 olevista puutteista, ep\u00e4tarkkuuksista ja puutteista, jotka johtuvat sen itsens\u00e4 tai sen tiedot toimittaneiden kolmansien osapuolien tekemist\u00e4 p\u00e4ivityksist\u00e4.<\/p>\n<p>Kaikki sivustolla https:\/\/www.pistonaddict.com ilmoitetut tiedot ovat suuntaa-antavia, ja ne todenn\u00e4k\u00f6isesti kehittyv\u00e4t. Sivustolla https:\/\/www.pistonaddict.com olevat tiedot eiv\u00e4t my\u00f6sk\u00e4\u00e4n ole tyhjent\u00e4vi\u00e4. Ne annetaan sill\u00e4 varauksella, ett\u00e4 niihin on tehty muutoksia sen j\u00e4lkeen, kun ne asetettiin verkkoon.<\/p>\n<h2>&nbsp;<\/h2>\n<h2><strong>TEKNISI\u00c4 TIETOJA KOSKEVAT SOPIMUSRAJOITUKSET<\/strong><\/h2>\n<p>Sivusto k\u00e4ytt\u00e4\u00e4 JavaScript-tekniikkaa.<\/p>\n<p>Sivusto ei ole vastuussa sivuston k\u00e4ytt\u00f6\u00f6n liittyvist\u00e4 aineellisista vahingoista. Lis\u00e4ksi sivuston k\u00e4ytt\u00e4j\u00e4 sitoutuu k\u00e4ytt\u00e4m\u00e4\u00e4n sivustoa uusilla laitteilla, jotka eiv\u00e4t sis\u00e4ll\u00e4 viruksia ja joissa on p\u00e4ivitetty uusimman sukupolven selain.<\/p>\n<h2>&nbsp;<\/h2>\n<h2><strong>TEOLLIS- JA TEKIJ\u00c4NOIKEUDET JA LOUKKAUKSET<\/strong><\/h2>\n<p><strong>Piston Addict<\/strong> omistaa immateriaalioikeudet tai omistaa k\u00e4ytt\u00f6oikeudet kaikkiin sivustolla saatavilla oleviin elementteihin, erityisesti teksteihin, kuviin, grafiikkaan, logoihin, kuvakkeisiin, \u00e4\u00e4niin ja ohjelmistoihin.<\/p>\n<p>Sivuston kaikkien tai joidenkin osien j\u00e4ljent\u00e4minen, esitt\u00e4minen, muuttaminen, julkaiseminen, mukauttaminen, riippumatta k\u00e4ytetyist\u00e4 keinoista tai menetelmist\u00e4, on kielletty ilman <strong>Piston Addictin<\/strong> etuk\u00e4teen antamaa kirjallista lupaa.<\/p>\n<p>Sivuston tai sen sis\u00e4lt\u00e4mien elementtien luvaton k\u00e4ytt\u00f6 katsotaan loukkaukseksi ja siit\u00e4 nostetaan syyte immateriaalioikeuslain L.335-2 ja sit\u00e4 seuraavien artiklojen s\u00e4\u00e4nn\u00f6sten mukaisesti.<\/p>\n<h2>&nbsp;<\/h2>\n<h2><strong>VASTUUNRAJOITUKSET<\/strong><\/h2>\n<p><strong>Piston Addict<\/strong> ei ole vastuussa k\u00e4ytt\u00e4j\u00e4n laitteille aiheutuneista suorista tai ep\u00e4suorista vahingoista, jotka aiheutuvat https:\/\/www.pistonaddict.com sivustoa k\u00e4ytett\u00e4ess\u00e4 ja jotka johtuvat joko sellaisten laitteiden k\u00e4yt\u00f6st\u00e4, jotka eiv\u00e4t t\u00e4yt\u00e4 kohdassa 4 mainittuja vaatimuksia, tai vian esiintymisest\u00e4 tai yhteensopimattomuudesta.<\/p>\n<p><strong>Piston Addict<\/strong> ei my\u00f6sk\u00e4\u00e4n ole vastuussa v\u00e4lillisist\u00e4 vahingoista (kuten markkinoiden tai mahdollisuuksien menetyksest\u00e4), jotka johtuvat sivuston https:\/\/www.pistonaddict.com k\u00e4yt\u00f6st\u00e4. Vuorovaikutteiset tilat (mahdollisuus esitt\u00e4\u00e4 kysymyksi\u00e4 yhteystietotilassa) ovat k\u00e4ytt\u00e4jien k\u00e4ytett\u00e4viss\u00e4.<\/p>\n<p><strong>Piston Addict<\/strong> pid\u00e4tt\u00e4\u00e4 oikeuden poistaa ilman ennakkoilmoitusta kaikki t\u00e4ss\u00e4 tilassa julkaistut sis\u00e4ll\u00f6t, jotka rikkovat Ranskassa sovellettavaa lains\u00e4\u00e4d\u00e4nt\u00f6\u00e4, erityisesti tietosuojaa koskevia s\u00e4\u00e4nn\u00f6ksi\u00e4.<\/p>\n<p><strong>Piston Addict<\/strong> pid\u00e4tt\u00e4\u00e4 my\u00f6s oikeuden kyseenalaistaa k\u00e4ytt\u00e4j\u00e4n siviili- ja\/tai rikosoikeudellisen vastuun, erityisesti jos kyseess\u00e4 on rasistinen, loukkaava, herjaava tai pornografinen viesti, riippumatta k\u00e4ytetyst\u00e4 v\u00e4lineest\u00e4 (teksti, valokuva jne.).<\/p>\n<h2>&nbsp;<\/h2>\n<h2><strong>HENKIL\u00d6TIETOJEN HALLINTA<\/strong><\/h2>\n<p>Ranskassa henkil\u00f6tietoja suojataan erityisesti 6. tammikuuta 1978 annetulla lailla nro 78-87, 6. elokuuta 2004 annetulla lailla nro 2004-801, rikoslain L. 226-13 pyk\u00e4l\u00e4ll\u00e4 ja 24. lokakuuta 1995 annetulla eurooppalaisella direktiivill\u00e4 sek\u00e4 27. huhtikuuta 2016 annetulla Euroopan parlamentin ja neuvoston asetuksella (EU) 2016\/679.<\/p>\n<p>K\u00e4ytt\u00e4ess\u00e4\u00e4n https:\/\/www.pistonaddict.com-sivustoa voidaan ker\u00e4t\u00e4 seuraavat tiedot: niiden linkkien URL-osoite, joiden kautta k\u00e4ytt\u00e4j\u00e4 on siirtynyt https:\/\/www.pistonaddict.com-sivustolle, k\u00e4ytt\u00e4j\u00e4n Internet-palveluntarjoaja, k\u00e4ytt\u00e4j\u00e4n IP-osoite (Internet Protocol).<\/p>\n<p>Joka tapauksessa <strong>Piston Addict<\/strong> ker\u00e4\u00e4 k\u00e4ytt\u00e4j\u00e4\u00e4n liittyvi\u00e4 henkil\u00f6tietoja vain tiettyjen sivuston https:\/\/www.pistonaddict.com tarjoamien palveluiden tarpeisiin.<\/p>\n<p>K\u00e4ytt\u00e4j\u00e4 antaa n\u00e4m\u00e4 tiedot t\u00e4ysin tietoisena tosiasioista, erityisesti silloin, kun h\u00e4n sy\u00f6tt\u00e4\u00e4 ne itse. Sivuston https:\/\/www.pistonaddict.com k\u00e4ytt\u00e4j\u00e4lle ilmoitetaan, onko h\u00e4n velvollinen antamaan n\u00e4m\u00e4 tiedot vai ei. Tietojenk\u00e4sittelyst\u00e4, tiedostoista ja vapauksista 6. tammikuuta 1978 annetun lain 78-17 38 ja sit\u00e4 seuraavien pyk\u00e4lien s\u00e4\u00e4nn\u00f6sten sek\u00e4 tietosuojaa koskevien yleisten s\u00e4\u00e4nn\u00f6sten 3 luvun s\u00e4\u00e4nn\u00f6sten mukaisesti kaikilla k\u00e4ytt\u00e4jill\u00e4 on oikeus tutustua itse\u00e4\u00e4n koskeviin henkil\u00f6tietoihin, oikaista niit\u00e4 ja vastustaa niiden k\u00e4ytt\u00f6\u00e4 esitt\u00e4m\u00e4ll\u00e4 kirjallinen ja allekirjoitettu pyynt\u00f6, johon on liitetty j\u00e4ljenn\u00f6s henkil\u00f6llisyystodistuksesta, johon on liitetty asiakirjan haltijan allekirjoitus ja jossa on mainittu osoite, johon vastaus on l\u00e4hetett\u00e4v\u00e4.<\/p>\n<p>Sivuston https:\/\/www.pistonaddict.com k\u00e4ytt\u00e4j\u00e4n henkil\u00f6tietoja ei julkaista k\u00e4ytt\u00e4j\u00e4n tiet\u00e4m\u00e4tt\u00e4, vaihdeta, siirret\u00e4, luovuteta tai myyd\u00e4 kolmansille osapuolille mill\u00e4\u00e4n tavalla.<\/p>\n<p>Ainoastaan <strong>Piston Addictin<\/strong> ja sen oikeuksien lunastaminen mahdollistaisi n\u00e4iden tietojen siirt\u00e4misen mahdolliselle ostajalle, jota puolestaan sitoo sama velvollisuus tallentaa ja muuttaa sivuston k\u00e4ytt\u00e4j\u00e4\u00e4 koskevia tietoja. https:\/\/www.pistonaddict.com.<\/p>\n<p>Sivustoa ei ole ilmoitettu CNIL:lle, koska se ei ker\u00e4\u00e4 henkil\u00f6tietoja ilman asianomaisten henkil\u00f6iden suostumusta. Tietokantoja suojataan 1. hein\u00e4kuuta 1998 annetulla lailla, jolla saatetaan osaksi kansallista lains\u00e4\u00e4d\u00e4nt\u00f6\u00e4 tietokantojen oikeudellisesta suojasta 11. maaliskuuta 1996 annettu direktiivi 96\/9\/EY.<\/p>\n<p><span lang=\"en\">Jos haluat k\u00e4ytt\u00e4\u00e4 henkil\u00f6tietojasi koskevia oikeuksiasi tai sinulla on niit\u00e4 koskevia kysymyksi\u00e4, voit ottaa yhteytt\u00e4 tietosuojavastaavaamme seuraavaan osoitteeseen: dpo@pistonaddict.com.<\/span><\/p>\n<h2>&nbsp;<\/h2>\n<h2><strong>HYPERTEKSTILINKIT JA EV\u00c4STEET<\/strong><\/h2>\n<p>Sivusto https:\/\/www.pistonaddict.com sis\u00e4lt\u00e4\u00e4 tietyn m\u00e4\u00e4r\u00e4n hyperlinkkej\u00e4 muille sivustoille, jotka on perustettu <strong>Piston Addictin<\/strong> luvalla. <strong>Piston Addictilla<\/strong> ei kuitenkaan ole mahdollisuutta tarkistaa n\u00e4in vierailtujen sivustojen sis\u00e4lt\u00f6\u00e4, eik\u00e4 se n\u00e4in ollen ota vastuuta t\u00e4st\u00e4.<\/p>\n<p>Verkkosivuston https:\/\/www.pistonaddict.com selaaminen aiheuttaa todenn\u00e4k\u00f6isesti ev\u00e4steiden asentamisen k\u00e4ytt\u00e4j\u00e4n tietokoneelle. Ev\u00e4ste on pieni tiedosto, jonka avulla k\u00e4ytt\u00e4j\u00e4\u00e4 ei voida tunnistaa, mutta joka tallentaa tietoja, jotka liittyv\u00e4t tietokoneen navigointiin sivustolla.<\/p>\n<p>N\u00e4in saadut tiedot on tarkoitettu helpottamaan my\u00f6hemp\u00e4\u00e4 navigointia sivustolla, ja niiden avulla voidaan my\u00f6s mitata erilaisia k\u00e4vij\u00e4m\u00e4\u00e4ri\u00e4.<\/p>\n<p>Ev\u00e4steen asentamisesta kielt\u00e4ytyminen voi est\u00e4\u00e4 tiettyjen palvelujen k\u00e4yt\u00f6n. K\u00e4ytt\u00e4j\u00e4 voi kuitenkin m\u00e4\u00e4ritt\u00e4\u00e4 tietokoneensa seuraavasti ev\u00e4steiden asennuksen est\u00e4miseksi:<\/p>\n<ul>\n<li>Internet Explorerissa: ty\u00f6kaluv\u00e4lilehti (hammasrattaan muotoinen kuvake oikeassa yl\u00e4kulmassa) \/ Internet-asetukset. Napsauta Tietosuoja ja valitse Est\u00e4 kaikki ev\u00e4steet. Validoi Ok.<\/li>\n<li>Firefoxissa: Napsauta selainikkunan yl\u00e4reunassa Firefox-painiketta ja siirry sitten Asetukset-v\u00e4lilehdelle. Napsauta Yksityisyys-v\u00e4lilehte\u00e4. Aseta S\u00e4ilytyss\u00e4\u00e4nn\u00f6iksi: K\u00e4yt\u00e4 mukautettuja asetuksia historiaa varten. Poista lopuksi valintaruutu ev\u00e4steiden poistamiseksi k\u00e4yt\u00f6st\u00e4.<\/li>\n<li>Safarin alla: Napsauta selaimen oikeassa yl\u00e4kulmassa olevaa valikkokuvaketta (jota symboloi hammasratas). Valitse Asetukset. Valitse N\u00e4yt\u00e4 lis\u00e4asetukset. Napsauta kohdassa &#8220;Tietosuoja&#8221; kohtaa Sis\u00e4lt\u00f6asetukset. &#8220;Ev\u00e4steet&#8221;-osiossa voit est\u00e4\u00e4 ev\u00e4steet.<\/li>\n<li>Kromissa: Napsauta selaimen oikeassa yl\u00e4kulmassa olevaa valikkokuvaketta (jota symboloivat kolme vaakasuoraa viivaa). Valitse Asetukset. Valitse N\u00e4yt\u00e4 lis\u00e4asetukset. Napsauta kohdassa &#8220;Tietosuoja&#8221; kohtaa Asetukset. Voit est\u00e4\u00e4 ev\u00e4steet &#8220;Tietosuoja&#8221;-v\u00e4lilehdell\u00e4.<\/li>\n<\/ul>\n<h2>&nbsp;<\/h2>\n<h2><strong>SOVELLETTAVA LAKI JA TOIMIVALLAN JAKO<\/strong><\/h2>\n<p>Sivuston https:\/\/www.pistonaddict.com k\u00e4ytt\u00f6\u00f6n liittyviin riitoihin sovelletaan Sveitsin lakia. Yksinomainen toimivalta on Geneven toimivaltaisilla tuomioistuimilla.<\/p>\n<h2>&nbsp;<\/h2>\n<h2><strong>T\u00c4RKEIMM\u00c4T LAIT, JOITA ASIA KOSKEE<\/strong><\/h2>\n<p>Tammikuun 6. p\u00e4iv\u00e4n\u00e4 1978 annettu laki nro 78-87, jota on muutettu erityisesti tietojenk\u00e4sittelyst\u00e4, tiedostoista ja vapauksista 6. elokuuta 2004 annetulla lailla nro 2004-801. Laki 2004-575, annettu 21. kes\u00e4kuuta 2004, luottamuksesta digitaalitalouteen. Yleisen tietosuoja-asetuksen 3 luvun 2, 3, 4 ja 5 jakso.<\/p>\n<h2>&nbsp;<\/h2>\n<h2><strong>LEXICON<\/strong><\/h2>\n<p>K\u00e4ytt\u00e4j\u00e4: Internet-k\u00e4ytt\u00e4j\u00e4, joka k\u00e4ytt\u00e4\u00e4 edell\u00e4 mainittua sivustoa.<\/p>\n<p>Henkil\u00f6kohtaiset tiedot: &#8220;tiedot, jotka miss\u00e4 tahansa muodossa, suoraan tai v\u00e4lillisesti, mahdollistavat niiden luonnollisten henkil\u00f6iden tunnistamisen, joita ne koskevat&#8221; (6. tammikuuta 1978 annetun lain nro 78-17 4 artikla).<\/p>\n<h2>&nbsp;<\/h2>\n<h2>COPYRIGHT<\/h2>\n<p><a title=\"keskeiset kuvakkeet\" href=\"https:\/\/www.flaticon.com\/free-icons\/key\">Good Waren luomat t\u00e4rkeimm\u00e4t kuvakkeet &#8211; Flaticon<br><\/a><\/p>\n<p><strong>Piston Addict<\/strong> on rekister\u00f6ity tavaramerkki, kaikki oikeudet pid\u00e4tet\u00e4\u00e4n.<\/p>\t\t\t\t\t\t<\/div>\n\t\t\t\t<\/div>\n\t\t\t\t\t<\/div>\n\t\t<\/div>\n\t\t\t\t\t<\/div>\n\t\t<\/section>\n\t\t\t\t<\/div>\n\t\t","protected":false},"excerpt":{"rendered":"<p>VERKKOSIVUSTON ESITTELY Digitaalitalouden luottamuksesta 21. kes\u00e4kuuta 2004 annetun lain nro 2004-575 6 pyk\u00e4l\u00e4n ja yleisen tietosuoja-asetuksen [asetus (EU) 2016\/679] mukaisesti sivuston k\u00e4ytt\u00e4jille ilmoitetaan: https:\/\/www.pistonaddict.com, eri sidosryhmien henkil\u00f6llisyys sen toteuttamisen ja seurannan yhteydess\u00e4. Omistaja: Piston Addict SA SA, jonka osakep\u00e4\u00e4oma on 400 000 CHF IDE-numero: CHE-354.351.695 ALV-numero: CHE-354.351.695TVA ja EU528667635 (muu kuin EU:n OSS-numero). Toimisto : &#8230; <a title=\"Oikeudellinen huomautus\" class=\"read-more\" href=\"https:\/\/pistonaddict.com\/fi\/oikeudellinen-huomautus\/\">Lue lis\u00e4\u00e4<span class=\"screen-reader-text\">Oikeudellinen huomautus<\/span><\/a><\/p>\n","protected":false},"author":1,"featured_media":0,"parent":0,"menu_order":0,"comment_status":"closed","ping_status":"closed","template":"","meta":{"inline_featured_image":false,"footnotes":""},"acf":[],"yoast_head":"<!-- This site is optimized with the Yoast SEO plugin v22.5 - https:\/\/yoast.com\/wordpress\/plugins\/seo\/ -->\n<title>Oikeudellinen huomautus - Piston Addict<\/title>\n<meta name=\"robots\" content=\"index, follow, max-snippet:-1, max-image-preview:large, max-video-preview:-1\" \/>\n<link rel=\"canonical\" href=\"https:\/\/pistonaddict.com\/fi\/oikeudellinen-huomautus\/\" \/>\n<meta property=\"og:locale\" content=\"fi_FI\" \/>\n<meta property=\"og:type\" content=\"article\" \/>\n<meta property=\"og:title\" content=\"Oikeudellinen huomautus - Piston Addict\" \/>\n<meta property=\"og:description\" content=\"VERKKOSIVUSTON ESITTELY Digitaalitalouden luottamuksesta 21. kes\u00e4kuuta 2004 annetun lain nro 2004-575 6 pyk\u00e4l\u00e4n ja yleisen tietosuoja-asetuksen [asetus (EU) 2016\/679] mukaisesti sivuston k\u00e4ytt\u00e4jille ilmoitetaan: https:\/\/www.pistonaddict.com, eri sidosryhmien henkil\u00f6llisyys sen toteuttamisen ja seurannan yhteydess\u00e4. Omistaja: Piston Addict SA SA, jonka osakep\u00e4\u00e4oma on 400 000 CHF IDE-numero: CHE-354.351.695 ALV-numero: CHE-354.351.695TVA ja EU528667635 (muu kuin EU:n OSS-numero). Toimisto : ... Lue lis\u00e4\u00e4Oikeudellinen huomautus\" \/>\n<meta property=\"og:url\" content=\"https:\/\/pistonaddict.com\/fi\/oikeudellinen-huomautus\/\" \/>\n<meta property=\"og:site_name\" content=\"Piston Addict\" \/>\n<meta property=\"article:modified_time\" content=\"2024-10-26T06:16:52+00:00\" \/>\n<meta name=\"twitter:card\" content=\"summary_large_image\" \/>\n<meta name=\"twitter:label1\" content=\"Arvioitu lukuaika\" \/>\n\t<meta name=\"twitter:data1\" content=\"7 minutes\" \/>\n<script type=\"application\/ld+json\" class=\"yoast-schema-graph\">{\"@context\":\"https:\/\/schema.org\",\"@graph\":[{\"@type\":\"WebPage\",\"@id\":\"https:\/\/pistonaddict.com\/fi\/oikeudellinen-huomautus\/\",\"url\":\"https:\/\/pistonaddict.com\/fi\/oikeudellinen-huomautus\/\",\"name\":\"Oikeudellinen huomautus - Piston Addict\",\"isPartOf\":{\"@id\":\"https:\/\/pistonaddict.com\/fi\/#website\"},\"datePublished\":\"2022-04-29T09:18:33+00:00\",\"dateModified\":\"2024-10-26T06:16:52+00:00\",\"breadcrumb\":{\"@id\":\"https:\/\/pistonaddict.com\/fi\/oikeudellinen-huomautus\/#breadcrumb\"},\"inLanguage\":\"fi\",\"potentialAction\":[{\"@type\":\"ReadAction\",\"target\":[\"https:\/\/pistonaddict.com\/fi\/oikeudellinen-huomautus\/\"]}]},{\"@type\":\"BreadcrumbList\",\"@id\":\"https:\/\/pistonaddict.com\/fi\/oikeudellinen-huomautus\/#breadcrumb\",\"itemListElement\":[{\"@type\":\"ListItem\",\"position\":1,\"name\":\"Kotisivu\",\"item\":\"https:\/\/pistonaddict.com\/fi\/kotisivu-2\/\"},{\"@type\":\"ListItem\",\"position\":2,\"name\":\"Oikeudellinen huomautus\"}]},{\"@type\":\"WebSite\",\"@id\":\"https:\/\/pistonaddict.com\/fi\/#website\",\"url\":\"https:\/\/pistonaddict.com\/fi\/\",\"name\":\"Piston Addict\",\"description\":\"Only interesting vehicles\",\"publisher\":{\"@id\":\"https:\/\/pistonaddict.com\/fi\/#organization\"},\"potentialAction\":[{\"@type\":\"SearchAction\",\"target\":{\"@type\":\"EntryPoint\",\"urlTemplate\":\"https:\/\/pistonaddict.com\/fi\/?s={search_term_string}\"},\"query-input\":\"required name=search_term_string\"}],\"inLanguage\":\"fi\"},{\"@type\":\"Organization\",\"@id\":\"https:\/\/pistonaddict.com\/fi\/#organization\",\"name\":\"Piston Addict\",\"url\":\"https:\/\/pistonaddict.com\/fi\/\",\"logo\":{\"@type\":\"ImageObject\",\"inLanguage\":\"fi\",\"@id\":\"https:\/\/pistonaddict.com\/fi\/#\/schema\/logo\/image\/\",\"url\":\"https:\/\/pistonaddict.com\/wp-content\/uploads\/2022\/07\/logo-6.png\",\"contentUrl\":\"https:\/\/pistonaddict.com\/wp-content\/uploads\/2022\/07\/logo-6.png\",\"width\":970,\"height\":200,\"caption\":\"Piston Addict\"},\"image\":{\"@id\":\"https:\/\/pistonaddict.com\/fi\/#\/schema\/logo\/image\/\"}}]}<\/script>\n<!-- \/ Yoast SEO plugin. -->","yoast_head_json":{"title":"Oikeudellinen huomautus - Piston Addict","robots":{"index":"index","follow":"follow","max-snippet":"max-snippet:-1","max-image-preview":"max-image-preview:large","max-video-preview":"max-video-preview:-1"},"canonical":"https:\/\/pistonaddict.com\/fi\/oikeudellinen-huomautus\/","og_locale":"fi_FI","og_type":"article","og_title":"Oikeudellinen huomautus - Piston Addict","og_description":"VERKKOSIVUSTON ESITTELY Digitaalitalouden luottamuksesta 21. kes\u00e4kuuta 2004 annetun lain nro 2004-575 6 pyk\u00e4l\u00e4n ja yleisen tietosuoja-asetuksen [asetus (EU) 2016\/679] mukaisesti sivuston k\u00e4ytt\u00e4jille ilmoitetaan: https:\/\/www.pistonaddict.com, eri sidosryhmien henkil\u00f6llisyys sen toteuttamisen ja seurannan yhteydess\u00e4. Omistaja: Piston Addict SA SA, jonka osakep\u00e4\u00e4oma on 400 000 CHF IDE-numero: CHE-354.351.695 ALV-numero: CHE-354.351.695TVA ja EU528667635 (muu kuin EU:n OSS-numero). Toimisto : ... Lue lis\u00e4\u00e4Oikeudellinen huomautus","og_url":"https:\/\/pistonaddict.com\/fi\/oikeudellinen-huomautus\/","og_site_name":"Piston Addict","article_modified_time":"2024-10-26T06:16:52+00:00","twitter_card":"summary_large_image","twitter_misc":{"Arvioitu lukuaika":"7 minutes"},"schema":{"@context":"https:\/\/schema.org","@graph":[{"@type":"WebPage","@id":"https:\/\/pistonaddict.com\/fi\/oikeudellinen-huomautus\/","url":"https:\/\/pistonaddict.com\/fi\/oikeudellinen-huomautus\/","name":"Oikeudellinen huomautus - Piston Addict","isPartOf":{"@id":"https:\/\/pistonaddict.com\/fi\/#website"},"datePublished":"2022-04-29T09:18:33+00:00","dateModified":"2024-10-26T06:16:52+00:00","breadcrumb":{"@id":"https:\/\/pistonaddict.com\/fi\/oikeudellinen-huomautus\/#breadcrumb"},"inLanguage":"fi","potentialAction":[{"@type":"ReadAction","target":["https:\/\/pistonaddict.com\/fi\/oikeudellinen-huomautus\/"]}]},{"@type":"BreadcrumbList","@id":"https:\/\/pistonaddict.com\/fi\/oikeudellinen-huomautus\/#breadcrumb","itemListElement":[{"@type":"ListItem","position":1,"name":"Kotisivu","item":"https:\/\/pistonaddict.com\/fi\/kotisivu-2\/"},{"@type":"ListItem","position":2,"name":"Oikeudellinen huomautus"}]},{"@type":"WebSite","@id":"https:\/\/pistonaddict.com\/fi\/#website","url":"https:\/\/pistonaddict.com\/fi\/","name":"Piston Addict","description":"Only interesting vehicles","publisher":{"@id":"https:\/\/pistonaddict.com\/fi\/#organization"},"potentialAction":[{"@type":"SearchAction","target":{"@type":"EntryPoint","urlTemplate":"https:\/\/pistonaddict.com\/fi\/?s={search_term_string}"},"query-input":"required name=search_term_string"}],"inLanguage":"fi"},{"@type":"Organization","@id":"https:\/\/pistonaddict.com\/fi\/#organization","name":"Piston Addict","url":"https:\/\/pistonaddict.com\/fi\/","logo":{"@type":"ImageObject","inLanguage":"fi","@id":"https:\/\/pistonaddict.com\/fi\/#\/schema\/logo\/image\/","url":"https:\/\/pistonaddict.com\/wp-content\/uploads\/2022\/07\/logo-6.png","contentUrl":"https:\/\/pistonaddict.com\/wp-content\/uploads\/2022\/07\/logo-6.png","width":970,"height":200,"caption":"Piston Addict"},"image":{"@id":"https:\/\/pistonaddict.com\/fi\/#\/schema\/logo\/image\/"}}]}},"_links":{"self":[{"href":"https:\/\/pistonaddict.com\/fi\/wp-json\/wp\/v2\/pages\/2906"}],"collection":[{"href":"https:\/\/pistonaddict.com\/fi\/wp-json\/wp\/v2\/pages"}],"about":[{"href":"https:\/\/pistonaddict.com\/fi\/wp-json\/wp\/v2\/types\/page"}],"author":[{"embeddable":true,"href":"https:\/\/pistonaddict.com\/fi\/wp-json\/wp\/v2\/users\/1"}],"replies":[{"embeddable":true,"href":"https:\/\/pistonaddict.com\/fi\/wp-json\/wp\/v2\/comments?post=2906"}],"version-history":[{"count":15,"href":"https:\/\/pistonaddict.com\/fi\/wp-json\/wp\/v2\/pages\/2906\/revisions"}],"predecessor-version":[{"id":111593,"href":"https:\/\/pistonaddict.com\/fi\/wp-json\/wp\/v2\/pages\/2906\/revisions\/111593"}],"wp:attachment":[{"href":"https:\/\/pistonaddict.com\/fi\/wp-json\/wp\/v2\/media?parent=2906"}],"curies":[{"name":"wp","href":"https:\/\/api.w.org\/{rel}","templated":true}]}}