{"id":2856,"date":"2022-04-29T11:18:49","date_gmt":"2022-04-29T09:18:49","guid":{"rendered":"https:\/\/pistonaddict.com\/lahettaa\/"},"modified":"2022-05-04T18:00:05","modified_gmt":"2022-05-04T16:00:05","slug":"lahettaa","status":"publish","type":"page","link":"https:\/\/pistonaddict.com\/fi\/lahettaa\/","title":{"rendered":"L\u00e4hett\u00e4\u00e4"},"content":{"rendered":"\t\t<div data-elementor-type=\"wp-page\" data-elementor-id=\"2856\" class=\"elementor elementor-2856 elementor-333\">\n\t\t\t\t\t\t<section class=\"elementor-section elementor-top-section elementor-element elementor-element-eb8a04d elementor-section-boxed elementor-section-height-default elementor-section-height-default\" data-id=\"eb8a04d\" data-element_type=\"section\">\n\t\t\t\t\t\t<div class=\"elementor-container elementor-column-gap-default\">\n\t\t\t\t\t<div class=\"elementor-column elementor-col-100 elementor-top-column elementor-element elementor-element-43edc4e\" data-id=\"43edc4e\" data-element_type=\"column\">\n\t\t\t<div class=\"elementor-widget-wrap elementor-element-populated\">\n\t\t\t\t\t\t<div class=\"elementor-element elementor-element-d78828a elementor-widget elementor-widget-text-editor\" data-id=\"d78828a\" data-element_type=\"widget\" data-widget_type=\"text-editor.default\">\n\t\t\t\t<div class=\"elementor-widget-container\">\n\t\t\t<style>\/*! elementor - v3.21.0 - 18-04-2024 *\/\n.elementor-widget-text-editor.elementor-drop-cap-view-stacked .elementor-drop-cap{background-color:#69727d;color:#fff}.elementor-widget-text-editor.elementor-drop-cap-view-framed .elementor-drop-cap{color:#69727d;border:3px solid;background-color:transparent}.elementor-widget-text-editor:not(.elementor-drop-cap-view-default) .elementor-drop-cap{margin-top:8px}.elementor-widget-text-editor:not(.elementor-drop-cap-view-default) .elementor-drop-cap-letter{width:1em;height:1em}.elementor-widget-text-editor .elementor-drop-cap{float:left;text-align:center;line-height:1;font-size:50px}.elementor-widget-text-editor .elementor-drop-cap-letter{display:inline-block}<\/style>\t\t\t\t\n          <h1>\n            <strong>AJONEUVON TOIMITUS<\/strong>\n          <\/h1>\n          <h2>\n            <strong>MITEN AJONEUVOSI KULJETTAA?<\/strong>\n          <\/h2>\n          <p>Saatavillasi on useita ratkaisuja, jos haluat kuljettaa ajoneuvosi.<\/p>\n          <p>Voit tehd\u00e4 sen itse tai k\u00e4ytt\u00e4\u00e4 ammattimaisia kuljetuspalveluita, kuten hinausta, kuljetusta, lava- tai kuorma-autokuljetuksia tai lopulta merikuljetuksia.<\/p>\n          <h3>\n            <strong>1- Ajoneuvon hinaus<\/strong>\n          <\/h3>\n          <p>T\u00e4m\u00e4ntyyppinen kuljetus soveltuu lyhyille matkoille alhaisella nopeudella. Ajoneuvon hinaamiseksi tarvitset:<\/p>\n          <ul>\n            <li>K\u00e4yt\u00e4 hyv\u00e4ksytty\u00e4 vetotankoa maksimaalisen turvallisuuden takaamiseksi;<\/li>\n            <li>olla mukana kuljettajan mukana hinattavassa ajoneuvossa;<\/li>\n            <li>Aja enint\u00e4\u00e4n 50 km\/h ja k\u00e4yt\u00e4 vain toissijaisia akseleita;<\/li>\n            <li>J\u00e4rjest\u00e4 vetoajoneuvo, joka on painavampi kuin hinattava ajoneuvo;<\/li>\n            <li>K\u00e4yt\u00e4 varoituksia, ole varovainen ja omaksu joustava ajotyyli.<\/li>\n          <\/ul>\n          <h2> <\/h2>\n          <h3>\n            <strong>2- Kuljeta ajoneuvoa alustalla<\/strong>\n          <\/h3>\n          <p>T\u00e4m\u00e4 vaihtoehto sopii ajoneuvosi kuljettamiseen pitki\u00e4 matkoja t\u00e4ysin turvallisesti. Voit valita, ett\u00e4 ajoneuvosi kuljetetaan lava-autolla, mieluiten peitettyn\u00e4, suojaamaan koria kuljetuksen aikana.<\/p>\n          <h3>\n            <strong>3- Ajoneuvojen kuljetus kuorma-autolla<\/strong>\n          <\/h3>\n          <p>T\u00e4m\u00e4 on sama periaate kuin lava-autolla kuljettaminen, mutta t\u00e4ss\u00e4 tapauksessa ajoneuvosi kuljetetaan kuorma-auton per\u00e4vaunussa. T\u00e4m\u00e4 vaihtoehto on mahdollinen, vaikka kuljetettavana olisi vain yksi ajoneuvo. T\u00e4m\u00e4 vaihtoehto on taloudellinen; markkinoiden parhaat toimijat tarjoavat toimitusajat yhdest\u00e4 kahteen viikkoa tilauksen vastaanottamisesta toimitukseen.<\/p>\n          <h3>\n            <strong>4- Ajoneuvon kuljetus<\/strong>\n          <\/h3>\n          <p>Jotta kuljetus olisi mahdollista, ajoneuvon on oltava liikkuva, hyv\u00e4ss\u00e4 kunnossa ja hyvin huollettu. Kuljetin m\u00e4\u00e4r\u00e4t\u00e4\u00e4n tarpeidesi mukaan ja kuljettaa ajoneuvon l\u00e4ht\u00f6paikasta m\u00e4\u00e4r\u00e4np\u00e4\u00e4h\u00e4n.<\/p>\n          <p>Se on nopea vaihtoehto ilman erilaisten lastaus- tai purkualustojen l\u00e4pik\u00e4ymist\u00e4, mutta kalliimpi.<\/p>\n          <h3>\n            <strong>5- Merikuljetukset<\/strong>\n          <\/h3>\n          <p>Autojen kuljetus ro-ro-aluksella (tai RO-RO) muodostaa suuren osan ajoneuvojen merirahdista. Ajoneuvot pys\u00e4k\u00f6id\u00e4\u00e4n sinne kuljetuksen ajaksi. Se on edullisin ja joskus nopein tapa kuljettaa autoja.<\/p>\n          <p>Kuljetusagentin k\u00e4ytt\u00f6 on usein pakollista, jotta ajoneuvo voidaan l\u00e4hett\u00e4\u00e4 ulkomaille. T\u00e4m\u00e4 hoitaa hallinnolliset menettelyt l\u00e4ht\u00f6satamassa, mutta my\u00f6s saapumissatamassa.<\/p>\n          <h2>\n            <strong>MIT\u00c4 ASIAKIRJAA TOIMITETAAN AJONEUVON L\u00c4HETT\u00c4MISEKSI KANSAINV\u00c4LISELL\u00c4?<\/strong>\n          <\/h2>\n          <ul>\n            <li>ajoneuvon ostolasku;<\/li>\n            <li>Kopio henkil\u00f6llisyystodistuksestasi;<\/li>\n            <li>ajoneuvon rekister\u00f6intiasiakirja;<\/li>\n            <li>Siirtotodistus;<\/li>\n            <li>Ei-pantaustodistus;<\/li>\n            <li>T\u00e4ytetty ja allekirjoitettu arvotodistus ( <strong><a href=\"https:\/\/pistonaddict.com\/wp-content\/uploads\/2022\/05\/Attestation-de-valeur-vehicule.pdf\" target=\"_blank\" rel=\"noopener\"><u>lataa se<\/u><\/a><\/strong> ).<\/li>\n          <\/ul>\n          <p>M\u00e4\u00e4r\u00e4maasta riippuen saatetaan vaatia muita asiakirjoja. \u00c4l\u00e4 unohda kysy\u00e4 operaattoriltasi, sis\u00e4ltyyk\u00f6 esitettyyn tarjoukseen verot, tullit ja tulliselvitysmaksut.<\/p>\n          <h2>\n            <strong>KUINKA PALJON AJONEUVON L\u00c4HETT\u00c4MINEN KANSAINV\u00c4LISESTI MAKSAA?<\/strong>\n          <\/h2>\n          <p>Hinnat vaihtelevat luonnollisesti liikenteenharjoittajittain: ajoneuvon kuljetusyritys ottaa huomioon useita tekij\u00f6it\u00e4 laskeessaan kuljetuskustannuksia:<\/p>\n          <ul>\n            <li>ajoneuvon tyyppi;<\/li>\n            <li>Kuljetusmuoto ;<\/li>\n            <li>Kahden maan v\u00e4linen et\u00e4isyys;<\/li>\n            <li>L\u00e4hetyksen m\u00e4\u00e4r\u00e4aika ja vuodenaika.<\/li>\n          <\/ul>\n          <p>Vastaat edelleen kuljetusyhti\u00f6n sinulle tarjoamasta kuljetusvakuutuksesta sek\u00e4 maksettavista tullimaksuista ja veroista.<\/p>\n          <p>Maakuljetus on k\u00e4yt\u00e4nn\u00f6llisin tapa l\u00e4hett\u00e4\u00e4 ajoneuvo, erityisesti rajamaiden v\u00e4lill\u00e4. Meriliikenteen etuna on se, ett\u00e4 se on taloudellista mutta hitaampaa.<\/p>\n          <h2>\n            <strong>M\u00c4NN\u00c4RIKKOJEN NEUVOT<\/strong>\n          <\/h2>\n          <p>Nyt kun tied\u00e4t kaiken ajoneuvojen kuljettamisesta, t\u00e4ss\u00e4 on muutamia vinkkej\u00e4, joita on aina hyv\u00e4 noudattaa, ennen kuin uskot ajoneuvosi valitsemallesi kuljetusyritykselle:<\/p>\n          <ul>\n            <li>Poista h\u00e4lytin k\u00e4yt\u00f6st\u00e4, jos sellainen on, jotta se ei laukea kuljetuksen aikana;<\/li>\n            <li>Lataa akku maksimissaan, jotta se ei tyhjene t\u00e4ysin kuljetuksen aikana;<\/li>\n            <li>Tyhjenn\u00e4 polttoaines\u00e4ili\u00f6 niin paljon kuin mahdollista turvatoimenpiteen\u00e4;<\/li>\n            <li>Varo j\u00e4tt\u00e4m\u00e4st\u00e4 mit\u00e4\u00e4n esineit\u00e4 ajoneuvoon;<\/li>\n            <li>S\u00e4ilyt\u00e4 todisteet ajoneuvon kunnosta ennen kuin luovutat sen rahdinkuljettajalle;<\/li>\n            <li>Ota vakuutus saadaksesi rahat takaisin -takuun, jos kuljetuksen aikana ilmenee ongelmia;<\/li>\n            <li>S\u00e4ilyt\u00e4 ajoneuvon rekister\u00f6intitodistuksen, omistustodistuksen ja panttamattomuuden alkuper\u00e4iskappaleet;<\/li>\n            <li>Pid\u00e4 auton vara-avaimia mukanasi. Ja ennen kaikkea, \u00e4l\u00e4 unohda l\u00e4hett\u00e4\u00e4 kaksoisavaimet, kun ostaja on vastaanottanut ajoneuvon.<\/li>\n          <\/ul>\n          <p> <\/p>\n          <h2>\n            <strong>Suosituksemme kuorma-autolla<\/strong>\n          <\/h2>\n          <ul>\n            <li><em><strong>Saksa \u2013 It\u00e4valta \u2013 Belgia \u2013 Espanja \u2013 Ranska \u2013 Italia \u2013 Alankomaat \u2013 Portugali \u2013 Sveitsi \u2013 Iso-Britannia<\/strong> :<\/em> Kansainv\u00e4linen: <a href=\"https:\/\/www.eurosender.com\/en\/vt\/vehicle-transport\/car\" target=\"_blank\" rel=\"noopener\">Eurosender<\/a> , <a href=\"https:\/\/www.shiply.com\/vehicle-delivery\/car-transport-to-europe.php\" target=\"_blank\" rel=\"noopener\">Shiply<\/a><\/li>\n            <li><strong><em>Ranska:<\/em><\/strong> Kansallinen: <a href=\"https:\/\/disposeo.com\/\" target=\"_blank\" rel=\"noopener\">Disposeo<\/a> , <a href=\"https:\/\/www.hiflow.com\/particulier\" target=\"_blank\" rel=\"noopener\">Hiflow<\/a><\/li>\n          <\/ul>\n          <h2>\n            <strong>Suosituksemme meritse<\/strong>\n          <\/h2>\n          <ul>\n            <li><a href=\"https:\/\/cfrrinkens.com\/rate-request\/\" target=\"_blank\" rel=\"noopener\">CFR Rinkens<\/a> , <a href=\"https:\/\/www.carseurope.net\/international-car-transportation-quote\/\" target=\"_blank\" rel=\"noopener\">CARS<\/a><\/li>\n          <\/ul>\n        \t\t\t\t\t\t<\/div>\n\t\t\t\t<\/div>\n\t\t\t\t\t<\/div>\n\t\t<\/div>\n\t\t\t\t\t<\/div>\n\t\t<\/section>\n\t\t\t\t<\/div>\n\t\t","protected":false},"excerpt":{"rendered":"<p>AJONEUVON TOIMITUS MITEN AJONEUVOSI KULJETTAA? Saatavillasi on useita ratkaisuja, jos haluat kuljettaa ajoneuvosi. Voit tehd\u00e4 sen itse tai k\u00e4ytt\u00e4\u00e4 ammattimaisia kuljetuspalveluita, kuten hinausta, kuljetusta, lava- tai kuorma-autokuljetuksia tai lopulta merikuljetuksia. 1- Ajoneuvon hinaus T\u00e4m\u00e4ntyyppinen kuljetus soveltuu lyhyille matkoille alhaisella nopeudella. Ajoneuvon hinaamiseksi tarvitset: K\u00e4yt\u00e4 hyv\u00e4ksytty\u00e4 vetotankoa maksimaalisen turvallisuuden takaamiseksi; olla mukana kuljettajan mukana hinattavassa ajoneuvossa; &#8230; <a title=\"L\u00e4hett\u00e4\u00e4\" class=\"read-more\" href=\"https:\/\/pistonaddict.com\/fi\/lahettaa\/\">Lue lis\u00e4\u00e4<span class=\"screen-reader-text\">L\u00e4hett\u00e4\u00e4<\/span><\/a><\/p>\n","protected":false},"author":1,"featured_media":0,"parent":0,"menu_order":0,"comment_status":"closed","ping_status":"closed","template":"","meta":{"inline_featured_image":false,"footnotes":""},"acf":[],"yoast_head":"<!-- This site is optimized with the Yoast SEO plugin v22.5 - https:\/\/yoast.com\/wordpress\/plugins\/seo\/ -->\n<title>L\u00e4hett\u00e4\u00e4 - Piston Addict<\/title>\n<meta name=\"robots\" content=\"index, follow, max-snippet:-1, max-image-preview:large, max-video-preview:-1\" \/>\n<link rel=\"canonical\" href=\"https:\/\/pistonaddict.com\/fi\/lahettaa\/\" \/>\n<meta property=\"og:locale\" content=\"fi_FI\" \/>\n<meta property=\"og:type\" content=\"article\" \/>\n<meta property=\"og:title\" content=\"L\u00e4hett\u00e4\u00e4 - Piston Addict\" \/>\n<meta property=\"og:description\" content=\"AJONEUVON TOIMITUS MITEN AJONEUVOSI KULJETTAA? Saatavillasi on useita ratkaisuja, jos haluat kuljettaa ajoneuvosi. Voit tehd\u00e4 sen itse tai k\u00e4ytt\u00e4\u00e4 ammattimaisia kuljetuspalveluita, kuten hinausta, kuljetusta, lava- tai kuorma-autokuljetuksia tai lopulta merikuljetuksia. 1- Ajoneuvon hinaus T\u00e4m\u00e4ntyyppinen kuljetus soveltuu lyhyille matkoille alhaisella nopeudella. Ajoneuvon hinaamiseksi tarvitset: K\u00e4yt\u00e4 hyv\u00e4ksytty\u00e4 vetotankoa maksimaalisen turvallisuuden takaamiseksi; olla mukana kuljettajan mukana hinattavassa ajoneuvossa; ... Lue lis\u00e4\u00e4L\u00e4hett\u00e4\u00e4\" \/>\n<meta property=\"og:url\" content=\"https:\/\/pistonaddict.com\/fi\/lahettaa\/\" \/>\n<meta property=\"og:site_name\" content=\"Piston Addict\" \/>\n<meta property=\"article:modified_time\" content=\"2022-05-04T16:00:05+00:00\" \/>\n<meta name=\"twitter:card\" content=\"summary_large_image\" \/>\n<meta name=\"twitter:label1\" content=\"Arvioitu lukuaika\" \/>\n\t<meta name=\"twitter:data1\" content=\"3 minutes\" \/>\n<script type=\"application\/ld+json\" class=\"yoast-schema-graph\">{\"@context\":\"https:\/\/schema.org\",\"@graph\":[{\"@type\":\"WebPage\",\"@id\":\"https:\/\/pistonaddict.com\/fi\/lahettaa\/\",\"url\":\"https:\/\/pistonaddict.com\/fi\/lahettaa\/\",\"name\":\"L\u00e4hett\u00e4\u00e4 - Piston Addict\",\"isPartOf\":{\"@id\":\"https:\/\/pistonaddict.com\/fi\/#website\"},\"datePublished\":\"2022-04-29T09:18:49+00:00\",\"dateModified\":\"2022-05-04T16:00:05+00:00\",\"breadcrumb\":{\"@id\":\"https:\/\/pistonaddict.com\/fi\/lahettaa\/#breadcrumb\"},\"inLanguage\":\"fi\",\"potentialAction\":[{\"@type\":\"ReadAction\",\"target\":[\"https:\/\/pistonaddict.com\/fi\/lahettaa\/\"]}]},{\"@type\":\"BreadcrumbList\",\"@id\":\"https:\/\/pistonaddict.com\/fi\/lahettaa\/#breadcrumb\",\"itemListElement\":[{\"@type\":\"ListItem\",\"position\":1,\"name\":\"Kotisivu\",\"item\":\"https:\/\/pistonaddict.com\/fi\/kotisivu-2\/\"},{\"@type\":\"ListItem\",\"position\":2,\"name\":\"L\u00e4hett\u00e4\u00e4\"}]},{\"@type\":\"WebSite\",\"@id\":\"https:\/\/pistonaddict.com\/fi\/#website\",\"url\":\"https:\/\/pistonaddict.com\/fi\/\",\"name\":\"Piston Addict\",\"description\":\"Only interesting vehicles\",\"publisher\":{\"@id\":\"https:\/\/pistonaddict.com\/fi\/#organization\"},\"potentialAction\":[{\"@type\":\"SearchAction\",\"target\":{\"@type\":\"EntryPoint\",\"urlTemplate\":\"https:\/\/pistonaddict.com\/fi\/?s={search_term_string}\"},\"query-input\":\"required name=search_term_string\"}],\"inLanguage\":\"fi\"},{\"@type\":\"Organization\",\"@id\":\"https:\/\/pistonaddict.com\/fi\/#organization\",\"name\":\"Piston Addict\",\"url\":\"https:\/\/pistonaddict.com\/fi\/\",\"logo\":{\"@type\":\"ImageObject\",\"inLanguage\":\"fi\",\"@id\":\"https:\/\/pistonaddict.com\/fi\/#\/schema\/logo\/image\/\",\"url\":\"https:\/\/pistonaddict.com\/wp-content\/uploads\/2022\/07\/logo-6.png\",\"contentUrl\":\"https:\/\/pistonaddict.com\/wp-content\/uploads\/2022\/07\/logo-6.png\",\"width\":970,\"height\":200,\"caption\":\"Piston Addict\"},\"image\":{\"@id\":\"https:\/\/pistonaddict.com\/fi\/#\/schema\/logo\/image\/\"}}]}<\/script>\n<!-- \/ Yoast SEO plugin. -->","yoast_head_json":{"title":"L\u00e4hett\u00e4\u00e4 - Piston Addict","robots":{"index":"index","follow":"follow","max-snippet":"max-snippet:-1","max-image-preview":"max-image-preview:large","max-video-preview":"max-video-preview:-1"},"canonical":"https:\/\/pistonaddict.com\/fi\/lahettaa\/","og_locale":"fi_FI","og_type":"article","og_title":"L\u00e4hett\u00e4\u00e4 - Piston Addict","og_description":"AJONEUVON TOIMITUS MITEN AJONEUVOSI KULJETTAA? Saatavillasi on useita ratkaisuja, jos haluat kuljettaa ajoneuvosi. Voit tehd\u00e4 sen itse tai k\u00e4ytt\u00e4\u00e4 ammattimaisia kuljetuspalveluita, kuten hinausta, kuljetusta, lava- tai kuorma-autokuljetuksia tai lopulta merikuljetuksia. 1- Ajoneuvon hinaus T\u00e4m\u00e4ntyyppinen kuljetus soveltuu lyhyille matkoille alhaisella nopeudella. Ajoneuvon hinaamiseksi tarvitset: K\u00e4yt\u00e4 hyv\u00e4ksytty\u00e4 vetotankoa maksimaalisen turvallisuuden takaamiseksi; olla mukana kuljettajan mukana hinattavassa ajoneuvossa; ... Lue lis\u00e4\u00e4L\u00e4hett\u00e4\u00e4","og_url":"https:\/\/pistonaddict.com\/fi\/lahettaa\/","og_site_name":"Piston Addict","article_modified_time":"2022-05-04T16:00:05+00:00","twitter_card":"summary_large_image","twitter_misc":{"Arvioitu lukuaika":"3 minutes"},"schema":{"@context":"https:\/\/schema.org","@graph":[{"@type":"WebPage","@id":"https:\/\/pistonaddict.com\/fi\/lahettaa\/","url":"https:\/\/pistonaddict.com\/fi\/lahettaa\/","name":"L\u00e4hett\u00e4\u00e4 - Piston Addict","isPartOf":{"@id":"https:\/\/pistonaddict.com\/fi\/#website"},"datePublished":"2022-04-29T09:18:49+00:00","dateModified":"2022-05-04T16:00:05+00:00","breadcrumb":{"@id":"https:\/\/pistonaddict.com\/fi\/lahettaa\/#breadcrumb"},"inLanguage":"fi","potentialAction":[{"@type":"ReadAction","target":["https:\/\/pistonaddict.com\/fi\/lahettaa\/"]}]},{"@type":"BreadcrumbList","@id":"https:\/\/pistonaddict.com\/fi\/lahettaa\/#breadcrumb","itemListElement":[{"@type":"ListItem","position":1,"name":"Kotisivu","item":"https:\/\/pistonaddict.com\/fi\/kotisivu-2\/"},{"@type":"ListItem","position":2,"name":"L\u00e4hett\u00e4\u00e4"}]},{"@type":"WebSite","@id":"https:\/\/pistonaddict.com\/fi\/#website","url":"https:\/\/pistonaddict.com\/fi\/","name":"Piston Addict","description":"Only interesting vehicles","publisher":{"@id":"https:\/\/pistonaddict.com\/fi\/#organization"},"potentialAction":[{"@type":"SearchAction","target":{"@type":"EntryPoint","urlTemplate":"https:\/\/pistonaddict.com\/fi\/?s={search_term_string}"},"query-input":"required name=search_term_string"}],"inLanguage":"fi"},{"@type":"Organization","@id":"https:\/\/pistonaddict.com\/fi\/#organization","name":"Piston Addict","url":"https:\/\/pistonaddict.com\/fi\/","logo":{"@type":"ImageObject","inLanguage":"fi","@id":"https:\/\/pistonaddict.com\/fi\/#\/schema\/logo\/image\/","url":"https:\/\/pistonaddict.com\/wp-content\/uploads\/2022\/07\/logo-6.png","contentUrl":"https:\/\/pistonaddict.com\/wp-content\/uploads\/2022\/07\/logo-6.png","width":970,"height":200,"caption":"Piston Addict"},"image":{"@id":"https:\/\/pistonaddict.com\/fi\/#\/schema\/logo\/image\/"}}]}},"_links":{"self":[{"href":"https:\/\/pistonaddict.com\/fi\/wp-json\/wp\/v2\/pages\/2856"}],"collection":[{"href":"https:\/\/pistonaddict.com\/fi\/wp-json\/wp\/v2\/pages"}],"about":[{"href":"https:\/\/pistonaddict.com\/fi\/wp-json\/wp\/v2\/types\/page"}],"author":[{"embeddable":true,"href":"https:\/\/pistonaddict.com\/fi\/wp-json\/wp\/v2\/users\/1"}],"replies":[{"embeddable":true,"href":"https:\/\/pistonaddict.com\/fi\/wp-json\/wp\/v2\/comments?post=2856"}],"version-history":[{"count":2,"href":"https:\/\/pistonaddict.com\/fi\/wp-json\/wp\/v2\/pages\/2856\/revisions"}],"predecessor-version":[{"id":4211,"href":"https:\/\/pistonaddict.com\/fi\/wp-json\/wp\/v2\/pages\/2856\/revisions\/4211"}],"wp:attachment":[{"href":"https:\/\/pistonaddict.com\/fi\/wp-json\/wp\/v2\/media?parent=2856"}],"curies":[{"name":"wp","href":"https:\/\/api.w.org\/{rel}","templated":true}]}}