{"id":26230,"date":"2022-04-29T11:20:06","date_gmt":"2022-04-29T09:20:06","guid":{"rendered":"https:\/\/pistonaddict.com\/kommenttisaannot\/"},"modified":"2023-02-05T11:11:46","modified_gmt":"2023-02-05T10:11:46","slug":"kommenttisaannot","status":"publish","type":"page","link":"https:\/\/pistonaddict.com\/fi\/kommenttisaannot\/","title":{"rendered":"Kommenttis\u00e4\u00e4nn\u00f6t"},"content":{"rendered":"\t\t<div data-elementor-type=\"wp-page\" data-elementor-id=\"26230\" class=\"elementor elementor-26230 elementor-3043\">\n\t\t\t\t\t\t<section class=\"elementor-section elementor-top-section elementor-element elementor-element-01b8fa5 elementor-section-boxed elementor-section-height-default elementor-section-height-default\" data-id=\"01b8fa5\" data-element_type=\"section\">\n\t\t\t\t\t\t<div class=\"elementor-container elementor-column-gap-default\">\n\t\t\t\t\t<div class=\"elementor-column elementor-col-100 elementor-top-column elementor-element elementor-element-19e2c1c\" data-id=\"19e2c1c\" data-element_type=\"column\">\n\t\t\t<div class=\"elementor-widget-wrap elementor-element-populated\">\n\t\t\t\t\t\t<div class=\"elementor-element elementor-element-9413b6d elementor-widget elementor-widget-text-editor\" data-id=\"9413b6d\" data-element_type=\"widget\" data-widget_type=\"text-editor.default\">\n\t\t\t\t<div class=\"elementor-widget-container\">\n\t\t\t<style>\/*! elementor - v3.21.0 - 18-04-2024 *\/\n.elementor-widget-text-editor.elementor-drop-cap-view-stacked .elementor-drop-cap{background-color:#69727d;color:#fff}.elementor-widget-text-editor.elementor-drop-cap-view-framed .elementor-drop-cap{color:#69727d;border:3px solid;background-color:transparent}.elementor-widget-text-editor:not(.elementor-drop-cap-view-default) .elementor-drop-cap{margin-top:8px}.elementor-widget-text-editor:not(.elementor-drop-cap-view-default) .elementor-drop-cap-letter{width:1em;height:1em}.elementor-widget-text-editor .elementor-drop-cap{float:left;text-align:center;line-height:1;font-size:50px}.elementor-widget-text-editor .elementor-drop-cap-letter{display:inline-block}<\/style>\t\t\t\t<\/p>\n<h2> <\/h2>\n<h2>S\u00e4\u00e4nt\u00f6 1. Ole rakentava etk\u00e4 negatiivinen<\/h2>\n<p>On helpompaa sanoa, ettei pid\u00e4 jostakin asiasta, ja joskus se voi olla perusteltua. Toisaalta on arvokkaampaa sanoa, miten sit\u00e4 voisi parantaa, ja todellista lis\u00e4arvoa saadaan, kun voidaan eritell\u00e4, mik\u00e4 on v\u00e4\u00e4rin ja miten sit\u00e4 voisi kaunistella.<\/p>\n<h2> <\/h2>\n<h2>S\u00e4\u00e4nt\u00f6 2. Kokemus voittaa<\/h2>\n<p>Muut lukijat v\u00e4litt\u00e4v\u00e4t paljon enemm\u00e4n mielipiteest\u00e4si, jos se on per\u00e4isin asiaankuuluvasta kokemuksesta. Jos tunnet tietyn ajoneuvon historiaa tai tied\u00e4t paljon tietyst\u00e4 merkist\u00e4 tai mallista, olet paljon todenn\u00e4k\u00f6isemmin kiinnostava.<\/p>\n<h2> <\/h2>\n<h2>S\u00e4\u00e4nt\u00f6 3. Puhu autoista, \u00e4l\u00e4 muista<\/h2>\n<p>Jokaisella on oikeus mielipiteeseen, vaikka et olisikaan samaa mielt\u00e4 siit\u00e4. Toisten j\u00e4senten luonnetta, makua tai yleist\u00e4 luonnetta koskevalla arvostelulla ei ole sijaa.<\/p>\n<h2> <\/h2>\n<h2>S\u00e4\u00e4nt\u00f6 4. Markkinat m\u00e4\u00e4r\u00e4\u00e4v\u00e4t hinnan<\/h2>\n<p>Piston Addict on vapaa markkina-alue, jossa myyj\u00e4 ja ostaja m\u00e4\u00e4r\u00e4\u00e4v\u00e4t hinnan, joten se, ett\u00e4 jokin on liian kallista tai liian halpaa, ei merkitse yht\u00e4\u00e4n mit\u00e4\u00e4n. Tavara on sen arvoinen, mit\u00e4 joku on valmis maksamaan.<\/p>\n<h2> <\/h2>\n<h2>S\u00e4\u00e4nt\u00f6 5. Jos et ole lukenut kaikkia muita kommentteja, et ole valmis j\u00e4tt\u00e4m\u00e4\u00e4n omasi.<\/h2>\n<p>Se on digitaalinen vastine sille, ett\u00e4 kuuntele ennen kuin puhut.<\/p>\n<h2> <\/h2>\n<h2>S\u00e4\u00e4nt\u00f6 6. Kommenttiosassa ei saa olla osto-, myynti- tai yhteystietoja.<\/h2>\n<p>Jos sinulla on myyt\u00e4v\u00e4 auto, l\u00e4het\u00e4 se meille lomakkeen kautta. Ostopyynn\u00f6t, s\u00e4hk\u00f6postiosoitteet ja puhelinnumerot, jotka on l\u00e4hetetty kommenteissa.  <br \/>poistetaan.<\/p>\n<h2> <\/h2>\n<h2>S\u00e4\u00e4nt\u00f6 7. Kaikki ovat tervetulleita<\/h2>\n<p>Yhteis\u00f6mme j\u00e4senet ovat yht\u00e4 erilaisia kuin autovalikoimamme. Poliittiset, naisvihamieliset tai homofobiset kommentit eiv\u00e4t ole sallittuja.<\/p>\n<h2> <\/h2>\n<h2>Kommentti toiminnallisuus<\/h2>\n<p><strong>Kommenttien muuttaminen:<\/strong> Kommenttien laatija voi muuttaa kommentteja niiden julkaisemisen j\u00e4lkeen ilman aikarajoitusta. Napsauta t\u00e4h\u00e4n tarkoitukseen varattua punaista &#8220;Muokkaa&#8221;-linkki\u00e4.<\/p>\n<p><strong>Merkitse ep\u00e4edulliseksi:<\/strong> Jos kommentti rikkoo yll\u00e4 olevia s\u00e4\u00e4nt\u00f6j\u00e4, klikkaa &#8220;Ilmoita&#8221; -linkki\u00e4, jotta se voidaan tarkistaa tai poistaa. K\u00e4ymme l\u00e4pi kaikki ilmoitetut kommentit ja teemme lopullisen p\u00e4\u00e4t\u00f6ksen siit\u00e4, otetaanko ne uudelleen k\u00e4ytt\u00f6\u00f6n vai poistetaanko ne.<br \/>Haluamme, ett\u00e4 keskustelu t\u00e4ll\u00e4 sivustolla on laadukasta.<\/p>\n<p><strong>Ensimm\u00e4ist\u00e4 kertaa kommentoivat:<\/strong> Kommenttia ei julkaista sivustolla ennen kuin Piston Addictin henkil\u00f6kunta on tarkistanut sen. Ensimm\u00e4isen kommentin l\u00e4hett\u00e4misen j\u00e4lkeen kommentteja ei en\u00e4\u00e4 moderoida.<\/p>\n\t\t\t\t\t\t<\/div>\n\t\t\t\t<\/div>\n\t\t\t\t\t<\/div>\n\t\t<\/div>\n\t\t\t\t\t<\/div>\n\t\t<\/section>\n\t\t\t\t<\/div>\n\t\t","protected":false},"excerpt":{"rendered":"<p>S\u00e4\u00e4nt\u00f6 1. Ole rakentava etk\u00e4 negatiivinen On helpompaa sanoa, ettei pid\u00e4 jostakin asiasta, ja joskus se voi olla perusteltua. Toisaalta on arvokkaampaa sanoa, miten sit\u00e4 voisi parantaa, ja todellista lis\u00e4arvoa saadaan, kun voidaan eritell\u00e4, mik\u00e4 on v\u00e4\u00e4rin ja miten sit\u00e4 voisi kaunistella. S\u00e4\u00e4nt\u00f6 2. Kokemus voittaa Muut lukijat v\u00e4litt\u00e4v\u00e4t paljon enemm\u00e4n mielipiteest\u00e4si, jos se on &#8230; <a title=\"Kommenttis\u00e4\u00e4nn\u00f6t\" class=\"read-more\" href=\"https:\/\/pistonaddict.com\/fi\/kommenttisaannot\/\">Lue lis\u00e4\u00e4<span class=\"screen-reader-text\">Kommenttis\u00e4\u00e4nn\u00f6t<\/span><\/a><\/p>\n","protected":false},"author":1,"featured_media":0,"parent":0,"menu_order":0,"comment_status":"closed","ping_status":"closed","template":"","meta":{"inline_featured_image":false,"footnotes":""},"acf":[],"yoast_head":"<!-- This site is optimized with the Yoast SEO plugin v22.5 - https:\/\/yoast.com\/wordpress\/plugins\/seo\/ -->\n<title>Kommenttis\u00e4\u00e4nn\u00f6t - Piston Addict<\/title>\n<meta name=\"robots\" content=\"index, follow, max-snippet:-1, max-image-preview:large, max-video-preview:-1\" \/>\n<link rel=\"canonical\" href=\"https:\/\/pistonaddict.com\/fi\/kommenttisaannot\/\" \/>\n<meta property=\"og:locale\" content=\"fi_FI\" \/>\n<meta property=\"og:type\" content=\"article\" \/>\n<meta property=\"og:title\" content=\"Kommenttis\u00e4\u00e4nn\u00f6t - Piston Addict\" \/>\n<meta property=\"og:description\" content=\"S\u00e4\u00e4nt\u00f6 1. Ole rakentava etk\u00e4 negatiivinen On helpompaa sanoa, ettei pid\u00e4 jostakin asiasta, ja joskus se voi olla perusteltua. Toisaalta on arvokkaampaa sanoa, miten sit\u00e4 voisi parantaa, ja todellista lis\u00e4arvoa saadaan, kun voidaan eritell\u00e4, mik\u00e4 on v\u00e4\u00e4rin ja miten sit\u00e4 voisi kaunistella. S\u00e4\u00e4nt\u00f6 2. Kokemus voittaa Muut lukijat v\u00e4litt\u00e4v\u00e4t paljon enemm\u00e4n mielipiteest\u00e4si, jos se on ... Lue lis\u00e4\u00e4Kommenttis\u00e4\u00e4nn\u00f6t\" \/>\n<meta property=\"og:url\" content=\"https:\/\/pistonaddict.com\/fi\/kommenttisaannot\/\" \/>\n<meta property=\"og:site_name\" content=\"Piston Addict\" \/>\n<meta property=\"article:modified_time\" content=\"2023-02-05T10:11:46+00:00\" \/>\n<meta name=\"twitter:card\" content=\"summary_large_image\" \/>\n<meta name=\"twitter:label1\" content=\"Arvioitu lukuaika\" \/>\n\t<meta name=\"twitter:data1\" content=\"2 minutes\" \/>\n<script type=\"application\/ld+json\" class=\"yoast-schema-graph\">{\"@context\":\"https:\/\/schema.org\",\"@graph\":[{\"@type\":\"WebPage\",\"@id\":\"https:\/\/pistonaddict.com\/fi\/kommenttisaannot\/\",\"url\":\"https:\/\/pistonaddict.com\/fi\/kommenttisaannot\/\",\"name\":\"Kommenttis\u00e4\u00e4nn\u00f6t - Piston Addict\",\"isPartOf\":{\"@id\":\"https:\/\/pistonaddict.com\/fi\/#website\"},\"datePublished\":\"2022-04-29T09:20:06+00:00\",\"dateModified\":\"2023-02-05T10:11:46+00:00\",\"breadcrumb\":{\"@id\":\"https:\/\/pistonaddict.com\/fi\/kommenttisaannot\/#breadcrumb\"},\"inLanguage\":\"fi\",\"potentialAction\":[{\"@type\":\"ReadAction\",\"target\":[\"https:\/\/pistonaddict.com\/fi\/kommenttisaannot\/\"]}]},{\"@type\":\"BreadcrumbList\",\"@id\":\"https:\/\/pistonaddict.com\/fi\/kommenttisaannot\/#breadcrumb\",\"itemListElement\":[{\"@type\":\"ListItem\",\"position\":1,\"name\":\"Kotisivu\",\"item\":\"https:\/\/pistonaddict.com\/fi\/kotisivu-2\/\"},{\"@type\":\"ListItem\",\"position\":2,\"name\":\"Kommenttis\u00e4\u00e4nn\u00f6t\"}]},{\"@type\":\"WebSite\",\"@id\":\"https:\/\/pistonaddict.com\/fi\/#website\",\"url\":\"https:\/\/pistonaddict.com\/fi\/\",\"name\":\"Piston Addict\",\"description\":\"Only interesting vehicles\",\"publisher\":{\"@id\":\"https:\/\/pistonaddict.com\/fi\/#organization\"},\"potentialAction\":[{\"@type\":\"SearchAction\",\"target\":{\"@type\":\"EntryPoint\",\"urlTemplate\":\"https:\/\/pistonaddict.com\/fi\/?s={search_term_string}\"},\"query-input\":\"required name=search_term_string\"}],\"inLanguage\":\"fi\"},{\"@type\":\"Organization\",\"@id\":\"https:\/\/pistonaddict.com\/fi\/#organization\",\"name\":\"Piston Addict\",\"url\":\"https:\/\/pistonaddict.com\/fi\/\",\"logo\":{\"@type\":\"ImageObject\",\"inLanguage\":\"fi\",\"@id\":\"https:\/\/pistonaddict.com\/fi\/#\/schema\/logo\/image\/\",\"url\":\"https:\/\/pistonaddict.com\/wp-content\/uploads\/2022\/07\/logo-6.png\",\"contentUrl\":\"https:\/\/pistonaddict.com\/wp-content\/uploads\/2022\/07\/logo-6.png\",\"width\":970,\"height\":200,\"caption\":\"Piston Addict\"},\"image\":{\"@id\":\"https:\/\/pistonaddict.com\/fi\/#\/schema\/logo\/image\/\"}}]}<\/script>\n<!-- \/ Yoast SEO plugin. -->","yoast_head_json":{"title":"Kommenttis\u00e4\u00e4nn\u00f6t - Piston Addict","robots":{"index":"index","follow":"follow","max-snippet":"max-snippet:-1","max-image-preview":"max-image-preview:large","max-video-preview":"max-video-preview:-1"},"canonical":"https:\/\/pistonaddict.com\/fi\/kommenttisaannot\/","og_locale":"fi_FI","og_type":"article","og_title":"Kommenttis\u00e4\u00e4nn\u00f6t - Piston Addict","og_description":"S\u00e4\u00e4nt\u00f6 1. Ole rakentava etk\u00e4 negatiivinen On helpompaa sanoa, ettei pid\u00e4 jostakin asiasta, ja joskus se voi olla perusteltua. Toisaalta on arvokkaampaa sanoa, miten sit\u00e4 voisi parantaa, ja todellista lis\u00e4arvoa saadaan, kun voidaan eritell\u00e4, mik\u00e4 on v\u00e4\u00e4rin ja miten sit\u00e4 voisi kaunistella. S\u00e4\u00e4nt\u00f6 2. Kokemus voittaa Muut lukijat v\u00e4litt\u00e4v\u00e4t paljon enemm\u00e4n mielipiteest\u00e4si, jos se on ... Lue lis\u00e4\u00e4Kommenttis\u00e4\u00e4nn\u00f6t","og_url":"https:\/\/pistonaddict.com\/fi\/kommenttisaannot\/","og_site_name":"Piston Addict","article_modified_time":"2023-02-05T10:11:46+00:00","twitter_card":"summary_large_image","twitter_misc":{"Arvioitu lukuaika":"2 minutes"},"schema":{"@context":"https:\/\/schema.org","@graph":[{"@type":"WebPage","@id":"https:\/\/pistonaddict.com\/fi\/kommenttisaannot\/","url":"https:\/\/pistonaddict.com\/fi\/kommenttisaannot\/","name":"Kommenttis\u00e4\u00e4nn\u00f6t - Piston Addict","isPartOf":{"@id":"https:\/\/pistonaddict.com\/fi\/#website"},"datePublished":"2022-04-29T09:20:06+00:00","dateModified":"2023-02-05T10:11:46+00:00","breadcrumb":{"@id":"https:\/\/pistonaddict.com\/fi\/kommenttisaannot\/#breadcrumb"},"inLanguage":"fi","potentialAction":[{"@type":"ReadAction","target":["https:\/\/pistonaddict.com\/fi\/kommenttisaannot\/"]}]},{"@type":"BreadcrumbList","@id":"https:\/\/pistonaddict.com\/fi\/kommenttisaannot\/#breadcrumb","itemListElement":[{"@type":"ListItem","position":1,"name":"Kotisivu","item":"https:\/\/pistonaddict.com\/fi\/kotisivu-2\/"},{"@type":"ListItem","position":2,"name":"Kommenttis\u00e4\u00e4nn\u00f6t"}]},{"@type":"WebSite","@id":"https:\/\/pistonaddict.com\/fi\/#website","url":"https:\/\/pistonaddict.com\/fi\/","name":"Piston Addict","description":"Only interesting vehicles","publisher":{"@id":"https:\/\/pistonaddict.com\/fi\/#organization"},"potentialAction":[{"@type":"SearchAction","target":{"@type":"EntryPoint","urlTemplate":"https:\/\/pistonaddict.com\/fi\/?s={search_term_string}"},"query-input":"required name=search_term_string"}],"inLanguage":"fi"},{"@type":"Organization","@id":"https:\/\/pistonaddict.com\/fi\/#organization","name":"Piston Addict","url":"https:\/\/pistonaddict.com\/fi\/","logo":{"@type":"ImageObject","inLanguage":"fi","@id":"https:\/\/pistonaddict.com\/fi\/#\/schema\/logo\/image\/","url":"https:\/\/pistonaddict.com\/wp-content\/uploads\/2022\/07\/logo-6.png","contentUrl":"https:\/\/pistonaddict.com\/wp-content\/uploads\/2022\/07\/logo-6.png","width":970,"height":200,"caption":"Piston Addict"},"image":{"@id":"https:\/\/pistonaddict.com\/fi\/#\/schema\/logo\/image\/"}}]}},"_links":{"self":[{"href":"https:\/\/pistonaddict.com\/fi\/wp-json\/wp\/v2\/pages\/26230"}],"collection":[{"href":"https:\/\/pistonaddict.com\/fi\/wp-json\/wp\/v2\/pages"}],"about":[{"href":"https:\/\/pistonaddict.com\/fi\/wp-json\/wp\/v2\/types\/page"}],"author":[{"embeddable":true,"href":"https:\/\/pistonaddict.com\/fi\/wp-json\/wp\/v2\/users\/1"}],"replies":[{"embeddable":true,"href":"https:\/\/pistonaddict.com\/fi\/wp-json\/wp\/v2\/comments?post=26230"}],"version-history":[{"count":1,"href":"https:\/\/pistonaddict.com\/fi\/wp-json\/wp\/v2\/pages\/26230\/revisions"}],"predecessor-version":[{"id":26233,"href":"https:\/\/pistonaddict.com\/fi\/wp-json\/wp\/v2\/pages\/26230\/revisions\/26233"}],"wp:attachment":[{"href":"https:\/\/pistonaddict.com\/fi\/wp-json\/wp\/v2\/media?parent=26230"}],"curies":[{"name":"wp","href":"https:\/\/api.w.org\/{rel}","templated":true}]}}