{"id":22663,"date":"2022-04-20T13:00:00","date_gmt":"2022-04-20T11:00:00","guid":{"rendered":"https:\/\/pistonaddict.com\/over-ons\/"},"modified":"2023-01-04T12:23:04","modified_gmt":"2023-01-04T11:23:04","slug":"over-ons","status":"publish","type":"page","link":"https:\/\/pistonaddict.com\/fi\/over-ons\/","title":{"rendered":"Over ons"},"content":{"rendered":"\t\t<div data-elementor-type=\"wp-page\" data-elementor-id=\"22663\" class=\"elementor elementor-22663 elementor-19002\">\n\t\t\t\t\t\t<section class=\"elementor-section elementor-top-section elementor-element elementor-element-3668bb8 elementor-section-full_width elementor-section-content-middle banniere-page elementor-section-height-default elementor-section-height-default\" data-id=\"3668bb8\" data-element_type=\"section\" data-settings=\"{&quot;background_background&quot;:&quot;classic&quot;}\">\n\t\t\t\t\t\t<div class=\"elementor-container elementor-column-gap-default\">\n\t\t\t\t\t<div class=\"elementor-column elementor-col-100 elementor-top-column elementor-element elementor-element-b2088b2\" data-id=\"b2088b2\" data-element_type=\"column\">\n\t\t\t<div class=\"elementor-widget-wrap elementor-element-populated\">\n\t\t\t\t\t\t<div class=\"elementor-element elementor-element-26e06c0 elementor-widget elementor-widget-heading\" data-id=\"26e06c0\" data-element_type=\"widget\" data-widget_type=\"heading.default\">\n\t\t\t\t<div class=\"elementor-widget-container\">\n\t\t\t<style>\/*! elementor - v3.21.0 - 18-04-2024 *\/\n.elementor-heading-title{padding:0;margin:0;line-height:1}.elementor-widget-heading .elementor-heading-title[class*=elementor-size-]>a{color:inherit;font-size:inherit;line-height:inherit}.elementor-widget-heading .elementor-heading-title.elementor-size-small{font-size:15px}.elementor-widget-heading .elementor-heading-title.elementor-size-medium{font-size:19px}.elementor-widget-heading .elementor-heading-title.elementor-size-large{font-size:29px}.elementor-widget-heading .elementor-heading-title.elementor-size-xl{font-size:39px}.elementor-widget-heading .elementor-heading-title.elementor-size-xxl{font-size:59px}<\/style><h1 class=\"elementor-heading-title elementor-size-default\">Tietoja Piston Addict<\/h1>\t\t<\/div>\n\t\t\t\t<\/div>\n\t\t\t\t\t<\/div>\n\t\t<\/div>\n\t\t\t\t\t<\/div>\n\t\t<\/section>\n\t\t\t\t<section class=\"elementor-section elementor-top-section elementor-element elementor-element-62ecd00 elementor-section-full_width descs elementor-section-height-default elementor-section-height-default\" data-id=\"62ecd00\" data-element_type=\"section\">\n\t\t\t\t\t\t<div class=\"elementor-container elementor-column-gap-default\">\n\t\t\t\t\t<div class=\"elementor-column elementor-col-100 elementor-top-column elementor-element elementor-element-cae2e10\" data-id=\"cae2e10\" data-element_type=\"column\">\n\t\t\t<div class=\"elementor-widget-wrap elementor-element-populated\">\n\t\t\t\t\t\t<div class=\"elementor-element elementor-element-174bee4 elementor-widget elementor-widget-text-editor\" data-id=\"174bee4\" data-element_type=\"widget\" data-widget_type=\"text-editor.default\">\n\t\t\t\t<div class=\"elementor-widget-container\">\n\t\t\t<style>\/*! elementor - v3.21.0 - 18-04-2024 *\/\n.elementor-widget-text-editor.elementor-drop-cap-view-stacked .elementor-drop-cap{background-color:#69727d;color:#fff}.elementor-widget-text-editor.elementor-drop-cap-view-framed .elementor-drop-cap{color:#69727d;border:3px solid;background-color:transparent}.elementor-widget-text-editor:not(.elementor-drop-cap-view-default) .elementor-drop-cap{margin-top:8px}.elementor-widget-text-editor:not(.elementor-drop-cap-view-default) .elementor-drop-cap-letter{width:1em;height:1em}.elementor-widget-text-editor .elementor-drop-cap{float:left;text-align:center;line-height:1;font-size:50px}.elementor-widget-text-editor .elementor-drop-cap-letter{display:inline-block}<\/style>\t\t\t\t<\/p>\n<h2>Historiamme<\/h2>\n<p>Piston Addict on poikkeuksellisiin ajoneuvoihin erikoistunut nettihuutokauppa-alusta.  <\/p>\n<p>Koska olemme harrastaneet autoja jo varhain, meille oli t\u00e4rke\u00e4\u00e4 tehd\u00e4 autojen ja moottoripy\u00f6rien myynnist\u00e4 ja ostamisesta helpompaa, jotta voit myyd\u00e4 tai ostaa ajoneuvon miss\u00e4 tahansa oletkin. l\u00f6ysit.<\/p>\n<p>Piston Addict syntyi halusta mullistaa k\u00e4ytettyjen ajoneuvojen markkinat yksinkertaisimmalla, sujuvimmalla ja l\u00e4pin\u00e4kyvimm\u00e4ll\u00e4 tavalla: tarvitset vain klikkauksen tai huutokaupan j\u00e4nnitt\u00e4vien ajoneuvojen hankkimiseen ja myymiseen. harrastajia.<\/p>\n<h2> <\/h2>\n<h2>Miten ty\u00f6skentelemme<\/h2>\n<p>Piston Addict keksii uudelleen tavan myyd\u00e4 tai ostaa klassisia, ker\u00e4ily- ja harrasteajoneuvoja.<\/p>\n<p>Tutkimme jokaista toimitettua ajoneuvoa suurella tarkkaavaisuudella: Piston Addictissa on joukko harrastajia, jotka ovat vanhojen ja nykyaikaisten autojen asiantuntijoita.<\/p>\n<p>Huutokauppamme tarjoavat t\u00e4ydellisen l\u00e4pin\u00e4kyvyyden, kattavammat listaukset ja oikeudenmukaisemmat maksut perinteisiin alustoihin verrattuna. Valitsemme laajan valikoiman merkkej\u00e4, malleja ja ajoneuvotyyppej\u00e4: haluamme n\u00e4hd\u00e4 niin paljon erilaisia ajoneuvoja kuin vain voit toivoa!<\/p>\n\t\t\t\t\t\t<\/div>\n\t\t\t\t<\/div>\n\t\t\t\t\t<\/div>\n\t\t<\/div>\n\t\t\t\t\t<\/div>\n\t\t<\/section>\n\t\t\t\t<section class=\"elementor-section elementor-top-section elementor-element elementor-element-38f2e81 elementor-section-content-middle story elementor-section-boxed elementor-section-height-default elementor-section-height-default\" data-id=\"38f2e81\" data-element_type=\"section\" data-settings=\"{&quot;background_background&quot;:&quot;gradient&quot;}\">\n\t\t\t\t\t\t<div class=\"elementor-container elementor-column-gap-default\">\n\t\t\t\t\t<div class=\"elementor-column elementor-col-100 elementor-top-column elementor-element elementor-element-71b8e7e\" data-id=\"71b8e7e\" data-element_type=\"column\">\n\t\t\t<div class=\"elementor-widget-wrap elementor-element-populated\">\n\t\t\t\t\t\t<div class=\"elementor-element elementor-element-205cd4d elementor-widget elementor-widget-text-editor\" data-id=\"205cd4d\" data-element_type=\"widget\" data-widget_type=\"text-editor.default\">\n\t\t\t\t<div class=\"elementor-widget-container\">\n\t\t\t\t\t\t\t\n          <h3>Todistus<\/h3>\n          <p>Rakastamme, kun ostajat ja myyj\u00e4t kertovat meille hyvist\u00e4 kokemuksistaan sivustollamme.<\/p>\n          <p>L\u00e4het\u00e4 meille osto- tai myyntitarinasi ja hienoja kuvia, niin julkaisemme suosittelusi.<\/p>\n          <p>\n            <a href=\"mailto:contact@pistonaddict.com\">L\u00e4het\u00e4 suosittelusi<\/a>\n          <\/p>\n        \t\t\t\t\t\t<\/div>\n\t\t\t\t<\/div>\n\t\t\t\t\t<\/div>\n\t\t<\/div>\n\t\t\t\t\t<\/div>\n\t\t<\/section>\n\t\t\t\t<\/div>\n\t\t","protected":false},"excerpt":{"rendered":"<p>Tietoja Piston Addict Historiamme Piston Addict on poikkeuksellisiin ajoneuvoihin erikoistunut nettihuutokauppa-alusta. Koska olemme harrastaneet autoja jo varhain, meille oli t\u00e4rke\u00e4\u00e4 tehd\u00e4 autojen ja moottoripy\u00f6rien myynnist\u00e4 ja ostamisesta helpompaa, jotta voit myyd\u00e4 tai ostaa ajoneuvon miss\u00e4 tahansa oletkin. l\u00f6ysit. Piston Addict syntyi halusta mullistaa k\u00e4ytettyjen ajoneuvojen markkinat yksinkertaisimmalla, sujuvimmalla ja l\u00e4pin\u00e4kyvimm\u00e4ll\u00e4 tavalla: tarvitset vain klikkauksen tai &#8230; <a title=\"Over ons\" class=\"read-more\" href=\"https:\/\/pistonaddict.com\/fi\/over-ons\/\">Lue lis\u00e4\u00e4<span class=\"screen-reader-text\">Over ons<\/span><\/a><\/p>\n","protected":false},"author":1,"featured_media":0,"parent":0,"menu_order":0,"comment_status":"closed","ping_status":"closed","template":"","meta":{"inline_featured_image":false,"footnotes":""},"acf":[],"yoast_head":"<!-- This site is optimized with the Yoast SEO plugin v22.5 - https:\/\/yoast.com\/wordpress\/plugins\/seo\/ -->\n<title>Over ons - Piston Addict<\/title>\n<meta name=\"robots\" content=\"index, follow, max-snippet:-1, max-image-preview:large, max-video-preview:-1\" \/>\n<link rel=\"canonical\" href=\"https:\/\/pistonaddict.com\/fi\/over-ons\/\" \/>\n<meta property=\"og:locale\" content=\"fi_FI\" \/>\n<meta property=\"og:type\" content=\"article\" \/>\n<meta property=\"og:title\" content=\"Over ons - Piston Addict\" \/>\n<meta property=\"og:description\" content=\"Tietoja Piston Addict Historiamme Piston Addict on poikkeuksellisiin ajoneuvoihin erikoistunut nettihuutokauppa-alusta. Koska olemme harrastaneet autoja jo varhain, meille oli t\u00e4rke\u00e4\u00e4 tehd\u00e4 autojen ja moottoripy\u00f6rien myynnist\u00e4 ja ostamisesta helpompaa, jotta voit myyd\u00e4 tai ostaa ajoneuvon miss\u00e4 tahansa oletkin. l\u00f6ysit. Piston Addict syntyi halusta mullistaa k\u00e4ytettyjen ajoneuvojen markkinat yksinkertaisimmalla, sujuvimmalla ja l\u00e4pin\u00e4kyvimm\u00e4ll\u00e4 tavalla: tarvitset vain klikkauksen tai ... Lue lis\u00e4\u00e4Over ons\" \/>\n<meta property=\"og:url\" content=\"https:\/\/pistonaddict.com\/fi\/over-ons\/\" \/>\n<meta property=\"og:site_name\" content=\"Piston Addict\" \/>\n<meta property=\"article:modified_time\" content=\"2023-01-04T11:23:04+00:00\" \/>\n<meta name=\"twitter:card\" content=\"summary_large_image\" \/>\n<meta name=\"twitter:label1\" content=\"Arvioitu lukuaika\" \/>\n\t<meta name=\"twitter:data1\" content=\"1 minute\" \/>\n<script type=\"application\/ld+json\" class=\"yoast-schema-graph\">{\"@context\":\"https:\/\/schema.org\",\"@graph\":[{\"@type\":\"WebPage\",\"@id\":\"https:\/\/pistonaddict.com\/fi\/over-ons\/\",\"url\":\"https:\/\/pistonaddict.com\/fi\/over-ons\/\",\"name\":\"Over ons - Piston Addict\",\"isPartOf\":{\"@id\":\"https:\/\/pistonaddict.com\/fi\/#website\"},\"datePublished\":\"2022-04-20T11:00:00+00:00\",\"dateModified\":\"2023-01-04T11:23:04+00:00\",\"breadcrumb\":{\"@id\":\"https:\/\/pistonaddict.com\/fi\/over-ons\/#breadcrumb\"},\"inLanguage\":\"fi\",\"potentialAction\":[{\"@type\":\"ReadAction\",\"target\":[\"https:\/\/pistonaddict.com\/fi\/over-ons\/\"]}]},{\"@type\":\"BreadcrumbList\",\"@id\":\"https:\/\/pistonaddict.com\/fi\/over-ons\/#breadcrumb\",\"itemListElement\":[{\"@type\":\"ListItem\",\"position\":1,\"name\":\"Kotisivu\",\"item\":\"https:\/\/pistonaddict.com\/fi\/kotisivu-2\/\"},{\"@type\":\"ListItem\",\"position\":2,\"name\":\"Over ons\"}]},{\"@type\":\"WebSite\",\"@id\":\"https:\/\/pistonaddict.com\/fi\/#website\",\"url\":\"https:\/\/pistonaddict.com\/fi\/\",\"name\":\"Piston Addict\",\"description\":\"Only interesting vehicles\",\"publisher\":{\"@id\":\"https:\/\/pistonaddict.com\/fi\/#organization\"},\"potentialAction\":[{\"@type\":\"SearchAction\",\"target\":{\"@type\":\"EntryPoint\",\"urlTemplate\":\"https:\/\/pistonaddict.com\/fi\/?s={search_term_string}\"},\"query-input\":\"required name=search_term_string\"}],\"inLanguage\":\"fi\"},{\"@type\":\"Organization\",\"@id\":\"https:\/\/pistonaddict.com\/fi\/#organization\",\"name\":\"Piston Addict\",\"url\":\"https:\/\/pistonaddict.com\/fi\/\",\"logo\":{\"@type\":\"ImageObject\",\"inLanguage\":\"fi\",\"@id\":\"https:\/\/pistonaddict.com\/fi\/#\/schema\/logo\/image\/\",\"url\":\"https:\/\/pistonaddict.com\/wp-content\/uploads\/2022\/07\/logo-6.png\",\"contentUrl\":\"https:\/\/pistonaddict.com\/wp-content\/uploads\/2022\/07\/logo-6.png\",\"width\":970,\"height\":200,\"caption\":\"Piston Addict\"},\"image\":{\"@id\":\"https:\/\/pistonaddict.com\/fi\/#\/schema\/logo\/image\/\"}}]}<\/script>\n<!-- \/ Yoast SEO plugin. -->","yoast_head_json":{"title":"Over ons - Piston Addict","robots":{"index":"index","follow":"follow","max-snippet":"max-snippet:-1","max-image-preview":"max-image-preview:large","max-video-preview":"max-video-preview:-1"},"canonical":"https:\/\/pistonaddict.com\/fi\/over-ons\/","og_locale":"fi_FI","og_type":"article","og_title":"Over ons - Piston Addict","og_description":"Tietoja Piston Addict Historiamme Piston Addict on poikkeuksellisiin ajoneuvoihin erikoistunut nettihuutokauppa-alusta. Koska olemme harrastaneet autoja jo varhain, meille oli t\u00e4rke\u00e4\u00e4 tehd\u00e4 autojen ja moottoripy\u00f6rien myynnist\u00e4 ja ostamisesta helpompaa, jotta voit myyd\u00e4 tai ostaa ajoneuvon miss\u00e4 tahansa oletkin. l\u00f6ysit. Piston Addict syntyi halusta mullistaa k\u00e4ytettyjen ajoneuvojen markkinat yksinkertaisimmalla, sujuvimmalla ja l\u00e4pin\u00e4kyvimm\u00e4ll\u00e4 tavalla: tarvitset vain klikkauksen tai ... Lue lis\u00e4\u00e4Over ons","og_url":"https:\/\/pistonaddict.com\/fi\/over-ons\/","og_site_name":"Piston Addict","article_modified_time":"2023-01-04T11:23:04+00:00","twitter_card":"summary_large_image","twitter_misc":{"Arvioitu lukuaika":"1 minute"},"schema":{"@context":"https:\/\/schema.org","@graph":[{"@type":"WebPage","@id":"https:\/\/pistonaddict.com\/fi\/over-ons\/","url":"https:\/\/pistonaddict.com\/fi\/over-ons\/","name":"Over ons - Piston Addict","isPartOf":{"@id":"https:\/\/pistonaddict.com\/fi\/#website"},"datePublished":"2022-04-20T11:00:00+00:00","dateModified":"2023-01-04T11:23:04+00:00","breadcrumb":{"@id":"https:\/\/pistonaddict.com\/fi\/over-ons\/#breadcrumb"},"inLanguage":"fi","potentialAction":[{"@type":"ReadAction","target":["https:\/\/pistonaddict.com\/fi\/over-ons\/"]}]},{"@type":"BreadcrumbList","@id":"https:\/\/pistonaddict.com\/fi\/over-ons\/#breadcrumb","itemListElement":[{"@type":"ListItem","position":1,"name":"Kotisivu","item":"https:\/\/pistonaddict.com\/fi\/kotisivu-2\/"},{"@type":"ListItem","position":2,"name":"Over ons"}]},{"@type":"WebSite","@id":"https:\/\/pistonaddict.com\/fi\/#website","url":"https:\/\/pistonaddict.com\/fi\/","name":"Piston Addict","description":"Only interesting vehicles","publisher":{"@id":"https:\/\/pistonaddict.com\/fi\/#organization"},"potentialAction":[{"@type":"SearchAction","target":{"@type":"EntryPoint","urlTemplate":"https:\/\/pistonaddict.com\/fi\/?s={search_term_string}"},"query-input":"required name=search_term_string"}],"inLanguage":"fi"},{"@type":"Organization","@id":"https:\/\/pistonaddict.com\/fi\/#organization","name":"Piston Addict","url":"https:\/\/pistonaddict.com\/fi\/","logo":{"@type":"ImageObject","inLanguage":"fi","@id":"https:\/\/pistonaddict.com\/fi\/#\/schema\/logo\/image\/","url":"https:\/\/pistonaddict.com\/wp-content\/uploads\/2022\/07\/logo-6.png","contentUrl":"https:\/\/pistonaddict.com\/wp-content\/uploads\/2022\/07\/logo-6.png","width":970,"height":200,"caption":"Piston Addict"},"image":{"@id":"https:\/\/pistonaddict.com\/fi\/#\/schema\/logo\/image\/"}}]}},"_links":{"self":[{"href":"https:\/\/pistonaddict.com\/fi\/wp-json\/wp\/v2\/pages\/22663"}],"collection":[{"href":"https:\/\/pistonaddict.com\/fi\/wp-json\/wp\/v2\/pages"}],"about":[{"href":"https:\/\/pistonaddict.com\/fi\/wp-json\/wp\/v2\/types\/page"}],"author":[{"embeddable":true,"href":"https:\/\/pistonaddict.com\/fi\/wp-json\/wp\/v2\/users\/1"}],"replies":[{"embeddable":true,"href":"https:\/\/pistonaddict.com\/fi\/wp-json\/wp\/v2\/comments?post=22663"}],"version-history":[{"count":1,"href":"https:\/\/pistonaddict.com\/fi\/wp-json\/wp\/v2\/pages\/22663\/revisions"}],"predecessor-version":[{"id":22665,"href":"https:\/\/pistonaddict.com\/fi\/wp-json\/wp\/v2\/pages\/22663\/revisions\/22665"}],"wp:attachment":[{"href":"https:\/\/pistonaddict.com\/fi\/wp-json\/wp\/v2\/media?parent=22663"}],"curies":[{"name":"wp","href":"https:\/\/api.w.org\/{rel}","templated":true}]}}