{"id":2034,"date":"2022-04-13T10:38:14","date_gmt":"2022-04-13T08:38:14","guid":{"rendered":"https:\/\/pistonaddict.com\/esimerkkisivu\/"},"modified":"2022-05-04T18:00:15","modified_gmt":"2022-05-04T16:00:15","slug":"esimerkkisivu","status":"publish","type":"page","link":"https:\/\/pistonaddict.com\/fi\/esimerkkisivu\/","title":{"rendered":"Esimerkkisivu"},"content":{"rendered":"\n<p>T\u00e4m\u00e4 on esimerkkisivu. Se eroaa blogikirjoituksesta, koska se pysyy yhdess\u00e4 paikassa ja n\u00e4kyy sivustosi navigaatiossa (useimmissa teemoissa). Useimmat ihmiset aloittavat &#8220;Tietoja&#8221;-sivulla, joka esittelee heid\u00e4t sivustolla vieraileville ihmisille. Se voisi n\u00e4ytt\u00e4\u00e4 jotain t\u00e4lt\u00e4:<\/p>\n\n<blockquote class=\"wp-block-quote\"><p>Hyv\u00e4\u00e4 huomenta ! Olen n\u00e4yttelij\u00e4ksi pyrkiv\u00e4 mekaanikko, ja t\u00e4m\u00e4 on sivustoni. Asun Bordeaux&#8217;ssa, minulla on upea koira nimelt\u00e4 Russell ja rakastan vodkaa (sek\u00e4 olen yll\u00e4ttynyt \u00e4killisest\u00e4 sateesta pitkien k\u00e4velylenkkien aikana rannalla auringonlaskun aikaan).<\/p><\/blockquote>\n\n<p>\u2026tai jotain t\u00e4m\u00e4n kaltaista:<\/p>\n\n<blockquote class=\"wp-block-quote\"><p>Yritys 123 Machin Truc perustettiin vuonna 1971, ja se on siit\u00e4 l\u00e4htien tarjonnut laadukkaita vempaimia yleis\u00f6lle. Saint-Remy-en-Bouzemont-Saint-Genest-et-Issonissa sijaitseva 123 Machin Truc ty\u00f6llist\u00e4\u00e4 2 000 ihmist\u00e4 ja valmistaa kaikenlaisia hienoja laitteita Bouzemont-yhteis\u00f6lle.<\/p><\/blockquote>\n\n<p>Uutena WordPress-k\u00e4ytt\u00e4j\u00e4n\u00e4 sinun tulee menn\u00e4 <a href=\"https:\/\/pistonaddict.com\/wp-admin\/\">hallintapaneeliin<\/a> poistaaksesi t\u00e4m\u00e4 sivu ja luodaksesi uusia sivuja sis\u00e4ll\u00f6llesi. Pid\u00e4 hauskaa !<\/p>\n","protected":false},"excerpt":{"rendered":"<p>T\u00e4m\u00e4 on esimerkkisivu. Se eroaa blogikirjoituksesta, koska se pysyy yhdess\u00e4 paikassa ja n\u00e4kyy sivustosi navigaatiossa (useimmissa teemoissa). Useimmat ihmiset aloittavat &#8220;Tietoja&#8221;-sivulla, joka esittelee heid\u00e4t sivustolla vieraileville ihmisille. Se voisi n\u00e4ytt\u00e4\u00e4 jotain t\u00e4lt\u00e4: Hyv\u00e4\u00e4 huomenta ! Olen n\u00e4yttelij\u00e4ksi pyrkiv\u00e4 mekaanikko, ja t\u00e4m\u00e4 on sivustoni. Asun Bordeaux&#8217;ssa, minulla on upea koira nimelt\u00e4 Russell ja rakastan vodkaa (sek\u00e4 &#8230; <a title=\"Esimerkkisivu\" class=\"read-more\" href=\"https:\/\/pistonaddict.com\/fi\/esimerkkisivu\/\">Lue lis\u00e4\u00e4<span class=\"screen-reader-text\">Esimerkkisivu<\/span><\/a><\/p>\n","protected":false},"author":1,"featured_media":0,"parent":0,"menu_order":0,"comment_status":"closed","ping_status":"closed","template":"","meta":{"inline_featured_image":false,"footnotes":""},"acf":[],"yoast_head":"<!-- This site is optimized with the Yoast SEO plugin v22.5 - https:\/\/yoast.com\/wordpress\/plugins\/seo\/ -->\n<title>Esimerkkisivu - Piston Addict<\/title>\n<meta name=\"robots\" content=\"index, follow, max-snippet:-1, max-image-preview:large, max-video-preview:-1\" \/>\n<link rel=\"canonical\" href=\"https:\/\/pistonaddict.com\/fi\/esimerkkisivu\/\" \/>\n<meta property=\"og:locale\" content=\"fi_FI\" \/>\n<meta property=\"og:type\" content=\"article\" \/>\n<meta property=\"og:title\" content=\"Esimerkkisivu - Piston Addict\" \/>\n<meta property=\"og:description\" content=\"T\u00e4m\u00e4 on esimerkkisivu. Se eroaa blogikirjoituksesta, koska se pysyy yhdess\u00e4 paikassa ja n\u00e4kyy sivustosi navigaatiossa (useimmissa teemoissa). Useimmat ihmiset aloittavat &#8220;Tietoja&#8221;-sivulla, joka esittelee heid\u00e4t sivustolla vieraileville ihmisille. Se voisi n\u00e4ytt\u00e4\u00e4 jotain t\u00e4lt\u00e4: Hyv\u00e4\u00e4 huomenta ! Olen n\u00e4yttelij\u00e4ksi pyrkiv\u00e4 mekaanikko, ja t\u00e4m\u00e4 on sivustoni. Asun Bordeaux&#8217;ssa, minulla on upea koira nimelt\u00e4 Russell ja rakastan vodkaa (sek\u00e4 ... Lue lis\u00e4\u00e4Esimerkkisivu\" \/>\n<meta property=\"og:url\" content=\"https:\/\/pistonaddict.com\/fi\/esimerkkisivu\/\" \/>\n<meta property=\"og:site_name\" content=\"Piston Addict\" \/>\n<meta property=\"article:modified_time\" content=\"2022-05-04T16:00:15+00:00\" \/>\n<meta name=\"twitter:card\" content=\"summary_large_image\" \/>\n<meta name=\"twitter:label1\" content=\"Arvioitu lukuaika\" \/>\n\t<meta name=\"twitter:data1\" content=\"1 minute\" \/>\n<script type=\"application\/ld+json\" class=\"yoast-schema-graph\">{\"@context\":\"https:\/\/schema.org\",\"@graph\":[{\"@type\":\"WebPage\",\"@id\":\"https:\/\/pistonaddict.com\/fi\/esimerkkisivu\/\",\"url\":\"https:\/\/pistonaddict.com\/fi\/esimerkkisivu\/\",\"name\":\"Esimerkkisivu - Piston Addict\",\"isPartOf\":{\"@id\":\"https:\/\/pistonaddict.com\/fi\/#website\"},\"datePublished\":\"2022-04-13T08:38:14+00:00\",\"dateModified\":\"2022-05-04T16:00:15+00:00\",\"breadcrumb\":{\"@id\":\"https:\/\/pistonaddict.com\/fi\/esimerkkisivu\/#breadcrumb\"},\"inLanguage\":\"fi\",\"potentialAction\":[{\"@type\":\"ReadAction\",\"target\":[\"https:\/\/pistonaddict.com\/fi\/esimerkkisivu\/\"]}]},{\"@type\":\"BreadcrumbList\",\"@id\":\"https:\/\/pistonaddict.com\/fi\/esimerkkisivu\/#breadcrumb\",\"itemListElement\":[{\"@type\":\"ListItem\",\"position\":1,\"name\":\"Kotisivu\",\"item\":\"https:\/\/pistonaddict.com\/fi\/kotisivu-2\/\"},{\"@type\":\"ListItem\",\"position\":2,\"name\":\"Esimerkkisivu\"}]},{\"@type\":\"WebSite\",\"@id\":\"https:\/\/pistonaddict.com\/fi\/#website\",\"url\":\"https:\/\/pistonaddict.com\/fi\/\",\"name\":\"Piston Addict\",\"description\":\"Only interesting vehicles\",\"publisher\":{\"@id\":\"https:\/\/pistonaddict.com\/fi\/#organization\"},\"potentialAction\":[{\"@type\":\"SearchAction\",\"target\":{\"@type\":\"EntryPoint\",\"urlTemplate\":\"https:\/\/pistonaddict.com\/fi\/?s={search_term_string}\"},\"query-input\":\"required name=search_term_string\"}],\"inLanguage\":\"fi\"},{\"@type\":\"Organization\",\"@id\":\"https:\/\/pistonaddict.com\/fi\/#organization\",\"name\":\"Piston Addict\",\"url\":\"https:\/\/pistonaddict.com\/fi\/\",\"logo\":{\"@type\":\"ImageObject\",\"inLanguage\":\"fi\",\"@id\":\"https:\/\/pistonaddict.com\/fi\/#\/schema\/logo\/image\/\",\"url\":\"https:\/\/pistonaddict.com\/wp-content\/uploads\/2022\/07\/logo-6.png\",\"contentUrl\":\"https:\/\/pistonaddict.com\/wp-content\/uploads\/2022\/07\/logo-6.png\",\"width\":970,\"height\":200,\"caption\":\"Piston Addict\"},\"image\":{\"@id\":\"https:\/\/pistonaddict.com\/fi\/#\/schema\/logo\/image\/\"}}]}<\/script>\n<!-- \/ Yoast SEO plugin. -->","yoast_head_json":{"title":"Esimerkkisivu - Piston Addict","robots":{"index":"index","follow":"follow","max-snippet":"max-snippet:-1","max-image-preview":"max-image-preview:large","max-video-preview":"max-video-preview:-1"},"canonical":"https:\/\/pistonaddict.com\/fi\/esimerkkisivu\/","og_locale":"fi_FI","og_type":"article","og_title":"Esimerkkisivu - Piston Addict","og_description":"T\u00e4m\u00e4 on esimerkkisivu. Se eroaa blogikirjoituksesta, koska se pysyy yhdess\u00e4 paikassa ja n\u00e4kyy sivustosi navigaatiossa (useimmissa teemoissa). Useimmat ihmiset aloittavat &#8220;Tietoja&#8221;-sivulla, joka esittelee heid\u00e4t sivustolla vieraileville ihmisille. Se voisi n\u00e4ytt\u00e4\u00e4 jotain t\u00e4lt\u00e4: Hyv\u00e4\u00e4 huomenta ! Olen n\u00e4yttelij\u00e4ksi pyrkiv\u00e4 mekaanikko, ja t\u00e4m\u00e4 on sivustoni. Asun Bordeaux&#8217;ssa, minulla on upea koira nimelt\u00e4 Russell ja rakastan vodkaa (sek\u00e4 ... Lue lis\u00e4\u00e4Esimerkkisivu","og_url":"https:\/\/pistonaddict.com\/fi\/esimerkkisivu\/","og_site_name":"Piston Addict","article_modified_time":"2022-05-04T16:00:15+00:00","twitter_card":"summary_large_image","twitter_misc":{"Arvioitu lukuaika":"1 minute"},"schema":{"@context":"https:\/\/schema.org","@graph":[{"@type":"WebPage","@id":"https:\/\/pistonaddict.com\/fi\/esimerkkisivu\/","url":"https:\/\/pistonaddict.com\/fi\/esimerkkisivu\/","name":"Esimerkkisivu - Piston Addict","isPartOf":{"@id":"https:\/\/pistonaddict.com\/fi\/#website"},"datePublished":"2022-04-13T08:38:14+00:00","dateModified":"2022-05-04T16:00:15+00:00","breadcrumb":{"@id":"https:\/\/pistonaddict.com\/fi\/esimerkkisivu\/#breadcrumb"},"inLanguage":"fi","potentialAction":[{"@type":"ReadAction","target":["https:\/\/pistonaddict.com\/fi\/esimerkkisivu\/"]}]},{"@type":"BreadcrumbList","@id":"https:\/\/pistonaddict.com\/fi\/esimerkkisivu\/#breadcrumb","itemListElement":[{"@type":"ListItem","position":1,"name":"Kotisivu","item":"https:\/\/pistonaddict.com\/fi\/kotisivu-2\/"},{"@type":"ListItem","position":2,"name":"Esimerkkisivu"}]},{"@type":"WebSite","@id":"https:\/\/pistonaddict.com\/fi\/#website","url":"https:\/\/pistonaddict.com\/fi\/","name":"Piston Addict","description":"Only interesting vehicles","publisher":{"@id":"https:\/\/pistonaddict.com\/fi\/#organization"},"potentialAction":[{"@type":"SearchAction","target":{"@type":"EntryPoint","urlTemplate":"https:\/\/pistonaddict.com\/fi\/?s={search_term_string}"},"query-input":"required name=search_term_string"}],"inLanguage":"fi"},{"@type":"Organization","@id":"https:\/\/pistonaddict.com\/fi\/#organization","name":"Piston Addict","url":"https:\/\/pistonaddict.com\/fi\/","logo":{"@type":"ImageObject","inLanguage":"fi","@id":"https:\/\/pistonaddict.com\/fi\/#\/schema\/logo\/image\/","url":"https:\/\/pistonaddict.com\/wp-content\/uploads\/2022\/07\/logo-6.png","contentUrl":"https:\/\/pistonaddict.com\/wp-content\/uploads\/2022\/07\/logo-6.png","width":970,"height":200,"caption":"Piston Addict"},"image":{"@id":"https:\/\/pistonaddict.com\/fi\/#\/schema\/logo\/image\/"}}]}},"_links":{"self":[{"href":"https:\/\/pistonaddict.com\/fi\/wp-json\/wp\/v2\/pages\/2034"}],"collection":[{"href":"https:\/\/pistonaddict.com\/fi\/wp-json\/wp\/v2\/pages"}],"about":[{"href":"https:\/\/pistonaddict.com\/fi\/wp-json\/wp\/v2\/types\/page"}],"author":[{"embeddable":true,"href":"https:\/\/pistonaddict.com\/fi\/wp-json\/wp\/v2\/users\/1"}],"replies":[{"embeddable":true,"href":"https:\/\/pistonaddict.com\/fi\/wp-json\/wp\/v2\/comments?post=2034"}],"version-history":[{"count":3,"href":"https:\/\/pistonaddict.com\/fi\/wp-json\/wp\/v2\/pages\/2034\/revisions"}],"predecessor-version":[{"id":4374,"href":"https:\/\/pistonaddict.com\/fi\/wp-json\/wp\/v2\/pages\/2034\/revisions\/4374"}],"wp:attachment":[{"href":"https:\/\/pistonaddict.com\/fi\/wp-json\/wp\/v2\/media?parent=2034"}],"curies":[{"name":"wp","href":"https:\/\/api.w.org\/{rel}","templated":true}]}}