{"id":98264,"date":"2024-03-20T15:15:43","date_gmt":"2024-03-20T14:15:43","guid":{"rendered":"https:\/\/pistonaddict.com\/product\/porsche-997-targa\/"},"modified":"2024-03-20T15:24:03","modified_gmt":"2024-03-20T14:24:03","slug":"porsche-997-targa","status":"publish","type":"product","link":"https:\/\/pistonaddict.com\/et\/product\/porsche-997-targa\/","title":{"rendered":"Porsche 997 Targa 4S"},"content":{"rendered":"<p><strong>Auto ajalugu<\/strong><\/p>\n<p>Kuuenda p\u00f5lvkonna ikooniline Porsche 911 esmaesitlus toimus 2004. aastal ja seda tuntakse sisemiselt 997. nime all. Selle eelk\u00e4ija, 996, on endiselt \u00fcks k\u00f5ige vastuolulisemaid 911-mudeleid, mida on kunagi toodetud, eelk\u00f5ige selle disaini ja vesijahutusega mootorite kasutuselev\u00f5tu t\u00f5ttu. 997-i kiideti aga \u00fcldiselt selle puhaste joonte ning tehnoloogia ja v\u00f5imsuse t\u00e4iustamise eest. Ehkki 997 on mehaaniliselt sarnane ja kasutab sama platvormi kui 996, oli see palju parem ja p\u00e4devam auto, r\u00e4\u00e4kimata sellest, et see oli kaasaegsem ja ilusam. Ei ole \u00fcllatav, et 997-i m\u00fc\u00fcgin\u00e4itajad t\u00f5estasid, et see oli m\u00fc\u00fcgiedu, sest 9 aasta jooksul toodeti \u00fcle 212 000 eksemplari. See konkreetne n\u00e4ide on siiski \u00fcsna haruldane, mitte ainult seet\u00f5ttu, et tegemist on varasema 997.1 mudeliga, vaid ka selle haruldase Targa kerestiili t\u00f5ttu. 2008. aastal tarniti vaid 1426 Targa 4S eksemplari ja v\u00e4ga v\u00e4hestel neist oli 6-k\u00e4iguline manuaalk\u00e4igukast. Kokku toodeti 997 p\u00f5lvkonna Targa 4S puhul ainult umbes 8400 autot. 3,8-liitrine 3,8-liitrine sisep\u00f5lemisega kuues mootor andis 350 hobuj\u00f5udu k\u00f5igile neljale rattale, mille tulemuseks oli muljetavaldav kiirendus ja suurep\u00e4rane teep\u00fcsivus mis tahes tingimustes. Tugeva j\u00f5udluse kombineerimine klaasist katuse \u00f5hulise tunnetusega ja manuaalk\u00e4igukasti mehaanilise tundega teeb selle eksemplari uskumatult huvitavaks igale t\u00f5elisele kollektsion\u00e4\u00e4rile.<\/p>\n<p><strong>Sisustus<\/strong><\/p>\n<p>Valmis mustast nahast haruldase ja valikulise nahast armatuurlauaga, 2008. aasta Porsche Targa 4S interj\u00f6\u00f6r on t\u00e4iuslikus seisukorras, ilma kahjustusteta ja v\u00e4heste kulumism\u00e4rkidega. Sellel eksemplaril on palju meelep\u00e4raseid lisavarustusi, nagu p\u00fcsikiiruse hoidja, lisahelis\u00fcsteem, elektrilised ja soojendusega nahast sportistmed, multifunktsionaalne rooliratas, navigatsioonis\u00fcsteem jne. K\u00f5ik t\u00f6\u00f6tab nii nagu peab, koos klaasist katusega, ja mingeid muudatusi ei ole tehtud. V\u00f5rreldes teiste tolleaegsete 911-idega on Targa \u00fcsna ainulaadne, sest see pakub kabriolettide vaba\u00f5hutunnet, kuid samas kupee mugavust ja aastaringset kasutatavust.<\/p>\n<p><strong>Auto seisund<\/strong><\/p>\n<p>Veidi \u00fcle 110 000 kilomeetri uuest aastast ja kaks hoolikat omanikku, see Porsche 911 Targa 4S on muljetavaldavas seisukorras ja hoolikalt hooldatud. Registritest selgub, et viimane suurem hooldus tehti 2022. aasta l\u00f5pus, kusjuures pidurid vaadati \u00fcle vaid m\u00f5ned p\u00e4evad tagasi, 2024. aasta m\u00e4rtsis. K\u00f5ik hooldusdokumendid on k\u00e4ttesaadavad, mis n\u00e4itavad, kui hoolikalt auto eest hoolitseti. See konkreetne auto tarniti Belgiasse.<\/p>\n<p><strong>V\u00e4limus ja rattad<\/strong><\/p>\n<p>See konkreetne n\u00e4ide on professionaalselt \u00fcmber v\u00e4rvitud algsesse tumehalli v\u00e4rvi, mis n\u00e4eb t\u00e4iuslik v\u00e4lja ja sobib originaalrataste ja musta interj\u00f6\u00f6riga. Nagu CarVerticalis mainitud, on ainus mainimist v\u00e4\u00e4riv detail v\u00e4ike vigastus tagumisel kaitserauas, mis parandati, nagu piltidel n\u00e4ha. Bridgestone&#8217;i rehvid, mis on korrektsete spetsifikatsioonidega, p\u00e4rinevad 2018. aastast ja on vaid veidi kulunud.<\/p>\n<p><strong>Dokumentatsioon<\/strong><\/p>\n<p>Edasim\u00fc\u00fcja m\u00fc\u00fcb seda autot koos asjakohaste dokumentidega ja asub Belgias. <a href=\"https:\/\/pistonaddict.com\/wp-content\/uploads\/2024\/03\/CarVertical-Porsche.pdf\">CarVerticali aruanne<\/a> on puhas, omandi\u00f5igus v\u00f5i juriidilised probleemid. Regulaarse hoolduse ja kviitungid on olemas.<\/p>\n","protected":false},"excerpt":{"rendered":"<p>Kuna 997 p\u00f5lvkond on t\u00e4iuslik tasakaal klassikalise 911 tunnetuse, kompaktsete m\u00f5\u00f5tmete, kommunikatiivse \u0161assii ning kaasaegse tehnoloogia ja funktsioonide vahel, on see 911 entusiastide seas \u00fcha populaarsem. See t\u00e4hendab, et see on j\u00e4rgmine suur asi 911 maailmas, mille hinnad t\u00f5usevad. Oletame, et te soovite h\u00fcpata 997 b\u00e4ndi. Sellisel juhul ei ole midagi paremat kui v\u00e4ga soovitav haruldases keret\u00fc\u00fcbis ja ihaldusv\u00e4\u00e4rse manuaalk\u00e4igukastiga, mis on valmis p\u00f5hjalikult nautima.<\/p>\n","protected":false},"featured_media":97671,"comment_status":"open","ping_status":"closed","template":"","meta":{"inline_featured_image":false},"product_cat":[736],"product_tag":[3924,3925,960,2304,3922],"acf":[],"yoast_head":"<!-- This site is optimized with the Yoast SEO plugin v22.5 - https:\/\/yoast.com\/wordpress\/plugins\/seo\/ -->\n<title>Porsche 997 Targa 4S - Piston Addict<\/title>\n<meta name=\"robots\" content=\"index, follow, max-snippet:-1, max-image-preview:large, max-video-preview:-1\" \/>\n<link rel=\"canonical\" href=\"https:\/\/pistonaddict.com\/et\/product\/porsche-997-targa\/\" \/>\n<meta property=\"og:locale\" content=\"et_EE\" \/>\n<meta property=\"og:type\" content=\"article\" \/>\n<meta property=\"og:title\" content=\"Porsche 997 Targa 4S - Piston Addict\" \/>\n<meta property=\"og:description\" content=\"Kuna 997 p\u00f5lvkond on t\u00e4iuslik tasakaal klassikalise 911 tunnetuse, kompaktsete m\u00f5\u00f5tmete, kommunikatiivse \u0161assii ning kaasaegse tehnoloogia ja funktsioonide vahel, on see 911 entusiastide seas \u00fcha populaarsem. See t\u00e4hendab, et see on j\u00e4rgmine suur asi 911 maailmas, mille hinnad t\u00f5usevad. Oletame, et te soovite h\u00fcpata 997 b\u00e4ndi. Sellisel juhul ei ole midagi paremat kui v\u00e4ga soovitav haruldases keret\u00fc\u00fcbis ja ihaldusv\u00e4\u00e4rse manuaalk\u00e4igukastiga, mis on valmis p\u00f5hjalikult nautima.\" \/>\n<meta property=\"og:url\" content=\"https:\/\/pistonaddict.com\/et\/product\/porsche-997-targa\/\" \/>\n<meta property=\"og:site_name\" content=\"Piston Addict\" \/>\n<meta property=\"article:modified_time\" content=\"2024-03-20T14:24:03+00:00\" \/>\n<meta property=\"og:image\" content=\"https:\/\/pistonaddict.com\/wp-content\/uploads\/2024\/03\/1-1-1024x611.png\" \/>\n\t<meta property=\"og:image:width\" content=\"1024\" \/>\n\t<meta property=\"og:image:height\" content=\"611\" \/>\n\t<meta property=\"og:image:type\" content=\"image\/png\" \/>\n<meta name=\"twitter:card\" content=\"summary_large_image\" \/>\n<meta name=\"twitter:label1\" content=\"Est. reading time\" \/>\n\t<meta name=\"twitter:data1\" content=\"2 minutit\" \/>\n<script type=\"application\/ld+json\" class=\"yoast-schema-graph\">{\"@context\":\"https:\/\/schema.org\",\"@graph\":[{\"@type\":\"WebPage\",\"@id\":\"https:\/\/pistonaddict.com\/et\/product\/porsche-997-targa\/\",\"url\":\"https:\/\/pistonaddict.com\/et\/product\/porsche-997-targa\/\",\"name\":\"Porsche 997 Targa 4S - Piston Addict\",\"isPartOf\":{\"@id\":\"https:\/\/pistonaddict.com\/et\/#website\"},\"primaryImageOfPage\":{\"@id\":\"https:\/\/pistonaddict.com\/et\/product\/porsche-997-targa\/#primaryimage\"},\"image\":{\"@id\":\"https:\/\/pistonaddict.com\/et\/product\/porsche-997-targa\/#primaryimage\"},\"thumbnailUrl\":\"https:\/\/pistonaddict.com\/wp-content\/uploads\/2024\/03\/1-1.png\",\"datePublished\":\"2024-03-20T14:15:43+00:00\",\"dateModified\":\"2024-03-20T14:24:03+00:00\",\"breadcrumb\":{\"@id\":\"https:\/\/pistonaddict.com\/et\/product\/porsche-997-targa\/#breadcrumb\"},\"inLanguage\":\"et\",\"potentialAction\":[{\"@type\":\"ReadAction\",\"target\":[\"https:\/\/pistonaddict.com\/et\/product\/porsche-997-targa\/\"]}]},{\"@type\":\"ImageObject\",\"inLanguage\":\"et\",\"@id\":\"https:\/\/pistonaddict.com\/et\/product\/porsche-997-targa\/#primaryimage\",\"url\":\"https:\/\/pistonaddict.com\/wp-content\/uploads\/2024\/03\/1-1.png\",\"contentUrl\":\"https:\/\/pistonaddict.com\/wp-content\/uploads\/2024\/03\/1-1.png\",\"width\":2778,\"height\":1657},{\"@type\":\"BreadcrumbList\",\"@id\":\"https:\/\/pistonaddict.com\/et\/product\/porsche-997-targa\/#breadcrumb\",\"itemListElement\":[{\"@type\":\"ListItem\",\"position\":1,\"name\":\"Koduleht\",\"item\":\"https:\/\/pistonaddict.com\/et\/koduleht-2\/\"},{\"@type\":\"ListItem\",\"position\":2,\"name\":\"Auctions\",\"item\":\"https:\/\/pistonaddict.com\/auctions-listing\/\"},{\"@type\":\"ListItem\",\"position\":3,\"name\":\"Porsche 997 Targa 4S\"}]},{\"@type\":\"WebSite\",\"@id\":\"https:\/\/pistonaddict.com\/et\/#website\",\"url\":\"https:\/\/pistonaddict.com\/et\/\",\"name\":\"Piston Addict\",\"description\":\"Only interesting vehicles\",\"publisher\":{\"@id\":\"https:\/\/pistonaddict.com\/et\/#organization\"},\"potentialAction\":[{\"@type\":\"SearchAction\",\"target\":{\"@type\":\"EntryPoint\",\"urlTemplate\":\"https:\/\/pistonaddict.com\/et\/?s={search_term_string}\"},\"query-input\":\"required name=search_term_string\"}],\"inLanguage\":\"et\"},{\"@type\":\"Organization\",\"@id\":\"https:\/\/pistonaddict.com\/et\/#organization\",\"name\":\"Piston Addict\",\"url\":\"https:\/\/pistonaddict.com\/et\/\",\"logo\":{\"@type\":\"ImageObject\",\"inLanguage\":\"et\",\"@id\":\"https:\/\/pistonaddict.com\/et\/#\/schema\/logo\/image\/\",\"url\":\"https:\/\/pistonaddict.com\/wp-content\/uploads\/2022\/07\/logo-6.png\",\"contentUrl\":\"https:\/\/pistonaddict.com\/wp-content\/uploads\/2022\/07\/logo-6.png\",\"width\":970,\"height\":200,\"caption\":\"Piston Addict\"},\"image\":{\"@id\":\"https:\/\/pistonaddict.com\/et\/#\/schema\/logo\/image\/\"}}]}<\/script>\n<!-- \/ Yoast SEO plugin. -->","yoast_head_json":{"title":"Porsche 997 Targa 4S - Piston Addict","robots":{"index":"index","follow":"follow","max-snippet":"max-snippet:-1","max-image-preview":"max-image-preview:large","max-video-preview":"max-video-preview:-1"},"canonical":"https:\/\/pistonaddict.com\/et\/product\/porsche-997-targa\/","og_locale":"et_EE","og_type":"article","og_title":"Porsche 997 Targa 4S - Piston Addict","og_description":"Kuna 997 p\u00f5lvkond on t\u00e4iuslik tasakaal klassikalise 911 tunnetuse, kompaktsete m\u00f5\u00f5tmete, kommunikatiivse \u0161assii ning kaasaegse tehnoloogia ja funktsioonide vahel, on see 911 entusiastide seas \u00fcha populaarsem. See t\u00e4hendab, et see on j\u00e4rgmine suur asi 911 maailmas, mille hinnad t\u00f5usevad. Oletame, et te soovite h\u00fcpata 997 b\u00e4ndi. Sellisel juhul ei ole midagi paremat kui v\u00e4ga soovitav haruldases keret\u00fc\u00fcbis ja ihaldusv\u00e4\u00e4rse manuaalk\u00e4igukastiga, mis on valmis p\u00f5hjalikult nautima.","og_url":"https:\/\/pistonaddict.com\/et\/product\/porsche-997-targa\/","og_site_name":"Piston Addict","article_modified_time":"2024-03-20T14:24:03+00:00","og_image":[{"width":1024,"height":611,"url":"https:\/\/pistonaddict.com\/wp-content\/uploads\/2024\/03\/1-1-1024x611.png","type":"image\/png"}],"twitter_card":"summary_large_image","twitter_misc":{"Est. reading time":"2 minutit"},"schema":{"@context":"https:\/\/schema.org","@graph":[{"@type":"WebPage","@id":"https:\/\/pistonaddict.com\/et\/product\/porsche-997-targa\/","url":"https:\/\/pistonaddict.com\/et\/product\/porsche-997-targa\/","name":"Porsche 997 Targa 4S - Piston Addict","isPartOf":{"@id":"https:\/\/pistonaddict.com\/et\/#website"},"primaryImageOfPage":{"@id":"https:\/\/pistonaddict.com\/et\/product\/porsche-997-targa\/#primaryimage"},"image":{"@id":"https:\/\/pistonaddict.com\/et\/product\/porsche-997-targa\/#primaryimage"},"thumbnailUrl":"https:\/\/pistonaddict.com\/wp-content\/uploads\/2024\/03\/1-1.png","datePublished":"2024-03-20T14:15:43+00:00","dateModified":"2024-03-20T14:24:03+00:00","breadcrumb":{"@id":"https:\/\/pistonaddict.com\/et\/product\/porsche-997-targa\/#breadcrumb"},"inLanguage":"et","potentialAction":[{"@type":"ReadAction","target":["https:\/\/pistonaddict.com\/et\/product\/porsche-997-targa\/"]}]},{"@type":"ImageObject","inLanguage":"et","@id":"https:\/\/pistonaddict.com\/et\/product\/porsche-997-targa\/#primaryimage","url":"https:\/\/pistonaddict.com\/wp-content\/uploads\/2024\/03\/1-1.png","contentUrl":"https:\/\/pistonaddict.com\/wp-content\/uploads\/2024\/03\/1-1.png","width":2778,"height":1657},{"@type":"BreadcrumbList","@id":"https:\/\/pistonaddict.com\/et\/product\/porsche-997-targa\/#breadcrumb","itemListElement":[{"@type":"ListItem","position":1,"name":"Koduleht","item":"https:\/\/pistonaddict.com\/et\/koduleht-2\/"},{"@type":"ListItem","position":2,"name":"Auctions","item":"https:\/\/pistonaddict.com\/auctions-listing\/"},{"@type":"ListItem","position":3,"name":"Porsche 997 Targa 4S"}]},{"@type":"WebSite","@id":"https:\/\/pistonaddict.com\/et\/#website","url":"https:\/\/pistonaddict.com\/et\/","name":"Piston Addict","description":"Only interesting vehicles","publisher":{"@id":"https:\/\/pistonaddict.com\/et\/#organization"},"potentialAction":[{"@type":"SearchAction","target":{"@type":"EntryPoint","urlTemplate":"https:\/\/pistonaddict.com\/et\/?s={search_term_string}"},"query-input":"required name=search_term_string"}],"inLanguage":"et"},{"@type":"Organization","@id":"https:\/\/pistonaddict.com\/et\/#organization","name":"Piston Addict","url":"https:\/\/pistonaddict.com\/et\/","logo":{"@type":"ImageObject","inLanguage":"et","@id":"https:\/\/pistonaddict.com\/et\/#\/schema\/logo\/image\/","url":"https:\/\/pistonaddict.com\/wp-content\/uploads\/2022\/07\/logo-6.png","contentUrl":"https:\/\/pistonaddict.com\/wp-content\/uploads\/2022\/07\/logo-6.png","width":970,"height":200,"caption":"Piston Addict"},"image":{"@id":"https:\/\/pistonaddict.com\/et\/#\/schema\/logo\/image\/"}}]}},"_links":{"self":[{"href":"https:\/\/pistonaddict.com\/et\/wp-json\/wp\/v2\/product\/98264"}],"collection":[{"href":"https:\/\/pistonaddict.com\/et\/wp-json\/wp\/v2\/product"}],"about":[{"href":"https:\/\/pistonaddict.com\/et\/wp-json\/wp\/v2\/types\/product"}],"replies":[{"embeddable":true,"href":"https:\/\/pistonaddict.com\/et\/wp-json\/wp\/v2\/comments?post=98264"}],"wp:featuredmedia":[{"embeddable":true,"href":"https:\/\/pistonaddict.com\/et\/wp-json\/wp\/v2\/media\/97671"}],"wp:attachment":[{"href":"https:\/\/pistonaddict.com\/et\/wp-json\/wp\/v2\/media?parent=98264"}],"wp:term":[{"taxonomy":"product_cat","embeddable":true,"href":"https:\/\/pistonaddict.com\/et\/wp-json\/wp\/v2\/product_cat?post=98264"},{"taxonomy":"product_tag","embeddable":true,"href":"https:\/\/pistonaddict.com\/et\/wp-json\/wp\/v2\/product_tag?post=98264"}],"curies":[{"name":"wp","href":"https:\/\/api.w.org\/{rel}","templated":true}]}}