{"id":97448,"date":"2024-03-15T18:51:57","date_gmt":"2024-03-15T17:51:57","guid":{"rendered":"https:\/\/pistonaddict.com\/product\/bmw-m4-competition\/"},"modified":"2024-03-20T14:16:41","modified_gmt":"2024-03-20T13:16:41","slug":"bmw-m4-voistlus","status":"publish","type":"product","link":"https:\/\/pistonaddict.com\/et\/product\/bmw-m4-voistlus\/","title":{"rendered":"BMW M4 Competition"},"content":{"rendered":"<h2>V\u00e4ljaspool<\/h2>\n<p>Alustame auto v\u00e4rvist &#8211; seda pruuniks nimetada oleks v\u00e4hemalt \u00f6elda eba\u00f5iglane. BMW nimetas selle Sepang Bronze&#8217;iks ja selle t\u00e4ielikuks hindamiseks tuleb autot n\u00e4ha p\u00e4ikese k\u00e4es. Kuid M4-i k\u00f5ige silmatorkavam omadus on selle s\u00fcsinikkiust valmistatud kokkupandav katus, mis muudab selle nii kergeks kui ka vastupidavaks. T\u00e4nu sellele saab see BMW \u00fche nupuvajutusega muutuda kupeelaadsest sportautost elegantseks linnakruiisijaks.<\/p>\n<p>Muud m\u00e4rkimisv\u00e4\u00e4rsed detailid on Xenon-esilaternad ees, 19-tollised veljed Michelin Pilot Sport rehvidega k\u00fcljel ja topeltv\u00e4ljalaskes\u00fcsteem taga. Nagu igal teisel M4-il, on ka sellel autol agressiivsed kaitserauad, ventilatsiooniavad kaitsekorvides ja keskelt v\u00e4ljavenitatud kapuuts.<\/p>\n<h2>Sisustus<\/h2>\n<p>Seestpoolt paistavad esimesena silma istmed, mis on polsterdatud pehme pruuni nahaga ja valgete \u00f5mblustega. Kuid lisaks sellele, et nad on sportlikud ja toetavad, nagu nende v\u00e4limus v\u00f5ib oletada, on nad ka v\u00e4ga mugavad. Kui istute, leiate end BMW-le iseloomuliku kolmespiikilise rooli ja lihtsa n\u00e4idikute paigutusega armatuurlaua tagant. See sisaldab spidomeetrit, mis l\u00f5peb 330 km\/h m\u00e4rgil, p\u00f6\u00f6rlemisloendurit, mis ulatub kuni 8000 p\u00f6\u00f6rdeni, ning k\u00fctusetaseme ja mootoritemperatuuri n\u00e4idikuid. Ja kui te ei taha k\u00f5vade kurvides alla vaadata, siis on olemas Head-Up ekraan, mis n\u00e4itab kogu olulist teavet tuuleklaasil.<\/p>\n<h2>Mehaanika<\/h2>\n<p>Peale uimastava v\u00e4limuse peab iga BMW olema \u00fclim s\u00f5idumasin. Ja sellel M4-l on mitu \u00e4ssa varrukas, mis aitavad tal neid ootusi t\u00e4ita. K\u00f5igepealt on kapoti all suurejooneline kaheturbolaadimisega rida kuues mootor, mis arendab rahustavaid 450 hobuj\u00f5udu. V\u00f5imsus j\u00f5uab tagaratastele 7-k\u00e4igulise topeltsiduriga k\u00e4igukasti ja elektrooniliselt juhitava piiratud libisemisega diferentsiaali kaudu.<\/p>\n<p>Kogu selle v\u00f5imsuse ja tehnoloogiaga j\u00f5uab M4 h\u00f5lpsasti 100 km\/h umbes 4 sekundiga ja kiirendab kuni 250 km\/h. Ja see l\u00e4heks t\u00f5en\u00e4oliselt palju kiiremini, kui poleks elektroonilist piirajat. L\u00f5puks, et aidata kiirusel k\u00f5ike kontrolli all hoida, on auto varustatud j\u00e4igendatud vedrustuse ja tohutute piduritega.<\/p>\n<h2>S\u00f5iduki ajalugu<\/h2>\n<p>L\u00f5petame paari s\u00f5naga BMW M4-i praeguse seisukorra kohta, mida m\u00fc\u00fcja kirjeldab kui laitmatut. Ja fotode ja esitatud video p\u00f5hjal v\u00f5ib \u00f6elda, et see on kindlasti nii, ilma n\u00e4htavate vigastusteta. Autot on regulaarselt hooldatud ja kontrollitud volitatud BMW edasim\u00fc\u00fcja poolt, viimane hooldus tehti juunis 2022.<\/p>\n<p>M\u00fc\u00fcja \u00fctleb, et praegu Belgias asuvat autot ei ole kasutatud rajal ega osalenud \u00f5nnetustes, mida kinnitab ka <a href=\"https:\/\/pistonaddict.com\/wp-content\/uploads\/2024\/03\/CarVerticalBMWM4.pdf\">CarVerticali s\u00f5idukiajaloo aruanne<\/a>.<\/p>\n<p><strong>Vaadake selle suurep\u00e4rase<\/strong> <strong>BMW M4 Competition<\/strong> &#8216;i <strong>k\u00fclmk\u00e4ivitusvideot<\/strong>:<\/p>\n<p><iframe title=\"Cold Start Video of the BMW M4 Competition\" width=\"1200\" height=\"675\" src=\"https:\/\/www.youtube.com\/embed\/-weepN3iz9c?feature=oembed\" frameborder=\"0\" allow=\"accelerometer; autoplay; clipboard-write; encrypted-media; gyroscope; picture-in-picture; web-share\" allowfullscreen><\/iframe><\/p>\n","protected":false},"excerpt":{"rendered":"<p>Kui otsite midagi, mis s\u00f5idab rajal rekordtempo, siis vajate sportautot. Teisest k\u00fcljest, kui eelistate p\u00e4ikesepaistelisel p\u00e4eval mugavat s\u00f5itu m\u00f6\u00f6da alevikku, oleks parim valik elegantse kabriolett. Aga kui soovite midagi, mis teeb m\u00f5lemat, siis meeldib teile kindlasti see BMW M4 Competition, mis meil on oksjonil. See on v\u00e4ga heas seisukorras, sellel on \u00fcks eelmine omanik ja sellel on 74.000 km.<\/p>\n","protected":false},"featured_media":96740,"comment_status":"open","ping_status":"closed","template":"","meta":{"inline_featured_image":false},"product_cat":[736],"product_tag":[3149,3116,925,3113],"acf":[],"yoast_head":"<!-- This site is optimized with the Yoast SEO plugin v22.5 - https:\/\/yoast.com\/wordpress\/plugins\/seo\/ -->\n<title>BMW M4 Competition - Piston Addict<\/title>\n<meta name=\"robots\" content=\"index, follow, max-snippet:-1, max-image-preview:large, max-video-preview:-1\" \/>\n<link rel=\"canonical\" href=\"https:\/\/pistonaddict.com\/et\/product\/bmw-m4-voistlus\/\" \/>\n<meta property=\"og:locale\" content=\"et_EE\" \/>\n<meta property=\"og:type\" content=\"article\" \/>\n<meta property=\"og:title\" content=\"BMW M4 Competition - Piston Addict\" \/>\n<meta property=\"og:description\" content=\"Kui otsite midagi, mis s\u00f5idab rajal rekordtempo, siis vajate sportautot. Teisest k\u00fcljest, kui eelistate p\u00e4ikesepaistelisel p\u00e4eval mugavat s\u00f5itu m\u00f6\u00f6da alevikku, oleks parim valik elegantse kabriolett. Aga kui soovite midagi, mis teeb m\u00f5lemat, siis meeldib teile kindlasti see BMW M4 Competition, mis meil on oksjonil. See on v\u00e4ga heas seisukorras, sellel on \u00fcks eelmine omanik ja sellel on 74.000 km.\" \/>\n<meta property=\"og:url\" content=\"https:\/\/pistonaddict.com\/et\/product\/bmw-m4-voistlus\/\" \/>\n<meta property=\"og:site_name\" content=\"Piston Addict\" \/>\n<meta property=\"article:modified_time\" content=\"2024-03-20T13:16:41+00:00\" \/>\n<meta property=\"og:image\" content=\"https:\/\/pistonaddict.com\/wp-content\/uploads\/2024\/03\/1-1024x612.png\" \/>\n\t<meta property=\"og:image:width\" content=\"1024\" \/>\n\t<meta property=\"og:image:height\" content=\"612\" \/>\n\t<meta property=\"og:image:type\" content=\"image\/png\" \/>\n<meta name=\"twitter:card\" content=\"summary_large_image\" \/>\n<meta name=\"twitter:label1\" content=\"Est. reading time\" \/>\n\t<meta name=\"twitter:data1\" content=\"2 minutit\" \/>\n<script type=\"application\/ld+json\" class=\"yoast-schema-graph\">{\"@context\":\"https:\/\/schema.org\",\"@graph\":[{\"@type\":\"WebPage\",\"@id\":\"https:\/\/pistonaddict.com\/et\/product\/bmw-m4-voistlus\/\",\"url\":\"https:\/\/pistonaddict.com\/et\/product\/bmw-m4-voistlus\/\",\"name\":\"BMW M4 Competition - Piston Addict\",\"isPartOf\":{\"@id\":\"https:\/\/pistonaddict.com\/et\/#website\"},\"primaryImageOfPage\":{\"@id\":\"https:\/\/pistonaddict.com\/et\/product\/bmw-m4-voistlus\/#primaryimage\"},\"image\":{\"@id\":\"https:\/\/pistonaddict.com\/et\/product\/bmw-m4-voistlus\/#primaryimage\"},\"thumbnailUrl\":\"https:\/\/pistonaddict.com\/wp-content\/uploads\/2024\/03\/1.png\",\"datePublished\":\"2024-03-15T17:51:57+00:00\",\"dateModified\":\"2024-03-20T13:16:41+00:00\",\"breadcrumb\":{\"@id\":\"https:\/\/pistonaddict.com\/et\/product\/bmw-m4-voistlus\/#breadcrumb\"},\"inLanguage\":\"et\",\"potentialAction\":[{\"@type\":\"ReadAction\",\"target\":[\"https:\/\/pistonaddict.com\/et\/product\/bmw-m4-voistlus\/\"]}]},{\"@type\":\"ImageObject\",\"inLanguage\":\"et\",\"@id\":\"https:\/\/pistonaddict.com\/et\/product\/bmw-m4-voistlus\/#primaryimage\",\"url\":\"https:\/\/pistonaddict.com\/wp-content\/uploads\/2024\/03\/1.png\",\"contentUrl\":\"https:\/\/pistonaddict.com\/wp-content\/uploads\/2024\/03\/1.png\",\"width\":2778,\"height\":1660},{\"@type\":\"BreadcrumbList\",\"@id\":\"https:\/\/pistonaddict.com\/et\/product\/bmw-m4-voistlus\/#breadcrumb\",\"itemListElement\":[{\"@type\":\"ListItem\",\"position\":1,\"name\":\"Koduleht\",\"item\":\"https:\/\/pistonaddict.com\/et\/koduleht-2\/\"},{\"@type\":\"ListItem\",\"position\":2,\"name\":\"Auctions\",\"item\":\"https:\/\/pistonaddict.com\/auctions-listing\/\"},{\"@type\":\"ListItem\",\"position\":3,\"name\":\"BMW M4 Competition\"}]},{\"@type\":\"WebSite\",\"@id\":\"https:\/\/pistonaddict.com\/et\/#website\",\"url\":\"https:\/\/pistonaddict.com\/et\/\",\"name\":\"Piston Addict\",\"description\":\"Only interesting vehicles\",\"publisher\":{\"@id\":\"https:\/\/pistonaddict.com\/et\/#organization\"},\"potentialAction\":[{\"@type\":\"SearchAction\",\"target\":{\"@type\":\"EntryPoint\",\"urlTemplate\":\"https:\/\/pistonaddict.com\/et\/?s={search_term_string}\"},\"query-input\":\"required name=search_term_string\"}],\"inLanguage\":\"et\"},{\"@type\":\"Organization\",\"@id\":\"https:\/\/pistonaddict.com\/et\/#organization\",\"name\":\"Piston Addict\",\"url\":\"https:\/\/pistonaddict.com\/et\/\",\"logo\":{\"@type\":\"ImageObject\",\"inLanguage\":\"et\",\"@id\":\"https:\/\/pistonaddict.com\/et\/#\/schema\/logo\/image\/\",\"url\":\"https:\/\/pistonaddict.com\/wp-content\/uploads\/2022\/07\/logo-6.png\",\"contentUrl\":\"https:\/\/pistonaddict.com\/wp-content\/uploads\/2022\/07\/logo-6.png\",\"width\":970,\"height\":200,\"caption\":\"Piston Addict\"},\"image\":{\"@id\":\"https:\/\/pistonaddict.com\/et\/#\/schema\/logo\/image\/\"}}]}<\/script>\n<!-- \/ Yoast SEO plugin. -->","yoast_head_json":{"title":"BMW M4 Competition - Piston Addict","robots":{"index":"index","follow":"follow","max-snippet":"max-snippet:-1","max-image-preview":"max-image-preview:large","max-video-preview":"max-video-preview:-1"},"canonical":"https:\/\/pistonaddict.com\/et\/product\/bmw-m4-voistlus\/","og_locale":"et_EE","og_type":"article","og_title":"BMW M4 Competition - Piston Addict","og_description":"Kui otsite midagi, mis s\u00f5idab rajal rekordtempo, siis vajate sportautot. Teisest k\u00fcljest, kui eelistate p\u00e4ikesepaistelisel p\u00e4eval mugavat s\u00f5itu m\u00f6\u00f6da alevikku, oleks parim valik elegantse kabriolett. Aga kui soovite midagi, mis teeb m\u00f5lemat, siis meeldib teile kindlasti see BMW M4 Competition, mis meil on oksjonil. See on v\u00e4ga heas seisukorras, sellel on \u00fcks eelmine omanik ja sellel on 74.000 km.","og_url":"https:\/\/pistonaddict.com\/et\/product\/bmw-m4-voistlus\/","og_site_name":"Piston Addict","article_modified_time":"2024-03-20T13:16:41+00:00","og_image":[{"width":1024,"height":612,"url":"https:\/\/pistonaddict.com\/wp-content\/uploads\/2024\/03\/1-1024x612.png","type":"image\/png"}],"twitter_card":"summary_large_image","twitter_misc":{"Est. reading time":"2 minutit"},"schema":{"@context":"https:\/\/schema.org","@graph":[{"@type":"WebPage","@id":"https:\/\/pistonaddict.com\/et\/product\/bmw-m4-voistlus\/","url":"https:\/\/pistonaddict.com\/et\/product\/bmw-m4-voistlus\/","name":"BMW M4 Competition - Piston Addict","isPartOf":{"@id":"https:\/\/pistonaddict.com\/et\/#website"},"primaryImageOfPage":{"@id":"https:\/\/pistonaddict.com\/et\/product\/bmw-m4-voistlus\/#primaryimage"},"image":{"@id":"https:\/\/pistonaddict.com\/et\/product\/bmw-m4-voistlus\/#primaryimage"},"thumbnailUrl":"https:\/\/pistonaddict.com\/wp-content\/uploads\/2024\/03\/1.png","datePublished":"2024-03-15T17:51:57+00:00","dateModified":"2024-03-20T13:16:41+00:00","breadcrumb":{"@id":"https:\/\/pistonaddict.com\/et\/product\/bmw-m4-voistlus\/#breadcrumb"},"inLanguage":"et","potentialAction":[{"@type":"ReadAction","target":["https:\/\/pistonaddict.com\/et\/product\/bmw-m4-voistlus\/"]}]},{"@type":"ImageObject","inLanguage":"et","@id":"https:\/\/pistonaddict.com\/et\/product\/bmw-m4-voistlus\/#primaryimage","url":"https:\/\/pistonaddict.com\/wp-content\/uploads\/2024\/03\/1.png","contentUrl":"https:\/\/pistonaddict.com\/wp-content\/uploads\/2024\/03\/1.png","width":2778,"height":1660},{"@type":"BreadcrumbList","@id":"https:\/\/pistonaddict.com\/et\/product\/bmw-m4-voistlus\/#breadcrumb","itemListElement":[{"@type":"ListItem","position":1,"name":"Koduleht","item":"https:\/\/pistonaddict.com\/et\/koduleht-2\/"},{"@type":"ListItem","position":2,"name":"Auctions","item":"https:\/\/pistonaddict.com\/auctions-listing\/"},{"@type":"ListItem","position":3,"name":"BMW M4 Competition"}]},{"@type":"WebSite","@id":"https:\/\/pistonaddict.com\/et\/#website","url":"https:\/\/pistonaddict.com\/et\/","name":"Piston Addict","description":"Only interesting vehicles","publisher":{"@id":"https:\/\/pistonaddict.com\/et\/#organization"},"potentialAction":[{"@type":"SearchAction","target":{"@type":"EntryPoint","urlTemplate":"https:\/\/pistonaddict.com\/et\/?s={search_term_string}"},"query-input":"required name=search_term_string"}],"inLanguage":"et"},{"@type":"Organization","@id":"https:\/\/pistonaddict.com\/et\/#organization","name":"Piston Addict","url":"https:\/\/pistonaddict.com\/et\/","logo":{"@type":"ImageObject","inLanguage":"et","@id":"https:\/\/pistonaddict.com\/et\/#\/schema\/logo\/image\/","url":"https:\/\/pistonaddict.com\/wp-content\/uploads\/2022\/07\/logo-6.png","contentUrl":"https:\/\/pistonaddict.com\/wp-content\/uploads\/2022\/07\/logo-6.png","width":970,"height":200,"caption":"Piston Addict"},"image":{"@id":"https:\/\/pistonaddict.com\/et\/#\/schema\/logo\/image\/"}}]}},"_links":{"self":[{"href":"https:\/\/pistonaddict.com\/et\/wp-json\/wp\/v2\/product\/97448"}],"collection":[{"href":"https:\/\/pistonaddict.com\/et\/wp-json\/wp\/v2\/product"}],"about":[{"href":"https:\/\/pistonaddict.com\/et\/wp-json\/wp\/v2\/types\/product"}],"replies":[{"embeddable":true,"href":"https:\/\/pistonaddict.com\/et\/wp-json\/wp\/v2\/comments?post=97448"}],"wp:featuredmedia":[{"embeddable":true,"href":"https:\/\/pistonaddict.com\/et\/wp-json\/wp\/v2\/media\/96740"}],"wp:attachment":[{"href":"https:\/\/pistonaddict.com\/et\/wp-json\/wp\/v2\/media?parent=97448"}],"wp:term":[{"taxonomy":"product_cat","embeddable":true,"href":"https:\/\/pistonaddict.com\/et\/wp-json\/wp\/v2\/product_cat?post=97448"},{"taxonomy":"product_tag","embeddable":true,"href":"https:\/\/pistonaddict.com\/et\/wp-json\/wp\/v2\/product_tag?post=97448"}],"curies":[{"name":"wp","href":"https:\/\/api.w.org\/{rel}","templated":true}]}}