{"id":96718,"date":"2024-03-15T17:17:18","date_gmt":"2024-03-15T16:17:18","guid":{"rendered":"https:\/\/pistonaddict.com\/product\/amg-sls-roadster\/"},"modified":"2024-03-19T16:40:25","modified_gmt":"2024-03-19T15:40:25","slug":"amg-sls-roadster","status":"publish","type":"product","link":"https:\/\/pistonaddict.com\/et\/product\/amg-sls-roadster\/","title":{"rendered":"AMG SLS Roadster"},"content":{"rendered":"<p><strong>Auto ajalugu<\/strong><\/p>\n<p>Automaailm oli vapustatud, kui Mercedes esitles 2010. aastal ikoonilist SLS AMG-d. Klassikaline l\u00e4henemine, kuid \u00fclimalt kaasaegne teostus, see oli t\u00f5up\u00e4rane sportauto, mis selgelt ammutas inspiratsiooni br\u00e4ndi kuulsast minevikust ja legendaarsest 300 SL Gullwingist. Ehkki Mercedes vaatas selle projekteerimisel minevikku, oli ettev\u00f5tte eesm\u00e4rk kaasaegse \u0161assiikonstruktsiooni, sisustuse, mugavuse ja ajamiga suunatud tulevikku. Selle pika kapoti all oli 6,2-liitrine V8 (koodnimi M156), mis andis 571 loodusliku mootoriga hobuj\u00f5udu, mis saadeti tagaratastele p\u00e4deva 7-k\u00e4igulise topeltsiduriga k\u00e4igukasti kaudu. Tulemuseks oli auto, mis n\u00e4eb h\u00e4mmastav v\u00e4lja ja on endiselt superauto kiire. Ajaga 0-100 km\/h vaid 3,8 sekundit ja tippkiirusega \u00fcle 310 km\/h on n\u00e4ha, miks Mercedes SLS AMG kuulub oma ajastu kiireimate autode hulka.<\/p>\n<p>Huvitav on see, et selle uskumatu masina tootmisperiood oli suhteliselt l\u00fchike, sest 2014. aastal l\u00f5petati selle mudeli tootmine. M\u00f5ned \u00fctlevad, et Mercedes tegi seda meelega, et tagada oma parima kaasaegse sportauto eksklusiivsus ja haruldus. Need kuulujutud v\u00f5ivad olla t\u00f5esed, sest ettev\u00f5te ei ole kunagi ametlikult avaldanud t\u00e4pseid tootmisn\u00e4itajaid. Hinnanguliselt tarniti umbes 8000 kupeed ja umbes 4000 roadsterit. See auto on \u00fcks neist 4000 eksemplarist, mis muudab selle veelgi eksklusiivsemaks ja m\u00fc\u00fctilisemaks.<\/p>\n<p><strong>Sisustus<\/strong><\/p>\n<p>Selle SLS AMG Roadsteri mustas nahast armatuurlauaga viimistletud interj\u00f6\u00f6r on suurep\u00e4rases seisukorras ilma igasuguste kasutusm\u00e4rkideta. Istmed ja uksekaardid on m\u00e4rgistamata; k\u00f5ik funktsioonid t\u00f6\u00f6tavad koos navigatsioonis\u00fcsteemi, lisaheli ning soojendusega ja elektriliselt juhitavate spordiistmetega. Kabriolettkatus on uues seisukorras ning avaneb ja sulgub ideaalselt.<\/p>\n<p><strong>Tingimus<\/strong><\/p>\n<p>Oleme alati r\u00f5\u00f5msad, kui saame pakkuda uues korras olevaid s\u00f5idukeid, ja see 2012. aasta Mercedes SLS AMG Roadster on \u00fcks neist. Seda s\u00f5idukit, millel on uuest ajast alates l\u00e4bitud vaid 19 000 kilomeetrit, kasutas esimene ja ainus omanik v\u00e4ga v\u00e4he ning selle keskmine l\u00e4bis\u00f5it j\u00e4i alla 2000 km aastas. See t\u00e4hendab, et see on mehaaniliselt ja esteetiliselt tippvormis ning on t\u00e4iesti originaalne alates tehasest. Viimane suurem hooldus tehti 2018. aastal, pidurid vaadati \u00fcle alles hiljuti, 2024. aasta m\u00e4rtsis. Auto eest hoolitses hoolikalt Mercedes&#8217;i edasim\u00fc\u00fcja.<\/p>\n<p><strong>V\u00e4limus ja rattad<\/strong><\/p>\n<p>Nii v\u00e4heste kilomeetrite l\u00e4bimise ja kinnisvarahoolduse t\u00f5ttu ei ole \u00fcllatav, et kere on nagu uus, ilma kriimustuste ja m\u00f5lkideta. See on viimistletud klassikalises Mercedese h\u00f5bedases v\u00e4rvitoonis (mis meenutab Silver Arrow v\u00f5idus\u00f5iduautosid) ja n\u00e4eb koos kontrastse musta sisustusega vapustav v\u00e4lja. Originaalsed 19-tollised veljed on olemas, mis on \u00fcmbritsetud Continental ContiSport Contact Performance kumiga (DOT 2017), millest on kasutatud umbes 50%.<\/p>\n<p><strong>Dokumentatsioon<\/strong><\/p>\n<p>Edasim\u00fc\u00fcja m\u00fc\u00fcb seda s\u00f5idukit algse omaniku nimel koos asjakohaste dokumentidega, mis asuvad Belgias. <a href=\"https:\/\/pistonaddict.com\/wp-content\/uploads\/2024\/03\/CarVerticalAMG.pdf\">CarVerticali aruanne<\/a> on puhas, ilma t\u00f5enditeta \u00f5nnetuste, \u00f5nnetusjuhtumite remondi, omandi\u00f5iguse v\u00f5i juriidiliste probleemide kohta. Regulaarse hoolduse ja kviitungid on olemas.<\/p>\n<p><strong>Vaadake selle h\u00e4mmastava AMG SLS Roadsteri k\u00fclmk\u00e4ivitusvideot:<\/strong><\/p>\n<p><iframe title=\"Cold Start Video of the AMG SLS Roadster\" width=\"1200\" height=\"675\" src=\"https:\/\/www.youtube.com\/embed\/vjLjXYVelXI?feature=oembed\" frameborder=\"0\" allow=\"accelerometer; autoplay; clipboard-write; encrypted-media; gyroscope; picture-in-picture; web-share\" allowfullscreen><\/iframe><\/p>\n","protected":false},"excerpt":{"rendered":"<p>Kui vaadata Stuttgardi moodsaid klassikuid, siis Mercedes SLS AMG-le ei tule midagi l\u00e4hedale. Oma retro-futuristliku disaini, v\u00f5imsa 6,2-liitrise V8 mootoriga ees ja suurep\u00e4rase j\u00f5udlusega on SLS Mercedese k\u00f5ige ihaldatum sportauto alates 1950. aastate originaalist, millest see liin alguse sai. SLS on igas aspektis suurep\u00e4rane auto, mis tuleb harva m\u00fc\u00fcgile, mis muudab selle v\u00e4hese l\u00e4bis\u00f5iduga, \u00fche omaniku ja praktiliselt uue eksemplari veelgi haruldasemaks ja ainulaadsemaks.<\/p>\n","protected":false},"featured_media":95991,"comment_status":"open","ping_status":"closed","template":"","meta":{"inline_featured_image":false},"product_cat":[736],"product_tag":[3064,2770,3061,925],"acf":[],"yoast_head":"<!-- This site is optimized with the Yoast SEO plugin v22.5 - https:\/\/yoast.com\/wordpress\/plugins\/seo\/ -->\n<title>AMG SLS Roadster - Piston Addict<\/title>\n<meta name=\"robots\" content=\"index, follow, max-snippet:-1, max-image-preview:large, max-video-preview:-1\" \/>\n<link rel=\"canonical\" href=\"https:\/\/pistonaddict.com\/et\/product\/amg-sls-roadster\/\" \/>\n<meta property=\"og:locale\" content=\"et_EE\" \/>\n<meta property=\"og:type\" content=\"article\" \/>\n<meta property=\"og:title\" content=\"AMG SLS Roadster - Piston Addict\" \/>\n<meta property=\"og:description\" content=\"Kui vaadata Stuttgardi moodsaid klassikuid, siis Mercedes SLS AMG-le ei tule midagi l\u00e4hedale. Oma retro-futuristliku disaini, v\u00f5imsa 6,2-liitrise V8 mootoriga ees ja suurep\u00e4rase j\u00f5udlusega on SLS Mercedese k\u00f5ige ihaldatum sportauto alates 1950. aastate originaalist, millest see liin alguse sai. SLS on igas aspektis suurep\u00e4rane auto, mis tuleb harva m\u00fc\u00fcgile, mis muudab selle v\u00e4hese l\u00e4bis\u00f5iduga, \u00fche omaniku ja praktiliselt uue eksemplari veelgi haruldasemaks ja ainulaadsemaks.\" \/>\n<meta property=\"og:url\" content=\"https:\/\/pistonaddict.com\/et\/product\/amg-sls-roadster\/\" \/>\n<meta property=\"og:site_name\" content=\"Piston Addict\" \/>\n<meta property=\"article:modified_time\" content=\"2024-03-19T15:40:25+00:00\" \/>\n<meta property=\"og:image\" content=\"https:\/\/pistonaddict.com\/wp-content\/uploads\/2024\/03\/1-scaled.jpg\" \/>\n\t<meta property=\"og:image:width\" content=\"2560\" \/>\n\t<meta property=\"og:image:height\" content=\"1527\" \/>\n\t<meta property=\"og:image:type\" content=\"image\/jpeg\" \/>\n<meta name=\"twitter:card\" content=\"summary_large_image\" \/>\n<meta name=\"twitter:label1\" content=\"Est. reading time\" \/>\n\t<meta name=\"twitter:data1\" content=\"2 minutit\" \/>\n<script type=\"application\/ld+json\" class=\"yoast-schema-graph\">{\"@context\":\"https:\/\/schema.org\",\"@graph\":[{\"@type\":\"WebPage\",\"@id\":\"https:\/\/pistonaddict.com\/et\/product\/amg-sls-roadster\/\",\"url\":\"https:\/\/pistonaddict.com\/et\/product\/amg-sls-roadster\/\",\"name\":\"AMG SLS Roadster - Piston Addict\",\"isPartOf\":{\"@id\":\"https:\/\/pistonaddict.com\/et\/#website\"},\"primaryImageOfPage\":{\"@id\":\"https:\/\/pistonaddict.com\/et\/product\/amg-sls-roadster\/#primaryimage\"},\"image\":{\"@id\":\"https:\/\/pistonaddict.com\/et\/product\/amg-sls-roadster\/#primaryimage\"},\"thumbnailUrl\":\"https:\/\/pistonaddict.com\/wp-content\/uploads\/2024\/03\/1-scaled.jpg\",\"datePublished\":\"2024-03-15T16:17:18+00:00\",\"dateModified\":\"2024-03-19T15:40:25+00:00\",\"breadcrumb\":{\"@id\":\"https:\/\/pistonaddict.com\/et\/product\/amg-sls-roadster\/#breadcrumb\"},\"inLanguage\":\"et\",\"potentialAction\":[{\"@type\":\"ReadAction\",\"target\":[\"https:\/\/pistonaddict.com\/et\/product\/amg-sls-roadster\/\"]}]},{\"@type\":\"ImageObject\",\"inLanguage\":\"et\",\"@id\":\"https:\/\/pistonaddict.com\/et\/product\/amg-sls-roadster\/#primaryimage\",\"url\":\"https:\/\/pistonaddict.com\/wp-content\/uploads\/2024\/03\/1-scaled.jpg\",\"contentUrl\":\"https:\/\/pistonaddict.com\/wp-content\/uploads\/2024\/03\/1-scaled.jpg\",\"width\":2560,\"height\":1527},{\"@type\":\"BreadcrumbList\",\"@id\":\"https:\/\/pistonaddict.com\/et\/product\/amg-sls-roadster\/#breadcrumb\",\"itemListElement\":[{\"@type\":\"ListItem\",\"position\":1,\"name\":\"Koduleht\",\"item\":\"https:\/\/pistonaddict.com\/et\/koduleht-2\/\"},{\"@type\":\"ListItem\",\"position\":2,\"name\":\"Auctions\",\"item\":\"https:\/\/pistonaddict.com\/auctions-listing\/\"},{\"@type\":\"ListItem\",\"position\":3,\"name\":\"AMG SLS Roadster\"}]},{\"@type\":\"WebSite\",\"@id\":\"https:\/\/pistonaddict.com\/et\/#website\",\"url\":\"https:\/\/pistonaddict.com\/et\/\",\"name\":\"Piston Addict\",\"description\":\"Only interesting vehicles\",\"publisher\":{\"@id\":\"https:\/\/pistonaddict.com\/et\/#organization\"},\"potentialAction\":[{\"@type\":\"SearchAction\",\"target\":{\"@type\":\"EntryPoint\",\"urlTemplate\":\"https:\/\/pistonaddict.com\/et\/?s={search_term_string}\"},\"query-input\":\"required name=search_term_string\"}],\"inLanguage\":\"et\"},{\"@type\":\"Organization\",\"@id\":\"https:\/\/pistonaddict.com\/et\/#organization\",\"name\":\"Piston Addict\",\"url\":\"https:\/\/pistonaddict.com\/et\/\",\"logo\":{\"@type\":\"ImageObject\",\"inLanguage\":\"et\",\"@id\":\"https:\/\/pistonaddict.com\/et\/#\/schema\/logo\/image\/\",\"url\":\"https:\/\/pistonaddict.com\/wp-content\/uploads\/2022\/07\/logo-6.png\",\"contentUrl\":\"https:\/\/pistonaddict.com\/wp-content\/uploads\/2022\/07\/logo-6.png\",\"width\":970,\"height\":200,\"caption\":\"Piston Addict\"},\"image\":{\"@id\":\"https:\/\/pistonaddict.com\/et\/#\/schema\/logo\/image\/\"}}]}<\/script>\n<!-- \/ Yoast SEO plugin. -->","yoast_head_json":{"title":"AMG SLS Roadster - Piston Addict","robots":{"index":"index","follow":"follow","max-snippet":"max-snippet:-1","max-image-preview":"max-image-preview:large","max-video-preview":"max-video-preview:-1"},"canonical":"https:\/\/pistonaddict.com\/et\/product\/amg-sls-roadster\/","og_locale":"et_EE","og_type":"article","og_title":"AMG SLS Roadster - Piston Addict","og_description":"Kui vaadata Stuttgardi moodsaid klassikuid, siis Mercedes SLS AMG-le ei tule midagi l\u00e4hedale. Oma retro-futuristliku disaini, v\u00f5imsa 6,2-liitrise V8 mootoriga ees ja suurep\u00e4rase j\u00f5udlusega on SLS Mercedese k\u00f5ige ihaldatum sportauto alates 1950. aastate originaalist, millest see liin alguse sai. SLS on igas aspektis suurep\u00e4rane auto, mis tuleb harva m\u00fc\u00fcgile, mis muudab selle v\u00e4hese l\u00e4bis\u00f5iduga, \u00fche omaniku ja praktiliselt uue eksemplari veelgi haruldasemaks ja ainulaadsemaks.","og_url":"https:\/\/pistonaddict.com\/et\/product\/amg-sls-roadster\/","og_site_name":"Piston Addict","article_modified_time":"2024-03-19T15:40:25+00:00","og_image":[{"width":2560,"height":1527,"url":"https:\/\/pistonaddict.com\/wp-content\/uploads\/2024\/03\/1-scaled.jpg","type":"image\/jpeg"}],"twitter_card":"summary_large_image","twitter_misc":{"Est. reading time":"2 minutit"},"schema":{"@context":"https:\/\/schema.org","@graph":[{"@type":"WebPage","@id":"https:\/\/pistonaddict.com\/et\/product\/amg-sls-roadster\/","url":"https:\/\/pistonaddict.com\/et\/product\/amg-sls-roadster\/","name":"AMG SLS Roadster - Piston Addict","isPartOf":{"@id":"https:\/\/pistonaddict.com\/et\/#website"},"primaryImageOfPage":{"@id":"https:\/\/pistonaddict.com\/et\/product\/amg-sls-roadster\/#primaryimage"},"image":{"@id":"https:\/\/pistonaddict.com\/et\/product\/amg-sls-roadster\/#primaryimage"},"thumbnailUrl":"https:\/\/pistonaddict.com\/wp-content\/uploads\/2024\/03\/1-scaled.jpg","datePublished":"2024-03-15T16:17:18+00:00","dateModified":"2024-03-19T15:40:25+00:00","breadcrumb":{"@id":"https:\/\/pistonaddict.com\/et\/product\/amg-sls-roadster\/#breadcrumb"},"inLanguage":"et","potentialAction":[{"@type":"ReadAction","target":["https:\/\/pistonaddict.com\/et\/product\/amg-sls-roadster\/"]}]},{"@type":"ImageObject","inLanguage":"et","@id":"https:\/\/pistonaddict.com\/et\/product\/amg-sls-roadster\/#primaryimage","url":"https:\/\/pistonaddict.com\/wp-content\/uploads\/2024\/03\/1-scaled.jpg","contentUrl":"https:\/\/pistonaddict.com\/wp-content\/uploads\/2024\/03\/1-scaled.jpg","width":2560,"height":1527},{"@type":"BreadcrumbList","@id":"https:\/\/pistonaddict.com\/et\/product\/amg-sls-roadster\/#breadcrumb","itemListElement":[{"@type":"ListItem","position":1,"name":"Koduleht","item":"https:\/\/pistonaddict.com\/et\/koduleht-2\/"},{"@type":"ListItem","position":2,"name":"Auctions","item":"https:\/\/pistonaddict.com\/auctions-listing\/"},{"@type":"ListItem","position":3,"name":"AMG SLS Roadster"}]},{"@type":"WebSite","@id":"https:\/\/pistonaddict.com\/et\/#website","url":"https:\/\/pistonaddict.com\/et\/","name":"Piston Addict","description":"Only interesting vehicles","publisher":{"@id":"https:\/\/pistonaddict.com\/et\/#organization"},"potentialAction":[{"@type":"SearchAction","target":{"@type":"EntryPoint","urlTemplate":"https:\/\/pistonaddict.com\/et\/?s={search_term_string}"},"query-input":"required name=search_term_string"}],"inLanguage":"et"},{"@type":"Organization","@id":"https:\/\/pistonaddict.com\/et\/#organization","name":"Piston Addict","url":"https:\/\/pistonaddict.com\/et\/","logo":{"@type":"ImageObject","inLanguage":"et","@id":"https:\/\/pistonaddict.com\/et\/#\/schema\/logo\/image\/","url":"https:\/\/pistonaddict.com\/wp-content\/uploads\/2022\/07\/logo-6.png","contentUrl":"https:\/\/pistonaddict.com\/wp-content\/uploads\/2022\/07\/logo-6.png","width":970,"height":200,"caption":"Piston Addict"},"image":{"@id":"https:\/\/pistonaddict.com\/et\/#\/schema\/logo\/image\/"}}]}},"_links":{"self":[{"href":"https:\/\/pistonaddict.com\/et\/wp-json\/wp\/v2\/product\/96718"}],"collection":[{"href":"https:\/\/pistonaddict.com\/et\/wp-json\/wp\/v2\/product"}],"about":[{"href":"https:\/\/pistonaddict.com\/et\/wp-json\/wp\/v2\/types\/product"}],"replies":[{"embeddable":true,"href":"https:\/\/pistonaddict.com\/et\/wp-json\/wp\/v2\/comments?post=96718"}],"wp:featuredmedia":[{"embeddable":true,"href":"https:\/\/pistonaddict.com\/et\/wp-json\/wp\/v2\/media\/95991"}],"wp:attachment":[{"href":"https:\/\/pistonaddict.com\/et\/wp-json\/wp\/v2\/media?parent=96718"}],"wp:term":[{"taxonomy":"product_cat","embeddable":true,"href":"https:\/\/pistonaddict.com\/et\/wp-json\/wp\/v2\/product_cat?post=96718"},{"taxonomy":"product_tag","embeddable":true,"href":"https:\/\/pistonaddict.com\/et\/wp-json\/wp\/v2\/product_tag?post=96718"}],"curies":[{"name":"wp","href":"https:\/\/api.w.org\/{rel}","templated":true}]}}