{"id":94119,"date":"2024-02-28T13:52:28","date_gmt":"2024-02-28T12:52:28","guid":{"rendered":"https:\/\/pistonaddict.com\/product\/fisker-karma\/"},"modified":"2024-03-19T16:38:43","modified_gmt":"2024-03-19T15:38:43","slug":"fisker-karma","status":"publish","type":"product","link":"https:\/\/pistonaddict.com\/et\/product\/fisker-karma\/","title":{"rendered":"Fisker Karma"},"content":{"rendered":"<h2>V\u00e4ljaspool<\/h2>\n<p>V\u00e4ljastpoolt, alustades esiosast, on Karmal madal nina koos laia v\u00f5rega ja pikliku Xenon-ajutuledega, mis annavad autole agressiivse hoiaku. See teema j\u00e4tkub ka k\u00fclgedel, kus lihaseline siluett domineerib 22-tollistele veljedele keeratud massiivsete poritiibade vahel. Itaalia superauto laias tagaosas annavad Karmale ainulaadse v\u00e4limuse maanteel, n\u00e4iteks elegantsed tagatuled ja k\u00f5larid kohas, kus ootaksime kroomitud korgiga v\u00e4ljalasketorusid.<\/p>\n<p>Auto on v\u00e4rvitud Deep Ocean blue toonis, mis n\u00e4eb selgetel p\u00e4evadel, kui p\u00e4ikesekiired toovad selle heleduse esile, v\u00e4ga efektne v\u00e4lja. Kui r\u00e4\u00e4kida p\u00e4ikesest, siis on Karma katusele integreeritud p\u00e4ikesepaneelid, mis t\u00e4hendab, et see saab ennast laadida, kui see lihtsalt \u00f5ue parkida.<\/p>\n<h2>Sisustus<\/h2>\n<p>Autosse sisenedes leiate end neljasihilise nahkrooli taga, mis raamib elegantset ja futuristlikku armatuurikomplekti. Vasakul on kiirusm\u00f5\u00f5dik, mis ulatub kuni 220 km\/h. Kuid paremal pool on p\u00f6\u00f6rete loenduri asemel aku mahutavuse ja selle n\u00e4it, kas aku on laetud v\u00f5i kasutatakse elektrit kiirendamiseks. Armatuurlaual on puuteekraan, mis on stereo-, navigatsiooni- ja kliimaseadme juhtimiskeskus.<\/p>\n<p>Kogu interj\u00f6\u00f6r on kaunistatud puidu, naha ja pehme Alcantara kombinatsiooniga, mis annab sellele suurep\u00e4rase tunde ja v\u00e4limuse. \u00dcks asi, mis silma torkab, on massiivne kesktunnel, mis on vajalik, sest seal asuvad akud.<\/p>\n<h2>Mehaanika<\/h2>\n<p>Nii uimastavalt kui see ka v\u00e4ljast ja seest v\u00e4lja ei paista, on Fiskeri mehaaniline alus k\u00f5ige muljetavaldavam. Kui avate kapoti, leiate selle alt mootori, nagu iga teise auto puhul. Seda turbolaadimisega 4-silindrilist mootorit ei kasutata siiski rataste j\u00f5uallikana. Selle asemel toimib see generaatorina, mis laeb akusid, kui need vajavad t\u00e4iendamist.<\/p>\n<p>Autot liigutavad kaks elektrimootorit, mis t\u00f6\u00f6tavad paarikaupa, et anda j\u00f5udu tagaratastele l\u00e4bi piiratud libisemisega diferentsiaali. See kombinatsioon v\u00f5ib anda kuni 409 hobuj\u00f5udu ja lausa 1300 N-m p\u00f6\u00f6rdemomenti, andes karmale j\u00f5udluse, mis vastab tema v\u00e4limusele.<\/p>\n<p>Kuna Fisker ei tahtnud, et auto oleks liiga raske, sest see kahjustaks juhitavust, ei ole akud ja sellest tulenev l\u00e4bilaskev\u00f5ime t\u00e4ielikult elektrilisel re\u017eiimil liiga suured. T\u00e4ielikult laetuna suudab Karma l\u00e4bida umbes 80 kilomeetrit, kasutades ainult elektrit. Kuid ausalt \u00f6eldes on sellest t\u00f5en\u00e4oliselt enamiku igap\u00e4evaste s\u00f5itude jaoks enam kui k\u00fcllalt, ja alati on olemas bensiinimootor varugeneraatorina.<\/p>\n<h2>S\u00f5iduki ajalugu<\/h2>\n<p>L\u00f5petuseks paar s\u00f5na Fiskeri seisundi kohta, mida m\u00fc\u00fcja kirjeldab kui suurep\u00e4rast. Ja kui aus olla, siis fotod ja l\u00fchivideo r\u00e4\u00e4givad sama lugu. Autot hooldati viimati novembris 2023 ja sellel ei ole mingeid puudusi ega vigu, v\u00e4lja arvatud rehvir\u00f5hu hoiatus armatuurlaual. Ilmselt on see tingitud sellest, et s\u00f5idukil on praegu 21-tollised j\u00e4relturu Schmid-veljed, samas kui TPMS-s\u00fcsteem on programmeeritud t\u00f6\u00f6tama koos 22-tollise suvise originaalseadmete seadistusega. Omanik \u00fctleb, et autot saab \u00fcmber kalibreerida, et see tunneks \u00e4ra alternatiivsed rehvim\u00f5\u00f5tmed, kuid ta ei ole sellega vaeva n\u00e4inud, sest ta s\u00f5idab sellega talvel harva. Lisaks sellele vahetati k\u00f5ik turvapadjad 2022. aastal v\u00e4lja Takata turvapadjakomplektide ulatusliku tagasikutsumise raames.<\/p>\n<p>Kuna tegemist on elektrilise h\u00fcbriidautoga, v\u00f5ib see tekitada muret akude seisundi p\u00e4rast, sest nende asendamine on v\u00e4ga kallis. Kuid m\u00fc\u00fcja s\u00f5nul ei ole p\u00f5hjust muretsemiseks, sest aku on 2023. aasta augustis kontrollitud Fisker Karma sertifitseeritud tehniku poolt, kes oli kinnitanud, et aku on endiselt t\u00e4isv\u00f5imsusel. Autoga on kaasas originaalne mobiililaadija, mis \u00fchendatakse 220 V pistikupesasse, ja k\u00e4sitsi kasutatav OBD2-koodilugeja. Austria tehniline \u00fclevaatus on edukalt l\u00e4bitud ja kehtib kuni augustini 2024.<\/p>\n<p>\u00dcks tulevikuhoolduse m\u00e4rkus &#8211; kuigi ainus Euroopa volitatud edasim\u00fc\u00fcja asub Hollandis, on v\u00f5imalus lasta oma kvalifitseeritud spetsialistil lennutada teie kohale, kus ta hoolitseb k\u00f5ige eest, mida on vaja teha (tingimusel, et remonti saab teha kohapeal).<\/p>\n<p>L\u00f5puks \u00fctleb m\u00fc\u00fcja, kes ostis selle 2019. aastal, et autol ei ole kunagi olnud \u00f5nnetusi ega kasutatud seda v\u00f5istlusrajal, mida saab lisaks kinnitada vastava <a href=\"https:\/\/pistonaddict.com\/wp-content\/uploads\/2024\/02\/FiskerKarma.pdf\">s\u00f5iduki ajalooaruandega<\/a>. Samuti v\u00e4\u00e4rib m\u00e4rkimist, et m\u00fc\u00fcja annab <a href=\"https:\/\/pistonaddict.com\/wp-content\/uploads\/2024\/02\/CoC1-rotated.jpg\">vastavustunnistuse<\/a>, kui ostja soovib s\u00f5idukit v\u00e4ljapoole Austriat viia, kus see Fisker on registreeritud esimesest p\u00e4evast peale.<\/p>\n<p><strong><br \/>\nVaadake selle suurep\u00e4rase Fisker Karma k\u00fclmk\u00e4ivitusvideot:<\/strong><\/p>\n<p><iframe title=\"Cold Start Video of the Fisker Karma\" width=\"1200\" height=\"675\" src=\"https:\/\/www.youtube.com\/embed\/Ct2_uFf2FEw?feature=oembed\" frameborder=\"0\" allow=\"accelerometer; autoplay; clipboard-write; encrypted-media; gyroscope; picture-in-picture; web-share\" allowfullscreen><\/iframe><\/p>\n","protected":false},"excerpt":{"rendered":"<p>Kui otsite sportautot, mis mahutab neli inimest ja nende pagasit, siis on palju valikuid. Aga kui soovite midagi, mis eristub peavoolu mudelitest, siis v\u00f5ib teile meeldida Fisker Karma. See pakub k\u00f5iki elektriautode eeliseid, kuid ei tekita raskusi ja lisakaalu, mis tavaliselt nendega kaasnevad. Veelgi enam, kogu see tehnikavidin on pakitud suurejoonelise v\u00e4limusega korpusesse. Ja siin on m\u00fc\u00fcgil 2012. aasta mudel, mida m\u00fc\u00fcb omanik ja mis on seni l\u00e4binud 67 000 kilomeetrit. Vaatame l\u00e4hemalt, mida see pakub.<\/p>\n","protected":false},"featured_media":93017,"comment_status":"open","ping_status":"closed","template":"","meta":{"inline_featured_image":false},"product_cat":[736],"product_tag":[2770,3040,925,1778,1774,3000],"acf":[],"yoast_head":"<!-- This site is optimized with the Yoast SEO plugin v22.5 - https:\/\/yoast.com\/wordpress\/plugins\/seo\/ -->\n<title>Fisker Karma - Piston Addict<\/title>\n<meta name=\"robots\" content=\"index, follow, max-snippet:-1, max-image-preview:large, max-video-preview:-1\" \/>\n<link rel=\"canonical\" href=\"https:\/\/pistonaddict.com\/et\/product\/fisker-karma\/\" \/>\n<meta property=\"og:locale\" content=\"et_EE\" \/>\n<meta property=\"og:type\" content=\"article\" \/>\n<meta property=\"og:title\" content=\"Fisker Karma - Piston Addict\" \/>\n<meta property=\"og:description\" content=\"Kui otsite sportautot, mis mahutab neli inimest ja nende pagasit, siis on palju valikuid. Aga kui soovite midagi, mis eristub peavoolu mudelitest, siis v\u00f5ib teile meeldida Fisker Karma. See pakub k\u00f5iki elektriautode eeliseid, kuid ei tekita raskusi ja lisakaalu, mis tavaliselt nendega kaasnevad. Veelgi enam, kogu see tehnikavidin on pakitud suurejoonelise v\u00e4limusega korpusesse. Ja siin on m\u00fc\u00fcgil 2012. aasta mudel, mida m\u00fc\u00fcb omanik ja mis on seni l\u00e4binud 67 000 kilomeetrit. Vaatame l\u00e4hemalt, mida see pakub.\" \/>\n<meta property=\"og:url\" content=\"https:\/\/pistonaddict.com\/et\/product\/fisker-karma\/\" \/>\n<meta property=\"og:site_name\" content=\"Piston Addict\" \/>\n<meta property=\"article:modified_time\" content=\"2024-03-19T15:38:43+00:00\" \/>\n<meta property=\"og:image\" content=\"https:\/\/pistonaddict.com\/wp-content\/uploads\/2024\/02\/1.jpg\" \/>\n\t<meta property=\"og:image:width\" content=\"1280\" \/>\n\t<meta property=\"og:image:height\" content=\"960\" \/>\n\t<meta property=\"og:image:type\" content=\"image\/jpeg\" \/>\n<meta name=\"twitter:card\" content=\"summary_large_image\" \/>\n<meta name=\"twitter:label1\" content=\"Est. reading time\" \/>\n\t<meta name=\"twitter:data1\" content=\"3 minutit\" \/>\n<script type=\"application\/ld+json\" class=\"yoast-schema-graph\">{\"@context\":\"https:\/\/schema.org\",\"@graph\":[{\"@type\":\"WebPage\",\"@id\":\"https:\/\/pistonaddict.com\/et\/product\/fisker-karma\/\",\"url\":\"https:\/\/pistonaddict.com\/et\/product\/fisker-karma\/\",\"name\":\"Fisker Karma - Piston Addict\",\"isPartOf\":{\"@id\":\"https:\/\/pistonaddict.com\/et\/#website\"},\"primaryImageOfPage\":{\"@id\":\"https:\/\/pistonaddict.com\/et\/product\/fisker-karma\/#primaryimage\"},\"image\":{\"@id\":\"https:\/\/pistonaddict.com\/et\/product\/fisker-karma\/#primaryimage\"},\"thumbnailUrl\":\"https:\/\/pistonaddict.com\/wp-content\/uploads\/2024\/02\/1.jpg\",\"datePublished\":\"2024-02-28T12:52:28+00:00\",\"dateModified\":\"2024-03-19T15:38:43+00:00\",\"breadcrumb\":{\"@id\":\"https:\/\/pistonaddict.com\/et\/product\/fisker-karma\/#breadcrumb\"},\"inLanguage\":\"et\",\"potentialAction\":[{\"@type\":\"ReadAction\",\"target\":[\"https:\/\/pistonaddict.com\/et\/product\/fisker-karma\/\"]}]},{\"@type\":\"ImageObject\",\"inLanguage\":\"et\",\"@id\":\"https:\/\/pistonaddict.com\/et\/product\/fisker-karma\/#primaryimage\",\"url\":\"https:\/\/pistonaddict.com\/wp-content\/uploads\/2024\/02\/1.jpg\",\"contentUrl\":\"https:\/\/pistonaddict.com\/wp-content\/uploads\/2024\/02\/1.jpg\",\"width\":1280,\"height\":960},{\"@type\":\"BreadcrumbList\",\"@id\":\"https:\/\/pistonaddict.com\/et\/product\/fisker-karma\/#breadcrumb\",\"itemListElement\":[{\"@type\":\"ListItem\",\"position\":1,\"name\":\"Koduleht\",\"item\":\"https:\/\/pistonaddict.com\/et\/koduleht-2\/\"},{\"@type\":\"ListItem\",\"position\":2,\"name\":\"Auctions\",\"item\":\"https:\/\/pistonaddict.com\/auctions-listing\/\"},{\"@type\":\"ListItem\",\"position\":3,\"name\":\"Fisker Karma\"}]},{\"@type\":\"WebSite\",\"@id\":\"https:\/\/pistonaddict.com\/et\/#website\",\"url\":\"https:\/\/pistonaddict.com\/et\/\",\"name\":\"Piston Addict\",\"description\":\"Only interesting vehicles\",\"publisher\":{\"@id\":\"https:\/\/pistonaddict.com\/et\/#organization\"},\"potentialAction\":[{\"@type\":\"SearchAction\",\"target\":{\"@type\":\"EntryPoint\",\"urlTemplate\":\"https:\/\/pistonaddict.com\/et\/?s={search_term_string}\"},\"query-input\":\"required name=search_term_string\"}],\"inLanguage\":\"et\"},{\"@type\":\"Organization\",\"@id\":\"https:\/\/pistonaddict.com\/et\/#organization\",\"name\":\"Piston Addict\",\"url\":\"https:\/\/pistonaddict.com\/et\/\",\"logo\":{\"@type\":\"ImageObject\",\"inLanguage\":\"et\",\"@id\":\"https:\/\/pistonaddict.com\/et\/#\/schema\/logo\/image\/\",\"url\":\"https:\/\/pistonaddict.com\/wp-content\/uploads\/2022\/07\/logo-6.png\",\"contentUrl\":\"https:\/\/pistonaddict.com\/wp-content\/uploads\/2022\/07\/logo-6.png\",\"width\":970,\"height\":200,\"caption\":\"Piston Addict\"},\"image\":{\"@id\":\"https:\/\/pistonaddict.com\/et\/#\/schema\/logo\/image\/\"}}]}<\/script>\n<!-- \/ Yoast SEO plugin. -->","yoast_head_json":{"title":"Fisker Karma - Piston Addict","robots":{"index":"index","follow":"follow","max-snippet":"max-snippet:-1","max-image-preview":"max-image-preview:large","max-video-preview":"max-video-preview:-1"},"canonical":"https:\/\/pistonaddict.com\/et\/product\/fisker-karma\/","og_locale":"et_EE","og_type":"article","og_title":"Fisker Karma - Piston Addict","og_description":"Kui otsite sportautot, mis mahutab neli inimest ja nende pagasit, siis on palju valikuid. Aga kui soovite midagi, mis eristub peavoolu mudelitest, siis v\u00f5ib teile meeldida Fisker Karma. See pakub k\u00f5iki elektriautode eeliseid, kuid ei tekita raskusi ja lisakaalu, mis tavaliselt nendega kaasnevad. Veelgi enam, kogu see tehnikavidin on pakitud suurejoonelise v\u00e4limusega korpusesse. Ja siin on m\u00fc\u00fcgil 2012. aasta mudel, mida m\u00fc\u00fcb omanik ja mis on seni l\u00e4binud 67 000 kilomeetrit. Vaatame l\u00e4hemalt, mida see pakub.","og_url":"https:\/\/pistonaddict.com\/et\/product\/fisker-karma\/","og_site_name":"Piston Addict","article_modified_time":"2024-03-19T15:38:43+00:00","og_image":[{"width":1280,"height":960,"url":"https:\/\/pistonaddict.com\/wp-content\/uploads\/2024\/02\/1.jpg","type":"image\/jpeg"}],"twitter_card":"summary_large_image","twitter_misc":{"Est. reading time":"3 minutit"},"schema":{"@context":"https:\/\/schema.org","@graph":[{"@type":"WebPage","@id":"https:\/\/pistonaddict.com\/et\/product\/fisker-karma\/","url":"https:\/\/pistonaddict.com\/et\/product\/fisker-karma\/","name":"Fisker Karma - Piston Addict","isPartOf":{"@id":"https:\/\/pistonaddict.com\/et\/#website"},"primaryImageOfPage":{"@id":"https:\/\/pistonaddict.com\/et\/product\/fisker-karma\/#primaryimage"},"image":{"@id":"https:\/\/pistonaddict.com\/et\/product\/fisker-karma\/#primaryimage"},"thumbnailUrl":"https:\/\/pistonaddict.com\/wp-content\/uploads\/2024\/02\/1.jpg","datePublished":"2024-02-28T12:52:28+00:00","dateModified":"2024-03-19T15:38:43+00:00","breadcrumb":{"@id":"https:\/\/pistonaddict.com\/et\/product\/fisker-karma\/#breadcrumb"},"inLanguage":"et","potentialAction":[{"@type":"ReadAction","target":["https:\/\/pistonaddict.com\/et\/product\/fisker-karma\/"]}]},{"@type":"ImageObject","inLanguage":"et","@id":"https:\/\/pistonaddict.com\/et\/product\/fisker-karma\/#primaryimage","url":"https:\/\/pistonaddict.com\/wp-content\/uploads\/2024\/02\/1.jpg","contentUrl":"https:\/\/pistonaddict.com\/wp-content\/uploads\/2024\/02\/1.jpg","width":1280,"height":960},{"@type":"BreadcrumbList","@id":"https:\/\/pistonaddict.com\/et\/product\/fisker-karma\/#breadcrumb","itemListElement":[{"@type":"ListItem","position":1,"name":"Koduleht","item":"https:\/\/pistonaddict.com\/et\/koduleht-2\/"},{"@type":"ListItem","position":2,"name":"Auctions","item":"https:\/\/pistonaddict.com\/auctions-listing\/"},{"@type":"ListItem","position":3,"name":"Fisker Karma"}]},{"@type":"WebSite","@id":"https:\/\/pistonaddict.com\/et\/#website","url":"https:\/\/pistonaddict.com\/et\/","name":"Piston Addict","description":"Only interesting vehicles","publisher":{"@id":"https:\/\/pistonaddict.com\/et\/#organization"},"potentialAction":[{"@type":"SearchAction","target":{"@type":"EntryPoint","urlTemplate":"https:\/\/pistonaddict.com\/et\/?s={search_term_string}"},"query-input":"required name=search_term_string"}],"inLanguage":"et"},{"@type":"Organization","@id":"https:\/\/pistonaddict.com\/et\/#organization","name":"Piston Addict","url":"https:\/\/pistonaddict.com\/et\/","logo":{"@type":"ImageObject","inLanguage":"et","@id":"https:\/\/pistonaddict.com\/et\/#\/schema\/logo\/image\/","url":"https:\/\/pistonaddict.com\/wp-content\/uploads\/2022\/07\/logo-6.png","contentUrl":"https:\/\/pistonaddict.com\/wp-content\/uploads\/2022\/07\/logo-6.png","width":970,"height":200,"caption":"Piston Addict"},"image":{"@id":"https:\/\/pistonaddict.com\/et\/#\/schema\/logo\/image\/"}}]}},"_links":{"self":[{"href":"https:\/\/pistonaddict.com\/et\/wp-json\/wp\/v2\/product\/94119"}],"collection":[{"href":"https:\/\/pistonaddict.com\/et\/wp-json\/wp\/v2\/product"}],"about":[{"href":"https:\/\/pistonaddict.com\/et\/wp-json\/wp\/v2\/types\/product"}],"replies":[{"embeddable":true,"href":"https:\/\/pistonaddict.com\/et\/wp-json\/wp\/v2\/comments?post=94119"}],"wp:featuredmedia":[{"embeddable":true,"href":"https:\/\/pistonaddict.com\/et\/wp-json\/wp\/v2\/media\/93017"}],"wp:attachment":[{"href":"https:\/\/pistonaddict.com\/et\/wp-json\/wp\/v2\/media?parent=94119"}],"wp:term":[{"taxonomy":"product_cat","embeddable":true,"href":"https:\/\/pistonaddict.com\/et\/wp-json\/wp\/v2\/product_cat?post=94119"},{"taxonomy":"product_tag","embeddable":true,"href":"https:\/\/pistonaddict.com\/et\/wp-json\/wp\/v2\/product_tag?post=94119"}],"curies":[{"name":"wp","href":"https:\/\/api.w.org\/{rel}","templated":true}]}}