{"id":92873,"date":"2024-02-23T14:19:05","date_gmt":"2024-02-23T13:19:05","guid":{"rendered":"https:\/\/pistonaddict.com\/product\/volkswagen-1303-kabriolett-triple-white-beetle\/"},"modified":"2024-03-20T09:46:41","modified_gmt":"2024-03-20T08:46:41","slug":"volkswagen-1303-kabriolett-kolmik-valge-peedu","status":"publish","type":"product","link":"https:\/\/pistonaddict.com\/et\/product\/volkswagen-1303-kabriolett-kolmik-valge-peedu\/","title":{"rendered":"Volkswagen 1303 Kabriolett Triple White Beetle"},"content":{"rendered":"<p>Kui tavaline Volkswagen Beetle oli \u00f6konoomne mudel, mis pani maailma ratastele, siis kabriolettversioon oli alati kallim ja prestii\u017esem. K\u00f5igepealt valmistas seda kuulus kerepood Karmann ja see sisaldas mitmeid muudatusi v\u00f5rreldes standardmudeliga. Tegemist ei olnud pelgalt rippkatusega Beetle&#8217;iga; see oli t\u00e4iesti erinev auto, millel oli t\u00e4iustatud \u0161assii, erinevad uksed, tuuleklaasid ja spetsiifilised paneelid. Pika tootmisperioodi l\u00f5pu poole sai Volkswagen Beetle Cabriolett uuendatud mootori, eesmised ketaspidurid ja rohkem funktsioone, muutes selle paremaks ja p\u00e4devamaks avatud kruiisilaevaks. T\u00e4na oleme uhked, et esitleme sellist autot. 1979. aasta Volkswagen 1303 kabriolett, mis on ainulaadse kolmekordse valge v\u00e4rvilahendusega, 1,6-liitrise sissepritsega mootoriga ja t\u00e4iesti originaalses seisukorras. Algselt USAs m\u00fc\u00fcdud hilisema mudeli Beetle kabriolette turustati Super Beetle&#8217;ina ja need on parema varustuse ja 48-hobuj\u00f5ulise mootori ning 130 km\/h tippkiiruse t\u00f5ttu \u00fched ihaldusv\u00e4\u00e4rsemad eksemplarid. See konkreetne auto toodeti 1979. aasta detsembris, mis teeb sellest \u00fche viimastest Beetle&#8217;i kabriolettidest, mille tootmine l\u00f5ppes 1980. aasta alguses. Volkswagen m\u00fc\u00fcs 1980. aastal vaid 4572 1303 kabrioletti, neist v\u00e4ga v\u00e4hesed olid Tripple-White&#8217;i v\u00e4rvi, ja see on \u00fcks neist. Nendel hilisematel mudelitel on mitu ainulaadset konstruktsiooniomadust, mis muudavad need veelgi praktilisemaks ja nauditavamaks. N\u00e4iteks suurem esipagasiruum ja kergelt kumer tuuleklaas v\u00e4hendasid tuule m\u00fcra, peamiselt siis, kui s\u00f5idetakse katuse all.<\/p>\n<p><strong>Sisustus<\/strong><\/p>\n<p>Valged vin\u00fc\u00fclist istmed on suurep\u00e4rases seisukorras ja selle pilkup\u00fc\u00fcdva Beetle&#8217;i interj\u00f6\u00f6r on t\u00e4ielikult originaal. T\u00e4nu puiduga kaetud armatuurlauale, ainulaadsele roolile ja paremale ergonoomiale on see k\u00f5ige k\u00f5rgema klassi Beetle&#8217;i juhtimiskeskkond. Armatuurlaud ei ole pragunenud; audios\u00fcsteemil on v\u00f5luv 80ndate Blaupunkt kassetiseadmestik.<\/p>\n<p><strong>Auto seisund<\/strong><\/p>\n<p>Vaid 94 000 kilomeetri l\u00e4bis\u00f5idu ja paari hoolika omanikuga 1303 kabriolett on saanud kasu restaureerimisest ja s\u00e4ilitanud originaalse, numbritega sobiva mootori ja k\u00e4igukasti. \u00dcldine seisukord on peaaegu t\u00e4iuslik, k\u00f5ik on t\u00f6\u00f6korras, roosteplekke ja v\u00e4rvimuutusi ei ole. Viimane hooldus tehti 2023. aasta oktoobris ja auto l\u00e4bis 2024. aasta tehnilise \u00fclevaatuse probleemideta. Sellise auto puhul on vin\u00fc\u00fclkatus sageli probleemne, kuid meil on hea meel teatada, et isegi see on t\u00e4iuslikus seisukorras, ilma rebenemiste ja lekkedeta. Veermik on sama puhas kui kere, roosteprobleemid puuduvad. Auto restaureeriti professionaalselt k\u00f5rgeimate standardite j\u00e4rgi originaalosadega ja seda hooldas VW spetsialist. Alates restaureerimisest on s\u00f5idukit hoitud kliimakontrollitud garaa\u017eis.<\/p>\n<p><strong>V\u00e4limus ja rattad<\/strong><\/p>\n<p>Signatuurne valge v\u00e4rvus on ideaalses seisukorras ning kolmekordne valge v\u00e4rvus on originaalne ja haruldane. Veljed on originaalsed 15-tollised, kroomitud rattakattega, mis on \u00fcmbritsetud uhiuue (DOT 2023) ja sobiva suurusega (175\/70\/R15) kummiga.<\/p>\n<p><strong>Dokumentatsioon<\/strong><\/p>\n<p>Eram\u00fc\u00fcja m\u00fc\u00fcb seda s\u00f5idukit koos asjakohaste dokumentidega Hollandis. <strong>Hollandi MOT (APK) kehtib kuni augustini 2024.<\/strong> Olemas on andmed regulaarse hoolduse, m\u00fc\u00fcgiarvete ja kviitungite kohta. Dokumentatsioon sisaldab originaalomaniku tiitlit, bro\u0161\u00fc\u00fcrid, <a href=\"https:\/\/pistonaddict.com\/wp-content\/uploads\/2024\/02\/Zertificat.pdf\" target=\"blank\" rel=\"noopener\">VW klassikaline ekspertiis<\/a> ja registreerimispaberid. Sellele mudelile ei ole tehasegarantiid.<\/p>\n<p><strong><br \/>\nVaadake selle kauni kabrioleti Beetle Triple White k\u00fclmk\u00e4ivitusvideot :<\/strong><\/p>\n<p>&nbsp;<\/p>\n<p><iframe title=\"Cold Start Video of the Volkswagen Coccinelle\/Beetle Cabriolet 1.6 Triple White\" width=\"1200\" height=\"675\" src=\"https:\/\/www.youtube.com\/embed\/G0rjRvyjhRo?feature=oembed\" frameborder=\"0\" allow=\"accelerometer; autoplay; clipboard-write; encrypted-media; gyroscope; picture-in-picture; web-share\" allowfullscreen><\/iframe><\/p>\n<p><strong> <\/strong><\/p>\n","protected":false},"excerpt":{"rendered":"<p>Volkswageni samanimeline Beetle oli \u00fcks 20. sajandi jumaldavaid autosid ja endiselt \u00fcks parimaid stardiklassikuid. Kuid selle kabriolettversioon on palju haruldasem, lahedam ja ideaalne vaba\u00f5hu rannas\u00f5iduks koos eksimatu flat-four-soundtrackiga. Kui olete vaimustunud klassikalise Beetle&#8217;i joontest, kuid otsite \u00fcht, millel oleks parem juhitavus ja v\u00f5imsus, siis on see auto teie jaoks ideaalne. Soovitavam, hilisem mudel 1303 kabriolett, millel on v\u00f5imsam ja k\u00fctuse sissepritsega mootor, valmis suvehooajaks.<\/p>\n","protected":false},"featured_media":92680,"comment_status":"open","ping_status":"closed","template":"","meta":{"inline_featured_image":false},"product_cat":[736],"product_tag":[2951,960,2948],"acf":[],"yoast_head":"<!-- This site is optimized with the Yoast SEO plugin v22.5 - https:\/\/yoast.com\/wordpress\/plugins\/seo\/ -->\n<title>Volkswagen 1303 Kabriolett Triple White Beetle - Piston Addict<\/title>\n<meta name=\"robots\" content=\"index, follow, max-snippet:-1, max-image-preview:large, max-video-preview:-1\" \/>\n<link rel=\"canonical\" href=\"https:\/\/pistonaddict.com\/et\/product\/volkswagen-1303-kabriolett-kolmik-valge-peedu\/\" \/>\n<meta property=\"og:locale\" content=\"et_EE\" \/>\n<meta property=\"og:type\" content=\"article\" \/>\n<meta property=\"og:title\" content=\"Volkswagen 1303 Kabriolett Triple White Beetle - Piston Addict\" \/>\n<meta property=\"og:description\" content=\"Volkswageni samanimeline Beetle oli \u00fcks 20. sajandi jumaldavaid autosid ja endiselt \u00fcks parimaid stardiklassikuid. Kuid selle kabriolettversioon on palju haruldasem, lahedam ja ideaalne vaba\u00f5hu rannas\u00f5iduks koos eksimatu flat-four-soundtrackiga. Kui olete vaimustunud klassikalise Beetle&#039;i joontest, kuid otsite \u00fcht, millel oleks parem juhitavus ja v\u00f5imsus, siis on see auto teie jaoks ideaalne. Soovitavam, hilisem mudel 1303 kabriolett, millel on v\u00f5imsam ja k\u00fctuse sissepritsega mootor, valmis suvehooajaks.\" \/>\n<meta property=\"og:url\" content=\"https:\/\/pistonaddict.com\/et\/product\/volkswagen-1303-kabriolett-kolmik-valge-peedu\/\" \/>\n<meta property=\"og:site_name\" content=\"Piston Addict\" \/>\n<meta property=\"article:modified_time\" content=\"2024-03-20T08:46:41+00:00\" \/>\n<meta property=\"og:image\" content=\"https:\/\/pistonaddict.com\/wp-content\/uploads\/2024\/02\/b2c02738-a5a6-4266-893c-b51da700edcd-1.jpg\" \/>\n\t<meta property=\"og:image:width\" content=\"1600\" \/>\n\t<meta property=\"og:image:height\" content=\"1200\" \/>\n\t<meta property=\"og:image:type\" content=\"image\/jpeg\" \/>\n<meta name=\"twitter:card\" content=\"summary_large_image\" \/>\n<meta name=\"twitter:label1\" content=\"Est. reading time\" \/>\n\t<meta name=\"twitter:data1\" content=\"2 minutit\" \/>\n<script type=\"application\/ld+json\" class=\"yoast-schema-graph\">{\"@context\":\"https:\/\/schema.org\",\"@graph\":[{\"@type\":\"WebPage\",\"@id\":\"https:\/\/pistonaddict.com\/et\/product\/volkswagen-1303-kabriolett-kolmik-valge-peedu\/\",\"url\":\"https:\/\/pistonaddict.com\/et\/product\/volkswagen-1303-kabriolett-kolmik-valge-peedu\/\",\"name\":\"Volkswagen 1303 Kabriolett Triple White Beetle - Piston Addict\",\"isPartOf\":{\"@id\":\"https:\/\/pistonaddict.com\/et\/#website\"},\"primaryImageOfPage\":{\"@id\":\"https:\/\/pistonaddict.com\/et\/product\/volkswagen-1303-kabriolett-kolmik-valge-peedu\/#primaryimage\"},\"image\":{\"@id\":\"https:\/\/pistonaddict.com\/et\/product\/volkswagen-1303-kabriolett-kolmik-valge-peedu\/#primaryimage\"},\"thumbnailUrl\":\"https:\/\/pistonaddict.com\/wp-content\/uploads\/2024\/02\/b2c02738-a5a6-4266-893c-b51da700edcd-1.jpg\",\"datePublished\":\"2024-02-23T13:19:05+00:00\",\"dateModified\":\"2024-03-20T08:46:41+00:00\",\"breadcrumb\":{\"@id\":\"https:\/\/pistonaddict.com\/et\/product\/volkswagen-1303-kabriolett-kolmik-valge-peedu\/#breadcrumb\"},\"inLanguage\":\"et\",\"potentialAction\":[{\"@type\":\"ReadAction\",\"target\":[\"https:\/\/pistonaddict.com\/et\/product\/volkswagen-1303-kabriolett-kolmik-valge-peedu\/\"]}]},{\"@type\":\"ImageObject\",\"inLanguage\":\"et\",\"@id\":\"https:\/\/pistonaddict.com\/et\/product\/volkswagen-1303-kabriolett-kolmik-valge-peedu\/#primaryimage\",\"url\":\"https:\/\/pistonaddict.com\/wp-content\/uploads\/2024\/02\/b2c02738-a5a6-4266-893c-b51da700edcd-1.jpg\",\"contentUrl\":\"https:\/\/pistonaddict.com\/wp-content\/uploads\/2024\/02\/b2c02738-a5a6-4266-893c-b51da700edcd-1.jpg\",\"width\":1600,\"height\":1200},{\"@type\":\"BreadcrumbList\",\"@id\":\"https:\/\/pistonaddict.com\/et\/product\/volkswagen-1303-kabriolett-kolmik-valge-peedu\/#breadcrumb\",\"itemListElement\":[{\"@type\":\"ListItem\",\"position\":1,\"name\":\"Koduleht\",\"item\":\"https:\/\/pistonaddict.com\/et\/koduleht-2\/\"},{\"@type\":\"ListItem\",\"position\":2,\"name\":\"Auctions\",\"item\":\"https:\/\/pistonaddict.com\/auctions-listing\/\"},{\"@type\":\"ListItem\",\"position\":3,\"name\":\"Volkswagen 1303 Kabriolett Triple White Beetle\"}]},{\"@type\":\"WebSite\",\"@id\":\"https:\/\/pistonaddict.com\/et\/#website\",\"url\":\"https:\/\/pistonaddict.com\/et\/\",\"name\":\"Piston Addict\",\"description\":\"Only interesting vehicles\",\"publisher\":{\"@id\":\"https:\/\/pistonaddict.com\/et\/#organization\"},\"potentialAction\":[{\"@type\":\"SearchAction\",\"target\":{\"@type\":\"EntryPoint\",\"urlTemplate\":\"https:\/\/pistonaddict.com\/et\/?s={search_term_string}\"},\"query-input\":\"required name=search_term_string\"}],\"inLanguage\":\"et\"},{\"@type\":\"Organization\",\"@id\":\"https:\/\/pistonaddict.com\/et\/#organization\",\"name\":\"Piston Addict\",\"url\":\"https:\/\/pistonaddict.com\/et\/\",\"logo\":{\"@type\":\"ImageObject\",\"inLanguage\":\"et\",\"@id\":\"https:\/\/pistonaddict.com\/et\/#\/schema\/logo\/image\/\",\"url\":\"https:\/\/pistonaddict.com\/wp-content\/uploads\/2022\/07\/logo-6.png\",\"contentUrl\":\"https:\/\/pistonaddict.com\/wp-content\/uploads\/2022\/07\/logo-6.png\",\"width\":970,\"height\":200,\"caption\":\"Piston Addict\"},\"image\":{\"@id\":\"https:\/\/pistonaddict.com\/et\/#\/schema\/logo\/image\/\"}}]}<\/script>\n<!-- \/ Yoast SEO plugin. -->","yoast_head_json":{"title":"Volkswagen 1303 Kabriolett Triple White Beetle - Piston Addict","robots":{"index":"index","follow":"follow","max-snippet":"max-snippet:-1","max-image-preview":"max-image-preview:large","max-video-preview":"max-video-preview:-1"},"canonical":"https:\/\/pistonaddict.com\/et\/product\/volkswagen-1303-kabriolett-kolmik-valge-peedu\/","og_locale":"et_EE","og_type":"article","og_title":"Volkswagen 1303 Kabriolett Triple White Beetle - Piston Addict","og_description":"Volkswageni samanimeline Beetle oli \u00fcks 20. sajandi jumaldavaid autosid ja endiselt \u00fcks parimaid stardiklassikuid. Kuid selle kabriolettversioon on palju haruldasem, lahedam ja ideaalne vaba\u00f5hu rannas\u00f5iduks koos eksimatu flat-four-soundtrackiga. Kui olete vaimustunud klassikalise Beetle'i joontest, kuid otsite \u00fcht, millel oleks parem juhitavus ja v\u00f5imsus, siis on see auto teie jaoks ideaalne. Soovitavam, hilisem mudel 1303 kabriolett, millel on v\u00f5imsam ja k\u00fctuse sissepritsega mootor, valmis suvehooajaks.","og_url":"https:\/\/pistonaddict.com\/et\/product\/volkswagen-1303-kabriolett-kolmik-valge-peedu\/","og_site_name":"Piston Addict","article_modified_time":"2024-03-20T08:46:41+00:00","og_image":[{"width":1600,"height":1200,"url":"https:\/\/pistonaddict.com\/wp-content\/uploads\/2024\/02\/b2c02738-a5a6-4266-893c-b51da700edcd-1.jpg","type":"image\/jpeg"}],"twitter_card":"summary_large_image","twitter_misc":{"Est. reading time":"2 minutit"},"schema":{"@context":"https:\/\/schema.org","@graph":[{"@type":"WebPage","@id":"https:\/\/pistonaddict.com\/et\/product\/volkswagen-1303-kabriolett-kolmik-valge-peedu\/","url":"https:\/\/pistonaddict.com\/et\/product\/volkswagen-1303-kabriolett-kolmik-valge-peedu\/","name":"Volkswagen 1303 Kabriolett Triple White Beetle - Piston Addict","isPartOf":{"@id":"https:\/\/pistonaddict.com\/et\/#website"},"primaryImageOfPage":{"@id":"https:\/\/pistonaddict.com\/et\/product\/volkswagen-1303-kabriolett-kolmik-valge-peedu\/#primaryimage"},"image":{"@id":"https:\/\/pistonaddict.com\/et\/product\/volkswagen-1303-kabriolett-kolmik-valge-peedu\/#primaryimage"},"thumbnailUrl":"https:\/\/pistonaddict.com\/wp-content\/uploads\/2024\/02\/b2c02738-a5a6-4266-893c-b51da700edcd-1.jpg","datePublished":"2024-02-23T13:19:05+00:00","dateModified":"2024-03-20T08:46:41+00:00","breadcrumb":{"@id":"https:\/\/pistonaddict.com\/et\/product\/volkswagen-1303-kabriolett-kolmik-valge-peedu\/#breadcrumb"},"inLanguage":"et","potentialAction":[{"@type":"ReadAction","target":["https:\/\/pistonaddict.com\/et\/product\/volkswagen-1303-kabriolett-kolmik-valge-peedu\/"]}]},{"@type":"ImageObject","inLanguage":"et","@id":"https:\/\/pistonaddict.com\/et\/product\/volkswagen-1303-kabriolett-kolmik-valge-peedu\/#primaryimage","url":"https:\/\/pistonaddict.com\/wp-content\/uploads\/2024\/02\/b2c02738-a5a6-4266-893c-b51da700edcd-1.jpg","contentUrl":"https:\/\/pistonaddict.com\/wp-content\/uploads\/2024\/02\/b2c02738-a5a6-4266-893c-b51da700edcd-1.jpg","width":1600,"height":1200},{"@type":"BreadcrumbList","@id":"https:\/\/pistonaddict.com\/et\/product\/volkswagen-1303-kabriolett-kolmik-valge-peedu\/#breadcrumb","itemListElement":[{"@type":"ListItem","position":1,"name":"Koduleht","item":"https:\/\/pistonaddict.com\/et\/koduleht-2\/"},{"@type":"ListItem","position":2,"name":"Auctions","item":"https:\/\/pistonaddict.com\/auctions-listing\/"},{"@type":"ListItem","position":3,"name":"Volkswagen 1303 Kabriolett Triple White Beetle"}]},{"@type":"WebSite","@id":"https:\/\/pistonaddict.com\/et\/#website","url":"https:\/\/pistonaddict.com\/et\/","name":"Piston Addict","description":"Only interesting vehicles","publisher":{"@id":"https:\/\/pistonaddict.com\/et\/#organization"},"potentialAction":[{"@type":"SearchAction","target":{"@type":"EntryPoint","urlTemplate":"https:\/\/pistonaddict.com\/et\/?s={search_term_string}"},"query-input":"required name=search_term_string"}],"inLanguage":"et"},{"@type":"Organization","@id":"https:\/\/pistonaddict.com\/et\/#organization","name":"Piston Addict","url":"https:\/\/pistonaddict.com\/et\/","logo":{"@type":"ImageObject","inLanguage":"et","@id":"https:\/\/pistonaddict.com\/et\/#\/schema\/logo\/image\/","url":"https:\/\/pistonaddict.com\/wp-content\/uploads\/2022\/07\/logo-6.png","contentUrl":"https:\/\/pistonaddict.com\/wp-content\/uploads\/2022\/07\/logo-6.png","width":970,"height":200,"caption":"Piston Addict"},"image":{"@id":"https:\/\/pistonaddict.com\/et\/#\/schema\/logo\/image\/"}}]}},"_links":{"self":[{"href":"https:\/\/pistonaddict.com\/et\/wp-json\/wp\/v2\/product\/92873"}],"collection":[{"href":"https:\/\/pistonaddict.com\/et\/wp-json\/wp\/v2\/product"}],"about":[{"href":"https:\/\/pistonaddict.com\/et\/wp-json\/wp\/v2\/types\/product"}],"replies":[{"embeddable":true,"href":"https:\/\/pistonaddict.com\/et\/wp-json\/wp\/v2\/comments?post=92873"}],"wp:featuredmedia":[{"embeddable":true,"href":"https:\/\/pistonaddict.com\/et\/wp-json\/wp\/v2\/media\/92680"}],"wp:attachment":[{"href":"https:\/\/pistonaddict.com\/et\/wp-json\/wp\/v2\/media?parent=92873"}],"wp:term":[{"taxonomy":"product_cat","embeddable":true,"href":"https:\/\/pistonaddict.com\/et\/wp-json\/wp\/v2\/product_cat?post=92873"},{"taxonomy":"product_tag","embeddable":true,"href":"https:\/\/pistonaddict.com\/et\/wp-json\/wp\/v2\/product_tag?post=92873"}],"curies":[{"name":"wp","href":"https:\/\/api.w.org\/{rel}","templated":true}]}}