{"id":89348,"date":"2024-01-31T11:03:43","date_gmt":"2024-01-31T10:03:43","guid":{"rendered":"https:\/\/pistonaddict.com\/product\/abarth-695-tributo-ferrari-no424\/"},"modified":"2024-03-20T09:45:07","modified_gmt":"2024-03-20T08:45:07","slug":"abarth-695-tributo-ferrari-no424","status":"publish","type":"product","link":"https:\/\/pistonaddict.com\/et\/product\/abarth-695-tributo-ferrari-no424\/","title":{"rendered":"Abarth 695 Tributo Ferrari n\u00ba424"},"content":{"rendered":"<h2>V\u00e4ljaspool<\/h2>\n<p>695, mis p\u00f5hineb kuulsal ja \u00fclipopulaarsel Fiat 500-l, ei vaja ilmselt palju tutvustamist. Abarth lisas m\u00f5ned massiivsed kaitserauad ette ja taha, millele lisati sobivad l\u00e4vepakud, tagumine spoiler ja topeltv\u00e4ljalaskes\u00fcsteem. Ja siis, et seda veelgi rohkem v\u00fcrtsitada, paigaldasid nad sellised detailid nagu s\u00fcsinikkiust peeglikatted ja pilkup\u00fc\u00fcdvad <em>Tributo Ferrari<\/em> m\u00e4rgid tagumistele kvartalipaneelidele.<br \/>\nSee konkreetne Abart 695 on v\u00e4rvitud tulise punase v\u00e4rviga, millel on hallid v\u00f5idus\u00f5iduribad, mis algavad kapotilt, ulatuvad \u00fcle katuse ja l\u00f5pevad tagaluugil. Seda, kui palju autoga s\u00f5ideti &#8211; v\u00f5i t\u00e4psemalt \u00f6eldes ei s\u00f5idetud &#8211; n\u00e4itavad k\u00f5ige paremini 17-tollised veljed, millel on endiselt tehases paigaldatud Michelin Pilot&#8217;i rehvid.<\/p>\n<h2>Sisustus<\/h2>\n<p>Nagu v\u00e4ljastpoolt, paljastab ka auto sisemus kiiresti oma tegeliku olemuse. Alustuseks on Sabelt&#8217;i poolt valmistatud esiistmed s\u00fcsinikkiust konstruktsiooniga ja \u00e4\u00e4rmiselt tugevad. Kui juht istub nende sees, leiab ta end punaste aktsentide ja \u00f5mblustega kolmesihilise nahkrooli tagant. Kuna tegemist on automaatk\u00e4igukastiga mudeliga, ei ole sellel Abartil keskkonsoolil k\u00e4igukangi &#8211; selle asemel on ainult mitu nuppu tagurpidik\u00e4igu, k\u00e4igu v\u00f5i t\u00fchik\u00e4igu valimiseks. Kuid roolil on ka juhtimispuldid, kui juht soovib k\u00e4ike k\u00e4sitsi vahetada.<\/p>\n<p>Kogu interj\u00f6\u00f6r on kaetud peente detailidega, nagu n\u00e4iteks s\u00fcsinikkiust kaunistused, kliimaseade ja stereo USB-\u00fchendusega, samuti <em>Tributo Ferrari<\/em> m\u00e4rgid k\u00f5ikjal.<\/p>\n<h2>Mehaanika<\/h2>\n<p>Sellel agressiivse v\u00e4limusega Itaalia sportsteril on 1,4-liitrine turbomootor, millest Abarthi insenerid suutsid v\u00e4lja pigistada h\u00e4mmastavad 180 hobuj\u00f5udu. J\u00f5udu annab esiratastele \u00fcle poolautomaatne MTA-k\u00e4igukast, mis t\u00f6\u00f6tab nii automaat- kui ka manuaalre\u017eiimil. Muidugi, kui nii palju j\u00f5udu panna sellesse kergesse autosse, siis on tulemuseks m\u00f5ned suurejoonelised saavutused, n\u00e4iteks tippkiirus \u00fcle 220 kilomeetri tunnis. L\u00f5puks, et seda k\u00f5ike kontrolli all hoida, on see Abarth 695 varustatud j\u00e4igema vedrustuse ja suuremate piduritega.<\/p>\n<h2>S\u00f5iduki ajalugu<\/h2>\n<p>Professionaalne m\u00fc\u00fcja, kes omandas selle alles hiljuti, kirjeldab Abarthi seisundit peaaegu t\u00e4iuslikuks. Lisaks sellele, et auto on v\u00e4heste l\u00e4bis\u00f5itudega, on seda viimati hooldatud jaanuaris 2023, kui vahetati mootori\u00f5li. Seest ja v\u00e4ljast ei ole mingeid kulumise, kahjustuste v\u00f5i rooste m\u00e4rke, ainsad visuaalsed vead on kaks v\u00e4ikest kriimustust paremal k\u00fcljel. Need aga parandatakse professionaalselt ja tasuta tulevase omaniku jaoks, kui auto on m\u00fc\u00fcdud.<\/p>\n<p>L\u00f5puks, vastavalt m\u00fc\u00fcja, auto, mis on praegu Hispaanias, ei ole kunagi osalenud \u00f5nnetuses, koos vastava <a href=\"https:\/\/pistonaddict.com\/wp-content\/uploads\/2024\/01\/carfaxAbarth695.pdf\">CARFAX<\/a> s\u00f5iduki ajalugu aruanne t\u00f5estada seda. Hispaania MOT (ITV) l\u00e4bitud ja kehtib kuni detsembrini 2024.<\/p>\n<p><strong>Vaata selle kauni Abarth 695 Tributo Ferrari k\u00fclmk\u00e4ivitusvideot :<\/strong><\/p>\n<p><iframe title=\"Cold Start Video of the Abarth 500 Tributo Ferrari\" width=\"1200\" height=\"675\" src=\"https:\/\/www.youtube.com\/embed\/lzDg2i_JYA4?feature=oembed\" frameborder=\"0\" allow=\"accelerometer; autoplay; clipboard-write; encrypted-media; gyroscope; picture-in-picture; web-share\" allowfullscreen><\/iframe><\/p>\n<p>&nbsp;<\/p>\n","protected":false},"excerpt":{"rendered":"<p>V\u00e4ike linnaauto ei pea tingimata olema ainult praktiline liikumisvahend kitsastes tingimustes. Selle asemel v\u00f5ib see \u00f5ige varustusega kapoti all olla t\u00f5eline taskurakett, mis vastavalt riietatuna n\u00e4eb ka uimastavalt v\u00e4lja. \u00dcks selline auto on Abarth 500, mis p\u00f5hineb Fiati 60ndate aastate legendaarse mudeli v\u00e4ga edukal reinkarnatsioonil. Kuid konkreetne mudel, mida siin oksjonil m\u00fc\u00fcakse, on veelgi v\u00fcrtsitatud Abarth 695 variant, mis ehitati 2010. aastal ja mis on seni l\u00e4binud vaid 6800 kilomeetrit. Eksklusiivsuse lisamiseks on tegemist haruldase Tributo Ferrari mudeliga, mille tootmisarv oli piiratud 1695 eksemplariga. Vaatame siis, mida see eksklusiivne ja agressiivse v\u00e4limusega auto pakub&#8230;<\/p>\n","protected":false},"featured_media":89372,"comment_status":"open","ping_status":"closed","template":"","meta":{"inline_featured_image":false},"product_cat":[736],"product_tag":[2904,2905,925],"acf":[],"yoast_head":"<!-- This site is optimized with the Yoast SEO plugin v22.5 - https:\/\/yoast.com\/wordpress\/plugins\/seo\/ -->\n<title>Abarth 695 Tributo Ferrari n\u00ba424 - Piston Addict<\/title>\n<meta name=\"robots\" content=\"index, follow, max-snippet:-1, max-image-preview:large, max-video-preview:-1\" \/>\n<link rel=\"canonical\" href=\"https:\/\/pistonaddict.com\/et\/product\/abarth-695-tributo-ferrari-no424\/\" \/>\n<meta property=\"og:locale\" content=\"et_EE\" \/>\n<meta property=\"og:type\" content=\"article\" \/>\n<meta property=\"og:title\" content=\"Abarth 695 Tributo Ferrari n\u00ba424 - Piston Addict\" \/>\n<meta property=\"og:description\" content=\"V\u00e4ike linnaauto ei pea tingimata olema ainult praktiline liikumisvahend kitsastes tingimustes. Selle asemel v\u00f5ib see \u00f5ige varustusega kapoti all olla t\u00f5eline taskurakett, mis vastavalt riietatuna n\u00e4eb ka uimastavalt v\u00e4lja. \u00dcks selline auto on Abarth 500, mis p\u00f5hineb Fiati 60ndate aastate legendaarse mudeli v\u00e4ga edukal reinkarnatsioonil. Kuid konkreetne mudel, mida siin oksjonil m\u00fc\u00fcakse, on veelgi v\u00fcrtsitatud Abarth 695 variant, mis ehitati 2010. aastal ja mis on seni l\u00e4binud vaid 6800 kilomeetrit. Eksklusiivsuse lisamiseks on tegemist haruldase Tributo Ferrari mudeliga, mille tootmisarv oli piiratud 1695 eksemplariga. Vaatame siis, mida see eksklusiivne ja agressiivse v\u00e4limusega auto pakub...\" \/>\n<meta property=\"og:url\" content=\"https:\/\/pistonaddict.com\/et\/product\/abarth-695-tributo-ferrari-no424\/\" \/>\n<meta property=\"og:site_name\" content=\"Piston Addict\" \/>\n<meta property=\"article:modified_time\" content=\"2024-03-20T08:45:07+00:00\" \/>\n<meta property=\"og:image\" content=\"https:\/\/pistonaddict.com\/wp-content\/uploads\/2024\/01\/IMG-20240110-WA0149-1.jpg\" \/>\n\t<meta property=\"og:image:width\" content=\"1600\" \/>\n\t<meta property=\"og:image:height\" content=\"1200\" \/>\n\t<meta property=\"og:image:type\" content=\"image\/jpeg\" \/>\n<meta name=\"twitter:card\" content=\"summary_large_image\" \/>\n<meta name=\"twitter:label1\" content=\"Est. reading time\" \/>\n\t<meta name=\"twitter:data1\" content=\"2 minutit\" \/>\n<script type=\"application\/ld+json\" class=\"yoast-schema-graph\">{\"@context\":\"https:\/\/schema.org\",\"@graph\":[{\"@type\":\"WebPage\",\"@id\":\"https:\/\/pistonaddict.com\/et\/product\/abarth-695-tributo-ferrari-no424\/\",\"url\":\"https:\/\/pistonaddict.com\/et\/product\/abarth-695-tributo-ferrari-no424\/\",\"name\":\"Abarth 695 Tributo Ferrari n\u00ba424 - Piston Addict\",\"isPartOf\":{\"@id\":\"https:\/\/pistonaddict.com\/et\/#website\"},\"primaryImageOfPage\":{\"@id\":\"https:\/\/pistonaddict.com\/et\/product\/abarth-695-tributo-ferrari-no424\/#primaryimage\"},\"image\":{\"@id\":\"https:\/\/pistonaddict.com\/et\/product\/abarth-695-tributo-ferrari-no424\/#primaryimage\"},\"thumbnailUrl\":\"https:\/\/pistonaddict.com\/wp-content\/uploads\/2024\/01\/IMG-20240110-WA0149-1.jpg\",\"datePublished\":\"2024-01-31T10:03:43+00:00\",\"dateModified\":\"2024-03-20T08:45:07+00:00\",\"breadcrumb\":{\"@id\":\"https:\/\/pistonaddict.com\/et\/product\/abarth-695-tributo-ferrari-no424\/#breadcrumb\"},\"inLanguage\":\"et\",\"potentialAction\":[{\"@type\":\"ReadAction\",\"target\":[\"https:\/\/pistonaddict.com\/et\/product\/abarth-695-tributo-ferrari-no424\/\"]}]},{\"@type\":\"ImageObject\",\"inLanguage\":\"et\",\"@id\":\"https:\/\/pistonaddict.com\/et\/product\/abarth-695-tributo-ferrari-no424\/#primaryimage\",\"url\":\"https:\/\/pistonaddict.com\/wp-content\/uploads\/2024\/01\/IMG-20240110-WA0149-1.jpg\",\"contentUrl\":\"https:\/\/pistonaddict.com\/wp-content\/uploads\/2024\/01\/IMG-20240110-WA0149-1.jpg\",\"width\":1600,\"height\":1200},{\"@type\":\"BreadcrumbList\",\"@id\":\"https:\/\/pistonaddict.com\/et\/product\/abarth-695-tributo-ferrari-no424\/#breadcrumb\",\"itemListElement\":[{\"@type\":\"ListItem\",\"position\":1,\"name\":\"Koduleht\",\"item\":\"https:\/\/pistonaddict.com\/et\/koduleht-2\/\"},{\"@type\":\"ListItem\",\"position\":2,\"name\":\"Auctions\",\"item\":\"https:\/\/pistonaddict.com\/auctions-listing\/\"},{\"@type\":\"ListItem\",\"position\":3,\"name\":\"Abarth 695 Tributo Ferrari n\u00ba424\"}]},{\"@type\":\"WebSite\",\"@id\":\"https:\/\/pistonaddict.com\/et\/#website\",\"url\":\"https:\/\/pistonaddict.com\/et\/\",\"name\":\"Piston Addict\",\"description\":\"Only interesting vehicles\",\"publisher\":{\"@id\":\"https:\/\/pistonaddict.com\/et\/#organization\"},\"potentialAction\":[{\"@type\":\"SearchAction\",\"target\":{\"@type\":\"EntryPoint\",\"urlTemplate\":\"https:\/\/pistonaddict.com\/et\/?s={search_term_string}\"},\"query-input\":\"required name=search_term_string\"}],\"inLanguage\":\"et\"},{\"@type\":\"Organization\",\"@id\":\"https:\/\/pistonaddict.com\/et\/#organization\",\"name\":\"Piston Addict\",\"url\":\"https:\/\/pistonaddict.com\/et\/\",\"logo\":{\"@type\":\"ImageObject\",\"inLanguage\":\"et\",\"@id\":\"https:\/\/pistonaddict.com\/et\/#\/schema\/logo\/image\/\",\"url\":\"https:\/\/pistonaddict.com\/wp-content\/uploads\/2022\/07\/logo-6.png\",\"contentUrl\":\"https:\/\/pistonaddict.com\/wp-content\/uploads\/2022\/07\/logo-6.png\",\"width\":970,\"height\":200,\"caption\":\"Piston Addict\"},\"image\":{\"@id\":\"https:\/\/pistonaddict.com\/et\/#\/schema\/logo\/image\/\"}}]}<\/script>\n<!-- \/ Yoast SEO plugin. -->","yoast_head_json":{"title":"Abarth 695 Tributo Ferrari n\u00ba424 - Piston Addict","robots":{"index":"index","follow":"follow","max-snippet":"max-snippet:-1","max-image-preview":"max-image-preview:large","max-video-preview":"max-video-preview:-1"},"canonical":"https:\/\/pistonaddict.com\/et\/product\/abarth-695-tributo-ferrari-no424\/","og_locale":"et_EE","og_type":"article","og_title":"Abarth 695 Tributo Ferrari n\u00ba424 - Piston Addict","og_description":"V\u00e4ike linnaauto ei pea tingimata olema ainult praktiline liikumisvahend kitsastes tingimustes. Selle asemel v\u00f5ib see \u00f5ige varustusega kapoti all olla t\u00f5eline taskurakett, mis vastavalt riietatuna n\u00e4eb ka uimastavalt v\u00e4lja. \u00dcks selline auto on Abarth 500, mis p\u00f5hineb Fiati 60ndate aastate legendaarse mudeli v\u00e4ga edukal reinkarnatsioonil. Kuid konkreetne mudel, mida siin oksjonil m\u00fc\u00fcakse, on veelgi v\u00fcrtsitatud Abarth 695 variant, mis ehitati 2010. aastal ja mis on seni l\u00e4binud vaid 6800 kilomeetrit. Eksklusiivsuse lisamiseks on tegemist haruldase Tributo Ferrari mudeliga, mille tootmisarv oli piiratud 1695 eksemplariga. Vaatame siis, mida see eksklusiivne ja agressiivse v\u00e4limusega auto pakub...","og_url":"https:\/\/pistonaddict.com\/et\/product\/abarth-695-tributo-ferrari-no424\/","og_site_name":"Piston Addict","article_modified_time":"2024-03-20T08:45:07+00:00","og_image":[{"width":1600,"height":1200,"url":"https:\/\/pistonaddict.com\/wp-content\/uploads\/2024\/01\/IMG-20240110-WA0149-1.jpg","type":"image\/jpeg"}],"twitter_card":"summary_large_image","twitter_misc":{"Est. reading time":"2 minutit"},"schema":{"@context":"https:\/\/schema.org","@graph":[{"@type":"WebPage","@id":"https:\/\/pistonaddict.com\/et\/product\/abarth-695-tributo-ferrari-no424\/","url":"https:\/\/pistonaddict.com\/et\/product\/abarth-695-tributo-ferrari-no424\/","name":"Abarth 695 Tributo Ferrari n\u00ba424 - Piston Addict","isPartOf":{"@id":"https:\/\/pistonaddict.com\/et\/#website"},"primaryImageOfPage":{"@id":"https:\/\/pistonaddict.com\/et\/product\/abarth-695-tributo-ferrari-no424\/#primaryimage"},"image":{"@id":"https:\/\/pistonaddict.com\/et\/product\/abarth-695-tributo-ferrari-no424\/#primaryimage"},"thumbnailUrl":"https:\/\/pistonaddict.com\/wp-content\/uploads\/2024\/01\/IMG-20240110-WA0149-1.jpg","datePublished":"2024-01-31T10:03:43+00:00","dateModified":"2024-03-20T08:45:07+00:00","breadcrumb":{"@id":"https:\/\/pistonaddict.com\/et\/product\/abarth-695-tributo-ferrari-no424\/#breadcrumb"},"inLanguage":"et","potentialAction":[{"@type":"ReadAction","target":["https:\/\/pistonaddict.com\/et\/product\/abarth-695-tributo-ferrari-no424\/"]}]},{"@type":"ImageObject","inLanguage":"et","@id":"https:\/\/pistonaddict.com\/et\/product\/abarth-695-tributo-ferrari-no424\/#primaryimage","url":"https:\/\/pistonaddict.com\/wp-content\/uploads\/2024\/01\/IMG-20240110-WA0149-1.jpg","contentUrl":"https:\/\/pistonaddict.com\/wp-content\/uploads\/2024\/01\/IMG-20240110-WA0149-1.jpg","width":1600,"height":1200},{"@type":"BreadcrumbList","@id":"https:\/\/pistonaddict.com\/et\/product\/abarth-695-tributo-ferrari-no424\/#breadcrumb","itemListElement":[{"@type":"ListItem","position":1,"name":"Koduleht","item":"https:\/\/pistonaddict.com\/et\/koduleht-2\/"},{"@type":"ListItem","position":2,"name":"Auctions","item":"https:\/\/pistonaddict.com\/auctions-listing\/"},{"@type":"ListItem","position":3,"name":"Abarth 695 Tributo Ferrari n\u00ba424"}]},{"@type":"WebSite","@id":"https:\/\/pistonaddict.com\/et\/#website","url":"https:\/\/pistonaddict.com\/et\/","name":"Piston Addict","description":"Only interesting vehicles","publisher":{"@id":"https:\/\/pistonaddict.com\/et\/#organization"},"potentialAction":[{"@type":"SearchAction","target":{"@type":"EntryPoint","urlTemplate":"https:\/\/pistonaddict.com\/et\/?s={search_term_string}"},"query-input":"required name=search_term_string"}],"inLanguage":"et"},{"@type":"Organization","@id":"https:\/\/pistonaddict.com\/et\/#organization","name":"Piston Addict","url":"https:\/\/pistonaddict.com\/et\/","logo":{"@type":"ImageObject","inLanguage":"et","@id":"https:\/\/pistonaddict.com\/et\/#\/schema\/logo\/image\/","url":"https:\/\/pistonaddict.com\/wp-content\/uploads\/2022\/07\/logo-6.png","contentUrl":"https:\/\/pistonaddict.com\/wp-content\/uploads\/2022\/07\/logo-6.png","width":970,"height":200,"caption":"Piston Addict"},"image":{"@id":"https:\/\/pistonaddict.com\/et\/#\/schema\/logo\/image\/"}}]}},"_links":{"self":[{"href":"https:\/\/pistonaddict.com\/et\/wp-json\/wp\/v2\/product\/89348"}],"collection":[{"href":"https:\/\/pistonaddict.com\/et\/wp-json\/wp\/v2\/product"}],"about":[{"href":"https:\/\/pistonaddict.com\/et\/wp-json\/wp\/v2\/types\/product"}],"replies":[{"embeddable":true,"href":"https:\/\/pistonaddict.com\/et\/wp-json\/wp\/v2\/comments?post=89348"}],"wp:featuredmedia":[{"embeddable":true,"href":"https:\/\/pistonaddict.com\/et\/wp-json\/wp\/v2\/media\/89372"}],"wp:attachment":[{"href":"https:\/\/pistonaddict.com\/et\/wp-json\/wp\/v2\/media?parent=89348"}],"wp:term":[{"taxonomy":"product_cat","embeddable":true,"href":"https:\/\/pistonaddict.com\/et\/wp-json\/wp\/v2\/product_cat?post=89348"},{"taxonomy":"product_tag","embeddable":true,"href":"https:\/\/pistonaddict.com\/et\/wp-json\/wp\/v2\/product_tag?post=89348"}],"curies":[{"name":"wp","href":"https:\/\/api.w.org\/{rel}","templated":true}]}}