{"id":82549,"date":"2024-01-17T09:08:31","date_gmt":"2024-01-17T08:08:31","guid":{"rendered":"https:\/\/pistonaddict.com\/product\/mg-a-kupee\/"},"modified":"2024-05-29T10:46:19","modified_gmt":"2024-05-29T08:46:19","slug":"mg-a-coupe","status":"publish","type":"product","link":"https:\/\/pistonaddict.com\/et\/product\/mg-a-coupe\/","title":{"rendered":"MG A kupee"},"content":{"rendered":"<p><strong>Auto ajalugu<\/strong><\/p>\n<p>Kuigi MG on n\u00fc\u00fcd hiinlaste omanduses ja m\u00fc\u00fcb igavaid maastureid, j\u00e4\u00e4b see br\u00e4nd igavesti kupeede ja roadsterite s\u00fcnon\u00fc\u00fcmiks, mis olid omal ajal Mazda Miatad. V\u00e4ikesed, vilkad, kiired ja l\u00f5busad MG-d sellest ajastust on ikka veel kogu maailma entusiastide seas v\u00e4ga populaarsed. T\u00e4nu k\u00f5rge p\u00f6\u00f6rlemiskiirusega mootoritele, tagaveole, t\u00e4psele roolimisele ja eluj\u00f5ulisele s\u00f5idule pani MG kogu taskukohaste sportautode stseeni alguse juba enne Teist maailmas\u00f5da. Kui MG A 1955. aastal turule tuli, oli see siiski tipptasemel mudel, mitte ainult v\u00e4limuse, vaid ka tehnoloogia poolest. See suutis Ameerikas \u00fcsna h\u00e4sti m\u00fc\u00fca, andes ettev\u00f5ttele t\u00f5uke paljude j\u00e4rgnevate mudelite jaoks. Suurep\u00e4rase v\u00e4limuse ja mootorispordi edu \u00fchendamine oli MG A jaoks v\u00f5idukas valem, mis teeb selle auto nii eriliseks ja ihaldusv\u00e4\u00e4rseks. See konkreetne eksemplar toodeti 1959. aastal ja see on teise seeria mudel, millel on v\u00f5imsam 1600 cm3 mootor 80 hobuj\u00f5uga. See oli toonaste standardite jaoks m\u00e4rkimisv\u00e4\u00e4rne n\u00e4itaja ja koos tiheda 4-k\u00e4igulise manuaalk\u00e4igukastiga on see rohkem kui v\u00f5imeline pakkuma t\u00e4na sama p\u00f5nevust kui k\u00f5ik need aastad tagasi. MG A 1600 oli teadaolevalt varustatud eesmiste ketaspiduritega, mis oli 1959. aasta jaoks v\u00e4ga arenenud tehnoloogia. See konkreetne eksemplar on \u00fcks k\u00f5igest 31 000-st, mis toodeti aastatel 1959-1962, mil MG A tootmine l\u00f5ppes.<\/p>\n<p><strong>Sisustus<\/strong><\/p>\n<p>Punase nahaga viimistletud 1959. aasta MG A Coupe 1600 interj\u00f6\u00f6r on ideaalses seisukorras. K\u00f5ik on t\u00f6\u00f6korras ja just piisavalt patiinaga, et muuta see nii v\u00f5luvaks, selle istmed on suurep\u00e4rane koht, kus seda autot nautida. Kuigi 65 aastat vanas s\u00f5idukis ei saa r\u00e4\u00e4kida kaasaegsetest funktsioonidest, on seal siiski v\u00f5luvad analoogsekundid ja k\u00fctteseade, mida tollal peeti tippspetsifikatsiooniks. Turvav\u00f6\u00f6d on ohutuse ja kasutusmugavuse huvides uuendatud kaasaegsematele kolmepunktiv\u00f6\u00f6dele.<\/p>\n<p><strong>Tingimus<\/strong><\/p>\n<p>Vaid 51,824 kilomeetrit uuest (arvatavasti originaal), see MG A on olnud teema hoolikas ja kerge taastamine millalgi minevikus (Veepump, tagumine pidurid ja karburaator on vahetatud 2022). \u00d5nneks on iga detail hoolikalt restaureeritud ja auto on v\u00e4ga ajastukohases seisukorras, ilma roosteta, t\u00e4ielikult t\u00f6\u00f6korras ja ilma mehaaniliste probleemideta. M\u00fc\u00fcja omandas s\u00f5iduki hiljuti ja teostas 2023. aasta l\u00f5pus korrap\u00e4raseid hooldust\u00f6id, kusjuures pidurid vaadati \u00fcle alles paar p\u00e4eva tagasi jaanuaris 2024.<\/p>\n<p><strong>V\u00e4limus ja rattad<\/strong><\/p>\n<p>Klassikaline must v\u00e4rv on korralikus seisukorras, ilma m\u00f5lkide ja suuremate kriimustusteta. Kogu kroom (mis on v\u00e4ga oluline selliste klassikaliste autode puhul) on t\u00e4iuslikus korras, sealhulgas v\u00f5rega, kaitserauaga ja kaunistustega. Musta v\u00e4lis- ja punase sisustuse kombinatsioon on silmatorkav ja r\u00f5hutab auto piirjooni. Originaalsed 15-tollised veljed on \u00fcmbritsetud uhiuue kummiga, mis teeb selle auto t\u00e4iesti valmis j\u00e4rgmiseks omaniku ja n\u00e4dalavahetuse s\u00f5iduks sel suvel.<\/p>\n<p><strong>Dokumentatsioon<\/strong><\/p>\n<p>Edasim\u00fc\u00fcja m\u00fc\u00fcb seda s\u00f5idukit koos asjakohase dokumentatsiooniga (k\u00f5ik arved, Briti mootors\u00f5idukit\u00f6\u00f6stuse p\u00e4randi usalduse kinnitatud koopia ja kasutusjuhend), mis asub Hispaanias. Kuna see auto p\u00e4rineb aastast 1959, ei ole CarFax aruanded, kuid ei ole t\u00f5endeid \u00f5nnetuste, \u00f5nnetus remondi, omandi\u00f5iguse v\u00f5i juriidilisi probleeme. Regulaarse hoolduse ja kviitungid on olemas.<br \/>\n<strong>Hispaania MOT (ITV) l\u00e4bitud ja kehtiv kuni augustini 2028.<\/strong><\/p>\n<p><strong>Vaadake selle kauni MG A Coupe k\u00fclmk\u00e4ivitusvideot:<\/strong><\/p>\n<p><iframe title=\"Cold Start Video of MGA coupe\" width=\"1200\" height=\"675\" src=\"https:\/\/www.youtube.com\/embed\/IaLRg9Rs9iY?feature=oembed\" frameborder=\"0\" allow=\"accelerometer; autoplay; clipboard-write; encrypted-media; gyroscope; picture-in-picture; web-share\" allowfullscreen><\/iframe><\/p>\n","protected":false},"excerpt":{"rendered":"<p>Kui me tahaksime uurida kaasaegsete sportautode tekkimist, peaksime alustama legendaarsest MG A-st. T\u00e4nu voolujoonelisele kerele, p\u00f6\u00f6rlemisv\u00f5imelistele mootoritele, suurep\u00e4rasele j\u00f5udlusele (tolle aja kohta) ja taskukohasele hinnale tegi see sportauto selles segmendis revolutsiooni. See j\u00e4i \u00fcheks k\u00f5igi aegade Briti kupeede kvintessentsiks.<\/p>\n","protected":false},"featured_media":81141,"comment_status":"open","ping_status":"closed","template":"","meta":{"inline_featured_image":false},"product_cat":[736],"product_tag":[2862,960,2859],"acf":[],"yoast_head":"<!-- This site is optimized with the Yoast SEO plugin v22.5 - https:\/\/yoast.com\/wordpress\/plugins\/seo\/ -->\n<title>MG A kupee - Piston Addict<\/title>\n<meta name=\"robots\" content=\"index, follow, max-snippet:-1, max-image-preview:large, max-video-preview:-1\" \/>\n<link rel=\"canonical\" href=\"https:\/\/pistonaddict.com\/et\/product\/mg-a-coupe\/\" \/>\n<meta property=\"og:locale\" content=\"et_EE\" \/>\n<meta property=\"og:type\" content=\"article\" \/>\n<meta property=\"og:title\" content=\"MG A kupee - Piston Addict\" \/>\n<meta property=\"og:description\" content=\"Kui me tahaksime uurida kaasaegsete sportautode tekkimist, peaksime alustama legendaarsest MG A-st. T\u00e4nu voolujoonelisele kerele, p\u00f6\u00f6rlemisv\u00f5imelistele mootoritele, suurep\u00e4rasele j\u00f5udlusele (tolle aja kohta) ja taskukohasele hinnale tegi see sportauto selles segmendis revolutsiooni. See j\u00e4i \u00fcheks k\u00f5igi aegade Briti kupeede kvintessentsiks.\" \/>\n<meta property=\"og:url\" content=\"https:\/\/pistonaddict.com\/et\/product\/mg-a-coupe\/\" \/>\n<meta property=\"og:site_name\" content=\"Piston Addict\" \/>\n<meta property=\"article:modified_time\" content=\"2024-05-29T08:46:19+00:00\" \/>\n<meta property=\"og:image\" content=\"https:\/\/pistonaddict.com\/wp-content\/uploads\/2024\/01\/IMG-20231031-WA0006.jpg\" \/>\n\t<meta property=\"og:image:width\" content=\"1600\" \/>\n\t<meta property=\"og:image:height\" content=\"1200\" \/>\n\t<meta property=\"og:image:type\" content=\"image\/jpeg\" \/>\n<meta name=\"twitter:card\" content=\"summary_large_image\" \/>\n<meta name=\"twitter:label1\" content=\"Est. reading time\" \/>\n\t<meta name=\"twitter:data1\" content=\"3 minutit\" \/>\n<script type=\"application\/ld+json\" class=\"yoast-schema-graph\">{\"@context\":\"https:\/\/schema.org\",\"@graph\":[{\"@type\":\"WebPage\",\"@id\":\"https:\/\/pistonaddict.com\/et\/product\/mg-a-coupe\/\",\"url\":\"https:\/\/pistonaddict.com\/et\/product\/mg-a-coupe\/\",\"name\":\"MG A kupee - Piston Addict\",\"isPartOf\":{\"@id\":\"https:\/\/pistonaddict.com\/et\/#website\"},\"primaryImageOfPage\":{\"@id\":\"https:\/\/pistonaddict.com\/et\/product\/mg-a-coupe\/#primaryimage\"},\"image\":{\"@id\":\"https:\/\/pistonaddict.com\/et\/product\/mg-a-coupe\/#primaryimage\"},\"thumbnailUrl\":\"https:\/\/pistonaddict.com\/wp-content\/uploads\/2024\/01\/IMG-20231031-WA0006.jpg\",\"datePublished\":\"2024-01-17T08:08:31+00:00\",\"dateModified\":\"2024-05-29T08:46:19+00:00\",\"breadcrumb\":{\"@id\":\"https:\/\/pistonaddict.com\/et\/product\/mg-a-coupe\/#breadcrumb\"},\"inLanguage\":\"et\",\"potentialAction\":[{\"@type\":\"ReadAction\",\"target\":[\"https:\/\/pistonaddict.com\/et\/product\/mg-a-coupe\/\"]}]},{\"@type\":\"ImageObject\",\"inLanguage\":\"et\",\"@id\":\"https:\/\/pistonaddict.com\/et\/product\/mg-a-coupe\/#primaryimage\",\"url\":\"https:\/\/pistonaddict.com\/wp-content\/uploads\/2024\/01\/IMG-20231031-WA0006.jpg\",\"contentUrl\":\"https:\/\/pistonaddict.com\/wp-content\/uploads\/2024\/01\/IMG-20231031-WA0006.jpg\",\"width\":1600,\"height\":1200},{\"@type\":\"BreadcrumbList\",\"@id\":\"https:\/\/pistonaddict.com\/et\/product\/mg-a-coupe\/#breadcrumb\",\"itemListElement\":[{\"@type\":\"ListItem\",\"position\":1,\"name\":\"Koduleht\",\"item\":\"https:\/\/pistonaddict.com\/et\/koduleht-2\/\"},{\"@type\":\"ListItem\",\"position\":2,\"name\":\"Auctions\",\"item\":\"https:\/\/pistonaddict.com\/auctions-listing\/\"},{\"@type\":\"ListItem\",\"position\":3,\"name\":\"MG A kupee\"}]},{\"@type\":\"WebSite\",\"@id\":\"https:\/\/pistonaddict.com\/et\/#website\",\"url\":\"https:\/\/pistonaddict.com\/et\/\",\"name\":\"Piston Addict\",\"description\":\"Only interesting vehicles\",\"publisher\":{\"@id\":\"https:\/\/pistonaddict.com\/et\/#organization\"},\"potentialAction\":[{\"@type\":\"SearchAction\",\"target\":{\"@type\":\"EntryPoint\",\"urlTemplate\":\"https:\/\/pistonaddict.com\/et\/?s={search_term_string}\"},\"query-input\":\"required name=search_term_string\"}],\"inLanguage\":\"et\"},{\"@type\":\"Organization\",\"@id\":\"https:\/\/pistonaddict.com\/et\/#organization\",\"name\":\"Piston Addict\",\"url\":\"https:\/\/pistonaddict.com\/et\/\",\"logo\":{\"@type\":\"ImageObject\",\"inLanguage\":\"et\",\"@id\":\"https:\/\/pistonaddict.com\/et\/#\/schema\/logo\/image\/\",\"url\":\"https:\/\/pistonaddict.com\/wp-content\/uploads\/2022\/07\/logo-6.png\",\"contentUrl\":\"https:\/\/pistonaddict.com\/wp-content\/uploads\/2022\/07\/logo-6.png\",\"width\":970,\"height\":200,\"caption\":\"Piston Addict\"},\"image\":{\"@id\":\"https:\/\/pistonaddict.com\/et\/#\/schema\/logo\/image\/\"}}]}<\/script>\n<!-- \/ Yoast SEO plugin. -->","yoast_head_json":{"title":"MG A kupee - Piston Addict","robots":{"index":"index","follow":"follow","max-snippet":"max-snippet:-1","max-image-preview":"max-image-preview:large","max-video-preview":"max-video-preview:-1"},"canonical":"https:\/\/pistonaddict.com\/et\/product\/mg-a-coupe\/","og_locale":"et_EE","og_type":"article","og_title":"MG A kupee - Piston Addict","og_description":"Kui me tahaksime uurida kaasaegsete sportautode tekkimist, peaksime alustama legendaarsest MG A-st. T\u00e4nu voolujoonelisele kerele, p\u00f6\u00f6rlemisv\u00f5imelistele mootoritele, suurep\u00e4rasele j\u00f5udlusele (tolle aja kohta) ja taskukohasele hinnale tegi see sportauto selles segmendis revolutsiooni. See j\u00e4i \u00fcheks k\u00f5igi aegade Briti kupeede kvintessentsiks.","og_url":"https:\/\/pistonaddict.com\/et\/product\/mg-a-coupe\/","og_site_name":"Piston Addict","article_modified_time":"2024-05-29T08:46:19+00:00","og_image":[{"width":1600,"height":1200,"url":"https:\/\/pistonaddict.com\/wp-content\/uploads\/2024\/01\/IMG-20231031-WA0006.jpg","type":"image\/jpeg"}],"twitter_card":"summary_large_image","twitter_misc":{"Est. reading time":"3 minutit"},"schema":{"@context":"https:\/\/schema.org","@graph":[{"@type":"WebPage","@id":"https:\/\/pistonaddict.com\/et\/product\/mg-a-coupe\/","url":"https:\/\/pistonaddict.com\/et\/product\/mg-a-coupe\/","name":"MG A kupee - Piston Addict","isPartOf":{"@id":"https:\/\/pistonaddict.com\/et\/#website"},"primaryImageOfPage":{"@id":"https:\/\/pistonaddict.com\/et\/product\/mg-a-coupe\/#primaryimage"},"image":{"@id":"https:\/\/pistonaddict.com\/et\/product\/mg-a-coupe\/#primaryimage"},"thumbnailUrl":"https:\/\/pistonaddict.com\/wp-content\/uploads\/2024\/01\/IMG-20231031-WA0006.jpg","datePublished":"2024-01-17T08:08:31+00:00","dateModified":"2024-05-29T08:46:19+00:00","breadcrumb":{"@id":"https:\/\/pistonaddict.com\/et\/product\/mg-a-coupe\/#breadcrumb"},"inLanguage":"et","potentialAction":[{"@type":"ReadAction","target":["https:\/\/pistonaddict.com\/et\/product\/mg-a-coupe\/"]}]},{"@type":"ImageObject","inLanguage":"et","@id":"https:\/\/pistonaddict.com\/et\/product\/mg-a-coupe\/#primaryimage","url":"https:\/\/pistonaddict.com\/wp-content\/uploads\/2024\/01\/IMG-20231031-WA0006.jpg","contentUrl":"https:\/\/pistonaddict.com\/wp-content\/uploads\/2024\/01\/IMG-20231031-WA0006.jpg","width":1600,"height":1200},{"@type":"BreadcrumbList","@id":"https:\/\/pistonaddict.com\/et\/product\/mg-a-coupe\/#breadcrumb","itemListElement":[{"@type":"ListItem","position":1,"name":"Koduleht","item":"https:\/\/pistonaddict.com\/et\/koduleht-2\/"},{"@type":"ListItem","position":2,"name":"Auctions","item":"https:\/\/pistonaddict.com\/auctions-listing\/"},{"@type":"ListItem","position":3,"name":"MG A kupee"}]},{"@type":"WebSite","@id":"https:\/\/pistonaddict.com\/et\/#website","url":"https:\/\/pistonaddict.com\/et\/","name":"Piston Addict","description":"Only interesting vehicles","publisher":{"@id":"https:\/\/pistonaddict.com\/et\/#organization"},"potentialAction":[{"@type":"SearchAction","target":{"@type":"EntryPoint","urlTemplate":"https:\/\/pistonaddict.com\/et\/?s={search_term_string}"},"query-input":"required name=search_term_string"}],"inLanguage":"et"},{"@type":"Organization","@id":"https:\/\/pistonaddict.com\/et\/#organization","name":"Piston Addict","url":"https:\/\/pistonaddict.com\/et\/","logo":{"@type":"ImageObject","inLanguage":"et","@id":"https:\/\/pistonaddict.com\/et\/#\/schema\/logo\/image\/","url":"https:\/\/pistonaddict.com\/wp-content\/uploads\/2022\/07\/logo-6.png","contentUrl":"https:\/\/pistonaddict.com\/wp-content\/uploads\/2022\/07\/logo-6.png","width":970,"height":200,"caption":"Piston Addict"},"image":{"@id":"https:\/\/pistonaddict.com\/et\/#\/schema\/logo\/image\/"}}]}},"_links":{"self":[{"href":"https:\/\/pistonaddict.com\/et\/wp-json\/wp\/v2\/product\/82549"}],"collection":[{"href":"https:\/\/pistonaddict.com\/et\/wp-json\/wp\/v2\/product"}],"about":[{"href":"https:\/\/pistonaddict.com\/et\/wp-json\/wp\/v2\/types\/product"}],"replies":[{"embeddable":true,"href":"https:\/\/pistonaddict.com\/et\/wp-json\/wp\/v2\/comments?post=82549"}],"wp:featuredmedia":[{"embeddable":true,"href":"https:\/\/pistonaddict.com\/et\/wp-json\/wp\/v2\/media\/81141"}],"wp:attachment":[{"href":"https:\/\/pistonaddict.com\/et\/wp-json\/wp\/v2\/media?parent=82549"}],"wp:term":[{"taxonomy":"product_cat","embeddable":true,"href":"https:\/\/pistonaddict.com\/et\/wp-json\/wp\/v2\/product_cat?post=82549"},{"taxonomy":"product_tag","embeddable":true,"href":"https:\/\/pistonaddict.com\/et\/wp-json\/wp\/v2\/product_tag?post=82549"}],"curies":[{"name":"wp","href":"https:\/\/api.w.org\/{rel}","templated":true}]}}