{"id":79062,"date":"2023-12-13T14:41:14","date_gmt":"2023-12-13T13:41:14","guid":{"rendered":"https:\/\/pistonaddict.com\/product\/alpine-a110\/"},"modified":"2024-03-20T09:42:53","modified_gmt":"2024-03-20T08:42:53","slug":"alpine-a110","status":"publish","type":"product","link":"https:\/\/pistonaddict.com\/et\/product\/alpine-a110\/","title":{"rendered":"Alpine A110"},"content":{"rendered":"<p><strong>Auto ajalugu<\/strong><\/p>\n<p>60ndatel ja 70ndatel \u00fcles kasvanud sportautos\u00f5prade p\u00f5lvkondade jaoks on Alpine&#8217;i nimi s\u00fcnon\u00fc\u00fcmiks rallimeistriv\u00f5istlustele, tugevale j\u00f5udlusele ja v\u00f5rratule t\u00e4navaprintsiibile. Kuigi Alpine kasutas standardseid Renault&#8217;i komponente, olid need autod peaaegu superautod ning oma v\u00e4limuse ja s\u00f5idud\u00fcnaamika t\u00f5ttu entusiastide lemmikud. Kuid 90ndate alguses l\u00e4ks see kaubam\u00e4rk kaduma, peaaegu unustatuna k\u00f5igi, v\u00e4lja arvatud k\u00f5ige k\u00f5vemate f\u00e4nnide poolt. \u00d5nneks m\u00f5istis Renault, kui oluline on selle legendaarse nime potentsiaal, ja investeeris palju uude mudelisse, mille kere on t\u00e4ielikult alumiiniumist, mootor on paigutatud keskselt ja k\u00e4ep\u00e4rane topeltsiduriga k\u00e4igukast. Kombineerides ikoonilise ja retro-futuristliku v\u00e4limuse Clio RS mootori ning kohandatud kere ja vedrustuse seadistustega, loodi kohene klassika ja t\u00f5en\u00e4oliselt k\u00fcmnendi parim sportauto. 1,8-liitrine turbolaadur, mis saadab j\u00f5u tagaratastele, suudab selle suurep\u00e4rase kahekohalise auto k\u00e4ivitada \u00fcsna veenvalt 4,5 sekundiga 0-100 km\/h (60 mph). Kuid numbrid ei tee sellele autole \u00f5iglust. Veidi \u00fcle \u00fche tonni t\u00e4ismassiga Alpine A110 s\u00f5idab \u00fcle kurvide ja juhitavus on unelmate killast. Just selle v\u00f5rratu s\u00f5idud\u00fcnaamika on p\u00f5hjus, miks see on paljude ajakirjade arvustuste lemmik.<\/p>\n<p><strong>Sisustus<\/strong><\/p>\n<p>Kuna see mudel on suhteliselt uus ja v\u00e4ikese l\u00e4bis\u00f5iduga, on nahkne interj\u00f6\u00f6r uues seisukorras ilma kulumism\u00e4rkideta. Kogenud ostjad m\u00e4rkavad, et valikulised &#8220;GT&#8221; istmed on olemas, mis on teretulnud lisa, samuti m\u00f5ned s\u00fcsinikkihtidega kaunistused, mis annavad motorsportliku v\u00e4limuse. Oluline on aga Focal&#8217;i premium audios\u00fcsteem, mis on haruldane valik.<\/p>\n<p><strong>Tingimus<\/strong><\/p>\n<p>Konkreetne eksemplar tarniti uuena 2021. aastal ja on sellest ajast alates l\u00e4binud veidi \u00fcle 30 000 km. Tegemist on h\u00e4sti hooldatud autoga, mida on kasutatud r\u00f5\u00f5mus\u00f5iduks, nagu selle konstruktorid on selle leiutanud. Seda ei ole kunagi j\u00e4lgitud v\u00f5i kahjustatud kahe hooliva omaniku poolt uuest ajast alates. Algne omanik oli tegelikult Alpine Hispaania kommertsdirektor. Viimane hooldus tehti 2023. aasta novembris, kusjuures pidurid vaadati \u00fcle alles 2023. aasta detsembris. Eelmine \u00f5livahetus tehti septembris. <strong>See Alpine A110 on veel tehase garantii kuni novembrini 2024, nii et k\u00f5ik hooldust\u00f6\u00f6d tehti ametlikus teeninduses Hispaanias<\/strong>.<\/p>\n<p><strong> <\/strong><strong>V\u00e4limus ja rattad<\/strong><\/p>\n<p>See Alpine A110 on v\u00e4rvitud valgeks ja v\u00e4ga huvitava graafilise paketiga ning sellel on ainulaadne v\u00e4limus koos spetsiaalsete, ainult Alpine&#8217;ile m\u00f5eldud 18-tolliste veljedega. Kere on tasakaalustamata, ilma kahjustuste, m\u00f5lkide ja kriimustusteta ning rehvid on m\u00fc\u00fcja s\u00f5nul korralikus seisukorras, 50% kasutatud. Rehvid on Michelin Pilot Sport ja need on toodetud 2021. aasta l\u00f5pus.<\/p>\n<p><strong>Dokumentatsioon<\/strong><\/p>\n<p>Edasim\u00fc\u00fcja m\u00fc\u00fcb seda s\u00f5idukit koos asjakohaste dokumentidega, mis asuvad Hispaanias. <a href=\"https:\/\/pistonaddict.com\/wp-content\/uploads\/2023\/12\/AlpineA110.pdf\">CarFax aruanne<\/a> on puhas; ei ole t\u00f5endeid \u00f5nnetuste, \u00f5nnetus remondi, omandi\u00f5iguse v\u00f5i juriidilised probleemid olemas. Olemas on andmed regulaarse hoolduse, m\u00fc\u00fcgiarvete ja kviitungite kohta. Sellele Alpine A110-le kehtib endiselt tehasegarantii, mis on \u00fclekantav j\u00e4rgmisele omanikule.<\/p>\n<p><strong>Vaadake selle kauni Alpine A110 k\u00fclmk\u00e4ivitusvideot:<\/strong><\/p>\n<p><iframe title=\"Cold Start Video of this great Alpine A110 for auction sale\" width=\"1200\" height=\"675\" src=\"https:\/\/www.youtube.com\/embed\/FlqeDNY4UtI?feature=oembed\" frameborder=\"0\" allow=\"accelerometer; autoplay; clipboard-write; encrypted-media; gyroscope; picture-in-picture; web-share\" allowfullscreen><\/iframe><\/p>\n","protected":false},"excerpt":{"rendered":"<p>Viimase paari aasta kuumim sportauto ei ole Ferrari, Lamborghini v\u00f5i McLaren. See on Alpine A110, millel on kohandatud, v\u00e4ga kerge kere, hoogne neljasilindriline turbomootor ja elav j\u00f5udlus. See kahekohaline s\u00f5iduk tuletas sportauto f\u00e4nnidele meelde, mida autoga s\u00f5itmine endast kujutab, ja t\u00f5i legendaarse kaubam\u00e4rgi v\u00f5idukalt tagasi turule. T\u00e4na esitleme uhkusega selle v\u00e4ga m\u00f5juka sportauto \u00fcht parimat n\u00e4idet.<\/p>\n","protected":false},"featured_media":78352,"comment_status":"open","ping_status":"closed","template":"","meta":{"inline_featured_image":false},"product_cat":[736],"product_tag":[2831,2826,925],"acf":[],"yoast_head":"<!-- This site is optimized with the Yoast SEO plugin v22.5 - https:\/\/yoast.com\/wordpress\/plugins\/seo\/ -->\n<title>oksjon - Piston Addict<\/title>\n<meta name=\"robots\" content=\"index, follow, max-snippet:-1, max-image-preview:large, max-video-preview:-1\" \/>\n<link rel=\"canonical\" href=\"https:\/\/pistonaddict.com\/et\/product\/alpine-a110\/\" \/>\n<meta property=\"og:locale\" content=\"et_EE\" \/>\n<meta property=\"og:type\" content=\"article\" \/>\n<meta property=\"og:title\" content=\"oksjon - Piston Addict\" \/>\n<meta property=\"og:description\" content=\"Viimase paari aasta kuumim sportauto ei ole Ferrari, Lamborghini v\u00f5i McLaren. See on Alpine A110, millel on kohandatud, v\u00e4ga kerge kere, hoogne neljasilindriline turbomootor ja elav j\u00f5udlus. See kahekohaline s\u00f5iduk tuletas sportauto f\u00e4nnidele meelde, mida autoga s\u00f5itmine endast kujutab, ja t\u00f5i legendaarse kaubam\u00e4rgi v\u00f5idukalt tagasi turule. T\u00e4na esitleme uhkusega selle v\u00e4ga m\u00f5juka sportauto \u00fcht parimat n\u00e4idet.\" \/>\n<meta property=\"og:url\" content=\"https:\/\/pistonaddict.com\/et\/product\/alpine-a110\/\" \/>\n<meta property=\"og:site_name\" content=\"Piston Addict\" \/>\n<meta property=\"article:modified_time\" content=\"2024-03-20T08:42:53+00:00\" \/>\n<meta property=\"og:image\" content=\"https:\/\/pistonaddict.com\/wp-content\/uploads\/2023\/12\/4517LTW_01.jpg\" \/>\n\t<meta property=\"og:image:width\" content=\"1440\" \/>\n\t<meta property=\"og:image:height\" content=\"1080\" \/>\n\t<meta property=\"og:image:type\" content=\"image\/jpeg\" \/>\n<meta name=\"twitter:card\" content=\"summary_large_image\" \/>\n<meta name=\"twitter:label1\" content=\"Est. reading time\" \/>\n\t<meta name=\"twitter:data1\" content=\"2 minutit\" \/>\n<script type=\"application\/ld+json\" class=\"yoast-schema-graph\">{\"@context\":\"https:\/\/schema.org\",\"@graph\":[{\"@type\":\"WebPage\",\"@id\":\"https:\/\/pistonaddict.com\/et\/product\/alpine-a110\/\",\"url\":\"https:\/\/pistonaddict.com\/et\/product\/alpine-a110\/\",\"name\":\"oksjon - Piston Addict\",\"isPartOf\":{\"@id\":\"https:\/\/pistonaddict.com\/et\/#website\"},\"primaryImageOfPage\":{\"@id\":\"https:\/\/pistonaddict.com\/et\/product\/alpine-a110\/#primaryimage\"},\"image\":{\"@id\":\"https:\/\/pistonaddict.com\/et\/product\/alpine-a110\/#primaryimage\"},\"thumbnailUrl\":\"https:\/\/pistonaddict.com\/wp-content\/uploads\/2023\/12\/4517LTW_01.jpg\",\"datePublished\":\"2023-12-13T13:41:14+00:00\",\"dateModified\":\"2024-03-20T08:42:53+00:00\",\"breadcrumb\":{\"@id\":\"https:\/\/pistonaddict.com\/et\/product\/alpine-a110\/#breadcrumb\"},\"inLanguage\":\"et\",\"potentialAction\":[{\"@type\":\"ReadAction\",\"target\":[\"https:\/\/pistonaddict.com\/et\/product\/alpine-a110\/\"]}]},{\"@type\":\"ImageObject\",\"inLanguage\":\"et\",\"@id\":\"https:\/\/pistonaddict.com\/et\/product\/alpine-a110\/#primaryimage\",\"url\":\"https:\/\/pistonaddict.com\/wp-content\/uploads\/2023\/12\/4517LTW_01.jpg\",\"contentUrl\":\"https:\/\/pistonaddict.com\/wp-content\/uploads\/2023\/12\/4517LTW_01.jpg\",\"width\":1440,\"height\":1080},{\"@type\":\"BreadcrumbList\",\"@id\":\"https:\/\/pistonaddict.com\/et\/product\/alpine-a110\/#breadcrumb\",\"itemListElement\":[{\"@type\":\"ListItem\",\"position\":1,\"name\":\"Koduleht\",\"item\":\"https:\/\/pistonaddict.com\/et\/koduleht-2\/\"},{\"@type\":\"ListItem\",\"position\":2,\"name\":\"Auctions\",\"item\":\"https:\/\/pistonaddict.com\/auctions-listing\/\"},{\"@type\":\"ListItem\",\"position\":3,\"name\":\"Alpine A110\"}]},{\"@type\":\"WebSite\",\"@id\":\"https:\/\/pistonaddict.com\/et\/#website\",\"url\":\"https:\/\/pistonaddict.com\/et\/\",\"name\":\"Piston Addict\",\"description\":\"Only interesting vehicles\",\"publisher\":{\"@id\":\"https:\/\/pistonaddict.com\/et\/#organization\"},\"potentialAction\":[{\"@type\":\"SearchAction\",\"target\":{\"@type\":\"EntryPoint\",\"urlTemplate\":\"https:\/\/pistonaddict.com\/et\/?s={search_term_string}\"},\"query-input\":\"required name=search_term_string\"}],\"inLanguage\":\"et\"},{\"@type\":\"Organization\",\"@id\":\"https:\/\/pistonaddict.com\/et\/#organization\",\"name\":\"Piston Addict\",\"url\":\"https:\/\/pistonaddict.com\/et\/\",\"logo\":{\"@type\":\"ImageObject\",\"inLanguage\":\"et\",\"@id\":\"https:\/\/pistonaddict.com\/et\/#\/schema\/logo\/image\/\",\"url\":\"https:\/\/pistonaddict.com\/wp-content\/uploads\/2022\/07\/logo-6.png\",\"contentUrl\":\"https:\/\/pistonaddict.com\/wp-content\/uploads\/2022\/07\/logo-6.png\",\"width\":970,\"height\":200,\"caption\":\"Piston Addict\"},\"image\":{\"@id\":\"https:\/\/pistonaddict.com\/et\/#\/schema\/logo\/image\/\"}}]}<\/script>\n<!-- \/ Yoast SEO plugin. -->","yoast_head_json":{"title":"oksjon - Piston Addict","robots":{"index":"index","follow":"follow","max-snippet":"max-snippet:-1","max-image-preview":"max-image-preview:large","max-video-preview":"max-video-preview:-1"},"canonical":"https:\/\/pistonaddict.com\/et\/product\/alpine-a110\/","og_locale":"et_EE","og_type":"article","og_title":"oksjon - Piston Addict","og_description":"Viimase paari aasta kuumim sportauto ei ole Ferrari, Lamborghini v\u00f5i McLaren. See on Alpine A110, millel on kohandatud, v\u00e4ga kerge kere, hoogne neljasilindriline turbomootor ja elav j\u00f5udlus. See kahekohaline s\u00f5iduk tuletas sportauto f\u00e4nnidele meelde, mida autoga s\u00f5itmine endast kujutab, ja t\u00f5i legendaarse kaubam\u00e4rgi v\u00f5idukalt tagasi turule. T\u00e4na esitleme uhkusega selle v\u00e4ga m\u00f5juka sportauto \u00fcht parimat n\u00e4idet.","og_url":"https:\/\/pistonaddict.com\/et\/product\/alpine-a110\/","og_site_name":"Piston Addict","article_modified_time":"2024-03-20T08:42:53+00:00","og_image":[{"width":1440,"height":1080,"url":"https:\/\/pistonaddict.com\/wp-content\/uploads\/2023\/12\/4517LTW_01.jpg","type":"image\/jpeg"}],"twitter_card":"summary_large_image","twitter_misc":{"Est. reading time":"2 minutit"},"schema":{"@context":"https:\/\/schema.org","@graph":[{"@type":"WebPage","@id":"https:\/\/pistonaddict.com\/et\/product\/alpine-a110\/","url":"https:\/\/pistonaddict.com\/et\/product\/alpine-a110\/","name":"oksjon - Piston Addict","isPartOf":{"@id":"https:\/\/pistonaddict.com\/et\/#website"},"primaryImageOfPage":{"@id":"https:\/\/pistonaddict.com\/et\/product\/alpine-a110\/#primaryimage"},"image":{"@id":"https:\/\/pistonaddict.com\/et\/product\/alpine-a110\/#primaryimage"},"thumbnailUrl":"https:\/\/pistonaddict.com\/wp-content\/uploads\/2023\/12\/4517LTW_01.jpg","datePublished":"2023-12-13T13:41:14+00:00","dateModified":"2024-03-20T08:42:53+00:00","breadcrumb":{"@id":"https:\/\/pistonaddict.com\/et\/product\/alpine-a110\/#breadcrumb"},"inLanguage":"et","potentialAction":[{"@type":"ReadAction","target":["https:\/\/pistonaddict.com\/et\/product\/alpine-a110\/"]}]},{"@type":"ImageObject","inLanguage":"et","@id":"https:\/\/pistonaddict.com\/et\/product\/alpine-a110\/#primaryimage","url":"https:\/\/pistonaddict.com\/wp-content\/uploads\/2023\/12\/4517LTW_01.jpg","contentUrl":"https:\/\/pistonaddict.com\/wp-content\/uploads\/2023\/12\/4517LTW_01.jpg","width":1440,"height":1080},{"@type":"BreadcrumbList","@id":"https:\/\/pistonaddict.com\/et\/product\/alpine-a110\/#breadcrumb","itemListElement":[{"@type":"ListItem","position":1,"name":"Koduleht","item":"https:\/\/pistonaddict.com\/et\/koduleht-2\/"},{"@type":"ListItem","position":2,"name":"Auctions","item":"https:\/\/pistonaddict.com\/auctions-listing\/"},{"@type":"ListItem","position":3,"name":"Alpine A110"}]},{"@type":"WebSite","@id":"https:\/\/pistonaddict.com\/et\/#website","url":"https:\/\/pistonaddict.com\/et\/","name":"Piston Addict","description":"Only interesting vehicles","publisher":{"@id":"https:\/\/pistonaddict.com\/et\/#organization"},"potentialAction":[{"@type":"SearchAction","target":{"@type":"EntryPoint","urlTemplate":"https:\/\/pistonaddict.com\/et\/?s={search_term_string}"},"query-input":"required name=search_term_string"}],"inLanguage":"et"},{"@type":"Organization","@id":"https:\/\/pistonaddict.com\/et\/#organization","name":"Piston Addict","url":"https:\/\/pistonaddict.com\/et\/","logo":{"@type":"ImageObject","inLanguage":"et","@id":"https:\/\/pistonaddict.com\/et\/#\/schema\/logo\/image\/","url":"https:\/\/pistonaddict.com\/wp-content\/uploads\/2022\/07\/logo-6.png","contentUrl":"https:\/\/pistonaddict.com\/wp-content\/uploads\/2022\/07\/logo-6.png","width":970,"height":200,"caption":"Piston Addict"},"image":{"@id":"https:\/\/pistonaddict.com\/et\/#\/schema\/logo\/image\/"}}]}},"_links":{"self":[{"href":"https:\/\/pistonaddict.com\/et\/wp-json\/wp\/v2\/product\/79062"}],"collection":[{"href":"https:\/\/pistonaddict.com\/et\/wp-json\/wp\/v2\/product"}],"about":[{"href":"https:\/\/pistonaddict.com\/et\/wp-json\/wp\/v2\/types\/product"}],"replies":[{"embeddable":true,"href":"https:\/\/pistonaddict.com\/et\/wp-json\/wp\/v2\/comments?post=79062"}],"wp:featuredmedia":[{"embeddable":true,"href":"https:\/\/pistonaddict.com\/et\/wp-json\/wp\/v2\/media\/78352"}],"wp:attachment":[{"href":"https:\/\/pistonaddict.com\/et\/wp-json\/wp\/v2\/media?parent=79062"}],"wp:term":[{"taxonomy":"product_cat","embeddable":true,"href":"https:\/\/pistonaddict.com\/et\/wp-json\/wp\/v2\/product_cat?post=79062"},{"taxonomy":"product_tag","embeddable":true,"href":"https:\/\/pistonaddict.com\/et\/wp-json\/wp\/v2\/product_tag?post=79062"}],"curies":[{"name":"wp","href":"https:\/\/api.w.org\/{rel}","templated":true}]}}