{"id":78319,"date":"2023-12-13T10:17:52","date_gmt":"2023-12-13T09:17:52","guid":{"rendered":"https:\/\/pistonaddict.com\/product\/fisker-karma-signature-edition\/"},"modified":"2024-03-20T09:42:43","modified_gmt":"2024-03-20T08:42:43","slug":"fisker-karma-signature-edition","status":"publish","type":"product","link":"https:\/\/pistonaddict.com\/et\/product\/fisker-karma-signature-edition\/","title":{"rendered":"Fisker Karma Signature Edition"},"content":{"rendered":"<p><strong>Auto ajalugu<\/strong><\/p>\n<p>Enne kui Karma 2011. aastal turule tuli, olid h\u00fcbriidautod \u00fcsna igavad ja ebap\u00f5nevad s\u00f5idukid. Kuid siis esitles Fisker Karma pilkup\u00fc\u00fcdvat disaini, madalat siluetti, musklih\u00f5ngulist hoiakut ja unikaalseid vorme. See oli ja on ikka veel midagi erakordset. Ahvatleva kere all peitub hulgaliselt uuenduslikku tehnoloogiat. Peamootoriks on GM-i 2,0-liitrine turbomootor 260 hj ja kaks elektrimootorit tagateljel. 20,1 kWh akupakett toidab elektrimootoreid v\u00f5imsusega 120 kW (403 hj).<\/p>\n<p>Huvitav on see, et akud on paigutatud auto keskele, mis annab Karma madalama raskuskeskme ja suurep\u00e4rase teepeetuse. Ka t\u00f6\u00f6p\u00f5him\u00f5te on ainulaadne. Automaatk\u00e4igukastiga s\u00f5iduki l\u00e4bis\u00f5it oli umbes 80 km, kasutades ainult elektrienergiat. Kui aga akud on t\u00fchjad, l\u00fclitab juht sisse bensiinimootori, mis toidab elektrimootoreid toitvat generaatorit. Seega on Karma bensiinielektriline h\u00fcbriid, mille puhul on r\u00f5hk elektrilisel osal. See mudel tarniti Fiskeri perekonnaliikmele ja \u00fchele algsetest investoritest, mis teeb sellest erakordse osa ettev\u00f5tte ajaloost.<\/p>\n<p><strong>Sisustus<\/strong><\/p>\n<p>Selle konkreetse eksemplari interj\u00f6\u00f6ris on musta ja pruuni v\u00e4rvi nahk kombineeritud, mis muudab selle koha v\u00f5luvaks. Istmetel ei ole kriimustusi ja k\u00f5ik on t\u00f6\u00f6korras. See on varustatud valikulise infotainment-s\u00fcsteemiga, mille ekraan asub armatuurlaual.<\/p>\n<p><strong>Tingimus<\/strong><\/p>\n<p>80 000 km, kogu teenindusajalugu, ainult \u00fcks omanik, see Karma on ideaalses seisukorras. Ei ole \u00f5nnetusi ega kahjustusi, ja interj\u00f6\u00f6r on uues seisukorras. Huvitav on see, et Karma on varustatud p\u00e4ikesepaneelide katusega, mis muudab p\u00e4ikeseenergia elektriks ja l\u00fclitab aku vajaduse korral v\u00e4lja. Selles n\u00e4ites on p\u00e4ikesekatus olemas ja t\u00e4iesti t\u00f6\u00f6korras. <strong>See konkreetne n\u00e4ide on #61 100-st Signature Edition paketiga valmistatud eks<\/strong>emplarist, mis on oluline, kuna selle ajalugu saab Fiskeri kogukonnas j\u00e4lgida. Kuna sellel eksemplaril on ajalooline t\u00e4htsus, on seda hooldanud \u00fcks maailma parimaid Fisker-spetsialiste, mille kohta on olemas regulaarsed hooldusprotokollid. Viimane hooldus ja \u00f5livahetus tehti 2023. aasta oktoobris, pidurid vaadati \u00fcle vaid m\u00f5ned p\u00e4evad tagasi, 2023. aasta detsembris.<\/p>\n<p><strong>V\u00e4limus ja rattad<\/strong><\/p>\n<p>Ainulaadne h\u00f5bedane v\u00e4rv sobib ideaalselt kahetoonilise interj\u00f6\u00f6riga, ilma kriimustuste ja m\u00f5lkideta. Auto tarnitakse 21-tolliste talverehvidega, mis on ideaalses seisukorras. 22-tollised veljed koos suverehvidega on lisatasu eest. Rehvid on p\u00e4rit aastast 2023.<\/p>\n<p><strong>Dokumentatsioon<\/strong><\/p>\n<p>Eram\u00fc\u00fcja m\u00fc\u00fcb seda s\u00f5idukit koos asjakohaste dokumentidega, mis asuvad Saksamaal. <a href=\"https:\/\/pistonaddict.com\/wp-content\/uploads\/2023\/12\/FiskerKarma.pdf\">CarVerticali<\/a> aruanne on puhas; puuduvad t\u00f5endid \u00f5nnetuste, \u00f5nnetusjuhtumite remondi, omandi\u00f5iguse v\u00f5i juriidiliste probleemide kohta. Olemas on andmed regulaarse hoolduse, m\u00fc\u00fcgiarvete ja kviitungite kohta. Sellele mudelile ei ole tehasegarantiid.<\/p>\n<p><strong><br \/>\nVaadake selle kauni Fisker Karma h\u00f5bedase Signature k\u00fclmk\u00e4ivitusvideot:<\/strong><\/p>\n<p><iframe title=\"Cold Start Video of the Fisker Karma Signature for auction sale\" width=\"1200\" height=\"675\" src=\"https:\/\/www.youtube.com\/embed\/sOmYYpDT2U8?feature=oembed\" frameborder=\"0\" allow=\"accelerometer; autoplay; clipboard-write; encrypted-media; gyroscope; picture-in-picture; web-share\" allowfullscreen><\/iframe><\/p>\n","protected":false},"excerpt":{"rendered":"<p>Fisker Karma ei ole mitte ainult revolutsiooniline h\u00fcbriid, vaid ka \u00fcks 21. sajandi k\u00f5ige lahedama v\u00e4limusega autosid. Seda on tehtud vaid veidi \u00fcle 3000 eksemplari, mis on haruldane, kuid see on veelgi haruldasem. T\u00e4na pakutav h\u00f5bedane 2012. aasta Karma on 1 mudel 100-st Signature Edition&#8217;ist ja selle on isegi ettev\u00f5tte omanik Henrik Fisker isiklikult allkirjastanud. Kui otsite kollektsion\u00e4\u00e4ri unistust, siis see on see.<\/p>\n","protected":false},"featured_media":77660,"comment_status":"open","ping_status":"closed","template":"","meta":{"inline_featured_image":false},"product_cat":[736],"product_tag":[2770,2771,925,1778,1774],"acf":[],"yoast_head":"<!-- This site is optimized with the Yoast SEO plugin v22.5 - https:\/\/yoast.com\/wordpress\/plugins\/seo\/ -->\n<title>oksjon - Piston Addict<\/title>\n<meta name=\"robots\" content=\"index, follow, max-snippet:-1, max-image-preview:large, max-video-preview:-1\" \/>\n<link rel=\"canonical\" href=\"https:\/\/pistonaddict.com\/et\/product\/fisker-karma-signature-edition\/\" \/>\n<meta property=\"og:locale\" content=\"et_EE\" \/>\n<meta property=\"og:type\" content=\"article\" \/>\n<meta property=\"og:title\" content=\"oksjon - Piston Addict\" \/>\n<meta property=\"og:description\" content=\"Fisker Karma ei ole mitte ainult revolutsiooniline h\u00fcbriid, vaid ka \u00fcks 21. sajandi k\u00f5ige lahedama v\u00e4limusega autosid. Seda on tehtud vaid veidi \u00fcle 3000 eksemplari, mis on haruldane, kuid see on veelgi haruldasem. T\u00e4na pakutav h\u00f5bedane 2012. aasta Karma on 1 mudel 100-st Signature Edition&#039;ist ja selle on isegi ettev\u00f5tte omanik Henrik Fisker isiklikult allkirjastanud. Kui otsite kollektsion\u00e4\u00e4ri unistust, siis see on see.\" \/>\n<meta property=\"og:url\" content=\"https:\/\/pistonaddict.com\/et\/product\/fisker-karma-signature-edition\/\" \/>\n<meta property=\"og:site_name\" content=\"Piston Addict\" \/>\n<meta property=\"article:modified_time\" content=\"2024-03-20T08:42:43+00:00\" \/>\n<meta property=\"og:image\" content=\"https:\/\/pistonaddict.com\/wp-content\/uploads\/2023\/12\/20210129_085341.jpg\" \/>\n\t<meta property=\"og:image:width\" content=\"1762\" \/>\n\t<meta property=\"og:image:height\" content=\"752\" \/>\n\t<meta property=\"og:image:type\" content=\"image\/jpeg\" \/>\n<meta name=\"twitter:card\" content=\"summary_large_image\" \/>\n<meta name=\"twitter:label1\" content=\"Est. reading time\" \/>\n\t<meta name=\"twitter:data1\" content=\"2 minutit\" \/>\n<script type=\"application\/ld+json\" class=\"yoast-schema-graph\">{\"@context\":\"https:\/\/schema.org\",\"@graph\":[{\"@type\":\"WebPage\",\"@id\":\"https:\/\/pistonaddict.com\/et\/product\/fisker-karma-signature-edition\/\",\"url\":\"https:\/\/pistonaddict.com\/et\/product\/fisker-karma-signature-edition\/\",\"name\":\"oksjon - Piston Addict\",\"isPartOf\":{\"@id\":\"https:\/\/pistonaddict.com\/et\/#website\"},\"primaryImageOfPage\":{\"@id\":\"https:\/\/pistonaddict.com\/et\/product\/fisker-karma-signature-edition\/#primaryimage\"},\"image\":{\"@id\":\"https:\/\/pistonaddict.com\/et\/product\/fisker-karma-signature-edition\/#primaryimage\"},\"thumbnailUrl\":\"https:\/\/pistonaddict.com\/wp-content\/uploads\/2023\/12\/20210129_085341.jpg\",\"datePublished\":\"2023-12-13T09:17:52+00:00\",\"dateModified\":\"2024-03-20T08:42:43+00:00\",\"breadcrumb\":{\"@id\":\"https:\/\/pistonaddict.com\/et\/product\/fisker-karma-signature-edition\/#breadcrumb\"},\"inLanguage\":\"et\",\"potentialAction\":[{\"@type\":\"ReadAction\",\"target\":[\"https:\/\/pistonaddict.com\/et\/product\/fisker-karma-signature-edition\/\"]}]},{\"@type\":\"ImageObject\",\"inLanguage\":\"et\",\"@id\":\"https:\/\/pistonaddict.com\/et\/product\/fisker-karma-signature-edition\/#primaryimage\",\"url\":\"https:\/\/pistonaddict.com\/wp-content\/uploads\/2023\/12\/20210129_085341.jpg\",\"contentUrl\":\"https:\/\/pistonaddict.com\/wp-content\/uploads\/2023\/12\/20210129_085341.jpg\",\"width\":1762,\"height\":752},{\"@type\":\"BreadcrumbList\",\"@id\":\"https:\/\/pistonaddict.com\/et\/product\/fisker-karma-signature-edition\/#breadcrumb\",\"itemListElement\":[{\"@type\":\"ListItem\",\"position\":1,\"name\":\"Koduleht\",\"item\":\"https:\/\/pistonaddict.com\/et\/koduleht-2\/\"},{\"@type\":\"ListItem\",\"position\":2,\"name\":\"Auctions\",\"item\":\"https:\/\/pistonaddict.com\/auctions-listing\/\"},{\"@type\":\"ListItem\",\"position\":3,\"name\":\"Fisker Karma Signature Edition\"}]},{\"@type\":\"WebSite\",\"@id\":\"https:\/\/pistonaddict.com\/et\/#website\",\"url\":\"https:\/\/pistonaddict.com\/et\/\",\"name\":\"Piston Addict\",\"description\":\"Only interesting vehicles\",\"publisher\":{\"@id\":\"https:\/\/pistonaddict.com\/et\/#organization\"},\"potentialAction\":[{\"@type\":\"SearchAction\",\"target\":{\"@type\":\"EntryPoint\",\"urlTemplate\":\"https:\/\/pistonaddict.com\/et\/?s={search_term_string}\"},\"query-input\":\"required name=search_term_string\"}],\"inLanguage\":\"et\"},{\"@type\":\"Organization\",\"@id\":\"https:\/\/pistonaddict.com\/et\/#organization\",\"name\":\"Piston Addict\",\"url\":\"https:\/\/pistonaddict.com\/et\/\",\"logo\":{\"@type\":\"ImageObject\",\"inLanguage\":\"et\",\"@id\":\"https:\/\/pistonaddict.com\/et\/#\/schema\/logo\/image\/\",\"url\":\"https:\/\/pistonaddict.com\/wp-content\/uploads\/2022\/07\/logo-6.png\",\"contentUrl\":\"https:\/\/pistonaddict.com\/wp-content\/uploads\/2022\/07\/logo-6.png\",\"width\":970,\"height\":200,\"caption\":\"Piston Addict\"},\"image\":{\"@id\":\"https:\/\/pistonaddict.com\/et\/#\/schema\/logo\/image\/\"}}]}<\/script>\n<!-- \/ Yoast SEO plugin. -->","yoast_head_json":{"title":"oksjon - Piston Addict","robots":{"index":"index","follow":"follow","max-snippet":"max-snippet:-1","max-image-preview":"max-image-preview:large","max-video-preview":"max-video-preview:-1"},"canonical":"https:\/\/pistonaddict.com\/et\/product\/fisker-karma-signature-edition\/","og_locale":"et_EE","og_type":"article","og_title":"oksjon - Piston Addict","og_description":"Fisker Karma ei ole mitte ainult revolutsiooniline h\u00fcbriid, vaid ka \u00fcks 21. sajandi k\u00f5ige lahedama v\u00e4limusega autosid. Seda on tehtud vaid veidi \u00fcle 3000 eksemplari, mis on haruldane, kuid see on veelgi haruldasem. T\u00e4na pakutav h\u00f5bedane 2012. aasta Karma on 1 mudel 100-st Signature Edition'ist ja selle on isegi ettev\u00f5tte omanik Henrik Fisker isiklikult allkirjastanud. Kui otsite kollektsion\u00e4\u00e4ri unistust, siis see on see.","og_url":"https:\/\/pistonaddict.com\/et\/product\/fisker-karma-signature-edition\/","og_site_name":"Piston Addict","article_modified_time":"2024-03-20T08:42:43+00:00","og_image":[{"width":1762,"height":752,"url":"https:\/\/pistonaddict.com\/wp-content\/uploads\/2023\/12\/20210129_085341.jpg","type":"image\/jpeg"}],"twitter_card":"summary_large_image","twitter_misc":{"Est. reading time":"2 minutit"},"schema":{"@context":"https:\/\/schema.org","@graph":[{"@type":"WebPage","@id":"https:\/\/pistonaddict.com\/et\/product\/fisker-karma-signature-edition\/","url":"https:\/\/pistonaddict.com\/et\/product\/fisker-karma-signature-edition\/","name":"oksjon - Piston Addict","isPartOf":{"@id":"https:\/\/pistonaddict.com\/et\/#website"},"primaryImageOfPage":{"@id":"https:\/\/pistonaddict.com\/et\/product\/fisker-karma-signature-edition\/#primaryimage"},"image":{"@id":"https:\/\/pistonaddict.com\/et\/product\/fisker-karma-signature-edition\/#primaryimage"},"thumbnailUrl":"https:\/\/pistonaddict.com\/wp-content\/uploads\/2023\/12\/20210129_085341.jpg","datePublished":"2023-12-13T09:17:52+00:00","dateModified":"2024-03-20T08:42:43+00:00","breadcrumb":{"@id":"https:\/\/pistonaddict.com\/et\/product\/fisker-karma-signature-edition\/#breadcrumb"},"inLanguage":"et","potentialAction":[{"@type":"ReadAction","target":["https:\/\/pistonaddict.com\/et\/product\/fisker-karma-signature-edition\/"]}]},{"@type":"ImageObject","inLanguage":"et","@id":"https:\/\/pistonaddict.com\/et\/product\/fisker-karma-signature-edition\/#primaryimage","url":"https:\/\/pistonaddict.com\/wp-content\/uploads\/2023\/12\/20210129_085341.jpg","contentUrl":"https:\/\/pistonaddict.com\/wp-content\/uploads\/2023\/12\/20210129_085341.jpg","width":1762,"height":752},{"@type":"BreadcrumbList","@id":"https:\/\/pistonaddict.com\/et\/product\/fisker-karma-signature-edition\/#breadcrumb","itemListElement":[{"@type":"ListItem","position":1,"name":"Koduleht","item":"https:\/\/pistonaddict.com\/et\/koduleht-2\/"},{"@type":"ListItem","position":2,"name":"Auctions","item":"https:\/\/pistonaddict.com\/auctions-listing\/"},{"@type":"ListItem","position":3,"name":"Fisker Karma Signature Edition"}]},{"@type":"WebSite","@id":"https:\/\/pistonaddict.com\/et\/#website","url":"https:\/\/pistonaddict.com\/et\/","name":"Piston Addict","description":"Only interesting vehicles","publisher":{"@id":"https:\/\/pistonaddict.com\/et\/#organization"},"potentialAction":[{"@type":"SearchAction","target":{"@type":"EntryPoint","urlTemplate":"https:\/\/pistonaddict.com\/et\/?s={search_term_string}"},"query-input":"required name=search_term_string"}],"inLanguage":"et"},{"@type":"Organization","@id":"https:\/\/pistonaddict.com\/et\/#organization","name":"Piston Addict","url":"https:\/\/pistonaddict.com\/et\/","logo":{"@type":"ImageObject","inLanguage":"et","@id":"https:\/\/pistonaddict.com\/et\/#\/schema\/logo\/image\/","url":"https:\/\/pistonaddict.com\/wp-content\/uploads\/2022\/07\/logo-6.png","contentUrl":"https:\/\/pistonaddict.com\/wp-content\/uploads\/2022\/07\/logo-6.png","width":970,"height":200,"caption":"Piston Addict"},"image":{"@id":"https:\/\/pistonaddict.com\/et\/#\/schema\/logo\/image\/"}}]}},"_links":{"self":[{"href":"https:\/\/pistonaddict.com\/et\/wp-json\/wp\/v2\/product\/78319"}],"collection":[{"href":"https:\/\/pistonaddict.com\/et\/wp-json\/wp\/v2\/product"}],"about":[{"href":"https:\/\/pistonaddict.com\/et\/wp-json\/wp\/v2\/types\/product"}],"replies":[{"embeddable":true,"href":"https:\/\/pistonaddict.com\/et\/wp-json\/wp\/v2\/comments?post=78319"}],"wp:featuredmedia":[{"embeddable":true,"href":"https:\/\/pistonaddict.com\/et\/wp-json\/wp\/v2\/media\/77660"}],"wp:attachment":[{"href":"https:\/\/pistonaddict.com\/et\/wp-json\/wp\/v2\/media?parent=78319"}],"wp:term":[{"taxonomy":"product_cat","embeddable":true,"href":"https:\/\/pistonaddict.com\/et\/wp-json\/wp\/v2\/product_cat?post=78319"},{"taxonomy":"product_tag","embeddable":true,"href":"https:\/\/pistonaddict.com\/et\/wp-json\/wp\/v2\/product_tag?post=78319"}],"curies":[{"name":"wp","href":"https:\/\/api.w.org\/{rel}","templated":true}]}}