{"id":77359,"date":"2023-12-11T15:55:41","date_gmt":"2023-12-11T14:55:41","guid":{"rendered":"https:\/\/pistonaddict.com\/product\/abarth-124-spider\/"},"modified":"2024-03-20T09:41:50","modified_gmt":"2024-03-20T08:41:50","slug":"abarth-124-spider","status":"publish","type":"product","link":"https:\/\/pistonaddict.com\/et\/product\/abarth-124-spider\/","title":{"rendered":"Abarth 124 Spider"},"content":{"rendered":"<h2>V\u00e4ljaspool<\/h2>\n<p>V\u00e4liselt on esmapilgul n\u00e4ha, et see on rohkem kui tavaline, tavaline 124 Spider. Sellel mustaks v\u00e4rvitud roadsteril on agressiivsemad kaitserauad, ksenon-esilaternad ja kahepoolne v\u00e4ljalaskes\u00fcsteem tagaosas, millel on kaks kroomitud otsikut m\u00f5lemal k\u00fcljel. K\u00f5ik need detailid annavad autole hirmu\u00e4ratava kohaloleku maanteel, mis eristab seda eksimatult tema leebelt maneerivast n\u00f5brast. Ja kui sellest ei piisa, siis Abarthi 70. aastap\u00e4eva t\u00e4histav m\u00e4rk k\u00fcljel r\u00f5hutab kindlasti selle konkreetse mudeli eksklusiivsust.<\/p>\n<p>See Abarth 124 Spider istub 17-tollistel velgedel, mis on varustatud Bridgestone&#8217;i rehvidega, mis v\u00f5ivad olla oma parima aja m\u00f6\u00f6das. Veljed annavad ka selge \u00fclevaate massiivsetest punastest Brembo pidurisadulatest, mis lubavad suurep\u00e4rast pidurdusv\u00f5imet.<\/p>\n<h2>Sisustus<\/h2>\n<p>Sarnaselt v\u00e4ljan\u00e4gemisega on ka interj\u00f6\u00f6ris mitmeid pilkup\u00fc\u00fcdvaid detaile, mis n\u00e4itavad selgelt auto p\u00e4ritolu. Alustuseks paar mugavat mokkanahaga kaetud istmeid, mille seljatoele on \u00f5mmeldud massiivne punane Abart-kiri. Punast v\u00e4rvi detailid r\u00f5hutavad ka rooliratast ja selle taga asuvat armatuurlauda, kus domineerib kuni 8000 p\u00f6\u00f6rdeni ulatuv p\u00f6\u00f6rlemissageduse loendur. L\u00f5puks on minimalistlikul armatuurlaual vaid h\u00e4davajalikud elemendid, nagu n\u00e4iteks kliimaseadme juhtimisseadmed ja keskele paigaldatud ekraan, mist\u00f5ttu on ilmselge, et see auto on m\u00f5eldud eelk\u00f5ige autojuhtimiseks.<\/p>\n<h2>Mehaanika<\/h2>\n<p>Esmapilgul ei pruugi 1,4-liitrine mootor kapoti all tunduda nii veenev, kui v\u00f5iks eeldada. T\u00e4nu turbolaadurile ja keerulisele k\u00fctusehaldusele, mis t\u00f5stavad selle v\u00f5imsuse 170 hobuj\u00f5uni, on see sujuv 4-silindriline mootor siiski \u00fcsna v\u00f5imas. K\u00e4igukast &#8211; tavaline kuuek\u00e4iguline manuaalk\u00e4igukast &#8211; on veel \u00fcks detail, mis paljastab Spideri t\u00f5elise olemuse. Selline j\u00f5u\u00fclekande konfiguratsioon koos suurep\u00e4rase vedrustuse ja v\u00f5imekate piduritega teeb sellest korraliku juhi auto, mis on m\u00f5eldud iga kurvilise tee l\u00e4bimiseks.<\/p>\n<h2>S\u00f5iduki ajalugu<\/h2>\n<p>L\u00f5petuseks paar s\u00f5na selle Abarth Spideri praeguse seisukorra kohta. Viimane korraline hooldus, mis h\u00f5lmas \u00f5livahetust, tehti jaanuaris 2023. Hiljuti, detsembris, vaadati \u00fcle pidurid. Esitatud fotode ja vastava video p\u00f5hjal tundub auto olevat laitmatus korras, ilma n\u00e4htavate vigastuste v\u00f5i kulumisj\u00e4lgedeta.<\/p>\n<p>Lisaks \u00fctleb m\u00fc\u00fcja, et autot, mis on praegu Itaalias, ei ole kasutatud rajal ega osalenud \u00f5nnetustes, mida kinnitab ka vastav <a href=\"https:\/\/pistonaddict.com\/wp-content\/uploads\/2023\/12\/abarthspider.pdf\">CARFAXi<\/a> s\u00f5idukiajaloo aruanne.<\/p>\n<p><strong><br \/>\nVaadake selle kauni Abarth 124 Spideri k\u00fclmk\u00e4ivitusvideot :<\/strong><\/p>\n<p><iframe title=\"Cold Start Video of the Abarth 124 Spider for auction sale\" width=\"1200\" height=\"675\" src=\"https:\/\/www.youtube.com\/embed\/wZs51_ew1WU?feature=oembed\" frameborder=\"0\" allow=\"accelerometer; autoplay; clipboard-write; encrypted-media; gyroscope; picture-in-picture; web-share\" allowfullscreen><\/iframe><\/p>\n","protected":false},"excerpt":{"rendered":"<p>Kui soovite autot, mis n\u00e4eb hea v\u00e4lja, mida on l\u00f5bus juhtida ja millega on lihtne elada, siis peaksite kaaluma roadsteri soetamist. Valikus on mitu suhteliselt uut mudelit, millest \u00fcks on 124 Spider, mis jagab oma mehaanilist alusp\u00f5hja t\u00f5en\u00e4oliselt k\u00f5ige kuulsama t\u00e4nase roadsteri &#8211; Mazda MX5-ga. See kujutab endast ainulaadset segu Itaalia stiilist ja Jaapani t\u00e4psest tehnoloogiast.<\/p>\n<p>Ja kui Fiati enda tuuneri poolt k\u00f5ik see \u00e4ra v\u00fcrtsitada, siis saad tulise <strong>Abarth 124 Spideri<\/strong>, millest \u00fcks on oksjonil siinsamas meie saidil. See laitmatu 2019. aasta mudel on l\u00e4binud veidi \u00fcle 23 000 kilomeetri ja otsib praegu uut omanikku. Lisaks elegantsele v\u00e4limusele ja nauditavale j\u00f5udlusele peidab see veel \u00fche \u00e4ssa varrukas.<\/p>\n","protected":false},"featured_media":77138,"comment_status":"open","ping_status":"closed","template":"","meta":{"inline_featured_image":false},"product_cat":[736],"product_tag":[2712,2715,2706,960],"acf":[],"yoast_head":"<!-- This site is optimized with the Yoast SEO plugin v22.5 - https:\/\/yoast.com\/wordpress\/plugins\/seo\/ -->\n<title>oksjon - Piston Addict<\/title>\n<meta name=\"robots\" content=\"index, follow, max-snippet:-1, max-image-preview:large, max-video-preview:-1\" \/>\n<link rel=\"canonical\" href=\"https:\/\/pistonaddict.com\/et\/product\/abarth-124-spider\/\" \/>\n<meta property=\"og:locale\" content=\"et_EE\" \/>\n<meta property=\"og:type\" content=\"article\" \/>\n<meta property=\"og:title\" content=\"oksjon - Piston Addict\" \/>\n<meta property=\"og:description\" content=\"Kui soovite autot, mis n\u00e4eb hea v\u00e4lja, mida on l\u00f5bus juhtida ja millega on lihtne elada, siis peaksite kaaluma roadsteri soetamist. Valikus on mitu suhteliselt uut mudelit, millest \u00fcks on 124 Spider, mis jagab oma mehaanilist alusp\u00f5hja t\u00f5en\u00e4oliselt k\u00f5ige kuulsama t\u00e4nase roadsteri - Mazda MX5-ga. See kujutab endast ainulaadset segu Itaalia stiilist ja Jaapani t\u00e4psest tehnoloogiast. Ja kui Fiati enda tuuneri poolt k\u00f5ik see \u00e4ra v\u00fcrtsitada, siis saad tulise Abarth 124 Spideri, millest \u00fcks on oksjonil siinsamas meie saidil. See laitmatu 2019. aasta mudel on l\u00e4binud veidi \u00fcle 23 000 kilomeetri ja otsib praegu uut omanikku. Lisaks elegantsele v\u00e4limusele ja nauditavale j\u00f5udlusele peidab see veel \u00fche \u00e4ssa varrukas.\" \/>\n<meta property=\"og:url\" content=\"https:\/\/pistonaddict.com\/et\/product\/abarth-124-spider\/\" \/>\n<meta property=\"og:site_name\" content=\"Piston Addict\" \/>\n<meta property=\"article:modified_time\" content=\"2024-03-20T08:41:50+00:00\" \/>\n<meta property=\"og:image\" content=\"https:\/\/pistonaddict.com\/wp-content\/uploads\/2023\/12\/image00020-scaled.jpeg\" \/>\n\t<meta property=\"og:image:width\" content=\"2560\" \/>\n\t<meta property=\"og:image:height\" content=\"1920\" \/>\n\t<meta property=\"og:image:type\" content=\"image\/jpeg\" \/>\n<meta name=\"twitter:card\" content=\"summary_large_image\" \/>\n<meta name=\"twitter:label1\" content=\"Est. reading time\" \/>\n\t<meta name=\"twitter:data1\" content=\"2 minutit\" \/>\n<script type=\"application\/ld+json\" class=\"yoast-schema-graph\">{\"@context\":\"https:\/\/schema.org\",\"@graph\":[{\"@type\":\"WebPage\",\"@id\":\"https:\/\/pistonaddict.com\/et\/product\/abarth-124-spider\/\",\"url\":\"https:\/\/pistonaddict.com\/et\/product\/abarth-124-spider\/\",\"name\":\"oksjon - Piston Addict\",\"isPartOf\":{\"@id\":\"https:\/\/pistonaddict.com\/et\/#website\"},\"primaryImageOfPage\":{\"@id\":\"https:\/\/pistonaddict.com\/et\/product\/abarth-124-spider\/#primaryimage\"},\"image\":{\"@id\":\"https:\/\/pistonaddict.com\/et\/product\/abarth-124-spider\/#primaryimage\"},\"thumbnailUrl\":\"https:\/\/pistonaddict.com\/wp-content\/uploads\/2023\/12\/image00020-scaled.jpeg\",\"datePublished\":\"2023-12-11T14:55:41+00:00\",\"dateModified\":\"2024-03-20T08:41:50+00:00\",\"breadcrumb\":{\"@id\":\"https:\/\/pistonaddict.com\/et\/product\/abarth-124-spider\/#breadcrumb\"},\"inLanguage\":\"et\",\"potentialAction\":[{\"@type\":\"ReadAction\",\"target\":[\"https:\/\/pistonaddict.com\/et\/product\/abarth-124-spider\/\"]}]},{\"@type\":\"ImageObject\",\"inLanguage\":\"et\",\"@id\":\"https:\/\/pistonaddict.com\/et\/product\/abarth-124-spider\/#primaryimage\",\"url\":\"https:\/\/pistonaddict.com\/wp-content\/uploads\/2023\/12\/image00020-scaled.jpeg\",\"contentUrl\":\"https:\/\/pistonaddict.com\/wp-content\/uploads\/2023\/12\/image00020-scaled.jpeg\",\"width\":2560,\"height\":1920},{\"@type\":\"BreadcrumbList\",\"@id\":\"https:\/\/pistonaddict.com\/et\/product\/abarth-124-spider\/#breadcrumb\",\"itemListElement\":[{\"@type\":\"ListItem\",\"position\":1,\"name\":\"Koduleht\",\"item\":\"https:\/\/pistonaddict.com\/et\/koduleht-2\/\"},{\"@type\":\"ListItem\",\"position\":2,\"name\":\"Auctions\",\"item\":\"https:\/\/pistonaddict.com\/auctions-listing\/\"},{\"@type\":\"ListItem\",\"position\":3,\"name\":\"Abarth 124 Spider\"}]},{\"@type\":\"WebSite\",\"@id\":\"https:\/\/pistonaddict.com\/et\/#website\",\"url\":\"https:\/\/pistonaddict.com\/et\/\",\"name\":\"Piston Addict\",\"description\":\"Only interesting vehicles\",\"publisher\":{\"@id\":\"https:\/\/pistonaddict.com\/et\/#organization\"},\"potentialAction\":[{\"@type\":\"SearchAction\",\"target\":{\"@type\":\"EntryPoint\",\"urlTemplate\":\"https:\/\/pistonaddict.com\/et\/?s={search_term_string}\"},\"query-input\":\"required name=search_term_string\"}],\"inLanguage\":\"et\"},{\"@type\":\"Organization\",\"@id\":\"https:\/\/pistonaddict.com\/et\/#organization\",\"name\":\"Piston Addict\",\"url\":\"https:\/\/pistonaddict.com\/et\/\",\"logo\":{\"@type\":\"ImageObject\",\"inLanguage\":\"et\",\"@id\":\"https:\/\/pistonaddict.com\/et\/#\/schema\/logo\/image\/\",\"url\":\"https:\/\/pistonaddict.com\/wp-content\/uploads\/2022\/07\/logo-6.png\",\"contentUrl\":\"https:\/\/pistonaddict.com\/wp-content\/uploads\/2022\/07\/logo-6.png\",\"width\":970,\"height\":200,\"caption\":\"Piston Addict\"},\"image\":{\"@id\":\"https:\/\/pistonaddict.com\/et\/#\/schema\/logo\/image\/\"}}]}<\/script>\n<!-- \/ Yoast SEO plugin. -->","yoast_head_json":{"title":"oksjon - Piston Addict","robots":{"index":"index","follow":"follow","max-snippet":"max-snippet:-1","max-image-preview":"max-image-preview:large","max-video-preview":"max-video-preview:-1"},"canonical":"https:\/\/pistonaddict.com\/et\/product\/abarth-124-spider\/","og_locale":"et_EE","og_type":"article","og_title":"oksjon - Piston Addict","og_description":"Kui soovite autot, mis n\u00e4eb hea v\u00e4lja, mida on l\u00f5bus juhtida ja millega on lihtne elada, siis peaksite kaaluma roadsteri soetamist. Valikus on mitu suhteliselt uut mudelit, millest \u00fcks on 124 Spider, mis jagab oma mehaanilist alusp\u00f5hja t\u00f5en\u00e4oliselt k\u00f5ige kuulsama t\u00e4nase roadsteri - Mazda MX5-ga. See kujutab endast ainulaadset segu Itaalia stiilist ja Jaapani t\u00e4psest tehnoloogiast. Ja kui Fiati enda tuuneri poolt k\u00f5ik see \u00e4ra v\u00fcrtsitada, siis saad tulise Abarth 124 Spideri, millest \u00fcks on oksjonil siinsamas meie saidil. See laitmatu 2019. aasta mudel on l\u00e4binud veidi \u00fcle 23 000 kilomeetri ja otsib praegu uut omanikku. Lisaks elegantsele v\u00e4limusele ja nauditavale j\u00f5udlusele peidab see veel \u00fche \u00e4ssa varrukas.","og_url":"https:\/\/pistonaddict.com\/et\/product\/abarth-124-spider\/","og_site_name":"Piston Addict","article_modified_time":"2024-03-20T08:41:50+00:00","og_image":[{"width":2560,"height":1920,"url":"https:\/\/pistonaddict.com\/wp-content\/uploads\/2023\/12\/image00020-scaled.jpeg","type":"image\/jpeg"}],"twitter_card":"summary_large_image","twitter_misc":{"Est. reading time":"2 minutit"},"schema":{"@context":"https:\/\/schema.org","@graph":[{"@type":"WebPage","@id":"https:\/\/pistonaddict.com\/et\/product\/abarth-124-spider\/","url":"https:\/\/pistonaddict.com\/et\/product\/abarth-124-spider\/","name":"oksjon - Piston Addict","isPartOf":{"@id":"https:\/\/pistonaddict.com\/et\/#website"},"primaryImageOfPage":{"@id":"https:\/\/pistonaddict.com\/et\/product\/abarth-124-spider\/#primaryimage"},"image":{"@id":"https:\/\/pistonaddict.com\/et\/product\/abarth-124-spider\/#primaryimage"},"thumbnailUrl":"https:\/\/pistonaddict.com\/wp-content\/uploads\/2023\/12\/image00020-scaled.jpeg","datePublished":"2023-12-11T14:55:41+00:00","dateModified":"2024-03-20T08:41:50+00:00","breadcrumb":{"@id":"https:\/\/pistonaddict.com\/et\/product\/abarth-124-spider\/#breadcrumb"},"inLanguage":"et","potentialAction":[{"@type":"ReadAction","target":["https:\/\/pistonaddict.com\/et\/product\/abarth-124-spider\/"]}]},{"@type":"ImageObject","inLanguage":"et","@id":"https:\/\/pistonaddict.com\/et\/product\/abarth-124-spider\/#primaryimage","url":"https:\/\/pistonaddict.com\/wp-content\/uploads\/2023\/12\/image00020-scaled.jpeg","contentUrl":"https:\/\/pistonaddict.com\/wp-content\/uploads\/2023\/12\/image00020-scaled.jpeg","width":2560,"height":1920},{"@type":"BreadcrumbList","@id":"https:\/\/pistonaddict.com\/et\/product\/abarth-124-spider\/#breadcrumb","itemListElement":[{"@type":"ListItem","position":1,"name":"Koduleht","item":"https:\/\/pistonaddict.com\/et\/koduleht-2\/"},{"@type":"ListItem","position":2,"name":"Auctions","item":"https:\/\/pistonaddict.com\/auctions-listing\/"},{"@type":"ListItem","position":3,"name":"Abarth 124 Spider"}]},{"@type":"WebSite","@id":"https:\/\/pistonaddict.com\/et\/#website","url":"https:\/\/pistonaddict.com\/et\/","name":"Piston Addict","description":"Only interesting vehicles","publisher":{"@id":"https:\/\/pistonaddict.com\/et\/#organization"},"potentialAction":[{"@type":"SearchAction","target":{"@type":"EntryPoint","urlTemplate":"https:\/\/pistonaddict.com\/et\/?s={search_term_string}"},"query-input":"required name=search_term_string"}],"inLanguage":"et"},{"@type":"Organization","@id":"https:\/\/pistonaddict.com\/et\/#organization","name":"Piston Addict","url":"https:\/\/pistonaddict.com\/et\/","logo":{"@type":"ImageObject","inLanguage":"et","@id":"https:\/\/pistonaddict.com\/et\/#\/schema\/logo\/image\/","url":"https:\/\/pistonaddict.com\/wp-content\/uploads\/2022\/07\/logo-6.png","contentUrl":"https:\/\/pistonaddict.com\/wp-content\/uploads\/2022\/07\/logo-6.png","width":970,"height":200,"caption":"Piston Addict"},"image":{"@id":"https:\/\/pistonaddict.com\/et\/#\/schema\/logo\/image\/"}}]}},"_links":{"self":[{"href":"https:\/\/pistonaddict.com\/et\/wp-json\/wp\/v2\/product\/77359"}],"collection":[{"href":"https:\/\/pistonaddict.com\/et\/wp-json\/wp\/v2\/product"}],"about":[{"href":"https:\/\/pistonaddict.com\/et\/wp-json\/wp\/v2\/types\/product"}],"replies":[{"embeddable":true,"href":"https:\/\/pistonaddict.com\/et\/wp-json\/wp\/v2\/comments?post=77359"}],"wp:featuredmedia":[{"embeddable":true,"href":"https:\/\/pistonaddict.com\/et\/wp-json\/wp\/v2\/media\/77138"}],"wp:attachment":[{"href":"https:\/\/pistonaddict.com\/et\/wp-json\/wp\/v2\/media?parent=77359"}],"wp:term":[{"taxonomy":"product_cat","embeddable":true,"href":"https:\/\/pistonaddict.com\/et\/wp-json\/wp\/v2\/product_cat?post=77359"},{"taxonomy":"product_tag","embeddable":true,"href":"https:\/\/pistonaddict.com\/et\/wp-json\/wp\/v2\/product_tag?post=77359"}],"curies":[{"name":"wp","href":"https:\/\/api.w.org\/{rel}","templated":true}]}}