{"id":76292,"date":"2023-12-01T10:53:23","date_gmt":"2023-12-01T09:53:23","guid":{"rendered":"https:\/\/pistonaddict.com\/product\/ferrari-488-gtb\/"},"modified":"2023-12-20T11:45:33","modified_gmt":"2023-12-20T10:45:33","slug":"ferrari-488-gtb","status":"publish","type":"product","link":"https:\/\/pistonaddict.com\/et\/product\/ferrari-488-gtb\/","title":{"rendered":"Ferrari 488 GTB"},"content":{"rendered":"<p><strong>Auto ajalugu<\/strong><\/p>\n<p>2015. aastal 458 Italia asemel esitles Ferrari 488 GTB, mis oli esimene turbomootoriga V8-mootoriga Ferrari p\u00e4rast legendaarset F40. Kuigi 488 GTB oli v\u00e4iksema t\u00f6\u00f6mahuga, sest selles oli ainult 3,9-liitrine V8, oli tal 100 hobuj\u00f5udu rohkem kui 458 Italia, s.o h\u00e4mmastavad 670 hobuj\u00f5udu. Veelgi p\u00f5nevam oli aga v\u00e4\u00e4ndemoment, mis on muljetavaldav 760 Nm ja tagab v\u00e4lkkiire kiirenduse, kohese gaasireaktsiooni ja uskumatu s\u00f5idud\u00fcnaamika. 100 km\/h on saavutatav vaid 3 sekundiga ja 330 km\/h tippkiirus k\u00f5lab uskumatult. V\u00e4hese l\u00e4bis\u00f5idu, p\u00f5nevate lisavarustuse ja s\u00fcsinikdioksiidist pidurite t\u00f5ttu on meie pakutav 488 GTB t\u00f5eline juhi mudel, mis on valmis teid h\u00e4mmastama h\u00e4vituslennuki v\u00f5imsuse, rafineerituse ja s\u00f5idud\u00fcnaamika poolest.<\/p>\n<p><strong>Sisustus<\/strong><\/p>\n<p>Kuna seda Ferrarit hoiti hoolikalt, on must nahk ja Alcantara interj\u00f6\u00f6r v\u00e4ga heas seisukorras, ilma kasutamisj\u00e4lgedeta. Selle auto esialgne omanik valis sellised lisaseadmed nagu s\u00fcsinikust seljatoega istmed koos naha ja Alcantara kombinatsiooniga, digitaalne n\u00e4idik roolil ja s\u00fcsinikust sisustusseadmed. K\u00f5ik need n\u00e4evad t\u00e4iesti head v\u00e4lja, ilma kriimustusteta, ja lisavad sellele autole j\u00f5udluse tunnet. Mingeid muudatusi ei ole tehtud ja k\u00f5ik toimib t\u00e4ielikult nii, nagu oodatud.<\/p>\n<p><strong>Tingimus<\/strong><\/p>\n<p>Algselt tarniti see Ferrari 488 GTB 2016. aasta aprillis oma esimesele omanikule Prantsusmaale ja m\u00fc\u00fcja omandas selle 2022. aastal. See superauto on laitmatus seisukorras, l\u00e4bis\u00f5idum\u00f5\u00f5diku n\u00e4it on vaid 20 500 kilomeetrit. Autoga ei ole kunagi v\u00f5isteldud, j\u00e4lgitud ega osalenud \u00f5nnetustes. Alati hoolikalt hooldatud, 2023. aasta novembri l\u00f5pus remonditud pidurid ja viimane t\u00e4ielik hooldus sama aasta mais. Tulevased omanikud on r\u00f5\u00f5msad, kui nad teavad, et sellele eksemplarile kehtib laiendatud Ferrari garantii (Ferrari Power), mis on \u00fclekantav. Hooldus on alati teostatud volitatud edasim\u00fc\u00fcja poolt ja see on dokumenteeritud. \u00dcks selle auto m\u00fc\u00fcgiargumente on aga selle lisavarustuse pikk nimekiri. <strong>Sellel 488 GTB-l on ATF-s\u00fcsteem, keraamilised pidurid koos v\u00e4rvitud pidurisadulatega, s\u00fcsinikkiust uste paneelid ja istmed, esi- ja tagaosa PDC, vedrustuse t\u00f5stuk ja s\u00fcsinikkiust lisad<\/strong>. K\u00f5ik see teeb sellest unikaalse auto, millel on ideaalsed juhi n\u00e4itajad.<\/p>\n<p><strong>V\u00e4limus ja rattad<\/strong><\/p>\n<p>See 488 GTB on viimistletud silmatorkavas Grigio Silverstone&#8217;i toonis ja selle juurde kuulub ka must interj\u00f6\u00f6r, mis muudab selle auto \u00fcsna t\u00e4helepanuv\u00e4\u00e4rseks. Kuigi see ei ole punane, on see tumehallis veelgi ilusam ja diskreetsem. Loomulikult on kere ilma kriimustuste ja m\u00f5lkideta. See fantastiline 488 GTB on valmis oma 670-hobuj\u00f5ulist v\u00f5imsust muutma ainulaadseks s\u00f5idukogemuseks, sest tema 20-tollised veljed on \u00fcmbritsetud uhiuute ja \u00f5igete Pirelli rehvidega.<\/p>\n<p><strong> <\/strong><strong>Dokumentatsioon<\/strong><\/p>\n<p>Professionnal m\u00fc\u00fcb seda s\u00f5idukit koos asjakohaste dokumentidega, asub Prantsusmaal. <a href=\"https:\/\/pistonaddict.com\/wp-content\/uploads\/2023\/12\/Ferrari488GTB.pdf\" target=\"_blank\" rel=\"noopener\">CarVerticali aruanne<\/a> on puhas; puuduvad t\u00f5endid \u00f5nnetuste, \u00f5nnetusjuhtumite remondi, omandi\u00f5iguse v\u00f5i juriidiliste probleemide kohta. Olemas on andmed regulaarse hoolduse, m\u00fc\u00fcgiarvete ja kviitungite kohta. <strong>Laiendatud tehasegarantii selle mudeliga 12 kuuks<\/strong> ja vastavustunnistus (v\u00e4\u00e4rtusega 2000 eurot) on t\u00e4iendavaks t\u00f5endiks, et tegemist on tipptasemel kollektsioneerimiss\u00f5idukiga.<\/p>\n<p><strong><br \/>\nVaadake selle kauni Ferrari 488 GTB k\u00fclmk\u00e4ivitusvideot:<\/strong><\/p>\n<p><iframe title=\"Cold Start Video of the Ferrari 488 GTB for auction sale\" width=\"1200\" height=\"675\" src=\"https:\/\/www.youtube.com\/embed\/_SyEnhUZHXQ?feature=oembed\" frameborder=\"0\" allow=\"accelerometer; autoplay; clipboard-write; encrypted-media; gyroscope; picture-in-picture; web-share\" allowfullscreen><\/iframe><\/p>\n","protected":false},"excerpt":{"rendered":"<p>Kui Ferrari 458 Italia oli loodusliku mootoriga t\u00e4iuslikkus, siis j\u00e4reltulija 488 Italia oli turbolaadimisega meistriteos. 458 Italia seadis keskmootoriga sportautode klassile \u00e4\u00e4rmiselt k\u00f5rged standardid, kuid Ferrari suutis 488 GTB-ga ootusi \u00fcletada. Uskumatult v\u00f5imas, agressiivne ja kiire 488 GTB on t\u00f5eline nautleja sportauto, mis on \u00fchtviisi kodus nii kiirteel kui ka rajal. Meie m\u00fc\u00fcgil olev n\u00e4ide on \u00fcks parimaid olemasolevaid.<\/p>\n","protected":false},"featured_media":75671,"comment_status":"open","ping_status":"closed","template":"","meta":{"inline_featured_image":false},"product_cat":[736],"product_tag":[2669,2202,925,2668],"acf":[],"yoast_head":"<!-- This site is optimized with the Yoast SEO plugin v22.5 - https:\/\/yoast.com\/wordpress\/plugins\/seo\/ -->\n<title>oksjon - Piston Addict<\/title>\n<meta name=\"robots\" content=\"index, follow, max-snippet:-1, max-image-preview:large, max-video-preview:-1\" \/>\n<link rel=\"canonical\" href=\"https:\/\/pistonaddict.com\/et\/product\/ferrari-488-gtb\/\" \/>\n<meta property=\"og:locale\" content=\"et_EE\" \/>\n<meta property=\"og:type\" content=\"article\" \/>\n<meta property=\"og:title\" content=\"oksjon - Piston Addict\" \/>\n<meta property=\"og:description\" content=\"Kui Ferrari 458 Italia oli loodusliku mootoriga t\u00e4iuslikkus, siis j\u00e4reltulija 488 Italia oli turbolaadimisega meistriteos. 458 Italia seadis keskmootoriga sportautode klassile \u00e4\u00e4rmiselt k\u00f5rged standardid, kuid Ferrari suutis 488 GTB-ga ootusi \u00fcletada. Uskumatult v\u00f5imas, agressiivne ja kiire 488 GTB on t\u00f5eline nautleja sportauto, mis on \u00fchtviisi kodus nii kiirteel kui ka rajal. Meie m\u00fc\u00fcgil olev n\u00e4ide on \u00fcks parimaid olemasolevaid.\" \/>\n<meta property=\"og:url\" content=\"https:\/\/pistonaddict.com\/et\/product\/ferrari-488-gtb\/\" \/>\n<meta property=\"og:site_name\" content=\"Piston Addict\" \/>\n<meta property=\"article:modified_time\" content=\"2023-12-20T10:45:33+00:00\" \/>\n<meta property=\"og:image\" content=\"https:\/\/pistonaddict.com\/wp-content\/uploads\/2023\/12\/IMG_0075-1024x765.png\" \/>\n\t<meta property=\"og:image:width\" content=\"1024\" \/>\n\t<meta property=\"og:image:height\" content=\"765\" \/>\n\t<meta property=\"og:image:type\" content=\"image\/png\" \/>\n<meta name=\"twitter:card\" content=\"summary_large_image\" \/>\n<meta name=\"twitter:label1\" content=\"Est. reading time\" \/>\n\t<meta name=\"twitter:data1\" content=\"2 minutit\" \/>\n<script type=\"application\/ld+json\" class=\"yoast-schema-graph\">{\"@context\":\"https:\/\/schema.org\",\"@graph\":[{\"@type\":\"WebPage\",\"@id\":\"https:\/\/pistonaddict.com\/et\/product\/ferrari-488-gtb\/\",\"url\":\"https:\/\/pistonaddict.com\/et\/product\/ferrari-488-gtb\/\",\"name\":\"oksjon - Piston Addict\",\"isPartOf\":{\"@id\":\"https:\/\/pistonaddict.com\/et\/#website\"},\"primaryImageOfPage\":{\"@id\":\"https:\/\/pistonaddict.com\/et\/product\/ferrari-488-gtb\/#primaryimage\"},\"image\":{\"@id\":\"https:\/\/pistonaddict.com\/et\/product\/ferrari-488-gtb\/#primaryimage\"},\"thumbnailUrl\":\"https:\/\/pistonaddict.com\/wp-content\/uploads\/2023\/12\/IMG_0075.png\",\"datePublished\":\"2023-12-01T09:53:23+00:00\",\"dateModified\":\"2023-12-20T10:45:33+00:00\",\"breadcrumb\":{\"@id\":\"https:\/\/pistonaddict.com\/et\/product\/ferrari-488-gtb\/#breadcrumb\"},\"inLanguage\":\"et\",\"potentialAction\":[{\"@type\":\"ReadAction\",\"target\":[\"https:\/\/pistonaddict.com\/et\/product\/ferrari-488-gtb\/\"]}]},{\"@type\":\"ImageObject\",\"inLanguage\":\"et\",\"@id\":\"https:\/\/pistonaddict.com\/et\/product\/ferrari-488-gtb\/#primaryimage\",\"url\":\"https:\/\/pistonaddict.com\/wp-content\/uploads\/2023\/12\/IMG_0075.png\",\"contentUrl\":\"https:\/\/pistonaddict.com\/wp-content\/uploads\/2023\/12\/IMG_0075.png\",\"width\":2160,\"height\":1614},{\"@type\":\"BreadcrumbList\",\"@id\":\"https:\/\/pistonaddict.com\/et\/product\/ferrari-488-gtb\/#breadcrumb\",\"itemListElement\":[{\"@type\":\"ListItem\",\"position\":1,\"name\":\"Koduleht\",\"item\":\"https:\/\/pistonaddict.com\/et\/koduleht-2\/\"},{\"@type\":\"ListItem\",\"position\":2,\"name\":\"Auctions\",\"item\":\"https:\/\/pistonaddict.com\/auctions-listing\/\"},{\"@type\":\"ListItem\",\"position\":3,\"name\":\"Ferrari 488 GTB\"}]},{\"@type\":\"WebSite\",\"@id\":\"https:\/\/pistonaddict.com\/et\/#website\",\"url\":\"https:\/\/pistonaddict.com\/et\/\",\"name\":\"Piston Addict\",\"description\":\"Only interesting vehicles\",\"publisher\":{\"@id\":\"https:\/\/pistonaddict.com\/et\/#organization\"},\"potentialAction\":[{\"@type\":\"SearchAction\",\"target\":{\"@type\":\"EntryPoint\",\"urlTemplate\":\"https:\/\/pistonaddict.com\/et\/?s={search_term_string}\"},\"query-input\":\"required name=search_term_string\"}],\"inLanguage\":\"et\"},{\"@type\":\"Organization\",\"@id\":\"https:\/\/pistonaddict.com\/et\/#organization\",\"name\":\"Piston Addict\",\"url\":\"https:\/\/pistonaddict.com\/et\/\",\"logo\":{\"@type\":\"ImageObject\",\"inLanguage\":\"et\",\"@id\":\"https:\/\/pistonaddict.com\/et\/#\/schema\/logo\/image\/\",\"url\":\"https:\/\/pistonaddict.com\/wp-content\/uploads\/2022\/07\/logo-6.png\",\"contentUrl\":\"https:\/\/pistonaddict.com\/wp-content\/uploads\/2022\/07\/logo-6.png\",\"width\":970,\"height\":200,\"caption\":\"Piston Addict\"},\"image\":{\"@id\":\"https:\/\/pistonaddict.com\/et\/#\/schema\/logo\/image\/\"}}]}<\/script>\n<!-- \/ Yoast SEO plugin. -->","yoast_head_json":{"title":"oksjon - Piston Addict","robots":{"index":"index","follow":"follow","max-snippet":"max-snippet:-1","max-image-preview":"max-image-preview:large","max-video-preview":"max-video-preview:-1"},"canonical":"https:\/\/pistonaddict.com\/et\/product\/ferrari-488-gtb\/","og_locale":"et_EE","og_type":"article","og_title":"oksjon - Piston Addict","og_description":"Kui Ferrari 458 Italia oli loodusliku mootoriga t\u00e4iuslikkus, siis j\u00e4reltulija 488 Italia oli turbolaadimisega meistriteos. 458 Italia seadis keskmootoriga sportautode klassile \u00e4\u00e4rmiselt k\u00f5rged standardid, kuid Ferrari suutis 488 GTB-ga ootusi \u00fcletada. Uskumatult v\u00f5imas, agressiivne ja kiire 488 GTB on t\u00f5eline nautleja sportauto, mis on \u00fchtviisi kodus nii kiirteel kui ka rajal. Meie m\u00fc\u00fcgil olev n\u00e4ide on \u00fcks parimaid olemasolevaid.","og_url":"https:\/\/pistonaddict.com\/et\/product\/ferrari-488-gtb\/","og_site_name":"Piston Addict","article_modified_time":"2023-12-20T10:45:33+00:00","og_image":[{"width":1024,"height":765,"url":"https:\/\/pistonaddict.com\/wp-content\/uploads\/2023\/12\/IMG_0075-1024x765.png","type":"image\/png"}],"twitter_card":"summary_large_image","twitter_misc":{"Est. reading time":"2 minutit"},"schema":{"@context":"https:\/\/schema.org","@graph":[{"@type":"WebPage","@id":"https:\/\/pistonaddict.com\/et\/product\/ferrari-488-gtb\/","url":"https:\/\/pistonaddict.com\/et\/product\/ferrari-488-gtb\/","name":"oksjon - Piston Addict","isPartOf":{"@id":"https:\/\/pistonaddict.com\/et\/#website"},"primaryImageOfPage":{"@id":"https:\/\/pistonaddict.com\/et\/product\/ferrari-488-gtb\/#primaryimage"},"image":{"@id":"https:\/\/pistonaddict.com\/et\/product\/ferrari-488-gtb\/#primaryimage"},"thumbnailUrl":"https:\/\/pistonaddict.com\/wp-content\/uploads\/2023\/12\/IMG_0075.png","datePublished":"2023-12-01T09:53:23+00:00","dateModified":"2023-12-20T10:45:33+00:00","breadcrumb":{"@id":"https:\/\/pistonaddict.com\/et\/product\/ferrari-488-gtb\/#breadcrumb"},"inLanguage":"et","potentialAction":[{"@type":"ReadAction","target":["https:\/\/pistonaddict.com\/et\/product\/ferrari-488-gtb\/"]}]},{"@type":"ImageObject","inLanguage":"et","@id":"https:\/\/pistonaddict.com\/et\/product\/ferrari-488-gtb\/#primaryimage","url":"https:\/\/pistonaddict.com\/wp-content\/uploads\/2023\/12\/IMG_0075.png","contentUrl":"https:\/\/pistonaddict.com\/wp-content\/uploads\/2023\/12\/IMG_0075.png","width":2160,"height":1614},{"@type":"BreadcrumbList","@id":"https:\/\/pistonaddict.com\/et\/product\/ferrari-488-gtb\/#breadcrumb","itemListElement":[{"@type":"ListItem","position":1,"name":"Koduleht","item":"https:\/\/pistonaddict.com\/et\/koduleht-2\/"},{"@type":"ListItem","position":2,"name":"Auctions","item":"https:\/\/pistonaddict.com\/auctions-listing\/"},{"@type":"ListItem","position":3,"name":"Ferrari 488 GTB"}]},{"@type":"WebSite","@id":"https:\/\/pistonaddict.com\/et\/#website","url":"https:\/\/pistonaddict.com\/et\/","name":"Piston Addict","description":"Only interesting vehicles","publisher":{"@id":"https:\/\/pistonaddict.com\/et\/#organization"},"potentialAction":[{"@type":"SearchAction","target":{"@type":"EntryPoint","urlTemplate":"https:\/\/pistonaddict.com\/et\/?s={search_term_string}"},"query-input":"required name=search_term_string"}],"inLanguage":"et"},{"@type":"Organization","@id":"https:\/\/pistonaddict.com\/et\/#organization","name":"Piston Addict","url":"https:\/\/pistonaddict.com\/et\/","logo":{"@type":"ImageObject","inLanguage":"et","@id":"https:\/\/pistonaddict.com\/et\/#\/schema\/logo\/image\/","url":"https:\/\/pistonaddict.com\/wp-content\/uploads\/2022\/07\/logo-6.png","contentUrl":"https:\/\/pistonaddict.com\/wp-content\/uploads\/2022\/07\/logo-6.png","width":970,"height":200,"caption":"Piston Addict"},"image":{"@id":"https:\/\/pistonaddict.com\/et\/#\/schema\/logo\/image\/"}}]}},"_links":{"self":[{"href":"https:\/\/pistonaddict.com\/et\/wp-json\/wp\/v2\/product\/76292"}],"collection":[{"href":"https:\/\/pistonaddict.com\/et\/wp-json\/wp\/v2\/product"}],"about":[{"href":"https:\/\/pistonaddict.com\/et\/wp-json\/wp\/v2\/types\/product"}],"replies":[{"embeddable":true,"href":"https:\/\/pistonaddict.com\/et\/wp-json\/wp\/v2\/comments?post=76292"}],"wp:featuredmedia":[{"embeddable":true,"href":"https:\/\/pistonaddict.com\/et\/wp-json\/wp\/v2\/media\/75671"}],"wp:attachment":[{"href":"https:\/\/pistonaddict.com\/et\/wp-json\/wp\/v2\/media?parent=76292"}],"wp:term":[{"taxonomy":"product_cat","embeddable":true,"href":"https:\/\/pistonaddict.com\/et\/wp-json\/wp\/v2\/product_cat?post=76292"},{"taxonomy":"product_tag","embeddable":true,"href":"https:\/\/pistonaddict.com\/et\/wp-json\/wp\/v2\/product_tag?post=76292"}],"curies":[{"name":"wp","href":"https:\/\/api.w.org\/{rel}","templated":true}]}}