{"id":75647,"date":"2023-12-01T10:02:11","date_gmt":"2023-12-01T09:02:11","guid":{"rendered":"https:\/\/pistonaddict.com\/product\/ferrari-458-italia\/"},"modified":"2023-12-20T09:59:13","modified_gmt":"2023-12-20T08:59:13","slug":"ferrari-458-italia","status":"publish","type":"product","link":"https:\/\/pistonaddict.com\/et\/product\/ferrari-458-italia\/","title":{"rendered":"Ferrari 458 Italia"},"content":{"rendered":"<p><strong>Auto ajalugu<\/strong><\/p>\n<p>458 Italia esitleti 2009. aastal ja t\u00e4histas selle legendaarse kaubam\u00e4rgi jaoks uut ajastut, tutvustades uut disainikeelt, 4,5-liitrist V8-mootorit, elektroonilist diferentsiaali ja 7-k\u00e4igulist topeltsiduriga automaatk\u00e4igukasti ainsa mootorivalikuna. Tagumistele ratastele saadetud 570 hj ja 9000 p\u00f6\u00f6rete punase joone juures pakkus 458 Italia peaaegu Vormel-1 s\u00f5idud\u00fcnaamikat, samasuguse helisignaali ja p\u00f5nevusega. Ajakirjade testijad kuulutasid 458 kohe alguses \u00fcheks parimaks pakutavaks Ferrariks, mis on saadaval maanteel &#8211; see oli suur kiidulaul, kuid mitte ilma p\u00f5hjuseta. See on p\u00f6\u00f6raselt kiire itaalia t\u00e4kk, mille kiirus 0-100 km\/h j\u00e4\u00e4b alla 4 sekundi ja tippkiirus on \u00fcle 320 km\/h. See konkreetne Ferrari 458 toodeti 2011. aastal ja praegune m\u00fc\u00fcja omandas selle 2022. aastal. V\u00e4ga huvitavate valikute, klassikalise punase-musta v\u00e4rvilahenduse, madala l\u00e4bis\u00f5idu ja hiljutise hoolduse t\u00f5ttu on see valmis, et uus omanik saaks seda p\u00f5hjalikult nautida. Selle auto esialgne omanik keskendus mugavusvalikutele, nagu adaptiivne esivalgustuss\u00fcsteem, soojendusega istmed, PDC lihtsamaks man\u00f6\u00f6verdamiseks ja parkimiseks, elektriliselt reguleeritav roolisammas ja palju muud. K\u00f5ik see teeb sellest 458 Italiast v\u00e4ga h\u00e4sti varustatud ja kasutajas\u00f5braliku eksemplari.<\/p>\n<p><strong>Sisustus<\/strong><\/p>\n<p>Kuna seda Ferrarit hoiti hoolikalt, on must nahkne interj\u00f6\u00f6r v\u00e4ga heas korras ja minimaalsete kasutusj\u00e4lgedega. Punaste \u00f5mblustega istmed on ideaalses seisukorras ja originaalomanik valis elegantse v\u00e4limuse, mis ei l\u00e4he kunagi moest v\u00e4lja. Mingeid muudatusi ei ole tehtud ja sisemus n\u00e4eb v\u00e4lja t\u00e4iesti uus.<\/p>\n<p><strong>Tingimus<\/strong><\/p>\n<p>See Ferrari 458 Italia on vaid 25 500 kilomeetri l\u00e4bis\u00f5iduga laitmatu ja k\u00f5igi oma kasutajate poolt hoolikalt hooldatud. K\u00f5ik hooldusprotseduurid on tehtud \u00f5igeaegselt, viimane \u00f5livahetus ja hooldus tehti 2023. aasta mais ning pidurid kapitaalremonditi vaid m\u00f5ned p\u00e4evad tagasi, 2023. aasta novembri l\u00f5pus. Veelgi olulisem on aga selle konkreetse n\u00e4ite puhul see, et k\u00f5ik 458 Italia mudeli tehasepoolsed tagasikutsumised on teostatud ametlike edasim\u00fc\u00fcjate poolt, kellel on selle t\u00f5endamiseks dokumendid. Auto tarniti algselt Hollandisse ja Ferrari volitatud edasim\u00fc\u00fcja teostas tagasiv\u00f5tuteenuse. 2019. aastal vahetati v\u00e4lja s\u00f5itjapoolne turvapadi ja 2022. aastal vahetati v\u00e4lja pidurivedeliku mahuti kork. K\u00f5ik need tagasikutsumismeetmed olid tehase poolt heaks kiidetud ja dokumenteeritud. See n\u00e4itab, et k\u00f5ik omanikud on p\u00fchendunud entusiastid. <strong>Sellel konkreetsel autol on laiendatud Ferrari New Power garantii j\u00e4rgmiseks 12 ku<\/strong>uks.<\/p>\n<p><strong> <\/strong><strong>V\u00e4limus ja rattad<\/strong><\/p>\n<p>Rosso Corsa on k\u00f5ige levinum Ferrari v\u00e4rv, kuid see legendaarne toon sobib suurep\u00e4raselt 458 Italia v\u00f5rgutavale joonele. Originaalv\u00e4rv on m\u00e4rgistamata, kriimustused ja kriimustused puuduvad ning auto on t\u00e4iesti esinduslik. 20-tollised tehase originaalveljed ja uhiuued Michelin rehvid, see auto on valmis andma oma t\u00e4it v\u00f5imekust. \u00dcks t\u00e4helepanuv\u00e4\u00e4rne valik, mis sellel autol on, on keraamilised pidurid, mis tagavad uskumatu pidurdusv\u00f5ime.<\/p>\n<p><strong>Dokumentatsioon<\/strong><\/p>\n<p>Seda s\u00f5idukit m\u00fc\u00fcb professionaal koos asjakohaste dokumentidega ja see asub Prantsusmaal. <a href=\"https:\/\/pistonaddict.com\/wp-content\/uploads\/2023\/12\/CarVertical458.pdf\" target=\"_blank\" rel=\"noopener\">CarVerticali<\/a> aruanne on puhas; puuduvad t\u00f5endid \u00f5nnetuste, \u00f5nnetusjuhtumite remondi, omandi\u00f5iguse v\u00f5i juriidiliste probleemide kohta. Olemas on andmed korrap\u00e4rase hoolduse kohta koos tehase originaalbro\u0161\u00fc\u00fcride, ostuarvete ja kviitungitega. Laiendatud tehasegarantii (Ferrari Power) selle mudeliga 12 kuud ja vastavustunnistus (v\u00e4\u00e4rtusega 2000 eurot) on t\u00e4iendavaks t\u00f5endiks, et tegemist on tipptasemel kollektsiooniautoga.<\/p>\n<p><strong>Vaadake selle kauni Ferrari 458 Italia k\u00fclmk\u00e4ivitusvideot:<\/strong><\/p>\n<p><iframe title=\"Cold Start Video of the Ferrari 458 Italia for auction sale\" width=\"1200\" height=\"675\" src=\"https:\/\/www.youtube.com\/embed\/BEdW3ySb03E?feature=oembed\" frameborder=\"0\" allow=\"accelerometer; autoplay; clipboard-write; encrypted-media; gyroscope; picture-in-picture; web-share\" allowfullscreen><\/iframe><\/p>\n","protected":false},"excerpt":{"rendered":"<p>Ferrari on alati olnud autotehnoloogia ja j\u00f5udluse tipptasemel ning on v\u00f5tnud turbolaadimise standardina kasutusele k\u00f5igis oma mudelites koos h\u00fcbriidajamiga. Kuid l\u00fchikeseks hetkeks tootis Ferrari t\u00e4iesti kaasaegse sportauto, mille mootoriks oli karjuv sisep\u00f5lemismootor, mis \u00fchendas suurep\u00e4raselt kaasaegse tehnoloogia, k\u00f5rge p\u00f6\u00f6rlemiskiiruse ja tohutult v\u00f5imsa mootori, mis tekitas vana kooli v\u00f5lu. Jah, me r\u00e4\u00e4gime 458 Italiast ja me oleme uhked, et saame teile pakkuda \u00fchte parimatest eksemplaridest turul.<\/p>\n","protected":false},"featured_media":75538,"comment_status":"open","ping_status":"closed","template":"","meta":{"inline_featured_image":false},"product_cat":[736],"product_tag":[2600,2599,925,2598],"acf":[],"yoast_head":"<!-- This site is optimized with the Yoast SEO plugin v22.5 - https:\/\/yoast.com\/wordpress\/plugins\/seo\/ -->\n<title>oksjon - Piston Addict<\/title>\n<meta name=\"robots\" content=\"index, follow, max-snippet:-1, max-image-preview:large, max-video-preview:-1\" \/>\n<link rel=\"canonical\" href=\"https:\/\/pistonaddict.com\/et\/product\/ferrari-458-italia\/\" \/>\n<meta property=\"og:locale\" content=\"et_EE\" \/>\n<meta property=\"og:type\" content=\"article\" \/>\n<meta property=\"og:title\" content=\"oksjon - Piston Addict\" \/>\n<meta property=\"og:description\" content=\"Ferrari on alati olnud autotehnoloogia ja j\u00f5udluse tipptasemel ning on v\u00f5tnud turbolaadimise standardina kasutusele k\u00f5igis oma mudelites koos h\u00fcbriidajamiga. Kuid l\u00fchikeseks hetkeks tootis Ferrari t\u00e4iesti kaasaegse sportauto, mille mootoriks oli karjuv sisep\u00f5lemismootor, mis \u00fchendas suurep\u00e4raselt kaasaegse tehnoloogia, k\u00f5rge p\u00f6\u00f6rlemiskiiruse ja tohutult v\u00f5imsa mootori, mis tekitas vana kooli v\u00f5lu. Jah, me r\u00e4\u00e4gime 458 Italiast ja me oleme uhked, et saame teile pakkuda \u00fchte parimatest eksemplaridest turul.\" \/>\n<meta property=\"og:url\" content=\"https:\/\/pistonaddict.com\/et\/product\/ferrari-458-italia\/\" \/>\n<meta property=\"og:site_name\" content=\"Piston Addict\" \/>\n<meta property=\"article:modified_time\" content=\"2023-12-20T08:59:13+00:00\" \/>\n<meta property=\"og:image\" content=\"https:\/\/pistonaddict.com\/wp-content\/uploads\/2023\/12\/IMG_0124.jpeg\" \/>\n\t<meta property=\"og:image:width\" content=\"1885\" \/>\n\t<meta property=\"og:image:height\" content=\"1207\" \/>\n\t<meta property=\"og:image:type\" content=\"image\/jpeg\" \/>\n<meta name=\"twitter:card\" content=\"summary_large_image\" \/>\n<meta name=\"twitter:label1\" content=\"Est. reading time\" \/>\n\t<meta name=\"twitter:data1\" content=\"3 minutit\" \/>\n<script type=\"application\/ld+json\" class=\"yoast-schema-graph\">{\"@context\":\"https:\/\/schema.org\",\"@graph\":[{\"@type\":\"WebPage\",\"@id\":\"https:\/\/pistonaddict.com\/et\/product\/ferrari-458-italia\/\",\"url\":\"https:\/\/pistonaddict.com\/et\/product\/ferrari-458-italia\/\",\"name\":\"oksjon - Piston Addict\",\"isPartOf\":{\"@id\":\"https:\/\/pistonaddict.com\/et\/#website\"},\"primaryImageOfPage\":{\"@id\":\"https:\/\/pistonaddict.com\/et\/product\/ferrari-458-italia\/#primaryimage\"},\"image\":{\"@id\":\"https:\/\/pistonaddict.com\/et\/product\/ferrari-458-italia\/#primaryimage\"},\"thumbnailUrl\":\"https:\/\/pistonaddict.com\/wp-content\/uploads\/2023\/12\/IMG_0124.jpeg\",\"datePublished\":\"2023-12-01T09:02:11+00:00\",\"dateModified\":\"2023-12-20T08:59:13+00:00\",\"breadcrumb\":{\"@id\":\"https:\/\/pistonaddict.com\/et\/product\/ferrari-458-italia\/#breadcrumb\"},\"inLanguage\":\"et\",\"potentialAction\":[{\"@type\":\"ReadAction\",\"target\":[\"https:\/\/pistonaddict.com\/et\/product\/ferrari-458-italia\/\"]}]},{\"@type\":\"ImageObject\",\"inLanguage\":\"et\",\"@id\":\"https:\/\/pistonaddict.com\/et\/product\/ferrari-458-italia\/#primaryimage\",\"url\":\"https:\/\/pistonaddict.com\/wp-content\/uploads\/2023\/12\/IMG_0124.jpeg\",\"contentUrl\":\"https:\/\/pistonaddict.com\/wp-content\/uploads\/2023\/12\/IMG_0124.jpeg\",\"width\":1885,\"height\":1207},{\"@type\":\"BreadcrumbList\",\"@id\":\"https:\/\/pistonaddict.com\/et\/product\/ferrari-458-italia\/#breadcrumb\",\"itemListElement\":[{\"@type\":\"ListItem\",\"position\":1,\"name\":\"Koduleht\",\"item\":\"https:\/\/pistonaddict.com\/et\/koduleht-2\/\"},{\"@type\":\"ListItem\",\"position\":2,\"name\":\"Auctions\",\"item\":\"https:\/\/pistonaddict.com\/auctions-listing\/\"},{\"@type\":\"ListItem\",\"position\":3,\"name\":\"Ferrari 458 Italia\"}]},{\"@type\":\"WebSite\",\"@id\":\"https:\/\/pistonaddict.com\/et\/#website\",\"url\":\"https:\/\/pistonaddict.com\/et\/\",\"name\":\"Piston Addict\",\"description\":\"Only interesting vehicles\",\"publisher\":{\"@id\":\"https:\/\/pistonaddict.com\/et\/#organization\"},\"potentialAction\":[{\"@type\":\"SearchAction\",\"target\":{\"@type\":\"EntryPoint\",\"urlTemplate\":\"https:\/\/pistonaddict.com\/et\/?s={search_term_string}\"},\"query-input\":\"required name=search_term_string\"}],\"inLanguage\":\"et\"},{\"@type\":\"Organization\",\"@id\":\"https:\/\/pistonaddict.com\/et\/#organization\",\"name\":\"Piston Addict\",\"url\":\"https:\/\/pistonaddict.com\/et\/\",\"logo\":{\"@type\":\"ImageObject\",\"inLanguage\":\"et\",\"@id\":\"https:\/\/pistonaddict.com\/et\/#\/schema\/logo\/image\/\",\"url\":\"https:\/\/pistonaddict.com\/wp-content\/uploads\/2022\/07\/logo-6.png\",\"contentUrl\":\"https:\/\/pistonaddict.com\/wp-content\/uploads\/2022\/07\/logo-6.png\",\"width\":970,\"height\":200,\"caption\":\"Piston Addict\"},\"image\":{\"@id\":\"https:\/\/pistonaddict.com\/et\/#\/schema\/logo\/image\/\"}}]}<\/script>\n<!-- \/ Yoast SEO plugin. -->","yoast_head_json":{"title":"oksjon - Piston Addict","robots":{"index":"index","follow":"follow","max-snippet":"max-snippet:-1","max-image-preview":"max-image-preview:large","max-video-preview":"max-video-preview:-1"},"canonical":"https:\/\/pistonaddict.com\/et\/product\/ferrari-458-italia\/","og_locale":"et_EE","og_type":"article","og_title":"oksjon - Piston Addict","og_description":"Ferrari on alati olnud autotehnoloogia ja j\u00f5udluse tipptasemel ning on v\u00f5tnud turbolaadimise standardina kasutusele k\u00f5igis oma mudelites koos h\u00fcbriidajamiga. Kuid l\u00fchikeseks hetkeks tootis Ferrari t\u00e4iesti kaasaegse sportauto, mille mootoriks oli karjuv sisep\u00f5lemismootor, mis \u00fchendas suurep\u00e4raselt kaasaegse tehnoloogia, k\u00f5rge p\u00f6\u00f6rlemiskiiruse ja tohutult v\u00f5imsa mootori, mis tekitas vana kooli v\u00f5lu. Jah, me r\u00e4\u00e4gime 458 Italiast ja me oleme uhked, et saame teile pakkuda \u00fchte parimatest eksemplaridest turul.","og_url":"https:\/\/pistonaddict.com\/et\/product\/ferrari-458-italia\/","og_site_name":"Piston Addict","article_modified_time":"2023-12-20T08:59:13+00:00","og_image":[{"width":1885,"height":1207,"url":"https:\/\/pistonaddict.com\/wp-content\/uploads\/2023\/12\/IMG_0124.jpeg","type":"image\/jpeg"}],"twitter_card":"summary_large_image","twitter_misc":{"Est. reading time":"3 minutit"},"schema":{"@context":"https:\/\/schema.org","@graph":[{"@type":"WebPage","@id":"https:\/\/pistonaddict.com\/et\/product\/ferrari-458-italia\/","url":"https:\/\/pistonaddict.com\/et\/product\/ferrari-458-italia\/","name":"oksjon - Piston Addict","isPartOf":{"@id":"https:\/\/pistonaddict.com\/et\/#website"},"primaryImageOfPage":{"@id":"https:\/\/pistonaddict.com\/et\/product\/ferrari-458-italia\/#primaryimage"},"image":{"@id":"https:\/\/pistonaddict.com\/et\/product\/ferrari-458-italia\/#primaryimage"},"thumbnailUrl":"https:\/\/pistonaddict.com\/wp-content\/uploads\/2023\/12\/IMG_0124.jpeg","datePublished":"2023-12-01T09:02:11+00:00","dateModified":"2023-12-20T08:59:13+00:00","breadcrumb":{"@id":"https:\/\/pistonaddict.com\/et\/product\/ferrari-458-italia\/#breadcrumb"},"inLanguage":"et","potentialAction":[{"@type":"ReadAction","target":["https:\/\/pistonaddict.com\/et\/product\/ferrari-458-italia\/"]}]},{"@type":"ImageObject","inLanguage":"et","@id":"https:\/\/pistonaddict.com\/et\/product\/ferrari-458-italia\/#primaryimage","url":"https:\/\/pistonaddict.com\/wp-content\/uploads\/2023\/12\/IMG_0124.jpeg","contentUrl":"https:\/\/pistonaddict.com\/wp-content\/uploads\/2023\/12\/IMG_0124.jpeg","width":1885,"height":1207},{"@type":"BreadcrumbList","@id":"https:\/\/pistonaddict.com\/et\/product\/ferrari-458-italia\/#breadcrumb","itemListElement":[{"@type":"ListItem","position":1,"name":"Koduleht","item":"https:\/\/pistonaddict.com\/et\/koduleht-2\/"},{"@type":"ListItem","position":2,"name":"Auctions","item":"https:\/\/pistonaddict.com\/auctions-listing\/"},{"@type":"ListItem","position":3,"name":"Ferrari 458 Italia"}]},{"@type":"WebSite","@id":"https:\/\/pistonaddict.com\/et\/#website","url":"https:\/\/pistonaddict.com\/et\/","name":"Piston Addict","description":"Only interesting vehicles","publisher":{"@id":"https:\/\/pistonaddict.com\/et\/#organization"},"potentialAction":[{"@type":"SearchAction","target":{"@type":"EntryPoint","urlTemplate":"https:\/\/pistonaddict.com\/et\/?s={search_term_string}"},"query-input":"required name=search_term_string"}],"inLanguage":"et"},{"@type":"Organization","@id":"https:\/\/pistonaddict.com\/et\/#organization","name":"Piston Addict","url":"https:\/\/pistonaddict.com\/et\/","logo":{"@type":"ImageObject","inLanguage":"et","@id":"https:\/\/pistonaddict.com\/et\/#\/schema\/logo\/image\/","url":"https:\/\/pistonaddict.com\/wp-content\/uploads\/2022\/07\/logo-6.png","contentUrl":"https:\/\/pistonaddict.com\/wp-content\/uploads\/2022\/07\/logo-6.png","width":970,"height":200,"caption":"Piston Addict"},"image":{"@id":"https:\/\/pistonaddict.com\/et\/#\/schema\/logo\/image\/"}}]}},"_links":{"self":[{"href":"https:\/\/pistonaddict.com\/et\/wp-json\/wp\/v2\/product\/75647"}],"collection":[{"href":"https:\/\/pistonaddict.com\/et\/wp-json\/wp\/v2\/product"}],"about":[{"href":"https:\/\/pistonaddict.com\/et\/wp-json\/wp\/v2\/types\/product"}],"replies":[{"embeddable":true,"href":"https:\/\/pistonaddict.com\/et\/wp-json\/wp\/v2\/comments?post=75647"}],"wp:featuredmedia":[{"embeddable":true,"href":"https:\/\/pistonaddict.com\/et\/wp-json\/wp\/v2\/media\/75538"}],"wp:attachment":[{"href":"https:\/\/pistonaddict.com\/et\/wp-json\/wp\/v2\/media?parent=75647"}],"wp:term":[{"taxonomy":"product_cat","embeddable":true,"href":"https:\/\/pistonaddict.com\/et\/wp-json\/wp\/v2\/product_cat?post=75647"},{"taxonomy":"product_tag","embeddable":true,"href":"https:\/\/pistonaddict.com\/et\/wp-json\/wp\/v2\/product_tag?post=75647"}],"curies":[{"name":"wp","href":"https:\/\/api.w.org\/{rel}","templated":true}]}}