{"id":72247,"date":"2023-11-17T17:40:02","date_gmt":"2023-11-17T16:40:02","guid":{"rendered":"https:\/\/pistonaddict.com\/product\/land-rover-defender-p90e-electric\/"},"modified":"2024-03-19T16:59:26","modified_gmt":"2024-03-19T15:59:26","slug":"land-rover-defender-p90e-electric","status":"publish","type":"product","link":"https:\/\/pistonaddict.com\/et\/product\/land-rover-defender-p90e-electric\/","title":{"rendered":"Land Rover Defender P90E Electric"},"content":{"rendered":"<p><strong>Auto ajalugu<\/strong><\/p>\n<p>Maastikus\u00f5idukite maailmas on Land Rover Defender vaieldamatu ikoon. T\u00f5eline autosangar ja mudel, mis s\u00fcmboliseerib ikka veel karmust, usaldusv\u00e4\u00e4rsust ja igale poole mineku suhtumist. Seet\u00f5ttu on see endiselt miljonite off-road-f\u00e4nnide unistuste auto kogu maailmas. Kuid klassikalised mudelid, nii lahedad ja v\u00f5luvad kui nad ka ei ole, on t\u00e4nap\u00e4evases liiklus- ja keskkonnahoidlikus maailmas iganenud. \u0160veitsi ettev\u00f5te Revive on leidnud sellele lahenduse ja muutis selle n\u00e4ite kaasaegse elektriajamiga, mis muutis selle klassikalise s\u00f5iduki tunnetuse t\u00e4ielikult ja suurendas selle v\u00f5imeid. See konkreetne eksemplar toodeti 1999. aastal ihaldusv\u00e4\u00e4rses, kolmeukselises vormis ja tarniti uuena \u0160veitsi. M\u00fc\u00fcja omandas selle 2021. aastal ja 2022. aastal teostas Revive p\u00f5hjaliku \u00fcmberehituse, mille tulemuseks oli esimene Defender EV \u00fcmberehitus \u0160veitsis. Esialgne diiselmootor asendati Netgain Hyper 9 elektrimootoriga, mille v\u00f5imsus on 66 kW (100 hj) ja millega kaasneb 44 kWh akupakett. Huvitav on see, et elektrimootor on \u00fchendatud algse manuaalk\u00e4igukasti ja 4&#215;4-ajamiga. Sellel Defenderil on ainulaadne kombinatsioon elektrilisest v\u00f5imsusest ja k\u00e4igukastist, t\u00e4iustatud j\u00f5udlus, suurem p\u00f6\u00f6rdemoment ja umbes 120-130 km (kuni 80 miili) ulatusega s\u00f5iduulatus.<\/p>\n<p><strong>Sisustus<\/strong><\/p>\n<p>Peale keskse ekraani on selle ainulaadse Land Rover Defenderi sisemus ajastutruu ja suurep\u00e4rases seisukorras. Istmed on kaetud kangaga ja tagaosas on laheda v\u00e4ljan\u00e4gemisega rummuistmed. Armatuurlaud n\u00e4eb v\u00e4lja nagu originaal. Sellel on m\u00f5ned lisal\u00fclitid, t\u00e4iustatud audios\u00fcsteem ja k\u00fctusen\u00e4idik, mis on \u00fcmber ehitatud nii, et see n\u00e4itab akudes oleva elektrienergia hulka, mis on suurep\u00e4rane kohandatud detail. Kuigi Defenderil on n\u00fc\u00fcd akupakett, ei ole see kaotanud midagi oma praktilisusest ega siseruumist.<\/p>\n<p><strong> <\/strong><strong>Tingimus<\/strong><\/p>\n<p>See legendaarne off-roader on l\u00e4binud 187 654 km alates uuest kuni selle \u00fcmberehitamiseni Revive&#8217;i poolt. See konkreetne n\u00e4ide on valitud selle seisukorra, kahjustuste ja rooste puudumise t\u00f5ttu, mis on k\u00f5ik tavalised klassikalise Defenderi probleemid. P\u00e4rast \u00fcmberehitust on Defender l\u00e4binud peaaegu 10 000 kilomeetrit ja on valmis l\u00e4bima veel palju rohkem, sest mootor on t\u00e4iesti uus. Praegu on l\u00e4bis\u00f5idum\u00f5\u00f5diku n\u00e4it veidi \u00fcle 197 500 km. Autoga on kaasas p\u00f5hjalik dokumentatsioonifail koos dokumentatsiooni ja garantiiga ettev\u00f5ttelt Revive. S\u00f5idukit hooldati p\u00f5hjalikult vahetult enne 2022. aasta \u00fcmberehitamist, kusjuures pidurid vaadati \u00fcle vaid m\u00f5ned p\u00e4evad tagasi, 2023. aasta novembris. Oluline on \u00f6elda, et see Defender on l\u00e4binud \u0160veitsi tehnilise \u00fclevaatuse, on registreeritud ja varustatud kolmeaastase garantiiga Revive&#8217;i poolt, mis n\u00e4itab, et \u00fcldine seisund on fantastiline ja et s\u00f5iduk on absoluutselt sobiv kasutamiseks nii maanteel kui ka maastikul.<\/p>\n<p><strong> <\/strong><strong>V\u00e4limus ja rattad<\/strong><\/p>\n<p>V\u00e4liselt n\u00e4eb see Defender EV v\u00e4lja nagu iga teine sama aastak\u00e4igu Land Rover ning ainukesed asjad, mis seda eristavad, on kleebised ja laadimisport k\u00fctuset\u00fcnni korgi asemel. Nokiani maastikurehvidega (aastast 2021) \u00fcmbritsetud originaal 16-tollised veljed v\u00f5imaldavad tal toime tulla mis tahes maastikul. Puuduvad m\u00f5rad, kriimustused v\u00f5i rooste ja hall v\u00e4rv on originaal.<\/p>\n<p><strong> <\/strong><strong>Dokumentatsioon<\/strong><\/p>\n<p>Omanik m\u00fc\u00fcb seda s\u00f5idukit koos asjakohaste dokumentidega ja asub \u0160veitsis. <a href=\"https:\/\/pistonaddict.com\/wp-content\/uploads\/2023\/11\/CarVertical.pdf\">Auto vertikaalne<\/a> aruanne on puhas; puuduvad t\u00f5endid \u00f5nnetuste, \u00f5nnetusjuhtumite remondi, omandi\u00f5iguse v\u00f5i juriidiliste probleemide kohta. Olemas on andmed regulaarse hoolduse kohta, tehase originaalbro\u0161\u00fc\u00fcrid, m\u00fc\u00fcgiarved ja kviitungid.  <strong>Autoga on kaasas Revive&#8217;i n\u00f5uetekohane dokumentatsioon, kirjalik 3-aastane elektrimootori ja akupaketi garantii ning \u0160veitsi ametiasutuste tehniline kontroll. Autoga on kaasas ka p\u00f5hjalik kasutusjuhend ja kindlustusdokumentatsioon.<\/strong>. K\u00f5ik see t\u00e4hendab, et see Defender EV on t\u00e4ielikult seaduslik, valmis ekspordiks ja seda saab kasutada k\u00f5ikjal.<\/p>\n<p><strong>Vaadake selle v\u00e4ga huvitava Land Rover Defenderi k\u00fclmk\u00e4ivitusvideot, mis on t\u00e4ielikult elektriline :<\/strong><\/p>\n<p><iframe title=\"Cold Start Video of the Land Rover Defender full Electric for auction sale\" width=\"1200\" height=\"900\" src=\"https:\/\/www.youtube.com\/embed\/8ZfpIXIwhOI?feature=oembed\" frameborder=\"0\" allow=\"accelerometer; autoplay; clipboard-write; encrypted-media; gyroscope; picture-in-picture; web-share\" allowfullscreen><\/iframe><\/p>\n<p><strong> <\/strong><\/p>\n","protected":false},"excerpt":{"rendered":"<p>\u00dcks p\u00f5nevamaid aspekte EV-revolutsioonis on see, et me saame klassikalisi autosid uuesti leiutada ja anda neile uue elu. Klassikalise s\u00f5iduki varustamine \u00fclimoodsate elektriliste ajamitega on samm kaugemale restaureerimisest ja ainulaadne viis \u00fchendada see \u00e4ratuntav kuju 21. sajandi tehnoloogiaga. T\u00e4na saame uhkusega tutvustada sellist autot &#8211; Land Rover Defender EV, esimene klassikaline Defender, mille \u0160veitsi ettev\u00f5te Revive on muutnud elektriautoks.<\/p>\n","protected":false},"featured_media":71384,"comment_status":"open","ping_status":"closed","template":"","meta":{"inline_featured_image":false},"product_cat":[736],"product_tag":[2572,2521,2518,2524],"acf":[],"yoast_head":"<!-- This site is optimized with the Yoast SEO plugin v22.5 - https:\/\/yoast.com\/wordpress\/plugins\/seo\/ -->\n<title>oksjon - Piston Addict<\/title>\n<meta name=\"robots\" content=\"index, follow, max-snippet:-1, max-image-preview:large, max-video-preview:-1\" \/>\n<link rel=\"canonical\" href=\"https:\/\/pistonaddict.com\/et\/product\/land-rover-defender-p90e-electric\/\" \/>\n<meta property=\"og:locale\" content=\"et_EE\" \/>\n<meta property=\"og:type\" content=\"article\" \/>\n<meta property=\"og:title\" content=\"oksjon - Piston Addict\" \/>\n<meta property=\"og:description\" content=\"\u00dcks p\u00f5nevamaid aspekte EV-revolutsioonis on see, et me saame klassikalisi autosid uuesti leiutada ja anda neile uue elu. Klassikalise s\u00f5iduki varustamine \u00fclimoodsate elektriliste ajamitega on samm kaugemale restaureerimisest ja ainulaadne viis \u00fchendada see \u00e4ratuntav kuju 21. sajandi tehnoloogiaga. T\u00e4na saame uhkusega tutvustada sellist autot - Land Rover Defender EV, esimene klassikaline Defender, mille \u0160veitsi ettev\u00f5te Revive on muutnud elektriautoks.\" \/>\n<meta property=\"og:url\" content=\"https:\/\/pistonaddict.com\/et\/product\/land-rover-defender-p90e-electric\/\" \/>\n<meta property=\"og:site_name\" content=\"Piston Addict\" \/>\n<meta property=\"article:modified_time\" content=\"2024-03-19T15:59:26+00:00\" \/>\n<meta property=\"og:image\" content=\"https:\/\/pistonaddict.com\/wp-content\/uploads\/2023\/11\/def-05.jpg\" \/>\n\t<meta property=\"og:image:width\" content=\"2560\" \/>\n\t<meta property=\"og:image:height\" content=\"1440\" \/>\n\t<meta property=\"og:image:type\" content=\"image\/jpeg\" \/>\n<meta name=\"twitter:card\" content=\"summary_large_image\" \/>\n<meta name=\"twitter:label1\" content=\"Est. reading time\" \/>\n\t<meta name=\"twitter:data1\" content=\"3 minutit\" \/>\n<script type=\"application\/ld+json\" class=\"yoast-schema-graph\">{\"@context\":\"https:\/\/schema.org\",\"@graph\":[{\"@type\":\"WebPage\",\"@id\":\"https:\/\/pistonaddict.com\/et\/product\/land-rover-defender-p90e-electric\/\",\"url\":\"https:\/\/pistonaddict.com\/et\/product\/land-rover-defender-p90e-electric\/\",\"name\":\"oksjon - Piston Addict\",\"isPartOf\":{\"@id\":\"https:\/\/pistonaddict.com\/et\/#website\"},\"primaryImageOfPage\":{\"@id\":\"https:\/\/pistonaddict.com\/et\/product\/land-rover-defender-p90e-electric\/#primaryimage\"},\"image\":{\"@id\":\"https:\/\/pistonaddict.com\/et\/product\/land-rover-defender-p90e-electric\/#primaryimage\"},\"thumbnailUrl\":\"https:\/\/pistonaddict.com\/wp-content\/uploads\/2023\/11\/def-05.jpg\",\"datePublished\":\"2023-11-17T16:40:02+00:00\",\"dateModified\":\"2024-03-19T15:59:26+00:00\",\"breadcrumb\":{\"@id\":\"https:\/\/pistonaddict.com\/et\/product\/land-rover-defender-p90e-electric\/#breadcrumb\"},\"inLanguage\":\"et\",\"potentialAction\":[{\"@type\":\"ReadAction\",\"target\":[\"https:\/\/pistonaddict.com\/et\/product\/land-rover-defender-p90e-electric\/\"]}]},{\"@type\":\"ImageObject\",\"inLanguage\":\"et\",\"@id\":\"https:\/\/pistonaddict.com\/et\/product\/land-rover-defender-p90e-electric\/#primaryimage\",\"url\":\"https:\/\/pistonaddict.com\/wp-content\/uploads\/2023\/11\/def-05.jpg\",\"contentUrl\":\"https:\/\/pistonaddict.com\/wp-content\/uploads\/2023\/11\/def-05.jpg\",\"width\":2560,\"height\":1440},{\"@type\":\"BreadcrumbList\",\"@id\":\"https:\/\/pistonaddict.com\/et\/product\/land-rover-defender-p90e-electric\/#breadcrumb\",\"itemListElement\":[{\"@type\":\"ListItem\",\"position\":1,\"name\":\"Koduleht\",\"item\":\"https:\/\/pistonaddict.com\/et\/koduleht-2\/\"},{\"@type\":\"ListItem\",\"position\":2,\"name\":\"Auctions\",\"item\":\"https:\/\/pistonaddict.com\/auctions-listing\/\"},{\"@type\":\"ListItem\",\"position\":3,\"name\":\"Land Rover Defender P90E Electric\"}]},{\"@type\":\"WebSite\",\"@id\":\"https:\/\/pistonaddict.com\/et\/#website\",\"url\":\"https:\/\/pistonaddict.com\/et\/\",\"name\":\"Piston Addict\",\"description\":\"Only interesting vehicles\",\"publisher\":{\"@id\":\"https:\/\/pistonaddict.com\/et\/#organization\"},\"potentialAction\":[{\"@type\":\"SearchAction\",\"target\":{\"@type\":\"EntryPoint\",\"urlTemplate\":\"https:\/\/pistonaddict.com\/et\/?s={search_term_string}\"},\"query-input\":\"required name=search_term_string\"}],\"inLanguage\":\"et\"},{\"@type\":\"Organization\",\"@id\":\"https:\/\/pistonaddict.com\/et\/#organization\",\"name\":\"Piston Addict\",\"url\":\"https:\/\/pistonaddict.com\/et\/\",\"logo\":{\"@type\":\"ImageObject\",\"inLanguage\":\"et\",\"@id\":\"https:\/\/pistonaddict.com\/et\/#\/schema\/logo\/image\/\",\"url\":\"https:\/\/pistonaddict.com\/wp-content\/uploads\/2022\/07\/logo-6.png\",\"contentUrl\":\"https:\/\/pistonaddict.com\/wp-content\/uploads\/2022\/07\/logo-6.png\",\"width\":970,\"height\":200,\"caption\":\"Piston Addict\"},\"image\":{\"@id\":\"https:\/\/pistonaddict.com\/et\/#\/schema\/logo\/image\/\"}}]}<\/script>\n<!-- \/ Yoast SEO plugin. -->","yoast_head_json":{"title":"oksjon - Piston Addict","robots":{"index":"index","follow":"follow","max-snippet":"max-snippet:-1","max-image-preview":"max-image-preview:large","max-video-preview":"max-video-preview:-1"},"canonical":"https:\/\/pistonaddict.com\/et\/product\/land-rover-defender-p90e-electric\/","og_locale":"et_EE","og_type":"article","og_title":"oksjon - Piston Addict","og_description":"\u00dcks p\u00f5nevamaid aspekte EV-revolutsioonis on see, et me saame klassikalisi autosid uuesti leiutada ja anda neile uue elu. Klassikalise s\u00f5iduki varustamine \u00fclimoodsate elektriliste ajamitega on samm kaugemale restaureerimisest ja ainulaadne viis \u00fchendada see \u00e4ratuntav kuju 21. sajandi tehnoloogiaga. T\u00e4na saame uhkusega tutvustada sellist autot - Land Rover Defender EV, esimene klassikaline Defender, mille \u0160veitsi ettev\u00f5te Revive on muutnud elektriautoks.","og_url":"https:\/\/pistonaddict.com\/et\/product\/land-rover-defender-p90e-electric\/","og_site_name":"Piston Addict","article_modified_time":"2024-03-19T15:59:26+00:00","og_image":[{"width":2560,"height":1440,"url":"https:\/\/pistonaddict.com\/wp-content\/uploads\/2023\/11\/def-05.jpg","type":"image\/jpeg"}],"twitter_card":"summary_large_image","twitter_misc":{"Est. reading time":"3 minutit"},"schema":{"@context":"https:\/\/schema.org","@graph":[{"@type":"WebPage","@id":"https:\/\/pistonaddict.com\/et\/product\/land-rover-defender-p90e-electric\/","url":"https:\/\/pistonaddict.com\/et\/product\/land-rover-defender-p90e-electric\/","name":"oksjon - Piston Addict","isPartOf":{"@id":"https:\/\/pistonaddict.com\/et\/#website"},"primaryImageOfPage":{"@id":"https:\/\/pistonaddict.com\/et\/product\/land-rover-defender-p90e-electric\/#primaryimage"},"image":{"@id":"https:\/\/pistonaddict.com\/et\/product\/land-rover-defender-p90e-electric\/#primaryimage"},"thumbnailUrl":"https:\/\/pistonaddict.com\/wp-content\/uploads\/2023\/11\/def-05.jpg","datePublished":"2023-11-17T16:40:02+00:00","dateModified":"2024-03-19T15:59:26+00:00","breadcrumb":{"@id":"https:\/\/pistonaddict.com\/et\/product\/land-rover-defender-p90e-electric\/#breadcrumb"},"inLanguage":"et","potentialAction":[{"@type":"ReadAction","target":["https:\/\/pistonaddict.com\/et\/product\/land-rover-defender-p90e-electric\/"]}]},{"@type":"ImageObject","inLanguage":"et","@id":"https:\/\/pistonaddict.com\/et\/product\/land-rover-defender-p90e-electric\/#primaryimage","url":"https:\/\/pistonaddict.com\/wp-content\/uploads\/2023\/11\/def-05.jpg","contentUrl":"https:\/\/pistonaddict.com\/wp-content\/uploads\/2023\/11\/def-05.jpg","width":2560,"height":1440},{"@type":"BreadcrumbList","@id":"https:\/\/pistonaddict.com\/et\/product\/land-rover-defender-p90e-electric\/#breadcrumb","itemListElement":[{"@type":"ListItem","position":1,"name":"Koduleht","item":"https:\/\/pistonaddict.com\/et\/koduleht-2\/"},{"@type":"ListItem","position":2,"name":"Auctions","item":"https:\/\/pistonaddict.com\/auctions-listing\/"},{"@type":"ListItem","position":3,"name":"Land Rover Defender P90E Electric"}]},{"@type":"WebSite","@id":"https:\/\/pistonaddict.com\/et\/#website","url":"https:\/\/pistonaddict.com\/et\/","name":"Piston Addict","description":"Only interesting vehicles","publisher":{"@id":"https:\/\/pistonaddict.com\/et\/#organization"},"potentialAction":[{"@type":"SearchAction","target":{"@type":"EntryPoint","urlTemplate":"https:\/\/pistonaddict.com\/et\/?s={search_term_string}"},"query-input":"required name=search_term_string"}],"inLanguage":"et"},{"@type":"Organization","@id":"https:\/\/pistonaddict.com\/et\/#organization","name":"Piston Addict","url":"https:\/\/pistonaddict.com\/et\/","logo":{"@type":"ImageObject","inLanguage":"et","@id":"https:\/\/pistonaddict.com\/et\/#\/schema\/logo\/image\/","url":"https:\/\/pistonaddict.com\/wp-content\/uploads\/2022\/07\/logo-6.png","contentUrl":"https:\/\/pistonaddict.com\/wp-content\/uploads\/2022\/07\/logo-6.png","width":970,"height":200,"caption":"Piston Addict"},"image":{"@id":"https:\/\/pistonaddict.com\/et\/#\/schema\/logo\/image\/"}}]}},"_links":{"self":[{"href":"https:\/\/pistonaddict.com\/et\/wp-json\/wp\/v2\/product\/72247"}],"collection":[{"href":"https:\/\/pistonaddict.com\/et\/wp-json\/wp\/v2\/product"}],"about":[{"href":"https:\/\/pistonaddict.com\/et\/wp-json\/wp\/v2\/types\/product"}],"replies":[{"embeddable":true,"href":"https:\/\/pistonaddict.com\/et\/wp-json\/wp\/v2\/comments?post=72247"}],"wp:featuredmedia":[{"embeddable":true,"href":"https:\/\/pistonaddict.com\/et\/wp-json\/wp\/v2\/media\/71384"}],"wp:attachment":[{"href":"https:\/\/pistonaddict.com\/et\/wp-json\/wp\/v2\/media?parent=72247"}],"wp:term":[{"taxonomy":"product_cat","embeddable":true,"href":"https:\/\/pistonaddict.com\/et\/wp-json\/wp\/v2\/product_cat?post=72247"},{"taxonomy":"product_tag","embeddable":true,"href":"https:\/\/pistonaddict.com\/et\/wp-json\/wp\/v2\/product_tag?post=72247"}],"curies":[{"name":"wp","href":"https:\/\/api.w.org\/{rel}","templated":true}]}}