{"id":69408,"date":"2023-11-09T17:05:55","date_gmt":"2023-11-09T16:05:55","guid":{"rendered":"https:\/\/pistonaddict.com\/product\/mini-rover-1-3-mpi-silverstone\/"},"modified":"2023-12-20T09:53:57","modified_gmt":"2023-12-20T08:53:57","slug":"mini-rover-1-3-mpi-silverstone","status":"publish","type":"product","link":"https:\/\/pistonaddict.com\/et\/product\/mini-rover-1-3-mpi-silverstone\/","title":{"rendered":"Mini Rover 1.3 Silverstone"},"content":{"rendered":"<h2>V\u00e4ljaspool<\/h2>\n<p>V\u00e4ljastpoolt on selle musta 2-ukselise luukp\u00e4ra tuttav kuju v\u00fcrtsitatud selliste detailidega nagu kroomitud v\u00f5re, v\u00f5idus\u00f5idu triibud kapotil ja valgeks v\u00e4rvitud katus. Lisaks sellele on ees paar udutulesid, mis aitavad suurendada nii n\u00e4htavust kui ka v\u00e4limust. Sellega kaasnevad ka valged p\u00f6\u00f6rdeid n\u00e4itajad, mis on palju parem variant kui vanamoodsad kollased. Tagaosas on kroomitud otsaga keskeltl\u00e4bistatud v\u00e4ljalaskeava.<\/p>\n<p>L\u00f5petuseks tuleb mainida laiendatud rattakoopad, mis r\u00f5hutavad veelgi auto agressiivset v\u00e4limust. Kuid see muudatus ei ole ainult n\u00e4ituse jaoks, sest see oli vajalik, et oleks piisavalt ruumi laiadele, sportlikele ratastele. Ja kui juba rehvide teemal, siis tuleb mainida, et selle auto 13-tollised veljed ei ole laovarustuses olevad veljed. Kuid m\u00fc\u00fcja \u00fctleb, et ka need antakse.<\/p>\n<h2>Sisustus<\/h2>\n<p>Autosse sisenedes leiate end t\u00fc\u00fcpiliselt Minile iseloomuliku kolmesihilise nahkkattega rooli taga. Selle taga on n\u00e4idikukomplekt, mille spidomeeter l\u00f5peb 180 km\/h juures ja mille p\u00f6\u00f6rlemissageduse loendur ulatub kuni 8000 p\u00f6\u00f6rdeni. Armatuurlaud &#8211; mis on valmistatud ehtsast puidust &#8211; on ootusp\u00e4raselt h\u00f5redalt varustatud ja pakub vaid h\u00e4davajalikku. See h\u00f5lmab valgusl\u00fcliteid, ventilatsiooni juhtimisseadmeid ja stereoseadet, mis antud juhul on j\u00e4relturu Sony seade.<\/p>\n<p>\u00dclej\u00e4\u00e4nud interj\u00f6\u00f6r viitab tugevalt auto sportlikule iseloomule, kusjuures esiistmed on k\u00f5ige veenvamad. Mustast nahast ja hallist kangast kombineeritud jalatsid pakuvad piisavat tuge, kui l\u00e4bite kitsad kurvid, kus Mini on k\u00f5ige paremas seisus. Tagumised istmed ja k\u00fclgpaneel on samas stiilis polsterdatud, punane p\u00f5randavaip t\u00e4iendab pilkup\u00fc\u00fcdvat v\u00e4ljan\u00e4gemist. L\u00f5puks vahetab m\u00fc\u00fcja enne auto \u00fcleandmist v\u00e4lja katusepaneeli, kuna originaal on kahjustatud just p\u00e4ikesevarju kohal (vt pildil).<\/p>\n<h2>Mehaanika<\/h2>\n<p>Sellel Mini Cooperil on 1,3 4-silindriline mootor, mis ajab esirattaid 4-k\u00e4igulise manuaalk\u00e4igukasti abil. Kuigi mootori p\u00f5hikonfiguratsioon p\u00e4rineb 60ndatest aastatest, on see konkreetne mudel varustatud Roveri elektroonilise k\u00fctuse sissepritsega, mis muudab auto t\u00f6\u00f6kindlamaks ja meeldivamaks.<\/p>\n<p>V\u00f5imsuse poolest on Mini Cooperi k\u00e4sutuses vaid 63 hobuj\u00f5udu, mis ei pruugi tunduda palju. Kuid see peab hakkama saama vaid 685 kilogrammiga, nii palju kaalub see auto. Kokkuv\u00f5ttes, kuigi Mini ei ole sirgetel kurvidel t\u00f5en\u00e4oliselt v\u00e4ga kiire, on see kurvides uskumatult l\u00f5bus. Ja see on \u00fcks neist asjadest, mis tegi selle algselt nii eriliseks ja kuulsaks.<\/p>\n<h2>S\u00f5iduki ajalugu<\/h2>\n<p>L\u00f5petuseks paar s\u00f5na Mini praeguse seisukorra kohta, mida m\u00fc\u00fcja kirjeldab kui v\u00e4ga head. Viimati hooldati autot juunis 2023, kui tehti korraline hooldus ja paigaldati uued pidurid. Lisaks sellele on kogu v\u00e4ljalaskes\u00fcsteem, sealhulgas katal\u00fcsaator, uus. Ja fotode p\u00f5hjal tundub auto nii v\u00e4ljast kui ka seest v\u00e4ga hea v\u00e4ljan\u00e4gemisega. Lisaks \u00fctleb professionaalne m\u00fc\u00fcja, kes on 5. omanik, et autol ei ole kunagi olnud \u00f5nnetusi, mida saab t\u00e4iendavalt kinnitada vastava <a href=\"https:\/\/pistonaddict.com\/wp-content\/uploads\/2023\/11\/CARFAX-Vehicle-History-Report-ROVER-MINI.pdf\">CARFAXi<\/a> s\u00f5iduki ajalooaruandega. Viimane tehniline kontroll on l\u00e4bitud ja heaks kiidetud 6. oktoobril 2023. aastal.<\/p>\n<p><strong><br \/>\nVaata selle armsa Mini Rover Silverstone&#8217;i k\u00fclmk\u00e4ivitusvideot :<\/strong><\/p>\n<p><iframe title=\"Cold Start Video of the Austin Mini Silverstone for auction sale\" width=\"1200\" height=\"675\" src=\"https:\/\/www.youtube.com\/embed\/NW_53HH3Wg4?feature=oembed\" frameborder=\"0\" allow=\"accelerometer; autoplay; clipboard-write; encrypted-media; gyroscope; picture-in-picture; web-share\" allowfullscreen><\/iframe><\/p>\n","protected":false},"excerpt":{"rendered":"<p>Kui otsite v\u00e4ikest, praktilist ja agiilset klassikalist autot, peab originaalne Mini olema teie nimekirja tipus. Kogu oma pika tootmisperioodi jooksul oli see autoikoon saadaval mitmes variandis, millest sportlik Cooper oli t\u00f5en\u00e4oliselt k\u00f5ige ihaldusv\u00e4\u00e4rsem. See on auto, mis \u00fchendab endas originaalse Mini iseloomu, mitmesuguseid suurep\u00e4raseid visuaalseid detaile ja p\u00f5neva s\u00f5idukogemuse. Ja siin on m\u00fc\u00fcgil 1993. aasta Mini Cooper, mis on suurep\u00e4rases seisukorras ja on seni l\u00e4binud 74 000 kilomeetrit. Veelgi enam, kuna see on \u00fcks k\u00f5igest 400-st valmistatud Silverstone&#8217;i eksemplarist, annab sellele eksklusiivsuse. Vaatame l\u00e4hemalt, mida see pakub.<\/p>\n","protected":false},"featured_media":67407,"comment_status":"open","ping_status":"closed","template":"","meta":{"inline_featured_image":false},"product_cat":[736],"product_tag":[2432,960,2437],"acf":[],"yoast_head":"<!-- This site is optimized with the Yoast SEO plugin v22.5 - https:\/\/yoast.com\/wordpress\/plugins\/seo\/ -->\n<title>oksjon - Piston Addict<\/title>\n<meta name=\"robots\" content=\"index, follow, max-snippet:-1, max-image-preview:large, max-video-preview:-1\" \/>\n<link rel=\"canonical\" href=\"https:\/\/pistonaddict.com\/et\/product\/mini-rover-1-3-mpi-silverstone\/\" \/>\n<meta property=\"og:locale\" content=\"et_EE\" \/>\n<meta property=\"og:type\" content=\"article\" \/>\n<meta property=\"og:title\" content=\"oksjon - Piston Addict\" \/>\n<meta property=\"og:description\" content=\"Kui otsite v\u00e4ikest, praktilist ja agiilset klassikalist autot, peab originaalne Mini olema teie nimekirja tipus. Kogu oma pika tootmisperioodi jooksul oli see autoikoon saadaval mitmes variandis, millest sportlik Cooper oli t\u00f5en\u00e4oliselt k\u00f5ige ihaldusv\u00e4\u00e4rsem. See on auto, mis \u00fchendab endas originaalse Mini iseloomu, mitmesuguseid suurep\u00e4raseid visuaalseid detaile ja p\u00f5neva s\u00f5idukogemuse. Ja siin on m\u00fc\u00fcgil 1993. aasta Mini Cooper, mis on suurep\u00e4rases seisukorras ja on seni l\u00e4binud 74 000 kilomeetrit. Veelgi enam, kuna see on \u00fcks k\u00f5igest 400-st valmistatud Silverstone&#039;i eksemplarist, annab sellele eksklusiivsuse. Vaatame l\u00e4hemalt, mida see pakub.\" \/>\n<meta property=\"og:url\" content=\"https:\/\/pistonaddict.com\/et\/product\/mini-rover-1-3-mpi-silverstone\/\" \/>\n<meta property=\"og:site_name\" content=\"Piston Addict\" \/>\n<meta property=\"article:modified_time\" content=\"2023-12-20T08:53:57+00:00\" \/>\n<meta property=\"og:image\" content=\"https:\/\/pistonaddict.com\/wp-content\/uploads\/2023\/11\/IMG_5534-scaled.jpeg\" \/>\n\t<meta property=\"og:image:width\" content=\"2560\" \/>\n\t<meta property=\"og:image:height\" content=\"1920\" \/>\n\t<meta property=\"og:image:type\" content=\"image\/jpeg\" \/>\n<meta name=\"twitter:card\" content=\"summary_large_image\" \/>\n<meta name=\"twitter:label1\" content=\"Est. reading time\" \/>\n\t<meta name=\"twitter:data1\" content=\"2 minutit\" \/>\n<script type=\"application\/ld+json\" class=\"yoast-schema-graph\">{\"@context\":\"https:\/\/schema.org\",\"@graph\":[{\"@type\":\"WebPage\",\"@id\":\"https:\/\/pistonaddict.com\/et\/product\/mini-rover-1-3-mpi-silverstone\/\",\"url\":\"https:\/\/pistonaddict.com\/et\/product\/mini-rover-1-3-mpi-silverstone\/\",\"name\":\"oksjon - Piston Addict\",\"isPartOf\":{\"@id\":\"https:\/\/pistonaddict.com\/et\/#website\"},\"primaryImageOfPage\":{\"@id\":\"https:\/\/pistonaddict.com\/et\/product\/mini-rover-1-3-mpi-silverstone\/#primaryimage\"},\"image\":{\"@id\":\"https:\/\/pistonaddict.com\/et\/product\/mini-rover-1-3-mpi-silverstone\/#primaryimage\"},\"thumbnailUrl\":\"https:\/\/pistonaddict.com\/wp-content\/uploads\/2023\/11\/IMG_5534-scaled.jpeg\",\"datePublished\":\"2023-11-09T16:05:55+00:00\",\"dateModified\":\"2023-12-20T08:53:57+00:00\",\"breadcrumb\":{\"@id\":\"https:\/\/pistonaddict.com\/et\/product\/mini-rover-1-3-mpi-silverstone\/#breadcrumb\"},\"inLanguage\":\"et\",\"potentialAction\":[{\"@type\":\"ReadAction\",\"target\":[\"https:\/\/pistonaddict.com\/et\/product\/mini-rover-1-3-mpi-silverstone\/\"]}]},{\"@type\":\"ImageObject\",\"inLanguage\":\"et\",\"@id\":\"https:\/\/pistonaddict.com\/et\/product\/mini-rover-1-3-mpi-silverstone\/#primaryimage\",\"url\":\"https:\/\/pistonaddict.com\/wp-content\/uploads\/2023\/11\/IMG_5534-scaled.jpeg\",\"contentUrl\":\"https:\/\/pistonaddict.com\/wp-content\/uploads\/2023\/11\/IMG_5534-scaled.jpeg\",\"width\":2560,\"height\":1920},{\"@type\":\"BreadcrumbList\",\"@id\":\"https:\/\/pistonaddict.com\/et\/product\/mini-rover-1-3-mpi-silverstone\/#breadcrumb\",\"itemListElement\":[{\"@type\":\"ListItem\",\"position\":1,\"name\":\"Koduleht\",\"item\":\"https:\/\/pistonaddict.com\/et\/koduleht-2\/\"},{\"@type\":\"ListItem\",\"position\":2,\"name\":\"Auctions\",\"item\":\"https:\/\/pistonaddict.com\/auctions-listing\/\"},{\"@type\":\"ListItem\",\"position\":3,\"name\":\"Mini Rover 1.3 Silverstone\"}]},{\"@type\":\"WebSite\",\"@id\":\"https:\/\/pistonaddict.com\/et\/#website\",\"url\":\"https:\/\/pistonaddict.com\/et\/\",\"name\":\"Piston Addict\",\"description\":\"Only interesting vehicles\",\"publisher\":{\"@id\":\"https:\/\/pistonaddict.com\/et\/#organization\"},\"potentialAction\":[{\"@type\":\"SearchAction\",\"target\":{\"@type\":\"EntryPoint\",\"urlTemplate\":\"https:\/\/pistonaddict.com\/et\/?s={search_term_string}\"},\"query-input\":\"required name=search_term_string\"}],\"inLanguage\":\"et\"},{\"@type\":\"Organization\",\"@id\":\"https:\/\/pistonaddict.com\/et\/#organization\",\"name\":\"Piston Addict\",\"url\":\"https:\/\/pistonaddict.com\/et\/\",\"logo\":{\"@type\":\"ImageObject\",\"inLanguage\":\"et\",\"@id\":\"https:\/\/pistonaddict.com\/et\/#\/schema\/logo\/image\/\",\"url\":\"https:\/\/pistonaddict.com\/wp-content\/uploads\/2022\/07\/logo-6.png\",\"contentUrl\":\"https:\/\/pistonaddict.com\/wp-content\/uploads\/2022\/07\/logo-6.png\",\"width\":970,\"height\":200,\"caption\":\"Piston Addict\"},\"image\":{\"@id\":\"https:\/\/pistonaddict.com\/et\/#\/schema\/logo\/image\/\"}}]}<\/script>\n<!-- \/ Yoast SEO plugin. -->","yoast_head_json":{"title":"oksjon - Piston Addict","robots":{"index":"index","follow":"follow","max-snippet":"max-snippet:-1","max-image-preview":"max-image-preview:large","max-video-preview":"max-video-preview:-1"},"canonical":"https:\/\/pistonaddict.com\/et\/product\/mini-rover-1-3-mpi-silverstone\/","og_locale":"et_EE","og_type":"article","og_title":"oksjon - Piston Addict","og_description":"Kui otsite v\u00e4ikest, praktilist ja agiilset klassikalist autot, peab originaalne Mini olema teie nimekirja tipus. Kogu oma pika tootmisperioodi jooksul oli see autoikoon saadaval mitmes variandis, millest sportlik Cooper oli t\u00f5en\u00e4oliselt k\u00f5ige ihaldusv\u00e4\u00e4rsem. See on auto, mis \u00fchendab endas originaalse Mini iseloomu, mitmesuguseid suurep\u00e4raseid visuaalseid detaile ja p\u00f5neva s\u00f5idukogemuse. Ja siin on m\u00fc\u00fcgil 1993. aasta Mini Cooper, mis on suurep\u00e4rases seisukorras ja on seni l\u00e4binud 74 000 kilomeetrit. Veelgi enam, kuna see on \u00fcks k\u00f5igest 400-st valmistatud Silverstone'i eksemplarist, annab sellele eksklusiivsuse. Vaatame l\u00e4hemalt, mida see pakub.","og_url":"https:\/\/pistonaddict.com\/et\/product\/mini-rover-1-3-mpi-silverstone\/","og_site_name":"Piston Addict","article_modified_time":"2023-12-20T08:53:57+00:00","og_image":[{"width":2560,"height":1920,"url":"https:\/\/pistonaddict.com\/wp-content\/uploads\/2023\/11\/IMG_5534-scaled.jpeg","type":"image\/jpeg"}],"twitter_card":"summary_large_image","twitter_misc":{"Est. reading time":"2 minutit"},"schema":{"@context":"https:\/\/schema.org","@graph":[{"@type":"WebPage","@id":"https:\/\/pistonaddict.com\/et\/product\/mini-rover-1-3-mpi-silverstone\/","url":"https:\/\/pistonaddict.com\/et\/product\/mini-rover-1-3-mpi-silverstone\/","name":"oksjon - Piston Addict","isPartOf":{"@id":"https:\/\/pistonaddict.com\/et\/#website"},"primaryImageOfPage":{"@id":"https:\/\/pistonaddict.com\/et\/product\/mini-rover-1-3-mpi-silverstone\/#primaryimage"},"image":{"@id":"https:\/\/pistonaddict.com\/et\/product\/mini-rover-1-3-mpi-silverstone\/#primaryimage"},"thumbnailUrl":"https:\/\/pistonaddict.com\/wp-content\/uploads\/2023\/11\/IMG_5534-scaled.jpeg","datePublished":"2023-11-09T16:05:55+00:00","dateModified":"2023-12-20T08:53:57+00:00","breadcrumb":{"@id":"https:\/\/pistonaddict.com\/et\/product\/mini-rover-1-3-mpi-silverstone\/#breadcrumb"},"inLanguage":"et","potentialAction":[{"@type":"ReadAction","target":["https:\/\/pistonaddict.com\/et\/product\/mini-rover-1-3-mpi-silverstone\/"]}]},{"@type":"ImageObject","inLanguage":"et","@id":"https:\/\/pistonaddict.com\/et\/product\/mini-rover-1-3-mpi-silverstone\/#primaryimage","url":"https:\/\/pistonaddict.com\/wp-content\/uploads\/2023\/11\/IMG_5534-scaled.jpeg","contentUrl":"https:\/\/pistonaddict.com\/wp-content\/uploads\/2023\/11\/IMG_5534-scaled.jpeg","width":2560,"height":1920},{"@type":"BreadcrumbList","@id":"https:\/\/pistonaddict.com\/et\/product\/mini-rover-1-3-mpi-silverstone\/#breadcrumb","itemListElement":[{"@type":"ListItem","position":1,"name":"Koduleht","item":"https:\/\/pistonaddict.com\/et\/koduleht-2\/"},{"@type":"ListItem","position":2,"name":"Auctions","item":"https:\/\/pistonaddict.com\/auctions-listing\/"},{"@type":"ListItem","position":3,"name":"Mini Rover 1.3 Silverstone"}]},{"@type":"WebSite","@id":"https:\/\/pistonaddict.com\/et\/#website","url":"https:\/\/pistonaddict.com\/et\/","name":"Piston Addict","description":"Only interesting vehicles","publisher":{"@id":"https:\/\/pistonaddict.com\/et\/#organization"},"potentialAction":[{"@type":"SearchAction","target":{"@type":"EntryPoint","urlTemplate":"https:\/\/pistonaddict.com\/et\/?s={search_term_string}"},"query-input":"required name=search_term_string"}],"inLanguage":"et"},{"@type":"Organization","@id":"https:\/\/pistonaddict.com\/et\/#organization","name":"Piston Addict","url":"https:\/\/pistonaddict.com\/et\/","logo":{"@type":"ImageObject","inLanguage":"et","@id":"https:\/\/pistonaddict.com\/et\/#\/schema\/logo\/image\/","url":"https:\/\/pistonaddict.com\/wp-content\/uploads\/2022\/07\/logo-6.png","contentUrl":"https:\/\/pistonaddict.com\/wp-content\/uploads\/2022\/07\/logo-6.png","width":970,"height":200,"caption":"Piston Addict"},"image":{"@id":"https:\/\/pistonaddict.com\/et\/#\/schema\/logo\/image\/"}}]}},"_links":{"self":[{"href":"https:\/\/pistonaddict.com\/et\/wp-json\/wp\/v2\/product\/69408"}],"collection":[{"href":"https:\/\/pistonaddict.com\/et\/wp-json\/wp\/v2\/product"}],"about":[{"href":"https:\/\/pistonaddict.com\/et\/wp-json\/wp\/v2\/types\/product"}],"replies":[{"embeddable":true,"href":"https:\/\/pistonaddict.com\/et\/wp-json\/wp\/v2\/comments?post=69408"}],"wp:featuredmedia":[{"embeddable":true,"href":"https:\/\/pistonaddict.com\/et\/wp-json\/wp\/v2\/media\/67407"}],"wp:attachment":[{"href":"https:\/\/pistonaddict.com\/et\/wp-json\/wp\/v2\/media?parent=69408"}],"wp:term":[{"taxonomy":"product_cat","embeddable":true,"href":"https:\/\/pistonaddict.com\/et\/wp-json\/wp\/v2\/product_cat?post=69408"},{"taxonomy":"product_tag","embeddable":true,"href":"https:\/\/pistonaddict.com\/et\/wp-json\/wp\/v2\/product_tag?post=69408"}],"curies":[{"name":"wp","href":"https:\/\/api.w.org\/{rel}","templated":true}]}}