{"id":67044,"date":"2023-11-07T14:48:12","date_gmt":"2023-11-07T13:48:12","guid":{"rendered":"https:\/\/pistonaddict.com\/product\/ferrari-348-tb\/"},"modified":"2024-03-20T09:40:10","modified_gmt":"2024-03-20T08:40:10","slug":"ferrari-348-tb","status":"publish","type":"product","link":"https:\/\/pistonaddict.com\/et\/product\/ferrari-348-tb\/","title":{"rendered":"Ferrari 348 TB"},"content":{"rendered":"<p><strong>Auto ajalugu<\/strong><\/p>\n<p>348 TB esitleti 1989. aastal ning see oli suur samm edasi nii j\u00f5udluse kui ka tehnika poolest v\u00f5rreldes oma eelk\u00e4ijatega. See oli ka \u00fcks viimaseid &#8220;Enzo&#8221; ajastu mudeleid, mis kiideti tootmisse just enne legendaarse Ferrari juhi surma. 3,4-liitrise V8-mootori j\u00f5uallikas andis tervelt 300 hobuj\u00f5udu, mis pakkus kosutavat j\u00f5udlust. See konkreetne auto tarniti uuena \u0160veitsi 1991. aastal ja praegune omanik omandas selle 2023. aastal. <strong>Selle Ferrari 348 TB teeb aga huvitavaks see, et sellele on paigaldatud Challenge-komplekt<\/strong>. 90ndate alguses alustas Ferrari oma kuulsat 348 Challenge v\u00f5istlussarja omanikele, kes soovisid oma autodega v\u00f5istelda. Osalemiseks ostsid sa kas tehasest 348 Challenge&#8217;i (neid tehti umbes 50 t\u00fckki) v\u00f5i tellisid oma Ferrari edasim\u00fc\u00fcjalt Challenge&#8217;i komplekti. <strong>Challenge&#8217;i varustusse kuulusid 320-hobuj\u00f5uline mootor, paremad pidurid, istmed, v\u00e4iksem aku, turvakere ja libedad rehvid<\/strong>. Ferrari edasim\u00fc\u00fcja muutis selle konkreetse eksemplari 1995. aasta l\u00f5pus \u00fcmber, kuid see ei s\u00f5itnud kunagi, sest Ferrari Challenge&#8217;i sarjas mindi 1996. aasta hooajaks \u00fcle Ferrari 355 mudelile. Protsess oli t\u00e4ielikult dokumenteeritud koos arvete ja kviitungitega,<strong> mist\u00f5ttu on see kollane 348 \u00fcks umbes 150-st \u00fcmberehitatud autost, mille edasim\u00fc\u00fcjad on \u00fcmber ehitanud kogu maailmas, ja t\u00f5en\u00e4oliselt ainus, millel puudub v\u00f5istlusajalugu!<\/strong><\/p>\n<p><strong>Sisustus<\/strong><\/p>\n<p>Kuna seda Ferrarit hoiti hoolikalt, on must nahkne interj\u00f6\u00f6r v\u00e4ga heas korras ja minimaalsete kasutusj\u00e4lgedega. Eelmine omanik eemaldas turvah\u00e4lli ja pani tagasi originaalistmed, mis teeb sisse- ja v\u00e4ljap\u00e4\u00e4su palju lihtsamaks. Armatuurlaual ei ole pragusid ning k\u00f5ik instrumendid ja nupud t\u00f6\u00f6tavad. Muudatusi ei ole tehtud, v\u00e4lja arvatud CD-m\u00e4ngija, mis sobib suurep\u00e4raselt selle auto 90ndate tundega.<\/p>\n<p><strong>Tingimus<\/strong><\/p>\n<p>Vaid 55,721 kilomeetrit uuest, see Ferrari 348 TB Challenge on laitmatus korras ja hoolikalt hooldatud k\u00f5igi selle kasutajate poolt. S\u00f5idukit kasutati ilmselgelt v\u00e4he ja seda hooldati h\u00e4sti, nagu on kirjadest n\u00e4ha. Hooldus ajalugu faili ette selle auto on uskumatu, originaal arve m\u00fc\u00fcgi ja omanikud 90ndatel. Viimane hooldus tehti 2023. aasta augustis, kusjuures pidurid vaadati \u00fcle vaid m\u00f5ned p\u00e4evad tagasi, 2023. aasta novembris. M\u00fc\u00fcja s\u00f5nul peaks j\u00e4rgmine hooldus olema jaoturihm, mida saab teha nende mehaanikud lisakulu 3000 eurot. Lekkeid ei ole; auto on altpoolt sama puhas kui interj\u00f6\u00f6r. Auto on valmis k\u00f5ikjal s\u00f5itmiseks ja on t\u00f5en\u00e4oliselt \u00fcks parimaid juhikvaliteediga Ferrari 348 TB Challenge n\u00e4iteid, mida te kohata v\u00f5ite.<\/p>\n<p><strong>V\u00e4limus ja rattad<\/strong><\/p>\n<p>Giallo kollane v\u00e4rv on t\u00e4iuslikus seisukorras ilma kriimustuste ja m\u00f5lkideta. V\u00e4rvipaksuse t\u00f6\u00f6riist n\u00e4itab v\u00e4rvuse \u00fchtivust, mis t\u00e4hendab, et vigastusi ei ole parandatud ja kere ei ole t\u00e4idetud. Ainus n\u00e4htav kahjustus auto kerel on juhi uste \u00fcmbruses olevad ilmastikukatted, millel on kulumism\u00e4rgid, mis on auto vanust arvestades ootusp\u00e4rane. Perioodi korrektsed 17-tollised OZ-sulamveljed on konkreetsed Challenge&#8217;i elemendid ja n\u00e4evad head v\u00e4lja. Michelin Pilot Sport on vanem, kuid mitte kulunud.<\/p>\n<p><strong> <\/strong><strong>Dokumentatsioon<\/strong><\/p>\n<p>Seda s\u00f5idukit m\u00fc\u00fcb edasim\u00fc\u00fcja koos asjakohaste dokumentidega ja see asub Hispaanias. <a href=\"https:\/\/pistonaddict.com\/wp-content\/uploads\/2023\/11\/CARFAX-Vehicle-History-Report-FERRARI-348-tb.pdf\">CarFax aruanne<\/a> on puhas; ei ole t\u00f5endeid \u00f5nnetuste, \u00f5nnetus remondi, omandi\u00f5iguse v\u00f5i juriidilised probleemid olemas. On olemas andmed regulaarse hoolduse koos originaal tehase bro\u0161\u00fc\u00fcrid, m\u00fc\u00fcgiarved, kviitungid ja tehnilise \u00fclevaatuse heakskiidu kehtib kuni augustini 2024. Dokumentatsiooni hulk on lihtsalt h\u00e4mmastav ja harva n\u00e4eb autot, millel on nii palju dokumente, mis t\u00f5endavad, et selle eest on h\u00e4sti hoolitsetud.<\/p>\n<p><strong><br \/>\nVaadake selle kauni Ferrari 348 TB k\u00fclmk\u00e4ivitusvideot:<\/strong><\/p>\n<p><iframe title=\"Cold Start Video of the Ferrari F348 TB for auction sale\" width=\"1200\" height=\"675\" src=\"https:\/\/www.youtube.com\/embed\/VcqnL6NA2Yk?feature=oembed\" frameborder=\"0\" allow=\"accelerometer; autoplay; clipboard-write; encrypted-media; gyroscope; picture-in-picture; web-share\" allowfullscreen><\/iframe><\/p>\n","protected":false},"excerpt":{"rendered":"<p>Ferrariga s\u00f5itmine on alati huvitav ettev\u00f5tmine. 60ndate aastate autod on t\u00e4nap\u00e4eval liiga v\u00e4\u00e4rtuslikud, et neid maanteel kasutada, ja praegune mudelivalik on t\u00e4nap\u00e4eva liikluse jaoks peaaegu liiga kiire. Siiski on veel mudeleid, mis v\u00f5ivad pakkuda teile kogu seda p\u00f5nevust, mida pakub t\u00e4isverelise Itaalia sportauto omamine, V8-mootori loodusliku sisselaskega mootori m\u00f6irgamine ja v\u00f5rratu s\u00f5idud\u00fcnaamika. Esitame uhkusega \u00fche konkreetse s\u00f5iduki ideaalses seisukorras, millel on p\u00f5nev mootorispordi \u00fchendus ja hullumeelne dokumentatsioon.<\/p>\n","protected":false},"featured_media":64582,"comment_status":"open","ping_status":"closed","template":"","meta":{"inline_featured_image":false},"product_cat":[736],"product_tag":[2370,2368,960],"acf":[],"yoast_head":"<!-- This site is optimized with the Yoast SEO plugin v22.5 - https:\/\/yoast.com\/wordpress\/plugins\/seo\/ -->\n<title>oksjon - Piston Addict<\/title>\n<meta name=\"robots\" content=\"index, follow, max-snippet:-1, max-image-preview:large, max-video-preview:-1\" \/>\n<link rel=\"canonical\" href=\"https:\/\/pistonaddict.com\/et\/product\/ferrari-348-tb\/\" \/>\n<meta property=\"og:locale\" content=\"et_EE\" \/>\n<meta property=\"og:type\" content=\"article\" \/>\n<meta property=\"og:title\" content=\"oksjon - Piston Addict\" \/>\n<meta property=\"og:description\" content=\"Ferrariga s\u00f5itmine on alati huvitav ettev\u00f5tmine. 60ndate aastate autod on t\u00e4nap\u00e4eval liiga v\u00e4\u00e4rtuslikud, et neid maanteel kasutada, ja praegune mudelivalik on t\u00e4nap\u00e4eva liikluse jaoks peaaegu liiga kiire. Siiski on veel mudeleid, mis v\u00f5ivad pakkuda teile kogu seda p\u00f5nevust, mida pakub t\u00e4isverelise Itaalia sportauto omamine, V8-mootori loodusliku sisselaskega mootori m\u00f6irgamine ja v\u00f5rratu s\u00f5idud\u00fcnaamika. Esitame uhkusega \u00fche konkreetse s\u00f5iduki ideaalses seisukorras, millel on p\u00f5nev mootorispordi \u00fchendus ja hullumeelne dokumentatsioon.\" \/>\n<meta property=\"og:url\" content=\"https:\/\/pistonaddict.com\/et\/product\/ferrari-348-tb\/\" \/>\n<meta property=\"og:site_name\" content=\"Piston Addict\" \/>\n<meta property=\"article:modified_time\" content=\"2024-03-20T08:40:10+00:00\" \/>\n<meta property=\"og:image\" content=\"https:\/\/pistonaddict.com\/wp-content\/uploads\/2023\/11\/IMG7107-scaled.jpg\" \/>\n\t<meta property=\"og:image:width\" content=\"2560\" \/>\n\t<meta property=\"og:image:height\" content=\"1709\" \/>\n\t<meta property=\"og:image:type\" content=\"image\/jpeg\" \/>\n<meta name=\"twitter:card\" content=\"summary_large_image\" \/>\n<meta name=\"twitter:label1\" content=\"Est. reading time\" \/>\n\t<meta name=\"twitter:data1\" content=\"3 minutit\" \/>\n<script type=\"application\/ld+json\" class=\"yoast-schema-graph\">{\"@context\":\"https:\/\/schema.org\",\"@graph\":[{\"@type\":\"WebPage\",\"@id\":\"https:\/\/pistonaddict.com\/et\/product\/ferrari-348-tb\/\",\"url\":\"https:\/\/pistonaddict.com\/et\/product\/ferrari-348-tb\/\",\"name\":\"oksjon - Piston Addict\",\"isPartOf\":{\"@id\":\"https:\/\/pistonaddict.com\/et\/#website\"},\"primaryImageOfPage\":{\"@id\":\"https:\/\/pistonaddict.com\/et\/product\/ferrari-348-tb\/#primaryimage\"},\"image\":{\"@id\":\"https:\/\/pistonaddict.com\/et\/product\/ferrari-348-tb\/#primaryimage\"},\"thumbnailUrl\":\"https:\/\/pistonaddict.com\/wp-content\/uploads\/2023\/11\/IMG7107-scaled.jpg\",\"datePublished\":\"2023-11-07T13:48:12+00:00\",\"dateModified\":\"2024-03-20T08:40:10+00:00\",\"breadcrumb\":{\"@id\":\"https:\/\/pistonaddict.com\/et\/product\/ferrari-348-tb\/#breadcrumb\"},\"inLanguage\":\"et\",\"potentialAction\":[{\"@type\":\"ReadAction\",\"target\":[\"https:\/\/pistonaddict.com\/et\/product\/ferrari-348-tb\/\"]}]},{\"@type\":\"ImageObject\",\"inLanguage\":\"et\",\"@id\":\"https:\/\/pistonaddict.com\/et\/product\/ferrari-348-tb\/#primaryimage\",\"url\":\"https:\/\/pistonaddict.com\/wp-content\/uploads\/2023\/11\/IMG7107-scaled.jpg\",\"contentUrl\":\"https:\/\/pistonaddict.com\/wp-content\/uploads\/2023\/11\/IMG7107-scaled.jpg\",\"width\":2560,\"height\":1709},{\"@type\":\"BreadcrumbList\",\"@id\":\"https:\/\/pistonaddict.com\/et\/product\/ferrari-348-tb\/#breadcrumb\",\"itemListElement\":[{\"@type\":\"ListItem\",\"position\":1,\"name\":\"Koduleht\",\"item\":\"https:\/\/pistonaddict.com\/et\/koduleht-2\/\"},{\"@type\":\"ListItem\",\"position\":2,\"name\":\"Auctions\",\"item\":\"https:\/\/pistonaddict.com\/auctions-listing\/\"},{\"@type\":\"ListItem\",\"position\":3,\"name\":\"Ferrari 348 TB\"}]},{\"@type\":\"WebSite\",\"@id\":\"https:\/\/pistonaddict.com\/et\/#website\",\"url\":\"https:\/\/pistonaddict.com\/et\/\",\"name\":\"Piston Addict\",\"description\":\"Only interesting vehicles\",\"publisher\":{\"@id\":\"https:\/\/pistonaddict.com\/et\/#organization\"},\"potentialAction\":[{\"@type\":\"SearchAction\",\"target\":{\"@type\":\"EntryPoint\",\"urlTemplate\":\"https:\/\/pistonaddict.com\/et\/?s={search_term_string}\"},\"query-input\":\"required name=search_term_string\"}],\"inLanguage\":\"et\"},{\"@type\":\"Organization\",\"@id\":\"https:\/\/pistonaddict.com\/et\/#organization\",\"name\":\"Piston Addict\",\"url\":\"https:\/\/pistonaddict.com\/et\/\",\"logo\":{\"@type\":\"ImageObject\",\"inLanguage\":\"et\",\"@id\":\"https:\/\/pistonaddict.com\/et\/#\/schema\/logo\/image\/\",\"url\":\"https:\/\/pistonaddict.com\/wp-content\/uploads\/2022\/07\/logo-6.png\",\"contentUrl\":\"https:\/\/pistonaddict.com\/wp-content\/uploads\/2022\/07\/logo-6.png\",\"width\":970,\"height\":200,\"caption\":\"Piston Addict\"},\"image\":{\"@id\":\"https:\/\/pistonaddict.com\/et\/#\/schema\/logo\/image\/\"}}]}<\/script>\n<!-- \/ Yoast SEO plugin. -->","yoast_head_json":{"title":"oksjon - Piston Addict","robots":{"index":"index","follow":"follow","max-snippet":"max-snippet:-1","max-image-preview":"max-image-preview:large","max-video-preview":"max-video-preview:-1"},"canonical":"https:\/\/pistonaddict.com\/et\/product\/ferrari-348-tb\/","og_locale":"et_EE","og_type":"article","og_title":"oksjon - Piston Addict","og_description":"Ferrariga s\u00f5itmine on alati huvitav ettev\u00f5tmine. 60ndate aastate autod on t\u00e4nap\u00e4eval liiga v\u00e4\u00e4rtuslikud, et neid maanteel kasutada, ja praegune mudelivalik on t\u00e4nap\u00e4eva liikluse jaoks peaaegu liiga kiire. Siiski on veel mudeleid, mis v\u00f5ivad pakkuda teile kogu seda p\u00f5nevust, mida pakub t\u00e4isverelise Itaalia sportauto omamine, V8-mootori loodusliku sisselaskega mootori m\u00f6irgamine ja v\u00f5rratu s\u00f5idud\u00fcnaamika. Esitame uhkusega \u00fche konkreetse s\u00f5iduki ideaalses seisukorras, millel on p\u00f5nev mootorispordi \u00fchendus ja hullumeelne dokumentatsioon.","og_url":"https:\/\/pistonaddict.com\/et\/product\/ferrari-348-tb\/","og_site_name":"Piston Addict","article_modified_time":"2024-03-20T08:40:10+00:00","og_image":[{"width":2560,"height":1709,"url":"https:\/\/pistonaddict.com\/wp-content\/uploads\/2023\/11\/IMG7107-scaled.jpg","type":"image\/jpeg"}],"twitter_card":"summary_large_image","twitter_misc":{"Est. reading time":"3 minutit"},"schema":{"@context":"https:\/\/schema.org","@graph":[{"@type":"WebPage","@id":"https:\/\/pistonaddict.com\/et\/product\/ferrari-348-tb\/","url":"https:\/\/pistonaddict.com\/et\/product\/ferrari-348-tb\/","name":"oksjon - Piston Addict","isPartOf":{"@id":"https:\/\/pistonaddict.com\/et\/#website"},"primaryImageOfPage":{"@id":"https:\/\/pistonaddict.com\/et\/product\/ferrari-348-tb\/#primaryimage"},"image":{"@id":"https:\/\/pistonaddict.com\/et\/product\/ferrari-348-tb\/#primaryimage"},"thumbnailUrl":"https:\/\/pistonaddict.com\/wp-content\/uploads\/2023\/11\/IMG7107-scaled.jpg","datePublished":"2023-11-07T13:48:12+00:00","dateModified":"2024-03-20T08:40:10+00:00","breadcrumb":{"@id":"https:\/\/pistonaddict.com\/et\/product\/ferrari-348-tb\/#breadcrumb"},"inLanguage":"et","potentialAction":[{"@type":"ReadAction","target":["https:\/\/pistonaddict.com\/et\/product\/ferrari-348-tb\/"]}]},{"@type":"ImageObject","inLanguage":"et","@id":"https:\/\/pistonaddict.com\/et\/product\/ferrari-348-tb\/#primaryimage","url":"https:\/\/pistonaddict.com\/wp-content\/uploads\/2023\/11\/IMG7107-scaled.jpg","contentUrl":"https:\/\/pistonaddict.com\/wp-content\/uploads\/2023\/11\/IMG7107-scaled.jpg","width":2560,"height":1709},{"@type":"BreadcrumbList","@id":"https:\/\/pistonaddict.com\/et\/product\/ferrari-348-tb\/#breadcrumb","itemListElement":[{"@type":"ListItem","position":1,"name":"Koduleht","item":"https:\/\/pistonaddict.com\/et\/koduleht-2\/"},{"@type":"ListItem","position":2,"name":"Auctions","item":"https:\/\/pistonaddict.com\/auctions-listing\/"},{"@type":"ListItem","position":3,"name":"Ferrari 348 TB"}]},{"@type":"WebSite","@id":"https:\/\/pistonaddict.com\/et\/#website","url":"https:\/\/pistonaddict.com\/et\/","name":"Piston Addict","description":"Only interesting vehicles","publisher":{"@id":"https:\/\/pistonaddict.com\/et\/#organization"},"potentialAction":[{"@type":"SearchAction","target":{"@type":"EntryPoint","urlTemplate":"https:\/\/pistonaddict.com\/et\/?s={search_term_string}"},"query-input":"required name=search_term_string"}],"inLanguage":"et"},{"@type":"Organization","@id":"https:\/\/pistonaddict.com\/et\/#organization","name":"Piston Addict","url":"https:\/\/pistonaddict.com\/et\/","logo":{"@type":"ImageObject","inLanguage":"et","@id":"https:\/\/pistonaddict.com\/et\/#\/schema\/logo\/image\/","url":"https:\/\/pistonaddict.com\/wp-content\/uploads\/2022\/07\/logo-6.png","contentUrl":"https:\/\/pistonaddict.com\/wp-content\/uploads\/2022\/07\/logo-6.png","width":970,"height":200,"caption":"Piston Addict"},"image":{"@id":"https:\/\/pistonaddict.com\/et\/#\/schema\/logo\/image\/"}}]}},"_links":{"self":[{"href":"https:\/\/pistonaddict.com\/et\/wp-json\/wp\/v2\/product\/67044"}],"collection":[{"href":"https:\/\/pistonaddict.com\/et\/wp-json\/wp\/v2\/product"}],"about":[{"href":"https:\/\/pistonaddict.com\/et\/wp-json\/wp\/v2\/types\/product"}],"replies":[{"embeddable":true,"href":"https:\/\/pistonaddict.com\/et\/wp-json\/wp\/v2\/comments?post=67044"}],"wp:featuredmedia":[{"embeddable":true,"href":"https:\/\/pistonaddict.com\/et\/wp-json\/wp\/v2\/media\/64582"}],"wp:attachment":[{"href":"https:\/\/pistonaddict.com\/et\/wp-json\/wp\/v2\/media?parent=67044"}],"wp:term":[{"taxonomy":"product_cat","embeddable":true,"href":"https:\/\/pistonaddict.com\/et\/wp-json\/wp\/v2\/product_cat?post=67044"},{"taxonomy":"product_tag","embeddable":true,"href":"https:\/\/pistonaddict.com\/et\/wp-json\/wp\/v2\/product_tag?post=67044"}],"curies":[{"name":"wp","href":"https:\/\/api.w.org\/{rel}","templated":true}]}}