{"id":62900,"date":"2023-10-25T19:30:40","date_gmt":"2023-10-25T17:30:40","guid":{"rendered":"https:\/\/pistonaddict.com\/product\/porsche-911-996-targa\/"},"modified":"2024-03-20T09:39:26","modified_gmt":"2024-03-20T08:39:26","slug":"porsche-911-996-targa","status":"publish","type":"product","link":"https:\/\/pistonaddict.com\/et\/product\/porsche-911-996-targa\/","title":{"rendered":"Porsche 911 (996) Targa"},"content":{"rendered":"<p><strong>Auto ajalugu<\/strong><\/p>\n<p>See konkreetne n\u00e4ide on 911 Targa, mida toodeti 2004. aastal. Selle teeb ainulaadseks see, et Targa oli 996-i kerevariantidest kaugelt k\u00f5ige haruldasem; ainult 5 125 autot tarniti spetsiaalse avatava klaasist katuse ja erinevate C-sammastega. See 911 Targa, mis on viimistletud ahvatlevas tumesinises toonis ja heledas interj\u00f6\u00f6ris, tarniti uuena Hispaaniasse ja praegune omanik omandas selle 2023. aastal. Selle j\u00f5uallikaks on 3,6-liitrine 6-kohalise sise\u00f5huga mootor, mis on vesijahutusega (\u00fcks 996. p\u00f5lvkonna vastuoludest). Sellel on aga 6-k\u00e4iguline manuaalk\u00e4igukast, mis teeb selle veelgi haruldasemaks ja kohustuslikuks iga konkreetse 911-mudeli kollektsion\u00e4\u00e4ri jaoks. T\u00e4nu 320 hj-le ja kergele kerele on see 911 Targa valmis kiirendama 100 km\/h vaid 5,2 sekundiga ja saavutama tippkiiruse 285 km\/h. Huvitaval kombel on selle mudeli manuaalvarustusega versioon oluliselt kiirem kui automaatkast, mis teeb selle auto veelgi ihaldusv\u00e4\u00e4rsemaks. Asjaolu, et sellel on k\u00f5ik kabriolettide eelised, suurep\u00e4rane n\u00e4htavus ja vaba\u00f5hutunnetus koos kupee praktilisuse ja mugavusega, muudab selle sinise 911 Targa v\u00e4ga mitmek\u00fclgseks juhimismasinaks, millel on k\u00f5ikv\u00f5imalik lamekuulikese helisignaal ja manuaalk\u00e4igukast.<\/p>\n<p><strong>Sisustus<\/strong><\/p>\n<p>Kuna tegemist on v\u00e4ikese l\u00e4bis\u00f5iduga autoga, on interj\u00f6\u00f6r laitmatus korras, t\u00e4iesti originaalne ja soovitavate lisavarustustega. Valmis Savannah halli v\u00e4rvi, see on infotainment s\u00fcsteemi, premium audio 6 CD laadijad (periood \u00f5ige), nahk, ja elektrooniliselt reguleeritavad istmed. Porsche sisustuse kvaliteet on kogu t\u00f6\u00f6stuses tuntud ja see 2004. aasta 911 Targa ei erine sellest. Nahk on suurep\u00e4rases seisukorras; armatuurlaual, uksekaartidel v\u00f5i keskkonsoolil ei ole kriimustusi. Samuti on kasutatavaid tagaistmeid, mis on ideaalsed laste jaoks.<\/p>\n<p><strong>Tingimus<\/strong><\/p>\n<p>Vaid 39 037 kilomeetrit uuest, see 911 Targa on laitmatus seisukorras ja hoolikalt hooldatud k\u00f5igi oma kasutajate poolt. S\u00f5idukit kasutati ilmselgelt v\u00e4he ja seda hooldati h\u00e4sti, nagu on kirjadest n\u00e4ha. Praegune omanik on Hispaanias asuv edasim\u00fc\u00fcja ja viimane hooldus tehti 2023. aasta aprillis, kusjuures pidurid vaadati \u00fcle alles paar p\u00e4eva tagasi, 2023. aasta oktoobris. Porschede alumine osa on valmistatud alumiiniumist, nii et see ei saa roostetada. Kuid nagu n\u00e4ete viimasel pildil alumisest k\u00fcljest, on seal m\u00f5ningane kuiv mustus, mille m\u00fc\u00fcja puhastab ostja jaoks, kui oksjon on l\u00f5ppenud. Auto on valmis s\u00f5itmiseks k\u00f5ikjal ja on t\u00f5en\u00e4oliselt \u00fcks parimaid n\u00e4iteid manuaaliga varustatud 911 996 Targa, mida te kunagi leida v\u00f5ite.<\/p>\n<p><strong>V\u00e4limus ja rattad<\/strong><\/p>\n<p>See 911 Targa, millel on kesk\u00f6\u00f6sinises v\u00e4rvitoonis ja halli sisustusega, on uhke v\u00e4ljan\u00e4gemisega masin, millel ei ole \u00fchtegi kriimustust, kahjustust ega m\u00f5lki. Veermik koosneb 18-tollistest tehase poolt pakutavatest veljedest, mis on pakitud Bridgestone Potenza tulemuslikkusega kummiga. Rehvid on p\u00e4rit 2020. aastast ja on l\u00e4binud v\u00e4ga v\u00e4he kilomeetreid. Muudatusi ei ole tehtud ja see 996 Targa on tarnitud kujul.<\/p>\n<p><strong>Dokumentatsioon<\/strong><\/p>\n<p>Seda s\u00f5idukit m\u00fc\u00fcb edasim\u00fc\u00fcja koos asjakohaste dokumentidega ja see asub Hispaanias. CarFax aruanne on puhas; ei ole t\u00f5endeid \u00f5nnetuste, \u00f5nnetus remondi, omandi\u00f5iguse v\u00f5i juriidilised probleemid olemas. On olemas andmed regulaarse hoolduse kohta koos tehase originaalbro\u0161\u00fc\u00fcride ja kviitungitega.<\/p>\n<p><strong>Vaadake selle kauni Porsche 911 Targa k\u00fclmk\u00e4ivitusvideot:<\/strong><\/p>\n<p><iframe title=\"Cold Start Video of the Porsche 911 996 Targa for auction sale\" width=\"1200\" height=\"675\" src=\"https:\/\/www.youtube.com\/embed\/pOCqegVAqt8?feature=oembed\" frameborder=\"0\" allow=\"accelerometer; autoplay; clipboard-write; encrypted-media; gyroscope; picture-in-picture; web-share\" allowfullscreen><\/iframe><\/p>\n","protected":false},"excerpt":{"rendered":"<p>996-p\u00f5lvkonna auv\u00e4\u00e4rne Porsche 911 oli v\u00e4ga vastuoluline, kui see 90ndate l\u00f5pus v\u00e4lja anti. Sellest ajast alates on see siiski tunnustatud kui 911 legendi lahutamatu osa, ettev\u00f5tte jaoks \u00e4\u00e4rmiselt oluline mudel ja esimene t\u00e4nap\u00e4evane 911. T\u00e4nu iseloomulikule disainile, laiale mudelivalikule ja n\u00e4itajatele on kollektsion\u00e4\u00e4rid hakanud avastama 996 911 t\u00f5elisi p\u00e4rleid. T\u00e4na saame uhkusega tutvustada sellist mudelit, haruldast versiooni, mis on ideaalsete n\u00e4itajatega ja mis \u00e4ratab iga 911-i entusiasti t\u00e4helepanu.<\/p>\n","protected":false},"featured_media":59800,"comment_status":"open","ping_status":"closed","template":"","meta":{"inline_featured_image":false},"product_cat":[736],"product_tag":[2351,2305,960,2304],"acf":[],"yoast_head":"<!-- This site is optimized with the Yoast SEO plugin v22.5 - https:\/\/yoast.com\/wordpress\/plugins\/seo\/ -->\n<title>oksjon - Piston Addict<\/title>\n<meta name=\"robots\" content=\"index, follow, max-snippet:-1, max-image-preview:large, max-video-preview:-1\" \/>\n<link rel=\"canonical\" href=\"https:\/\/pistonaddict.com\/et\/product\/porsche-911-996-targa\/\" \/>\n<meta property=\"og:locale\" content=\"et_EE\" \/>\n<meta property=\"og:type\" content=\"article\" \/>\n<meta property=\"og:title\" content=\"oksjon - Piston Addict\" \/>\n<meta property=\"og:description\" content=\"996-p\u00f5lvkonna auv\u00e4\u00e4rne Porsche 911 oli v\u00e4ga vastuoluline, kui see 90ndate l\u00f5pus v\u00e4lja anti. Sellest ajast alates on see siiski tunnustatud kui 911 legendi lahutamatu osa, ettev\u00f5tte jaoks \u00e4\u00e4rmiselt oluline mudel ja esimene t\u00e4nap\u00e4evane 911. T\u00e4nu iseloomulikule disainile, laiale mudelivalikule ja n\u00e4itajatele on kollektsion\u00e4\u00e4rid hakanud avastama 996 911 t\u00f5elisi p\u00e4rleid. T\u00e4na saame uhkusega tutvustada sellist mudelit, haruldast versiooni, mis on ideaalsete n\u00e4itajatega ja mis \u00e4ratab iga 911-i entusiasti t\u00e4helepanu.\" \/>\n<meta property=\"og:url\" content=\"https:\/\/pistonaddict.com\/et\/product\/porsche-911-996-targa\/\" \/>\n<meta property=\"og:site_name\" content=\"Piston Addict\" \/>\n<meta property=\"article:modified_time\" content=\"2024-03-20T08:39:26+00:00\" \/>\n<meta property=\"og:image\" content=\"https:\/\/pistonaddict.com\/wp-content\/uploads\/2023\/10\/image00032-1-scaled.jpeg\" \/>\n\t<meta property=\"og:image:width\" content=\"2560\" \/>\n\t<meta property=\"og:image:height\" content=\"1920\" \/>\n\t<meta property=\"og:image:type\" content=\"image\/jpeg\" \/>\n<meta name=\"twitter:card\" content=\"summary_large_image\" \/>\n<meta name=\"twitter:label1\" content=\"Est. reading time\" \/>\n\t<meta name=\"twitter:data1\" content=\"2 minutit\" \/>\n<script type=\"application\/ld+json\" class=\"yoast-schema-graph\">{\"@context\":\"https:\/\/schema.org\",\"@graph\":[{\"@type\":\"WebPage\",\"@id\":\"https:\/\/pistonaddict.com\/et\/product\/porsche-911-996-targa\/\",\"url\":\"https:\/\/pistonaddict.com\/et\/product\/porsche-911-996-targa\/\",\"name\":\"oksjon - Piston Addict\",\"isPartOf\":{\"@id\":\"https:\/\/pistonaddict.com\/et\/#website\"},\"primaryImageOfPage\":{\"@id\":\"https:\/\/pistonaddict.com\/et\/product\/porsche-911-996-targa\/#primaryimage\"},\"image\":{\"@id\":\"https:\/\/pistonaddict.com\/et\/product\/porsche-911-996-targa\/#primaryimage\"},\"thumbnailUrl\":\"https:\/\/pistonaddict.com\/wp-content\/uploads\/2023\/10\/image00032-1-scaled.jpeg\",\"datePublished\":\"2023-10-25T17:30:40+00:00\",\"dateModified\":\"2024-03-20T08:39:26+00:00\",\"breadcrumb\":{\"@id\":\"https:\/\/pistonaddict.com\/et\/product\/porsche-911-996-targa\/#breadcrumb\"},\"inLanguage\":\"et\",\"potentialAction\":[{\"@type\":\"ReadAction\",\"target\":[\"https:\/\/pistonaddict.com\/et\/product\/porsche-911-996-targa\/\"]}]},{\"@type\":\"ImageObject\",\"inLanguage\":\"et\",\"@id\":\"https:\/\/pistonaddict.com\/et\/product\/porsche-911-996-targa\/#primaryimage\",\"url\":\"https:\/\/pistonaddict.com\/wp-content\/uploads\/2023\/10\/image00032-1-scaled.jpeg\",\"contentUrl\":\"https:\/\/pistonaddict.com\/wp-content\/uploads\/2023\/10\/image00032-1-scaled.jpeg\",\"width\":2560,\"height\":1920},{\"@type\":\"BreadcrumbList\",\"@id\":\"https:\/\/pistonaddict.com\/et\/product\/porsche-911-996-targa\/#breadcrumb\",\"itemListElement\":[{\"@type\":\"ListItem\",\"position\":1,\"name\":\"Koduleht\",\"item\":\"https:\/\/pistonaddict.com\/et\/koduleht-2\/\"},{\"@type\":\"ListItem\",\"position\":2,\"name\":\"Auctions\",\"item\":\"https:\/\/pistonaddict.com\/auctions-listing\/\"},{\"@type\":\"ListItem\",\"position\":3,\"name\":\"Porsche 911 (996) Targa\"}]},{\"@type\":\"WebSite\",\"@id\":\"https:\/\/pistonaddict.com\/et\/#website\",\"url\":\"https:\/\/pistonaddict.com\/et\/\",\"name\":\"Piston Addict\",\"description\":\"Only interesting vehicles\",\"publisher\":{\"@id\":\"https:\/\/pistonaddict.com\/et\/#organization\"},\"potentialAction\":[{\"@type\":\"SearchAction\",\"target\":{\"@type\":\"EntryPoint\",\"urlTemplate\":\"https:\/\/pistonaddict.com\/et\/?s={search_term_string}\"},\"query-input\":\"required name=search_term_string\"}],\"inLanguage\":\"et\"},{\"@type\":\"Organization\",\"@id\":\"https:\/\/pistonaddict.com\/et\/#organization\",\"name\":\"Piston Addict\",\"url\":\"https:\/\/pistonaddict.com\/et\/\",\"logo\":{\"@type\":\"ImageObject\",\"inLanguage\":\"et\",\"@id\":\"https:\/\/pistonaddict.com\/et\/#\/schema\/logo\/image\/\",\"url\":\"https:\/\/pistonaddict.com\/wp-content\/uploads\/2022\/07\/logo-6.png\",\"contentUrl\":\"https:\/\/pistonaddict.com\/wp-content\/uploads\/2022\/07\/logo-6.png\",\"width\":970,\"height\":200,\"caption\":\"Piston Addict\"},\"image\":{\"@id\":\"https:\/\/pistonaddict.com\/et\/#\/schema\/logo\/image\/\"}}]}<\/script>\n<!-- \/ Yoast SEO plugin. -->","yoast_head_json":{"title":"oksjon - Piston Addict","robots":{"index":"index","follow":"follow","max-snippet":"max-snippet:-1","max-image-preview":"max-image-preview:large","max-video-preview":"max-video-preview:-1"},"canonical":"https:\/\/pistonaddict.com\/et\/product\/porsche-911-996-targa\/","og_locale":"et_EE","og_type":"article","og_title":"oksjon - Piston Addict","og_description":"996-p\u00f5lvkonna auv\u00e4\u00e4rne Porsche 911 oli v\u00e4ga vastuoluline, kui see 90ndate l\u00f5pus v\u00e4lja anti. Sellest ajast alates on see siiski tunnustatud kui 911 legendi lahutamatu osa, ettev\u00f5tte jaoks \u00e4\u00e4rmiselt oluline mudel ja esimene t\u00e4nap\u00e4evane 911. T\u00e4nu iseloomulikule disainile, laiale mudelivalikule ja n\u00e4itajatele on kollektsion\u00e4\u00e4rid hakanud avastama 996 911 t\u00f5elisi p\u00e4rleid. T\u00e4na saame uhkusega tutvustada sellist mudelit, haruldast versiooni, mis on ideaalsete n\u00e4itajatega ja mis \u00e4ratab iga 911-i entusiasti t\u00e4helepanu.","og_url":"https:\/\/pistonaddict.com\/et\/product\/porsche-911-996-targa\/","og_site_name":"Piston Addict","article_modified_time":"2024-03-20T08:39:26+00:00","og_image":[{"width":2560,"height":1920,"url":"https:\/\/pistonaddict.com\/wp-content\/uploads\/2023\/10\/image00032-1-scaled.jpeg","type":"image\/jpeg"}],"twitter_card":"summary_large_image","twitter_misc":{"Est. reading time":"2 minutit"},"schema":{"@context":"https:\/\/schema.org","@graph":[{"@type":"WebPage","@id":"https:\/\/pistonaddict.com\/et\/product\/porsche-911-996-targa\/","url":"https:\/\/pistonaddict.com\/et\/product\/porsche-911-996-targa\/","name":"oksjon - Piston Addict","isPartOf":{"@id":"https:\/\/pistonaddict.com\/et\/#website"},"primaryImageOfPage":{"@id":"https:\/\/pistonaddict.com\/et\/product\/porsche-911-996-targa\/#primaryimage"},"image":{"@id":"https:\/\/pistonaddict.com\/et\/product\/porsche-911-996-targa\/#primaryimage"},"thumbnailUrl":"https:\/\/pistonaddict.com\/wp-content\/uploads\/2023\/10\/image00032-1-scaled.jpeg","datePublished":"2023-10-25T17:30:40+00:00","dateModified":"2024-03-20T08:39:26+00:00","breadcrumb":{"@id":"https:\/\/pistonaddict.com\/et\/product\/porsche-911-996-targa\/#breadcrumb"},"inLanguage":"et","potentialAction":[{"@type":"ReadAction","target":["https:\/\/pistonaddict.com\/et\/product\/porsche-911-996-targa\/"]}]},{"@type":"ImageObject","inLanguage":"et","@id":"https:\/\/pistonaddict.com\/et\/product\/porsche-911-996-targa\/#primaryimage","url":"https:\/\/pistonaddict.com\/wp-content\/uploads\/2023\/10\/image00032-1-scaled.jpeg","contentUrl":"https:\/\/pistonaddict.com\/wp-content\/uploads\/2023\/10\/image00032-1-scaled.jpeg","width":2560,"height":1920},{"@type":"BreadcrumbList","@id":"https:\/\/pistonaddict.com\/et\/product\/porsche-911-996-targa\/#breadcrumb","itemListElement":[{"@type":"ListItem","position":1,"name":"Koduleht","item":"https:\/\/pistonaddict.com\/et\/koduleht-2\/"},{"@type":"ListItem","position":2,"name":"Auctions","item":"https:\/\/pistonaddict.com\/auctions-listing\/"},{"@type":"ListItem","position":3,"name":"Porsche 911 (996) Targa"}]},{"@type":"WebSite","@id":"https:\/\/pistonaddict.com\/et\/#website","url":"https:\/\/pistonaddict.com\/et\/","name":"Piston Addict","description":"Only interesting vehicles","publisher":{"@id":"https:\/\/pistonaddict.com\/et\/#organization"},"potentialAction":[{"@type":"SearchAction","target":{"@type":"EntryPoint","urlTemplate":"https:\/\/pistonaddict.com\/et\/?s={search_term_string}"},"query-input":"required name=search_term_string"}],"inLanguage":"et"},{"@type":"Organization","@id":"https:\/\/pistonaddict.com\/et\/#organization","name":"Piston Addict","url":"https:\/\/pistonaddict.com\/et\/","logo":{"@type":"ImageObject","inLanguage":"et","@id":"https:\/\/pistonaddict.com\/et\/#\/schema\/logo\/image\/","url":"https:\/\/pistonaddict.com\/wp-content\/uploads\/2022\/07\/logo-6.png","contentUrl":"https:\/\/pistonaddict.com\/wp-content\/uploads\/2022\/07\/logo-6.png","width":970,"height":200,"caption":"Piston Addict"},"image":{"@id":"https:\/\/pistonaddict.com\/et\/#\/schema\/logo\/image\/"}}]}},"_links":{"self":[{"href":"https:\/\/pistonaddict.com\/et\/wp-json\/wp\/v2\/product\/62900"}],"collection":[{"href":"https:\/\/pistonaddict.com\/et\/wp-json\/wp\/v2\/product"}],"about":[{"href":"https:\/\/pistonaddict.com\/et\/wp-json\/wp\/v2\/types\/product"}],"replies":[{"embeddable":true,"href":"https:\/\/pistonaddict.com\/et\/wp-json\/wp\/v2\/comments?post=62900"}],"wp:featuredmedia":[{"embeddable":true,"href":"https:\/\/pistonaddict.com\/et\/wp-json\/wp\/v2\/media\/59800"}],"wp:attachment":[{"href":"https:\/\/pistonaddict.com\/et\/wp-json\/wp\/v2\/media?parent=62900"}],"wp:term":[{"taxonomy":"product_cat","embeddable":true,"href":"https:\/\/pistonaddict.com\/et\/wp-json\/wp\/v2\/product_cat?post=62900"},{"taxonomy":"product_tag","embeddable":true,"href":"https:\/\/pistonaddict.com\/et\/wp-json\/wp\/v2\/product_tag?post=62900"}],"curies":[{"name":"wp","href":"https:\/\/api.w.org\/{rel}","templated":true}]}}