{"id":55250,"date":"2023-10-13T09:36:04","date_gmt":"2023-10-13T07:36:04","guid":{"rendered":"https:\/\/pistonaddict.com\/product\/porsche-cayman-s-3-4-325-cv\/"},"modified":"2024-03-19T17:03:45","modified_gmt":"2024-03-19T16:03:45","slug":"porsche-cayman-s-3-4-325-cv","status":"publish","type":"product","link":"https:\/\/pistonaddict.com\/et\/product\/porsche-cayman-s-3-4-325-cv\/","title":{"rendered":"Porsche Cayman S 3.4 325 CV"},"content":{"rendered":"<p><strong>Auto ajalugu<\/strong><\/p>\n<p>See valge 2016. aasta Cayman S m\u00fc\u00fcdi algselt Saksamaal, kuid kolis Itaaliasse, kuhu praegune omanik, sportautode edasim\u00fc\u00fcja, selle importis. 2016. aasta on 981. p\u00f5lvkonna Caymani viimane aasta, mis on oluline mitmel p\u00f5hjusel. Peamiselt seet\u00f5ttu, et Cayman S on Porsche 911 Carrera uuendatud 3,4-liitrise lameda kuuesega mootoriga, mis k\u00e4sitleb \u00fcht t\u00e4nap\u00e4eva Porsche kogukonna k\u00f5ige olulisemat vaidlust. Aastaid liikusid kuulujutud, et Porsche kartis 911 mootorit Caymani sisse panna, kartes, et see v\u00f5ib pakkuda veelgi paremat s\u00f5idukogemust. See on esimene Cayman, millel on tegelikult 911 mootor. T\u00e4nu 325 hobuj\u00f5ule, v\u00e4lkkiirele 7-k\u00e4igulisele PDK-k\u00e4igukastile ja tehase poolt spetsiaalselt h\u00e4\u00e4lestatud vedrustusele on 2016. aasta Cayman S v\u00f5imeline saavutama 100 km\/h (60 mph) vaid 4,8 sekundiga, saavutades oma 283 km\/h (176 mph) tippkiiruse. K\u00fcsimus ei ole siiski numbrites, kuigi need on fantastilised. Cayman S on keskele paigaldatud mootori, kerge kere, t\u00e4pse rooli ja suurep\u00e4raste piduritega, mist\u00f5ttu teeb see nii paljusid 911 omanikke nii n\u00e4rviliseks. K\u00f5rgelt p\u00f6\u00f6rleva ja sisep\u00f5lemismootori, agiilse \u0161assii ja t\u00e4iusliku s\u00f5idud\u00fcnaamika kombinatsioon k\u00f5lab endiselt sportautode seas kui \u00fcks k\u00f5ige ideaalsemaid juhtautosid, mis on kunagi tehtud.<\/p>\n<p><strong>Sisustus<\/strong><\/p>\n<p>Kuna see 2016. aasta Porsche Cayman S on v\u00e4hese l\u00e4bis\u00f5iduga eksemplar, on interj\u00f6\u00f6r ootusp\u00e4raselt m\u00e4rkimata ja suurep\u00e4rases seisukorras. Algne omanik hoolikalt kontrollib seda m\u00f5ned soovitavad valikud, mida j\u00e4rgmine omanik hindab. Elektrooniliselt reguleeritavad spordiistmed, integreeritud digitaalse ekraaniga infotainment-s\u00fcsteem ja multifunktsionaalne rooliratas t\u00f5stavad s\u00f5idukogemuse j\u00e4rgmisele tasemele. N\u00e4htav on Porsche&#8217;ile omane kvaliteet, samuti m\u00e4rkimisv\u00e4\u00e4rne sobivus ja viimistlus.<\/p>\n<p><strong>Tingimus<\/strong><\/p>\n<p>See laitmatu Porsche Cayman S on viimase seitsme aasta jooksul l\u00e4binud veidi \u00fcle 33 000 kilomeetri. Nii v\u00e4ike l\u00e4bis\u00f5it, paar hoolikat omanikku ja n\u00f5uetekohased hooldusdokumendid tagavad, et auto on l\u00e4bivalt t\u00e4iuslikus seisukorras. M\u00fc\u00fcja on v\u00e4ga hea mainega sportautode edasim\u00fc\u00fcja Itaalias ja nad on nii kindlad selle Cayman S-i \u00fcldises seisukorras, et <strong>autol on 12-kuuline garantii<\/strong>, mis on v\u00e4ga oluline ja eristab seda s\u00f5idukit sarnastest, mida v\u00f5ite leida m\u00fc\u00fcgiks. 2021. aastal on olemas hooldusdokumendid ja tehtud olulised hooldust\u00f6\u00f6d.<\/p>\n<p><strong>V\u00e4limus ja rattad<\/strong><\/p>\n<p>Elegantne valge v\u00e4lisilme ei ole kriimustusi ega m\u00f5lke ning sellel autol on huvitavad graafilised detailid rockerpaneelidel, mis on tehase originaal ja n\u00e4itavad, et see Cayman ei ole baasmudel. Sportauto v\u00e4limust t\u00e4iendavad 20-tollised veljed, mis on samad, mida kasutatakse perioodilise 911-i puhul, ning mis on \u00fcmbritsetud peaaegu uute Michelin Pilot Sport 4S rehvidega, mis on tuntud kui entusiastlike autojuhtide valik. Muudatusi ei ole ja see Cayman on ideaalses algseisundis.<\/p>\n<p><strong>Dokumentatsioon<\/strong><\/p>\n<p>Seda s\u00f5idukit m\u00fc\u00fcb edasim\u00fc\u00fcja koos asjakohaste dokumentidega ja see asub Itaalias. <a href=\"https:\/\/pistonaddict.com\/wp-content\/uploads\/2023\/10\/CARFAX-Vehicle-History-Report-PORSCHE-WP0ZZZ98ZGK181513.pdf\" target=\"_blank\" rel=\"noopener\">CarFax<\/a> aruanne on puhas; ei ole t\u00f5endeid \u00f5nnetuste, \u00f5nnetus remondi, omandi\u00f5iguse v\u00f5i juriidilised probleemid olemas. M\u00fc\u00fcja aga teatas meile, et \u00fcks \u00f5nnetus juhtub 2017. aastal mootorratta, kannatanud element, esiosa kapuuts, oli muidugi parandatud. On olemas andmed regulaarse hoolduse kohta koos tehase originaalbro\u0161\u00fc\u00fcride ja kviitungitega. M\u00fc\u00fcgiga kaasneb edasim\u00fc\u00fcja 12-kuuline garantii.  <strong>Lisaks sellele, kui elate Euroopas, v\u00f5ib m\u00fc\u00fcja hoolitseda teie eest transpordi eest ja tuua s\u00f5iduki teie koju.<\/strong><\/p>\n<p><strong> <\/strong><\/p>\n<p>Vaadake selle kauni Porsche Cayman S-i avastamisvideot:<\/p>\n<p><iframe title=\"Video of the Porsche Cayman S for auction sale\" width=\"1200\" height=\"675\" src=\"https:\/\/www.youtube.com\/embed\/-29PE_JnFJM?feature=oembed\" frameborder=\"0\" allow=\"accelerometer; autoplay; clipboard-write; encrypted-media; gyroscope; picture-in-picture; web-share\" allowfullscreen><\/iframe><\/p>\n","protected":false},"excerpt":{"rendered":"<p>Porsche kui ettev\u00f5te, mis on alati p\u00fc\u00fcdnud jahtida sportautode t\u00e4iuslikkust, vastas kriitikale parimal v\u00f5imalikul viisil &#8211; esitades p\u00fchendunud juhi mudeli, mida k\u00f5ik armastavad ja kiidavad. Kui esimese p\u00f5lvkonna Cayman deb\u00fcteeris, oli see k\u00f5ik, mida entusiastid tahtsid, 90% Porsche 911 tundest 60% odavamalt. Cayman oli kergem, t\u00e4psem ja kaasahaaravam auto, samas kui selle S-versioon oli t\u00e4iesti tasakaalustatud sportauto. Siin on \u00fcks eriti huvitav n\u00e4ide ideaalses seisukorras. <strong>Te peate <a href=\"https:\/\/pistonaddict.com\/et\/minu-konto\/\">looma oma konto<\/a>, et p\u00e4\u00e4seda sellele oksjonile.<\/strong><\/p>\n","protected":false},"featured_media":55119,"comment_status":"open","ping_status":"closed","template":"","meta":{"inline_featured_image":false},"product_cat":[736],"product_tag":[2202,2201,925,2200],"acf":[],"yoast_head":"<!-- This site is optimized with the Yoast SEO plugin v22.5 - https:\/\/yoast.com\/wordpress\/plugins\/seo\/ -->\n<title>oksjon - Piston Addict<\/title>\n<meta name=\"robots\" content=\"index, follow, max-snippet:-1, max-image-preview:large, max-video-preview:-1\" \/>\n<link rel=\"canonical\" href=\"https:\/\/pistonaddict.com\/et\/product\/porsche-cayman-s-3-4-325-cv\/\" \/>\n<meta property=\"og:locale\" content=\"et_EE\" \/>\n<meta property=\"og:type\" content=\"article\" \/>\n<meta property=\"og:title\" content=\"oksjon - Piston Addict\" \/>\n<meta property=\"og:description\" content=\"Porsche kui ettev\u00f5te, mis on alati p\u00fc\u00fcdnud jahtida sportautode t\u00e4iuslikkust, vastas kriitikale parimal v\u00f5imalikul viisil - esitades p\u00fchendunud juhi mudeli, mida k\u00f5ik armastavad ja kiidavad. Kui esimese p\u00f5lvkonna Cayman deb\u00fcteeris, oli see k\u00f5ik, mida entusiastid tahtsid, 90% Porsche 911 tundest 60% odavamalt. Cayman oli kergem, t\u00e4psem ja kaasahaaravam auto, samas kui selle S-versioon oli t\u00e4iesti tasakaalustatud sportauto. Siin on \u00fcks eriti huvitav n\u00e4ide ideaalses seisukorras. Te peate looma oma konto, et p\u00e4\u00e4seda sellele oksjonile.\" \/>\n<meta property=\"og:url\" content=\"https:\/\/pistonaddict.com\/et\/product\/porsche-cayman-s-3-4-325-cv\/\" \/>\n<meta property=\"og:site_name\" content=\"Piston Addict\" \/>\n<meta property=\"article:modified_time\" content=\"2024-03-19T16:03:45+00:00\" \/>\n<meta property=\"og:image\" content=\"https:\/\/pistonaddict.com\/wp-content\/uploads\/2023\/10\/CAYMAN-1.png\" \/>\n\t<meta property=\"og:image:width\" content=\"1887\" \/>\n\t<meta property=\"og:image:height\" content=\"781\" \/>\n\t<meta property=\"og:image:type\" content=\"image\/png\" \/>\n<meta name=\"twitter:card\" content=\"summary_large_image\" \/>\n<meta name=\"twitter:label1\" content=\"Est. reading time\" \/>\n\t<meta name=\"twitter:data1\" content=\"3 minutit\" \/>\n<script type=\"application\/ld+json\" class=\"yoast-schema-graph\">{\"@context\":\"https:\/\/schema.org\",\"@graph\":[{\"@type\":\"WebPage\",\"@id\":\"https:\/\/pistonaddict.com\/et\/product\/porsche-cayman-s-3-4-325-cv\/\",\"url\":\"https:\/\/pistonaddict.com\/et\/product\/porsche-cayman-s-3-4-325-cv\/\",\"name\":\"oksjon - Piston Addict\",\"isPartOf\":{\"@id\":\"https:\/\/pistonaddict.com\/et\/#website\"},\"primaryImageOfPage\":{\"@id\":\"https:\/\/pistonaddict.com\/et\/product\/porsche-cayman-s-3-4-325-cv\/#primaryimage\"},\"image\":{\"@id\":\"https:\/\/pistonaddict.com\/et\/product\/porsche-cayman-s-3-4-325-cv\/#primaryimage\"},\"thumbnailUrl\":\"https:\/\/pistonaddict.com\/wp-content\/uploads\/2023\/10\/CAYMAN-1.png\",\"datePublished\":\"2023-10-13T07:36:04+00:00\",\"dateModified\":\"2024-03-19T16:03:45+00:00\",\"breadcrumb\":{\"@id\":\"https:\/\/pistonaddict.com\/et\/product\/porsche-cayman-s-3-4-325-cv\/#breadcrumb\"},\"inLanguage\":\"et\",\"potentialAction\":[{\"@type\":\"ReadAction\",\"target\":[\"https:\/\/pistonaddict.com\/et\/product\/porsche-cayman-s-3-4-325-cv\/\"]}]},{\"@type\":\"ImageObject\",\"inLanguage\":\"et\",\"@id\":\"https:\/\/pistonaddict.com\/et\/product\/porsche-cayman-s-3-4-325-cv\/#primaryimage\",\"url\":\"https:\/\/pistonaddict.com\/wp-content\/uploads\/2023\/10\/CAYMAN-1.png\",\"contentUrl\":\"https:\/\/pistonaddict.com\/wp-content\/uploads\/2023\/10\/CAYMAN-1.png\",\"width\":1887,\"height\":781},{\"@type\":\"BreadcrumbList\",\"@id\":\"https:\/\/pistonaddict.com\/et\/product\/porsche-cayman-s-3-4-325-cv\/#breadcrumb\",\"itemListElement\":[{\"@type\":\"ListItem\",\"position\":1,\"name\":\"Koduleht\",\"item\":\"https:\/\/pistonaddict.com\/et\/koduleht-2\/\"},{\"@type\":\"ListItem\",\"position\":2,\"name\":\"Auctions\",\"item\":\"https:\/\/pistonaddict.com\/auctions-listing\/\"},{\"@type\":\"ListItem\",\"position\":3,\"name\":\"Porsche Cayman S 3.4 325 CV\"}]},{\"@type\":\"WebSite\",\"@id\":\"https:\/\/pistonaddict.com\/et\/#website\",\"url\":\"https:\/\/pistonaddict.com\/et\/\",\"name\":\"Piston Addict\",\"description\":\"Only interesting vehicles\",\"publisher\":{\"@id\":\"https:\/\/pistonaddict.com\/et\/#organization\"},\"potentialAction\":[{\"@type\":\"SearchAction\",\"target\":{\"@type\":\"EntryPoint\",\"urlTemplate\":\"https:\/\/pistonaddict.com\/et\/?s={search_term_string}\"},\"query-input\":\"required name=search_term_string\"}],\"inLanguage\":\"et\"},{\"@type\":\"Organization\",\"@id\":\"https:\/\/pistonaddict.com\/et\/#organization\",\"name\":\"Piston Addict\",\"url\":\"https:\/\/pistonaddict.com\/et\/\",\"logo\":{\"@type\":\"ImageObject\",\"inLanguage\":\"et\",\"@id\":\"https:\/\/pistonaddict.com\/et\/#\/schema\/logo\/image\/\",\"url\":\"https:\/\/pistonaddict.com\/wp-content\/uploads\/2022\/07\/logo-6.png\",\"contentUrl\":\"https:\/\/pistonaddict.com\/wp-content\/uploads\/2022\/07\/logo-6.png\",\"width\":970,\"height\":200,\"caption\":\"Piston Addict\"},\"image\":{\"@id\":\"https:\/\/pistonaddict.com\/et\/#\/schema\/logo\/image\/\"}}]}<\/script>\n<!-- \/ Yoast SEO plugin. -->","yoast_head_json":{"title":"oksjon - Piston Addict","robots":{"index":"index","follow":"follow","max-snippet":"max-snippet:-1","max-image-preview":"max-image-preview:large","max-video-preview":"max-video-preview:-1"},"canonical":"https:\/\/pistonaddict.com\/et\/product\/porsche-cayman-s-3-4-325-cv\/","og_locale":"et_EE","og_type":"article","og_title":"oksjon - Piston Addict","og_description":"Porsche kui ettev\u00f5te, mis on alati p\u00fc\u00fcdnud jahtida sportautode t\u00e4iuslikkust, vastas kriitikale parimal v\u00f5imalikul viisil - esitades p\u00fchendunud juhi mudeli, mida k\u00f5ik armastavad ja kiidavad. Kui esimese p\u00f5lvkonna Cayman deb\u00fcteeris, oli see k\u00f5ik, mida entusiastid tahtsid, 90% Porsche 911 tundest 60% odavamalt. Cayman oli kergem, t\u00e4psem ja kaasahaaravam auto, samas kui selle S-versioon oli t\u00e4iesti tasakaalustatud sportauto. Siin on \u00fcks eriti huvitav n\u00e4ide ideaalses seisukorras. Te peate looma oma konto, et p\u00e4\u00e4seda sellele oksjonile.","og_url":"https:\/\/pistonaddict.com\/et\/product\/porsche-cayman-s-3-4-325-cv\/","og_site_name":"Piston Addict","article_modified_time":"2024-03-19T16:03:45+00:00","og_image":[{"width":1887,"height":781,"url":"https:\/\/pistonaddict.com\/wp-content\/uploads\/2023\/10\/CAYMAN-1.png","type":"image\/png"}],"twitter_card":"summary_large_image","twitter_misc":{"Est. reading time":"3 minutit"},"schema":{"@context":"https:\/\/schema.org","@graph":[{"@type":"WebPage","@id":"https:\/\/pistonaddict.com\/et\/product\/porsche-cayman-s-3-4-325-cv\/","url":"https:\/\/pistonaddict.com\/et\/product\/porsche-cayman-s-3-4-325-cv\/","name":"oksjon - Piston Addict","isPartOf":{"@id":"https:\/\/pistonaddict.com\/et\/#website"},"primaryImageOfPage":{"@id":"https:\/\/pistonaddict.com\/et\/product\/porsche-cayman-s-3-4-325-cv\/#primaryimage"},"image":{"@id":"https:\/\/pistonaddict.com\/et\/product\/porsche-cayman-s-3-4-325-cv\/#primaryimage"},"thumbnailUrl":"https:\/\/pistonaddict.com\/wp-content\/uploads\/2023\/10\/CAYMAN-1.png","datePublished":"2023-10-13T07:36:04+00:00","dateModified":"2024-03-19T16:03:45+00:00","breadcrumb":{"@id":"https:\/\/pistonaddict.com\/et\/product\/porsche-cayman-s-3-4-325-cv\/#breadcrumb"},"inLanguage":"et","potentialAction":[{"@type":"ReadAction","target":["https:\/\/pistonaddict.com\/et\/product\/porsche-cayman-s-3-4-325-cv\/"]}]},{"@type":"ImageObject","inLanguage":"et","@id":"https:\/\/pistonaddict.com\/et\/product\/porsche-cayman-s-3-4-325-cv\/#primaryimage","url":"https:\/\/pistonaddict.com\/wp-content\/uploads\/2023\/10\/CAYMAN-1.png","contentUrl":"https:\/\/pistonaddict.com\/wp-content\/uploads\/2023\/10\/CAYMAN-1.png","width":1887,"height":781},{"@type":"BreadcrumbList","@id":"https:\/\/pistonaddict.com\/et\/product\/porsche-cayman-s-3-4-325-cv\/#breadcrumb","itemListElement":[{"@type":"ListItem","position":1,"name":"Koduleht","item":"https:\/\/pistonaddict.com\/et\/koduleht-2\/"},{"@type":"ListItem","position":2,"name":"Auctions","item":"https:\/\/pistonaddict.com\/auctions-listing\/"},{"@type":"ListItem","position":3,"name":"Porsche Cayman S 3.4 325 CV"}]},{"@type":"WebSite","@id":"https:\/\/pistonaddict.com\/et\/#website","url":"https:\/\/pistonaddict.com\/et\/","name":"Piston Addict","description":"Only interesting vehicles","publisher":{"@id":"https:\/\/pistonaddict.com\/et\/#organization"},"potentialAction":[{"@type":"SearchAction","target":{"@type":"EntryPoint","urlTemplate":"https:\/\/pistonaddict.com\/et\/?s={search_term_string}"},"query-input":"required name=search_term_string"}],"inLanguage":"et"},{"@type":"Organization","@id":"https:\/\/pistonaddict.com\/et\/#organization","name":"Piston Addict","url":"https:\/\/pistonaddict.com\/et\/","logo":{"@type":"ImageObject","inLanguage":"et","@id":"https:\/\/pistonaddict.com\/et\/#\/schema\/logo\/image\/","url":"https:\/\/pistonaddict.com\/wp-content\/uploads\/2022\/07\/logo-6.png","contentUrl":"https:\/\/pistonaddict.com\/wp-content\/uploads\/2022\/07\/logo-6.png","width":970,"height":200,"caption":"Piston Addict"},"image":{"@id":"https:\/\/pistonaddict.com\/et\/#\/schema\/logo\/image\/"}}]}},"_links":{"self":[{"href":"https:\/\/pistonaddict.com\/et\/wp-json\/wp\/v2\/product\/55250"}],"collection":[{"href":"https:\/\/pistonaddict.com\/et\/wp-json\/wp\/v2\/product"}],"about":[{"href":"https:\/\/pistonaddict.com\/et\/wp-json\/wp\/v2\/types\/product"}],"replies":[{"embeddable":true,"href":"https:\/\/pistonaddict.com\/et\/wp-json\/wp\/v2\/comments?post=55250"}],"wp:featuredmedia":[{"embeddable":true,"href":"https:\/\/pistonaddict.com\/et\/wp-json\/wp\/v2\/media\/55119"}],"wp:attachment":[{"href":"https:\/\/pistonaddict.com\/et\/wp-json\/wp\/v2\/media?parent=55250"}],"wp:term":[{"taxonomy":"product_cat","embeddable":true,"href":"https:\/\/pistonaddict.com\/et\/wp-json\/wp\/v2\/product_cat?post=55250"},{"taxonomy":"product_tag","embeddable":true,"href":"https:\/\/pistonaddict.com\/et\/wp-json\/wp\/v2\/product_tag?post=55250"}],"curies":[{"name":"wp","href":"https:\/\/api.w.org\/{rel}","templated":true}]}}