{"id":53485,"date":"2023-10-06T11:28:15","date_gmt":"2023-10-06T09:28:15","guid":{"rendered":"https:\/\/pistonaddict.com\/product\/porsche-911-carrera-2-cabrio-997\/"},"modified":"2023-12-20T09:47:02","modified_gmt":"2023-12-20T08:47:02","slug":"porsche-911-carrera-2-cabrio-997","status":"publish","type":"product","link":"https:\/\/pistonaddict.com\/et\/product\/porsche-911-carrera-2-cabrio-997\/","title":{"rendered":"Porsche 911 Carrera 2 Cabrio (997)"},"content":{"rendered":"<p><strong>Auto ajalugu<\/strong><\/p>\n<p>See &#8220;Guards Red&#8221; Porsche 911 Carrera 2 Cabrio toodeti 2006. aasta detsembris ja m\u00fc\u00fcdi uuena Hispaanias, kus ta veetis kogu oma elu. Praegune omanik omandas selle 2021. aastal. See kabriolett on parim n\u00e4ide 997. p\u00f5lvkonna Carrera 2 mudelist, mis on tuntud oma kerge konstruktsiooni, k\u00f5rge p\u00f6\u00f6rlemiskiirusega mootorite ja kompromissitu s\u00f5idutunnetuse poolest. Porsche puristid kritiseerisid sageli j\u00e4rgnevaid 911-mudeleid, kuna need on liiga suured ja rasked, kuid k\u00f5ik n\u00f5ustusid, et 997 oli viimane klassikalise autoliini mudel. See pakub vinget \u0161assiid, sisep\u00f5lemismootoreid, iseloomulikku heli ja ainulaadset juhitavust, eriti RWD-varustuses, nagu see siin. Selle eksemplari <strong>j\u00f5uallikaks on 3,6-liitrine<\/strong> <strong>kuues mootor, mis annab tervelt 325 hj<\/strong> ja enam kui korraliku j\u00f5udluse. Spurt 0-100 km\/h on v\u00f5imalik vaid 4,8 sekundiga ja tippkiirus on \u00fcle 280 km\/h. Oluline on aga 6-k\u00e4iguline manuaal, mis muudab selle punase kabrioleti kohe tavalisest 911-st haruldaseks kollektsiooniobjektiks. Manuaal on v\u00e4ga ihaldusv\u00e4\u00e4rne valik, mis mitte ainult ei aita autol saavutada oma t\u00e4ielikku j\u00f5udluspotentsiaali, vaid muudab iga s\u00f5idu unustamatuks elamuseks.<\/p>\n<p><strong>Sisustus<\/strong><\/p>\n<p>&#8220;Natural Brown&#8221; interj\u00f6\u00f6r on silmatorkavalt kombineeritud punase v\u00e4liskattega ja eristab seda eksemplari veelgi enam teistest 911 mudelitest. Interj\u00f6\u00f6r on laitmatus korras, nahkistmed ei ole kriimustatud. Samuti on see h\u00e4sti varustatud lisavarustusega spordiistmete, Bose&#8217;i audios\u00fcsteemi ja sobiva rooliga. Ainus mitte-originaalne element on Kenwoodi peaseade koos puuteekraaniga, kuid see maitsekas t\u00e4iendus sobib suurep\u00e4raselt armatuurlaua disainiga. Kuigi see kabriolett on s\u00f5idetud n\u00e4dalavahetusel kruiisilaevana p\u00e4ikesepaistelises Hispaanias, ei ole uhke pruunistunud nahast interj\u00f6\u00f6ril mingeid p\u00e4ikesekahjustuse m\u00e4rke.<\/p>\n<p><strong>Tingimus<\/strong><\/p>\n<p>Vaid 43 000 kilomeetrit uuest, auto \u00fcldine seisukord on laitmatu, ilma \u00f5nnetuste v\u00f5i kahjustusteta. Viimane mootorihooldus tehti 2022. aastal, pidurid aga 2023. aasta oktoobris. Auto puhastati p\u00f5hjalikult ja viidi l\u00e4bi \u00f5lianal\u00fc\u00fcs, mis n\u00e4itas, et mootor ja j\u00f5u\u00fclekanne olid ideaalses seisukorras. 911-idel on alati olnud kvaliteetne maine ning kui neid hooldatakse ja hoitakse hoolikalt, nagu seda siinset autot, siis v\u00f5ivad need kestma j\u00e4\u00e4da kogu eluks.<\/p>\n<p><strong>V\u00e4limus ja rattad  <\/strong><\/p>\n<p>Punane kere on t\u00e4iuslikus korras, ilma kriimustuste ja m\u00f5lkideta ning kabriolett-topil ei ole kahjustusi. V\u00e4rvikombinatsioon on suurep\u00e4rane ja muudab selle n\u00e4ite silmapaistvaks. Sellel 911 Carrera 2-l on Porsche 19-tollised &#8220;Lobster Claw&#8221; veljed, mis on \u00fcmbritsetud uhiuue Michelin Pilot Sport rehviga.<\/p>\n<p><strong>Dokumentatsioon:<\/strong><\/p>\n<p>Seda s\u00f5idukit m\u00fc\u00fcb Hispaanias asuv edasim\u00fc\u00fcja koos asjakohaste dokumentidega. CarFax aruanne on puhas; ei ole t\u00f5endeid \u00f5nnetuste, \u00f5nnetus remondi, omandi\u00f5iguse v\u00f5i juriidilised probleemid olemas. On olemas andmed regulaarse hoolduse kohta koos tehase originaalbro\u0161\u00fc\u00fcride ja kviitungitega. Hispaania tehniline \u00fclevaatus (ITV) on lisatud dokumentatsiooni hulka ja auto l\u00e4bis selle edukalt. Kontrollige <a href=\"https:\/\/pistonaddict.com\/wp-content\/uploads\/2023\/10\/CARFAX-Vehicle-History-Report-PORSCHE-911.pdf\">CarFax dokument<\/a> selle kauni kabriolett Porsche 911 Carrera.<\/p>\n<p><strong>Krediitkaardi j\u00e4ljend \/ kinnipidamine (automaatselt vabastatakse) on vajalik, et p\u00e4\u00e4seda ligi selle esmaklassilise s\u00f5iduki oksjonile.<\/strong><\/p>\n<p>Vaadake selle kauni Porsche 911 Carrera kabrioleti k\u00fclmk\u00e4ivitusvideot :<\/p>\n<p><iframe title=\"Cold Start Video of the Porsche 911 Carrera Cabrio 325 CV\" width=\"1200\" height=\"675\" src=\"https:\/\/www.youtube.com\/embed\/FNuC3o32Erw?feature=oembed\" frameborder=\"0\" allow=\"accelerometer; autoplay; clipboard-write; encrypted-media; gyroscope; picture-in-picture; web-share\" allowfullscreen><\/iframe><\/p>\n","protected":false},"excerpt":{"rendered":"<p>Porsche 911-l on sportautode maailmas eriline koht. Seda ei peeta enam lihtsalt s\u00f5idukiks, sest see \u00fcletab autot\u00f6\u00f6stuse piirid ja on muutunud kultuuriliseks s\u00fcmboliks ja \u00fclemaailmselt tunnustatud kujuks. L\u00e4bi oma p\u00f5lvkondade on 911 arenenud v\u00e4ikesest sportlikust kupeest t\u00e4nap\u00e4eva luksuslikuks GT-autoks. Oletame siiski, et te ihkate seda h\u00e4davajalikku 911-tunnet, looduslikult sisselastud boksermootori m\u00fcrinat ja puhast s\u00f5idutunnet. Sellisel juhul on 997. p\u00f5lvkond viimane, mis pakub k\u00f5iki neid soovitavaid klassikalisi voorusi kaasaegses pakendis. See on t\u00e4iuslikkus neljarattalisel kabriolettvormil ja manuaalk\u00e4igukastiga.<\/p>\n","protected":false},"featured_media":53266,"comment_status":"open","ping_status":"closed","template":"","meta":{"inline_featured_image":false},"product_cat":[736],"product_tag":[2091,810,2088,2090,960,809],"acf":[],"yoast_head":"<!-- This site is optimized with the Yoast SEO plugin v22.5 - https:\/\/yoast.com\/wordpress\/plugins\/seo\/ -->\n<title>oksjon - Piston Addict<\/title>\n<meta name=\"robots\" content=\"index, follow, max-snippet:-1, max-image-preview:large, max-video-preview:-1\" \/>\n<link rel=\"canonical\" href=\"https:\/\/pistonaddict.com\/et\/product\/porsche-911-carrera-2-cabrio-997\/\" \/>\n<meta property=\"og:locale\" content=\"et_EE\" \/>\n<meta property=\"og:type\" content=\"article\" \/>\n<meta property=\"og:title\" content=\"oksjon - Piston Addict\" \/>\n<meta property=\"og:description\" content=\"Porsche 911-l on sportautode maailmas eriline koht. Seda ei peeta enam lihtsalt s\u00f5idukiks, sest see \u00fcletab autot\u00f6\u00f6stuse piirid ja on muutunud kultuuriliseks s\u00fcmboliks ja \u00fclemaailmselt tunnustatud kujuks. L\u00e4bi oma p\u00f5lvkondade on 911 arenenud v\u00e4ikesest sportlikust kupeest t\u00e4nap\u00e4eva luksuslikuks GT-autoks. Oletame siiski, et te ihkate seda h\u00e4davajalikku 911-tunnet, looduslikult sisselastud boksermootori m\u00fcrinat ja puhast s\u00f5idutunnet. Sellisel juhul on 997. p\u00f5lvkond viimane, mis pakub k\u00f5iki neid soovitavaid klassikalisi voorusi kaasaegses pakendis. See on t\u00e4iuslikkus neljarattalisel kabriolettvormil ja manuaalk\u00e4igukastiga.\" \/>\n<meta property=\"og:url\" content=\"https:\/\/pistonaddict.com\/et\/product\/porsche-911-carrera-2-cabrio-997\/\" \/>\n<meta property=\"og:site_name\" content=\"Piston Addict\" \/>\n<meta property=\"article:modified_time\" content=\"2023-12-20T08:47:02+00:00\" \/>\n<meta property=\"og:image\" content=\"https:\/\/pistonaddict.com\/wp-content\/uploads\/2023\/10\/20220624_201726_resized-copia.jpg\" \/>\n\t<meta property=\"og:image:width\" content=\"1008\" \/>\n\t<meta property=\"og:image:height\" content=\"567\" \/>\n\t<meta property=\"og:image:type\" content=\"image\/jpeg\" \/>\n<meta name=\"twitter:card\" content=\"summary_large_image\" \/>\n<meta name=\"twitter:label1\" content=\"Est. reading time\" \/>\n\t<meta name=\"twitter:data1\" content=\"2 minutit\" \/>\n<script type=\"application\/ld+json\" class=\"yoast-schema-graph\">{\"@context\":\"https:\/\/schema.org\",\"@graph\":[{\"@type\":\"WebPage\",\"@id\":\"https:\/\/pistonaddict.com\/et\/product\/porsche-911-carrera-2-cabrio-997\/\",\"url\":\"https:\/\/pistonaddict.com\/et\/product\/porsche-911-carrera-2-cabrio-997\/\",\"name\":\"oksjon - Piston Addict\",\"isPartOf\":{\"@id\":\"https:\/\/pistonaddict.com\/et\/#website\"},\"primaryImageOfPage\":{\"@id\":\"https:\/\/pistonaddict.com\/et\/product\/porsche-911-carrera-2-cabrio-997\/#primaryimage\"},\"image\":{\"@id\":\"https:\/\/pistonaddict.com\/et\/product\/porsche-911-carrera-2-cabrio-997\/#primaryimage\"},\"thumbnailUrl\":\"https:\/\/pistonaddict.com\/wp-content\/uploads\/2023\/10\/20220624_201726_resized-copia.jpg\",\"datePublished\":\"2023-10-06T09:28:15+00:00\",\"dateModified\":\"2023-12-20T08:47:02+00:00\",\"breadcrumb\":{\"@id\":\"https:\/\/pistonaddict.com\/et\/product\/porsche-911-carrera-2-cabrio-997\/#breadcrumb\"},\"inLanguage\":\"et\",\"potentialAction\":[{\"@type\":\"ReadAction\",\"target\":[\"https:\/\/pistonaddict.com\/et\/product\/porsche-911-carrera-2-cabrio-997\/\"]}]},{\"@type\":\"ImageObject\",\"inLanguage\":\"et\",\"@id\":\"https:\/\/pistonaddict.com\/et\/product\/porsche-911-carrera-2-cabrio-997\/#primaryimage\",\"url\":\"https:\/\/pistonaddict.com\/wp-content\/uploads\/2023\/10\/20220624_201726_resized-copia.jpg\",\"contentUrl\":\"https:\/\/pistonaddict.com\/wp-content\/uploads\/2023\/10\/20220624_201726_resized-copia.jpg\",\"width\":1008,\"height\":567},{\"@type\":\"BreadcrumbList\",\"@id\":\"https:\/\/pistonaddict.com\/et\/product\/porsche-911-carrera-2-cabrio-997\/#breadcrumb\",\"itemListElement\":[{\"@type\":\"ListItem\",\"position\":1,\"name\":\"Koduleht\",\"item\":\"https:\/\/pistonaddict.com\/et\/koduleht-2\/\"},{\"@type\":\"ListItem\",\"position\":2,\"name\":\"Auctions\",\"item\":\"https:\/\/pistonaddict.com\/auctions-listing\/\"},{\"@type\":\"ListItem\",\"position\":3,\"name\":\"Porsche 911 Carrera 2 Cabrio (997)\"}]},{\"@type\":\"WebSite\",\"@id\":\"https:\/\/pistonaddict.com\/et\/#website\",\"url\":\"https:\/\/pistonaddict.com\/et\/\",\"name\":\"Piston Addict\",\"description\":\"Only interesting vehicles\",\"publisher\":{\"@id\":\"https:\/\/pistonaddict.com\/et\/#organization\"},\"potentialAction\":[{\"@type\":\"SearchAction\",\"target\":{\"@type\":\"EntryPoint\",\"urlTemplate\":\"https:\/\/pistonaddict.com\/et\/?s={search_term_string}\"},\"query-input\":\"required name=search_term_string\"}],\"inLanguage\":\"et\"},{\"@type\":\"Organization\",\"@id\":\"https:\/\/pistonaddict.com\/et\/#organization\",\"name\":\"Piston Addict\",\"url\":\"https:\/\/pistonaddict.com\/et\/\",\"logo\":{\"@type\":\"ImageObject\",\"inLanguage\":\"et\",\"@id\":\"https:\/\/pistonaddict.com\/et\/#\/schema\/logo\/image\/\",\"url\":\"https:\/\/pistonaddict.com\/wp-content\/uploads\/2022\/07\/logo-6.png\",\"contentUrl\":\"https:\/\/pistonaddict.com\/wp-content\/uploads\/2022\/07\/logo-6.png\",\"width\":970,\"height\":200,\"caption\":\"Piston Addict\"},\"image\":{\"@id\":\"https:\/\/pistonaddict.com\/et\/#\/schema\/logo\/image\/\"}}]}<\/script>\n<!-- \/ Yoast SEO plugin. -->","yoast_head_json":{"title":"oksjon - Piston Addict","robots":{"index":"index","follow":"follow","max-snippet":"max-snippet:-1","max-image-preview":"max-image-preview:large","max-video-preview":"max-video-preview:-1"},"canonical":"https:\/\/pistonaddict.com\/et\/product\/porsche-911-carrera-2-cabrio-997\/","og_locale":"et_EE","og_type":"article","og_title":"oksjon - Piston Addict","og_description":"Porsche 911-l on sportautode maailmas eriline koht. Seda ei peeta enam lihtsalt s\u00f5idukiks, sest see \u00fcletab autot\u00f6\u00f6stuse piirid ja on muutunud kultuuriliseks s\u00fcmboliks ja \u00fclemaailmselt tunnustatud kujuks. L\u00e4bi oma p\u00f5lvkondade on 911 arenenud v\u00e4ikesest sportlikust kupeest t\u00e4nap\u00e4eva luksuslikuks GT-autoks. Oletame siiski, et te ihkate seda h\u00e4davajalikku 911-tunnet, looduslikult sisselastud boksermootori m\u00fcrinat ja puhast s\u00f5idutunnet. Sellisel juhul on 997. p\u00f5lvkond viimane, mis pakub k\u00f5iki neid soovitavaid klassikalisi voorusi kaasaegses pakendis. See on t\u00e4iuslikkus neljarattalisel kabriolettvormil ja manuaalk\u00e4igukastiga.","og_url":"https:\/\/pistonaddict.com\/et\/product\/porsche-911-carrera-2-cabrio-997\/","og_site_name":"Piston Addict","article_modified_time":"2023-12-20T08:47:02+00:00","og_image":[{"width":1008,"height":567,"url":"https:\/\/pistonaddict.com\/wp-content\/uploads\/2023\/10\/20220624_201726_resized-copia.jpg","type":"image\/jpeg"}],"twitter_card":"summary_large_image","twitter_misc":{"Est. reading time":"2 minutit"},"schema":{"@context":"https:\/\/schema.org","@graph":[{"@type":"WebPage","@id":"https:\/\/pistonaddict.com\/et\/product\/porsche-911-carrera-2-cabrio-997\/","url":"https:\/\/pistonaddict.com\/et\/product\/porsche-911-carrera-2-cabrio-997\/","name":"oksjon - Piston Addict","isPartOf":{"@id":"https:\/\/pistonaddict.com\/et\/#website"},"primaryImageOfPage":{"@id":"https:\/\/pistonaddict.com\/et\/product\/porsche-911-carrera-2-cabrio-997\/#primaryimage"},"image":{"@id":"https:\/\/pistonaddict.com\/et\/product\/porsche-911-carrera-2-cabrio-997\/#primaryimage"},"thumbnailUrl":"https:\/\/pistonaddict.com\/wp-content\/uploads\/2023\/10\/20220624_201726_resized-copia.jpg","datePublished":"2023-10-06T09:28:15+00:00","dateModified":"2023-12-20T08:47:02+00:00","breadcrumb":{"@id":"https:\/\/pistonaddict.com\/et\/product\/porsche-911-carrera-2-cabrio-997\/#breadcrumb"},"inLanguage":"et","potentialAction":[{"@type":"ReadAction","target":["https:\/\/pistonaddict.com\/et\/product\/porsche-911-carrera-2-cabrio-997\/"]}]},{"@type":"ImageObject","inLanguage":"et","@id":"https:\/\/pistonaddict.com\/et\/product\/porsche-911-carrera-2-cabrio-997\/#primaryimage","url":"https:\/\/pistonaddict.com\/wp-content\/uploads\/2023\/10\/20220624_201726_resized-copia.jpg","contentUrl":"https:\/\/pistonaddict.com\/wp-content\/uploads\/2023\/10\/20220624_201726_resized-copia.jpg","width":1008,"height":567},{"@type":"BreadcrumbList","@id":"https:\/\/pistonaddict.com\/et\/product\/porsche-911-carrera-2-cabrio-997\/#breadcrumb","itemListElement":[{"@type":"ListItem","position":1,"name":"Koduleht","item":"https:\/\/pistonaddict.com\/et\/koduleht-2\/"},{"@type":"ListItem","position":2,"name":"Auctions","item":"https:\/\/pistonaddict.com\/auctions-listing\/"},{"@type":"ListItem","position":3,"name":"Porsche 911 Carrera 2 Cabrio (997)"}]},{"@type":"WebSite","@id":"https:\/\/pistonaddict.com\/et\/#website","url":"https:\/\/pistonaddict.com\/et\/","name":"Piston Addict","description":"Only interesting vehicles","publisher":{"@id":"https:\/\/pistonaddict.com\/et\/#organization"},"potentialAction":[{"@type":"SearchAction","target":{"@type":"EntryPoint","urlTemplate":"https:\/\/pistonaddict.com\/et\/?s={search_term_string}"},"query-input":"required name=search_term_string"}],"inLanguage":"et"},{"@type":"Organization","@id":"https:\/\/pistonaddict.com\/et\/#organization","name":"Piston Addict","url":"https:\/\/pistonaddict.com\/et\/","logo":{"@type":"ImageObject","inLanguage":"et","@id":"https:\/\/pistonaddict.com\/et\/#\/schema\/logo\/image\/","url":"https:\/\/pistonaddict.com\/wp-content\/uploads\/2022\/07\/logo-6.png","contentUrl":"https:\/\/pistonaddict.com\/wp-content\/uploads\/2022\/07\/logo-6.png","width":970,"height":200,"caption":"Piston Addict"},"image":{"@id":"https:\/\/pistonaddict.com\/et\/#\/schema\/logo\/image\/"}}]}},"_links":{"self":[{"href":"https:\/\/pistonaddict.com\/et\/wp-json\/wp\/v2\/product\/53485"}],"collection":[{"href":"https:\/\/pistonaddict.com\/et\/wp-json\/wp\/v2\/product"}],"about":[{"href":"https:\/\/pistonaddict.com\/et\/wp-json\/wp\/v2\/types\/product"}],"replies":[{"embeddable":true,"href":"https:\/\/pistonaddict.com\/et\/wp-json\/wp\/v2\/comments?post=53485"}],"wp:featuredmedia":[{"embeddable":true,"href":"https:\/\/pistonaddict.com\/et\/wp-json\/wp\/v2\/media\/53266"}],"wp:attachment":[{"href":"https:\/\/pistonaddict.com\/et\/wp-json\/wp\/v2\/media?parent=53485"}],"wp:term":[{"taxonomy":"product_cat","embeddable":true,"href":"https:\/\/pistonaddict.com\/et\/wp-json\/wp\/v2\/product_cat?post=53485"},{"taxonomy":"product_tag","embeddable":true,"href":"https:\/\/pistonaddict.com\/et\/wp-json\/wp\/v2\/product_tag?post=53485"}],"curies":[{"name":"wp","href":"https:\/\/api.w.org\/{rel}","templated":true}]}}