{"id":47825,"date":"2024-01-16T09:00:29","date_gmt":"2024-01-16T08:00:29","guid":{"rendered":"https:\/\/pistonaddict.com\/product\/morgan-roadster-v6-3-0\/"},"modified":"2024-03-20T09:43:35","modified_gmt":"2024-03-20T08:43:35","slug":"morgan-roadster-v6-3-0","status":"publish","type":"product","link":"https:\/\/pistonaddict.com\/et\/product\/morgan-roadster-v6-3-0\/","title":{"rendered":"Morgan Roadster V6 3.0"},"content":{"rendered":"<p><strong>Auto ajalugu<\/strong><\/p>\n<p>Selle elegantse roadsteri praegune omanik omandas auto 2010. aastal, kui see oli k\u00f5igest kolm aastat vana. See tarniti uuena ja veetis kogu oma elu Hispaanias, kus seda kasutati l\u00f5\u00f5gastavateks s\u00f5itudeks piki rannikut. See Morgani auv\u00e4\u00e4rse roadsteri p\u00f5lvkond esitleti 2004. aastal ja kuigi see oli v\u00e4ljastpoolt peaaegu eristamatu, on selle pika kapoti all v\u00e4ga teretulnud edasiminek &#8211; Fordi 3,0-liitrine Duratec V6. Fordi V6 on 24 klapi, kaasaegse konstruktsiooni ja v\u00f5rratu t\u00f6\u00f6kindlusega peaaegu igas m\u00f5ttes parem kui vana Roveri V8, mida Morgan kasutas. See mootor annab arvestatavad 223 hobuj\u00f5udu ja kuna V6 on V8-st l\u00fchem, asub see rohkem auto keskel, mis muudab auto juhitavuse paremaks. Nagu te ilmselt teate, on Morgani ainulaadse s\u00f5idud\u00fcnaamika \u00fcks saladusi selle osaliselt puidust valmistatud \u0161assii. Seega, kui teil on veidi alla tonni kaaluv roadster, siis on teil elav s\u00f5idukogemus ja te m\u00e4rkate iga detaili, kuidas see s\u00f5idab, kiirendab ja juhitav on. Ja muide, see j\u00f5uab 100 km\/h 5,5 sekundiga, mis teeb selle s\u00f5idu v\u00e4ga p\u00f5nevaks.<\/p>\n<p><strong>Tingimus<\/strong><\/p>\n<p>See Morgan Roadster on l\u00e4binud veidi \u00fcle 41 000 kilomeetri ja tal on kaks omanikku alates uuest aastast. \u00dcldine seisund on v\u00e4ga hea, ilma kahjustuste, avariide v\u00f5i v\u00e4lise remondita. Seda hooldati korrap\u00e4raselt, ilma mootori, kere v\u00f5i vedrustuse muudatusteta. Omanik tegi hiljuti \u00fclevaatuse piduritele ja tegi \u00f5lianal\u00fc\u00fcsi, mis oli negatiivne, mis t\u00e4hendab, et mootor on ideaalses korras. See on ootusp\u00e4rane, sest Fordi 3,0-liitrine V6 on tuntud oma vastupidavuse ja pikaealisuse poolest.<\/p>\n<p><strong>Sisustus<\/strong><\/p>\n<p>Morgan Roadsteri \u00fcks parimaid omadusi oli selle klassikaline, kuid elegantne interj\u00f6\u00f6r, mida on antud juhul t\u00e4iendatud legendaarse Moto-Lita puidust rooliga. Puidust armatuurlaual on t\u00e4ielik instrumentaarium, audios\u00fcsteem ja kell. Samal ajal on istmed polsterdatud kauni bee\u017ei nahaga, mis on ideaalses seisukorras ja sobib ideaalselt v\u00e4lisv\u00e4rviga. Must kabriolett-top on samuti v\u00e4ga heas korras ja harva kasutatud, kuna s\u00f5idukit hoitakse garaa\u017eis ja s\u00f5idetakse ilusa ilmaga. Kaasas on ka Morgani originaalne sisekate.<\/p>\n<p><strong>V\u00e4limus ja rattad<\/strong><\/p>\n<p>Ametlikult nimetatakse seda Morganit Connaught Green&#8217;iks, kuid kuulsam on BRG (British Racing Green), ja see Morgan on viimistletud k\u00f5ige ihaldusv\u00e4\u00e4rsemas v\u00e4rvitoonis. Klassikaline tume toon, mis sobib suurep\u00e4raselt bee\u017ei interj\u00f6\u00f6riga, on iga klassikalise briti roadsteri jaoks parim valik. Kere on t\u00e4iuslikus korras, ilma kriimustuste ja v\u00e4rvimuutusteta ning p\u00f5nevate detailidega, nagu udutuled, m\u00e4rgid ja nahkrihmad, mis hoiavad kapotit paigal (kapotil olev kleebis on kergesti eemaldatav). V\u00e4ljan\u00e4gemise l\u00f5petavad 18-tollised traadist veljed, mis on \u00fcmbritsetud Yokohama rehvidega, ning tagumisele k\u00fcljele paigaldatud t\u00e4issuuruses varuratas. Veljed v\u00f5ivad tunduda olevat 40ndatest aastatest, kuid need on t\u00e4iesti uued ja armastusega taasluustatud esemed, mis on loodud kaasaegse kummi jaoks.<\/p>\n<p><strong>Dokumentatsioon<\/strong><\/p>\n<p>Tegemist on asjakohase dokumentatsiooniga eraomanduses oleva s\u00f5idukiga, mis asub Palma de Mallorcal, Hispaanias. Aruanded on puhtad; puuduvad t\u00f5endid \u00f5nnetuste, \u00f5nnetusjuhtumite remondi, omandi\u00f5iguse v\u00f5i juriidiliste probleemide kohta. Regulaarse hoolduse andmed ulatuvad tagasi aastasse 2020.<br \/>\nSelle Morgan Roadster V6 kabrioleti CarFaxi saate vaadata <a href=\"https:\/\/pistonaddict.com\/wp-content\/uploads\/2023\/08\/CARFAX-Vehicle-History-Report-MORGAN-ROADSTER-Convertible-2007.pdf\">siit<\/a>. <strong>Hispaania MOT (ITV) l\u00e4bitud ja kehtib kuni 4. augustini 2024.<\/strong><\/p>\n<p><strong>Varustus ja lisavarustus<\/strong><\/p>\n<p>&#8211; Motolita klassikaline puidust rooliratas<br \/>\n&#8211; Puidust armatuurlaud<br \/>\n&#8211; Terasest k\u00e4iguvahetusnupp<br \/>\n&#8211; K\u00fcljetaskud nahast ustes<br \/>\n&#8211; Morgani kilbi ristvarraste kaunistused<br \/>\n&#8211; Morgani kilbiga siselukkude liistud<br \/>\n&#8211; Kell<br \/>\n&#8211; Raadio CD\/MP3 Blaupunkt<br \/>\n&#8211; 2 t\u00e4iendavat esilaternat<br \/>\n&#8211; Sisemine nahast v\u00f6\u00f6 vooderdatud lambanahaga kapoti peal<br \/>\n&#8211; Mustast nahast p\u00e4ikesevarjud<br \/>\n&#8211; Vargusevastane aku eraldaja<br \/>\n&#8211; Esiosa riba m\u00e4rkide\/kilpide jaoks<br \/>\n&#8211; Mustast nahast kapuutsi kate Morgani kilbiga<br \/>\n&#8211; 2 musta nahast katet metakr\u00fc\u00fclakendele koos Morgani kilbiga<br \/>\n&#8211; Auto sisekate (sinine kangas) koos Morgani kaitsekilbiga<\/p>\n<p><strong>Vaadake selle kauni Morgan Roadster V6 kabriolett k\u00fclmalt k\u00e4ivitamise videot :<\/strong><\/p>\n<p><iframe title=\"Cold Start : Morgan Roadster V6 3.0 on PistonAddict.com\" width=\"1200\" height=\"675\" src=\"https:\/\/www.youtube.com\/embed\/yLSfe-ePOFg?start=29&#038;feature=oembed\" frameborder=\"0\" allow=\"accelerometer; autoplay; clipboard-write; encrypted-media; gyroscope; picture-in-picture; web-share\" allowfullscreen><\/iframe><\/p>\n","protected":false},"excerpt":{"rendered":"<p>Paljudest \u00dchendkuningriigi klassikutest on Morgan Roadster vaieldamatult ja olemuslikult briti v\u00f5lu kehastus autode kujul. Ajatu disainiga, mis p\u00e4rineb roadsterite algusaegadest ja 1950. aastast saadik katkematu mudeliliiniga, on kaasaegne Morgan Plus Six vastupandamatu kombinatsioon unikaalsest konstruktsioonist, eritellimusel ja k\u00e4sitsi valmistatud toodangust ning v\u00f5imsast V6 mootorist, mis muudab selle heauskse klassiku v\u00f5imekaks avatud katusega sportautoks.<\/p>\n","protected":false},"featured_media":46728,"comment_status":"open","ping_status":"closed","template":"","meta":{"inline_featured_image":false},"product_cat":[736],"product_tag":[2002,1999,960,1990,1994],"acf":[],"yoast_head":"<!-- This site is optimized with the Yoast SEO plugin v22.5 - https:\/\/yoast.com\/wordpress\/plugins\/seo\/ -->\n<title>oksjon - Piston Addict<\/title>\n<meta name=\"description\" content=\"Awesome Morgan Roadster V6 3.0 aastast 2007 suurep\u00e4rases seisukorras oksjonil m\u00fc\u00fcgil PistonAddict.com\" \/>\n<meta name=\"robots\" content=\"index, follow, max-snippet:-1, max-image-preview:large, max-video-preview:-1\" \/>\n<link rel=\"canonical\" href=\"https:\/\/pistonaddict.com\/et\/product\/morgan-roadster-v6-3-0\/\" \/>\n<meta property=\"og:locale\" content=\"et_EE\" \/>\n<meta property=\"og:type\" content=\"article\" \/>\n<meta property=\"og:title\" content=\"oksjon - Piston Addict\" \/>\n<meta property=\"og:description\" content=\"Awesome Morgan Roadster V6 3.0 aastast 2007 suurep\u00e4rases seisukorras oksjonil m\u00fc\u00fcgil PistonAddict.com\" \/>\n<meta property=\"og:url\" content=\"https:\/\/pistonaddict.com\/et\/product\/morgan-roadster-v6-3-0\/\" \/>\n<meta property=\"og:site_name\" content=\"Piston Addict\" \/>\n<meta property=\"article:modified_time\" content=\"2024-03-20T08:43:35+00:00\" \/>\n<meta property=\"og:image\" content=\"https:\/\/pistonaddict.com\/wp-content\/uploads\/2023\/08\/DSC0169-scaled.jpg\" \/>\n\t<meta property=\"og:image:width\" content=\"2560\" \/>\n\t<meta property=\"og:image:height\" content=\"1707\" \/>\n\t<meta property=\"og:image:type\" content=\"image\/jpeg\" \/>\n<meta name=\"twitter:card\" content=\"summary_large_image\" \/>\n<meta name=\"twitter:label1\" content=\"Est. reading time\" \/>\n\t<meta name=\"twitter:data1\" content=\"3 minutit\" \/>\n<script type=\"application\/ld+json\" class=\"yoast-schema-graph\">{\"@context\":\"https:\/\/schema.org\",\"@graph\":[{\"@type\":\"WebPage\",\"@id\":\"https:\/\/pistonaddict.com\/et\/product\/morgan-roadster-v6-3-0\/\",\"url\":\"https:\/\/pistonaddict.com\/et\/product\/morgan-roadster-v6-3-0\/\",\"name\":\"oksjon - Piston Addict\",\"isPartOf\":{\"@id\":\"https:\/\/pistonaddict.com\/et\/#website\"},\"primaryImageOfPage\":{\"@id\":\"https:\/\/pistonaddict.com\/et\/product\/morgan-roadster-v6-3-0\/#primaryimage\"},\"image\":{\"@id\":\"https:\/\/pistonaddict.com\/et\/product\/morgan-roadster-v6-3-0\/#primaryimage\"},\"thumbnailUrl\":\"https:\/\/pistonaddict.com\/wp-content\/uploads\/2023\/08\/DSC0169-scaled.jpg\",\"datePublished\":\"2024-01-16T08:00:29+00:00\",\"dateModified\":\"2024-03-20T08:43:35+00:00\",\"description\":\"Awesome Morgan Roadster V6 3.0 aastast 2007 suurep\u00e4rases seisukorras oksjonil m\u00fc\u00fcgil PistonAddict.com\",\"breadcrumb\":{\"@id\":\"https:\/\/pistonaddict.com\/et\/product\/morgan-roadster-v6-3-0\/#breadcrumb\"},\"inLanguage\":\"et\",\"potentialAction\":[{\"@type\":\"ReadAction\",\"target\":[\"https:\/\/pistonaddict.com\/et\/product\/morgan-roadster-v6-3-0\/\"]}]},{\"@type\":\"ImageObject\",\"inLanguage\":\"et\",\"@id\":\"https:\/\/pistonaddict.com\/et\/product\/morgan-roadster-v6-3-0\/#primaryimage\",\"url\":\"https:\/\/pistonaddict.com\/wp-content\/uploads\/2023\/08\/DSC0169-scaled.jpg\",\"contentUrl\":\"https:\/\/pistonaddict.com\/wp-content\/uploads\/2023\/08\/DSC0169-scaled.jpg\",\"width\":2560,\"height\":1707},{\"@type\":\"BreadcrumbList\",\"@id\":\"https:\/\/pistonaddict.com\/et\/product\/morgan-roadster-v6-3-0\/#breadcrumb\",\"itemListElement\":[{\"@type\":\"ListItem\",\"position\":1,\"name\":\"Koduleht\",\"item\":\"https:\/\/pistonaddict.com\/et\/koduleht-2\/\"},{\"@type\":\"ListItem\",\"position\":2,\"name\":\"Auctions\",\"item\":\"https:\/\/pistonaddict.com\/auctions-listing\/\"},{\"@type\":\"ListItem\",\"position\":3,\"name\":\"Morgan Roadster V6 3.0\"}]},{\"@type\":\"WebSite\",\"@id\":\"https:\/\/pistonaddict.com\/et\/#website\",\"url\":\"https:\/\/pistonaddict.com\/et\/\",\"name\":\"Piston Addict\",\"description\":\"Only interesting vehicles\",\"publisher\":{\"@id\":\"https:\/\/pistonaddict.com\/et\/#organization\"},\"potentialAction\":[{\"@type\":\"SearchAction\",\"target\":{\"@type\":\"EntryPoint\",\"urlTemplate\":\"https:\/\/pistonaddict.com\/et\/?s={search_term_string}\"},\"query-input\":\"required name=search_term_string\"}],\"inLanguage\":\"et\"},{\"@type\":\"Organization\",\"@id\":\"https:\/\/pistonaddict.com\/et\/#organization\",\"name\":\"Piston Addict\",\"url\":\"https:\/\/pistonaddict.com\/et\/\",\"logo\":{\"@type\":\"ImageObject\",\"inLanguage\":\"et\",\"@id\":\"https:\/\/pistonaddict.com\/et\/#\/schema\/logo\/image\/\",\"url\":\"https:\/\/pistonaddict.com\/wp-content\/uploads\/2022\/07\/logo-6.png\",\"contentUrl\":\"https:\/\/pistonaddict.com\/wp-content\/uploads\/2022\/07\/logo-6.png\",\"width\":970,\"height\":200,\"caption\":\"Piston Addict\"},\"image\":{\"@id\":\"https:\/\/pistonaddict.com\/et\/#\/schema\/logo\/image\/\"}}]}<\/script>\n<!-- \/ Yoast SEO plugin. -->","yoast_head_json":{"title":"oksjon - Piston Addict","description":"Awesome Morgan Roadster V6 3.0 aastast 2007 suurep\u00e4rases seisukorras oksjonil m\u00fc\u00fcgil PistonAddict.com","robots":{"index":"index","follow":"follow","max-snippet":"max-snippet:-1","max-image-preview":"max-image-preview:large","max-video-preview":"max-video-preview:-1"},"canonical":"https:\/\/pistonaddict.com\/et\/product\/morgan-roadster-v6-3-0\/","og_locale":"et_EE","og_type":"article","og_title":"oksjon - Piston Addict","og_description":"Awesome Morgan Roadster V6 3.0 aastast 2007 suurep\u00e4rases seisukorras oksjonil m\u00fc\u00fcgil PistonAddict.com","og_url":"https:\/\/pistonaddict.com\/et\/product\/morgan-roadster-v6-3-0\/","og_site_name":"Piston Addict","article_modified_time":"2024-03-20T08:43:35+00:00","og_image":[{"width":2560,"height":1707,"url":"https:\/\/pistonaddict.com\/wp-content\/uploads\/2023\/08\/DSC0169-scaled.jpg","type":"image\/jpeg"}],"twitter_card":"summary_large_image","twitter_misc":{"Est. reading time":"3 minutit"},"schema":{"@context":"https:\/\/schema.org","@graph":[{"@type":"WebPage","@id":"https:\/\/pistonaddict.com\/et\/product\/morgan-roadster-v6-3-0\/","url":"https:\/\/pistonaddict.com\/et\/product\/morgan-roadster-v6-3-0\/","name":"oksjon - Piston Addict","isPartOf":{"@id":"https:\/\/pistonaddict.com\/et\/#website"},"primaryImageOfPage":{"@id":"https:\/\/pistonaddict.com\/et\/product\/morgan-roadster-v6-3-0\/#primaryimage"},"image":{"@id":"https:\/\/pistonaddict.com\/et\/product\/morgan-roadster-v6-3-0\/#primaryimage"},"thumbnailUrl":"https:\/\/pistonaddict.com\/wp-content\/uploads\/2023\/08\/DSC0169-scaled.jpg","datePublished":"2024-01-16T08:00:29+00:00","dateModified":"2024-03-20T08:43:35+00:00","description":"Awesome Morgan Roadster V6 3.0 aastast 2007 suurep\u00e4rases seisukorras oksjonil m\u00fc\u00fcgil PistonAddict.com","breadcrumb":{"@id":"https:\/\/pistonaddict.com\/et\/product\/morgan-roadster-v6-3-0\/#breadcrumb"},"inLanguage":"et","potentialAction":[{"@type":"ReadAction","target":["https:\/\/pistonaddict.com\/et\/product\/morgan-roadster-v6-3-0\/"]}]},{"@type":"ImageObject","inLanguage":"et","@id":"https:\/\/pistonaddict.com\/et\/product\/morgan-roadster-v6-3-0\/#primaryimage","url":"https:\/\/pistonaddict.com\/wp-content\/uploads\/2023\/08\/DSC0169-scaled.jpg","contentUrl":"https:\/\/pistonaddict.com\/wp-content\/uploads\/2023\/08\/DSC0169-scaled.jpg","width":2560,"height":1707},{"@type":"BreadcrumbList","@id":"https:\/\/pistonaddict.com\/et\/product\/morgan-roadster-v6-3-0\/#breadcrumb","itemListElement":[{"@type":"ListItem","position":1,"name":"Koduleht","item":"https:\/\/pistonaddict.com\/et\/koduleht-2\/"},{"@type":"ListItem","position":2,"name":"Auctions","item":"https:\/\/pistonaddict.com\/auctions-listing\/"},{"@type":"ListItem","position":3,"name":"Morgan Roadster V6 3.0"}]},{"@type":"WebSite","@id":"https:\/\/pistonaddict.com\/et\/#website","url":"https:\/\/pistonaddict.com\/et\/","name":"Piston Addict","description":"Only interesting vehicles","publisher":{"@id":"https:\/\/pistonaddict.com\/et\/#organization"},"potentialAction":[{"@type":"SearchAction","target":{"@type":"EntryPoint","urlTemplate":"https:\/\/pistonaddict.com\/et\/?s={search_term_string}"},"query-input":"required name=search_term_string"}],"inLanguage":"et"},{"@type":"Organization","@id":"https:\/\/pistonaddict.com\/et\/#organization","name":"Piston Addict","url":"https:\/\/pistonaddict.com\/et\/","logo":{"@type":"ImageObject","inLanguage":"et","@id":"https:\/\/pistonaddict.com\/et\/#\/schema\/logo\/image\/","url":"https:\/\/pistonaddict.com\/wp-content\/uploads\/2022\/07\/logo-6.png","contentUrl":"https:\/\/pistonaddict.com\/wp-content\/uploads\/2022\/07\/logo-6.png","width":970,"height":200,"caption":"Piston Addict"},"image":{"@id":"https:\/\/pistonaddict.com\/et\/#\/schema\/logo\/image\/"}}]}},"_links":{"self":[{"href":"https:\/\/pistonaddict.com\/et\/wp-json\/wp\/v2\/product\/47825"}],"collection":[{"href":"https:\/\/pistonaddict.com\/et\/wp-json\/wp\/v2\/product"}],"about":[{"href":"https:\/\/pistonaddict.com\/et\/wp-json\/wp\/v2\/types\/product"}],"replies":[{"embeddable":true,"href":"https:\/\/pistonaddict.com\/et\/wp-json\/wp\/v2\/comments?post=47825"}],"wp:featuredmedia":[{"embeddable":true,"href":"https:\/\/pistonaddict.com\/et\/wp-json\/wp\/v2\/media\/46728"}],"wp:attachment":[{"href":"https:\/\/pistonaddict.com\/et\/wp-json\/wp\/v2\/media?parent=47825"}],"wp:term":[{"taxonomy":"product_cat","embeddable":true,"href":"https:\/\/pistonaddict.com\/et\/wp-json\/wp\/v2\/product_cat?post=47825"},{"taxonomy":"product_tag","embeddable":true,"href":"https:\/\/pistonaddict.com\/et\/wp-json\/wp\/v2\/product_tag?post=47825"}],"curies":[{"name":"wp","href":"https:\/\/api.w.org\/{rel}","templated":true}]}}