{"id":45993,"date":"2023-06-16T15:02:15","date_gmt":"2023-06-16T13:02:15","guid":{"rendered":"https:\/\/pistonaddict.com\/product\/audi-r8-v10-red-dynamite\/"},"modified":"2023-12-20T09:44:59","modified_gmt":"2023-12-20T08:44:59","slug":"audi-r8-v10-red-dynamite","status":"publish","type":"product","link":"https:\/\/pistonaddict.com\/et\/product\/audi-r8-v10-red-dynamite\/","title":{"rendered":"Audi R8 V10 Red Dynamite"},"content":{"rendered":"<h2>V\u00e4ljaspool<\/h2>\n<p>See helepunase viimistluse ja mustade detailidega, helepunaseks v\u00e4rvitud Audi R8 ei j\u00e4\u00e4 m\u00e4rkamatuks, kus iganes ta ka ei ilmuks. Lisaks suurendavad v\u00e4limust sellised asjad nagu kroomitud v\u00f5re ja s\u00fcsinikkiust peeglikatted. Aga ausalt \u00f6eldes on R8 \u00fcksk\u00f5ik millises v\u00e4rvitoonis ja s\u00f5ltumata selliste detailide olemasolust, vapustav auto.<\/p>\n<p>Kokkuv\u00f5ttes on Saksa disainerid saavutanud R8 puhul peaaegu t\u00e4iusliku segu agressiivsusest ja delikaatsusest. Raske uskuda, et selle all on enam-v\u00e4hem Lamborgini Aventador, mis on palju uhkem ja uhkeldavam. Seega, kui otsite v\u00f5imekat sportautot, kuid ei soovi n\u00e4ida uhkeldavana, on R8 \u00fcks parimaid valikuid. M\u00f5ned \u00fclej\u00e4\u00e4nud t\u00e4helepanuv\u00e4\u00e4rsed detailid, mida see 2-kohaline auto pakub, on massiivne tagumine spoiler ja tehases paigaldatud 20-tollised veljed koos uhiuue Good Year Eagle&#8217;i rehvidega.<\/p>\n<h2>Sisustus<\/h2>\n<p>Selle konkreetse R8 sisemuses domineerib musta naha, punaste \u00f5mbluste ja s\u00fcsinikkiust kaunistuste kombinatsioon. Istmed, mis n\u00e4evad v\u00e4lja, nagu oleksid just tehasest v\u00e4ljunud, on samal ajal toetavad ja mugavad. Seej\u00e4rel on nahk\u00fcmbrisega 3-sokaline rool, millel on k\u00f5igi oluliste funktsioonide juhtnupud. See h\u00f5lmab lisaks tavalistele, n\u00e4iteks stereo- v\u00f5i reisiarvutite nuppudele ka s\u00f5idure\u017eiimi valimise, k\u00e4ivitamise juhtimise ja v\u00e4ljalaskeseadme h\u00e4\u00e4lestamise nuppu.<\/p>\n<p>Rooli taga on digitaalne instrumentaarium, mis lisaks p\u00f5hiteabele v\u00f5ib n\u00e4idata palju muudki. See h\u00f5lmab navigatsiooni, tahavaatekaamerat ja stereo, mille muide valmistab maailmakuulus Bang&amp;Olufsen.<\/p>\n<h2>Mehaanika<\/h2>\n<p>Selle teise p\u00f5lvkonna R8 peene ja elegantse naha all on alumiiniumist ja s\u00fcsinikkiust valmistatud j\u00e4igem ja kergem \u0161assii. Kuid selle auto k\u00f5ige olulisem osa on ootusp\u00e4raselt selle mootor, v\u00f5imas 5,2-liitrine V10. Ja kuna tegemist on sellega, mida Audi nimetab Plus-mudeliks, toodab see 610 hobuj\u00f5udu ja 560 Nm p\u00f6\u00f6rdemomenti, mis antakse k\u00f5igile ratastele \u00fcle Quattro s\u00fcsteemi ja 7-k\u00e4igulise automaatk\u00e4igukasti kaudu. K\u00f5ige selle juures kiirendab see R8 0-100 umbes 3 sekundiga ja saavutab 329 km\/h tippkiiruse. Ja selleks, et tagada kogu selle kiirusega vastav pidurdusv\u00f5ime, on k\u00f5ikjal massiivsed pidurid.<\/p>\n<h2>S\u00f5iduki ajalugu<\/h2>\n<p>M\u00fc\u00fcja andmetel on seda Audi R8 viimati hooldatud oktoobris 2022, kusjuures pidurid on remonditud vaid m\u00f5ned p\u00e4evad tagasi. Lisaks puuduvad armatuurlaual teadaolevad vead v\u00f5i hoiatused. L\u00f5puks, esitatud fotode p\u00f5hjal otsustades, ei ole kere puudusi, millest v\u00f5iks teatada.<\/p>\n<p>&nbsp;<\/p>\n<p><strong>Selle esmaklassilise s\u00f5iduki oksjonile p\u00e4\u00e4semiseks on vajalik krediitkaardi j\u00e4ljend\/k\u00e4ttesaadavus.<\/strong><\/p>\n","protected":false},"excerpt":{"rendered":"<p>Siin m\u00fc\u00fcgil olev auto on vaieldamatult \u00fcks oma klassi parimaid mudeleid &#8211; ikooniline Audi R8. See oli ja on endiselt Ingolstadti tootja esimene katse superautode turul, mis osutus v\u00e4ga edukaks. Vastavalt m\u00fc\u00fcja, see s\u00f5iduk on t\u00e4ielikult hooldatud ja ei ole olnud \u00fchtegi \u00f5nnetust, koos sobiva CarVertical aruande, mis toetab seda \u00fcles. Pealegi on see seni l\u00e4binud v\u00e4hem kui 50 000 km, mis ei ole sellise auto puhul palju. L\u00f5puks, see 2015. aasta <strong>Audi R8 V10 plus Quattro <\/strong>asub praegu Belgias, kus see on registreeritud alates uuest aastast. V\u00f5ite teha pakkumise selle auto kohta, <a href=\"https:\/\/pistonaddict.com\/contact-us\/\">v\u00f5ttes meiega \u00fchendust<\/a>.<\/p>\n","protected":false},"featured_media":43346,"comment_status":"open","ping_status":"closed","template":"","meta":{"inline_featured_image":false},"product_cat":[736],"product_tag":[1931,1935,925],"acf":[],"yoast_head":"<!-- This site is optimized with the Yoast SEO plugin v22.5 - https:\/\/yoast.com\/wordpress\/plugins\/seo\/ -->\n<title>oksjon - Piston Addict<\/title>\n<meta name=\"description\" content=\"Auto, mis on siin oksjonil m\u00fc\u00fcgil, on vaieldamatult \u00fcks oma klassi parimaid mudeleid - ikooniline Audi R8 V10.\" \/>\n<meta name=\"robots\" content=\"index, follow, max-snippet:-1, max-image-preview:large, max-video-preview:-1\" \/>\n<link rel=\"canonical\" href=\"https:\/\/pistonaddict.com\/et\/product\/audi-r8-v10-red-dynamite\/\" \/>\n<meta property=\"og:locale\" content=\"et_EE\" \/>\n<meta property=\"og:type\" content=\"article\" \/>\n<meta property=\"og:title\" content=\"oksjon - Piston Addict\" \/>\n<meta property=\"og:description\" content=\"Auto, mis on siin oksjonil m\u00fc\u00fcgil, on vaieldamatult \u00fcks oma klassi parimaid mudeleid - ikooniline Audi R8 V10.\" \/>\n<meta property=\"og:url\" content=\"https:\/\/pistonaddict.com\/et\/product\/audi-r8-v10-red-dynamite\/\" \/>\n<meta property=\"og:site_name\" content=\"Piston Addict\" \/>\n<meta property=\"article:modified_time\" content=\"2023-12-20T08:44:59+00:00\" \/>\n<meta property=\"og:image\" content=\"https:\/\/pistonaddict.com\/wp-content\/uploads\/2023\/06\/DSC_0412.jpg\" \/>\n\t<meta property=\"og:image:width\" content=\"2048\" \/>\n\t<meta property=\"og:image:height\" content=\"1365\" \/>\n\t<meta property=\"og:image:type\" content=\"image\/jpeg\" \/>\n<meta name=\"twitter:card\" content=\"summary_large_image\" \/>\n<meta name=\"twitter:label1\" content=\"Est. reading time\" \/>\n\t<meta name=\"twitter:data1\" content=\"2 minutit\" \/>\n<script type=\"application\/ld+json\" class=\"yoast-schema-graph\">{\"@context\":\"https:\/\/schema.org\",\"@graph\":[{\"@type\":\"WebPage\",\"@id\":\"https:\/\/pistonaddict.com\/et\/product\/audi-r8-v10-red-dynamite\/\",\"url\":\"https:\/\/pistonaddict.com\/et\/product\/audi-r8-v10-red-dynamite\/\",\"name\":\"oksjon - Piston Addict\",\"isPartOf\":{\"@id\":\"https:\/\/pistonaddict.com\/et\/#website\"},\"primaryImageOfPage\":{\"@id\":\"https:\/\/pistonaddict.com\/et\/product\/audi-r8-v10-red-dynamite\/#primaryimage\"},\"image\":{\"@id\":\"https:\/\/pistonaddict.com\/et\/product\/audi-r8-v10-red-dynamite\/#primaryimage\"},\"thumbnailUrl\":\"https:\/\/pistonaddict.com\/wp-content\/uploads\/2023\/06\/DSC_0412.jpg\",\"datePublished\":\"2023-06-16T13:02:15+00:00\",\"dateModified\":\"2023-12-20T08:44:59+00:00\",\"description\":\"Auto, mis on siin oksjonil m\u00fc\u00fcgil, on vaieldamatult \u00fcks oma klassi parimaid mudeleid - ikooniline Audi R8 V10.\",\"breadcrumb\":{\"@id\":\"https:\/\/pistonaddict.com\/et\/product\/audi-r8-v10-red-dynamite\/#breadcrumb\"},\"inLanguage\":\"et\",\"potentialAction\":[{\"@type\":\"ReadAction\",\"target\":[\"https:\/\/pistonaddict.com\/et\/product\/audi-r8-v10-red-dynamite\/\"]}]},{\"@type\":\"ImageObject\",\"inLanguage\":\"et\",\"@id\":\"https:\/\/pistonaddict.com\/et\/product\/audi-r8-v10-red-dynamite\/#primaryimage\",\"url\":\"https:\/\/pistonaddict.com\/wp-content\/uploads\/2023\/06\/DSC_0412.jpg\",\"contentUrl\":\"https:\/\/pistonaddict.com\/wp-content\/uploads\/2023\/06\/DSC_0412.jpg\",\"width\":2048,\"height\":1365},{\"@type\":\"BreadcrumbList\",\"@id\":\"https:\/\/pistonaddict.com\/et\/product\/audi-r8-v10-red-dynamite\/#breadcrumb\",\"itemListElement\":[{\"@type\":\"ListItem\",\"position\":1,\"name\":\"Koduleht\",\"item\":\"https:\/\/pistonaddict.com\/et\/koduleht-2\/\"},{\"@type\":\"ListItem\",\"position\":2,\"name\":\"Auctions\",\"item\":\"https:\/\/pistonaddict.com\/auctions-listing\/\"},{\"@type\":\"ListItem\",\"position\":3,\"name\":\"Audi R8 V10 Red Dynamite\"}]},{\"@type\":\"WebSite\",\"@id\":\"https:\/\/pistonaddict.com\/et\/#website\",\"url\":\"https:\/\/pistonaddict.com\/et\/\",\"name\":\"Piston Addict\",\"description\":\"Only interesting vehicles\",\"publisher\":{\"@id\":\"https:\/\/pistonaddict.com\/et\/#organization\"},\"potentialAction\":[{\"@type\":\"SearchAction\",\"target\":{\"@type\":\"EntryPoint\",\"urlTemplate\":\"https:\/\/pistonaddict.com\/et\/?s={search_term_string}\"},\"query-input\":\"required name=search_term_string\"}],\"inLanguage\":\"et\"},{\"@type\":\"Organization\",\"@id\":\"https:\/\/pistonaddict.com\/et\/#organization\",\"name\":\"Piston Addict\",\"url\":\"https:\/\/pistonaddict.com\/et\/\",\"logo\":{\"@type\":\"ImageObject\",\"inLanguage\":\"et\",\"@id\":\"https:\/\/pistonaddict.com\/et\/#\/schema\/logo\/image\/\",\"url\":\"https:\/\/pistonaddict.com\/wp-content\/uploads\/2022\/07\/logo-6.png\",\"contentUrl\":\"https:\/\/pistonaddict.com\/wp-content\/uploads\/2022\/07\/logo-6.png\",\"width\":970,\"height\":200,\"caption\":\"Piston Addict\"},\"image\":{\"@id\":\"https:\/\/pistonaddict.com\/et\/#\/schema\/logo\/image\/\"}}]}<\/script>\n<!-- \/ Yoast SEO plugin. -->","yoast_head_json":{"title":"oksjon - Piston Addict","description":"Auto, mis on siin oksjonil m\u00fc\u00fcgil, on vaieldamatult \u00fcks oma klassi parimaid mudeleid - ikooniline Audi R8 V10.","robots":{"index":"index","follow":"follow","max-snippet":"max-snippet:-1","max-image-preview":"max-image-preview:large","max-video-preview":"max-video-preview:-1"},"canonical":"https:\/\/pistonaddict.com\/et\/product\/audi-r8-v10-red-dynamite\/","og_locale":"et_EE","og_type":"article","og_title":"oksjon - Piston Addict","og_description":"Auto, mis on siin oksjonil m\u00fc\u00fcgil, on vaieldamatult \u00fcks oma klassi parimaid mudeleid - ikooniline Audi R8 V10.","og_url":"https:\/\/pistonaddict.com\/et\/product\/audi-r8-v10-red-dynamite\/","og_site_name":"Piston Addict","article_modified_time":"2023-12-20T08:44:59+00:00","og_image":[{"width":2048,"height":1365,"url":"https:\/\/pistonaddict.com\/wp-content\/uploads\/2023\/06\/DSC_0412.jpg","type":"image\/jpeg"}],"twitter_card":"summary_large_image","twitter_misc":{"Est. reading time":"2 minutit"},"schema":{"@context":"https:\/\/schema.org","@graph":[{"@type":"WebPage","@id":"https:\/\/pistonaddict.com\/et\/product\/audi-r8-v10-red-dynamite\/","url":"https:\/\/pistonaddict.com\/et\/product\/audi-r8-v10-red-dynamite\/","name":"oksjon - Piston Addict","isPartOf":{"@id":"https:\/\/pistonaddict.com\/et\/#website"},"primaryImageOfPage":{"@id":"https:\/\/pistonaddict.com\/et\/product\/audi-r8-v10-red-dynamite\/#primaryimage"},"image":{"@id":"https:\/\/pistonaddict.com\/et\/product\/audi-r8-v10-red-dynamite\/#primaryimage"},"thumbnailUrl":"https:\/\/pistonaddict.com\/wp-content\/uploads\/2023\/06\/DSC_0412.jpg","datePublished":"2023-06-16T13:02:15+00:00","dateModified":"2023-12-20T08:44:59+00:00","description":"Auto, mis on siin oksjonil m\u00fc\u00fcgil, on vaieldamatult \u00fcks oma klassi parimaid mudeleid - ikooniline Audi R8 V10.","breadcrumb":{"@id":"https:\/\/pistonaddict.com\/et\/product\/audi-r8-v10-red-dynamite\/#breadcrumb"},"inLanguage":"et","potentialAction":[{"@type":"ReadAction","target":["https:\/\/pistonaddict.com\/et\/product\/audi-r8-v10-red-dynamite\/"]}]},{"@type":"ImageObject","inLanguage":"et","@id":"https:\/\/pistonaddict.com\/et\/product\/audi-r8-v10-red-dynamite\/#primaryimage","url":"https:\/\/pistonaddict.com\/wp-content\/uploads\/2023\/06\/DSC_0412.jpg","contentUrl":"https:\/\/pistonaddict.com\/wp-content\/uploads\/2023\/06\/DSC_0412.jpg","width":2048,"height":1365},{"@type":"BreadcrumbList","@id":"https:\/\/pistonaddict.com\/et\/product\/audi-r8-v10-red-dynamite\/#breadcrumb","itemListElement":[{"@type":"ListItem","position":1,"name":"Koduleht","item":"https:\/\/pistonaddict.com\/et\/koduleht-2\/"},{"@type":"ListItem","position":2,"name":"Auctions","item":"https:\/\/pistonaddict.com\/auctions-listing\/"},{"@type":"ListItem","position":3,"name":"Audi R8 V10 Red Dynamite"}]},{"@type":"WebSite","@id":"https:\/\/pistonaddict.com\/et\/#website","url":"https:\/\/pistonaddict.com\/et\/","name":"Piston Addict","description":"Only interesting vehicles","publisher":{"@id":"https:\/\/pistonaddict.com\/et\/#organization"},"potentialAction":[{"@type":"SearchAction","target":{"@type":"EntryPoint","urlTemplate":"https:\/\/pistonaddict.com\/et\/?s={search_term_string}"},"query-input":"required name=search_term_string"}],"inLanguage":"et"},{"@type":"Organization","@id":"https:\/\/pistonaddict.com\/et\/#organization","name":"Piston Addict","url":"https:\/\/pistonaddict.com\/et\/","logo":{"@type":"ImageObject","inLanguage":"et","@id":"https:\/\/pistonaddict.com\/et\/#\/schema\/logo\/image\/","url":"https:\/\/pistonaddict.com\/wp-content\/uploads\/2022\/07\/logo-6.png","contentUrl":"https:\/\/pistonaddict.com\/wp-content\/uploads\/2022\/07\/logo-6.png","width":970,"height":200,"caption":"Piston Addict"},"image":{"@id":"https:\/\/pistonaddict.com\/et\/#\/schema\/logo\/image\/"}}]}},"_links":{"self":[{"href":"https:\/\/pistonaddict.com\/et\/wp-json\/wp\/v2\/product\/45993"}],"collection":[{"href":"https:\/\/pistonaddict.com\/et\/wp-json\/wp\/v2\/product"}],"about":[{"href":"https:\/\/pistonaddict.com\/et\/wp-json\/wp\/v2\/types\/product"}],"replies":[{"embeddable":true,"href":"https:\/\/pistonaddict.com\/et\/wp-json\/wp\/v2\/comments?post=45993"}],"wp:featuredmedia":[{"embeddable":true,"href":"https:\/\/pistonaddict.com\/et\/wp-json\/wp\/v2\/media\/43346"}],"wp:attachment":[{"href":"https:\/\/pistonaddict.com\/et\/wp-json\/wp\/v2\/media?parent=45993"}],"wp:term":[{"taxonomy":"product_cat","embeddable":true,"href":"https:\/\/pistonaddict.com\/et\/wp-json\/wp\/v2\/product_cat?post=45993"},{"taxonomy":"product_tag","embeddable":true,"href":"https:\/\/pistonaddict.com\/et\/wp-json\/wp\/v2\/product_tag?post=45993"}],"curies":[{"name":"wp","href":"https:\/\/api.w.org\/{rel}","templated":true}]}}