{"id":41965,"date":"2023-06-12T14:22:37","date_gmt":"2023-06-12T12:22:37","guid":{"rendered":"https:\/\/pistonaddict.com\/product\/audi-r8-4-2-fsi-v8\/"},"modified":"2024-03-20T09:14:28","modified_gmt":"2024-03-20T08:14:28","slug":"audi-r8-4-2-fsi-v8","status":"publish","type":"product","link":"https:\/\/pistonaddict.com\/et\/product\/audi-r8-4-2-fsi-v8\/","title":{"rendered":"Audi R8 4.2 FSI V8"},"content":{"rendered":"<p><strong>Mudeli ajalugu<\/strong><\/p>\n<p>R8 tekitas 2007. aastal ilmudes \u00fcsna suurt sensatsiooni ja mitte ainult ei olnud see Audi esimene superauto, vaid see oli ka uskumatult edukas oma ajatu disaini ja fantastilise ajamiga, mis koosnes k\u00f5rge p\u00f6\u00f6rlemiskiirusega V8-st (hiljem V10) ja kuulsast Quattro nelikveos\u00fcsteemist. R8 ilmumine tegi konkurendid v\u00e4ga n\u00e4rviliseks, sest klientidel oli l\u00f5puks ometi v\u00f5imalus osta v\u00e4ga v\u00f5imekas masin, millel on AWD-vedu ja Audi-kvaliteet. Seet\u00f5ttu oli esimese p\u00f5lvkonna R8 tohutu edu, mida toodeti peaaegu 30 000 eksemplari. See konkreetne n\u00e4ide on 2014. aasta mudel, mis t\u00e4hendab, et tegemist on hilisema ja ihaldusv\u00e4\u00e4rsema versiooniga, mis sai kasu kergest \u00fcmberkujundamisest, parematest omadustest ja t\u00e4iustatud mehaanikast. J\u00f5udu annab 4,2-liitrine FSI V8-mootor, mis annab 430 hobuj\u00f5udu ja saadab need k\u00f5igile neljale rattale 7-k\u00e4igulise S Tronic topeltsiduriga automaatk\u00e4igukasti kaudu. See kombinatsioon suudab 4,2 sekundit 0-100 km\/h ja tippkiirust veidi \u00fcle 300 km\/h, mis asetab R8 superautode kategooriasse.<\/p>\n<p><strong>Tingimus<\/strong><\/p>\n<p>Vaid 43 649 km l\u00e4bis\u00f5idum\u00f5\u00f5duga on see R8 l\u00e4bivalt ideaalses seisukorras. See tarniti esimest korda 2014. aasta l\u00f5pus oma algsele omanikule Hollandisse ja praegused omanikud omandasid selle 2021. aastal. See Audi R8 ei ole kunagi kasutatud rajal, ja regulaarselt hooldatud teenuse andmed, mida m\u00fc\u00fcja. Samuti on see n\u00e4ide t\u00e4iesti valmis, ilma igasuguste muudatuste v\u00f5i ebavajalike lisadeta. K\u00f5ik tehase seadmed ja funktsioonid on olemas ja t\u00f6\u00f6korras. Viimane hooldus koos \u00f5livahetusega tehti 2022. aasta oktoobri l\u00f5pus ning pidurid vaadati \u00fcle 2023. aasta juunis. Niinimetatud &#8220;pikaajaline&#8221; hooldus on l\u00f5petatud ja s\u00fc\u00fctek\u00fc\u00fcnlad on vahetatud. <strong>Sellel R8-l on 6 kuu Bovagi garantii<\/strong>, mis n\u00e4itab lihtsalt, et see on laitmatus seisukorras.<\/p>\n<p><strong>V\u00e4limus ja rattad<\/strong><\/p>\n<p>See R8 on v\u00e4rvitud elegantsesse Panther Blacki v\u00e4rvi ja selle juurde kuulub lisavarustusena pakett s\u00fcsinikkiust v\u00e4lis- ja sisemusseadmetega, mis on valmistatud s\u00fcsinikkiust. Auto kere ei ole kahjustusi, kriimustusi ega v\u00e4rvimuutusi ning v\u00e4rv on suurep\u00e4rases korras. Ainus asi, mida on puudutatud selle R8 v\u00e4lisk\u00fcljel, on remonditud paagi luuk (k\u00fctusekorki uks), mis on teostatud sertifitseeritud edasim\u00fc\u00fcja poolt (arve 5. mail 2021). V\u00e4limust t\u00e4iustavad lisavarustusena pakutavad 20-tollised veljed, mis on \u00fcmbritsetud v\u00e4rskete Pirelli P Zero rehvidega.<\/p>\n<p><strong>Sisustus<\/strong><\/p>\n<p>Sobiva musta naha ja Alcantara kombinatsiooniga kaetud interj\u00f6\u00f6r ei n\u00e4ita mingeid kulumism\u00e4rke ja sellel on s\u00fcsinikkiust sisendid kui osa tehase sisustuspaketist. Istmetel on valikuline soojendusfunktsioon ja k\u00f5ik s\u00fcsteemid (audio, infotainment, HVAC) on t\u00e4iesti t\u00f6\u00f6korras. Varustusnimekirja osana tasub mainida, et sellel R8-l on p\u00fcsikiiruse hoidja, vihmutundlikud klaasipuhastid, Bang and Olufseni audios\u00fcsteem, automaatselt tumenevad peeglid, navigatsioon, LED-valgustus ja palju muud.<\/p>\n<p><strong>Dokumentatsioon<\/strong><\/p>\n<p>See kasutatud s\u00f5iduk koos asjakohaste dokumentidega asub Hollandis. CarFaxi aruanne on puhas, \u00f5iguslikke probleeme ei ole. On olemas andmed regulaarse hoolduse ja v\u00e4heste pisiremontt\u00f6\u00f6de kohta. V\u00e4ga oluline on mainida, et sellel Audi R8-l on BPM-toetus. BPM-tagastus on Madalmaade luksusmaksu eksporditoetus. <strong> See t\u00e4hendab, et kui ostja asub m\u00f5nes teises Euroopa Liidu riigis (v.a Madalmaad) ja registreerib selle auto oma kodumaal 13 n\u00e4dala jooksul p\u00e4rast ostu sooritamist, saab ostja tagasi 5967 eurot<\/strong>, mis on v\u00e4ga mugav.<br \/>\nVaadake <a href=\"https:\/\/pistonaddict.com\/wp-content\/uploads\/2023\/06\/CARFAX-Vehicle-History-Report-AUDI-R8.pdf\">selle Audi R8 CarFaxi<\/a>.<\/p>\n<p><strong>Krediitkaardi j\u00e4ljend \/ kinnipidamine (automaatselt vabastatakse) on vajalik, et p\u00e4\u00e4seda ligi selle esmaklassilise s\u00f5iduki oksjonile.<\/strong><\/p>\n<p>Vaata selle uhke Audi R8 k\u00fclmk\u00e4ivitusvideot siit :<\/p>\n<p><iframe title=\"Cold Start video of the Audi R8 4.2 FSI V8 on auction sale\" width=\"1200\" height=\"675\" src=\"https:\/\/www.youtube.com\/embed\/GyBid0aFEiA?feature=oembed\" frameborder=\"0\" allow=\"accelerometer; autoplay; clipboard-write; encrypted-media; gyroscope; picture-in-picture; web-share\" allowfullscreen><\/iframe><\/p>\n","protected":false},"excerpt":{"rendered":"<p>Sageli kuuleb m\u00f5istet &#8220;igap\u00e4evane superauto&#8221;, kuid v\u00e4ga v\u00e4hesed autod pakuvad igap\u00e4evases kasutuses veenvat j\u00f5udlust, kasutatavust ja t\u00f6\u00f6kindlust. 2014. aasta Audi R8 on selline p\u00e4rl. Oma v\u00f5imsa 4,2-liitrise V8-ga, h\u00e4sti varustatud sisemuse ja t\u00e4iusliku s\u00f5idud\u00fcnaamika t\u00f5ttu on see auto, mida saab nautida igap\u00e4evaselt ja omada samas k\u00f5iki eeliseid, mis on omane t\u00f5upuhta superauto juhtimisele. V\u00f5ite teha pakkumise selle auto kohta, <a href=\"https:\/\/pistonaddict.com\/contact-us\/\">v\u00f5ttes meiega \u00fchendust<\/a>.<\/p>\n","protected":false},"featured_media":41835,"comment_status":"open","ping_status":"closed","template":"","meta":{"inline_featured_image":false},"product_cat":[736],"product_tag":[1875,1874,925],"acf":[],"yoast_head":"<!-- This site is optimized with the Yoast SEO plugin v22.5 - https:\/\/yoast.com\/wordpress\/plugins\/seo\/ -->\n<title>oksjon - Piston Addict<\/title>\n<meta name=\"description\" content=\"See Audi R8 on 2014. aasta mudel, mis t\u00e4hendab, et tegemist on hilisema ja ihaldusv\u00e4\u00e4rsema versiooniga, mis sai kasu kergest \u00fcmberkujundamisest, parematest omadustest ja t\u00e4iustatud mehaanikast. J\u00f5udu annab 4,2-liitrine FSI V8-mootor, mis annab 430 hobuj\u00f5udu ja saadab need k\u00f5igile neljale rattale 7-k\u00e4igulise S Tronic topeltsiduriga automaatk\u00e4igukasti kaudu.\" \/>\n<meta name=\"robots\" content=\"index, follow, max-snippet:-1, max-image-preview:large, max-video-preview:-1\" \/>\n<link rel=\"canonical\" href=\"https:\/\/pistonaddict.com\/et\/product\/audi-r8-4-2-fsi-v8\/\" \/>\n<meta property=\"og:locale\" content=\"et_EE\" \/>\n<meta property=\"og:type\" content=\"article\" \/>\n<meta property=\"og:title\" content=\"oksjon - Piston Addict\" \/>\n<meta property=\"og:description\" content=\"See Audi R8 on 2014. aasta mudel, mis t\u00e4hendab, et tegemist on hilisema ja ihaldusv\u00e4\u00e4rsema versiooniga, mis sai kasu kergest \u00fcmberkujundamisest, parematest omadustest ja t\u00e4iustatud mehaanikast. J\u00f5udu annab 4,2-liitrine FSI V8-mootor, mis annab 430 hobuj\u00f5udu ja saadab need k\u00f5igile neljale rattale 7-k\u00e4igulise S Tronic topeltsiduriga automaatk\u00e4igukasti kaudu.\" \/>\n<meta property=\"og:url\" content=\"https:\/\/pistonaddict.com\/et\/product\/audi-r8-4-2-fsi-v8\/\" \/>\n<meta property=\"og:site_name\" content=\"Piston Addict\" \/>\n<meta property=\"article:modified_time\" content=\"2024-03-20T08:14:28+00:00\" \/>\n<meta property=\"og:image\" content=\"https:\/\/pistonaddict.com\/wp-content\/uploads\/2023\/06\/foto-5.jpg\" \/>\n\t<meta property=\"og:image:width\" content=\"1024\" \/>\n\t<meta property=\"og:image:height\" content=\"683\" \/>\n\t<meta property=\"og:image:type\" content=\"image\/jpeg\" \/>\n<meta name=\"twitter:card\" content=\"summary_large_image\" \/>\n<meta name=\"twitter:label1\" content=\"Est. reading time\" \/>\n\t<meta name=\"twitter:data1\" content=\"3 minutit\" \/>\n<script type=\"application\/ld+json\" class=\"yoast-schema-graph\">{\"@context\":\"https:\/\/schema.org\",\"@graph\":[{\"@type\":\"WebPage\",\"@id\":\"https:\/\/pistonaddict.com\/et\/product\/audi-r8-4-2-fsi-v8\/\",\"url\":\"https:\/\/pistonaddict.com\/et\/product\/audi-r8-4-2-fsi-v8\/\",\"name\":\"oksjon - Piston Addict\",\"isPartOf\":{\"@id\":\"https:\/\/pistonaddict.com\/et\/#website\"},\"primaryImageOfPage\":{\"@id\":\"https:\/\/pistonaddict.com\/et\/product\/audi-r8-4-2-fsi-v8\/#primaryimage\"},\"image\":{\"@id\":\"https:\/\/pistonaddict.com\/et\/product\/audi-r8-4-2-fsi-v8\/#primaryimage\"},\"thumbnailUrl\":\"https:\/\/pistonaddict.com\/wp-content\/uploads\/2023\/06\/foto-5.jpg\",\"datePublished\":\"2023-06-12T12:22:37+00:00\",\"dateModified\":\"2024-03-20T08:14:28+00:00\",\"description\":\"See Audi R8 on 2014. aasta mudel, mis t\u00e4hendab, et tegemist on hilisema ja ihaldusv\u00e4\u00e4rsema versiooniga, mis sai kasu kergest \u00fcmberkujundamisest, parematest omadustest ja t\u00e4iustatud mehaanikast. J\u00f5udu annab 4,2-liitrine FSI V8-mootor, mis annab 430 hobuj\u00f5udu ja saadab need k\u00f5igile neljale rattale 7-k\u00e4igulise S Tronic topeltsiduriga automaatk\u00e4igukasti kaudu.\",\"breadcrumb\":{\"@id\":\"https:\/\/pistonaddict.com\/et\/product\/audi-r8-4-2-fsi-v8\/#breadcrumb\"},\"inLanguage\":\"et\",\"potentialAction\":[{\"@type\":\"ReadAction\",\"target\":[\"https:\/\/pistonaddict.com\/et\/product\/audi-r8-4-2-fsi-v8\/\"]}]},{\"@type\":\"ImageObject\",\"inLanguage\":\"et\",\"@id\":\"https:\/\/pistonaddict.com\/et\/product\/audi-r8-4-2-fsi-v8\/#primaryimage\",\"url\":\"https:\/\/pistonaddict.com\/wp-content\/uploads\/2023\/06\/foto-5.jpg\",\"contentUrl\":\"https:\/\/pistonaddict.com\/wp-content\/uploads\/2023\/06\/foto-5.jpg\",\"width\":1024,\"height\":683},{\"@type\":\"BreadcrumbList\",\"@id\":\"https:\/\/pistonaddict.com\/et\/product\/audi-r8-4-2-fsi-v8\/#breadcrumb\",\"itemListElement\":[{\"@type\":\"ListItem\",\"position\":1,\"name\":\"Koduleht\",\"item\":\"https:\/\/pistonaddict.com\/et\/koduleht-2\/\"},{\"@type\":\"ListItem\",\"position\":2,\"name\":\"Auctions\",\"item\":\"https:\/\/pistonaddict.com\/auctions-listing\/\"},{\"@type\":\"ListItem\",\"position\":3,\"name\":\"Audi R8 4.2 FSI V8\"}]},{\"@type\":\"WebSite\",\"@id\":\"https:\/\/pistonaddict.com\/et\/#website\",\"url\":\"https:\/\/pistonaddict.com\/et\/\",\"name\":\"Piston Addict\",\"description\":\"Only interesting vehicles\",\"publisher\":{\"@id\":\"https:\/\/pistonaddict.com\/et\/#organization\"},\"potentialAction\":[{\"@type\":\"SearchAction\",\"target\":{\"@type\":\"EntryPoint\",\"urlTemplate\":\"https:\/\/pistonaddict.com\/et\/?s={search_term_string}\"},\"query-input\":\"required name=search_term_string\"}],\"inLanguage\":\"et\"},{\"@type\":\"Organization\",\"@id\":\"https:\/\/pistonaddict.com\/et\/#organization\",\"name\":\"Piston Addict\",\"url\":\"https:\/\/pistonaddict.com\/et\/\",\"logo\":{\"@type\":\"ImageObject\",\"inLanguage\":\"et\",\"@id\":\"https:\/\/pistonaddict.com\/et\/#\/schema\/logo\/image\/\",\"url\":\"https:\/\/pistonaddict.com\/wp-content\/uploads\/2022\/07\/logo-6.png\",\"contentUrl\":\"https:\/\/pistonaddict.com\/wp-content\/uploads\/2022\/07\/logo-6.png\",\"width\":970,\"height\":200,\"caption\":\"Piston Addict\"},\"image\":{\"@id\":\"https:\/\/pistonaddict.com\/et\/#\/schema\/logo\/image\/\"}}]}<\/script>\n<!-- \/ Yoast SEO plugin. -->","yoast_head_json":{"title":"oksjon - Piston Addict","description":"See Audi R8 on 2014. aasta mudel, mis t\u00e4hendab, et tegemist on hilisema ja ihaldusv\u00e4\u00e4rsema versiooniga, mis sai kasu kergest \u00fcmberkujundamisest, parematest omadustest ja t\u00e4iustatud mehaanikast. J\u00f5udu annab 4,2-liitrine FSI V8-mootor, mis annab 430 hobuj\u00f5udu ja saadab need k\u00f5igile neljale rattale 7-k\u00e4igulise S Tronic topeltsiduriga automaatk\u00e4igukasti kaudu.","robots":{"index":"index","follow":"follow","max-snippet":"max-snippet:-1","max-image-preview":"max-image-preview:large","max-video-preview":"max-video-preview:-1"},"canonical":"https:\/\/pistonaddict.com\/et\/product\/audi-r8-4-2-fsi-v8\/","og_locale":"et_EE","og_type":"article","og_title":"oksjon - Piston Addict","og_description":"See Audi R8 on 2014. aasta mudel, mis t\u00e4hendab, et tegemist on hilisema ja ihaldusv\u00e4\u00e4rsema versiooniga, mis sai kasu kergest \u00fcmberkujundamisest, parematest omadustest ja t\u00e4iustatud mehaanikast. J\u00f5udu annab 4,2-liitrine FSI V8-mootor, mis annab 430 hobuj\u00f5udu ja saadab need k\u00f5igile neljale rattale 7-k\u00e4igulise S Tronic topeltsiduriga automaatk\u00e4igukasti kaudu.","og_url":"https:\/\/pistonaddict.com\/et\/product\/audi-r8-4-2-fsi-v8\/","og_site_name":"Piston Addict","article_modified_time":"2024-03-20T08:14:28+00:00","og_image":[{"width":1024,"height":683,"url":"https:\/\/pistonaddict.com\/wp-content\/uploads\/2023\/06\/foto-5.jpg","type":"image\/jpeg"}],"twitter_card":"summary_large_image","twitter_misc":{"Est. reading time":"3 minutit"},"schema":{"@context":"https:\/\/schema.org","@graph":[{"@type":"WebPage","@id":"https:\/\/pistonaddict.com\/et\/product\/audi-r8-4-2-fsi-v8\/","url":"https:\/\/pistonaddict.com\/et\/product\/audi-r8-4-2-fsi-v8\/","name":"oksjon - Piston Addict","isPartOf":{"@id":"https:\/\/pistonaddict.com\/et\/#website"},"primaryImageOfPage":{"@id":"https:\/\/pistonaddict.com\/et\/product\/audi-r8-4-2-fsi-v8\/#primaryimage"},"image":{"@id":"https:\/\/pistonaddict.com\/et\/product\/audi-r8-4-2-fsi-v8\/#primaryimage"},"thumbnailUrl":"https:\/\/pistonaddict.com\/wp-content\/uploads\/2023\/06\/foto-5.jpg","datePublished":"2023-06-12T12:22:37+00:00","dateModified":"2024-03-20T08:14:28+00:00","description":"See Audi R8 on 2014. aasta mudel, mis t\u00e4hendab, et tegemist on hilisema ja ihaldusv\u00e4\u00e4rsema versiooniga, mis sai kasu kergest \u00fcmberkujundamisest, parematest omadustest ja t\u00e4iustatud mehaanikast. J\u00f5udu annab 4,2-liitrine FSI V8-mootor, mis annab 430 hobuj\u00f5udu ja saadab need k\u00f5igile neljale rattale 7-k\u00e4igulise S Tronic topeltsiduriga automaatk\u00e4igukasti kaudu.","breadcrumb":{"@id":"https:\/\/pistonaddict.com\/et\/product\/audi-r8-4-2-fsi-v8\/#breadcrumb"},"inLanguage":"et","potentialAction":[{"@type":"ReadAction","target":["https:\/\/pistonaddict.com\/et\/product\/audi-r8-4-2-fsi-v8\/"]}]},{"@type":"ImageObject","inLanguage":"et","@id":"https:\/\/pistonaddict.com\/et\/product\/audi-r8-4-2-fsi-v8\/#primaryimage","url":"https:\/\/pistonaddict.com\/wp-content\/uploads\/2023\/06\/foto-5.jpg","contentUrl":"https:\/\/pistonaddict.com\/wp-content\/uploads\/2023\/06\/foto-5.jpg","width":1024,"height":683},{"@type":"BreadcrumbList","@id":"https:\/\/pistonaddict.com\/et\/product\/audi-r8-4-2-fsi-v8\/#breadcrumb","itemListElement":[{"@type":"ListItem","position":1,"name":"Koduleht","item":"https:\/\/pistonaddict.com\/et\/koduleht-2\/"},{"@type":"ListItem","position":2,"name":"Auctions","item":"https:\/\/pistonaddict.com\/auctions-listing\/"},{"@type":"ListItem","position":3,"name":"Audi R8 4.2 FSI V8"}]},{"@type":"WebSite","@id":"https:\/\/pistonaddict.com\/et\/#website","url":"https:\/\/pistonaddict.com\/et\/","name":"Piston Addict","description":"Only interesting vehicles","publisher":{"@id":"https:\/\/pistonaddict.com\/et\/#organization"},"potentialAction":[{"@type":"SearchAction","target":{"@type":"EntryPoint","urlTemplate":"https:\/\/pistonaddict.com\/et\/?s={search_term_string}"},"query-input":"required name=search_term_string"}],"inLanguage":"et"},{"@type":"Organization","@id":"https:\/\/pistonaddict.com\/et\/#organization","name":"Piston Addict","url":"https:\/\/pistonaddict.com\/et\/","logo":{"@type":"ImageObject","inLanguage":"et","@id":"https:\/\/pistonaddict.com\/et\/#\/schema\/logo\/image\/","url":"https:\/\/pistonaddict.com\/wp-content\/uploads\/2022\/07\/logo-6.png","contentUrl":"https:\/\/pistonaddict.com\/wp-content\/uploads\/2022\/07\/logo-6.png","width":970,"height":200,"caption":"Piston Addict"},"image":{"@id":"https:\/\/pistonaddict.com\/et\/#\/schema\/logo\/image\/"}}]}},"_links":{"self":[{"href":"https:\/\/pistonaddict.com\/et\/wp-json\/wp\/v2\/product\/41965"}],"collection":[{"href":"https:\/\/pistonaddict.com\/et\/wp-json\/wp\/v2\/product"}],"about":[{"href":"https:\/\/pistonaddict.com\/et\/wp-json\/wp\/v2\/types\/product"}],"replies":[{"embeddable":true,"href":"https:\/\/pistonaddict.com\/et\/wp-json\/wp\/v2\/comments?post=41965"}],"wp:featuredmedia":[{"embeddable":true,"href":"https:\/\/pistonaddict.com\/et\/wp-json\/wp\/v2\/media\/41835"}],"wp:attachment":[{"href":"https:\/\/pistonaddict.com\/et\/wp-json\/wp\/v2\/media?parent=41965"}],"wp:term":[{"taxonomy":"product_cat","embeddable":true,"href":"https:\/\/pistonaddict.com\/et\/wp-json\/wp\/v2\/product_cat?post=41965"},{"taxonomy":"product_tag","embeddable":true,"href":"https:\/\/pistonaddict.com\/et\/wp-json\/wp\/v2\/product_tag?post=41965"}],"curies":[{"name":"wp","href":"https:\/\/api.w.org\/{rel}","templated":true}]}}