{"id":39972,"date":"2023-04-19T17:58:30","date_gmt":"2023-04-19T15:58:30","guid":{"rendered":"https:\/\/pistonaddict.com\/product\/nissan-gtr\/"},"modified":"2024-03-19T17:54:01","modified_gmt":"2024-03-19T16:54:01","slug":"nissan-gtr","status":"publish","type":"product","link":"https:\/\/pistonaddict.com\/et\/product\/nissan-gtr\/","title":{"rendered":"Nissan GT-R Nismo"},"content":{"rendered":"<h2>V\u00e4ljaspool<\/h2>\n<p>V\u00e4ljastpoolt vaadates tasakaalustab see musta v\u00e4rvi 2-ukseline kupee pealtn\u00e4ha peent v\u00e4limust agressiivsete detailidega, vihjates selle t\u00f5elisele iseloomule. Esik\u00fcljel on suur v\u00f5re ja kolmnurkse kujuga esituled, mis annavad sellele hirmu\u00e4ratava v\u00e4ljan\u00e4gemise. GT-Ri siluetti iseloomustavad pikk kapot, kaldega katusjoon ja massiivne tagumine spoiler. Viimaks domineerivad tagaosas Nissani iseloomulikud \u00fcmmargused tagatuled. Kuna see konkreetne GT-R on Nismo poolt ehitatud, erineb ta tavamudelitest mitmete \u00fcksikasjade poolest. Peale v\u00f5rega kinnitatud m\u00e4rgi sisaldab see ka suurendatud esi\u00f5hu splitterit ja s\u00fcsinikkiust pagasiruumi kaane. Autol on Michelin Super Sport Cup 2 haarduvad rehvid, mis on paigaldatud Volk Rackingi toodetud pronksist 20-tollistele veljedele.<\/p>\n<h2>Sisustus<\/h2>\n<p>GT-R-i sisemus, mis on 2+2 istekoha paigutusega, n\u00e4itab selle praktilisust. Selge on see, et tagaistmed pakuvad vaid piiratud ruumi ja sobivad vaid l\u00fchikeste vahemaade l\u00e4bimiseks. Aga isegi sellisena on neid tore omada. Seevastu esiistmed on hoopis teine lugu. Punaste aktsentidega musta nahkrihmaga riietatud istmed pakuvad praktiliselt piiramatut tuge, hoides juhi kindlalt paigal isegi k\u00f5ige teravamate kurvide juures. Ja need on l\u00e4bir\u00e4\u00e4gitud punaste \u00f5mblustega harjatud nahaga kaetud kolmekohalise rooliga. Selle taga on m\u00f5\u00f5teriistad, kus domineerib p\u00f6\u00f6rlemissageduse loendur, mis ulatub kuni 8000 p\u00f6\u00f6rdeni. Muude n\u00e4itajate hulka kuuluvad spidomeeter ning mootori temperatuuri ja k\u00fctusetaseme n\u00e4idikud. Samuti on keskele paigaldatud n\u00e4idik, mis n\u00e4itab v\u00f5istluslaadseid parameetreid, n\u00e4iteks kiirendust v\u00f5i k\u00fclgj\u00f5udu.<\/p>\n<h2>Mehaanika<\/h2>\n<p>Nii uimastavalt kui see ka ei ole, on Nissan GT-R tegelikult k\u00f5ige p\u00f5nevam selle mehaanilise alusp\u00f5hja t\u00f5ttu, mis on naha all. Esiteks on mootor, 3,8-liitrine V6-turbolaaduriga mootor, mis on Nissani parimate tehnikute poolt kujuteldava t\u00e4psusega k\u00e4sitsi valmistatud. Lisaks sellele on iga\u00fcks neist maksimaalselt h\u00e4\u00e4lestatud, mis toob kaasa erineva v\u00f5imsuse iga auto puhul. Ja 750 hobuj\u00f5udu on midagi, mida sellel GT-Ril on palju. Siis on kuuek\u00e4iguline kahe siduriga automaatk\u00e4igukast, mis on kaalujaotuse parandamiseks paigaldatud taha. Samuti on see k\u00e4sitsi valmistatud ja mootoriga \u00fchendatud, et k\u00e4iguvahetused oleksid v\u00f5imalikult kiired. L\u00f5puks kantakse kogu see tohutu v\u00f5imsus t\u00f5husalt maapinnale l\u00e4bi keeruka nelikveos\u00fcsteemi. Selle k\u00f5igega kiirendab see Nissan GT-R 0-100 vaid 2,5 sekundiga ja saavutab tippkiiruseks 205 MPH.<\/p>\n<h2>S\u00f5iduki ajalugu<\/h2>\n<p>Kuigi iga Nissan GT-R on oma k\u00e4sitsi valmistatud mehaanika ja kohandatud h\u00e4\u00e4lestusega omal moel ainulaadne, on see konkreetne mudel veelgi erilisem. See oli tegelikult esimene vasakpoolse rooliga mudel, mille ehitas Nismo, Nissani enda v\u00f5idus\u00f5iduosakond, mis oli valmistatud isiklikult Renault&#8217;i tolleaegse Vormel-1 meeskonna esimehe jaoks. Vastavalt m\u00fc\u00fcja, see auto on nagu uus, on teinud 2703 miili ja asub praegu \u00dchendkuningriigis.<\/p>\n","protected":false},"excerpt":{"rendered":"<p>Legendaarne Nissan GT-R on t\u00f5usva p\u00e4ikese maa \u00fcks ikoonilisemaid ja ihaldusv\u00e4\u00e4rsemaid autosid. Oma v\u00f5imsa V6-turbomootori ja l\u00e4bim\u00f5eldud nelikveoga avaldab see maanteel liikuv koletis juhile muljet oma tohutu kiiruse ja juhitavusega, mis n\u00e4ib f\u00fc\u00fcsikaseadusi trotsivat. Kuid see 2016. aasta mudel, mida m\u00fc\u00fcb professionaalne m\u00fc\u00fcja, ei ole tavaline GT-R. Selle asemel on see auto, mida te vaatate, rajale orienteeritud, rekordeid purustav GT-R Nismo. Seni on see l\u00e4binud vaid 2700 miili ja ei oota oma uut omanikku.<\/p>\n","protected":false},"featured_media":39373,"comment_status":"open","ping_status":"closed","template":"","meta":{"inline_featured_image":false},"product_cat":[736],"product_tag":[1728,925,1723,1719],"acf":[],"yoast_head":"<!-- This site is optimized with the Yoast SEO plugin v22.5 - https:\/\/yoast.com\/wordpress\/plugins\/seo\/ -->\n<title>oksjon - Piston Addict<\/title>\n<meta name=\"description\" content=\"Vaata seda Nissan GT-R Nismo oksjonil m\u00fc\u00fcgiks PistonAddict.com&#039;il\" \/>\n<meta name=\"robots\" content=\"index, follow, max-snippet:-1, max-image-preview:large, max-video-preview:-1\" \/>\n<link rel=\"canonical\" href=\"https:\/\/pistonaddict.com\/et\/product\/nissan-gtr\/\" \/>\n<meta property=\"og:locale\" content=\"et_EE\" \/>\n<meta property=\"og:type\" content=\"article\" \/>\n<meta property=\"og:title\" content=\"oksjon - Piston Addict\" \/>\n<meta property=\"og:description\" content=\"Vaata seda Nissan GT-R Nismo oksjonil m\u00fc\u00fcgiks PistonAddict.com&#039;il\" \/>\n<meta property=\"og:url\" content=\"https:\/\/pistonaddict.com\/et\/product\/nissan-gtr\/\" \/>\n<meta property=\"og:site_name\" content=\"Piston Addict\" \/>\n<meta property=\"article:modified_time\" content=\"2024-03-19T16:54:01+00:00\" \/>\n<meta property=\"og:image\" content=\"https:\/\/pistonaddict.com\/wp-content\/uploads\/2023\/04\/LuxurycarLondonApril11PistonAddict_0497-scaled.jpg\" \/>\n\t<meta property=\"og:image:width\" content=\"2560\" \/>\n\t<meta property=\"og:image:height\" content=\"1972\" \/>\n\t<meta property=\"og:image:type\" content=\"image\/jpeg\" \/>\n<meta name=\"twitter:card\" content=\"summary_large_image\" \/>\n<meta name=\"twitter:label1\" content=\"Est. reading time\" \/>\n\t<meta name=\"twitter:data1\" content=\"2 minutit\" \/>\n<script type=\"application\/ld+json\" class=\"yoast-schema-graph\">{\"@context\":\"https:\/\/schema.org\",\"@graph\":[{\"@type\":\"WebPage\",\"@id\":\"https:\/\/pistonaddict.com\/et\/product\/nissan-gtr\/\",\"url\":\"https:\/\/pistonaddict.com\/et\/product\/nissan-gtr\/\",\"name\":\"oksjon - Piston Addict\",\"isPartOf\":{\"@id\":\"https:\/\/pistonaddict.com\/et\/#website\"},\"primaryImageOfPage\":{\"@id\":\"https:\/\/pistonaddict.com\/et\/product\/nissan-gtr\/#primaryimage\"},\"image\":{\"@id\":\"https:\/\/pistonaddict.com\/et\/product\/nissan-gtr\/#primaryimage\"},\"thumbnailUrl\":\"https:\/\/pistonaddict.com\/wp-content\/uploads\/2023\/04\/LuxurycarLondonApril11PistonAddict_0497-scaled.jpg\",\"datePublished\":\"2023-04-19T15:58:30+00:00\",\"dateModified\":\"2024-03-19T16:54:01+00:00\",\"description\":\"Vaata seda Nissan GT-R Nismo oksjonil m\u00fc\u00fcgiks PistonAddict.com'il\",\"breadcrumb\":{\"@id\":\"https:\/\/pistonaddict.com\/et\/product\/nissan-gtr\/#breadcrumb\"},\"inLanguage\":\"et\",\"potentialAction\":[{\"@type\":\"ReadAction\",\"target\":[\"https:\/\/pistonaddict.com\/et\/product\/nissan-gtr\/\"]}]},{\"@type\":\"ImageObject\",\"inLanguage\":\"et\",\"@id\":\"https:\/\/pistonaddict.com\/et\/product\/nissan-gtr\/#primaryimage\",\"url\":\"https:\/\/pistonaddict.com\/wp-content\/uploads\/2023\/04\/LuxurycarLondonApril11PistonAddict_0497-scaled.jpg\",\"contentUrl\":\"https:\/\/pistonaddict.com\/wp-content\/uploads\/2023\/04\/LuxurycarLondonApril11PistonAddict_0497-scaled.jpg\",\"width\":2560,\"height\":1972},{\"@type\":\"BreadcrumbList\",\"@id\":\"https:\/\/pistonaddict.com\/et\/product\/nissan-gtr\/#breadcrumb\",\"itemListElement\":[{\"@type\":\"ListItem\",\"position\":1,\"name\":\"Koduleht\",\"item\":\"https:\/\/pistonaddict.com\/et\/koduleht-2\/\"},{\"@type\":\"ListItem\",\"position\":2,\"name\":\"Auctions\",\"item\":\"https:\/\/pistonaddict.com\/auctions-listing\/\"},{\"@type\":\"ListItem\",\"position\":3,\"name\":\"Nissan GT-R Nismo\"}]},{\"@type\":\"WebSite\",\"@id\":\"https:\/\/pistonaddict.com\/et\/#website\",\"url\":\"https:\/\/pistonaddict.com\/et\/\",\"name\":\"Piston Addict\",\"description\":\"Only interesting vehicles\",\"publisher\":{\"@id\":\"https:\/\/pistonaddict.com\/et\/#organization\"},\"potentialAction\":[{\"@type\":\"SearchAction\",\"target\":{\"@type\":\"EntryPoint\",\"urlTemplate\":\"https:\/\/pistonaddict.com\/et\/?s={search_term_string}\"},\"query-input\":\"required name=search_term_string\"}],\"inLanguage\":\"et\"},{\"@type\":\"Organization\",\"@id\":\"https:\/\/pistonaddict.com\/et\/#organization\",\"name\":\"Piston Addict\",\"url\":\"https:\/\/pistonaddict.com\/et\/\",\"logo\":{\"@type\":\"ImageObject\",\"inLanguage\":\"et\",\"@id\":\"https:\/\/pistonaddict.com\/et\/#\/schema\/logo\/image\/\",\"url\":\"https:\/\/pistonaddict.com\/wp-content\/uploads\/2022\/07\/logo-6.png\",\"contentUrl\":\"https:\/\/pistonaddict.com\/wp-content\/uploads\/2022\/07\/logo-6.png\",\"width\":970,\"height\":200,\"caption\":\"Piston Addict\"},\"image\":{\"@id\":\"https:\/\/pistonaddict.com\/et\/#\/schema\/logo\/image\/\"}}]}<\/script>\n<!-- \/ Yoast SEO plugin. -->","yoast_head_json":{"title":"oksjon - Piston Addict","description":"Vaata seda Nissan GT-R Nismo oksjonil m\u00fc\u00fcgiks PistonAddict.com'il","robots":{"index":"index","follow":"follow","max-snippet":"max-snippet:-1","max-image-preview":"max-image-preview:large","max-video-preview":"max-video-preview:-1"},"canonical":"https:\/\/pistonaddict.com\/et\/product\/nissan-gtr\/","og_locale":"et_EE","og_type":"article","og_title":"oksjon - Piston Addict","og_description":"Vaata seda Nissan GT-R Nismo oksjonil m\u00fc\u00fcgiks PistonAddict.com'il","og_url":"https:\/\/pistonaddict.com\/et\/product\/nissan-gtr\/","og_site_name":"Piston Addict","article_modified_time":"2024-03-19T16:54:01+00:00","og_image":[{"width":2560,"height":1972,"url":"https:\/\/pistonaddict.com\/wp-content\/uploads\/2023\/04\/LuxurycarLondonApril11PistonAddict_0497-scaled.jpg","type":"image\/jpeg"}],"twitter_card":"summary_large_image","twitter_misc":{"Est. reading time":"2 minutit"},"schema":{"@context":"https:\/\/schema.org","@graph":[{"@type":"WebPage","@id":"https:\/\/pistonaddict.com\/et\/product\/nissan-gtr\/","url":"https:\/\/pistonaddict.com\/et\/product\/nissan-gtr\/","name":"oksjon - Piston Addict","isPartOf":{"@id":"https:\/\/pistonaddict.com\/et\/#website"},"primaryImageOfPage":{"@id":"https:\/\/pistonaddict.com\/et\/product\/nissan-gtr\/#primaryimage"},"image":{"@id":"https:\/\/pistonaddict.com\/et\/product\/nissan-gtr\/#primaryimage"},"thumbnailUrl":"https:\/\/pistonaddict.com\/wp-content\/uploads\/2023\/04\/LuxurycarLondonApril11PistonAddict_0497-scaled.jpg","datePublished":"2023-04-19T15:58:30+00:00","dateModified":"2024-03-19T16:54:01+00:00","description":"Vaata seda Nissan GT-R Nismo oksjonil m\u00fc\u00fcgiks PistonAddict.com'il","breadcrumb":{"@id":"https:\/\/pistonaddict.com\/et\/product\/nissan-gtr\/#breadcrumb"},"inLanguage":"et","potentialAction":[{"@type":"ReadAction","target":["https:\/\/pistonaddict.com\/et\/product\/nissan-gtr\/"]}]},{"@type":"ImageObject","inLanguage":"et","@id":"https:\/\/pistonaddict.com\/et\/product\/nissan-gtr\/#primaryimage","url":"https:\/\/pistonaddict.com\/wp-content\/uploads\/2023\/04\/LuxurycarLondonApril11PistonAddict_0497-scaled.jpg","contentUrl":"https:\/\/pistonaddict.com\/wp-content\/uploads\/2023\/04\/LuxurycarLondonApril11PistonAddict_0497-scaled.jpg","width":2560,"height":1972},{"@type":"BreadcrumbList","@id":"https:\/\/pistonaddict.com\/et\/product\/nissan-gtr\/#breadcrumb","itemListElement":[{"@type":"ListItem","position":1,"name":"Koduleht","item":"https:\/\/pistonaddict.com\/et\/koduleht-2\/"},{"@type":"ListItem","position":2,"name":"Auctions","item":"https:\/\/pistonaddict.com\/auctions-listing\/"},{"@type":"ListItem","position":3,"name":"Nissan GT-R Nismo"}]},{"@type":"WebSite","@id":"https:\/\/pistonaddict.com\/et\/#website","url":"https:\/\/pistonaddict.com\/et\/","name":"Piston Addict","description":"Only interesting vehicles","publisher":{"@id":"https:\/\/pistonaddict.com\/et\/#organization"},"potentialAction":[{"@type":"SearchAction","target":{"@type":"EntryPoint","urlTemplate":"https:\/\/pistonaddict.com\/et\/?s={search_term_string}"},"query-input":"required name=search_term_string"}],"inLanguage":"et"},{"@type":"Organization","@id":"https:\/\/pistonaddict.com\/et\/#organization","name":"Piston Addict","url":"https:\/\/pistonaddict.com\/et\/","logo":{"@type":"ImageObject","inLanguage":"et","@id":"https:\/\/pistonaddict.com\/et\/#\/schema\/logo\/image\/","url":"https:\/\/pistonaddict.com\/wp-content\/uploads\/2022\/07\/logo-6.png","contentUrl":"https:\/\/pistonaddict.com\/wp-content\/uploads\/2022\/07\/logo-6.png","width":970,"height":200,"caption":"Piston Addict"},"image":{"@id":"https:\/\/pistonaddict.com\/et\/#\/schema\/logo\/image\/"}}]}},"_links":{"self":[{"href":"https:\/\/pistonaddict.com\/et\/wp-json\/wp\/v2\/product\/39972"}],"collection":[{"href":"https:\/\/pistonaddict.com\/et\/wp-json\/wp\/v2\/product"}],"about":[{"href":"https:\/\/pistonaddict.com\/et\/wp-json\/wp\/v2\/types\/product"}],"replies":[{"embeddable":true,"href":"https:\/\/pistonaddict.com\/et\/wp-json\/wp\/v2\/comments?post=39972"}],"wp:featuredmedia":[{"embeddable":true,"href":"https:\/\/pistonaddict.com\/et\/wp-json\/wp\/v2\/media\/39373"}],"wp:attachment":[{"href":"https:\/\/pistonaddict.com\/et\/wp-json\/wp\/v2\/media?parent=39972"}],"wp:term":[{"taxonomy":"product_cat","embeddable":true,"href":"https:\/\/pistonaddict.com\/et\/wp-json\/wp\/v2\/product_cat?post=39972"},{"taxonomy":"product_tag","embeddable":true,"href":"https:\/\/pistonaddict.com\/et\/wp-json\/wp\/v2\/product_tag?post=39972"}],"curies":[{"name":"wp","href":"https:\/\/api.w.org\/{rel}","templated":true}]}}