{"id":39223,"date":"2023-04-19T17:31:19","date_gmt":"2023-04-19T15:31:19","guid":{"rendered":"https:\/\/pistonaddict.com\/product\/mclaren-720s\/"},"modified":"2024-03-19T17:50:55","modified_gmt":"2024-03-19T16:50:55","slug":"mclaren-720s","status":"publish","type":"product","link":"https:\/\/pistonaddict.com\/et\/product\/mclaren-720s\/","title":{"rendered":"McLaren 720S"},"content":{"rendered":"<h2>V\u00e4ljaspool<\/h2>\n<p>V\u00e4rvitud eredalt oran\u017eiks, on McLaren 720S k\u00e4ep\u00e4rast ja p\u00f6\u00f6ritab kindlasti pead, kus iganes ta ka ei ilmuks. Kuid samasugune oleks see ka mis tahes muu v\u00e4rviga, t\u00e4nu selle uimastavale, hai-inspireeritud disainile. Agressiivse esiosa, voolujoonelise silueti ja praktiliste, kuid samas l\u00f5busa liblikasuksega auto on muljetavaldav iga nurga alt. See h\u00f5lmab massiivseid \u00f5huk\u00fchvleid k\u00fclgedel, v\u00f5rkudega kaetud mootoriruumi, mis helendab, kui s\u00fc\u00fcde on sisse l\u00fclitatud, ja tagumist spoilerit, mis paiskub \u00fcles tugeva pidurdamise ajal. Pidurdamine toimub massiivsete keraamiliste ketaste abil, mis asuvad auto mustade 19-tolliste velgede ja Pirelli P Zero rehvide taga.<\/p>\n<p>Siiski ei n\u00e4e see kahekohaline auto v\u00e4lja nii, nagu ta n\u00e4eb v\u00e4lja ainult n\u00e4ituse jaoks, sest enamik selle kere kuju on kujundatud aerod\u00fcnaamika parandamiseks ja allasurvej\u00f5u tekitamiseks. Ja sellisena n\u00e4itab McLaren 720S, et vormi ja funktsiooni saab \u00fchendada t\u00e4iuslikus harmoonias.<\/p>\n<h2>Sisustus<\/h2>\n<p>McLareni Alcantara ja s\u00fcsinikkiust riietatud interj\u00f6\u00f6r paljastab veelgi, kui r\u00f6\u00f6basteele orienteeritud see auto on. Esimene neist on paar sportlikke istmeid, mis on kujundatud nii, et need hoiavad juhti ja kaass\u00f5itjat teravates nurkades kindlalt kinni. Seej\u00e4rel on kolmekohaline nahkattega rool, mis raamib digitaalset armatuurikomplekti. Standardre\u017eiimis kuvab see erinevaid mootori ja s\u00f5iduki parameetreid, n\u00e4iteks kiirust ja mootori temperatuuri. Kui aga l\u00fclitatakse sisse r\u00f6\u00f6bastee re\u017eiim, kallutatakse kogu klaster allapoole, paljastades selle \u00fclaosas v\u00e4ikese ekraani, mis n\u00e4itab ainult p\u00f6\u00f6rlemissageduse loendurit, kiirust ja valitud k\u00e4iku. Keskkonsool on h\u00f5re, kuid funktsionaalselt varustatud oluliste nuppude ja nuppudega, millele lisandub juhile suunatud keskne puuteekraan.<\/p>\n<h2>Mehaanika<\/h2>\n<p>Elegantne ja aerod\u00fcnaamiliselt kujundatud naha all on 720S-i s\u00fcsinikdioksiidist monokokk-karkass, mida McLaren nimetab MonoCage&#8217;iks. See F1-st inspireeritud konstruktsioon ei ole mitte ainult kerge, vaid ka \u00e4\u00e4rmiselt j\u00e4ik, mis v\u00e4hendab kere paindumist raskete kurvide l\u00e4bimisel.<\/p>\n<p>Iga super-sportauto s\u00fcda on mootor, mis McLareni puhul on paigaldatud otse istmete taha. Tehase varustuses arendab seal peidus olev V8-turbolaadur 720 hobuj\u00f5udu &#8211; see on number, millele auto oma nime v\u00f5lgneb &#8211; ja h\u00e4mmastavat 770 Nm p\u00f6\u00f6rdemomenti. V\u00f5imsus saadetakse tagaratastele l\u00e4bi hoogsa 7-k\u00e4igulise topeltsiduriga k\u00e4igukasti.<\/p>\n<p>Ja k\u00f5ik see on vaid 1400 kilogrammi kaaluvas autos enam kui piisav, et tagada suurep\u00e4rane juhitavus ja j\u00f5udlus. Numbriliselt t\u00e4hendab see kiirendust 0-60 2,9 sekundiga ja tippkiirust 212 miili tunnis. Kuid see ei ole siiski tavaline, tehases h\u00e4\u00e4lestatud McLaren 720S. Selle asemel on omanik paigaldanud sellele Litchfield Custom Tune&#8217;i, mis t\u00f5stab mootori v\u00f5imsuse 800 hobuj\u00f5uni.<\/p>\n<h2>S\u00f5iduki ajalugu<\/h2>\n<p>M\u00fc\u00fcja v\u00e4idab, et k\u00f5ik hooldust\u00f6\u00f6d tehti regulaarselt, viimane hooldus tehti oktoobris 2022. Praegu ei ole armatuurlaual teadaolevaid vigu ega hoiatusi. Lisaks sellele ei ole esitatud fotode p\u00f5hjal n\u00e4ha, et kere puudusi oleks teatatud.<\/p>\n","protected":false},"excerpt":{"rendered":"<p>M\u00fc\u00fcgil on siin McLaren 720S, mis on vaieldamatult \u00fcks oma klassi parimaid autosid. T\u00e4nu V8-turbomootorile ja tipptasemel vedrustusele on see kupee nii sirgetel kui ka kurvides v\u00e4ga kiire. Oksjonit korraldava professionaalse m\u00fc\u00fcja s\u00f5nul on see 2017. aasta McLaren 720S laitmatu, t\u00e4ielikult hooldatud ja ei ole osalenud \u00fcheski \u00f5nnetuses. Ja seni on see l\u00e4binud veidi \u00fcle 4000 miili ning asub praegu \u00dchendkuningriigis.<\/p>\n","protected":false},"featured_media":39153,"comment_status":"open","ping_status":"closed","template":"","meta":{"inline_featured_image":false},"product_cat":[736],"product_tag":[1656,1651,925,1646],"acf":[],"yoast_head":"<!-- This site is optimized with the Yoast SEO plugin v22.5 - https:\/\/yoast.com\/wordpress\/plugins\/seo\/ -->\n<title>oksjon - Piston Addict<\/title>\n<meta name=\"description\" content=\"Vaadake seda McLaren 720S oksjonil m\u00fc\u00fcgiks PistonAddict.com veebilehel\" \/>\n<meta name=\"robots\" content=\"index, follow, max-snippet:-1, max-image-preview:large, max-video-preview:-1\" \/>\n<link rel=\"canonical\" href=\"https:\/\/pistonaddict.com\/et\/product\/mclaren-720s\/\" \/>\n<meta property=\"og:locale\" content=\"et_EE\" \/>\n<meta property=\"og:type\" content=\"article\" \/>\n<meta property=\"og:title\" content=\"oksjon - Piston Addict\" \/>\n<meta property=\"og:description\" content=\"Vaadake seda McLaren 720S oksjonil m\u00fc\u00fcgiks PistonAddict.com veebilehel\" \/>\n<meta property=\"og:url\" content=\"https:\/\/pistonaddict.com\/et\/product\/mclaren-720s\/\" \/>\n<meta property=\"og:site_name\" content=\"Piston Addict\" \/>\n<meta property=\"article:modified_time\" content=\"2024-03-19T16:50:55+00:00\" \/>\n<meta property=\"og:image\" content=\"https:\/\/pistonaddict.com\/wp-content\/uploads\/2023\/04\/LuxurycarLondonApril11PistonAddict_0851-scaled.jpg\" \/>\n\t<meta property=\"og:image:width\" content=\"2560\" \/>\n\t<meta property=\"og:image:height\" content=\"1534\" \/>\n\t<meta property=\"og:image:type\" content=\"image\/jpeg\" \/>\n<meta name=\"twitter:card\" content=\"summary_large_image\" \/>\n<meta name=\"twitter:label1\" content=\"Est. reading time\" \/>\n\t<meta name=\"twitter:data1\" content=\"2 minutit\" \/>\n<script type=\"application\/ld+json\" class=\"yoast-schema-graph\">{\"@context\":\"https:\/\/schema.org\",\"@graph\":[{\"@type\":\"WebPage\",\"@id\":\"https:\/\/pistonaddict.com\/et\/product\/mclaren-720s\/\",\"url\":\"https:\/\/pistonaddict.com\/et\/product\/mclaren-720s\/\",\"name\":\"oksjon - Piston Addict\",\"isPartOf\":{\"@id\":\"https:\/\/pistonaddict.com\/et\/#website\"},\"primaryImageOfPage\":{\"@id\":\"https:\/\/pistonaddict.com\/et\/product\/mclaren-720s\/#primaryimage\"},\"image\":{\"@id\":\"https:\/\/pistonaddict.com\/et\/product\/mclaren-720s\/#primaryimage\"},\"thumbnailUrl\":\"https:\/\/pistonaddict.com\/wp-content\/uploads\/2023\/04\/LuxurycarLondonApril11PistonAddict_0851-scaled.jpg\",\"datePublished\":\"2023-04-19T15:31:19+00:00\",\"dateModified\":\"2024-03-19T16:50:55+00:00\",\"description\":\"Vaadake seda McLaren 720S oksjonil m\u00fc\u00fcgiks PistonAddict.com veebilehel\",\"breadcrumb\":{\"@id\":\"https:\/\/pistonaddict.com\/et\/product\/mclaren-720s\/#breadcrumb\"},\"inLanguage\":\"et\",\"potentialAction\":[{\"@type\":\"ReadAction\",\"target\":[\"https:\/\/pistonaddict.com\/et\/product\/mclaren-720s\/\"]}]},{\"@type\":\"ImageObject\",\"inLanguage\":\"et\",\"@id\":\"https:\/\/pistonaddict.com\/et\/product\/mclaren-720s\/#primaryimage\",\"url\":\"https:\/\/pistonaddict.com\/wp-content\/uploads\/2023\/04\/LuxurycarLondonApril11PistonAddict_0851-scaled.jpg\",\"contentUrl\":\"https:\/\/pistonaddict.com\/wp-content\/uploads\/2023\/04\/LuxurycarLondonApril11PistonAddict_0851-scaled.jpg\",\"width\":2560,\"height\":1534},{\"@type\":\"BreadcrumbList\",\"@id\":\"https:\/\/pistonaddict.com\/et\/product\/mclaren-720s\/#breadcrumb\",\"itemListElement\":[{\"@type\":\"ListItem\",\"position\":1,\"name\":\"Koduleht\",\"item\":\"https:\/\/pistonaddict.com\/et\/koduleht-2\/\"},{\"@type\":\"ListItem\",\"position\":2,\"name\":\"Auctions\",\"item\":\"https:\/\/pistonaddict.com\/auctions-listing\/\"},{\"@type\":\"ListItem\",\"position\":3,\"name\":\"McLaren 720S\"}]},{\"@type\":\"WebSite\",\"@id\":\"https:\/\/pistonaddict.com\/et\/#website\",\"url\":\"https:\/\/pistonaddict.com\/et\/\",\"name\":\"Piston Addict\",\"description\":\"Only interesting vehicles\",\"publisher\":{\"@id\":\"https:\/\/pistonaddict.com\/et\/#organization\"},\"potentialAction\":[{\"@type\":\"SearchAction\",\"target\":{\"@type\":\"EntryPoint\",\"urlTemplate\":\"https:\/\/pistonaddict.com\/et\/?s={search_term_string}\"},\"query-input\":\"required name=search_term_string\"}],\"inLanguage\":\"et\"},{\"@type\":\"Organization\",\"@id\":\"https:\/\/pistonaddict.com\/et\/#organization\",\"name\":\"Piston Addict\",\"url\":\"https:\/\/pistonaddict.com\/et\/\",\"logo\":{\"@type\":\"ImageObject\",\"inLanguage\":\"et\",\"@id\":\"https:\/\/pistonaddict.com\/et\/#\/schema\/logo\/image\/\",\"url\":\"https:\/\/pistonaddict.com\/wp-content\/uploads\/2022\/07\/logo-6.png\",\"contentUrl\":\"https:\/\/pistonaddict.com\/wp-content\/uploads\/2022\/07\/logo-6.png\",\"width\":970,\"height\":200,\"caption\":\"Piston Addict\"},\"image\":{\"@id\":\"https:\/\/pistonaddict.com\/et\/#\/schema\/logo\/image\/\"}}]}<\/script>\n<!-- \/ Yoast SEO plugin. -->","yoast_head_json":{"title":"oksjon - Piston Addict","description":"Vaadake seda McLaren 720S oksjonil m\u00fc\u00fcgiks PistonAddict.com veebilehel","robots":{"index":"index","follow":"follow","max-snippet":"max-snippet:-1","max-image-preview":"max-image-preview:large","max-video-preview":"max-video-preview:-1"},"canonical":"https:\/\/pistonaddict.com\/et\/product\/mclaren-720s\/","og_locale":"et_EE","og_type":"article","og_title":"oksjon - Piston Addict","og_description":"Vaadake seda McLaren 720S oksjonil m\u00fc\u00fcgiks PistonAddict.com veebilehel","og_url":"https:\/\/pistonaddict.com\/et\/product\/mclaren-720s\/","og_site_name":"Piston Addict","article_modified_time":"2024-03-19T16:50:55+00:00","og_image":[{"width":2560,"height":1534,"url":"https:\/\/pistonaddict.com\/wp-content\/uploads\/2023\/04\/LuxurycarLondonApril11PistonAddict_0851-scaled.jpg","type":"image\/jpeg"}],"twitter_card":"summary_large_image","twitter_misc":{"Est. reading time":"2 minutit"},"schema":{"@context":"https:\/\/schema.org","@graph":[{"@type":"WebPage","@id":"https:\/\/pistonaddict.com\/et\/product\/mclaren-720s\/","url":"https:\/\/pistonaddict.com\/et\/product\/mclaren-720s\/","name":"oksjon - Piston Addict","isPartOf":{"@id":"https:\/\/pistonaddict.com\/et\/#website"},"primaryImageOfPage":{"@id":"https:\/\/pistonaddict.com\/et\/product\/mclaren-720s\/#primaryimage"},"image":{"@id":"https:\/\/pistonaddict.com\/et\/product\/mclaren-720s\/#primaryimage"},"thumbnailUrl":"https:\/\/pistonaddict.com\/wp-content\/uploads\/2023\/04\/LuxurycarLondonApril11PistonAddict_0851-scaled.jpg","datePublished":"2023-04-19T15:31:19+00:00","dateModified":"2024-03-19T16:50:55+00:00","description":"Vaadake seda McLaren 720S oksjonil m\u00fc\u00fcgiks PistonAddict.com veebilehel","breadcrumb":{"@id":"https:\/\/pistonaddict.com\/et\/product\/mclaren-720s\/#breadcrumb"},"inLanguage":"et","potentialAction":[{"@type":"ReadAction","target":["https:\/\/pistonaddict.com\/et\/product\/mclaren-720s\/"]}]},{"@type":"ImageObject","inLanguage":"et","@id":"https:\/\/pistonaddict.com\/et\/product\/mclaren-720s\/#primaryimage","url":"https:\/\/pistonaddict.com\/wp-content\/uploads\/2023\/04\/LuxurycarLondonApril11PistonAddict_0851-scaled.jpg","contentUrl":"https:\/\/pistonaddict.com\/wp-content\/uploads\/2023\/04\/LuxurycarLondonApril11PistonAddict_0851-scaled.jpg","width":2560,"height":1534},{"@type":"BreadcrumbList","@id":"https:\/\/pistonaddict.com\/et\/product\/mclaren-720s\/#breadcrumb","itemListElement":[{"@type":"ListItem","position":1,"name":"Koduleht","item":"https:\/\/pistonaddict.com\/et\/koduleht-2\/"},{"@type":"ListItem","position":2,"name":"Auctions","item":"https:\/\/pistonaddict.com\/auctions-listing\/"},{"@type":"ListItem","position":3,"name":"McLaren 720S"}]},{"@type":"WebSite","@id":"https:\/\/pistonaddict.com\/et\/#website","url":"https:\/\/pistonaddict.com\/et\/","name":"Piston Addict","description":"Only interesting vehicles","publisher":{"@id":"https:\/\/pistonaddict.com\/et\/#organization"},"potentialAction":[{"@type":"SearchAction","target":{"@type":"EntryPoint","urlTemplate":"https:\/\/pistonaddict.com\/et\/?s={search_term_string}"},"query-input":"required name=search_term_string"}],"inLanguage":"et"},{"@type":"Organization","@id":"https:\/\/pistonaddict.com\/et\/#organization","name":"Piston Addict","url":"https:\/\/pistonaddict.com\/et\/","logo":{"@type":"ImageObject","inLanguage":"et","@id":"https:\/\/pistonaddict.com\/et\/#\/schema\/logo\/image\/","url":"https:\/\/pistonaddict.com\/wp-content\/uploads\/2022\/07\/logo-6.png","contentUrl":"https:\/\/pistonaddict.com\/wp-content\/uploads\/2022\/07\/logo-6.png","width":970,"height":200,"caption":"Piston Addict"},"image":{"@id":"https:\/\/pistonaddict.com\/et\/#\/schema\/logo\/image\/"}}]}},"_links":{"self":[{"href":"https:\/\/pistonaddict.com\/et\/wp-json\/wp\/v2\/product\/39223"}],"collection":[{"href":"https:\/\/pistonaddict.com\/et\/wp-json\/wp\/v2\/product"}],"about":[{"href":"https:\/\/pistonaddict.com\/et\/wp-json\/wp\/v2\/types\/product"}],"replies":[{"embeddable":true,"href":"https:\/\/pistonaddict.com\/et\/wp-json\/wp\/v2\/comments?post=39223"}],"wp:featuredmedia":[{"embeddable":true,"href":"https:\/\/pistonaddict.com\/et\/wp-json\/wp\/v2\/media\/39153"}],"wp:attachment":[{"href":"https:\/\/pistonaddict.com\/et\/wp-json\/wp\/v2\/media?parent=39223"}],"wp:term":[{"taxonomy":"product_cat","embeddable":true,"href":"https:\/\/pistonaddict.com\/et\/wp-json\/wp\/v2\/product_cat?post=39223"},{"taxonomy":"product_tag","embeddable":true,"href":"https:\/\/pistonaddict.com\/et\/wp-json\/wp\/v2\/product_tag?post=39223"}],"curies":[{"name":"wp","href":"https:\/\/api.w.org\/{rel}","templated":true}]}}