{"id":37946,"date":"2023-04-19T16:55:04","date_gmt":"2023-04-19T14:55:04","guid":{"rendered":"https:\/\/pistonaddict.com\/product\/ferrari-412\/"},"modified":"2024-03-19T17:50:33","modified_gmt":"2024-03-19T16:50:33","slug":"ferrari-412","status":"publish","type":"product","link":"https:\/\/pistonaddict.com\/et\/product\/ferrari-412\/","title":{"rendered":"Ferrari 412"},"content":{"rendered":"<p><strong>Auto ajalugu<\/strong><\/p>\n<p>Ferrari 412 esitleti 1985. aastal ettev\u00f5tte tipptootena GT, mis pakub ruumi neljale reisijale ja avarat pagasiruumi. Selle mootoriks on klassikaline Colombo V12 mootor, mille t\u00f6\u00f6maht on 4,9 liitrit, ja see on \u00fcks Ferrari GT ajastu viimastest versioonidest. 340 hj, mis annab tagaratastele j\u00f5udu Borg-Warneri automaatk\u00e4igukasti kaudu, v\u00f5imaldab see Ferrari 412 saavutada 100 km\/h vaid 6,5 sekundiga ja kiirendada kuni 260 km\/h tippkiirusele. See konkreetne n\u00e4ide on \u00fcks viimaseid toodetud, mis tarniti esimesele omanikule 1988. aasta novembris. Tootmine l\u00f5ppes 1989. aastal, kui tarniti 576 autot, millest ainult 306 olid automaatk\u00e4igukastiga. Viimane hooldus tehti 2021. aasta aprillis ja auto on sellest ajast peale vaevalt kasutatud.<\/p>\n<p><strong>Auto seisund<\/strong><\/p>\n<p>Selle elegantse GT muudab nii ahvatlevaks selle seisukord. V\u00e4hem kui 37 000 kilomeetrit uuest, see on t\u00e4iesti s\u00e4ilinud n\u00e4ide 80ndate Ferrari elegantsi. Seda autot ei ole kunagi restaureeritud ja see on m\u00e4rkimisv\u00e4\u00e4rses originaalseisundis, kuni originaalrataste, t\u00f6\u00f6riistakomplekti (hinnatud detail Ferrari kollektsion\u00e4\u00e4ride seas) ja tehasekorrektsete rehvidega, mis on t\u00e4nap\u00e4eval \u00fcsna ebatavaline. See Ferrari 412 oli piisavalt hooldatud ja garaa\u017eis hoitud, mis on \u00fcks p\u00f5hjusi, miks see n\u00e4eb v\u00e4lja nagu uus. Alusp\u00f5hjas ei ole \u00f5lilekkeid, mootoriruum on korras ning k\u00f5ik originaaltemplid ja -m\u00e4rgised on olemas.<\/p>\n<p><strong>Sisustus<\/strong><\/p>\n<p>Selle 1988. aasta Ferrari 412 interj\u00f6\u00f6r on ootusp\u00e4raselt kaetud nahaga ning musta v\u00e4liskuju ja p\u00e4evakaspruunide istmete v\u00e4rvikombinatsioon on eriti ahvatlev. N\u00e4htavaid kahjustusi ei ole, istmed, uksekaardid ja armatuurlaud on laitmatus korras. Loomulikult on luksuslik GT, mida see Ferrari 412 kindlasti on, siseruum t\u00e4is mugavusi, elektrilisi lisaseadmeid ja toimivat kliimaseadet. Ainus asi, mis ei ole originaal, on audios\u00fcsteemi peaosa, mis on vahetatud kaasaegse vastu.<\/p>\n<p><strong>V\u00e4limus ja rattad<\/strong><\/p>\n<p>K\u00f5ik v\u00e4lised kaunistused, liistud ja plastist osad n\u00e4evad v\u00e4lja t\u00e4iuslikus korras ja roostet ei ole, nagu v\u00f5ib eeldada h\u00e4sti hooldatud s\u00f5idukilt. Ei ole kriimustusi ega m\u00f5lke ning v\u00e4rv on ideaalses seisukorras. Huvitav on see, et autol on s\u00e4ilinud originaalveljed ja TRX-kummid, mis tal olid uue auto puhul. M\u00f5ned Ferrari 412 omanikud vahetasid veljed moodsamate vastu, kuna TRX rehve on raske leida, kuid selle eksemplari omanik j\u00e4i truuks originaalsetele spetsifikatsioonidele, mis on tore ja n\u00e4itab, kui h\u00e4sti auto eest hoolitseti.<\/p>\n<p><strong>Dokumentatsioon<\/strong><\/p>\n<p>Tegemist on eraomanduses oleva s\u00f5idukiga, millel on asjakohased dokumendid ja mis asub Londonis, \u00dchendkuningriigis. CarVerticali aruanne on puhas; puuduvad t\u00f5endid \u00f5nnetuste, \u00f5nnetusremondi v\u00f5i \u00f5iguslike probleemide kohta. Regulaarse hoolduse kohta on olemas andmed.<\/p>\n","protected":false},"excerpt":{"rendered":"<p>Ferrari V12 GT-d olid alati suurep\u00e4rased s\u00f5idumasinad, mis olid v\u00f5imelised h\u00fcppama suure kiirusega \u00fcle mandrite ja pakkuma muljetavaldavat mugavust, ja see 1988. aasta 412 ei erine sellest. Soovitud hilisem mudel omab k\u00f5iki suurep\u00e4rase investeeringu Ferrari koostisosi v\u00f5imsa V12 mootori, t\u00e4iusliku v\u00e4rvikombinatsiooni ja laitmatu seisundi, millel on uuest aastast vaid 37 000 kilomeetrit.<\/p>\n","protected":false},"featured_media":37874,"comment_status":"open","ping_status":"closed","template":"","meta":{"inline_featured_image":false},"product_cat":[736],"product_tag":[1571,1577,925,1574],"acf":[],"yoast_head":"<!-- This site is optimized with the Yoast SEO plugin v22.5 - https:\/\/yoast.com\/wordpress\/plugins\/seo\/ -->\n<title>oksjon - Piston Addict<\/title>\n<meta name=\"description\" content=\"Vaadake seda PistonAddict.com oksjonil m\u00fc\u00fcdavat Ferrari 412, millel on automaatk\u00e4igukast ja ainult 36 971 km.\" \/>\n<meta name=\"robots\" content=\"index, follow, max-snippet:-1, max-image-preview:large, max-video-preview:-1\" \/>\n<link rel=\"canonical\" href=\"https:\/\/pistonaddict.com\/et\/product\/ferrari-412\/\" \/>\n<meta property=\"og:locale\" content=\"et_EE\" \/>\n<meta property=\"og:type\" content=\"article\" \/>\n<meta property=\"og:title\" content=\"oksjon - Piston Addict\" \/>\n<meta property=\"og:description\" content=\"Vaadake seda PistonAddict.com oksjonil m\u00fc\u00fcdavat Ferrari 412, millel on automaatk\u00e4igukast ja ainult 36 971 km.\" \/>\n<meta property=\"og:url\" content=\"https:\/\/pistonaddict.com\/et\/product\/ferrari-412\/\" \/>\n<meta property=\"og:site_name\" content=\"Piston Addict\" \/>\n<meta property=\"article:modified_time\" content=\"2024-03-19T16:50:33+00:00\" \/>\n<meta property=\"og:image\" content=\"https:\/\/pistonaddict.com\/wp-content\/uploads\/2023\/04\/LuxurycarLondonApril11PistonAddict_0358-scaled.jpg\" \/>\n\t<meta property=\"og:image:width\" content=\"2560\" \/>\n\t<meta property=\"og:image:height\" content=\"1737\" \/>\n\t<meta property=\"og:image:type\" content=\"image\/jpeg\" \/>\n<meta name=\"twitter:card\" content=\"summary_large_image\" \/>\n<meta name=\"twitter:label1\" content=\"Est. reading time\" \/>\n\t<meta name=\"twitter:data1\" content=\"2 minutit\" \/>\n<script type=\"application\/ld+json\" class=\"yoast-schema-graph\">{\"@context\":\"https:\/\/schema.org\",\"@graph\":[{\"@type\":\"WebPage\",\"@id\":\"https:\/\/pistonaddict.com\/et\/product\/ferrari-412\/\",\"url\":\"https:\/\/pistonaddict.com\/et\/product\/ferrari-412\/\",\"name\":\"oksjon - Piston Addict\",\"isPartOf\":{\"@id\":\"https:\/\/pistonaddict.com\/et\/#website\"},\"primaryImageOfPage\":{\"@id\":\"https:\/\/pistonaddict.com\/et\/product\/ferrari-412\/#primaryimage\"},\"image\":{\"@id\":\"https:\/\/pistonaddict.com\/et\/product\/ferrari-412\/#primaryimage\"},\"thumbnailUrl\":\"https:\/\/pistonaddict.com\/wp-content\/uploads\/2023\/04\/LuxurycarLondonApril11PistonAddict_0358-scaled.jpg\",\"datePublished\":\"2023-04-19T14:55:04+00:00\",\"dateModified\":\"2024-03-19T16:50:33+00:00\",\"description\":\"Vaadake seda PistonAddict.com oksjonil m\u00fc\u00fcdavat Ferrari 412, millel on automaatk\u00e4igukast ja ainult 36 971 km.\",\"breadcrumb\":{\"@id\":\"https:\/\/pistonaddict.com\/et\/product\/ferrari-412\/#breadcrumb\"},\"inLanguage\":\"et\",\"potentialAction\":[{\"@type\":\"ReadAction\",\"target\":[\"https:\/\/pistonaddict.com\/et\/product\/ferrari-412\/\"]}]},{\"@type\":\"ImageObject\",\"inLanguage\":\"et\",\"@id\":\"https:\/\/pistonaddict.com\/et\/product\/ferrari-412\/#primaryimage\",\"url\":\"https:\/\/pistonaddict.com\/wp-content\/uploads\/2023\/04\/LuxurycarLondonApril11PistonAddict_0358-scaled.jpg\",\"contentUrl\":\"https:\/\/pistonaddict.com\/wp-content\/uploads\/2023\/04\/LuxurycarLondonApril11PistonAddict_0358-scaled.jpg\",\"width\":2560,\"height\":1737},{\"@type\":\"BreadcrumbList\",\"@id\":\"https:\/\/pistonaddict.com\/et\/product\/ferrari-412\/#breadcrumb\",\"itemListElement\":[{\"@type\":\"ListItem\",\"position\":1,\"name\":\"Koduleht\",\"item\":\"https:\/\/pistonaddict.com\/et\/koduleht-2\/\"},{\"@type\":\"ListItem\",\"position\":2,\"name\":\"Auctions\",\"item\":\"https:\/\/pistonaddict.com\/auctions-listing\/\"},{\"@type\":\"ListItem\",\"position\":3,\"name\":\"Ferrari 412\"}]},{\"@type\":\"WebSite\",\"@id\":\"https:\/\/pistonaddict.com\/et\/#website\",\"url\":\"https:\/\/pistonaddict.com\/et\/\",\"name\":\"Piston Addict\",\"description\":\"Only interesting vehicles\",\"publisher\":{\"@id\":\"https:\/\/pistonaddict.com\/et\/#organization\"},\"potentialAction\":[{\"@type\":\"SearchAction\",\"target\":{\"@type\":\"EntryPoint\",\"urlTemplate\":\"https:\/\/pistonaddict.com\/et\/?s={search_term_string}\"},\"query-input\":\"required name=search_term_string\"}],\"inLanguage\":\"et\"},{\"@type\":\"Organization\",\"@id\":\"https:\/\/pistonaddict.com\/et\/#organization\",\"name\":\"Piston Addict\",\"url\":\"https:\/\/pistonaddict.com\/et\/\",\"logo\":{\"@type\":\"ImageObject\",\"inLanguage\":\"et\",\"@id\":\"https:\/\/pistonaddict.com\/et\/#\/schema\/logo\/image\/\",\"url\":\"https:\/\/pistonaddict.com\/wp-content\/uploads\/2022\/07\/logo-6.png\",\"contentUrl\":\"https:\/\/pistonaddict.com\/wp-content\/uploads\/2022\/07\/logo-6.png\",\"width\":970,\"height\":200,\"caption\":\"Piston Addict\"},\"image\":{\"@id\":\"https:\/\/pistonaddict.com\/et\/#\/schema\/logo\/image\/\"}}]}<\/script>\n<!-- \/ Yoast SEO plugin. -->","yoast_head_json":{"title":"oksjon - Piston Addict","description":"Vaadake seda PistonAddict.com oksjonil m\u00fc\u00fcdavat Ferrari 412, millel on automaatk\u00e4igukast ja ainult 36 971 km.","robots":{"index":"index","follow":"follow","max-snippet":"max-snippet:-1","max-image-preview":"max-image-preview:large","max-video-preview":"max-video-preview:-1"},"canonical":"https:\/\/pistonaddict.com\/et\/product\/ferrari-412\/","og_locale":"et_EE","og_type":"article","og_title":"oksjon - Piston Addict","og_description":"Vaadake seda PistonAddict.com oksjonil m\u00fc\u00fcdavat Ferrari 412, millel on automaatk\u00e4igukast ja ainult 36 971 km.","og_url":"https:\/\/pistonaddict.com\/et\/product\/ferrari-412\/","og_site_name":"Piston Addict","article_modified_time":"2024-03-19T16:50:33+00:00","og_image":[{"width":2560,"height":1737,"url":"https:\/\/pistonaddict.com\/wp-content\/uploads\/2023\/04\/LuxurycarLondonApril11PistonAddict_0358-scaled.jpg","type":"image\/jpeg"}],"twitter_card":"summary_large_image","twitter_misc":{"Est. reading time":"2 minutit"},"schema":{"@context":"https:\/\/schema.org","@graph":[{"@type":"WebPage","@id":"https:\/\/pistonaddict.com\/et\/product\/ferrari-412\/","url":"https:\/\/pistonaddict.com\/et\/product\/ferrari-412\/","name":"oksjon - Piston Addict","isPartOf":{"@id":"https:\/\/pistonaddict.com\/et\/#website"},"primaryImageOfPage":{"@id":"https:\/\/pistonaddict.com\/et\/product\/ferrari-412\/#primaryimage"},"image":{"@id":"https:\/\/pistonaddict.com\/et\/product\/ferrari-412\/#primaryimage"},"thumbnailUrl":"https:\/\/pistonaddict.com\/wp-content\/uploads\/2023\/04\/LuxurycarLondonApril11PistonAddict_0358-scaled.jpg","datePublished":"2023-04-19T14:55:04+00:00","dateModified":"2024-03-19T16:50:33+00:00","description":"Vaadake seda PistonAddict.com oksjonil m\u00fc\u00fcdavat Ferrari 412, millel on automaatk\u00e4igukast ja ainult 36 971 km.","breadcrumb":{"@id":"https:\/\/pistonaddict.com\/et\/product\/ferrari-412\/#breadcrumb"},"inLanguage":"et","potentialAction":[{"@type":"ReadAction","target":["https:\/\/pistonaddict.com\/et\/product\/ferrari-412\/"]}]},{"@type":"ImageObject","inLanguage":"et","@id":"https:\/\/pistonaddict.com\/et\/product\/ferrari-412\/#primaryimage","url":"https:\/\/pistonaddict.com\/wp-content\/uploads\/2023\/04\/LuxurycarLondonApril11PistonAddict_0358-scaled.jpg","contentUrl":"https:\/\/pistonaddict.com\/wp-content\/uploads\/2023\/04\/LuxurycarLondonApril11PistonAddict_0358-scaled.jpg","width":2560,"height":1737},{"@type":"BreadcrumbList","@id":"https:\/\/pistonaddict.com\/et\/product\/ferrari-412\/#breadcrumb","itemListElement":[{"@type":"ListItem","position":1,"name":"Koduleht","item":"https:\/\/pistonaddict.com\/et\/koduleht-2\/"},{"@type":"ListItem","position":2,"name":"Auctions","item":"https:\/\/pistonaddict.com\/auctions-listing\/"},{"@type":"ListItem","position":3,"name":"Ferrari 412"}]},{"@type":"WebSite","@id":"https:\/\/pistonaddict.com\/et\/#website","url":"https:\/\/pistonaddict.com\/et\/","name":"Piston Addict","description":"Only interesting vehicles","publisher":{"@id":"https:\/\/pistonaddict.com\/et\/#organization"},"potentialAction":[{"@type":"SearchAction","target":{"@type":"EntryPoint","urlTemplate":"https:\/\/pistonaddict.com\/et\/?s={search_term_string}"},"query-input":"required name=search_term_string"}],"inLanguage":"et"},{"@type":"Organization","@id":"https:\/\/pistonaddict.com\/et\/#organization","name":"Piston Addict","url":"https:\/\/pistonaddict.com\/et\/","logo":{"@type":"ImageObject","inLanguage":"et","@id":"https:\/\/pistonaddict.com\/et\/#\/schema\/logo\/image\/","url":"https:\/\/pistonaddict.com\/wp-content\/uploads\/2022\/07\/logo-6.png","contentUrl":"https:\/\/pistonaddict.com\/wp-content\/uploads\/2022\/07\/logo-6.png","width":970,"height":200,"caption":"Piston Addict"},"image":{"@id":"https:\/\/pistonaddict.com\/et\/#\/schema\/logo\/image\/"}}]}},"_links":{"self":[{"href":"https:\/\/pistonaddict.com\/et\/wp-json\/wp\/v2\/product\/37946"}],"collection":[{"href":"https:\/\/pistonaddict.com\/et\/wp-json\/wp\/v2\/product"}],"about":[{"href":"https:\/\/pistonaddict.com\/et\/wp-json\/wp\/v2\/types\/product"}],"replies":[{"embeddable":true,"href":"https:\/\/pistonaddict.com\/et\/wp-json\/wp\/v2\/comments?post=37946"}],"wp:featuredmedia":[{"embeddable":true,"href":"https:\/\/pistonaddict.com\/et\/wp-json\/wp\/v2\/media\/37874"}],"wp:attachment":[{"href":"https:\/\/pistonaddict.com\/et\/wp-json\/wp\/v2\/media?parent=37946"}],"wp:term":[{"taxonomy":"product_cat","embeddable":true,"href":"https:\/\/pistonaddict.com\/et\/wp-json\/wp\/v2\/product_cat?post=37946"},{"taxonomy":"product_tag","embeddable":true,"href":"https:\/\/pistonaddict.com\/et\/wp-json\/wp\/v2\/product_tag?post=37946"}],"curies":[{"name":"wp","href":"https:\/\/api.w.org\/{rel}","templated":true}]}}