{"id":35646,"date":"2023-04-19T15:45:16","date_gmt":"2023-04-19T13:45:16","guid":{"rendered":"https:\/\/pistonaddict.com\/product\/bmw-m4\/"},"modified":"2024-03-19T17:50:08","modified_gmt":"2024-03-19T16:50:08","slug":"bmw-m4","status":"publish","type":"product","link":"https:\/\/pistonaddict.com\/et\/product\/bmw-m4\/","title":{"rendered":"BMW M4"},"content":{"rendered":"<p><strong>Auto ajalugu<\/strong><\/p>\n<p>F82-seeria M4 oli BMW jaoks suur samm, kui see 2014. aastal deb\u00fcteeris. See oli esimene M Product, millel oli turbolaadimisega kuuesilindriline mootor, elektriline rooliv\u00f5imendi ja ulatuslik s\u00fcsinikkiudude kasutamine auto konstruktsioonis. Tulemuseks oli fantastiline s\u00f5idumasin, mille v\u00f5imsus oli 425 hobuj\u00f5udu, tasakaalustatud vedrustus ja suurep\u00e4rane j\u00f5udlus. F82 oli ka esimene mudel, mis kasutas M4-m\u00e4rki, mis oli M3 kupeeversiooni nimetus. See konkreetne n\u00e4ide on toodetud 2017. aastal ning on soovitavam ja t\u00e4iustatud hilisem mudel. K\u00f5ige huvitavam on aga selle auto spetsifikatsioon, seisukord ja l\u00e4bis\u00f5it. Veidi \u00fcle 2000 miili (3500 km) l\u00e4bitud ajaga on tegemist praktiliselt t\u00e4iesti uue autoga, mis teeb sellest investeerimisk\u00f5lbliku s\u00f5iduki. Kuid ka see M4 on tugevalt opteeritud ja maitsekalt modifitseeritud, et pakkuda rohkem v\u00f5imsust, paremat juhitavust ja muljetavaldavat \u00fcldist s\u00f5idud\u00fcnaamikat. Selle tellis BMW VIP-klient, kes teadis t\u00e4pselt, kuidas M4i t\u00e4iuslikuks muuta.<\/p>\n<p><strong> <\/strong><strong>Tingimus<\/strong><\/p>\n<p>Minimaalne l\u00e4bis\u00f5it tagab, et see M4 on t\u00e4iuslikus seisukorras, ilma mehaaniliste rikete, \u00f5nnetusjuhtumite kahjustuste ja hiljutise hooldusega, mis teostati 2022. aasta veebruaris. Kuid lisaks muljetavaldavale tehaseseadmete loetelule on sellel konkreetsel s\u00f5idukil ka modifitseeritud vedrustus ja see istub madalamal kui originaalvarustus, mis tagab veelgi parema juhitavuse ja s\u00f5idutunnetuse. Kuid see on alles algus, sest selle auto esialgne omanik paigaldas akrapovi\u010d&#8217;i titaanist v\u00e4ljalaskes\u00fcsteemi koos s\u00fcsinikuotsikutega, mis t\u00e4iustab selle kuulsa sirgjoonelise kuues mootoriga mootori heli. V\u00e4lisviimistlust t\u00e4iendati eesmise s\u00fcsiniku splitteri, tagumise spoileri ja j\u00e4relturu veljedega. Huvitav on see, et kuigi 425 hobuj\u00f5udu on \u00fcsna palju, suurendas algne omanik j\u00f5udlust ja mootor annab n\u00fc\u00fcd 510 hobuj\u00f5udu, mis teeb sellest M4-st t\u00f5epoolest p\u00e4deva auto. K\u00e4igukasti valikuks on BMW 7-k\u00e4iguline DCT-automaat, mis on arukas valik, mis \u00fchendab endas mugavuse ja j\u00f5udluse. See s\u00f5iduk on varustatud lisavarustusena tellitavate keraamiliste piduriketastega.<\/p>\n<p><strong>Sisustus<\/strong><\/p>\n<p>M-spetsiifiliste istmete ja s\u00fcsinikuaktsentidega musta nahaga viimistletud interj\u00f6\u00f6r ei n\u00e4ita mingeid kasutusm\u00e4rke. T\u00e4nu t\u00e4iuslikule istumisasendile, esmaklassilisele audios\u00fcsteemile ja BMW kuulsale iDrive infotainment s\u00fcsteemile on selles M4-is aja veetmine h\u00e4mmastava kiirusega kilomeetreid l\u00e4bides r\u00f5\u00f5mustav. Sisustuses ei ole muudatusi ning lisavarustuse ja lisamugavuste nimekiri on ulatuslik.<\/p>\n<p><strong>V\u00e4limus ja rattad<\/strong><\/p>\n<p>See M4 on viimistletud silmatorkavas Austin Yellow Metallic toonis ja selle v\u00e4liskuju on laitmatu, k\u00f5ik kaunistused on olemas ja m\u00e4rgistamata. S\u00fcsinikmootoripaelad on osa M Performance Accessories kataloogist ja sobivad ideaalselt. M\u00e4rkimisv\u00e4\u00e4rne detail on HRE j\u00e4relturu veljed, mis sobivad v\u00e4liselt ning on kergemad ja tugevamad kui tehaseveljed.<\/p>\n<p><strong>Dokumentatsioon<\/strong><\/p>\n<p>Tegemist on eraomanduses oleva s\u00f5idukiga, millel on asjakohased dokumendid ja mis asub Londonis, \u00dchendkuningriigis. CarVerticali aruanne on puhas; puuduvad t\u00f5endid \u00f5nnetuste, \u00f5nnetusremondi v\u00f5i \u00f5iguslike probleemide kohta. Regulaarse hoolduse kohta on olemas andmed.<\/p>\n","protected":false},"excerpt":{"rendered":"<p>On hea p\u00f5hjus, miks BMW M4 on tulemusliku auto f\u00e4nnide seas nii hinnatud. \u00dckski teine auto oma klassis ei suuda pakkuda nii muljetavaldavat sportautod\u00fcnaamikat ja igap\u00e4evast kasutatavust kui F82-seeria M4. See konkreetne auto on t\u00e4iuslik n\u00e4ide, veidi muudetud, et muuta s\u00f5itmine veelgi paremaks, minimaalse l\u00e4bis\u00f5iduga, h\u00e4sti hooldatud ja valmis j\u00e4rgmise omaniku jaoks.<\/p>\n","protected":false},"featured_media":35427,"comment_status":"open","ping_status":"closed","template":"","meta":{"inline_featured_image":false},"product_cat":[736],"product_tag":[1408,925,1404,1405],"acf":[],"yoast_head":"<!-- This site is optimized with the Yoast SEO plugin v22.5 - https:\/\/yoast.com\/wordpress\/plugins\/seo\/ -->\n<title>oksjon - Piston Addict<\/title>\n<meta name=\"description\" content=\"Vaadake seda BMW M4 oksjonil m\u00fc\u00fcgiks PistonAddict.com, millel on automaatk\u00e4igukast ja ainult 2053 miili.\" \/>\n<meta name=\"robots\" content=\"index, follow, max-snippet:-1, max-image-preview:large, max-video-preview:-1\" \/>\n<link rel=\"canonical\" href=\"https:\/\/pistonaddict.com\/et\/product\/bmw-m4\/\" \/>\n<meta property=\"og:locale\" content=\"et_EE\" \/>\n<meta property=\"og:type\" content=\"article\" \/>\n<meta property=\"og:title\" content=\"oksjon - Piston Addict\" \/>\n<meta property=\"og:description\" content=\"Vaadake seda BMW M4 oksjonil m\u00fc\u00fcgiks PistonAddict.com, millel on automaatk\u00e4igukast ja ainult 2053 miili.\" \/>\n<meta property=\"og:url\" content=\"https:\/\/pistonaddict.com\/et\/product\/bmw-m4\/\" \/>\n<meta property=\"og:site_name\" content=\"Piston Addict\" \/>\n<meta property=\"article:modified_time\" content=\"2024-03-19T16:50:08+00:00\" \/>\n<meta property=\"og:image\" content=\"https:\/\/pistonaddict.com\/wp-content\/uploads\/2023\/04\/LuxurycarLondonApril11PistonAddict_0647-scaled.jpg\" \/>\n\t<meta property=\"og:image:width\" content=\"2560\" \/>\n\t<meta property=\"og:image:height\" content=\"1708\" \/>\n\t<meta property=\"og:image:type\" content=\"image\/jpeg\" \/>\n<meta name=\"twitter:card\" content=\"summary_large_image\" \/>\n<meta name=\"twitter:label1\" content=\"Est. reading time\" \/>\n\t<meta name=\"twitter:data1\" content=\"2 minutit\" \/>\n<script type=\"application\/ld+json\" class=\"yoast-schema-graph\">{\"@context\":\"https:\/\/schema.org\",\"@graph\":[{\"@type\":\"WebPage\",\"@id\":\"https:\/\/pistonaddict.com\/et\/product\/bmw-m4\/\",\"url\":\"https:\/\/pistonaddict.com\/et\/product\/bmw-m4\/\",\"name\":\"oksjon - Piston Addict\",\"isPartOf\":{\"@id\":\"https:\/\/pistonaddict.com\/et\/#website\"},\"primaryImageOfPage\":{\"@id\":\"https:\/\/pistonaddict.com\/et\/product\/bmw-m4\/#primaryimage\"},\"image\":{\"@id\":\"https:\/\/pistonaddict.com\/et\/product\/bmw-m4\/#primaryimage\"},\"thumbnailUrl\":\"https:\/\/pistonaddict.com\/wp-content\/uploads\/2023\/04\/LuxurycarLondonApril11PistonAddict_0647-scaled.jpg\",\"datePublished\":\"2023-04-19T13:45:16+00:00\",\"dateModified\":\"2024-03-19T16:50:08+00:00\",\"description\":\"Vaadake seda BMW M4 oksjonil m\u00fc\u00fcgiks PistonAddict.com, millel on automaatk\u00e4igukast ja ainult 2053 miili.\",\"breadcrumb\":{\"@id\":\"https:\/\/pistonaddict.com\/et\/product\/bmw-m4\/#breadcrumb\"},\"inLanguage\":\"et\",\"potentialAction\":[{\"@type\":\"ReadAction\",\"target\":[\"https:\/\/pistonaddict.com\/et\/product\/bmw-m4\/\"]}]},{\"@type\":\"ImageObject\",\"inLanguage\":\"et\",\"@id\":\"https:\/\/pistonaddict.com\/et\/product\/bmw-m4\/#primaryimage\",\"url\":\"https:\/\/pistonaddict.com\/wp-content\/uploads\/2023\/04\/LuxurycarLondonApril11PistonAddict_0647-scaled.jpg\",\"contentUrl\":\"https:\/\/pistonaddict.com\/wp-content\/uploads\/2023\/04\/LuxurycarLondonApril11PistonAddict_0647-scaled.jpg\",\"width\":2560,\"height\":1708},{\"@type\":\"BreadcrumbList\",\"@id\":\"https:\/\/pistonaddict.com\/et\/product\/bmw-m4\/#breadcrumb\",\"itemListElement\":[{\"@type\":\"ListItem\",\"position\":1,\"name\":\"Koduleht\",\"item\":\"https:\/\/pistonaddict.com\/et\/koduleht-2\/\"},{\"@type\":\"ListItem\",\"position\":2,\"name\":\"Auctions\",\"item\":\"https:\/\/pistonaddict.com\/auctions-listing\/\"},{\"@type\":\"ListItem\",\"position\":3,\"name\":\"BMW M4\"}]},{\"@type\":\"WebSite\",\"@id\":\"https:\/\/pistonaddict.com\/et\/#website\",\"url\":\"https:\/\/pistonaddict.com\/et\/\",\"name\":\"Piston Addict\",\"description\":\"Only interesting vehicles\",\"publisher\":{\"@id\":\"https:\/\/pistonaddict.com\/et\/#organization\"},\"potentialAction\":[{\"@type\":\"SearchAction\",\"target\":{\"@type\":\"EntryPoint\",\"urlTemplate\":\"https:\/\/pistonaddict.com\/et\/?s={search_term_string}\"},\"query-input\":\"required name=search_term_string\"}],\"inLanguage\":\"et\"},{\"@type\":\"Organization\",\"@id\":\"https:\/\/pistonaddict.com\/et\/#organization\",\"name\":\"Piston Addict\",\"url\":\"https:\/\/pistonaddict.com\/et\/\",\"logo\":{\"@type\":\"ImageObject\",\"inLanguage\":\"et\",\"@id\":\"https:\/\/pistonaddict.com\/et\/#\/schema\/logo\/image\/\",\"url\":\"https:\/\/pistonaddict.com\/wp-content\/uploads\/2022\/07\/logo-6.png\",\"contentUrl\":\"https:\/\/pistonaddict.com\/wp-content\/uploads\/2022\/07\/logo-6.png\",\"width\":970,\"height\":200,\"caption\":\"Piston Addict\"},\"image\":{\"@id\":\"https:\/\/pistonaddict.com\/et\/#\/schema\/logo\/image\/\"}}]}<\/script>\n<!-- \/ Yoast SEO plugin. -->","yoast_head_json":{"title":"oksjon - Piston Addict","description":"Vaadake seda BMW M4 oksjonil m\u00fc\u00fcgiks PistonAddict.com, millel on automaatk\u00e4igukast ja ainult 2053 miili.","robots":{"index":"index","follow":"follow","max-snippet":"max-snippet:-1","max-image-preview":"max-image-preview:large","max-video-preview":"max-video-preview:-1"},"canonical":"https:\/\/pistonaddict.com\/et\/product\/bmw-m4\/","og_locale":"et_EE","og_type":"article","og_title":"oksjon - Piston Addict","og_description":"Vaadake seda BMW M4 oksjonil m\u00fc\u00fcgiks PistonAddict.com, millel on automaatk\u00e4igukast ja ainult 2053 miili.","og_url":"https:\/\/pistonaddict.com\/et\/product\/bmw-m4\/","og_site_name":"Piston Addict","article_modified_time":"2024-03-19T16:50:08+00:00","og_image":[{"width":2560,"height":1708,"url":"https:\/\/pistonaddict.com\/wp-content\/uploads\/2023\/04\/LuxurycarLondonApril11PistonAddict_0647-scaled.jpg","type":"image\/jpeg"}],"twitter_card":"summary_large_image","twitter_misc":{"Est. reading time":"2 minutit"},"schema":{"@context":"https:\/\/schema.org","@graph":[{"@type":"WebPage","@id":"https:\/\/pistonaddict.com\/et\/product\/bmw-m4\/","url":"https:\/\/pistonaddict.com\/et\/product\/bmw-m4\/","name":"oksjon - Piston Addict","isPartOf":{"@id":"https:\/\/pistonaddict.com\/et\/#website"},"primaryImageOfPage":{"@id":"https:\/\/pistonaddict.com\/et\/product\/bmw-m4\/#primaryimage"},"image":{"@id":"https:\/\/pistonaddict.com\/et\/product\/bmw-m4\/#primaryimage"},"thumbnailUrl":"https:\/\/pistonaddict.com\/wp-content\/uploads\/2023\/04\/LuxurycarLondonApril11PistonAddict_0647-scaled.jpg","datePublished":"2023-04-19T13:45:16+00:00","dateModified":"2024-03-19T16:50:08+00:00","description":"Vaadake seda BMW M4 oksjonil m\u00fc\u00fcgiks PistonAddict.com, millel on automaatk\u00e4igukast ja ainult 2053 miili.","breadcrumb":{"@id":"https:\/\/pistonaddict.com\/et\/product\/bmw-m4\/#breadcrumb"},"inLanguage":"et","potentialAction":[{"@type":"ReadAction","target":["https:\/\/pistonaddict.com\/et\/product\/bmw-m4\/"]}]},{"@type":"ImageObject","inLanguage":"et","@id":"https:\/\/pistonaddict.com\/et\/product\/bmw-m4\/#primaryimage","url":"https:\/\/pistonaddict.com\/wp-content\/uploads\/2023\/04\/LuxurycarLondonApril11PistonAddict_0647-scaled.jpg","contentUrl":"https:\/\/pistonaddict.com\/wp-content\/uploads\/2023\/04\/LuxurycarLondonApril11PistonAddict_0647-scaled.jpg","width":2560,"height":1708},{"@type":"BreadcrumbList","@id":"https:\/\/pistonaddict.com\/et\/product\/bmw-m4\/#breadcrumb","itemListElement":[{"@type":"ListItem","position":1,"name":"Koduleht","item":"https:\/\/pistonaddict.com\/et\/koduleht-2\/"},{"@type":"ListItem","position":2,"name":"Auctions","item":"https:\/\/pistonaddict.com\/auctions-listing\/"},{"@type":"ListItem","position":3,"name":"BMW M4"}]},{"@type":"WebSite","@id":"https:\/\/pistonaddict.com\/et\/#website","url":"https:\/\/pistonaddict.com\/et\/","name":"Piston Addict","description":"Only interesting vehicles","publisher":{"@id":"https:\/\/pistonaddict.com\/et\/#organization"},"potentialAction":[{"@type":"SearchAction","target":{"@type":"EntryPoint","urlTemplate":"https:\/\/pistonaddict.com\/et\/?s={search_term_string}"},"query-input":"required name=search_term_string"}],"inLanguage":"et"},{"@type":"Organization","@id":"https:\/\/pistonaddict.com\/et\/#organization","name":"Piston Addict","url":"https:\/\/pistonaddict.com\/et\/","logo":{"@type":"ImageObject","inLanguage":"et","@id":"https:\/\/pistonaddict.com\/et\/#\/schema\/logo\/image\/","url":"https:\/\/pistonaddict.com\/wp-content\/uploads\/2022\/07\/logo-6.png","contentUrl":"https:\/\/pistonaddict.com\/wp-content\/uploads\/2022\/07\/logo-6.png","width":970,"height":200,"caption":"Piston Addict"},"image":{"@id":"https:\/\/pistonaddict.com\/et\/#\/schema\/logo\/image\/"}}]}},"_links":{"self":[{"href":"https:\/\/pistonaddict.com\/et\/wp-json\/wp\/v2\/product\/35646"}],"collection":[{"href":"https:\/\/pistonaddict.com\/et\/wp-json\/wp\/v2\/product"}],"about":[{"href":"https:\/\/pistonaddict.com\/et\/wp-json\/wp\/v2\/types\/product"}],"replies":[{"embeddable":true,"href":"https:\/\/pistonaddict.com\/et\/wp-json\/wp\/v2\/comments?post=35646"}],"wp:featuredmedia":[{"embeddable":true,"href":"https:\/\/pistonaddict.com\/et\/wp-json\/wp\/v2\/media\/35427"}],"wp:attachment":[{"href":"https:\/\/pistonaddict.com\/et\/wp-json\/wp\/v2\/media?parent=35646"}],"wp:term":[{"taxonomy":"product_cat","embeddable":true,"href":"https:\/\/pistonaddict.com\/et\/wp-json\/wp\/v2\/product_cat?post=35646"},{"taxonomy":"product_tag","embeddable":true,"href":"https:\/\/pistonaddict.com\/et\/wp-json\/wp\/v2\/product_tag?post=35646"}],"curies":[{"name":"wp","href":"https:\/\/api.w.org\/{rel}","templated":true}]}}