{"id":34595,"date":"2023-04-19T15:06:28","date_gmt":"2023-04-19T13:06:28","guid":{"rendered":"https:\/\/pistonaddict.com\/product\/bentley-flying-spur\/"},"modified":"2024-03-19T17:48:44","modified_gmt":"2024-03-19T16:48:44","slug":"bentley-flying-spur","status":"publish","type":"product","link":"https:\/\/pistonaddict.com\/et\/product\/bentley-flying-spur\/","title":{"rendered":"Bentley Flying Spur"},"content":{"rendered":"<p><strong>Auto ajalugu<\/strong><\/p>\n<p>See Flying Spur on \u00fcks esimesi selliseid autosid, mis tarnitakse 2020. aasta l\u00f5pus tuntud Bentley VIP-klientidele. See on \u00fche omaniku auto, mis on l\u00e4binud vaid 8359 km. See Flying Spur on viimistletud ihaldusv\u00e4\u00e4rse rohelise v\u00e4rviga ja sobiva p\u00e4evakaspruuni nahaga, see Flying Spur on saanud musta v\u00e4liskatte paketi ja on First Editioni mudel. Bentley maailmas on First Edition mudelid alati k\u00f5ige ihaldusv\u00e4\u00e4rsemad, sest nende v\u00e4rvivalik on eriline ja ainulaadne, nad sisaldavad peeneid detaile ja varustust, mis on sageli lisavarustus standardseeria autode puhul.<\/p>\n<p><strong>Auto seisund<\/strong><\/p>\n<p>Kuna tegemist on \u00fche k\u00f5ige k\u00f5rgema varustusega Bentley Flying Spursiga, ei ostnud esialgne ja praegune omanik mitte ainult First Edition paketti, vaid lisas ka arvukalt funktsioone ja varustust juba niigi muljetavaldavale varustusele. Valikuline 6,0-liitrine W12 mootor annab 626 hobuj\u00f5udu ja suudab selle super-luksus-sedaani k\u00e4ivitada muljetavaldava 3,5-sekundilise 0-100 km\/h sprindi. Veelgi p\u00f5nevam on aga tippkiirus, ja kui satute kiirtee piiranguteta l\u00f5igule, v\u00f5ite saavutada 333 km\/h! Oleme kindlad, et isegi selle kiiruse juures on Flying Spur stabiilne ja mugav.<\/p>\n<p><strong>V\u00e4limus ja rattad<\/strong><\/p>\n<p>T\u00e4nu hoolikas hooldus, kliima-kontrollitud garaa\u017eis, ja madala miili, see Flying Spur m\u00fc\u00fcakse t\u00e4iuslik seisukorras v\u00e4rvi, ei ole kahju v\u00e4liselt (v\u00f5i interj\u00f6\u00f6ri), ja originaal rattad. \u00dcks v\u00e4ike, kuid huvitav detail on must katus, mis sobib ideaalselt kokku musta v\u00e4lisviimistlusega ja suurendab veelgi selle elegantse sedaani sportlikku olemust.<\/p>\n<p><strong>Sisustus<\/strong><\/p>\n<p>\u00dcks selle auto k\u00f5ige p\u00f5nevamaid osi on interj\u00f6\u00f6r. See Flying Spur on kujundatud kaasaegse tehnoloogia ja klassikalise luksusliku l\u00e4henemise t\u00e4iuslikuks seguks ning kaetud ihaldusv\u00e4\u00e4rse pruunistunud nahaga, millel on kontrastsed rohelised naha- ja puiduliistud. K\u00f5ikv\u00f5imalike mugavustega t\u00e4idetud autol on kaitsev foolium, mis n\u00e4itab, et seda autot on vaevu kasutatud, ja seda v\u00f5ib leida ka m\u00f5nedel kroomitud kaunistustel.<\/p>\n<p><strong>Dokumentatsioon<\/strong><\/p>\n<p>Tegemist on eraomanduses oleva s\u00f5idukiga, millel on asjakohased dokumendid ja mis asub Londonis, \u00dchendkuningriigis. CarVerticali aruanne on puhas; puuduvad t\u00f5endid \u00f5nnetuste, \u00f5nnetusremondi v\u00f5i \u00f5iguslike probleemide kohta. Regulaarse hoolduse kohta on olemas andmed.<\/p>\n","protected":false},"excerpt":{"rendered":"<p>Nagu paljud tema konkurendid, on ka Bentley l\u00e4hitulevikus p\u00f6\u00f6rdumas EV-mudelite poole. See t\u00e4hendab, et see v\u00f5ib olla viimane v\u00f5imalus omandada selline majesteetlik elektriauto nagu see Flying Spur, mis on v\u00e4ga ihaldusv\u00e4\u00e4rse varustusega ja uues seisukorras. See ainulaadne mudel, mille mootoriks on iseloomulik W12 mootor, sobib ideaalselt Bentley tundjatele.<\/p>\n","protected":false},"featured_media":34082,"comment_status":"open","ping_status":"closed","template":"","meta":{"inline_featured_image":false},"product_cat":[736],"product_tag":[1354,925,1345,1350],"acf":[],"yoast_head":"<!-- This site is optimized with the Yoast SEO plugin v22.5 - https:\/\/yoast.com\/wordpress\/plugins\/seo\/ -->\n<title>oksjon - Piston Addict<\/title>\n<meta name=\"description\" content=\"Vaadake seda Bentley Flying Spur&#039;i, mis on m\u00fc\u00fcgil PistonAddict.com oksjonil ja millel on automaatk\u00e4igukast ja ainult 8359 km.\" \/>\n<meta name=\"robots\" content=\"index, follow, max-snippet:-1, max-image-preview:large, max-video-preview:-1\" \/>\n<link rel=\"canonical\" href=\"https:\/\/pistonaddict.com\/et\/product\/bentley-flying-spur\/\" \/>\n<meta property=\"og:locale\" content=\"et_EE\" \/>\n<meta property=\"og:type\" content=\"article\" \/>\n<meta property=\"og:title\" content=\"oksjon - Piston Addict\" \/>\n<meta property=\"og:description\" content=\"Vaadake seda Bentley Flying Spur&#039;i, mis on m\u00fc\u00fcgil PistonAddict.com oksjonil ja millel on automaatk\u00e4igukast ja ainult 8359 km.\" \/>\n<meta property=\"og:url\" content=\"https:\/\/pistonaddict.com\/et\/product\/bentley-flying-spur\/\" \/>\n<meta property=\"og:site_name\" content=\"Piston Addict\" \/>\n<meta property=\"article:modified_time\" content=\"2024-03-19T16:48:44+00:00\" \/>\n<meta property=\"og:image\" content=\"https:\/\/pistonaddict.com\/wp-content\/uploads\/2023\/04\/LuxurycarLondonApril11PistonAddict_0433-scaled.jpg\" \/>\n\t<meta property=\"og:image:width\" content=\"2560\" \/>\n\t<meta property=\"og:image:height\" content=\"1505\" \/>\n\t<meta property=\"og:image:type\" content=\"image\/jpeg\" \/>\n<meta name=\"twitter:card\" content=\"summary_large_image\" \/>\n<meta name=\"twitter:label1\" content=\"Est. reading time\" \/>\n\t<meta name=\"twitter:data1\" content=\"2 minutit\" \/>\n<script type=\"application\/ld+json\" class=\"yoast-schema-graph\">{\"@context\":\"https:\/\/schema.org\",\"@graph\":[{\"@type\":\"WebPage\",\"@id\":\"https:\/\/pistonaddict.com\/et\/product\/bentley-flying-spur\/\",\"url\":\"https:\/\/pistonaddict.com\/et\/product\/bentley-flying-spur\/\",\"name\":\"oksjon - Piston Addict\",\"isPartOf\":{\"@id\":\"https:\/\/pistonaddict.com\/et\/#website\"},\"primaryImageOfPage\":{\"@id\":\"https:\/\/pistonaddict.com\/et\/product\/bentley-flying-spur\/#primaryimage\"},\"image\":{\"@id\":\"https:\/\/pistonaddict.com\/et\/product\/bentley-flying-spur\/#primaryimage\"},\"thumbnailUrl\":\"https:\/\/pistonaddict.com\/wp-content\/uploads\/2023\/04\/LuxurycarLondonApril11PistonAddict_0433-scaled.jpg\",\"datePublished\":\"2023-04-19T13:06:28+00:00\",\"dateModified\":\"2024-03-19T16:48:44+00:00\",\"description\":\"Vaadake seda Bentley Flying Spur'i, mis on m\u00fc\u00fcgil PistonAddict.com oksjonil ja millel on automaatk\u00e4igukast ja ainult 8359 km.\",\"breadcrumb\":{\"@id\":\"https:\/\/pistonaddict.com\/et\/product\/bentley-flying-spur\/#breadcrumb\"},\"inLanguage\":\"et\",\"potentialAction\":[{\"@type\":\"ReadAction\",\"target\":[\"https:\/\/pistonaddict.com\/et\/product\/bentley-flying-spur\/\"]}]},{\"@type\":\"ImageObject\",\"inLanguage\":\"et\",\"@id\":\"https:\/\/pistonaddict.com\/et\/product\/bentley-flying-spur\/#primaryimage\",\"url\":\"https:\/\/pistonaddict.com\/wp-content\/uploads\/2023\/04\/LuxurycarLondonApril11PistonAddict_0433-scaled.jpg\",\"contentUrl\":\"https:\/\/pistonaddict.com\/wp-content\/uploads\/2023\/04\/LuxurycarLondonApril11PistonAddict_0433-scaled.jpg\",\"width\":2560,\"height\":1505},{\"@type\":\"BreadcrumbList\",\"@id\":\"https:\/\/pistonaddict.com\/et\/product\/bentley-flying-spur\/#breadcrumb\",\"itemListElement\":[{\"@type\":\"ListItem\",\"position\":1,\"name\":\"Koduleht\",\"item\":\"https:\/\/pistonaddict.com\/et\/koduleht-2\/\"},{\"@type\":\"ListItem\",\"position\":2,\"name\":\"Auctions\",\"item\":\"https:\/\/pistonaddict.com\/auctions-listing\/\"},{\"@type\":\"ListItem\",\"position\":3,\"name\":\"Bentley Flying Spur\"}]},{\"@type\":\"WebSite\",\"@id\":\"https:\/\/pistonaddict.com\/et\/#website\",\"url\":\"https:\/\/pistonaddict.com\/et\/\",\"name\":\"Piston Addict\",\"description\":\"Only interesting vehicles\",\"publisher\":{\"@id\":\"https:\/\/pistonaddict.com\/et\/#organization\"},\"potentialAction\":[{\"@type\":\"SearchAction\",\"target\":{\"@type\":\"EntryPoint\",\"urlTemplate\":\"https:\/\/pistonaddict.com\/et\/?s={search_term_string}\"},\"query-input\":\"required name=search_term_string\"}],\"inLanguage\":\"et\"},{\"@type\":\"Organization\",\"@id\":\"https:\/\/pistonaddict.com\/et\/#organization\",\"name\":\"Piston Addict\",\"url\":\"https:\/\/pistonaddict.com\/et\/\",\"logo\":{\"@type\":\"ImageObject\",\"inLanguage\":\"et\",\"@id\":\"https:\/\/pistonaddict.com\/et\/#\/schema\/logo\/image\/\",\"url\":\"https:\/\/pistonaddict.com\/wp-content\/uploads\/2022\/07\/logo-6.png\",\"contentUrl\":\"https:\/\/pistonaddict.com\/wp-content\/uploads\/2022\/07\/logo-6.png\",\"width\":970,\"height\":200,\"caption\":\"Piston Addict\"},\"image\":{\"@id\":\"https:\/\/pistonaddict.com\/et\/#\/schema\/logo\/image\/\"}}]}<\/script>\n<!-- \/ Yoast SEO plugin. -->","yoast_head_json":{"title":"oksjon - Piston Addict","description":"Vaadake seda Bentley Flying Spur'i, mis on m\u00fc\u00fcgil PistonAddict.com oksjonil ja millel on automaatk\u00e4igukast ja ainult 8359 km.","robots":{"index":"index","follow":"follow","max-snippet":"max-snippet:-1","max-image-preview":"max-image-preview:large","max-video-preview":"max-video-preview:-1"},"canonical":"https:\/\/pistonaddict.com\/et\/product\/bentley-flying-spur\/","og_locale":"et_EE","og_type":"article","og_title":"oksjon - Piston Addict","og_description":"Vaadake seda Bentley Flying Spur'i, mis on m\u00fc\u00fcgil PistonAddict.com oksjonil ja millel on automaatk\u00e4igukast ja ainult 8359 km.","og_url":"https:\/\/pistonaddict.com\/et\/product\/bentley-flying-spur\/","og_site_name":"Piston Addict","article_modified_time":"2024-03-19T16:48:44+00:00","og_image":[{"width":2560,"height":1505,"url":"https:\/\/pistonaddict.com\/wp-content\/uploads\/2023\/04\/LuxurycarLondonApril11PistonAddict_0433-scaled.jpg","type":"image\/jpeg"}],"twitter_card":"summary_large_image","twitter_misc":{"Est. reading time":"2 minutit"},"schema":{"@context":"https:\/\/schema.org","@graph":[{"@type":"WebPage","@id":"https:\/\/pistonaddict.com\/et\/product\/bentley-flying-spur\/","url":"https:\/\/pistonaddict.com\/et\/product\/bentley-flying-spur\/","name":"oksjon - Piston Addict","isPartOf":{"@id":"https:\/\/pistonaddict.com\/et\/#website"},"primaryImageOfPage":{"@id":"https:\/\/pistonaddict.com\/et\/product\/bentley-flying-spur\/#primaryimage"},"image":{"@id":"https:\/\/pistonaddict.com\/et\/product\/bentley-flying-spur\/#primaryimage"},"thumbnailUrl":"https:\/\/pistonaddict.com\/wp-content\/uploads\/2023\/04\/LuxurycarLondonApril11PistonAddict_0433-scaled.jpg","datePublished":"2023-04-19T13:06:28+00:00","dateModified":"2024-03-19T16:48:44+00:00","description":"Vaadake seda Bentley Flying Spur'i, mis on m\u00fc\u00fcgil PistonAddict.com oksjonil ja millel on automaatk\u00e4igukast ja ainult 8359 km.","breadcrumb":{"@id":"https:\/\/pistonaddict.com\/et\/product\/bentley-flying-spur\/#breadcrumb"},"inLanguage":"et","potentialAction":[{"@type":"ReadAction","target":["https:\/\/pistonaddict.com\/et\/product\/bentley-flying-spur\/"]}]},{"@type":"ImageObject","inLanguage":"et","@id":"https:\/\/pistonaddict.com\/et\/product\/bentley-flying-spur\/#primaryimage","url":"https:\/\/pistonaddict.com\/wp-content\/uploads\/2023\/04\/LuxurycarLondonApril11PistonAddict_0433-scaled.jpg","contentUrl":"https:\/\/pistonaddict.com\/wp-content\/uploads\/2023\/04\/LuxurycarLondonApril11PistonAddict_0433-scaled.jpg","width":2560,"height":1505},{"@type":"BreadcrumbList","@id":"https:\/\/pistonaddict.com\/et\/product\/bentley-flying-spur\/#breadcrumb","itemListElement":[{"@type":"ListItem","position":1,"name":"Koduleht","item":"https:\/\/pistonaddict.com\/et\/koduleht-2\/"},{"@type":"ListItem","position":2,"name":"Auctions","item":"https:\/\/pistonaddict.com\/auctions-listing\/"},{"@type":"ListItem","position":3,"name":"Bentley Flying Spur"}]},{"@type":"WebSite","@id":"https:\/\/pistonaddict.com\/et\/#website","url":"https:\/\/pistonaddict.com\/et\/","name":"Piston Addict","description":"Only interesting vehicles","publisher":{"@id":"https:\/\/pistonaddict.com\/et\/#organization"},"potentialAction":[{"@type":"SearchAction","target":{"@type":"EntryPoint","urlTemplate":"https:\/\/pistonaddict.com\/et\/?s={search_term_string}"},"query-input":"required name=search_term_string"}],"inLanguage":"et"},{"@type":"Organization","@id":"https:\/\/pistonaddict.com\/et\/#organization","name":"Piston Addict","url":"https:\/\/pistonaddict.com\/et\/","logo":{"@type":"ImageObject","inLanguage":"et","@id":"https:\/\/pistonaddict.com\/et\/#\/schema\/logo\/image\/","url":"https:\/\/pistonaddict.com\/wp-content\/uploads\/2022\/07\/logo-6.png","contentUrl":"https:\/\/pistonaddict.com\/wp-content\/uploads\/2022\/07\/logo-6.png","width":970,"height":200,"caption":"Piston Addict"},"image":{"@id":"https:\/\/pistonaddict.com\/et\/#\/schema\/logo\/image\/"}}]}},"_links":{"self":[{"href":"https:\/\/pistonaddict.com\/et\/wp-json\/wp\/v2\/product\/34595"}],"collection":[{"href":"https:\/\/pistonaddict.com\/et\/wp-json\/wp\/v2\/product"}],"about":[{"href":"https:\/\/pistonaddict.com\/et\/wp-json\/wp\/v2\/types\/product"}],"replies":[{"embeddable":true,"href":"https:\/\/pistonaddict.com\/et\/wp-json\/wp\/v2\/comments?post=34595"}],"wp:featuredmedia":[{"embeddable":true,"href":"https:\/\/pistonaddict.com\/et\/wp-json\/wp\/v2\/media\/34082"}],"wp:attachment":[{"href":"https:\/\/pistonaddict.com\/et\/wp-json\/wp\/v2\/media?parent=34595"}],"wp:term":[{"taxonomy":"product_cat","embeddable":true,"href":"https:\/\/pistonaddict.com\/et\/wp-json\/wp\/v2\/product_cat?post=34595"},{"taxonomy":"product_tag","embeddable":true,"href":"https:\/\/pistonaddict.com\/et\/wp-json\/wp\/v2\/product_tag?post=34595"}],"curies":[{"name":"wp","href":"https:\/\/api.w.org\/{rel}","templated":true}]}}