{"id":34039,"date":"2023-04-19T10:37:02","date_gmt":"2023-04-19T08:37:02","guid":{"rendered":"https:\/\/pistonaddict.com\/product\/porsche-gt3-touring\/"},"modified":"2024-03-19T17:27:24","modified_gmt":"2024-03-19T16:27:24","slug":"porsche-gt3-touring","status":"publish","type":"product","link":"https:\/\/pistonaddict.com\/et\/product\/porsche-gt3-touring\/","title":{"rendered":"Porsche GT3 Touring"},"content":{"rendered":"<h2>V\u00e4ljaspool<\/h2>\n<p>V\u00e4liselt jagab see halli v\u00e4rvi Touring-mudel enamikku disainidetaile 911 RS3-ga, millel see p\u00f5hineb. Siia kuuluvad LED-valgustitega ksenon-tuled, suured \u00f5hu sisselaskeavad ees ning laiendatud kerepaneelid ja kaitserauad. Kuid nende kahe auto erinevus seisneb massiivses tagatiivas v\u00f5i selle ilmselges puudumises Touringi puhul. Selle asemel on sellel mudelil sisset\u00f5mmatav tagumine spoiler, mis avaneb 75 MPH juures, et pakkuda t\u00e4iendavat allasurvej\u00f5udu. Spoiler on aga sisse t\u00f5mmatud ja madalatel kiirustel auto siluetiga \u00fchel joonel, mis annab sellele elegantse ja voolujoonelise v\u00e4limuse. Sellel Porschel on tehase 19-tollised veljed ja Dunlop Sport Maxx Race 2 rehvid, mis sobivad talle ideaalselt.<\/p>\n<h2>Sisustus<\/h2>\n<p>Seestpoolt on sellel Porschel paar kergeid \u00e4mberistmeid, mis on riietatud musta nahaga ja tumehalliste kangastega. Kollased turvav\u00f6\u00f6d on kena puudutus, mis annab interj\u00f6\u00f6rile elavama v\u00e4ljan\u00e4gemise. Erinevalt <em>tavalisest<\/em> 911-st ei ole taga istekohti. Siseruumi sisenedes leiab juht kolmekohalise nahkkattega rooli ja selle taga Porschele omase tunnusm\u00e4rgiga armatuurlaua. See h\u00f5lmab keskele paigaldatud p\u00f6\u00f6rlemism\u00f5\u00f5dikut, mis ulatub kuni 10 000 p\u00f6\u00f6rdeni, spidomeetrit ja veel mitmeid m\u00f5\u00f5teseadmeid. Konsooli keskel domineerib suur puuteekraan koos integreeritud stereo, tagurduskaamera ekraani ja navigatsiooniga. L\u00f5puks, nagu enamikul teistel GT3 mudelitel, on ka sellel Porschel armatuurlaua \u00fclaosas stoppkell, mis on abiks, kui teete ajastatud ringe.<\/p>\n<h2>Mehaanika<\/h2>\n<p>Hoolimata sellest, et tegemist on justkui leierdatud mudeliga, kuulub see Touring ikkagi mainekasse GT3 mudelivalikusse. See t\u00e4hendab, et sellel on sama 4,0-liitrine, looduslikult t\u00f6\u00f6tav kuues mootor, mis toodab 500 hobuj\u00f5udu ja 469 Nm p\u00f6\u00f6rdemomenti. Kuid erinevalt enamikust GT3 mudelivalikust, kus kasutatakse topeltk\u00e4igukastiga automaatk\u00e4igukasti, on selles autos traditsioonilisem kuuek\u00e4iguline manuaalk\u00e4igukast. V\u00f5imsus saadetakse tagaratastele l\u00e4bi piiratud libisemisega diferentsiaali, mis parandab veoj\u00f5udu, eriti libedates tingimustes. Selle k\u00f5igega kiirendab see Porsche 0-100 vaid 3,4 sekundiga ja tippkiirus on 196 MPH. Ja kui ta peab peatuma, tagavad tohutud pidurid, et see toimub v\u00f5imalikult l\u00fchikese aja jooksul.<\/p>\n<h2>S\u00f5iduki ajalugu<\/h2>\n<p>Selle konkreetse 911 GT3 Touringi valmistas Porsche \u00fchele oma VIP-kliendile, kes tellis selle osana laiemast kollektsioonist. Hoolimata sellest, et see on \u00dchendkuningriigis, on tegemist Luksemburgi numbrim\u00e4rkidega vasakpoolse rooliga mudeliga. Viimane hooldus toimus vaid paar kuud tagasi, veebruaris, ja n\u00fc\u00fcd on see t\u00e4iesti valmis teele minekuks.<\/p>\n","protected":false},"excerpt":{"rendered":"<p>See Porsche 911 GT3 Touring sobib ideaalselt inimesele, kes otsib elegantset ja sujuvat autot, mis on v\u00f5imeline saavutama hiilgavaid tulemusi. Kuigi see v\u00f5ib v\u00e4ljastpoolt tunduda tagasihoidlik &#8211; v\u00f5i isegi tagasihoidlik -, on see 2-ukseline kupee altpoolt t\u00f5eline t\u00e4ievereline v\u00f5idus\u00f5itja. Ja sellisena on see \u00fchtviisi hea nii kiirteel s\u00f5ites kui ka rajal kihutades. 2018. aastal tehtud 991.2 seeria \u00fcks viimaseid autosid, see Porsche on l\u00e4binud vaid 1400 miili. Lisaks \u00fctleb m\u00fc\u00fcja, et seda on hiljuti hooldatud ja kirjeldab seda <em>kui uut<\/em>.<\/p>\n","protected":false},"featured_media":33483,"comment_status":"open","ping_status":"closed","template":"","meta":{"inline_featured_image":false},"product_cat":[736],"product_tag":[1285,925,1167,809],"acf":[],"yoast_head":"<!-- This site is optimized with the Yoast SEO plugin v22.5 - https:\/\/yoast.com\/wordpress\/plugins\/seo\/ -->\n<title>oksjon - Piston Addict<\/title>\n<meta name=\"description\" content=\"Vaadake seda Porsche GT3 Touring oksjonil m\u00fc\u00fcgiks PistonAddict.com, millel on automaatk\u00e4igukast ja ainult 1414 miili.\" \/>\n<meta name=\"robots\" content=\"index, follow, max-snippet:-1, max-image-preview:large, max-video-preview:-1\" \/>\n<link rel=\"canonical\" href=\"https:\/\/pistonaddict.com\/et\/product\/porsche-gt3-touring\/\" \/>\n<meta property=\"og:locale\" content=\"et_EE\" \/>\n<meta property=\"og:type\" content=\"article\" \/>\n<meta property=\"og:title\" content=\"oksjon - Piston Addict\" \/>\n<meta property=\"og:description\" content=\"Vaadake seda Porsche GT3 Touring oksjonil m\u00fc\u00fcgiks PistonAddict.com, millel on automaatk\u00e4igukast ja ainult 1414 miili.\" \/>\n<meta property=\"og:url\" content=\"https:\/\/pistonaddict.com\/et\/product\/porsche-gt3-touring\/\" \/>\n<meta property=\"og:site_name\" content=\"Piston Addict\" \/>\n<meta property=\"article:modified_time\" content=\"2024-03-19T16:27:24+00:00\" \/>\n<meta property=\"og:image\" content=\"https:\/\/pistonaddict.com\/wp-content\/uploads\/2023\/04\/LuxurycarLondonApril11PistonAddict_0868-2-scaled.jpg\" \/>\n\t<meta property=\"og:image:width\" content=\"2560\" \/>\n\t<meta property=\"og:image:height\" content=\"1673\" \/>\n\t<meta property=\"og:image:type\" content=\"image\/jpeg\" \/>\n<meta name=\"twitter:card\" content=\"summary_large_image\" \/>\n<meta name=\"twitter:label1\" content=\"Est. reading time\" \/>\n\t<meta name=\"twitter:data1\" content=\"2 minutit\" \/>\n<script type=\"application\/ld+json\" class=\"yoast-schema-graph\">{\"@context\":\"https:\/\/schema.org\",\"@graph\":[{\"@type\":\"WebPage\",\"@id\":\"https:\/\/pistonaddict.com\/et\/product\/porsche-gt3-touring\/\",\"url\":\"https:\/\/pistonaddict.com\/et\/product\/porsche-gt3-touring\/\",\"name\":\"oksjon - Piston Addict\",\"isPartOf\":{\"@id\":\"https:\/\/pistonaddict.com\/et\/#website\"},\"primaryImageOfPage\":{\"@id\":\"https:\/\/pistonaddict.com\/et\/product\/porsche-gt3-touring\/#primaryimage\"},\"image\":{\"@id\":\"https:\/\/pistonaddict.com\/et\/product\/porsche-gt3-touring\/#primaryimage\"},\"thumbnailUrl\":\"https:\/\/pistonaddict.com\/wp-content\/uploads\/2023\/04\/LuxurycarLondonApril11PistonAddict_0868-2-scaled.jpg\",\"datePublished\":\"2023-04-19T08:37:02+00:00\",\"dateModified\":\"2024-03-19T16:27:24+00:00\",\"description\":\"Vaadake seda Porsche GT3 Touring oksjonil m\u00fc\u00fcgiks PistonAddict.com, millel on automaatk\u00e4igukast ja ainult 1414 miili.\",\"breadcrumb\":{\"@id\":\"https:\/\/pistonaddict.com\/et\/product\/porsche-gt3-touring\/#breadcrumb\"},\"inLanguage\":\"et\",\"potentialAction\":[{\"@type\":\"ReadAction\",\"target\":[\"https:\/\/pistonaddict.com\/et\/product\/porsche-gt3-touring\/\"]}]},{\"@type\":\"ImageObject\",\"inLanguage\":\"et\",\"@id\":\"https:\/\/pistonaddict.com\/et\/product\/porsche-gt3-touring\/#primaryimage\",\"url\":\"https:\/\/pistonaddict.com\/wp-content\/uploads\/2023\/04\/LuxurycarLondonApril11PistonAddict_0868-2-scaled.jpg\",\"contentUrl\":\"https:\/\/pistonaddict.com\/wp-content\/uploads\/2023\/04\/LuxurycarLondonApril11PistonAddict_0868-2-scaled.jpg\",\"width\":2560,\"height\":1673},{\"@type\":\"BreadcrumbList\",\"@id\":\"https:\/\/pistonaddict.com\/et\/product\/porsche-gt3-touring\/#breadcrumb\",\"itemListElement\":[{\"@type\":\"ListItem\",\"position\":1,\"name\":\"Koduleht\",\"item\":\"https:\/\/pistonaddict.com\/et\/koduleht-2\/\"},{\"@type\":\"ListItem\",\"position\":2,\"name\":\"Auctions\",\"item\":\"https:\/\/pistonaddict.com\/auctions-listing\/\"},{\"@type\":\"ListItem\",\"position\":3,\"name\":\"Porsche GT3 Touring\"}]},{\"@type\":\"WebSite\",\"@id\":\"https:\/\/pistonaddict.com\/et\/#website\",\"url\":\"https:\/\/pistonaddict.com\/et\/\",\"name\":\"Piston Addict\",\"description\":\"Only interesting vehicles\",\"publisher\":{\"@id\":\"https:\/\/pistonaddict.com\/et\/#organization\"},\"potentialAction\":[{\"@type\":\"SearchAction\",\"target\":{\"@type\":\"EntryPoint\",\"urlTemplate\":\"https:\/\/pistonaddict.com\/et\/?s={search_term_string}\"},\"query-input\":\"required name=search_term_string\"}],\"inLanguage\":\"et\"},{\"@type\":\"Organization\",\"@id\":\"https:\/\/pistonaddict.com\/et\/#organization\",\"name\":\"Piston Addict\",\"url\":\"https:\/\/pistonaddict.com\/et\/\",\"logo\":{\"@type\":\"ImageObject\",\"inLanguage\":\"et\",\"@id\":\"https:\/\/pistonaddict.com\/et\/#\/schema\/logo\/image\/\",\"url\":\"https:\/\/pistonaddict.com\/wp-content\/uploads\/2022\/07\/logo-6.png\",\"contentUrl\":\"https:\/\/pistonaddict.com\/wp-content\/uploads\/2022\/07\/logo-6.png\",\"width\":970,\"height\":200,\"caption\":\"Piston Addict\"},\"image\":{\"@id\":\"https:\/\/pistonaddict.com\/et\/#\/schema\/logo\/image\/\"}}]}<\/script>\n<!-- \/ Yoast SEO plugin. -->","yoast_head_json":{"title":"oksjon - Piston Addict","description":"Vaadake seda Porsche GT3 Touring oksjonil m\u00fc\u00fcgiks PistonAddict.com, millel on automaatk\u00e4igukast ja ainult 1414 miili.","robots":{"index":"index","follow":"follow","max-snippet":"max-snippet:-1","max-image-preview":"max-image-preview:large","max-video-preview":"max-video-preview:-1"},"canonical":"https:\/\/pistonaddict.com\/et\/product\/porsche-gt3-touring\/","og_locale":"et_EE","og_type":"article","og_title":"oksjon - Piston Addict","og_description":"Vaadake seda Porsche GT3 Touring oksjonil m\u00fc\u00fcgiks PistonAddict.com, millel on automaatk\u00e4igukast ja ainult 1414 miili.","og_url":"https:\/\/pistonaddict.com\/et\/product\/porsche-gt3-touring\/","og_site_name":"Piston Addict","article_modified_time":"2024-03-19T16:27:24+00:00","og_image":[{"width":2560,"height":1673,"url":"https:\/\/pistonaddict.com\/wp-content\/uploads\/2023\/04\/LuxurycarLondonApril11PistonAddict_0868-2-scaled.jpg","type":"image\/jpeg"}],"twitter_card":"summary_large_image","twitter_misc":{"Est. reading time":"2 minutit"},"schema":{"@context":"https:\/\/schema.org","@graph":[{"@type":"WebPage","@id":"https:\/\/pistonaddict.com\/et\/product\/porsche-gt3-touring\/","url":"https:\/\/pistonaddict.com\/et\/product\/porsche-gt3-touring\/","name":"oksjon - Piston Addict","isPartOf":{"@id":"https:\/\/pistonaddict.com\/et\/#website"},"primaryImageOfPage":{"@id":"https:\/\/pistonaddict.com\/et\/product\/porsche-gt3-touring\/#primaryimage"},"image":{"@id":"https:\/\/pistonaddict.com\/et\/product\/porsche-gt3-touring\/#primaryimage"},"thumbnailUrl":"https:\/\/pistonaddict.com\/wp-content\/uploads\/2023\/04\/LuxurycarLondonApril11PistonAddict_0868-2-scaled.jpg","datePublished":"2023-04-19T08:37:02+00:00","dateModified":"2024-03-19T16:27:24+00:00","description":"Vaadake seda Porsche GT3 Touring oksjonil m\u00fc\u00fcgiks PistonAddict.com, millel on automaatk\u00e4igukast ja ainult 1414 miili.","breadcrumb":{"@id":"https:\/\/pistonaddict.com\/et\/product\/porsche-gt3-touring\/#breadcrumb"},"inLanguage":"et","potentialAction":[{"@type":"ReadAction","target":["https:\/\/pistonaddict.com\/et\/product\/porsche-gt3-touring\/"]}]},{"@type":"ImageObject","inLanguage":"et","@id":"https:\/\/pistonaddict.com\/et\/product\/porsche-gt3-touring\/#primaryimage","url":"https:\/\/pistonaddict.com\/wp-content\/uploads\/2023\/04\/LuxurycarLondonApril11PistonAddict_0868-2-scaled.jpg","contentUrl":"https:\/\/pistonaddict.com\/wp-content\/uploads\/2023\/04\/LuxurycarLondonApril11PistonAddict_0868-2-scaled.jpg","width":2560,"height":1673},{"@type":"BreadcrumbList","@id":"https:\/\/pistonaddict.com\/et\/product\/porsche-gt3-touring\/#breadcrumb","itemListElement":[{"@type":"ListItem","position":1,"name":"Koduleht","item":"https:\/\/pistonaddict.com\/et\/koduleht-2\/"},{"@type":"ListItem","position":2,"name":"Auctions","item":"https:\/\/pistonaddict.com\/auctions-listing\/"},{"@type":"ListItem","position":3,"name":"Porsche GT3 Touring"}]},{"@type":"WebSite","@id":"https:\/\/pistonaddict.com\/et\/#website","url":"https:\/\/pistonaddict.com\/et\/","name":"Piston Addict","description":"Only interesting vehicles","publisher":{"@id":"https:\/\/pistonaddict.com\/et\/#organization"},"potentialAction":[{"@type":"SearchAction","target":{"@type":"EntryPoint","urlTemplate":"https:\/\/pistonaddict.com\/et\/?s={search_term_string}"},"query-input":"required name=search_term_string"}],"inLanguage":"et"},{"@type":"Organization","@id":"https:\/\/pistonaddict.com\/et\/#organization","name":"Piston Addict","url":"https:\/\/pistonaddict.com\/et\/","logo":{"@type":"ImageObject","inLanguage":"et","@id":"https:\/\/pistonaddict.com\/et\/#\/schema\/logo\/image\/","url":"https:\/\/pistonaddict.com\/wp-content\/uploads\/2022\/07\/logo-6.png","contentUrl":"https:\/\/pistonaddict.com\/wp-content\/uploads\/2022\/07\/logo-6.png","width":970,"height":200,"caption":"Piston Addict"},"image":{"@id":"https:\/\/pistonaddict.com\/et\/#\/schema\/logo\/image\/"}}]}},"_links":{"self":[{"href":"https:\/\/pistonaddict.com\/et\/wp-json\/wp\/v2\/product\/34039"}],"collection":[{"href":"https:\/\/pistonaddict.com\/et\/wp-json\/wp\/v2\/product"}],"about":[{"href":"https:\/\/pistonaddict.com\/et\/wp-json\/wp\/v2\/types\/product"}],"replies":[{"embeddable":true,"href":"https:\/\/pistonaddict.com\/et\/wp-json\/wp\/v2\/comments?post=34039"}],"wp:featuredmedia":[{"embeddable":true,"href":"https:\/\/pistonaddict.com\/et\/wp-json\/wp\/v2\/media\/33483"}],"wp:attachment":[{"href":"https:\/\/pistonaddict.com\/et\/wp-json\/wp\/v2\/media?parent=34039"}],"wp:term":[{"taxonomy":"product_cat","embeddable":true,"href":"https:\/\/pistonaddict.com\/et\/wp-json\/wp\/v2\/product_cat?post=34039"},{"taxonomy":"product_tag","embeddable":true,"href":"https:\/\/pistonaddict.com\/et\/wp-json\/wp\/v2\/product_tag?post=34039"}],"curies":[{"name":"wp","href":"https:\/\/api.w.org\/{rel}","templated":true}]}}