{"id":33344,"date":"2023-04-19T09:41:30","date_gmt":"2023-04-19T07:41:30","guid":{"rendered":"https:\/\/pistonaddict.com\/product\/jensen-interceptor\/"},"modified":"2024-03-19T17:48:37","modified_gmt":"2024-03-19T16:48:37","slug":"jensen-interceptor","status":"publish","type":"product","link":"https:\/\/pistonaddict.com\/et\/product\/jensen-interceptor\/","title":{"rendered":"Jensen Interceptor R Mk3"},"content":{"rendered":"<p><strong>Auto ajalugu<\/strong><\/p>\n<p>See konkreetne Jensen Interceptor anti algsele omanikule \u00fcle 1972. aasta m\u00e4rtsis. Selle mootoriks oli massiivne 440 CID Chrysleri V8 mootor, mis pumpas tollaste rangemate heitmenormide t\u00f5ttu vaid 280 hj. Mk3 mudelid (tutvustati 1971. aastal) olid tuntud oma pehme interj\u00f6\u00f6ri, pika standardvarustuse nimekirja ja sujuva s\u00f5idud\u00fcnaamika poolest. Kuid kuna enamik Interceptoreid elas oma elu edasi klassikaliste autode kollektsioonide osana, sai see n\u00e4ide p\u00f5hjaliku \u00fcmberehituse, uue elu ja ulatusliku v\u00f5imsuse uuendamise. Muutes selle 70ndate ristlejast 21. sajandi muskelmasinaks, mis on valmis Porsche omanikke maanteel \u00fcllatama. Briti ettev\u00f5te JIR viis l\u00e4bi t\u00e4ieliku \u00fcmberkujundamise, s\u00e4ilitades algsed jooned, kuid uuendades ulatuslikult mehaanikat.<\/p>\n<p><strong>Auto seisund<\/strong><\/p>\n<p>See Jensen Interceptor R on t\u00e4ielikult \u00fcmberehitatud ja v\u00e4hem kui 10 000 miili l\u00e4binud ning on l\u00e4bivalt laitmatus seisukorras. Kuna tegemist on eduka restomod&#8217;i suurep\u00e4rase n\u00e4itega, on selle tehnilised n\u00e4itajad eriti huvitavad. Selle auto ehitamise maksumus \u00fcletas 200 000 naela, seega on muudatuste, kohandatud komponentide ja unikaalsete osade nimekiri v\u00e4ga pikk. Just seda Interceptor R-i peetakse laialdaselt k\u00f5ige arenenumaks Jenseniks maailmas. Kapoti all on Corvette ZR1 6,2-liitrine V8, mis annab \u00fcle 600 hobuj\u00f5u ja saadab j\u00f5u tagaratastele 6-k\u00e4igulise automaatk\u00e4igukasti kaudu. Selline v\u00f5imsus n\u00f5udis AP pidurite komplekti, muudetud vedrustust ja palju muud. Tulemuseks on fantastiline masin, mis j\u00f5uab 100 km-ni veidi \u00fcle 4 sekundi ja s\u00f5idab mugavalt suurtel kiirustel.<\/p>\n<p><strong>Sisustus<\/strong><\/p>\n<p>Interj\u00f6\u00f6ris oli tagasihoidlikkus v\u00f5tmet\u00e4htsusega klassikaline armatuurlaud ja sisustus, kuid t\u00e4iustatud istmed, tehnoloogia ja parimad nahkpolstrid. Burgundia v\u00e4rv sobib suurep\u00e4raselt koos kahetoonilise v\u00e4liskujundusega. Klassikalise Jenseni omanikud r\u00e4\u00e4giksid teile, et nende autode elektroonika ja sageli keerulised s\u00fcsteemid olid uue autona keerulised. \u00d5nneks sai see n\u00e4ide kasu t\u00e4ielikust uuendusest, kaasaegsetest komponentidest, funktsioonidest, toimivast kliimaseadmest ja k\u00f5rgekvaliteedilisest audios\u00fcsteemist.<\/p>\n<p><strong>V\u00e4limus ja rattad<\/strong><\/p>\n<p>See 1972. aasta Interceptor R on elegantses, kahetoonilises kombinatsioonis, mis n\u00e4eb v\u00e4lja \u00fcsna tavaline, kuid niipea, kui vaatate \u00fcksikasju, n\u00e4ete, et see on k\u00f5ike muud kui seda. Veljed on eritellimusel valmistatud ja sarnanevad t\u00e4pselt originaaldisainiga, kuid on laiemad ja suuremad. V\u00f5imsale mootorile lisati k\u00fclgmised ventilatsiooniavad, et aidata jahutada mootorit, ning lisati diskreetselt ka erinev v\u00f5re ja m\u00e4rgid. Need, kes teavad klassikalisest Interceptorist \u00fcht-teist, teavad, et need autod olid roosteohtlikud, kuid see n\u00e4ide on p\u00e4rast k\u00f5iki tehtud t\u00f6id praktiliselt uus s\u00f5iduk, millel ei ole selliseid probleeme.<\/p>\n<p><strong>  Dokumentatsioon<\/strong><\/p>\n<p>Tegemist on eraomanduses oleva s\u00f5idukiga, millel on asjakohased dokumendid ja mis asub Londonis, \u00dchendkuningriigis. CarVerticali aruanne on puhas; puuduvad t\u00f5endid \u00f5nnetuste, \u00f5nnetusremondi v\u00f5i \u00f5iguslike probleemide kohta. Regulaarse hoolduse kohta on olemas andmed. Tulevased omanikud tahaksid teada, et see konkreetne eksemplar on kuulsuste auto, mida kuulus Jeremy Clarkson testis ja mida esitleti 2011\/2012. aastal Top Gearis.<\/p>\n","protected":false},"excerpt":{"rendered":"<p>Kuigi see kaunis Interceptor n\u00e4eb v\u00e4ljastpoolt v\u00e4lja \u00fcsna tavaline, on sellel p\u00f5nev saladus. \u00dclelaadimisega V8 mootor 600 hobuj\u00f5uga ja vapustava j\u00f5udlusega, mis on pakitud 70ndate \u00fche k\u00f5ige ilusama disainiga. See on t\u00f5eline Briti restomod GT, millel on Ameerika s\u00fcda ja mis on valmis k\u00f5ike, mis tema teele satub, edestama.<\/p>\n","protected":false},"featured_media":32665,"comment_status":"open","ping_status":"closed","template":"","meta":{"inline_featured_image":false},"product_cat":[736],"product_tag":[1257,925,1104,1103],"acf":[],"yoast_head":"<!-- This site is optimized with the Yoast SEO plugin v22.5 - https:\/\/yoast.com\/wordpress\/plugins\/seo\/ -->\n<title>oksjon - Piston Addict<\/title>\n<meta name=\"description\" content=\"Vaadake seda Jensen Interceptor R MK3 oksjonil m\u00fc\u00fcgiks PistonAddict.com veebilehel\" \/>\n<meta name=\"robots\" content=\"index, follow, max-snippet:-1, max-image-preview:large, max-video-preview:-1\" \/>\n<link rel=\"canonical\" href=\"https:\/\/pistonaddict.com\/et\/product\/jensen-interceptor\/\" \/>\n<meta property=\"og:locale\" content=\"et_EE\" \/>\n<meta property=\"og:type\" content=\"article\" \/>\n<meta property=\"og:title\" content=\"oksjon - Piston Addict\" \/>\n<meta property=\"og:description\" content=\"Vaadake seda Jensen Interceptor R MK3 oksjonil m\u00fc\u00fcgiks PistonAddict.com veebilehel\" \/>\n<meta property=\"og:url\" content=\"https:\/\/pistonaddict.com\/et\/product\/jensen-interceptor\/\" \/>\n<meta property=\"og:site_name\" content=\"Piston Addict\" \/>\n<meta property=\"article:modified_time\" content=\"2024-03-19T16:48:37+00:00\" \/>\n<meta property=\"og:image\" content=\"https:\/\/pistonaddict.com\/wp-content\/uploads\/2023\/04\/LuxurycarLondonApril11PistonAddict_0906-scaled.jpg\" \/>\n\t<meta property=\"og:image:width\" content=\"2560\" \/>\n\t<meta property=\"og:image:height\" content=\"1505\" \/>\n\t<meta property=\"og:image:type\" content=\"image\/jpeg\" \/>\n<meta name=\"twitter:card\" content=\"summary_large_image\" \/>\n<meta name=\"twitter:label1\" content=\"Est. reading time\" \/>\n\t<meta name=\"twitter:data1\" content=\"2 minutit\" \/>\n<script type=\"application\/ld+json\" class=\"yoast-schema-graph\">{\"@context\":\"https:\/\/schema.org\",\"@graph\":[{\"@type\":\"WebPage\",\"@id\":\"https:\/\/pistonaddict.com\/et\/product\/jensen-interceptor\/\",\"url\":\"https:\/\/pistonaddict.com\/et\/product\/jensen-interceptor\/\",\"name\":\"oksjon - Piston Addict\",\"isPartOf\":{\"@id\":\"https:\/\/pistonaddict.com\/et\/#website\"},\"primaryImageOfPage\":{\"@id\":\"https:\/\/pistonaddict.com\/et\/product\/jensen-interceptor\/#primaryimage\"},\"image\":{\"@id\":\"https:\/\/pistonaddict.com\/et\/product\/jensen-interceptor\/#primaryimage\"},\"thumbnailUrl\":\"https:\/\/pistonaddict.com\/wp-content\/uploads\/2023\/04\/LuxurycarLondonApril11PistonAddict_0906-scaled.jpg\",\"datePublished\":\"2023-04-19T07:41:30+00:00\",\"dateModified\":\"2024-03-19T16:48:37+00:00\",\"description\":\"Vaadake seda Jensen Interceptor R MK3 oksjonil m\u00fc\u00fcgiks PistonAddict.com veebilehel\",\"breadcrumb\":{\"@id\":\"https:\/\/pistonaddict.com\/et\/product\/jensen-interceptor\/#breadcrumb\"},\"inLanguage\":\"et\",\"potentialAction\":[{\"@type\":\"ReadAction\",\"target\":[\"https:\/\/pistonaddict.com\/et\/product\/jensen-interceptor\/\"]}]},{\"@type\":\"ImageObject\",\"inLanguage\":\"et\",\"@id\":\"https:\/\/pistonaddict.com\/et\/product\/jensen-interceptor\/#primaryimage\",\"url\":\"https:\/\/pistonaddict.com\/wp-content\/uploads\/2023\/04\/LuxurycarLondonApril11PistonAddict_0906-scaled.jpg\",\"contentUrl\":\"https:\/\/pistonaddict.com\/wp-content\/uploads\/2023\/04\/LuxurycarLondonApril11PistonAddict_0906-scaled.jpg\",\"width\":2560,\"height\":1505},{\"@type\":\"BreadcrumbList\",\"@id\":\"https:\/\/pistonaddict.com\/et\/product\/jensen-interceptor\/#breadcrumb\",\"itemListElement\":[{\"@type\":\"ListItem\",\"position\":1,\"name\":\"Koduleht\",\"item\":\"https:\/\/pistonaddict.com\/et\/koduleht-2\/\"},{\"@type\":\"ListItem\",\"position\":2,\"name\":\"Auctions\",\"item\":\"https:\/\/pistonaddict.com\/auctions-listing\/\"},{\"@type\":\"ListItem\",\"position\":3,\"name\":\"Jensen Interceptor R Mk3\"}]},{\"@type\":\"WebSite\",\"@id\":\"https:\/\/pistonaddict.com\/et\/#website\",\"url\":\"https:\/\/pistonaddict.com\/et\/\",\"name\":\"Piston Addict\",\"description\":\"Only interesting vehicles\",\"publisher\":{\"@id\":\"https:\/\/pistonaddict.com\/et\/#organization\"},\"potentialAction\":[{\"@type\":\"SearchAction\",\"target\":{\"@type\":\"EntryPoint\",\"urlTemplate\":\"https:\/\/pistonaddict.com\/et\/?s={search_term_string}\"},\"query-input\":\"required name=search_term_string\"}],\"inLanguage\":\"et\"},{\"@type\":\"Organization\",\"@id\":\"https:\/\/pistonaddict.com\/et\/#organization\",\"name\":\"Piston Addict\",\"url\":\"https:\/\/pistonaddict.com\/et\/\",\"logo\":{\"@type\":\"ImageObject\",\"inLanguage\":\"et\",\"@id\":\"https:\/\/pistonaddict.com\/et\/#\/schema\/logo\/image\/\",\"url\":\"https:\/\/pistonaddict.com\/wp-content\/uploads\/2022\/07\/logo-6.png\",\"contentUrl\":\"https:\/\/pistonaddict.com\/wp-content\/uploads\/2022\/07\/logo-6.png\",\"width\":970,\"height\":200,\"caption\":\"Piston Addict\"},\"image\":{\"@id\":\"https:\/\/pistonaddict.com\/et\/#\/schema\/logo\/image\/\"}}]}<\/script>\n<!-- \/ Yoast SEO plugin. -->","yoast_head_json":{"title":"oksjon - Piston Addict","description":"Vaadake seda Jensen Interceptor R MK3 oksjonil m\u00fc\u00fcgiks PistonAddict.com veebilehel","robots":{"index":"index","follow":"follow","max-snippet":"max-snippet:-1","max-image-preview":"max-image-preview:large","max-video-preview":"max-video-preview:-1"},"canonical":"https:\/\/pistonaddict.com\/et\/product\/jensen-interceptor\/","og_locale":"et_EE","og_type":"article","og_title":"oksjon - Piston Addict","og_description":"Vaadake seda Jensen Interceptor R MK3 oksjonil m\u00fc\u00fcgiks PistonAddict.com veebilehel","og_url":"https:\/\/pistonaddict.com\/et\/product\/jensen-interceptor\/","og_site_name":"Piston Addict","article_modified_time":"2024-03-19T16:48:37+00:00","og_image":[{"width":2560,"height":1505,"url":"https:\/\/pistonaddict.com\/wp-content\/uploads\/2023\/04\/LuxurycarLondonApril11PistonAddict_0906-scaled.jpg","type":"image\/jpeg"}],"twitter_card":"summary_large_image","twitter_misc":{"Est. reading time":"2 minutit"},"schema":{"@context":"https:\/\/schema.org","@graph":[{"@type":"WebPage","@id":"https:\/\/pistonaddict.com\/et\/product\/jensen-interceptor\/","url":"https:\/\/pistonaddict.com\/et\/product\/jensen-interceptor\/","name":"oksjon - Piston Addict","isPartOf":{"@id":"https:\/\/pistonaddict.com\/et\/#website"},"primaryImageOfPage":{"@id":"https:\/\/pistonaddict.com\/et\/product\/jensen-interceptor\/#primaryimage"},"image":{"@id":"https:\/\/pistonaddict.com\/et\/product\/jensen-interceptor\/#primaryimage"},"thumbnailUrl":"https:\/\/pistonaddict.com\/wp-content\/uploads\/2023\/04\/LuxurycarLondonApril11PistonAddict_0906-scaled.jpg","datePublished":"2023-04-19T07:41:30+00:00","dateModified":"2024-03-19T16:48:37+00:00","description":"Vaadake seda Jensen Interceptor R MK3 oksjonil m\u00fc\u00fcgiks PistonAddict.com veebilehel","breadcrumb":{"@id":"https:\/\/pistonaddict.com\/et\/product\/jensen-interceptor\/#breadcrumb"},"inLanguage":"et","potentialAction":[{"@type":"ReadAction","target":["https:\/\/pistonaddict.com\/et\/product\/jensen-interceptor\/"]}]},{"@type":"ImageObject","inLanguage":"et","@id":"https:\/\/pistonaddict.com\/et\/product\/jensen-interceptor\/#primaryimage","url":"https:\/\/pistonaddict.com\/wp-content\/uploads\/2023\/04\/LuxurycarLondonApril11PistonAddict_0906-scaled.jpg","contentUrl":"https:\/\/pistonaddict.com\/wp-content\/uploads\/2023\/04\/LuxurycarLondonApril11PistonAddict_0906-scaled.jpg","width":2560,"height":1505},{"@type":"BreadcrumbList","@id":"https:\/\/pistonaddict.com\/et\/product\/jensen-interceptor\/#breadcrumb","itemListElement":[{"@type":"ListItem","position":1,"name":"Koduleht","item":"https:\/\/pistonaddict.com\/et\/koduleht-2\/"},{"@type":"ListItem","position":2,"name":"Auctions","item":"https:\/\/pistonaddict.com\/auctions-listing\/"},{"@type":"ListItem","position":3,"name":"Jensen Interceptor R Mk3"}]},{"@type":"WebSite","@id":"https:\/\/pistonaddict.com\/et\/#website","url":"https:\/\/pistonaddict.com\/et\/","name":"Piston Addict","description":"Only interesting vehicles","publisher":{"@id":"https:\/\/pistonaddict.com\/et\/#organization"},"potentialAction":[{"@type":"SearchAction","target":{"@type":"EntryPoint","urlTemplate":"https:\/\/pistonaddict.com\/et\/?s={search_term_string}"},"query-input":"required name=search_term_string"}],"inLanguage":"et"},{"@type":"Organization","@id":"https:\/\/pistonaddict.com\/et\/#organization","name":"Piston Addict","url":"https:\/\/pistonaddict.com\/et\/","logo":{"@type":"ImageObject","inLanguage":"et","@id":"https:\/\/pistonaddict.com\/et\/#\/schema\/logo\/image\/","url":"https:\/\/pistonaddict.com\/wp-content\/uploads\/2022\/07\/logo-6.png","contentUrl":"https:\/\/pistonaddict.com\/wp-content\/uploads\/2022\/07\/logo-6.png","width":970,"height":200,"caption":"Piston Addict"},"image":{"@id":"https:\/\/pistonaddict.com\/et\/#\/schema\/logo\/image\/"}}]}},"_links":{"self":[{"href":"https:\/\/pistonaddict.com\/et\/wp-json\/wp\/v2\/product\/33344"}],"collection":[{"href":"https:\/\/pistonaddict.com\/et\/wp-json\/wp\/v2\/product"}],"about":[{"href":"https:\/\/pistonaddict.com\/et\/wp-json\/wp\/v2\/types\/product"}],"replies":[{"embeddable":true,"href":"https:\/\/pistonaddict.com\/et\/wp-json\/wp\/v2\/comments?post=33344"}],"wp:featuredmedia":[{"embeddable":true,"href":"https:\/\/pistonaddict.com\/et\/wp-json\/wp\/v2\/media\/32665"}],"wp:attachment":[{"href":"https:\/\/pistonaddict.com\/et\/wp-json\/wp\/v2\/media?parent=33344"}],"wp:term":[{"taxonomy":"product_cat","embeddable":true,"href":"https:\/\/pistonaddict.com\/et\/wp-json\/wp\/v2\/product_cat?post=33344"},{"taxonomy":"product_tag","embeddable":true,"href":"https:\/\/pistonaddict.com\/et\/wp-json\/wp\/v2\/product_tag?post=33344"}],"curies":[{"name":"wp","href":"https:\/\/api.w.org\/{rel}","templated":true}]}}