{"id":32612,"date":"2023-04-18T18:05:14","date_gmt":"2023-04-18T16:05:14","guid":{"rendered":"https:\/\/pistonaddict.com\/product\/maserati-ghibli-ss-49-liitrit\/"},"modified":"2024-03-19T17:37:24","modified_gmt":"2024-03-19T16:37:24","slug":"maserati-ghibli-ss-49-liitrine","status":"publish","type":"product","link":"https:\/\/pistonaddict.com\/et\/product\/maserati-ghibli-ss-49-liitrine\/","title":{"rendered":"Maserati Ghibli SS 4,9 liitrit"},"content":{"rendered":"<h2>V\u00e4ljaspool<\/h2>\n<p>Sellel oksjonil m\u00fc\u00fcdav auto on sinist v\u00e4rvi ja sellel on atraktiivsed pop-up esilaternad ees. Kuid see, mis teeb selle Sypderi nii atraktiivseks ja pilkup\u00fc\u00fcdvaks, on selle elegantne siluett. Selle 2-ukselise roadsteri on disaininud \u00fcks suurimaid nimesid Giorgetto Giugiaro, millel on madal, haiplik nina, lihaselised rattakoopad ja kaldus tagumine ots. See muudab selle ideaalseks l\u00f5dvestunud bussis\u00f5itudeks v\u00f5i maalilistel rannikualadel s\u00f5itmiseks. Ja ebasoodsate ilmastikuolude korral tuleb kasuks v\u00e4rvikoodiga tonnau-katte alla peidetud kokkuvolditav pehme katus. Autol on Ruote Borrani valmistatud 15-tollised traatveljed ja ajastukohased Michelin Radial X rehvid. Muud t\u00e4helepanuv\u00e4\u00e4rsed detailid on kroomitud kaitserauad ja funktsionaalsed ventilatsiooniavad kapotil ja kaitsekorvides.<\/p>\n<h2>Sisustus<\/h2>\n<p>Selle Maserati sees on kaks mugavat, kuid samas toetavat istet, mis on kaetud pehme helepruuni nahaga. Sama silmapaistev materjal on kasutatud enamiku interj\u00f6\u00f6ri polsterdamiseks, v\u00e4lja arvatud armatuurlaua \u00fclemine osa, mis on kaetud musta mokkaga. M\u00fc\u00fcja poolt esitatud fotode p\u00f5hjal v\u00f5ib \u00f6elda, et interj\u00f6\u00f6r on laitmatus korras. Kui juht on sees, v\u00f5tab ta kontrolli alla kauni puidust rooli, mille keskel on kolm roostevabast terasest spiraali. Selle taga on armatuurlaud, mille p\u00f6\u00f6rlemissageduse loendur on punase joonega 5555 p\u00f6\u00f6ret minutis ja spidomeeter, mille l\u00f5ppn\u00e4itaja on 300 KPH. Lisaks neile on sellel Ghiblil viis keskele paigaldatud n\u00e4idikut, mis n\u00e4itavad elut\u00e4htsaid parameetreid, n\u00e4iteks \u00f5lir\u00f5hku, temperatuuri ja k\u00fctusetaset. Hetkel on l\u00e4bis\u00f5idum\u00f5\u00f5diku n\u00e4it umbes 13 000 km.<\/p>\n<h2>Mehaanika<\/h2>\n<p>M\u00fc\u00fcgil olev auto on SS-mudel, mis t\u00e4hendab, et see on varustatud suurema ja v\u00f5imsama 4,9-liitrise V8-mootoriga. Nelja Weberi kahekordse karburaatoriga varustatud mootori v\u00f5imsus on 335 hobuj\u00f5udu ja veidi \u00fcle 480 Nm p\u00f6\u00f6rdemomenti, mis saadetakse tagaratastele viiek\u00e4igulise manuaalk\u00e4igukasti kaudu. Sellest piisab, et see Ghibli SS roadster saavutaks maksimaalse kiiruse 280 MPH, mis teeb sellest oma aja kiireima Maserati. Lisaks mehaanikale on autol terastorust \u0161assii, mis tagab kerguse ja struktuurilise j\u00e4ikuse.<\/p>\n<h2>S\u00f5iduki ajalugu<\/h2>\n<p>Nimetatud Spyderi \u00fcmberehituse tegi Mondena spetsialiseerunud t\u00f6\u00f6koda, mis tagab t\u00f6\u00f6 kvaliteedi. See on Ghibli omanike seas populaarne modifikatsioon, sest Maserati ehitas v\u00e4hem kui 50 tehases toodetud Spyderit. Lisaks sellele on auto l\u00e4binud p\u00f5hjaliku restaureerimise, mille tegi Furlonger Cars, Ashfordis asuv mainekas ja Itaalia superautodega kursis olev restauraator.<\/p>\n<p>Omaniku s\u00f5nul tehti k\u00f5ik hooldust\u00f6\u00f6d regulaarselt, viimane hooldus tehti juunis 2021. Hetkel ei ole teadaolevaid vigu ega probleeme \u00fchegi komponendiga. Lisaks puuduvad m\u00e4rgatavad kriimustused, m\u00f5lgid v\u00f5i muud kere puudused.<\/p>\n","protected":false},"excerpt":{"rendered":"<p>See 1971. aasta Maserati Ghibli SS avatud katusega roadster, mis on l\u00e4binud veidi \u00fcle 13 000 kilomeetri, m\u00fc\u00fcb omanik eraviisiliselt. Selle j\u00f5uallikaks on V8-mootor, mis on \u00fchendatud viiek\u00e4igulise manuaalk\u00e4igukastiga. Kuigi see auto on visuaalselt identne ikoonilise Spyderi mudeliga, alustas ta kupeena, mis hiljem muudeti praegusele kujule. Lisaks sellele, et see auto on peaaegu laitmatus korras, on see ka t\u00e4ielikult hooldatud ja omaniku s\u00f5nul ei ole ta olnud seotud \u00fchegi \u00f5nnetusega ning asub praegu \u00dchendkuningriigis.<\/p>\n","protected":false},"featured_media":32147,"comment_status":"open","ping_status":"closed","template":"","meta":{"inline_featured_image":false},"product_cat":[736],"product_tag":[1240,1076,960,1075],"acf":[],"yoast_head":"<!-- This site is optimized with the Yoast SEO plugin v22.5 - https:\/\/yoast.com\/wordpress\/plugins\/seo\/ -->\n<title>oksjon - Piston Addict<\/title>\n<meta name=\"description\" content=\"Vaata seda Maserati Ghibli SS 4,9 liitrit m\u00fc\u00fcgiks PistonAddict.com oksjonil, manuaalk\u00e4igukastiga ja ainult 13 220 km.\" \/>\n<meta name=\"robots\" content=\"index, follow, max-snippet:-1, max-image-preview:large, max-video-preview:-1\" \/>\n<link rel=\"canonical\" href=\"https:\/\/pistonaddict.com\/et\/product\/maserati-ghibli-ss-49-liitrine\/\" \/>\n<meta property=\"og:locale\" content=\"et_EE\" \/>\n<meta property=\"og:type\" content=\"article\" \/>\n<meta property=\"og:title\" content=\"oksjon - Piston Addict\" \/>\n<meta property=\"og:description\" content=\"Vaata seda Maserati Ghibli SS 4,9 liitrit m\u00fc\u00fcgiks PistonAddict.com oksjonil, manuaalk\u00e4igukastiga ja ainult 13 220 km.\" \/>\n<meta property=\"og:url\" content=\"https:\/\/pistonaddict.com\/et\/product\/maserati-ghibli-ss-49-liitrine\/\" \/>\n<meta property=\"og:site_name\" content=\"Piston Addict\" \/>\n<meta property=\"article:modified_time\" content=\"2024-03-19T16:37:24+00:00\" \/>\n<meta property=\"og:image\" content=\"https:\/\/pistonaddict.com\/wp-content\/uploads\/2023\/04\/Maserati13-scaled.jpg\" \/>\n\t<meta property=\"og:image:width\" content=\"2560\" \/>\n\t<meta property=\"og:image:height\" content=\"1609\" \/>\n\t<meta property=\"og:image:type\" content=\"image\/jpeg\" \/>\n<meta name=\"twitter:card\" content=\"summary_large_image\" \/>\n<meta name=\"twitter:label1\" content=\"Est. reading time\" \/>\n\t<meta name=\"twitter:data1\" content=\"2 minutit\" \/>\n<script type=\"application\/ld+json\" class=\"yoast-schema-graph\">{\"@context\":\"https:\/\/schema.org\",\"@graph\":[{\"@type\":\"WebPage\",\"@id\":\"https:\/\/pistonaddict.com\/et\/product\/maserati-ghibli-ss-49-liitrine\/\",\"url\":\"https:\/\/pistonaddict.com\/et\/product\/maserati-ghibli-ss-49-liitrine\/\",\"name\":\"oksjon - Piston Addict\",\"isPartOf\":{\"@id\":\"https:\/\/pistonaddict.com\/et\/#website\"},\"primaryImageOfPage\":{\"@id\":\"https:\/\/pistonaddict.com\/et\/product\/maserati-ghibli-ss-49-liitrine\/#primaryimage\"},\"image\":{\"@id\":\"https:\/\/pistonaddict.com\/et\/product\/maserati-ghibli-ss-49-liitrine\/#primaryimage\"},\"thumbnailUrl\":\"https:\/\/pistonaddict.com\/wp-content\/uploads\/2023\/04\/Maserati13-scaled.jpg\",\"datePublished\":\"2023-04-18T16:05:14+00:00\",\"dateModified\":\"2024-03-19T16:37:24+00:00\",\"description\":\"Vaata seda Maserati Ghibli SS 4,9 liitrit m\u00fc\u00fcgiks PistonAddict.com oksjonil, manuaalk\u00e4igukastiga ja ainult 13 220 km.\",\"breadcrumb\":{\"@id\":\"https:\/\/pistonaddict.com\/et\/product\/maserati-ghibli-ss-49-liitrine\/#breadcrumb\"},\"inLanguage\":\"et\",\"potentialAction\":[{\"@type\":\"ReadAction\",\"target\":[\"https:\/\/pistonaddict.com\/et\/product\/maserati-ghibli-ss-49-liitrine\/\"]}]},{\"@type\":\"ImageObject\",\"inLanguage\":\"et\",\"@id\":\"https:\/\/pistonaddict.com\/et\/product\/maserati-ghibli-ss-49-liitrine\/#primaryimage\",\"url\":\"https:\/\/pistonaddict.com\/wp-content\/uploads\/2023\/04\/Maserati13-scaled.jpg\",\"contentUrl\":\"https:\/\/pistonaddict.com\/wp-content\/uploads\/2023\/04\/Maserati13-scaled.jpg\",\"width\":2560,\"height\":1609},{\"@type\":\"BreadcrumbList\",\"@id\":\"https:\/\/pistonaddict.com\/et\/product\/maserati-ghibli-ss-49-liitrine\/#breadcrumb\",\"itemListElement\":[{\"@type\":\"ListItem\",\"position\":1,\"name\":\"Koduleht\",\"item\":\"https:\/\/pistonaddict.com\/et\/koduleht-2\/\"},{\"@type\":\"ListItem\",\"position\":2,\"name\":\"Auctions\",\"item\":\"https:\/\/pistonaddict.com\/auctions-listing\/\"},{\"@type\":\"ListItem\",\"position\":3,\"name\":\"Maserati Ghibli SS 4,9 liitrit\"}]},{\"@type\":\"WebSite\",\"@id\":\"https:\/\/pistonaddict.com\/et\/#website\",\"url\":\"https:\/\/pistonaddict.com\/et\/\",\"name\":\"Piston Addict\",\"description\":\"Only interesting vehicles\",\"publisher\":{\"@id\":\"https:\/\/pistonaddict.com\/et\/#organization\"},\"potentialAction\":[{\"@type\":\"SearchAction\",\"target\":{\"@type\":\"EntryPoint\",\"urlTemplate\":\"https:\/\/pistonaddict.com\/et\/?s={search_term_string}\"},\"query-input\":\"required name=search_term_string\"}],\"inLanguage\":\"et\"},{\"@type\":\"Organization\",\"@id\":\"https:\/\/pistonaddict.com\/et\/#organization\",\"name\":\"Piston Addict\",\"url\":\"https:\/\/pistonaddict.com\/et\/\",\"logo\":{\"@type\":\"ImageObject\",\"inLanguage\":\"et\",\"@id\":\"https:\/\/pistonaddict.com\/et\/#\/schema\/logo\/image\/\",\"url\":\"https:\/\/pistonaddict.com\/wp-content\/uploads\/2022\/07\/logo-6.png\",\"contentUrl\":\"https:\/\/pistonaddict.com\/wp-content\/uploads\/2022\/07\/logo-6.png\",\"width\":970,\"height\":200,\"caption\":\"Piston Addict\"},\"image\":{\"@id\":\"https:\/\/pistonaddict.com\/et\/#\/schema\/logo\/image\/\"}}]}<\/script>\n<!-- \/ Yoast SEO plugin. -->","yoast_head_json":{"title":"oksjon - Piston Addict","description":"Vaata seda Maserati Ghibli SS 4,9 liitrit m\u00fc\u00fcgiks PistonAddict.com oksjonil, manuaalk\u00e4igukastiga ja ainult 13 220 km.","robots":{"index":"index","follow":"follow","max-snippet":"max-snippet:-1","max-image-preview":"max-image-preview:large","max-video-preview":"max-video-preview:-1"},"canonical":"https:\/\/pistonaddict.com\/et\/product\/maserati-ghibli-ss-49-liitrine\/","og_locale":"et_EE","og_type":"article","og_title":"oksjon - Piston Addict","og_description":"Vaata seda Maserati Ghibli SS 4,9 liitrit m\u00fc\u00fcgiks PistonAddict.com oksjonil, manuaalk\u00e4igukastiga ja ainult 13 220 km.","og_url":"https:\/\/pistonaddict.com\/et\/product\/maserati-ghibli-ss-49-liitrine\/","og_site_name":"Piston Addict","article_modified_time":"2024-03-19T16:37:24+00:00","og_image":[{"width":2560,"height":1609,"url":"https:\/\/pistonaddict.com\/wp-content\/uploads\/2023\/04\/Maserati13-scaled.jpg","type":"image\/jpeg"}],"twitter_card":"summary_large_image","twitter_misc":{"Est. reading time":"2 minutit"},"schema":{"@context":"https:\/\/schema.org","@graph":[{"@type":"WebPage","@id":"https:\/\/pistonaddict.com\/et\/product\/maserati-ghibli-ss-49-liitrine\/","url":"https:\/\/pistonaddict.com\/et\/product\/maserati-ghibli-ss-49-liitrine\/","name":"oksjon - Piston Addict","isPartOf":{"@id":"https:\/\/pistonaddict.com\/et\/#website"},"primaryImageOfPage":{"@id":"https:\/\/pistonaddict.com\/et\/product\/maserati-ghibli-ss-49-liitrine\/#primaryimage"},"image":{"@id":"https:\/\/pistonaddict.com\/et\/product\/maserati-ghibli-ss-49-liitrine\/#primaryimage"},"thumbnailUrl":"https:\/\/pistonaddict.com\/wp-content\/uploads\/2023\/04\/Maserati13-scaled.jpg","datePublished":"2023-04-18T16:05:14+00:00","dateModified":"2024-03-19T16:37:24+00:00","description":"Vaata seda Maserati Ghibli SS 4,9 liitrit m\u00fc\u00fcgiks PistonAddict.com oksjonil, manuaalk\u00e4igukastiga ja ainult 13 220 km.","breadcrumb":{"@id":"https:\/\/pistonaddict.com\/et\/product\/maserati-ghibli-ss-49-liitrine\/#breadcrumb"},"inLanguage":"et","potentialAction":[{"@type":"ReadAction","target":["https:\/\/pistonaddict.com\/et\/product\/maserati-ghibli-ss-49-liitrine\/"]}]},{"@type":"ImageObject","inLanguage":"et","@id":"https:\/\/pistonaddict.com\/et\/product\/maserati-ghibli-ss-49-liitrine\/#primaryimage","url":"https:\/\/pistonaddict.com\/wp-content\/uploads\/2023\/04\/Maserati13-scaled.jpg","contentUrl":"https:\/\/pistonaddict.com\/wp-content\/uploads\/2023\/04\/Maserati13-scaled.jpg","width":2560,"height":1609},{"@type":"BreadcrumbList","@id":"https:\/\/pistonaddict.com\/et\/product\/maserati-ghibli-ss-49-liitrine\/#breadcrumb","itemListElement":[{"@type":"ListItem","position":1,"name":"Koduleht","item":"https:\/\/pistonaddict.com\/et\/koduleht-2\/"},{"@type":"ListItem","position":2,"name":"Auctions","item":"https:\/\/pistonaddict.com\/auctions-listing\/"},{"@type":"ListItem","position":3,"name":"Maserati Ghibli SS 4,9 liitrit"}]},{"@type":"WebSite","@id":"https:\/\/pistonaddict.com\/et\/#website","url":"https:\/\/pistonaddict.com\/et\/","name":"Piston Addict","description":"Only interesting vehicles","publisher":{"@id":"https:\/\/pistonaddict.com\/et\/#organization"},"potentialAction":[{"@type":"SearchAction","target":{"@type":"EntryPoint","urlTemplate":"https:\/\/pistonaddict.com\/et\/?s={search_term_string}"},"query-input":"required name=search_term_string"}],"inLanguage":"et"},{"@type":"Organization","@id":"https:\/\/pistonaddict.com\/et\/#organization","name":"Piston Addict","url":"https:\/\/pistonaddict.com\/et\/","logo":{"@type":"ImageObject","inLanguage":"et","@id":"https:\/\/pistonaddict.com\/et\/#\/schema\/logo\/image\/","url":"https:\/\/pistonaddict.com\/wp-content\/uploads\/2022\/07\/logo-6.png","contentUrl":"https:\/\/pistonaddict.com\/wp-content\/uploads\/2022\/07\/logo-6.png","width":970,"height":200,"caption":"Piston Addict"},"image":{"@id":"https:\/\/pistonaddict.com\/et\/#\/schema\/logo\/image\/"}}]}},"_links":{"self":[{"href":"https:\/\/pistonaddict.com\/et\/wp-json\/wp\/v2\/product\/32612"}],"collection":[{"href":"https:\/\/pistonaddict.com\/et\/wp-json\/wp\/v2\/product"}],"about":[{"href":"https:\/\/pistonaddict.com\/et\/wp-json\/wp\/v2\/types\/product"}],"replies":[{"embeddable":true,"href":"https:\/\/pistonaddict.com\/et\/wp-json\/wp\/v2\/comments?post=32612"}],"wp:featuredmedia":[{"embeddable":true,"href":"https:\/\/pistonaddict.com\/et\/wp-json\/wp\/v2\/media\/32147"}],"wp:attachment":[{"href":"https:\/\/pistonaddict.com\/et\/wp-json\/wp\/v2\/media?parent=32612"}],"wp:term":[{"taxonomy":"product_cat","embeddable":true,"href":"https:\/\/pistonaddict.com\/et\/wp-json\/wp\/v2\/product_cat?post=32612"},{"taxonomy":"product_tag","embeddable":true,"href":"https:\/\/pistonaddict.com\/et\/wp-json\/wp\/v2\/product_tag?post=32612"}],"curies":[{"name":"wp","href":"https:\/\/api.w.org\/{rel}","templated":true}]}}