{"id":29712,"date":"2023-03-02T21:25:19","date_gmt":"2023-03-02T20:25:19","guid":{"rendered":"https:\/\/pistonaddict.com\/product\/1985-porsche-911-carrera-3-2-muugiks\/"},"modified":"2024-03-22T16:10:44","modified_gmt":"2024-03-22T15:10:44","slug":"1985-porsche-911-carrera-3-2-for-sale","status":"publish","type":"product","link":"https:\/\/pistonaddict.com\/et\/product\/1985-porsche-911-carrera-3-2-for-sale\/","title":{"rendered":"1985 Porsche 911 Carrera 3.2 oksjonil m\u00fc\u00fcgiks"},"content":{"rendered":"<p><strong>Auto ajalugu<\/strong><\/p>\n<p>M\u00fc\u00fcja omandas selle kauni 80ndate keskpaigast p\u00e4rineva maagilise eksemplari 1997. aastal Luksemburgis ja importis selle \u0160veitsi. See Carrera on varustatud standardse 3,2-liitrise lamekuulist mootoriga, mis edastab 231 hobuj\u00f5udu tagaratastele 5-k\u00e4igulise manuaalk\u00e4igukasti kaudu. Mootor on sissepritsega ja v\u00f5imeline k\u00e4ivitama selle legendaarse sportauto 5,9 sekundiga 0-100 km\/h ja tippkiirusega, mis on ikka veel arvestatav 245 km\/h (150 mph). Mingeid andmeid mootori muutmise kohta ei ole, kuid autot hooldati regulaarselt, viimane dokumenteeritud hooldus tehti 2022. aasta m\u00e4rtsi l\u00f5pus. Seni on see must Porsche l\u00e4binud 168 000 km.<\/p>\n<p><strong>Tingimus<\/strong><\/p>\n<p>S\u00f5iduki kere on t\u00e4ielikult ja professionaalselt \u00fcle v\u00e4rvitud ning mootor on renoveeritud, kasutades originaalosasid ja -komponente. See on l\u00e4binud \u0160veitsi tehnilise \u00fclevaatuse ning selle tee on seaduslik ja registreeritud. Tulevased ostjad tahavad teada, et \u00f5lianal\u00fc\u00fcs on tehtud ja tulemused on korras. Videos on n\u00e4ha, et \u00f5lir\u00f5hk ja k\u00f5ik n\u00e4idikud t\u00f6\u00f6tavad korrektselt. Alusp\u00f5hjas ei ole \u00f5lilekkeid, mootoriruum on korras ning k\u00f5ik originaaltemplid ja -m\u00e4rgised on olemas.<\/p>\n<p><strong>Sisustus<\/strong><\/p>\n<p>Selle 1985. aasta Porsche 911 Carrera 3.2 interj\u00f6\u00f6r on originaal, istmed ja uksekaardid on kaetud nahaga. V\u00f5rreldes sarnaste autodega, on sellel kolmekordse musta v\u00e4rvi eksemplaril (kere, interj\u00f6\u00f6r ja vaibad &#8211; k\u00f5ik mustad) m\u00f5ned ihaldusv\u00e4\u00e4rsed valikud, mida kollektsion\u00e4\u00e4rid otsivad. Esimene neist on nahkistmed koos elektriliste lisav\u00f5imalustega. Teiseks on see n\u00e4ide varustatud kliimaseadmega, mis on teretulnud lisav\u00f5imalus, eriti kuumadel suvep\u00e4evadel. Kolmandaks on sellel 1985. aasta Carreral ka p\u00e4ikesekatus, elektrilised peeglid ja tulede pesurid, mis k\u00f5ik lisavad t\u00e4iustatud kogemust. Tagumine klaas on soojendusega ning 80ndate lemmikmuusika jaoks on olemas j\u00e4relturu stereoseade. K\u00e4iguvahetusnupp ei ole siiski originaal.<\/p>\n<p><strong>V\u00e4limus ja rattad<\/strong><\/p>\n<p>K\u00f5ik v\u00e4lised kaunistused, liistud ja plastist osad n\u00e4evad v\u00e4lja t\u00e4iuslikus korras ning p\u00e4ikesekatuse ava \u00fcmber ei ole n\u00e4htavat roostet, mis on nende autode puhul tavaline spordiala. See t\u00e4hendab, et s\u00f5iduki eest on h\u00e4sti hoolitsetud ja seda kasutatakse vaid aeg-ajalt. Huvitav on see, et omanik otsustas parandada selle 1985. aasta Porsche 911 Carrera veeremit. Tehases korrektsete 15-tolliste velgede asemel on sellel autol 16-tollised Fuchsi originaalveljed, mis on pakitud Pirelli P Zero rehvidega. Loomulikult on tagumised laiemad kui eesmised. See on levinud muudatus, mis aitab nii v\u00e4limuse kui ka s\u00f5idud\u00fcnaamika osas. Rehvid paigaldati 2021. aasta keskel. Auto kaasas originaal t\u00f6\u00f6riistakomplekt ja varuratas, mis n\u00e4itab kollektsion\u00e4\u00e4ridele soodsat originaalsuse taset.<\/p>\n<p><strong>Dokumentatsioon<\/strong><\/p>\n<p>Tegemist on eraomanduses oleva s\u00f5idukiga, millel on asjakohased dokumendid ja mis asub Genfis, \u0160veitsis. CarVerticali aruanne on puhas; puuduvad t\u00f5endid \u00f5nnetuste, \u00f5nnetusjuhtumite remondi v\u00f5i omandi\u00f5iguse kohta v\u00f5i juriidilised probleemid. Regulaarse hoolduse kohta on andmed, mis ulatuvad tagasi 2015. aastasse.<\/p>\n","protected":false},"excerpt":{"rendered":"<p>See 1985. aasta Carrera 3.2 on elegantses Porsche mustas toonis ja sobiva interj\u00f6\u00f6riga viimistletud klassikaline 911, mis on t\u00e4iuslik n\u00e4ide juhikvaliteedist, mida uus omanik on valmis nautima. See Carrera on h\u00e4sti hooldatud ja usaldusv\u00e4\u00e4rne klassikaline s\u00f5iduk, millel on palju j\u00f5udlust ja mis on valmis enesekindlalt suvisele Euroopa-\u00fcles\u00f5idule minema, kuna selle v\u00e4liskuju on m\u00e4rkimata, mitu soovitavat lisavarustust ja h\u00e4sti sisustatud interj\u00f6\u00f6r.<\/p>\n","protected":false},"featured_media":29661,"comment_status":"open","ping_status":"closed","template":"","meta":{"inline_featured_image":false},"product_cat":[736],"product_tag":[961,810,893,960,809],"acf":[],"yoast_head":"<!-- This site is optimized with the Yoast SEO plugin v22.5 - https:\/\/yoast.com\/wordpress\/plugins\/seo\/ -->\n<title>1985 Porsche 911 Carrera 3.2 oksjonil m\u00fc\u00fcgiks - Piston Addict<\/title>\n<meta name=\"description\" content=\"Vaadake seda uhket 1985. aasta Porsche 911 Carrera 3.2 oksjonit PistonAddict.com&#039;il.\" \/>\n<meta name=\"robots\" content=\"index, follow, max-snippet:-1, max-image-preview:large, max-video-preview:-1\" \/>\n<link rel=\"canonical\" href=\"https:\/\/pistonaddict.com\/et\/product\/1985-porsche-911-carrera-3-2-for-sale\/\" \/>\n<meta property=\"og:locale\" content=\"et_EE\" \/>\n<meta property=\"og:type\" content=\"article\" \/>\n<meta property=\"og:title\" content=\"1985 Porsche 911 Carrera 3.2 oksjonil m\u00fc\u00fcgiks - Piston Addict\" \/>\n<meta property=\"og:description\" content=\"Vaadake seda uhket 1985. aasta Porsche 911 Carrera 3.2 oksjonit PistonAddict.com&#039;il.\" \/>\n<meta property=\"og:url\" content=\"https:\/\/pistonaddict.com\/et\/product\/1985-porsche-911-carrera-3-2-for-sale\/\" \/>\n<meta property=\"og:site_name\" content=\"Piston Addict\" \/>\n<meta property=\"article:modified_time\" content=\"2024-03-22T15:10:44+00:00\" \/>\n<meta property=\"og:image\" content=\"https:\/\/pistonaddict.com\/wp-content\/uploads\/2023\/03\/IMG_2519-scaled.jpeg\" \/>\n\t<meta property=\"og:image:width\" content=\"2560\" \/>\n\t<meta property=\"og:image:height\" content=\"1920\" \/>\n\t<meta property=\"og:image:type\" content=\"image\/jpeg\" \/>\n<meta name=\"twitter:card\" content=\"summary_large_image\" \/>\n<meta name=\"twitter:label1\" content=\"Est. reading time\" \/>\n\t<meta name=\"twitter:data1\" content=\"2 minutit\" \/>\n<script type=\"application\/ld+json\" class=\"yoast-schema-graph\">{\"@context\":\"https:\/\/schema.org\",\"@graph\":[{\"@type\":\"WebPage\",\"@id\":\"https:\/\/pistonaddict.com\/et\/product\/1985-porsche-911-carrera-3-2-for-sale\/\",\"url\":\"https:\/\/pistonaddict.com\/et\/product\/1985-porsche-911-carrera-3-2-for-sale\/\",\"name\":\"1985 Porsche 911 Carrera 3.2 oksjonil m\u00fc\u00fcgiks - Piston Addict\",\"isPartOf\":{\"@id\":\"https:\/\/pistonaddict.com\/et\/#website\"},\"primaryImageOfPage\":{\"@id\":\"https:\/\/pistonaddict.com\/et\/product\/1985-porsche-911-carrera-3-2-for-sale\/#primaryimage\"},\"image\":{\"@id\":\"https:\/\/pistonaddict.com\/et\/product\/1985-porsche-911-carrera-3-2-for-sale\/#primaryimage\"},\"thumbnailUrl\":\"https:\/\/pistonaddict.com\/wp-content\/uploads\/2023\/03\/IMG_2519-scaled.jpeg\",\"datePublished\":\"2023-03-02T20:25:19+00:00\",\"dateModified\":\"2024-03-22T15:10:44+00:00\",\"description\":\"Vaadake seda uhket 1985. aasta Porsche 911 Carrera 3.2 oksjonit PistonAddict.com'il.\",\"breadcrumb\":{\"@id\":\"https:\/\/pistonaddict.com\/et\/product\/1985-porsche-911-carrera-3-2-for-sale\/#breadcrumb\"},\"inLanguage\":\"et\",\"potentialAction\":[{\"@type\":\"ReadAction\",\"target\":[\"https:\/\/pistonaddict.com\/et\/product\/1985-porsche-911-carrera-3-2-for-sale\/\"]}]},{\"@type\":\"ImageObject\",\"inLanguage\":\"et\",\"@id\":\"https:\/\/pistonaddict.com\/et\/product\/1985-porsche-911-carrera-3-2-for-sale\/#primaryimage\",\"url\":\"https:\/\/pistonaddict.com\/wp-content\/uploads\/2023\/03\/IMG_2519-scaled.jpeg\",\"contentUrl\":\"https:\/\/pistonaddict.com\/wp-content\/uploads\/2023\/03\/IMG_2519-scaled.jpeg\",\"width\":2560,\"height\":1920},{\"@type\":\"BreadcrumbList\",\"@id\":\"https:\/\/pistonaddict.com\/et\/product\/1985-porsche-911-carrera-3-2-for-sale\/#breadcrumb\",\"itemListElement\":[{\"@type\":\"ListItem\",\"position\":1,\"name\":\"Koduleht\",\"item\":\"https:\/\/pistonaddict.com\/et\/koduleht-2\/\"},{\"@type\":\"ListItem\",\"position\":2,\"name\":\"Auctions\",\"item\":\"https:\/\/pistonaddict.com\/auctions-listing\/\"},{\"@type\":\"ListItem\",\"position\":3,\"name\":\"1985 Porsche 911 Carrera 3.2 oksjonil m\u00fc\u00fcgiks\"}]},{\"@type\":\"WebSite\",\"@id\":\"https:\/\/pistonaddict.com\/et\/#website\",\"url\":\"https:\/\/pistonaddict.com\/et\/\",\"name\":\"Piston Addict\",\"description\":\"Only interesting vehicles\",\"publisher\":{\"@id\":\"https:\/\/pistonaddict.com\/et\/#organization\"},\"potentialAction\":[{\"@type\":\"SearchAction\",\"target\":{\"@type\":\"EntryPoint\",\"urlTemplate\":\"https:\/\/pistonaddict.com\/et\/?s={search_term_string}\"},\"query-input\":\"required name=search_term_string\"}],\"inLanguage\":\"et\"},{\"@type\":\"Organization\",\"@id\":\"https:\/\/pistonaddict.com\/et\/#organization\",\"name\":\"Piston Addict\",\"url\":\"https:\/\/pistonaddict.com\/et\/\",\"logo\":{\"@type\":\"ImageObject\",\"inLanguage\":\"et\",\"@id\":\"https:\/\/pistonaddict.com\/et\/#\/schema\/logo\/image\/\",\"url\":\"https:\/\/pistonaddict.com\/wp-content\/uploads\/2022\/07\/logo-6.png\",\"contentUrl\":\"https:\/\/pistonaddict.com\/wp-content\/uploads\/2022\/07\/logo-6.png\",\"width\":970,\"height\":200,\"caption\":\"Piston Addict\"},\"image\":{\"@id\":\"https:\/\/pistonaddict.com\/et\/#\/schema\/logo\/image\/\"}}]}<\/script>\n<!-- \/ Yoast SEO plugin. -->","yoast_head_json":{"title":"1985 Porsche 911 Carrera 3.2 oksjonil m\u00fc\u00fcgiks - Piston Addict","description":"Vaadake seda uhket 1985. aasta Porsche 911 Carrera 3.2 oksjonit PistonAddict.com'il.","robots":{"index":"index","follow":"follow","max-snippet":"max-snippet:-1","max-image-preview":"max-image-preview:large","max-video-preview":"max-video-preview:-1"},"canonical":"https:\/\/pistonaddict.com\/et\/product\/1985-porsche-911-carrera-3-2-for-sale\/","og_locale":"et_EE","og_type":"article","og_title":"1985 Porsche 911 Carrera 3.2 oksjonil m\u00fc\u00fcgiks - Piston Addict","og_description":"Vaadake seda uhket 1985. aasta Porsche 911 Carrera 3.2 oksjonit PistonAddict.com'il.","og_url":"https:\/\/pistonaddict.com\/et\/product\/1985-porsche-911-carrera-3-2-for-sale\/","og_site_name":"Piston Addict","article_modified_time":"2024-03-22T15:10:44+00:00","og_image":[{"width":2560,"height":1920,"url":"https:\/\/pistonaddict.com\/wp-content\/uploads\/2023\/03\/IMG_2519-scaled.jpeg","type":"image\/jpeg"}],"twitter_card":"summary_large_image","twitter_misc":{"Est. reading time":"2 minutit"},"schema":{"@context":"https:\/\/schema.org","@graph":[{"@type":"WebPage","@id":"https:\/\/pistonaddict.com\/et\/product\/1985-porsche-911-carrera-3-2-for-sale\/","url":"https:\/\/pistonaddict.com\/et\/product\/1985-porsche-911-carrera-3-2-for-sale\/","name":"1985 Porsche 911 Carrera 3.2 oksjonil m\u00fc\u00fcgiks - Piston Addict","isPartOf":{"@id":"https:\/\/pistonaddict.com\/et\/#website"},"primaryImageOfPage":{"@id":"https:\/\/pistonaddict.com\/et\/product\/1985-porsche-911-carrera-3-2-for-sale\/#primaryimage"},"image":{"@id":"https:\/\/pistonaddict.com\/et\/product\/1985-porsche-911-carrera-3-2-for-sale\/#primaryimage"},"thumbnailUrl":"https:\/\/pistonaddict.com\/wp-content\/uploads\/2023\/03\/IMG_2519-scaled.jpeg","datePublished":"2023-03-02T20:25:19+00:00","dateModified":"2024-03-22T15:10:44+00:00","description":"Vaadake seda uhket 1985. aasta Porsche 911 Carrera 3.2 oksjonit PistonAddict.com'il.","breadcrumb":{"@id":"https:\/\/pistonaddict.com\/et\/product\/1985-porsche-911-carrera-3-2-for-sale\/#breadcrumb"},"inLanguage":"et","potentialAction":[{"@type":"ReadAction","target":["https:\/\/pistonaddict.com\/et\/product\/1985-porsche-911-carrera-3-2-for-sale\/"]}]},{"@type":"ImageObject","inLanguage":"et","@id":"https:\/\/pistonaddict.com\/et\/product\/1985-porsche-911-carrera-3-2-for-sale\/#primaryimage","url":"https:\/\/pistonaddict.com\/wp-content\/uploads\/2023\/03\/IMG_2519-scaled.jpeg","contentUrl":"https:\/\/pistonaddict.com\/wp-content\/uploads\/2023\/03\/IMG_2519-scaled.jpeg","width":2560,"height":1920},{"@type":"BreadcrumbList","@id":"https:\/\/pistonaddict.com\/et\/product\/1985-porsche-911-carrera-3-2-for-sale\/#breadcrumb","itemListElement":[{"@type":"ListItem","position":1,"name":"Koduleht","item":"https:\/\/pistonaddict.com\/et\/koduleht-2\/"},{"@type":"ListItem","position":2,"name":"Auctions","item":"https:\/\/pistonaddict.com\/auctions-listing\/"},{"@type":"ListItem","position":3,"name":"1985 Porsche 911 Carrera 3.2 oksjonil m\u00fc\u00fcgiks"}]},{"@type":"WebSite","@id":"https:\/\/pistonaddict.com\/et\/#website","url":"https:\/\/pistonaddict.com\/et\/","name":"Piston Addict","description":"Only interesting vehicles","publisher":{"@id":"https:\/\/pistonaddict.com\/et\/#organization"},"potentialAction":[{"@type":"SearchAction","target":{"@type":"EntryPoint","urlTemplate":"https:\/\/pistonaddict.com\/et\/?s={search_term_string}"},"query-input":"required name=search_term_string"}],"inLanguage":"et"},{"@type":"Organization","@id":"https:\/\/pistonaddict.com\/et\/#organization","name":"Piston Addict","url":"https:\/\/pistonaddict.com\/et\/","logo":{"@type":"ImageObject","inLanguage":"et","@id":"https:\/\/pistonaddict.com\/et\/#\/schema\/logo\/image\/","url":"https:\/\/pistonaddict.com\/wp-content\/uploads\/2022\/07\/logo-6.png","contentUrl":"https:\/\/pistonaddict.com\/wp-content\/uploads\/2022\/07\/logo-6.png","width":970,"height":200,"caption":"Piston Addict"},"image":{"@id":"https:\/\/pistonaddict.com\/et\/#\/schema\/logo\/image\/"}}]}},"_links":{"self":[{"href":"https:\/\/pistonaddict.com\/et\/wp-json\/wp\/v2\/product\/29712"}],"collection":[{"href":"https:\/\/pistonaddict.com\/et\/wp-json\/wp\/v2\/product"}],"about":[{"href":"https:\/\/pistonaddict.com\/et\/wp-json\/wp\/v2\/types\/product"}],"replies":[{"embeddable":true,"href":"https:\/\/pistonaddict.com\/et\/wp-json\/wp\/v2\/comments?post=29712"}],"wp:featuredmedia":[{"embeddable":true,"href":"https:\/\/pistonaddict.com\/et\/wp-json\/wp\/v2\/media\/29661"}],"wp:attachment":[{"href":"https:\/\/pistonaddict.com\/et\/wp-json\/wp\/v2\/media?parent=29712"}],"wp:term":[{"taxonomy":"product_cat","embeddable":true,"href":"https:\/\/pistonaddict.com\/et\/wp-json\/wp\/v2\/product_cat?post=29712"},{"taxonomy":"product_tag","embeddable":true,"href":"https:\/\/pistonaddict.com\/et\/wp-json\/wp\/v2\/product_tag?post=29712"}],"curies":[{"name":"wp","href":"https:\/\/api.w.org\/{rel}","templated":true}]}}