{"id":28006,"date":"2023-03-02T16:24:00","date_gmt":"2023-03-02T15:24:00","guid":{"rendered":"https:\/\/pistonaddict.com\/product\/2008-porsche-911-gt2\/"},"modified":"2024-03-22T16:08:15","modified_gmt":"2024-03-22T15:08:15","slug":"2008-porsche-911-gt2","status":"publish","type":"product","link":"https:\/\/pistonaddict.com\/et\/product\/2008-porsche-911-gt2\/","title":{"rendered":"2008 Porsche 911 GT2 oksjonil m\u00fc\u00fcgiks"},"content":{"rendered":"<h2>V\u00e4ljaspool<\/h2>\n<p>K\u00e4sitletav auto on v\u00e4rvitud mustaks ja sellel on Bi-Xenon esituled. Kuid k\u00f5ige silmatorkavam on selle Porsche agressiivne v\u00e4limus. V\u00f5rreldes tavalise 911-ga on sellel GT2-l laiendatud kerepaneelid ja kaitserauad ning t\u00e4iendavad ventilatsiooniavad, mis parandavad jahutust. Veel \u00fcks m\u00e4rkimisv\u00e4\u00e4rne detail, mis eristab seda teistest mudelitest, on s\u00e4ravad titaanist v\u00e4ljalasketorustiku otsad. L\u00f5puks lisab suur must spoiler tagaosas agressiivsemat v\u00e4ljan\u00e4gemist ja parandab aerod\u00fcnaamikat. Auto istub 19-tollistel tehases valmistatud veljedel, mis on varustatud Michelin Pilot Sport Cup2 rehvidega. Need rehvid paigaldati s\u00f5idukile 2022. aasta juulis ja need sobivad ideaalselt selle rakenduse jaoks.<\/p>\n<h2>Sisustus<\/h2>\n<p>Sees on kaks k\u00e4sitsi reguleeritavat, kerget, tulekindla kangaga polsterdatud ja punaste v\u00f5idus\u00f5idurihmadega varustatud istet. Omanik kirjeldab neid <em>kui uusi<\/em>, fotod r\u00e4\u00e4givad sama lugu. Tagaosas on tehases paigaldatud veermik, mis j\u00e4igastab \u0161assiid ja parandab ohutust. \u00dclej\u00e4\u00e4nud auto sisustus on kaunistatud musta kangaga. Kui juht istub, leiab ta end Alcantara nahaga kaetud neljasihilise rooliratta tagant. Nagu enamikul Porschedel, domineerib armatuurlaual p\u00f6\u00f6rlemissagedusloendur, mille punane piir on 7000 p\u00f6\u00f6ret minutis. Peale selle on sellel spidomeeter, mis ulatub kuni 350 KPM, ja mitu n\u00e4idikut, mis n\u00e4itavad elut\u00e4htsaid s\u00f5iduparameetreid. See h\u00f5lmab muu hulgas mootori temperatuuri, \u00f5lir\u00f5hku ja k\u00fctusetaset. Praegune l\u00e4bis\u00f5idum\u00f5\u00f5diku n\u00e4it on umbes 12 000 kilomeetrit. L\u00f5puks on armatuurlaua keskele paigaldatud stoppkell, mis on abiks, kui teete ajastatud ringe.<\/p>\n<h2>Mehaanika<\/h2>\n<p>Naha all olev mehaanika on see, kus GT2 iseloom t\u00e4ielikult esile tuleb. Esiteks on selles 3,6-liitrine kuues mootor, mida kasutatakse enamikus 997 mudelites. Kuid GT2-s kasutamiseks on see mootor varustatud paari muutuva geomeetriaga turbolaaduriga ja otsese k\u00fctuse sissepritsega. Need uuendused aitasid suurendada selle v\u00f5imsust 530 hobuj\u00f5uni. See j\u00f5uab tagaratastele traditsioonilise 6-k\u00e4igulise k\u00e4igukasti kaudu. Porsche otsustas kaalu kokku hoida, j\u00e4ttes paigaldamata nelikveos\u00fcsteemi v\u00f5i keerulise PDK-kaksik\u00fchendusega k\u00e4igukasti. L\u00f5puks tagavad tehases paigaldatud keraamilised pidurid, et GT2 peatub nii muljetavaldavalt kui ka s\u00f5idab.<\/p>\n<h2>Teenuse ajalugu<\/h2>\n<p>Omaniku s\u00f5nul on autot korrap\u00e4raselt hooldatud vastavalt tootja ajakavale, viimane hooldus tehti juulis 2022. Praegu ei ole armatuurlaual teadaolevaid vigu ega hoiatustulesid. Lisaks puuduvad m\u00e4rgatavad kriimustused, m\u00f5lgid v\u00f5i muud kere puudused. L\u00f5puks, see s\u00f5iduk on t\u00e4ielikult laos, ilma igasuguste j\u00e4relturu muudatusteta. K\u00f5ike seda silmas pidades v\u00f5ib \u00f6elda, et see 911 GT2 on omaniku kirjelduse kohaselt <em>ideaalses seisukorras<\/em>.<\/p>\n","protected":false},"excerpt":{"rendered":"<p>See 2008. aasta Porsche 911 GT2, mis on l\u00e4binud veidi alla 12 000 kilomeetri, m\u00fc\u00fcb omanik, kes ostis selle uhiuue. Selle j\u00f5uallikaks on 530-hobuj\u00f5uline turbolaadimisega kuues mootor, mis on \u00fchendatud kuuek\u00e4igulise automaatk\u00e4igukastiga. Omadusteks on 19-tollised Porsche veljed, Bi-Xenon tuled, keraamilised pidurid, kerged v\u00f5idus\u00f5idurihmadega istmed ja tehases paigaldatud veermik. Auto on praegu \u0160veitsis, kus see on registreeritud esimesest p\u00e4evast peale. See oli hiljuti t\u00e4ielikult hooldatud ja n\u00fc\u00fcd on sellel peaaegu uhiuued rehvid. Peale v\u00e4ikese kriimustuse kaitserauas 2013. aastal, mis t\u00e4ielikult parandati, on see GT2 vigastusteta, mida kinnitab ka vastav autoVertikaali aruanne.<\/p>\n","protected":false},"featured_media":27892,"comment_status":"open","ping_status":"closed","template":"","meta":{"inline_featured_image":false},"product_cat":[736],"product_tag":[982,810,925,812,809],"acf":[],"yoast_head":"<!-- This site is optimized with the Yoast SEO plugin v22.5 - https:\/\/yoast.com\/wordpress\/plugins\/seo\/ -->\n<title>2008 Porsche 911 GT2 oksjonil m\u00fc\u00fcgiks - Piston Addict<\/title>\n<meta name=\"description\" content=\"Vaadake seda 2008. aasta Porsche 911 GT2 oksjonil m\u00fc\u00fcgiks PistonAddict.com veebilehel\" \/>\n<meta name=\"robots\" content=\"index, follow, max-snippet:-1, max-image-preview:large, max-video-preview:-1\" \/>\n<link rel=\"canonical\" href=\"https:\/\/pistonaddict.com\/et\/product\/2008-porsche-911-gt2\/\" \/>\n<meta property=\"og:locale\" content=\"et_EE\" \/>\n<meta property=\"og:type\" content=\"article\" \/>\n<meta property=\"og:title\" content=\"2008 Porsche 911 GT2 oksjonil m\u00fc\u00fcgiks - Piston Addict\" \/>\n<meta property=\"og:description\" content=\"Vaadake seda 2008. aasta Porsche 911 GT2 oksjonil m\u00fc\u00fcgiks PistonAddict.com veebilehel\" \/>\n<meta property=\"og:url\" content=\"https:\/\/pistonaddict.com\/et\/product\/2008-porsche-911-gt2\/\" \/>\n<meta property=\"og:site_name\" content=\"Piston Addict\" \/>\n<meta property=\"article:modified_time\" content=\"2024-03-22T15:08:15+00:00\" \/>\n<meta property=\"og:image\" content=\"https:\/\/pistonaddict.com\/wp-content\/uploads\/2023\/03\/MainGT22008.jpg\" \/>\n\t<meta property=\"og:image:width\" content=\"1200\" \/>\n\t<meta property=\"og:image:height\" content=\"798\" \/>\n\t<meta property=\"og:image:type\" content=\"image\/jpeg\" \/>\n<meta name=\"twitter:card\" content=\"summary_large_image\" \/>\n<meta name=\"twitter:label1\" content=\"Est. reading time\" \/>\n\t<meta name=\"twitter:data1\" content=\"2 minutit\" \/>\n<script type=\"application\/ld+json\" class=\"yoast-schema-graph\">{\"@context\":\"https:\/\/schema.org\",\"@graph\":[{\"@type\":\"WebPage\",\"@id\":\"https:\/\/pistonaddict.com\/et\/product\/2008-porsche-911-gt2\/\",\"url\":\"https:\/\/pistonaddict.com\/et\/product\/2008-porsche-911-gt2\/\",\"name\":\"2008 Porsche 911 GT2 oksjonil m\u00fc\u00fcgiks - Piston Addict\",\"isPartOf\":{\"@id\":\"https:\/\/pistonaddict.com\/et\/#website\"},\"primaryImageOfPage\":{\"@id\":\"https:\/\/pistonaddict.com\/et\/product\/2008-porsche-911-gt2\/#primaryimage\"},\"image\":{\"@id\":\"https:\/\/pistonaddict.com\/et\/product\/2008-porsche-911-gt2\/#primaryimage\"},\"thumbnailUrl\":\"https:\/\/pistonaddict.com\/wp-content\/uploads\/2023\/03\/MainGT22008.jpg\",\"datePublished\":\"2023-03-02T15:24:00+00:00\",\"dateModified\":\"2024-03-22T15:08:15+00:00\",\"description\":\"Vaadake seda 2008. aasta Porsche 911 GT2 oksjonil m\u00fc\u00fcgiks PistonAddict.com veebilehel\",\"breadcrumb\":{\"@id\":\"https:\/\/pistonaddict.com\/et\/product\/2008-porsche-911-gt2\/#breadcrumb\"},\"inLanguage\":\"et\",\"potentialAction\":[{\"@type\":\"ReadAction\",\"target\":[\"https:\/\/pistonaddict.com\/et\/product\/2008-porsche-911-gt2\/\"]}]},{\"@type\":\"ImageObject\",\"inLanguage\":\"et\",\"@id\":\"https:\/\/pistonaddict.com\/et\/product\/2008-porsche-911-gt2\/#primaryimage\",\"url\":\"https:\/\/pistonaddict.com\/wp-content\/uploads\/2023\/03\/MainGT22008.jpg\",\"contentUrl\":\"https:\/\/pistonaddict.com\/wp-content\/uploads\/2023\/03\/MainGT22008.jpg\",\"width\":1200,\"height\":798},{\"@type\":\"BreadcrumbList\",\"@id\":\"https:\/\/pistonaddict.com\/et\/product\/2008-porsche-911-gt2\/#breadcrumb\",\"itemListElement\":[{\"@type\":\"ListItem\",\"position\":1,\"name\":\"Koduleht\",\"item\":\"https:\/\/pistonaddict.com\/et\/koduleht-2\/\"},{\"@type\":\"ListItem\",\"position\":2,\"name\":\"Auctions\",\"item\":\"https:\/\/pistonaddict.com\/auctions-listing\/\"},{\"@type\":\"ListItem\",\"position\":3,\"name\":\"2008 Porsche 911 GT2 oksjonil m\u00fc\u00fcgiks\"}]},{\"@type\":\"WebSite\",\"@id\":\"https:\/\/pistonaddict.com\/et\/#website\",\"url\":\"https:\/\/pistonaddict.com\/et\/\",\"name\":\"Piston Addict\",\"description\":\"Only interesting vehicles\",\"publisher\":{\"@id\":\"https:\/\/pistonaddict.com\/et\/#organization\"},\"potentialAction\":[{\"@type\":\"SearchAction\",\"target\":{\"@type\":\"EntryPoint\",\"urlTemplate\":\"https:\/\/pistonaddict.com\/et\/?s={search_term_string}\"},\"query-input\":\"required name=search_term_string\"}],\"inLanguage\":\"et\"},{\"@type\":\"Organization\",\"@id\":\"https:\/\/pistonaddict.com\/et\/#organization\",\"name\":\"Piston Addict\",\"url\":\"https:\/\/pistonaddict.com\/et\/\",\"logo\":{\"@type\":\"ImageObject\",\"inLanguage\":\"et\",\"@id\":\"https:\/\/pistonaddict.com\/et\/#\/schema\/logo\/image\/\",\"url\":\"https:\/\/pistonaddict.com\/wp-content\/uploads\/2022\/07\/logo-6.png\",\"contentUrl\":\"https:\/\/pistonaddict.com\/wp-content\/uploads\/2022\/07\/logo-6.png\",\"width\":970,\"height\":200,\"caption\":\"Piston Addict\"},\"image\":{\"@id\":\"https:\/\/pistonaddict.com\/et\/#\/schema\/logo\/image\/\"}}]}<\/script>\n<!-- \/ Yoast SEO plugin. -->","yoast_head_json":{"title":"2008 Porsche 911 GT2 oksjonil m\u00fc\u00fcgiks - Piston Addict","description":"Vaadake seda 2008. aasta Porsche 911 GT2 oksjonil m\u00fc\u00fcgiks PistonAddict.com veebilehel","robots":{"index":"index","follow":"follow","max-snippet":"max-snippet:-1","max-image-preview":"max-image-preview:large","max-video-preview":"max-video-preview:-1"},"canonical":"https:\/\/pistonaddict.com\/et\/product\/2008-porsche-911-gt2\/","og_locale":"et_EE","og_type":"article","og_title":"2008 Porsche 911 GT2 oksjonil m\u00fc\u00fcgiks - Piston Addict","og_description":"Vaadake seda 2008. aasta Porsche 911 GT2 oksjonil m\u00fc\u00fcgiks PistonAddict.com veebilehel","og_url":"https:\/\/pistonaddict.com\/et\/product\/2008-porsche-911-gt2\/","og_site_name":"Piston Addict","article_modified_time":"2024-03-22T15:08:15+00:00","og_image":[{"width":1200,"height":798,"url":"https:\/\/pistonaddict.com\/wp-content\/uploads\/2023\/03\/MainGT22008.jpg","type":"image\/jpeg"}],"twitter_card":"summary_large_image","twitter_misc":{"Est. reading time":"2 minutit"},"schema":{"@context":"https:\/\/schema.org","@graph":[{"@type":"WebPage","@id":"https:\/\/pistonaddict.com\/et\/product\/2008-porsche-911-gt2\/","url":"https:\/\/pistonaddict.com\/et\/product\/2008-porsche-911-gt2\/","name":"2008 Porsche 911 GT2 oksjonil m\u00fc\u00fcgiks - Piston Addict","isPartOf":{"@id":"https:\/\/pistonaddict.com\/et\/#website"},"primaryImageOfPage":{"@id":"https:\/\/pistonaddict.com\/et\/product\/2008-porsche-911-gt2\/#primaryimage"},"image":{"@id":"https:\/\/pistonaddict.com\/et\/product\/2008-porsche-911-gt2\/#primaryimage"},"thumbnailUrl":"https:\/\/pistonaddict.com\/wp-content\/uploads\/2023\/03\/MainGT22008.jpg","datePublished":"2023-03-02T15:24:00+00:00","dateModified":"2024-03-22T15:08:15+00:00","description":"Vaadake seda 2008. aasta Porsche 911 GT2 oksjonil m\u00fc\u00fcgiks PistonAddict.com veebilehel","breadcrumb":{"@id":"https:\/\/pistonaddict.com\/et\/product\/2008-porsche-911-gt2\/#breadcrumb"},"inLanguage":"et","potentialAction":[{"@type":"ReadAction","target":["https:\/\/pistonaddict.com\/et\/product\/2008-porsche-911-gt2\/"]}]},{"@type":"ImageObject","inLanguage":"et","@id":"https:\/\/pistonaddict.com\/et\/product\/2008-porsche-911-gt2\/#primaryimage","url":"https:\/\/pistonaddict.com\/wp-content\/uploads\/2023\/03\/MainGT22008.jpg","contentUrl":"https:\/\/pistonaddict.com\/wp-content\/uploads\/2023\/03\/MainGT22008.jpg","width":1200,"height":798},{"@type":"BreadcrumbList","@id":"https:\/\/pistonaddict.com\/et\/product\/2008-porsche-911-gt2\/#breadcrumb","itemListElement":[{"@type":"ListItem","position":1,"name":"Koduleht","item":"https:\/\/pistonaddict.com\/et\/koduleht-2\/"},{"@type":"ListItem","position":2,"name":"Auctions","item":"https:\/\/pistonaddict.com\/auctions-listing\/"},{"@type":"ListItem","position":3,"name":"2008 Porsche 911 GT2 oksjonil m\u00fc\u00fcgiks"}]},{"@type":"WebSite","@id":"https:\/\/pistonaddict.com\/et\/#website","url":"https:\/\/pistonaddict.com\/et\/","name":"Piston Addict","description":"Only interesting vehicles","publisher":{"@id":"https:\/\/pistonaddict.com\/et\/#organization"},"potentialAction":[{"@type":"SearchAction","target":{"@type":"EntryPoint","urlTemplate":"https:\/\/pistonaddict.com\/et\/?s={search_term_string}"},"query-input":"required name=search_term_string"}],"inLanguage":"et"},{"@type":"Organization","@id":"https:\/\/pistonaddict.com\/et\/#organization","name":"Piston Addict","url":"https:\/\/pistonaddict.com\/et\/","logo":{"@type":"ImageObject","inLanguage":"et","@id":"https:\/\/pistonaddict.com\/et\/#\/schema\/logo\/image\/","url":"https:\/\/pistonaddict.com\/wp-content\/uploads\/2022\/07\/logo-6.png","contentUrl":"https:\/\/pistonaddict.com\/wp-content\/uploads\/2022\/07\/logo-6.png","width":970,"height":200,"caption":"Piston Addict"},"image":{"@id":"https:\/\/pistonaddict.com\/et\/#\/schema\/logo\/image\/"}}]}},"_links":{"self":[{"href":"https:\/\/pistonaddict.com\/et\/wp-json\/wp\/v2\/product\/28006"}],"collection":[{"href":"https:\/\/pistonaddict.com\/et\/wp-json\/wp\/v2\/product"}],"about":[{"href":"https:\/\/pistonaddict.com\/et\/wp-json\/wp\/v2\/types\/product"}],"replies":[{"embeddable":true,"href":"https:\/\/pistonaddict.com\/et\/wp-json\/wp\/v2\/comments?post=28006"}],"wp:featuredmedia":[{"embeddable":true,"href":"https:\/\/pistonaddict.com\/et\/wp-json\/wp\/v2\/media\/27892"}],"wp:attachment":[{"href":"https:\/\/pistonaddict.com\/et\/wp-json\/wp\/v2\/media?parent=28006"}],"wp:term":[{"taxonomy":"product_cat","embeddable":true,"href":"https:\/\/pistonaddict.com\/et\/wp-json\/wp\/v2\/product_cat?post=28006"},{"taxonomy":"product_tag","embeddable":true,"href":"https:\/\/pistonaddict.com\/et\/wp-json\/wp\/v2\/product_tag?post=28006"}],"curies":[{"name":"wp","href":"https:\/\/api.w.org\/{rel}","templated":true}]}}