{"id":108795,"date":"2024-06-11T17:05:07","date_gmt":"2024-06-11T15:05:07","guid":{"rendered":"https:\/\/pistonaddict.com\/product\/lamborghini-urraco-p250\/"},"modified":"2024-06-12T09:53:34","modified_gmt":"2024-06-12T07:53:34","slug":"lamborghini-urraco-p250","status":"publish","type":"product","link":"https:\/\/pistonaddict.com\/et\/product\/lamborghini-urraco-p250\/","title":{"rendered":"Lamborghini Urraco P250"},"content":{"rendered":"<h2>V\u00e4ljaspool<\/h2>\n<p>V\u00e4liselt on sellel Itaalia neljakohalisel autol kiilakas siluett, mis on iseloomulik enamikule tolleaegsetele superautodele. Esik\u00fcljel domineerivad ikoonilised pop-up esituled, mis on h\u00e4davajalikud, et mahutada lame, madalalt rippuv kapuuts. K\u00fclgedel on k\u00f5ige silmatorkavamad lihaseid rattakoopaid, kus asuvad originaalsed 14-tollised kergmetallrattad, mis on varustatud ajastutruude Michelin XWX rehvidega. Lisaks sellele m\u00e4rkab terane silm tagaosas roostevabast terasest kahekordset ANSA-d, mille on valmistanud kuulus tuuner Abart. See konkreetne auto on v\u00e4rvitud elegantse h\u00f5bedase viimistlusega, mis annab selle agressiivsele olekule elegantse \u00fclekatte.<\/p>\n<h2>Sisustus<\/h2>\n<p>Uste avades avaneb Lambo rikkalik Nero interj\u00f6\u00f6r, millest k\u00f5ige t\u00e4helepanuv\u00e4\u00e4rsemad on \u00e4mbrilised esiistmed, mille seisukorda m\u00fc\u00fcja kirjeldab kui &#8220;uut&#8221;. Sama kirjeldust v\u00f5ib kasutada ka tagumise panga kohta, mis on piisavalt ruumikas, et mahutada kaks inimest. Kui juht istub, leiab ta end silmapiirilt neljasihilise nahkrooli, mille taga on l\u00e4bim\u00f5eldud m\u00f5\u00f5teriistapaneel. Lisaks spidomeetrile, mis ulatub 280 KPH-ni, ja 9000 p\u00f6\u00f6rete arvu loendurile on n\u00e4iturid ka mootoritemperatuuri, \u00f5lir\u00f5hu ja laadimispinge n\u00e4itajad. Armatuurlaud on kaetud tumehalli Alcantara nahaga, mis annab sellele pehme tunde ja tasase v\u00e4limuse, mis ei peegelda p\u00e4ikesekiiri.<\/p>\n<h2>Mehaanika<\/h2>\n<p>Kuna tegemist on P250 mudeliga, on sellel Urraco 2,5-liitrise V8-mootoriga, mis toodab 250 hobuj\u00f5udu ja sama muljetavaldavat 220 N-m p\u00f6\u00f6rdemomenti. See v\u00f5imsus kantakse \u00fcle 5-k\u00e4igulise manuaalk\u00e4igukasti kaudu, mis tagab 0-100 aja veidi alla 7 sekundi ja tippkiiruse 240 kilomeetrit tunnis. Need isegi t\u00e4naste standardite j\u00e4rgi muljetavaldavad n\u00e4itajad tegid Uraccost \u00fche kiireima neljakohalise mootors\u00f5iduki sel ajal. Juhitavus on t\u00e4nu s\u00f5ltumatu vedrustusele t\u00e4pne, samas kui v\u00f5imekad ja vastupidavad ketaspidurid k\u00f5igil neljal rattal tagavad ohutu peatumise.<\/p>\n<h2>S\u00f5iduki ajalugu<\/h2>\n<p>Lamborghini Urraco P250, mis meil siin on, on valmistatud 1975. aastal ja sellel on praegu 78 000 kilomeetrit. Aastate jooksul ei ole autot kunagi kasutatud rajal ega sattunud \u00f5nnetusse. 2016. aastal l\u00e4bis see ulatusliku kapitaalremondi, mille k\u00e4igus ehitati mootor ja vedrustus t\u00e4ielikult \u00fcmber, samal ajal kui aluskere sai uue roostekaitsekihi. Samal ajal uuendati t\u00e4ielikult interj\u00f6\u00f6r ja auto v\u00e4rviti \u00fcmber. Visuaalsed puudused piirduvad juhiukse v\u00e4ikeste vigastustega, mis parandatakse enne tulevase omaniku k\u00e4tteandmist. Praegu on s\u00f5iduk Hispaanias, kus see on registreeritud esimesest p\u00e4evast alates.<\/p>\n<p><strong>Vaadake selle h\u00e4mmastava<\/strong> <strong>Lamborghini Urraco P250<\/strong> <strong>k\u00fclmk\u00e4ivitusvideot<\/strong>:<\/p>\n<p><iframe title=\"Cold Start Video of the amazing Lamborghini Urraco P250\" width=\"1200\" height=\"675\" src=\"https:\/\/www.youtube.com\/embed\/wt_LCr8LgcQ?feature=oembed\" frameborder=\"0\" allow=\"accelerometer; autoplay; clipboard-write; encrypted-media; gyroscope; picture-in-picture; web-share\" referrerpolicy=\"strict-origin-when-cross-origin\" allowfullscreen><\/iframe><\/p>\n<p><strong>Ja video ekskursioon :<\/strong><\/p>\n<p><iframe title=\"Video Tour of the Lamborghini Urraco P250\" width=\"1200\" height=\"675\" src=\"https:\/\/www.youtube.com\/embed\/azU8K1XDHOA?feature=oembed\" frameborder=\"0\" allow=\"accelerometer; autoplay; clipboard-write; encrypted-media; gyroscope; picture-in-picture; web-share\" referrerpolicy=\"strict-origin-when-cross-origin\" allowfullscreen><\/iframe><\/p>\n","protected":false},"excerpt":{"rendered":"<p>Urraco on Lamborghini poolt aastatel 1972-1979 toodetud sportauto, mis on nime saanud Miura v\u00f5itlush\u00e4rgade t\u00f5u j\u00e4rgi. See Bertone projekteeritud neljakohaline auto oli m\u00f5eldud selliste konkurentide vastu nagu Ferrari 308 GT4 ja legendaarne Porsche 911. Vaatamata sellele, et Urraco oli vaatamisv\u00e4\u00e4rne ja lihtne s\u00f5ita, ei olnud see siiski suur m\u00fc\u00fcgihitt, sest 7 tootmisaasta jooksul toodeti vaid 791 autot. Siiski tagab selline piiratud tootmisarv eksklusiivsuse, nii et need, kes ostavad selle h\u00f5bedase Lambo, saavad midagi, mida ei n\u00e4e sageli.<\/p>\n","protected":false},"featured_media":108754,"comment_status":"open","ping_status":"closed","template":"","meta":{"inline_featured_image":false},"product_cat":[736],"product_tag":[4259,4260,4258,960],"acf":[],"yoast_head":"<!-- This site is optimized with the Yoast SEO plugin v22.5 - https:\/\/yoast.com\/wordpress\/plugins\/seo\/ -->\n<title>Lamborghini Urraco P250 - Piston Addict<\/title>\n<meta name=\"robots\" content=\"index, follow, max-snippet:-1, max-image-preview:large, max-video-preview:-1\" \/>\n<link rel=\"canonical\" href=\"https:\/\/pistonaddict.com\/et\/product\/lamborghini-urraco-p250\/\" \/>\n<meta property=\"og:locale\" content=\"et_EE\" \/>\n<meta property=\"og:type\" content=\"article\" \/>\n<meta property=\"og:title\" content=\"Lamborghini Urraco P250 - Piston Addict\" \/>\n<meta property=\"og:description\" content=\"Urraco on Lamborghini poolt aastatel 1972-1979 toodetud sportauto, mis on nime saanud Miura v\u00f5itlush\u00e4rgade t\u00f5u j\u00e4rgi. See Bertone projekteeritud neljakohaline auto oli m\u00f5eldud selliste konkurentide vastu nagu Ferrari 308 GT4 ja legendaarne Porsche 911. Vaatamata sellele, et Urraco oli vaatamisv\u00e4\u00e4rne ja lihtne s\u00f5ita, ei olnud see siiski suur m\u00fc\u00fcgihitt, sest 7 tootmisaasta jooksul toodeti vaid 791 autot. Siiski tagab selline piiratud tootmisarv eksklusiivsuse, nii et need, kes ostavad selle h\u00f5bedase Lambo, saavad midagi, mida ei n\u00e4e sageli.\" \/>\n<meta property=\"og:url\" content=\"https:\/\/pistonaddict.com\/et\/product\/lamborghini-urraco-p250\/\" \/>\n<meta property=\"og:site_name\" content=\"Piston Addict\" \/>\n<meta property=\"article:modified_time\" content=\"2024-06-12T07:53:34+00:00\" \/>\n<meta property=\"og:image\" content=\"https:\/\/pistonaddict.com\/wp-content\/uploads\/2024\/06\/IMG-20231121-WA0182.jpg\" \/>\n\t<meta property=\"og:image:width\" content=\"2048\" \/>\n\t<meta property=\"og:image:height\" content=\"1536\" \/>\n\t<meta property=\"og:image:type\" content=\"image\/jpeg\" \/>\n<meta name=\"twitter:card\" content=\"summary_large_image\" \/>\n<meta name=\"twitter:label1\" content=\"Est. reading time\" \/>\n\t<meta name=\"twitter:data1\" content=\"2 minutit\" \/>\n<script type=\"application\/ld+json\" class=\"yoast-schema-graph\">{\"@context\":\"https:\/\/schema.org\",\"@graph\":[{\"@type\":\"WebPage\",\"@id\":\"https:\/\/pistonaddict.com\/et\/product\/lamborghini-urraco-p250\/\",\"url\":\"https:\/\/pistonaddict.com\/et\/product\/lamborghini-urraco-p250\/\",\"name\":\"Lamborghini Urraco P250 - Piston Addict\",\"isPartOf\":{\"@id\":\"https:\/\/pistonaddict.com\/et\/#website\"},\"primaryImageOfPage\":{\"@id\":\"https:\/\/pistonaddict.com\/et\/product\/lamborghini-urraco-p250\/#primaryimage\"},\"image\":{\"@id\":\"https:\/\/pistonaddict.com\/et\/product\/lamborghini-urraco-p250\/#primaryimage\"},\"thumbnailUrl\":\"https:\/\/pistonaddict.com\/wp-content\/uploads\/2024\/06\/IMG-20231121-WA0182.jpg\",\"datePublished\":\"2024-06-11T15:05:07+00:00\",\"dateModified\":\"2024-06-12T07:53:34+00:00\",\"breadcrumb\":{\"@id\":\"https:\/\/pistonaddict.com\/et\/product\/lamborghini-urraco-p250\/#breadcrumb\"},\"inLanguage\":\"et\",\"potentialAction\":[{\"@type\":\"ReadAction\",\"target\":[\"https:\/\/pistonaddict.com\/et\/product\/lamborghini-urraco-p250\/\"]}]},{\"@type\":\"ImageObject\",\"inLanguage\":\"et\",\"@id\":\"https:\/\/pistonaddict.com\/et\/product\/lamborghini-urraco-p250\/#primaryimage\",\"url\":\"https:\/\/pistonaddict.com\/wp-content\/uploads\/2024\/06\/IMG-20231121-WA0182.jpg\",\"contentUrl\":\"https:\/\/pistonaddict.com\/wp-content\/uploads\/2024\/06\/IMG-20231121-WA0182.jpg\",\"width\":2048,\"height\":1536},{\"@type\":\"BreadcrumbList\",\"@id\":\"https:\/\/pistonaddict.com\/et\/product\/lamborghini-urraco-p250\/#breadcrumb\",\"itemListElement\":[{\"@type\":\"ListItem\",\"position\":1,\"name\":\"Koduleht\",\"item\":\"https:\/\/pistonaddict.com\/et\/koduleht-2\/\"},{\"@type\":\"ListItem\",\"position\":2,\"name\":\"Auctions\",\"item\":\"https:\/\/pistonaddict.com\/auctions-listing\/\"},{\"@type\":\"ListItem\",\"position\":3,\"name\":\"Lamborghini Urraco P250\"}]},{\"@type\":\"WebSite\",\"@id\":\"https:\/\/pistonaddict.com\/et\/#website\",\"url\":\"https:\/\/pistonaddict.com\/et\/\",\"name\":\"Piston Addict\",\"description\":\"Only interesting vehicles\",\"publisher\":{\"@id\":\"https:\/\/pistonaddict.com\/et\/#organization\"},\"potentialAction\":[{\"@type\":\"SearchAction\",\"target\":{\"@type\":\"EntryPoint\",\"urlTemplate\":\"https:\/\/pistonaddict.com\/et\/?s={search_term_string}\"},\"query-input\":\"required name=search_term_string\"}],\"inLanguage\":\"et\"},{\"@type\":\"Organization\",\"@id\":\"https:\/\/pistonaddict.com\/et\/#organization\",\"name\":\"Piston Addict\",\"url\":\"https:\/\/pistonaddict.com\/et\/\",\"logo\":{\"@type\":\"ImageObject\",\"inLanguage\":\"et\",\"@id\":\"https:\/\/pistonaddict.com\/et\/#\/schema\/logo\/image\/\",\"url\":\"https:\/\/pistonaddict.com\/wp-content\/uploads\/2022\/07\/logo-6.png\",\"contentUrl\":\"https:\/\/pistonaddict.com\/wp-content\/uploads\/2022\/07\/logo-6.png\",\"width\":970,\"height\":200,\"caption\":\"Piston Addict\"},\"image\":{\"@id\":\"https:\/\/pistonaddict.com\/et\/#\/schema\/logo\/image\/\"}}]}<\/script>\n<!-- \/ Yoast SEO plugin. -->","yoast_head_json":{"title":"Lamborghini Urraco P250 - Piston Addict","robots":{"index":"index","follow":"follow","max-snippet":"max-snippet:-1","max-image-preview":"max-image-preview:large","max-video-preview":"max-video-preview:-1"},"canonical":"https:\/\/pistonaddict.com\/et\/product\/lamborghini-urraco-p250\/","og_locale":"et_EE","og_type":"article","og_title":"Lamborghini Urraco P250 - Piston Addict","og_description":"Urraco on Lamborghini poolt aastatel 1972-1979 toodetud sportauto, mis on nime saanud Miura v\u00f5itlush\u00e4rgade t\u00f5u j\u00e4rgi. See Bertone projekteeritud neljakohaline auto oli m\u00f5eldud selliste konkurentide vastu nagu Ferrari 308 GT4 ja legendaarne Porsche 911. Vaatamata sellele, et Urraco oli vaatamisv\u00e4\u00e4rne ja lihtne s\u00f5ita, ei olnud see siiski suur m\u00fc\u00fcgihitt, sest 7 tootmisaasta jooksul toodeti vaid 791 autot. Siiski tagab selline piiratud tootmisarv eksklusiivsuse, nii et need, kes ostavad selle h\u00f5bedase Lambo, saavad midagi, mida ei n\u00e4e sageli.","og_url":"https:\/\/pistonaddict.com\/et\/product\/lamborghini-urraco-p250\/","og_site_name":"Piston Addict","article_modified_time":"2024-06-12T07:53:34+00:00","og_image":[{"width":2048,"height":1536,"url":"https:\/\/pistonaddict.com\/wp-content\/uploads\/2024\/06\/IMG-20231121-WA0182.jpg","type":"image\/jpeg"}],"twitter_card":"summary_large_image","twitter_misc":{"Est. reading time":"2 minutit"},"schema":{"@context":"https:\/\/schema.org","@graph":[{"@type":"WebPage","@id":"https:\/\/pistonaddict.com\/et\/product\/lamborghini-urraco-p250\/","url":"https:\/\/pistonaddict.com\/et\/product\/lamborghini-urraco-p250\/","name":"Lamborghini Urraco P250 - Piston Addict","isPartOf":{"@id":"https:\/\/pistonaddict.com\/et\/#website"},"primaryImageOfPage":{"@id":"https:\/\/pistonaddict.com\/et\/product\/lamborghini-urraco-p250\/#primaryimage"},"image":{"@id":"https:\/\/pistonaddict.com\/et\/product\/lamborghini-urraco-p250\/#primaryimage"},"thumbnailUrl":"https:\/\/pistonaddict.com\/wp-content\/uploads\/2024\/06\/IMG-20231121-WA0182.jpg","datePublished":"2024-06-11T15:05:07+00:00","dateModified":"2024-06-12T07:53:34+00:00","breadcrumb":{"@id":"https:\/\/pistonaddict.com\/et\/product\/lamborghini-urraco-p250\/#breadcrumb"},"inLanguage":"et","potentialAction":[{"@type":"ReadAction","target":["https:\/\/pistonaddict.com\/et\/product\/lamborghini-urraco-p250\/"]}]},{"@type":"ImageObject","inLanguage":"et","@id":"https:\/\/pistonaddict.com\/et\/product\/lamborghini-urraco-p250\/#primaryimage","url":"https:\/\/pistonaddict.com\/wp-content\/uploads\/2024\/06\/IMG-20231121-WA0182.jpg","contentUrl":"https:\/\/pistonaddict.com\/wp-content\/uploads\/2024\/06\/IMG-20231121-WA0182.jpg","width":2048,"height":1536},{"@type":"BreadcrumbList","@id":"https:\/\/pistonaddict.com\/et\/product\/lamborghini-urraco-p250\/#breadcrumb","itemListElement":[{"@type":"ListItem","position":1,"name":"Koduleht","item":"https:\/\/pistonaddict.com\/et\/koduleht-2\/"},{"@type":"ListItem","position":2,"name":"Auctions","item":"https:\/\/pistonaddict.com\/auctions-listing\/"},{"@type":"ListItem","position":3,"name":"Lamborghini Urraco P250"}]},{"@type":"WebSite","@id":"https:\/\/pistonaddict.com\/et\/#website","url":"https:\/\/pistonaddict.com\/et\/","name":"Piston Addict","description":"Only interesting vehicles","publisher":{"@id":"https:\/\/pistonaddict.com\/et\/#organization"},"potentialAction":[{"@type":"SearchAction","target":{"@type":"EntryPoint","urlTemplate":"https:\/\/pistonaddict.com\/et\/?s={search_term_string}"},"query-input":"required name=search_term_string"}],"inLanguage":"et"},{"@type":"Organization","@id":"https:\/\/pistonaddict.com\/et\/#organization","name":"Piston Addict","url":"https:\/\/pistonaddict.com\/et\/","logo":{"@type":"ImageObject","inLanguage":"et","@id":"https:\/\/pistonaddict.com\/et\/#\/schema\/logo\/image\/","url":"https:\/\/pistonaddict.com\/wp-content\/uploads\/2022\/07\/logo-6.png","contentUrl":"https:\/\/pistonaddict.com\/wp-content\/uploads\/2022\/07\/logo-6.png","width":970,"height":200,"caption":"Piston Addict"},"image":{"@id":"https:\/\/pistonaddict.com\/et\/#\/schema\/logo\/image\/"}}]}},"_links":{"self":[{"href":"https:\/\/pistonaddict.com\/et\/wp-json\/wp\/v2\/product\/108795"}],"collection":[{"href":"https:\/\/pistonaddict.com\/et\/wp-json\/wp\/v2\/product"}],"about":[{"href":"https:\/\/pistonaddict.com\/et\/wp-json\/wp\/v2\/types\/product"}],"replies":[{"embeddable":true,"href":"https:\/\/pistonaddict.com\/et\/wp-json\/wp\/v2\/comments?post=108795"}],"wp:featuredmedia":[{"embeddable":true,"href":"https:\/\/pistonaddict.com\/et\/wp-json\/wp\/v2\/media\/108754"}],"wp:attachment":[{"href":"https:\/\/pistonaddict.com\/et\/wp-json\/wp\/v2\/media?parent=108795"}],"wp:term":[{"taxonomy":"product_cat","embeddable":true,"href":"https:\/\/pistonaddict.com\/et\/wp-json\/wp\/v2\/product_cat?post=108795"},{"taxonomy":"product_tag","embeddable":true,"href":"https:\/\/pistonaddict.com\/et\/wp-json\/wp\/v2\/product_tag?post=108795"}],"curies":[{"name":"wp","href":"https:\/\/api.w.org\/{rel}","templated":true}]}}