{"id":104840,"date":"2024-05-21T11:33:26","date_gmt":"2024-05-21T09:33:26","guid":{"rendered":"https:\/\/pistonaddict.com\/product\/fisker-karma-2\/"},"modified":"2024-05-21T14:15:33","modified_gmt":"2024-05-21T12:15:33","slug":"fisker-karma-2","status":"publish","type":"product","link":"https:\/\/pistonaddict.com\/et\/product\/fisker-karma-2\/","title":{"rendered":"Fisker Karma"},"content":{"rendered":"<p><strong>Auto ajalugu<\/strong><\/p>\n<p>Fisker Karma, mis on Henrik Fiskeri geniaalsuse tunnistus, esitleti 2011. aastal. See pistikh\u00fcbriidelektris\u00f5iduk (PHEV) ei l\u00fckanud mitte ainult autodisaini ja tehnoloogia piire, vaid vallutas ka s\u00fcdamed oma silmatorkava esteetika, luksusliku interj\u00f6\u00f6ri ja uuendusliku insenerikunstiga. Kuigi h\u00fcbriidid ei olnud tol ajal uudsus, m\u00e4\u00e4ratles Karma arusaamad \u00fcmber, muutes need igap\u00e4evastest s\u00f5idukitest ambitsioonikateks. See \u00fchendab sujuvalt j\u00f5udluse ja j\u00e4tkusuutlikkuse, muutes h\u00fcbriidautod nii keskkonnas\u00f5bralikuks ja stiilseks kui ka nauditavaks s\u00f5iduks. 2,0-liitrise turbolaadimisega bensiinimootori ja kahe elektrimootori v\u00f5imsa kombinatsiooniga Karma saavutas muljetavaldavad j\u00f5udlusn\u00e4itajad. Kiirendus 0-100 km\/h vaid 5,9 sekundiga ja tippkiirus \u00fcle 200 km\/h n\u00e4itasid selle sportauto p\u00e4ritolu. Ometi saavutas ta need saavutused, s\u00e4ilitades samal ajal kiiduv\u00e4\u00e4rse k\u00fctuses\u00e4\u00e4stlikkuse. Lisaks oma j\u00f5udlusele sai Karma disainist selle m\u00e4\u00e4ravaks tunnusjooneks. Selle graatsilised jooned ja v\u00f5imas v\u00e4limus p\u00f6\u00f6rasid igal pool pead, kus iganes ta ka k\u00e4is, p\u00e4lvides autohuviliste imetlust kogu maailmas. See konkreetne mudel, teine seeria 2013. aasta iteratsioon, on haruldane ja eksklusiivne. 2349 valmistatud Fisker Karmast kuulub see konkreetne mudel viimase partii hulka, kandes seerianumbrit 2259. See on haruldane p\u00e4rl, vaid 188 s\u00f5idukit kogu maailmas v\u00f5ivad uhkeldada selle ainulaadse v\u00e4rvi ja velgede kombinatsiooniga.<\/p>\n<p><strong>Tingimus<\/strong><\/p>\n<p>Vaid 82 080 km, koos p\u00f5hjaliku teenindusajalooga ja vaid paari p\u00fchendunud omaniku, see Karma seisab laitmatus seisukorras. Mis puutub k\u00fctuses\u00e4\u00e4stlikkusse, siis Fiskeri v\u00e4ide, et ainult elektriga l\u00e4bitavus \u00fcletab 80 km, on p\u00f5hjendatud, mist\u00f5ttu sobib see auto igap\u00e4evaseks pendelr\u00e4ndeks. Lisaks sellele ilmnevad m\u00e4rkimisv\u00e4\u00e4rsed n\u00e4itajad bensiini- ja elektrienergia kasutamisel, keskmiselt kulub vaid 4,5 liitrit k\u00fctust 100 km kohta. Tulevased ostjad hindavad selle s\u00f5iduki hoolikat hooldust, mida t\u00f5endavad p\u00f5hjalikud hooldusdokumendid. \u00d5livahetus tehti 2022. aasta l\u00f5pus, t\u00e4ielik hooldus 2024. aasta m\u00e4rtsis ja piduris\u00fcsteemi kapitaalremont 2024. aasta mais, et see elegantne must Karma oleks parimas seisukorras. K\u00f5ige olulisem on mainida, et aku oli 2017. aastal \u00fcle, kui praegune omanik auto ostis &#8211; mis t\u00e4hendab, et tulevastel omanikel on probleemideta omandi\u00f5igus.<\/p>\n<p><strong>Sisustus<\/strong><\/p>\n<p>Musta naha ja Alcantara kombinatsioon sobib ideaalselt v\u00e4lisilmega, kuid k\u00f5ige t\u00e4htsam on see, et interj\u00f6\u00f6r on uues seisukorras, ilma rebenemiste, kahjustuste v\u00f5i muudatusteta. Infotainment- ja audios\u00fcsteemid on olemas ning raamita uksed lisavad sellele sedaanile sportlikku ja kupeelikku tunnet. T\u00e4nu oma erilisele konstruktsioonile istub Karma madalal ja pakub reisijatele rohkem ruumi kui konkurendid. K\u00f5ik funktsioonid, nagu n\u00e4iteks istmesoojendused, on t\u00f6\u00f6korras ja toimivad.<\/p>\n<p><strong>V\u00e4limus ja rattad<\/strong><\/p>\n<p>L\u00e4ikiv must v\u00e4rv on parimas seisukorras, ilma kriimustuste, m\u00f5lkide v\u00f5i kahjustusteta. Ainulaadne p\u00e4ikesekatus on olemas ja funktsionaalne ning on endiselt \u00fcks selle mudeli k\u00f5ige t\u00e4helepanuv\u00e4\u00e4rsemaid omadusi. See Karma on varustatud lisavarustusena 22-tollistel velgedel, mille esiveol on Pirelli rehvid ja tagaveol Goodyeari rehvid. Esirehvid paigaldati m\u00e4rtsis 2024 ja need on uues seisukorras. Ainus v\u00e4lisseadmete remont on ainulaadse v\u00e4limusega rataste uuendamine, et need n\u00e4eksid v\u00e4lja nagu \u00e4sja tarnitud.<\/p>\n<p><strong>Dokumentatsioon<\/strong><\/p>\n<p>See auto asub \u0160veitsis ja seda m\u00fc\u00fcb eraisik. <a href=\"https:\/\/pistonaddict.com\/wp-content\/uploads\/2024\/05\/YH4K14AA4CA002259.pdf\">CarVerticali aruanne<\/a> on puhas; puuduvad t\u00f5endid \u00f5nnetuste, \u00f5nnetusjuhtumite remondi, omandi\u00f5iguse v\u00f5i juriidiliste probleemide kohta. Olemas on andmed regulaarse hoolduse, m\u00fc\u00fcgiarvete ja kviitungite kohta. Sellele mudelile ei ole tehasegarantiid.<\/p>\n<p><strong>Vaata videot sellest uhkest Fisker Karma :<\/strong><\/p>\n<p><iframe title=\"Video Tour of the Fisker Karma for auction sale\" width=\"1200\" height=\"675\" src=\"https:\/\/www.youtube.com\/embed\/xv_ZkvmcPKw?feature=oembed\" frameborder=\"0\" allow=\"accelerometer; autoplay; clipboard-write; encrypted-media; gyroscope; picture-in-picture; web-share\" referrerpolicy=\"strict-origin-when-cross-origin\" allowfullscreen><\/iframe><\/p>\n","protected":false},"excerpt":{"rendered":"<p>Fisker Karma j\u00e4\u00e4b alati meelde kui \u00fcks huvitavamaid ja \u00fcks esimesi h\u00fcbriidautosid, mis on maailmas saadaval. Oma ainulaadse disaini, v\u00f5imsa j\u00f5u\u00fclekande, suurep\u00e4raste omaduste ja v\u00e4ga v\u00e4ikeste tootmismahtude t\u00f5ttu on Karma tegelikult esimene kaasaegse EV\/H\u00fcbriidiauto kollektsiooniauto. Tulevane klassika? Kindlasti!<\/p>\n","protected":false},"featured_media":104616,"comment_status":"open","ping_status":"closed","template":"","meta":{"inline_featured_image":false},"product_cat":[736],"product_tag":[4080,4083,925,1774,4085],"acf":[],"yoast_head":"<!-- This site is optimized with the Yoast SEO plugin v22.5 - https:\/\/yoast.com\/wordpress\/plugins\/seo\/ -->\n<title>Fisker Karma - Piston Addict<\/title>\n<meta name=\"robots\" content=\"index, follow, max-snippet:-1, max-image-preview:large, max-video-preview:-1\" \/>\n<link rel=\"canonical\" href=\"https:\/\/pistonaddict.com\/et\/product\/fisker-karma-2\/\" \/>\n<meta property=\"og:locale\" content=\"et_EE\" \/>\n<meta property=\"og:type\" content=\"article\" \/>\n<meta property=\"og:title\" content=\"Fisker Karma - Piston Addict\" \/>\n<meta property=\"og:description\" content=\"Fisker Karma j\u00e4\u00e4b alati meelde kui \u00fcks huvitavamaid ja \u00fcks esimesi h\u00fcbriidautosid, mis on maailmas saadaval. Oma ainulaadse disaini, v\u00f5imsa j\u00f5u\u00fclekande, suurep\u00e4raste omaduste ja v\u00e4ga v\u00e4ikeste tootmismahtude t\u00f5ttu on Karma tegelikult esimene kaasaegse EV\/H\u00fcbriidiauto kollektsiooniauto. Tulevane klassika? Kindlasti!\" \/>\n<meta property=\"og:url\" content=\"https:\/\/pistonaddict.com\/et\/product\/fisker-karma-2\/\" \/>\n<meta property=\"og:site_name\" content=\"Piston Addict\" \/>\n<meta property=\"article:modified_time\" content=\"2024-05-21T12:15:33+00:00\" \/>\n<meta property=\"og:image\" content=\"https:\/\/pistonaddict.com\/wp-content\/uploads\/2024\/05\/IMG-20240321-WA0010.jpg\" \/>\n\t<meta property=\"og:image:width\" content=\"2000\" \/>\n\t<meta property=\"og:image:height\" content=\"1500\" \/>\n\t<meta property=\"og:image:type\" content=\"image\/jpeg\" \/>\n<meta name=\"twitter:card\" content=\"summary_large_image\" \/>\n<meta name=\"twitter:label1\" content=\"Est. reading time\" \/>\n\t<meta name=\"twitter:data1\" content=\"3 minutit\" \/>\n<script type=\"application\/ld+json\" class=\"yoast-schema-graph\">{\"@context\":\"https:\/\/schema.org\",\"@graph\":[{\"@type\":\"WebPage\",\"@id\":\"https:\/\/pistonaddict.com\/et\/product\/fisker-karma-2\/\",\"url\":\"https:\/\/pistonaddict.com\/et\/product\/fisker-karma-2\/\",\"name\":\"Fisker Karma - Piston Addict\",\"isPartOf\":{\"@id\":\"https:\/\/pistonaddict.com\/et\/#website\"},\"primaryImageOfPage\":{\"@id\":\"https:\/\/pistonaddict.com\/et\/product\/fisker-karma-2\/#primaryimage\"},\"image\":{\"@id\":\"https:\/\/pistonaddict.com\/et\/product\/fisker-karma-2\/#primaryimage\"},\"thumbnailUrl\":\"https:\/\/pistonaddict.com\/wp-content\/uploads\/2024\/05\/IMG-20240321-WA0010.jpg\",\"datePublished\":\"2024-05-21T09:33:26+00:00\",\"dateModified\":\"2024-05-21T12:15:33+00:00\",\"breadcrumb\":{\"@id\":\"https:\/\/pistonaddict.com\/et\/product\/fisker-karma-2\/#breadcrumb\"},\"inLanguage\":\"et\",\"potentialAction\":[{\"@type\":\"ReadAction\",\"target\":[\"https:\/\/pistonaddict.com\/et\/product\/fisker-karma-2\/\"]}]},{\"@type\":\"ImageObject\",\"inLanguage\":\"et\",\"@id\":\"https:\/\/pistonaddict.com\/et\/product\/fisker-karma-2\/#primaryimage\",\"url\":\"https:\/\/pistonaddict.com\/wp-content\/uploads\/2024\/05\/IMG-20240321-WA0010.jpg\",\"contentUrl\":\"https:\/\/pistonaddict.com\/wp-content\/uploads\/2024\/05\/IMG-20240321-WA0010.jpg\",\"width\":2000,\"height\":1500},{\"@type\":\"BreadcrumbList\",\"@id\":\"https:\/\/pistonaddict.com\/et\/product\/fisker-karma-2\/#breadcrumb\",\"itemListElement\":[{\"@type\":\"ListItem\",\"position\":1,\"name\":\"Koduleht\",\"item\":\"https:\/\/pistonaddict.com\/et\/koduleht-2\/\"},{\"@type\":\"ListItem\",\"position\":2,\"name\":\"Auctions\",\"item\":\"https:\/\/pistonaddict.com\/auctions-listing\/\"},{\"@type\":\"ListItem\",\"position\":3,\"name\":\"Fisker Karma\"}]},{\"@type\":\"WebSite\",\"@id\":\"https:\/\/pistonaddict.com\/et\/#website\",\"url\":\"https:\/\/pistonaddict.com\/et\/\",\"name\":\"Piston Addict\",\"description\":\"Only interesting vehicles\",\"publisher\":{\"@id\":\"https:\/\/pistonaddict.com\/et\/#organization\"},\"potentialAction\":[{\"@type\":\"SearchAction\",\"target\":{\"@type\":\"EntryPoint\",\"urlTemplate\":\"https:\/\/pistonaddict.com\/et\/?s={search_term_string}\"},\"query-input\":\"required name=search_term_string\"}],\"inLanguage\":\"et\"},{\"@type\":\"Organization\",\"@id\":\"https:\/\/pistonaddict.com\/et\/#organization\",\"name\":\"Piston Addict\",\"url\":\"https:\/\/pistonaddict.com\/et\/\",\"logo\":{\"@type\":\"ImageObject\",\"inLanguage\":\"et\",\"@id\":\"https:\/\/pistonaddict.com\/et\/#\/schema\/logo\/image\/\",\"url\":\"https:\/\/pistonaddict.com\/wp-content\/uploads\/2022\/07\/logo-6.png\",\"contentUrl\":\"https:\/\/pistonaddict.com\/wp-content\/uploads\/2022\/07\/logo-6.png\",\"width\":970,\"height\":200,\"caption\":\"Piston Addict\"},\"image\":{\"@id\":\"https:\/\/pistonaddict.com\/et\/#\/schema\/logo\/image\/\"}}]}<\/script>\n<!-- \/ Yoast SEO plugin. -->","yoast_head_json":{"title":"Fisker Karma - Piston Addict","robots":{"index":"index","follow":"follow","max-snippet":"max-snippet:-1","max-image-preview":"max-image-preview:large","max-video-preview":"max-video-preview:-1"},"canonical":"https:\/\/pistonaddict.com\/et\/product\/fisker-karma-2\/","og_locale":"et_EE","og_type":"article","og_title":"Fisker Karma - Piston Addict","og_description":"Fisker Karma j\u00e4\u00e4b alati meelde kui \u00fcks huvitavamaid ja \u00fcks esimesi h\u00fcbriidautosid, mis on maailmas saadaval. Oma ainulaadse disaini, v\u00f5imsa j\u00f5u\u00fclekande, suurep\u00e4raste omaduste ja v\u00e4ga v\u00e4ikeste tootmismahtude t\u00f5ttu on Karma tegelikult esimene kaasaegse EV\/H\u00fcbriidiauto kollektsiooniauto. Tulevane klassika? Kindlasti!","og_url":"https:\/\/pistonaddict.com\/et\/product\/fisker-karma-2\/","og_site_name":"Piston Addict","article_modified_time":"2024-05-21T12:15:33+00:00","og_image":[{"width":2000,"height":1500,"url":"https:\/\/pistonaddict.com\/wp-content\/uploads\/2024\/05\/IMG-20240321-WA0010.jpg","type":"image\/jpeg"}],"twitter_card":"summary_large_image","twitter_misc":{"Est. reading time":"3 minutit"},"schema":{"@context":"https:\/\/schema.org","@graph":[{"@type":"WebPage","@id":"https:\/\/pistonaddict.com\/et\/product\/fisker-karma-2\/","url":"https:\/\/pistonaddict.com\/et\/product\/fisker-karma-2\/","name":"Fisker Karma - Piston Addict","isPartOf":{"@id":"https:\/\/pistonaddict.com\/et\/#website"},"primaryImageOfPage":{"@id":"https:\/\/pistonaddict.com\/et\/product\/fisker-karma-2\/#primaryimage"},"image":{"@id":"https:\/\/pistonaddict.com\/et\/product\/fisker-karma-2\/#primaryimage"},"thumbnailUrl":"https:\/\/pistonaddict.com\/wp-content\/uploads\/2024\/05\/IMG-20240321-WA0010.jpg","datePublished":"2024-05-21T09:33:26+00:00","dateModified":"2024-05-21T12:15:33+00:00","breadcrumb":{"@id":"https:\/\/pistonaddict.com\/et\/product\/fisker-karma-2\/#breadcrumb"},"inLanguage":"et","potentialAction":[{"@type":"ReadAction","target":["https:\/\/pistonaddict.com\/et\/product\/fisker-karma-2\/"]}]},{"@type":"ImageObject","inLanguage":"et","@id":"https:\/\/pistonaddict.com\/et\/product\/fisker-karma-2\/#primaryimage","url":"https:\/\/pistonaddict.com\/wp-content\/uploads\/2024\/05\/IMG-20240321-WA0010.jpg","contentUrl":"https:\/\/pistonaddict.com\/wp-content\/uploads\/2024\/05\/IMG-20240321-WA0010.jpg","width":2000,"height":1500},{"@type":"BreadcrumbList","@id":"https:\/\/pistonaddict.com\/et\/product\/fisker-karma-2\/#breadcrumb","itemListElement":[{"@type":"ListItem","position":1,"name":"Koduleht","item":"https:\/\/pistonaddict.com\/et\/koduleht-2\/"},{"@type":"ListItem","position":2,"name":"Auctions","item":"https:\/\/pistonaddict.com\/auctions-listing\/"},{"@type":"ListItem","position":3,"name":"Fisker Karma"}]},{"@type":"WebSite","@id":"https:\/\/pistonaddict.com\/et\/#website","url":"https:\/\/pistonaddict.com\/et\/","name":"Piston Addict","description":"Only interesting vehicles","publisher":{"@id":"https:\/\/pistonaddict.com\/et\/#organization"},"potentialAction":[{"@type":"SearchAction","target":{"@type":"EntryPoint","urlTemplate":"https:\/\/pistonaddict.com\/et\/?s={search_term_string}"},"query-input":"required name=search_term_string"}],"inLanguage":"et"},{"@type":"Organization","@id":"https:\/\/pistonaddict.com\/et\/#organization","name":"Piston Addict","url":"https:\/\/pistonaddict.com\/et\/","logo":{"@type":"ImageObject","inLanguage":"et","@id":"https:\/\/pistonaddict.com\/et\/#\/schema\/logo\/image\/","url":"https:\/\/pistonaddict.com\/wp-content\/uploads\/2022\/07\/logo-6.png","contentUrl":"https:\/\/pistonaddict.com\/wp-content\/uploads\/2022\/07\/logo-6.png","width":970,"height":200,"caption":"Piston Addict"},"image":{"@id":"https:\/\/pistonaddict.com\/et\/#\/schema\/logo\/image\/"}}]}},"_links":{"self":[{"href":"https:\/\/pistonaddict.com\/et\/wp-json\/wp\/v2\/product\/104840"}],"collection":[{"href":"https:\/\/pistonaddict.com\/et\/wp-json\/wp\/v2\/product"}],"about":[{"href":"https:\/\/pistonaddict.com\/et\/wp-json\/wp\/v2\/types\/product"}],"replies":[{"embeddable":true,"href":"https:\/\/pistonaddict.com\/et\/wp-json\/wp\/v2\/comments?post=104840"}],"wp:featuredmedia":[{"embeddable":true,"href":"https:\/\/pistonaddict.com\/et\/wp-json\/wp\/v2\/media\/104616"}],"wp:attachment":[{"href":"https:\/\/pistonaddict.com\/et\/wp-json\/wp\/v2\/media?parent=104840"}],"wp:term":[{"taxonomy":"product_cat","embeddable":true,"href":"https:\/\/pistonaddict.com\/et\/wp-json\/wp\/v2\/product_cat?post=104840"},{"taxonomy":"product_tag","embeddable":true,"href":"https:\/\/pistonaddict.com\/et\/wp-json\/wp\/v2\/product_tag?post=104840"}],"curies":[{"name":"wp","href":"https:\/\/api.w.org\/{rel}","templated":true}]}}