{"id":104243,"date":"2024-05-17T11:16:20","date_gmt":"2024-05-17T09:16:20","guid":{"rendered":"https:\/\/pistonaddict.com\/product\/1979-pontiac-bonneville-brougham\/"},"modified":"2024-05-17T15:57:29","modified_gmt":"2024-05-17T13:57:29","slug":"1979-pontiac-bonneville-brougham-1979-pontiac-bonneville-brougham","status":"publish","type":"product","link":"https:\/\/pistonaddict.com\/et\/product\/1979-pontiac-bonneville-brougham-1979-pontiac-bonneville-brougham\/","title":{"rendered":"1979 Pontiac Bonneville Brougham"},"content":{"rendered":"<p><strong>Auto ajalugu<\/strong><\/p>\n<p>GM-i nomenklatuuris oli Pontiac Bonneville&#8217;il eriline koht. Kuigi see oli tihedalt seotud tavalisemate Chevrolet Impala ja Caprice&#8217;iga, eristus see ainulaadse disaini, k\u00f5rgekvaliteedilise luksuse ja j\u00f5udluse poolest selgelt teistest mudelitest. Alates esimese Bonneville&#8217;i mudeli esitlemisest 1958. aastal on see mudel olnud USA autof\u00e4nnide seas eriti atraktiivne. Hoolimata sellest, et Bonneville 1979. aasta mudel oli oma eelk\u00e4ijatest v\u00e4hem v\u00f5imas, peeti seda \u00fcheks parimaks sedaaniks turul ja parimaks valikuks n\u00f5udlikele entusiastidele, kes soovisid luksuse ja j\u00f5udluse segu. See kuues p\u00f5lvkond v\u00f5eti kasutusele 1977. aastal ja seda m\u00fc\u00fcdi kuni 1981. aastani, enne kui GM asendas selle v\u00e4iksema ja mitte nii atraktiivse mudeliga. Seep\u00e4rast ongi see konkreetne Bonneville nii huvitav. See ei ole mitte ainult \u00fcks viimaseid t\u00f5elisi Pontiaci sedaane, vaid ka ainulaadse looga n\u00e4ide, mis on laitmatus korras. Kuna tegemist on Bonneville Broughamiga (tippmudel), on see ka \u00fcsna haruldane ja Pontiac tootis sel aastal vaid umbes 17 300 eksemplari. Kapoti all on valikuline 350 V8 (5,7 liitrit) 170 hj, mis on \u00fchendatud 4-k\u00e4igulise automaatk\u00e4igukastiga.<\/p>\n<p>See konkreetne eksemplar m\u00fc\u00fcdi algselt Mehhikos 1979. aastal ja imporditi kohe p\u00e4rast seda Hispaaniasse. Seep\u00e4rast on sellel kiirusm\u00f5\u00f5tur kilomeetrites ja muud konkreetsed andmed. Omanik t\u00f5i selle sisse ja kasutas seda sporaadiliselt, nii et auto l\u00e4bis vaid 31 000 kilomeetrit. Praegune omanik omandas selle 2019. aastal algse omaniku perekonnalt ja restaureeris s\u00f5iduki (v\u00e4rvimine ja m\u00f5ned detailid), mis viis selle n\u00f5utava sedaani uude seisukorda.<\/p>\n<p><strong>Sisustus<\/strong><\/p>\n<p>Kui istute 1979. aasta Pontiac Bonneville&#8217;i rooli, muutub teie ettekujutus luksuslikust sisustusest kohe. Massiivsed ja mugavad veluurist istmed, palju ruumi, kroomitud detailid ja vaikus on v\u00f5rratu isegi paljude kunagi autodega. Karamelli v\u00e4rvi polsterdus ja vaibad sobivad ideaalselt puidumustriliste sissekannete ja v\u00e4lisv\u00e4rviga ning see on suurep\u00e4rane n\u00e4ide Detroiti 70ndate l\u00f5pu esteetikast. See on ka h\u00e4sti varustatud s\u00f5iduk elektriliste akende ja peeglite, automaatse kliimaseadme, mis on \u00fcmber ehitatud kaasaegsele gaasile, stereos\u00fcsteemile ja p\u00fcsikiiruse hoidjale. K\u00f5ik on t\u00e4iesti t\u00f6\u00f6korras ja ilma igasuguste kahjustusteta.<\/p>\n<p><strong>Auto seisund<\/strong><\/p>\n<p>T\u00e4pselt 31 619 kilomeetrit odomeetril, see Bonneville Brougham oli alati garaa\u017eis hoitud ja unikaalse katte all, kui seda ei kasutatud. T\u00e4nu hiljutisele taaslakkimisele originaalv\u00e4rvides v\u00f5ime julgelt \u00f6elda, et s\u00f5iduk on uues seisukorras. Kroomitud detailid on l\u00e4ikivad; k\u00f5ik kaunistused on ideaalses seisukorras, originaalveljed ja ajastukohased rehvid. Autot hooldati, vahetati \u00f5li ja 2024. aasta aprillis tehti pidurite kapitaalremont ning 2021. aastal tehti m\u00f5ned elektrit\u00f6\u00f6d. Arvestades l\u00e4bis\u00f5itu, seisukorda ja etten\u00e4gelikkust, v\u00f5ib see olla parim 1979. aasta Bonneville Brougham. See auto on l\u00e4binud ITV tehnilise \u00fclevaatuse, mis kehtib kuni 2028. aastani.<\/p>\n<p><strong>V\u00e4limus ja rattad<\/strong><\/p>\n<p>Kere on veatu p\u00e4rast professionaalset ja \u00f5ige uus v\u00e4rv originaalv\u00e4rvi. \u00dcmberv\u00e4rvimine \u00f5nnestus, kuna kere oli t\u00e4iesti s\u00e4ilinud, ilma korrosiooni, kahjustuste v\u00f5i remondit\u00f6\u00f6deta. Algse traatveljed, omanik paigaldatud iseloomulik ja originaal valge seina rehvid 2021.<\/p>\n<p><strong>Dokumentatsioon<\/strong><\/p>\n<p>S\u00f5iduk asub Hispaanias ja sellega on kaasas ulatuslik dokumentatsioon, sealhulgas hooldusdokumendid, Hispaania s\u00f5idukite \u00fclevaatuse dokumendid, klassikalise auto staatuse heakskiitmine jne. Kahju, varguse taastamise v\u00f5i kindlustusn\u00f5uete kohta ei ole andmeid. Dokumentatsioon h\u00f5lmab s\u00f5idukit esimesest p\u00e4evast alates ja on t\u00e4is t\u00f5endeid erakordse hoolduse kohta.<\/p>\n<p><strong>Vaadake selle 1979. aasta laitmatu Pontiac Bonneville&#8217;i k\u00fclmk\u00e4ivitusvideot :<\/strong><\/p>\n<p><iframe title=\"Cold Start Video of the incredible 1979 Pontiac Bonneville\" width=\"1200\" height=\"675\" src=\"https:\/\/www.youtube.com\/embed\/6DKO8uhEkN8?feature=oembed\" frameborder=\"0\" allow=\"accelerometer; autoplay; clipboard-write; encrypted-media; gyroscope; picture-in-picture; web-share\" referrerpolicy=\"strict-origin-when-cross-origin\" allowfullscreen><\/iframe><\/p>\n","protected":false},"excerpt":{"rendered":"<p>Pontiac j\u00e4\u00e4b autoajalukku kui GM-i p\u00f5nev kaubam\u00e4rk, mille tootevalikusse kuulusid v\u00f5imsad muskelautod, elegantsed vormid ja uuenduslik disain. 1979. aasta Bonneville asub mudelivaliku tipus ja t\u00e4histab t\u00e4ism\u00f5\u00f5tmeliste sedaanide ajastu l\u00f5ppu. V\u00f5rratu stiil, rohkelt ruumi ja hulk luksusfunktsioone &#8211; see sedaan on klassikalise Ameerika auto parim n\u00e4ide.<\/p>\n","protected":false},"featured_media":104285,"comment_status":"open","ping_status":"closed","template":"","meta":{"inline_featured_image":false},"product_cat":[736],"product_tag":[3983,4043,925],"acf":[],"yoast_head":"<!-- This site is optimized with the Yoast SEO plugin v22.5 - https:\/\/yoast.com\/wordpress\/plugins\/seo\/ -->\n<title>1979 Pontiac Bonneville Brougham - Piston Addict<\/title>\n<meta name=\"robots\" content=\"index, follow, max-snippet:-1, max-image-preview:large, max-video-preview:-1\" \/>\n<link rel=\"canonical\" href=\"https:\/\/pistonaddict.com\/et\/product\/1979-pontiac-bonneville-brougham-1979-pontiac-bonneville-brougham\/\" \/>\n<meta property=\"og:locale\" content=\"et_EE\" \/>\n<meta property=\"og:type\" content=\"article\" \/>\n<meta property=\"og:title\" content=\"1979 Pontiac Bonneville Brougham - Piston Addict\" \/>\n<meta property=\"og:description\" content=\"Pontiac j\u00e4\u00e4b autoajalukku kui GM-i p\u00f5nev kaubam\u00e4rk, mille tootevalikusse kuulusid v\u00f5imsad muskelautod, elegantsed vormid ja uuenduslik disain. 1979. aasta Bonneville asub mudelivaliku tipus ja t\u00e4histab t\u00e4ism\u00f5\u00f5tmeliste sedaanide ajastu l\u00f5ppu. V\u00f5rratu stiil, rohkelt ruumi ja hulk luksusfunktsioone - see sedaan on klassikalise Ameerika auto parim n\u00e4ide.\" \/>\n<meta property=\"og:url\" content=\"https:\/\/pistonaddict.com\/et\/product\/1979-pontiac-bonneville-brougham-1979-pontiac-bonneville-brougham\/\" \/>\n<meta property=\"og:site_name\" content=\"Piston Addict\" \/>\n<meta property=\"article:modified_time\" content=\"2024-05-17T13:57:29+00:00\" \/>\n<meta property=\"og:image\" content=\"https:\/\/pistonaddict.com\/wp-content\/uploads\/2024\/05\/5a7bfe0d-cda7-49a4-89d2-85a67cfe2d90-1.jpg\" \/>\n\t<meta property=\"og:image:width\" content=\"2016\" \/>\n\t<meta property=\"og:image:height\" content=\"1134\" \/>\n\t<meta property=\"og:image:type\" content=\"image\/jpeg\" \/>\n<meta name=\"twitter:card\" content=\"summary_large_image\" \/>\n<meta name=\"twitter:label1\" content=\"Est. reading time\" \/>\n\t<meta name=\"twitter:data1\" content=\"3 minutit\" \/>\n<script type=\"application\/ld+json\" class=\"yoast-schema-graph\">{\"@context\":\"https:\/\/schema.org\",\"@graph\":[{\"@type\":\"WebPage\",\"@id\":\"https:\/\/pistonaddict.com\/et\/product\/1979-pontiac-bonneville-brougham-1979-pontiac-bonneville-brougham\/\",\"url\":\"https:\/\/pistonaddict.com\/et\/product\/1979-pontiac-bonneville-brougham-1979-pontiac-bonneville-brougham\/\",\"name\":\"1979 Pontiac Bonneville Brougham - Piston Addict\",\"isPartOf\":{\"@id\":\"https:\/\/pistonaddict.com\/et\/#website\"},\"primaryImageOfPage\":{\"@id\":\"https:\/\/pistonaddict.com\/et\/product\/1979-pontiac-bonneville-brougham-1979-pontiac-bonneville-brougham\/#primaryimage\"},\"image\":{\"@id\":\"https:\/\/pistonaddict.com\/et\/product\/1979-pontiac-bonneville-brougham-1979-pontiac-bonneville-brougham\/#primaryimage\"},\"thumbnailUrl\":\"https:\/\/pistonaddict.com\/wp-content\/uploads\/2024\/05\/5a7bfe0d-cda7-49a4-89d2-85a67cfe2d90-1.jpg\",\"datePublished\":\"2024-05-17T09:16:20+00:00\",\"dateModified\":\"2024-05-17T13:57:29+00:00\",\"breadcrumb\":{\"@id\":\"https:\/\/pistonaddict.com\/et\/product\/1979-pontiac-bonneville-brougham-1979-pontiac-bonneville-brougham\/#breadcrumb\"},\"inLanguage\":\"et\",\"potentialAction\":[{\"@type\":\"ReadAction\",\"target\":[\"https:\/\/pistonaddict.com\/et\/product\/1979-pontiac-bonneville-brougham-1979-pontiac-bonneville-brougham\/\"]}]},{\"@type\":\"ImageObject\",\"inLanguage\":\"et\",\"@id\":\"https:\/\/pistonaddict.com\/et\/product\/1979-pontiac-bonneville-brougham-1979-pontiac-bonneville-brougham\/#primaryimage\",\"url\":\"https:\/\/pistonaddict.com\/wp-content\/uploads\/2024\/05\/5a7bfe0d-cda7-49a4-89d2-85a67cfe2d90-1.jpg\",\"contentUrl\":\"https:\/\/pistonaddict.com\/wp-content\/uploads\/2024\/05\/5a7bfe0d-cda7-49a4-89d2-85a67cfe2d90-1.jpg\",\"width\":2016,\"height\":1134},{\"@type\":\"BreadcrumbList\",\"@id\":\"https:\/\/pistonaddict.com\/et\/product\/1979-pontiac-bonneville-brougham-1979-pontiac-bonneville-brougham\/#breadcrumb\",\"itemListElement\":[{\"@type\":\"ListItem\",\"position\":1,\"name\":\"Koduleht\",\"item\":\"https:\/\/pistonaddict.com\/et\/koduleht-2\/\"},{\"@type\":\"ListItem\",\"position\":2,\"name\":\"Auctions\",\"item\":\"https:\/\/pistonaddict.com\/auctions-listing\/\"},{\"@type\":\"ListItem\",\"position\":3,\"name\":\"1979 Pontiac Bonneville Brougham\"}]},{\"@type\":\"WebSite\",\"@id\":\"https:\/\/pistonaddict.com\/et\/#website\",\"url\":\"https:\/\/pistonaddict.com\/et\/\",\"name\":\"Piston Addict\",\"description\":\"Only interesting vehicles\",\"publisher\":{\"@id\":\"https:\/\/pistonaddict.com\/et\/#organization\"},\"potentialAction\":[{\"@type\":\"SearchAction\",\"target\":{\"@type\":\"EntryPoint\",\"urlTemplate\":\"https:\/\/pistonaddict.com\/et\/?s={search_term_string}\"},\"query-input\":\"required name=search_term_string\"}],\"inLanguage\":\"et\"},{\"@type\":\"Organization\",\"@id\":\"https:\/\/pistonaddict.com\/et\/#organization\",\"name\":\"Piston Addict\",\"url\":\"https:\/\/pistonaddict.com\/et\/\",\"logo\":{\"@type\":\"ImageObject\",\"inLanguage\":\"et\",\"@id\":\"https:\/\/pistonaddict.com\/et\/#\/schema\/logo\/image\/\",\"url\":\"https:\/\/pistonaddict.com\/wp-content\/uploads\/2022\/07\/logo-6.png\",\"contentUrl\":\"https:\/\/pistonaddict.com\/wp-content\/uploads\/2022\/07\/logo-6.png\",\"width\":970,\"height\":200,\"caption\":\"Piston Addict\"},\"image\":{\"@id\":\"https:\/\/pistonaddict.com\/et\/#\/schema\/logo\/image\/\"}}]}<\/script>\n<!-- \/ Yoast SEO plugin. -->","yoast_head_json":{"title":"1979 Pontiac Bonneville Brougham - Piston Addict","robots":{"index":"index","follow":"follow","max-snippet":"max-snippet:-1","max-image-preview":"max-image-preview:large","max-video-preview":"max-video-preview:-1"},"canonical":"https:\/\/pistonaddict.com\/et\/product\/1979-pontiac-bonneville-brougham-1979-pontiac-bonneville-brougham\/","og_locale":"et_EE","og_type":"article","og_title":"1979 Pontiac Bonneville Brougham - Piston Addict","og_description":"Pontiac j\u00e4\u00e4b autoajalukku kui GM-i p\u00f5nev kaubam\u00e4rk, mille tootevalikusse kuulusid v\u00f5imsad muskelautod, elegantsed vormid ja uuenduslik disain. 1979. aasta Bonneville asub mudelivaliku tipus ja t\u00e4histab t\u00e4ism\u00f5\u00f5tmeliste sedaanide ajastu l\u00f5ppu. V\u00f5rratu stiil, rohkelt ruumi ja hulk luksusfunktsioone - see sedaan on klassikalise Ameerika auto parim n\u00e4ide.","og_url":"https:\/\/pistonaddict.com\/et\/product\/1979-pontiac-bonneville-brougham-1979-pontiac-bonneville-brougham\/","og_site_name":"Piston Addict","article_modified_time":"2024-05-17T13:57:29+00:00","og_image":[{"width":2016,"height":1134,"url":"https:\/\/pistonaddict.com\/wp-content\/uploads\/2024\/05\/5a7bfe0d-cda7-49a4-89d2-85a67cfe2d90-1.jpg","type":"image\/jpeg"}],"twitter_card":"summary_large_image","twitter_misc":{"Est. reading time":"3 minutit"},"schema":{"@context":"https:\/\/schema.org","@graph":[{"@type":"WebPage","@id":"https:\/\/pistonaddict.com\/et\/product\/1979-pontiac-bonneville-brougham-1979-pontiac-bonneville-brougham\/","url":"https:\/\/pistonaddict.com\/et\/product\/1979-pontiac-bonneville-brougham-1979-pontiac-bonneville-brougham\/","name":"1979 Pontiac Bonneville Brougham - Piston Addict","isPartOf":{"@id":"https:\/\/pistonaddict.com\/et\/#website"},"primaryImageOfPage":{"@id":"https:\/\/pistonaddict.com\/et\/product\/1979-pontiac-bonneville-brougham-1979-pontiac-bonneville-brougham\/#primaryimage"},"image":{"@id":"https:\/\/pistonaddict.com\/et\/product\/1979-pontiac-bonneville-brougham-1979-pontiac-bonneville-brougham\/#primaryimage"},"thumbnailUrl":"https:\/\/pistonaddict.com\/wp-content\/uploads\/2024\/05\/5a7bfe0d-cda7-49a4-89d2-85a67cfe2d90-1.jpg","datePublished":"2024-05-17T09:16:20+00:00","dateModified":"2024-05-17T13:57:29+00:00","breadcrumb":{"@id":"https:\/\/pistonaddict.com\/et\/product\/1979-pontiac-bonneville-brougham-1979-pontiac-bonneville-brougham\/#breadcrumb"},"inLanguage":"et","potentialAction":[{"@type":"ReadAction","target":["https:\/\/pistonaddict.com\/et\/product\/1979-pontiac-bonneville-brougham-1979-pontiac-bonneville-brougham\/"]}]},{"@type":"ImageObject","inLanguage":"et","@id":"https:\/\/pistonaddict.com\/et\/product\/1979-pontiac-bonneville-brougham-1979-pontiac-bonneville-brougham\/#primaryimage","url":"https:\/\/pistonaddict.com\/wp-content\/uploads\/2024\/05\/5a7bfe0d-cda7-49a4-89d2-85a67cfe2d90-1.jpg","contentUrl":"https:\/\/pistonaddict.com\/wp-content\/uploads\/2024\/05\/5a7bfe0d-cda7-49a4-89d2-85a67cfe2d90-1.jpg","width":2016,"height":1134},{"@type":"BreadcrumbList","@id":"https:\/\/pistonaddict.com\/et\/product\/1979-pontiac-bonneville-brougham-1979-pontiac-bonneville-brougham\/#breadcrumb","itemListElement":[{"@type":"ListItem","position":1,"name":"Koduleht","item":"https:\/\/pistonaddict.com\/et\/koduleht-2\/"},{"@type":"ListItem","position":2,"name":"Auctions","item":"https:\/\/pistonaddict.com\/auctions-listing\/"},{"@type":"ListItem","position":3,"name":"1979 Pontiac Bonneville Brougham"}]},{"@type":"WebSite","@id":"https:\/\/pistonaddict.com\/et\/#website","url":"https:\/\/pistonaddict.com\/et\/","name":"Piston Addict","description":"Only interesting vehicles","publisher":{"@id":"https:\/\/pistonaddict.com\/et\/#organization"},"potentialAction":[{"@type":"SearchAction","target":{"@type":"EntryPoint","urlTemplate":"https:\/\/pistonaddict.com\/et\/?s={search_term_string}"},"query-input":"required name=search_term_string"}],"inLanguage":"et"},{"@type":"Organization","@id":"https:\/\/pistonaddict.com\/et\/#organization","name":"Piston Addict","url":"https:\/\/pistonaddict.com\/et\/","logo":{"@type":"ImageObject","inLanguage":"et","@id":"https:\/\/pistonaddict.com\/et\/#\/schema\/logo\/image\/","url":"https:\/\/pistonaddict.com\/wp-content\/uploads\/2022\/07\/logo-6.png","contentUrl":"https:\/\/pistonaddict.com\/wp-content\/uploads\/2022\/07\/logo-6.png","width":970,"height":200,"caption":"Piston Addict"},"image":{"@id":"https:\/\/pistonaddict.com\/et\/#\/schema\/logo\/image\/"}}]}},"_links":{"self":[{"href":"https:\/\/pistonaddict.com\/et\/wp-json\/wp\/v2\/product\/104243"}],"collection":[{"href":"https:\/\/pistonaddict.com\/et\/wp-json\/wp\/v2\/product"}],"about":[{"href":"https:\/\/pistonaddict.com\/et\/wp-json\/wp\/v2\/types\/product"}],"replies":[{"embeddable":true,"href":"https:\/\/pistonaddict.com\/et\/wp-json\/wp\/v2\/comments?post=104243"}],"wp:featuredmedia":[{"embeddable":true,"href":"https:\/\/pistonaddict.com\/et\/wp-json\/wp\/v2\/media\/104285"}],"wp:attachment":[{"href":"https:\/\/pistonaddict.com\/et\/wp-json\/wp\/v2\/media?parent=104243"}],"wp:term":[{"taxonomy":"product_cat","embeddable":true,"href":"https:\/\/pistonaddict.com\/et\/wp-json\/wp\/v2\/product_cat?post=104243"},{"taxonomy":"product_tag","embeddable":true,"href":"https:\/\/pistonaddict.com\/et\/wp-json\/wp\/v2\/product_tag?post=104243"}],"curies":[{"name":"wp","href":"https:\/\/api.w.org\/{rel}","templated":true}]}}