{"id":51260,"date":"2022-04-28T09:17:25","date_gmt":"2022-04-28T07:17:25","guid":{"rendered":"https:\/\/pistonaddict.com\/koduleht-2\/"},"modified":"2024-05-17T17:25:30","modified_gmt":"2024-05-17T15:25:30","slug":"koduleht-2","status":"publish","type":"page","link":"https:\/\/pistonaddict.com\/et\/","title":{"rendered":"Koduleht"},"content":{"rendered":"","protected":false},"excerpt":{"rendered":"","protected":false},"author":1,"featured_media":0,"parent":0,"menu_order":0,"comment_status":"closed","ping_status":"closed","template":"template-parts\/tpl-accueil.php","meta":{"inline_featured_image":false,"footnotes":""},"acf":[],"yoast_head":"<!-- This site is optimized with the Yoast SEO plugin v22.5 - https:\/\/yoast.com\/wordpress\/plugins\/seo\/ -->\n<title>Piston Addict : Autode online oksjonite turg<\/title>\n<meta name=\"description\" content=\"Piston Addict oksjonid on rahvusvaheline vintage ja klassikaliste s\u00f5idukite turg. M\u00fc\u00fca ja osta oksjonitel oma unistuste s\u00f5idukit Piston Addict, ainult huvitavaid s\u00f5idukeid, alates vintage mootorratast kuni h\u00fcperautodeni. Samuti saate oma j\u00e4rgmise s\u00f5iduki kohta teavet meie autoajakirjanike poolt kirjutatud Piston Addict autoartiklitest ja esitada k\u00fcsimusi Piston Addict kogukonnale.\" \/>\n<meta name=\"robots\" content=\"index, follow, max-snippet:-1, max-image-preview:large, max-video-preview:-1\" \/>\n<link rel=\"canonical\" href=\"https:\/\/pistonaddict.com\/et\/\" \/>\n<meta property=\"og:locale\" content=\"et_EE\" \/>\n<meta property=\"og:type\" content=\"article\" \/>\n<meta property=\"og:title\" content=\"Piston Addict : Autode online oksjonite turg\" \/>\n<meta property=\"og:description\" content=\"Piston Addict oksjonid on rahvusvaheline vintage ja klassikaliste s\u00f5idukite turg. M\u00fc\u00fca ja osta oksjonitel oma unistuste s\u00f5idukit Piston Addict, ainult huvitavaid s\u00f5idukeid, alates vintage mootorratast kuni h\u00fcperautodeni. Samuti saate oma j\u00e4rgmise s\u00f5iduki kohta teavet meie autoajakirjanike poolt kirjutatud Piston Addict autoartiklitest ja esitada k\u00fcsimusi Piston Addict kogukonnale.\" \/>\n<meta property=\"og:url\" content=\"https:\/\/pistonaddict.com\/et\/\" \/>\n<meta property=\"og:site_name\" content=\"Piston Addict\" \/>\n<meta property=\"article:modified_time\" content=\"2024-05-17T15:25:30+00:00\" \/>\n<meta name=\"twitter:card\" content=\"summary_large_image\" \/>\n<script type=\"application\/ld+json\" class=\"yoast-schema-graph\">{\"@context\":\"https:\/\/schema.org\",\"@graph\":[{\"@type\":\"WebPage\",\"@id\":\"https:\/\/pistonaddict.com\/et\/\",\"url\":\"https:\/\/pistonaddict.com\/et\/\",\"name\":\"Piston Addict : Autode online oksjonite turg\",\"isPartOf\":{\"@id\":\"https:\/\/pistonaddict.com\/et\/#website\"},\"datePublished\":\"2022-04-28T07:17:25+00:00\",\"dateModified\":\"2024-05-17T15:25:30+00:00\",\"description\":\"Piston Addict oksjonid on rahvusvaheline vintage ja klassikaliste s\u00f5idukite turg. M\u00fc\u00fca ja osta oksjonitel oma unistuste s\u00f5idukit Piston Addict, ainult huvitavaid s\u00f5idukeid, alates vintage mootorratast kuni h\u00fcperautodeni. Samuti saate oma j\u00e4rgmise s\u00f5iduki kohta teavet meie autoajakirjanike poolt kirjutatud Piston Addict autoartiklitest ja esitada k\u00fcsimusi Piston Addict kogukonnale.\",\"breadcrumb\":{\"@id\":\"https:\/\/pistonaddict.com\/et\/#breadcrumb\"},\"inLanguage\":\"et\",\"potentialAction\":[{\"@type\":\"ReadAction\",\"target\":[\"https:\/\/pistonaddict.com\/et\/\"]}]},{\"@type\":\"BreadcrumbList\",\"@id\":\"https:\/\/pistonaddict.com\/et\/#breadcrumb\",\"itemListElement\":[{\"@type\":\"ListItem\",\"position\":1,\"name\":\"Koduleht\",\"item\":\"https:\/\/pistonaddict.com\/et\/koduleht-2\/\"},{\"@type\":\"ListItem\",\"position\":2,\"name\":\"Koduleht\"}]},{\"@type\":\"WebSite\",\"@id\":\"https:\/\/pistonaddict.com\/et\/#website\",\"url\":\"https:\/\/pistonaddict.com\/et\/\",\"name\":\"Piston Addict\",\"description\":\"Only interesting vehicles\",\"publisher\":{\"@id\":\"https:\/\/pistonaddict.com\/et\/#organization\"},\"potentialAction\":[{\"@type\":\"SearchAction\",\"target\":{\"@type\":\"EntryPoint\",\"urlTemplate\":\"https:\/\/pistonaddict.com\/et\/?s={search_term_string}\"},\"query-input\":\"required name=search_term_string\"}],\"inLanguage\":\"et\"},{\"@type\":\"Organization\",\"@id\":\"https:\/\/pistonaddict.com\/et\/#organization\",\"name\":\"Piston Addict\",\"url\":\"https:\/\/pistonaddict.com\/et\/\",\"logo\":{\"@type\":\"ImageObject\",\"inLanguage\":\"et\",\"@id\":\"https:\/\/pistonaddict.com\/et\/#\/schema\/logo\/image\/\",\"url\":\"https:\/\/pistonaddict.com\/wp-content\/uploads\/2022\/07\/logo-6.png\",\"contentUrl\":\"https:\/\/pistonaddict.com\/wp-content\/uploads\/2022\/07\/logo-6.png\",\"width\":970,\"height\":200,\"caption\":\"Piston Addict\"},\"image\":{\"@id\":\"https:\/\/pistonaddict.com\/et\/#\/schema\/logo\/image\/\"}}]}<\/script>\n<!-- \/ Yoast SEO plugin. -->","yoast_head_json":{"title":"Piston Addict : Autode online oksjonite turg","description":"Piston Addict oksjonid on rahvusvaheline vintage ja klassikaliste s\u00f5idukite turg. M\u00fc\u00fca ja osta oksjonitel oma unistuste s\u00f5idukit Piston Addict, ainult huvitavaid s\u00f5idukeid, alates vintage mootorratast kuni h\u00fcperautodeni. Samuti saate oma j\u00e4rgmise s\u00f5iduki kohta teavet meie autoajakirjanike poolt kirjutatud Piston Addict autoartiklitest ja esitada k\u00fcsimusi Piston Addict kogukonnale.","robots":{"index":"index","follow":"follow","max-snippet":"max-snippet:-1","max-image-preview":"max-image-preview:large","max-video-preview":"max-video-preview:-1"},"canonical":"https:\/\/pistonaddict.com\/et\/","og_locale":"et_EE","og_type":"article","og_title":"Piston Addict : Autode online oksjonite turg","og_description":"Piston Addict oksjonid on rahvusvaheline vintage ja klassikaliste s\u00f5idukite turg. M\u00fc\u00fca ja osta oksjonitel oma unistuste s\u00f5idukit Piston Addict, ainult huvitavaid s\u00f5idukeid, alates vintage mootorratast kuni h\u00fcperautodeni. Samuti saate oma j\u00e4rgmise s\u00f5iduki kohta teavet meie autoajakirjanike poolt kirjutatud Piston Addict autoartiklitest ja esitada k\u00fcsimusi Piston Addict kogukonnale.","og_url":"https:\/\/pistonaddict.com\/et\/","og_site_name":"Piston Addict","article_modified_time":"2024-05-17T15:25:30+00:00","twitter_card":"summary_large_image","schema":{"@context":"https:\/\/schema.org","@graph":[{"@type":"WebPage","@id":"https:\/\/pistonaddict.com\/et\/","url":"https:\/\/pistonaddict.com\/et\/","name":"Piston Addict : Autode online oksjonite turg","isPartOf":{"@id":"https:\/\/pistonaddict.com\/et\/#website"},"datePublished":"2022-04-28T07:17:25+00:00","dateModified":"2024-05-17T15:25:30+00:00","description":"Piston Addict oksjonid on rahvusvaheline vintage ja klassikaliste s\u00f5idukite turg. M\u00fc\u00fca ja osta oksjonitel oma unistuste s\u00f5idukit Piston Addict, ainult huvitavaid s\u00f5idukeid, alates vintage mootorratast kuni h\u00fcperautodeni. Samuti saate oma j\u00e4rgmise s\u00f5iduki kohta teavet meie autoajakirjanike poolt kirjutatud Piston Addict autoartiklitest ja esitada k\u00fcsimusi Piston Addict kogukonnale.","breadcrumb":{"@id":"https:\/\/pistonaddict.com\/et\/#breadcrumb"},"inLanguage":"et","potentialAction":[{"@type":"ReadAction","target":["https:\/\/pistonaddict.com\/et\/"]}]},{"@type":"BreadcrumbList","@id":"https:\/\/pistonaddict.com\/et\/#breadcrumb","itemListElement":[{"@type":"ListItem","position":1,"name":"Koduleht","item":"https:\/\/pistonaddict.com\/et\/koduleht-2\/"},{"@type":"ListItem","position":2,"name":"Koduleht"}]},{"@type":"WebSite","@id":"https:\/\/pistonaddict.com\/et\/#website","url":"https:\/\/pistonaddict.com\/et\/","name":"Piston Addict","description":"Only interesting vehicles","publisher":{"@id":"https:\/\/pistonaddict.com\/et\/#organization"},"potentialAction":[{"@type":"SearchAction","target":{"@type":"EntryPoint","urlTemplate":"https:\/\/pistonaddict.com\/et\/?s={search_term_string}"},"query-input":"required name=search_term_string"}],"inLanguage":"et"},{"@type":"Organization","@id":"https:\/\/pistonaddict.com\/et\/#organization","name":"Piston Addict","url":"https:\/\/pistonaddict.com\/et\/","logo":{"@type":"ImageObject","inLanguage":"et","@id":"https:\/\/pistonaddict.com\/et\/#\/schema\/logo\/image\/","url":"https:\/\/pistonaddict.com\/wp-content\/uploads\/2022\/07\/logo-6.png","contentUrl":"https:\/\/pistonaddict.com\/wp-content\/uploads\/2022\/07\/logo-6.png","width":970,"height":200,"caption":"Piston Addict"},"image":{"@id":"https:\/\/pistonaddict.com\/et\/#\/schema\/logo\/image\/"}}]}},"_links":{"self":[{"href":"https:\/\/pistonaddict.com\/et\/wp-json\/wp\/v2\/pages\/51260"}],"collection":[{"href":"https:\/\/pistonaddict.com\/et\/wp-json\/wp\/v2\/pages"}],"about":[{"href":"https:\/\/pistonaddict.com\/et\/wp-json\/wp\/v2\/types\/page"}],"author":[{"embeddable":true,"href":"https:\/\/pistonaddict.com\/et\/wp-json\/wp\/v2\/users\/1"}],"replies":[{"embeddable":true,"href":"https:\/\/pistonaddict.com\/et\/wp-json\/wp\/v2\/comments?post=51260"}],"version-history":[{"count":1,"href":"https:\/\/pistonaddict.com\/et\/wp-json\/wp\/v2\/pages\/51260\/revisions"}],"predecessor-version":[{"id":80971,"href":"https:\/\/pistonaddict.com\/et\/wp-json\/wp\/v2\/pages\/51260\/revisions\/80971"}],"wp:attachment":[{"href":"https:\/\/pistonaddict.com\/et\/wp-json\/wp\/v2\/media?parent=51260"}],"curies":[{"name":"wp","href":"https:\/\/api.w.org\/{rel}","templated":true}]}}