{"id":3209,"date":"2022-05-02T15:06:21","date_gmt":"2022-05-02T13:06:21","guid":{"rendered":"https:\/\/pistonaddict.com\/kas-sa-oled-fotograaf\/"},"modified":"2023-02-05T13:20:19","modified_gmt":"2023-02-05T12:20:19","slug":"kas-sa-oled-fotograaf","status":"publish","type":"page","link":"https:\/\/pistonaddict.com\/et\/kas-sa-oled-fotograaf\/","title":{"rendered":"Kas sa oled fotograaf?"},"content":{"rendered":"\t\t<div data-elementor-type=\"wp-page\" data-elementor-id=\"3209\" class=\"elementor elementor-3209 elementor-3164\">\n\t\t\t\t\t\t<section class=\"elementor-section elementor-top-section elementor-element elementor-element-28b0496a elementor-section-full_width elementor-section-content-middle banniere-page elementor-section-height-default elementor-section-height-default\" data-id=\"28b0496a\" data-element_type=\"section\" data-settings=\"{&quot;background_background&quot;:&quot;classic&quot;}\">\n\t\t\t\t\t\t<div class=\"elementor-container elementor-column-gap-default\">\n\t\t\t\t\t<div class=\"elementor-column elementor-col-100 elementor-top-column elementor-element elementor-element-1ffab370\" data-id=\"1ffab370\" data-element_type=\"column\">\n\t\t\t<div class=\"elementor-widget-wrap elementor-element-populated\">\n\t\t\t\t\t\t<div class=\"elementor-element elementor-element-17e56df7 elementor-widget elementor-widget-heading\" data-id=\"17e56df7\" data-element_type=\"widget\" data-widget_type=\"heading.default\">\n\t\t\t\t<div class=\"elementor-widget-container\">\n\t\t\t<style>\/*! elementor - v3.21.0 - 18-04-2024 *\/\n.elementor-heading-title{padding:0;margin:0;line-height:1}.elementor-widget-heading .elementor-heading-title[class*=elementor-size-]>a{color:inherit;font-size:inherit;line-height:inherit}.elementor-widget-heading .elementor-heading-title.elementor-size-small{font-size:15px}.elementor-widget-heading .elementor-heading-title.elementor-size-medium{font-size:19px}.elementor-widget-heading .elementor-heading-title.elementor-size-large{font-size:29px}.elementor-widget-heading .elementor-heading-title.elementor-size-xl{font-size:39px}.elementor-widget-heading .elementor-heading-title.elementor-size-xxl{font-size:59px}<\/style><h2 class=\"elementor-heading-title elementor-size-default\">Kas sa oled fotograaf? <\/h2>\t\t<\/div>\n\t\t\t\t<\/div>\n\t\t\t\t\t<\/div>\n\t\t<\/div>\n\t\t\t\t\t<\/div>\n\t\t<\/section>\n\t\t\t\t<section class=\"elementor-section elementor-top-section elementor-element elementor-element-a207f8a elementor-section-full_width descs elementor-section-height-default elementor-section-height-default\" data-id=\"a207f8a\" data-element_type=\"section\">\n\t\t\t\t\t\t<div class=\"elementor-container elementor-column-gap-default\">\n\t\t\t\t\t<div class=\"elementor-column elementor-col-100 elementor-top-column elementor-element elementor-element-7977ae0\" data-id=\"7977ae0\" data-element_type=\"column\">\n\t\t\t<div class=\"elementor-widget-wrap elementor-element-populated\">\n\t\t\t\t\t\t<div class=\"elementor-element elementor-element-081674f form-contact elementor-widget elementor-widget-text-editor\" data-id=\"081674f\" data-element_type=\"widget\" data-widget_type=\"text-editor.default\">\n\t\t\t\t<div class=\"elementor-widget-container\">\n\t\t\t<style>\/*! elementor - v3.21.0 - 18-04-2024 *\/\n.elementor-widget-text-editor.elementor-drop-cap-view-stacked .elementor-drop-cap{background-color:#69727d;color:#fff}.elementor-widget-text-editor.elementor-drop-cap-view-framed .elementor-drop-cap{color:#69727d;border:3px solid;background-color:transparent}.elementor-widget-text-editor:not(.elementor-drop-cap-view-default) .elementor-drop-cap{margin-top:8px}.elementor-widget-text-editor:not(.elementor-drop-cap-view-default) .elementor-drop-cap-letter{width:1em;height:1em}.elementor-widget-text-editor .elementor-drop-cap{float:left;text-align:center;line-height:1;font-size:50px}.elementor-widget-text-editor .elementor-drop-cap-letter{display:inline-block}<\/style>\t\t\t\t<div class=\"page\" title=\"Page 1\">\n<div class=\"layoutArea\">\n<div class=\"column\">\n<h2>Kas olete professionaalne fotograaf?<\/h2>\n<\/div>\n<\/div>\n<\/div>\n<p>Ootame alati oma v\u00f5rgustikuga liituma andekaid professionaalseid fotograafe. Tahad meiega liituda? T\u00e4itke allolev vorm.<\/p>\n<\/p>\n\n<div class=\"wpcf7 no-js\" id=\"wpcf7-f26352-o1\" lang=\"et\" dir=\"ltr\">\n<div class=\"screen-reader-response\"><p role=\"status\" aria-live=\"polite\" aria-atomic=\"true\"><\/p> <ul><\/ul><\/div>\n<form action=\"\/et\/wp-json\/wp\/v2\/pages\/3209#wpcf7-f26352-o1\" method=\"post\" class=\"wpcf7-form init\" aria-label=\"Contact form\" novalidate=\"novalidate\" data-status=\"init\">\n<div style=\"display: none;\">\n<input type=\"hidden\" name=\"_wpcf7\" value=\"26352\" \/>\n<input type=\"hidden\" name=\"_wpcf7_version\" value=\"5.9.3\" \/>\n<input type=\"hidden\" name=\"_wpcf7_locale\" value=\"et\" \/>\n<input type=\"hidden\" name=\"_wpcf7_unit_tag\" value=\"wpcf7-f26352-o1\" \/>\n<input type=\"hidden\" name=\"_wpcf7_container_post\" value=\"0\" \/>\n<input type=\"hidden\" name=\"_wpcf7_posted_data_hash\" value=\"\" \/>\n<input type=\"hidden\" name=\"_wpcf7_recaptcha_response\" value=\"\" \/>\n<\/div>\n<div class=\"form-row\">\n\t<div class=\"form-group col-sm-6 name\">\n\t\t<p><span class=\"wpcf7-form-control-wrap\" data-name=\"nom\"><input size=\"40\" class=\"wpcf7-form-control wpcf7-text wpcf7-validates-as-required form-control\" aria-required=\"true\" aria-invalid=\"false\" value=\"Perekonnanimi\" type=\"text\" name=\"nom\" \/><\/span>\n\t\t<\/p>\n\t<\/div>\n\t<div class=\"form-group col-sm-6\">\n\t\t<p><span class=\"wpcf7-form-control-wrap\" data-name=\"email\"><input size=\"40\" class=\"wpcf7-form-control wpcf7-email wpcf7-validates-as-required wpcf7-text wpcf7-validates-as-email form-control\" aria-required=\"true\" aria-invalid=\"false\" value=\"E-post\" type=\"email\" name=\"email\" \/><\/span>\n\t\t<\/p>\n\t<\/div>\n\t<div class=\"form-group col-sm-6\">\n\t\t<p><span class=\"wpcf7-form-control-wrap\" data-name=\"Ville\"><input size=\"40\" class=\"wpcf7-form-control wpcf7-text wpcf7-validates-as-required form-control\" aria-required=\"true\" aria-invalid=\"false\" value=\"Linn\" type=\"text\" name=\"Ville\" \/><\/span>\n\t\t<\/p>\n\t<\/div>\n\t<div class=\"form-group col-sm-6\">\n\t\t<p><span class=\"wpcf7-form-control-wrap\" data-name=\"codepostal\"><input size=\"40\" class=\"wpcf7-form-control wpcf7-text wpcf7-validates-as-required form-control\" aria-required=\"true\" aria-invalid=\"false\" value=\"Postiindeks\" type=\"text\" name=\"codepostal\" \/><\/span>\n\t\t<\/p>\n\t<\/div>\n\t<div class=\"form-group col-sm-12\">\n\t\t<p><span class=\"wpcf7-form-control-wrap\" data-name=\"identifiant\"><input size=\"40\" class=\"wpcf7-form-control wpcf7-text form-control\" aria-invalid=\"false\" value=\"Piston Addict login (kui sul on)\" type=\"text\" name=\"identifiant\" \/><\/span>\n\t\t<\/p>\n\t<\/div>\n\t<div class=\"form-group col-sm-12\">\n\t\t<p><span class=\"wpcf7-form-control-wrap\" data-name=\"lien\"><input size=\"40\" class=\"wpcf7-form-control wpcf7-text wpcf7-validates-as-required form-control\" aria-required=\"true\" aria-invalid=\"false\" value=\"Palun esitage meile lingid oma autofotode, portfoolio, t\u00f6\u00f6de n\u00e4idistele.\" type=\"text\" name=\"lien\" \/><\/span>\n\t\t<\/p>\n\t<\/div>\n\t<div class=\"form-group col-sm-12\">\n\t\t<p><span class=\"wpcf7-form-control-wrap\" data-name=\"message\"><textarea cols=\"40\" rows=\"10\" class=\"wpcf7-form-control wpcf7-textarea form-control\" aria-invalid=\"false\" name=\"message\">Kommentaar<\/textarea><\/span><br \/>\n<span class=\"wpcf7-form-control-wrap\" data-name=\"acceptance\"><span class=\"wpcf7-form-control wpcf7-acceptance\"><span class=\"wpcf7-list-item\"><label><input type=\"checkbox\" name=\"acceptance\" value=\"1\" class=\"form-control\" aria-invalid=\"false\" \/><span class=\"wpcf7-list-item-label\">Selle teabe sisestamisega n\u00f5ustun, et seda kasutatakse Piston Addict&#8217;iga tekkida v\u00f5iva suhte raames.<\/span><\/label><\/span><\/span><\/span>\n\t\t<\/p>\n\t<\/div>\n\t<div class=\"col-sm-12 text-center\">\n\t\t<p><input class=\"wpcf7-form-control wpcf7-submit has-spinner btn-custom\" type=\"submit\" value=\"Saada\" \/>\n\t\t<\/p>\n\t<\/div>\n<\/div><div class=\"wpcf7-response-output\" aria-hidden=\"true\"><\/div>\n<\/form>\n<\/div>\n\n<div class=\"page\" title=\"Page 1\">\n<div class=\"layoutArea\">\n<div class=\"form-contact\" style=\"margin-top: 2rem;\">\n<h2>Faili suurus<\/h2>\n<p>Liiga v\u00e4ikseid ja alla 1 MB fotosid ei pruugita \u00fcles laadida. Pakkujad otsivad kvaliteetseid umbes 2000\u20133000 piksliga fotosid, mis tavaliselt v\u00f5rdub failisuurusega 1\u20134 MB foto kohta. Meie platvorm aktsepteerib 10 MB failisuuruse piirangut fotofaili kohta.<\/p>\n<\/div>\n<\/div>\n<\/div>\n<h2> <\/h2>\n<h2>Faili t\u00fc\u00fcp<\/h2>\n<p>Aktsepteerime .jpg, .jpeg ja .png faile. Veenduge, et teie \u00fcleslaaditud failis ei oleks video- ega PDF-faile.<\/p>\n\t\t\t\t\t\t<\/div>\n\t\t\t\t<\/div>\n\t\t\t\t\t<\/div>\n\t\t<\/div>\n\t\t\t\t\t<\/div>\n\t\t<\/section>\n\t\t\t\t<\/div>\n\t\t","protected":false},"excerpt":{"rendered":"<p>Kas sa oled fotograaf? Kas olete professionaalne fotograaf? Ootame alati oma v\u00f5rgustikuga liituma andekaid professionaalseid fotograafe. Tahad meiega liituda? T\u00e4itke allolev vorm. Faili suurus Liiga v\u00e4ikseid ja alla 1 MB fotosid ei pruugita \u00fcles laadida. Pakkujad otsivad kvaliteetseid umbes 2000\u20133000 piksliga fotosid, mis tavaliselt v\u00f5rdub failisuurusega 1\u20134 MB foto kohta. Meie platvorm aktsepteerib 10 MB &#8230; <a title=\"Kas sa oled fotograaf?\" class=\"read-more\" href=\"https:\/\/pistonaddict.com\/et\/kas-sa-oled-fotograaf\/\">Loe edasi<span class=\"screen-reader-text\">Kas sa oled fotograaf?<\/span><\/a><\/p>\n","protected":false},"author":1,"featured_media":0,"parent":0,"menu_order":0,"comment_status":"closed","ping_status":"closed","template":"","meta":{"inline_featured_image":false,"footnotes":""},"acf":[],"yoast_head":"<!-- This site is optimized with the Yoast SEO plugin v22.5 - https:\/\/yoast.com\/wordpress\/plugins\/seo\/ -->\n<title>Kas sa oled fotograaf? - Piston Addict<\/title>\n<meta name=\"robots\" content=\"index, follow, max-snippet:-1, max-image-preview:large, max-video-preview:-1\" \/>\n<link rel=\"canonical\" href=\"https:\/\/pistonaddict.com\/et\/kas-sa-oled-fotograaf\/\" \/>\n<meta property=\"og:locale\" content=\"et_EE\" \/>\n<meta property=\"og:type\" content=\"article\" \/>\n<meta property=\"og:title\" content=\"Kas sa oled fotograaf? - Piston Addict\" \/>\n<meta property=\"og:description\" content=\"Kas sa oled fotograaf? Kas olete professionaalne fotograaf? Ootame alati oma v\u00f5rgustikuga liituma andekaid professionaalseid fotograafe. Tahad meiega liituda? T\u00e4itke allolev vorm. Faili suurus Liiga v\u00e4ikseid ja alla 1 MB fotosid ei pruugita \u00fcles laadida. Pakkujad otsivad kvaliteetseid umbes 2000\u20133000 piksliga fotosid, mis tavaliselt v\u00f5rdub failisuurusega 1\u20134 MB foto kohta. Meie platvorm aktsepteerib 10 MB ... Loe edasiKas sa oled fotograaf?\" \/>\n<meta property=\"og:url\" content=\"https:\/\/pistonaddict.com\/et\/kas-sa-oled-fotograaf\/\" \/>\n<meta property=\"og:site_name\" content=\"Piston Addict\" \/>\n<meta property=\"article:modified_time\" content=\"2023-02-05T12:20:19+00:00\" \/>\n<meta name=\"twitter:card\" content=\"summary_large_image\" \/>\n<script type=\"application\/ld+json\" class=\"yoast-schema-graph\">{\"@context\":\"https:\/\/schema.org\",\"@graph\":[{\"@type\":\"WebPage\",\"@id\":\"https:\/\/pistonaddict.com\/et\/kas-sa-oled-fotograaf\/\",\"url\":\"https:\/\/pistonaddict.com\/et\/kas-sa-oled-fotograaf\/\",\"name\":\"Kas sa oled fotograaf? - Piston Addict\",\"isPartOf\":{\"@id\":\"https:\/\/pistonaddict.com\/et\/#website\"},\"datePublished\":\"2022-05-02T13:06:21+00:00\",\"dateModified\":\"2023-02-05T12:20:19+00:00\",\"breadcrumb\":{\"@id\":\"https:\/\/pistonaddict.com\/et\/kas-sa-oled-fotograaf\/#breadcrumb\"},\"inLanguage\":\"et\",\"potentialAction\":[{\"@type\":\"ReadAction\",\"target\":[\"https:\/\/pistonaddict.com\/et\/kas-sa-oled-fotograaf\/\"]}]},{\"@type\":\"BreadcrumbList\",\"@id\":\"https:\/\/pistonaddict.com\/et\/kas-sa-oled-fotograaf\/#breadcrumb\",\"itemListElement\":[{\"@type\":\"ListItem\",\"position\":1,\"name\":\"Koduleht\",\"item\":\"https:\/\/pistonaddict.com\/et\/koduleht-2\/\"},{\"@type\":\"ListItem\",\"position\":2,\"name\":\"Kas sa oled fotograaf?\"}]},{\"@type\":\"WebSite\",\"@id\":\"https:\/\/pistonaddict.com\/et\/#website\",\"url\":\"https:\/\/pistonaddict.com\/et\/\",\"name\":\"Piston Addict\",\"description\":\"Only interesting vehicles\",\"publisher\":{\"@id\":\"https:\/\/pistonaddict.com\/et\/#organization\"},\"potentialAction\":[{\"@type\":\"SearchAction\",\"target\":{\"@type\":\"EntryPoint\",\"urlTemplate\":\"https:\/\/pistonaddict.com\/et\/?s={search_term_string}\"},\"query-input\":\"required name=search_term_string\"}],\"inLanguage\":\"et\"},{\"@type\":\"Organization\",\"@id\":\"https:\/\/pistonaddict.com\/et\/#organization\",\"name\":\"Piston Addict\",\"url\":\"https:\/\/pistonaddict.com\/et\/\",\"logo\":{\"@type\":\"ImageObject\",\"inLanguage\":\"et\",\"@id\":\"https:\/\/pistonaddict.com\/et\/#\/schema\/logo\/image\/\",\"url\":\"https:\/\/pistonaddict.com\/wp-content\/uploads\/2022\/07\/logo-6.png\",\"contentUrl\":\"https:\/\/pistonaddict.com\/wp-content\/uploads\/2022\/07\/logo-6.png\",\"width\":970,\"height\":200,\"caption\":\"Piston Addict\"},\"image\":{\"@id\":\"https:\/\/pistonaddict.com\/et\/#\/schema\/logo\/image\/\"}}]}<\/script>\n<!-- \/ Yoast SEO plugin. -->","yoast_head_json":{"title":"Kas sa oled fotograaf? - Piston Addict","robots":{"index":"index","follow":"follow","max-snippet":"max-snippet:-1","max-image-preview":"max-image-preview:large","max-video-preview":"max-video-preview:-1"},"canonical":"https:\/\/pistonaddict.com\/et\/kas-sa-oled-fotograaf\/","og_locale":"et_EE","og_type":"article","og_title":"Kas sa oled fotograaf? - Piston Addict","og_description":"Kas sa oled fotograaf? Kas olete professionaalne fotograaf? Ootame alati oma v\u00f5rgustikuga liituma andekaid professionaalseid fotograafe. Tahad meiega liituda? T\u00e4itke allolev vorm. Faili suurus Liiga v\u00e4ikseid ja alla 1 MB fotosid ei pruugita \u00fcles laadida. Pakkujad otsivad kvaliteetseid umbes 2000\u20133000 piksliga fotosid, mis tavaliselt v\u00f5rdub failisuurusega 1\u20134 MB foto kohta. Meie platvorm aktsepteerib 10 MB ... Loe edasiKas sa oled fotograaf?","og_url":"https:\/\/pistonaddict.com\/et\/kas-sa-oled-fotograaf\/","og_site_name":"Piston Addict","article_modified_time":"2023-02-05T12:20:19+00:00","twitter_card":"summary_large_image","schema":{"@context":"https:\/\/schema.org","@graph":[{"@type":"WebPage","@id":"https:\/\/pistonaddict.com\/et\/kas-sa-oled-fotograaf\/","url":"https:\/\/pistonaddict.com\/et\/kas-sa-oled-fotograaf\/","name":"Kas sa oled fotograaf? - Piston Addict","isPartOf":{"@id":"https:\/\/pistonaddict.com\/et\/#website"},"datePublished":"2022-05-02T13:06:21+00:00","dateModified":"2023-02-05T12:20:19+00:00","breadcrumb":{"@id":"https:\/\/pistonaddict.com\/et\/kas-sa-oled-fotograaf\/#breadcrumb"},"inLanguage":"et","potentialAction":[{"@type":"ReadAction","target":["https:\/\/pistonaddict.com\/et\/kas-sa-oled-fotograaf\/"]}]},{"@type":"BreadcrumbList","@id":"https:\/\/pistonaddict.com\/et\/kas-sa-oled-fotograaf\/#breadcrumb","itemListElement":[{"@type":"ListItem","position":1,"name":"Koduleht","item":"https:\/\/pistonaddict.com\/et\/koduleht-2\/"},{"@type":"ListItem","position":2,"name":"Kas sa oled fotograaf?"}]},{"@type":"WebSite","@id":"https:\/\/pistonaddict.com\/et\/#website","url":"https:\/\/pistonaddict.com\/et\/","name":"Piston Addict","description":"Only interesting vehicles","publisher":{"@id":"https:\/\/pistonaddict.com\/et\/#organization"},"potentialAction":[{"@type":"SearchAction","target":{"@type":"EntryPoint","urlTemplate":"https:\/\/pistonaddict.com\/et\/?s={search_term_string}"},"query-input":"required name=search_term_string"}],"inLanguage":"et"},{"@type":"Organization","@id":"https:\/\/pistonaddict.com\/et\/#organization","name":"Piston Addict","url":"https:\/\/pistonaddict.com\/et\/","logo":{"@type":"ImageObject","inLanguage":"et","@id":"https:\/\/pistonaddict.com\/et\/#\/schema\/logo\/image\/","url":"https:\/\/pistonaddict.com\/wp-content\/uploads\/2022\/07\/logo-6.png","contentUrl":"https:\/\/pistonaddict.com\/wp-content\/uploads\/2022\/07\/logo-6.png","width":970,"height":200,"caption":"Piston Addict"},"image":{"@id":"https:\/\/pistonaddict.com\/et\/#\/schema\/logo\/image\/"}}]}},"_links":{"self":[{"href":"https:\/\/pistonaddict.com\/et\/wp-json\/wp\/v2\/pages\/3209"}],"collection":[{"href":"https:\/\/pistonaddict.com\/et\/wp-json\/wp\/v2\/pages"}],"about":[{"href":"https:\/\/pistonaddict.com\/et\/wp-json\/wp\/v2\/types\/page"}],"author":[{"embeddable":true,"href":"https:\/\/pistonaddict.com\/et\/wp-json\/wp\/v2\/users\/1"}],"replies":[{"embeddable":true,"href":"https:\/\/pistonaddict.com\/et\/wp-json\/wp\/v2\/comments?post=3209"}],"version-history":[{"count":10,"href":"https:\/\/pistonaddict.com\/et\/wp-json\/wp\/v2\/pages\/3209\/revisions"}],"predecessor-version":[{"id":26452,"href":"https:\/\/pistonaddict.com\/et\/wp-json\/wp\/v2\/pages\/3209\/revisions\/26452"}],"wp:attachment":[{"href":"https:\/\/pistonaddict.com\/et\/wp-json\/wp\/v2\/media?parent=3209"}],"curies":[{"name":"wp","href":"https:\/\/api.w.org\/{rel}","templated":true}]}}