{"id":3113,"date":"2022-04-29T11:19:54","date_gmt":"2022-04-29T09:19:54","guid":{"rendered":"https:\/\/pistonaddict.com\/privaatsuspoliitika\/"},"modified":"2022-05-04T18:00:03","modified_gmt":"2022-05-04T16:00:03","slug":"privaatsuspoliitika","status":"publish","type":"page","link":"https:\/\/pistonaddict.com\/et\/privaatsuspoliitika\/","title":{"rendered":"Privaatsuspoliitika"},"content":{"rendered":"\t\t<div data-elementor-type=\"wp-page\" data-elementor-id=\"3113\" class=\"elementor elementor-3113 elementor-339\">\n\t\t\t\t\t\t<section class=\"elementor-section elementor-top-section elementor-element elementor-element-82c15da elementor-section-boxed elementor-section-height-default elementor-section-height-default\" data-id=\"82c15da\" data-element_type=\"section\">\n\t\t\t\t\t\t<div class=\"elementor-container elementor-column-gap-default\">\n\t\t\t\t\t<div class=\"elementor-column elementor-col-100 elementor-top-column elementor-element elementor-element-ddaf1f1\" data-id=\"ddaf1f1\" data-element_type=\"column\">\n\t\t\t<div class=\"elementor-widget-wrap elementor-element-populated\">\n\t\t\t\t\t\t<div class=\"elementor-element elementor-element-25741e6 elementor-widget elementor-widget-text-editor\" data-id=\"25741e6\" data-element_type=\"widget\" data-widget_type=\"text-editor.default\">\n\t\t\t\t<div class=\"elementor-widget-container\">\n\t\t\t<style>\/*! elementor - v3.21.0 - 18-04-2024 *\/\n.elementor-widget-text-editor.elementor-drop-cap-view-stacked .elementor-drop-cap{background-color:#69727d;color:#fff}.elementor-widget-text-editor.elementor-drop-cap-view-framed .elementor-drop-cap{color:#69727d;border:3px solid;background-color:transparent}.elementor-widget-text-editor:not(.elementor-drop-cap-view-default) .elementor-drop-cap{margin-top:8px}.elementor-widget-text-editor:not(.elementor-drop-cap-view-default) .elementor-drop-cap-letter{width:1em;height:1em}.elementor-widget-text-editor .elementor-drop-cap{float:left;text-align:center;line-height:1;font-size:50px}.elementor-widget-text-editor .elementor-drop-cap-letter{display:inline-block}<\/style>\t\t\t\t\n          <p> <\/p>\n          <p>Privaatsuspoliitika eesm\u00e4rk on n\u00e4idata teile, kuidas <strong>Piston Addict<\/strong> kasutab, haldab ja kaitseb isikuandmeid, mille olete ettev\u00f5ttele edastanud selle veebisaidi https:\/\/www.pistonaddict.com kasutamise kontekstis. See privaatsuspoliitika p\u00f5hineb veebisaidi toimetaja kohustustel, mis on m\u00e4\u00e4ratletud isikuandmete kaitse \u00fcldm\u00e4\u00e4rustega (GDPR) k\u00f5igis k\u00fcsimustes, mis on seotud isikuandmete kogumiseks n\u00f5usoleku andmise, isikuandmete kaitse ja turvalisuse ning isikuandmete austamise. teie \u00f5igused andmetele juurdep\u00e4\u00e4su, nende parandamise, t\u00f6\u00f6tlemise, teisaldatavuse ja kustutamise osas.<\/p>\n          <p><strong>Piston Addicti<\/strong> privaatsuspoliitikat v\u00f5idakse muuta vastavalt v\u00f5imalikele muudatustele seadusandlikus (RGPD), regulatiivses ja \u00f5igusraamistikus, mis m\u00e4\u00e4ravad selle arengu ja kohaldamise.<\/p>\n          <div class=\"vc_row wpb_row vc_row-fluid row_bg_bottom vc_custom_1496737831361\"> <\/div>\n          <div class=\"wpb_column vc_column_container vc_col-sm-12\">\n            <div class=\"vc_column-inner\">\n              <div class=\"wpb_wrapper\"> <\/div>\n            <\/div>\n          <\/div>\n          <div class=\"cms-custom-heading-wrap heading2 text-left vc_custom_heading heading2_uppercase \">\n            <h2 class=\"cmsc-custom-heading vc_custom_heading\">1\u00b0 ISIKUANDMETE KOGUMINE<\/h2>\n          <\/div>\n          <div class=\"wpb_text_column wpb_content_element vc_custom_1621498045904 cms_text_block\">\n            <div class=\"wpb_wrapper \"> <\/div>\n          <\/div>\n          <p>Saiti https:\/\/www.pistonaddict.com on t\u00e4iesti v\u00f5imalik sirvida ilma oma isikuandmeid veebisaidi avaldajale avaldamata, arvestades piiranguid, mida see seab juurdep\u00e4\u00e4su osas pakutavale teabele ja teenustele.<\/p>\n          <p>Isikuandmete (perekonna- ja eesnimi, ettev\u00f5tte nimi, ametikoht ettev\u00f5ttes, e-posti aadress, ametialane telefoninumber jne) edastamine <strong>Piston Addictile<\/strong> on kohustus, kui soovite saada hinnapakkumist, \u00fchendust v\u00f5tta v\u00f5i k\u00fcsida. teavet.<\/p>\n          <p>Seet\u00f5ttu n\u00f5ustute nende kogumise p\u00f5him\u00f5ttega nii vormides kui ka l\u00f5igus &#8220;Andmet\u00f6\u00f6tluse eesm\u00e4rgid&#8221; kirjeldatud eesm\u00e4rkidel. V\u00e4ljaandja kogub isikuandmeid ka \u00fchendusfailide juurutamise kaudu, j\u00e4rgides k\u00fcpsiste kasutamist k\u00e4sitlevaid kehtivaid \u00f5igusakte.<\/p>\n          <div class=\"vc_row wpb_row vc_row-fluid row_bg_bottom vc_custom_1496737831361\"> <\/div>\n          <div class=\"wpb_column vc_column_container vc_col-sm-12\">\n            <div class=\"vc_column-inner\">\n              <div class=\"wpb_wrapper\"> <\/div>\n            <\/div>\n          <\/div>\n          <div class=\"cms-custom-heading-wrap heading2 text-left vc_custom_heading heading2_uppercase \">\n            <h2 class=\"cmsc-custom-heading vc_custom_heading\">2\u00b0 ISIKUANDMETE TURVALISUS<\/h2>\n          <\/div>\n          <p><strong>Piston Addict<\/strong> rakendab teie isikuandmete turvalisuse tagamiseks mitmesuguseid turvameetmeid:<\/p>\n          <ul>\n            <li>tipptasemel kr\u00fcptimise kasutamine, et kaitsta teie v\u00f5rgus edastatavaid isikuandmeid,<\/li>\n            <li>anal\u00fc\u00fctilised k\u00fcpsised v\u00f5imaldavad lugeda Interneti-kasutajaid, anal\u00fc\u00fcsides nende k\u00e4itumist veebisaidi k\u00fclastuse ajal, et koostada liiklusstatistikat,<\/li>\n            <li>arvutite ja serverite kasutamine turvalises keskkonnas teie andmete salvestamiseks ja t\u00f6\u00f6tlemiseks,<\/li>\n            <li>piiratud juurdep\u00e4\u00e4s isikuandmetele t\u00f6\u00f6tajatele, kes peavad tegema konkreetset t\u00f6\u00f6d (arvete esitamine jne).<\/li>\n          <\/ul>\n          <div class=\"vc_row wpb_row vc_row-fluid row_bg_bottom vc_custom_1496737831361\"> <\/div>\n          <div class=\"wpb_column vc_column_container vc_col-sm-12\">\n            <div class=\"vc_column-inner\">\n              <div class=\"wpb_wrapper\"> <\/div>\n            <\/div>\n          <\/div>\n          <div class=\"cms-custom-heading-wrap heading2 text-left vc_custom_heading heading2_uppercase \">\n            <h2 class=\"cmsc-custom-heading vc_custom_heading\">3\u00b0 ISIKUANDMETE T\u00d6\u00d6TLEMINE<\/h2>\n          <\/div>\n          <div class=\"wpb_text_column wpb_content_element vc_custom_1621498045904 cms_text_block\">\n            <div class=\"wpb_wrapper \"> <\/div>\n          <\/div>\n          <p><strong>Piston Addictil<\/strong> on isikuandmete t\u00f6\u00f6tlemisel v\u00e4ga range poliitika, mille kohaselt ei tohi neid kunagi loovutada, laenutada, rentida ega edasi m\u00fc\u00fca kolmandatele isikutele.<\/p>\n          <p>Kogu veebisaidil https:\/\/www.pistonaddict.com kogutud isikuandmete t\u00f6\u00f6tlemist teostavad otse selleks volitatud <strong>t\u00f5hususe<\/strong> meeskonna liikmed.<\/p>\n          <p>Seet\u00f5ttu n\u00f5ustute oma isikuandmete t\u00f6\u00f6tlemise p\u00f5him\u00f5ttega nii kontaktvormides, konto loomisel\/haldamisel kui ka allolevas l\u00f5igus kirjeldatud eesm\u00e4rkidel, et m\u00f5istaksime paremini teie vajadusi toodete ja teenuste osas.<\/p>\n          <div class=\"vc_row wpb_row vc_row-fluid row_bg_bottom vc_custom_1496737831361\"> <\/div>\n          <div class=\"wpb_column vc_column_container vc_col-sm-12\">\n            <div class=\"vc_column-inner\">\n              <div class=\"wpb_wrapper\"> <\/div>\n            <\/div>\n          <\/div>\n          <div class=\"cms-custom-heading-wrap heading2 text-left vc_custom_heading heading2_uppercase \">\n            <h2 class=\"cmsc-custom-heading vc_custom_heading\">4\u00b0 ANDMET\u00d6\u00d6TLUSE EESM\u00c4RGID<\/h2>\n          <\/div>\n          <div class=\"wpb_text_column wpb_content_element vc_custom_1621498045904 cms_text_block\">\n            <div class=\"wpb_wrapper \"> <\/div>\n          <\/div>\n          <p><strong>Piston Addict<\/strong> teostab teie isikuandmete k\u00e4sitsi v\u00f5i automatiseeritud t\u00f6\u00f6tlemist konkreetsetel eesm\u00e4rkidel:<\/p>\n          <ul>\n            <li>Kodulehel olevate teabe sisestamise vormide kaudu kogutud andmeid (kontakt, hinnapakkumise p\u00e4ring, v\u00e4rbamine) kasutatakse hinnapakkumiste saatmiseks, \u00e4risuhte loomiseks v\u00f5i arendamiseks, praktikantide ja\/v\u00f5i t\u00f6\u00f6tajate v\u00e4rbamiseks.<\/li>\n            <li>Spetsialiseeritud platvormidel postitatud videote taasesituse ajal kogutud andmed on vajalikud kolmandate osapoolte saitidele juurdep\u00e4\u00e4suks ja nende taotluste t\u00e4itmiseks.<\/li>\n            <li>Sotsiaalv\u00f5rgustike juurdep\u00e4\u00e4sunuppude kasutamisel kogutavad andmed on vajalikud nende kolmandate osapoolte saitide taotluste t\u00e4itmiseks.<\/li>\n          <\/ul>\n          <div class=\"vc_row wpb_row vc_row-fluid row_bg_bottom vc_custom_1496737831361\"> <\/div>\n          <div class=\"wpb_column vc_column_container vc_col-sm-12\">\n            <div class=\"vc_column-inner\">\n              <div class=\"wpb_wrapper\"> <\/div>\n            <\/div>\n          <\/div>\n          <div class=\"cms-custom-heading-wrap heading2 text-left vc_custom_heading heading2_uppercase \">\n            <h2 class=\"cmsc-custom-heading vc_custom_heading\">5\u00b0 ANDMETE KOGUMISE N\u00d5USOLEKU KOGUMINE<\/h2>\n          <\/div>\n          <div class=\"wpb_text_column wpb_content_element vc_custom_1621498045904 cms_text_block\">\n            <div class=\"wpb_wrapper \"> <\/div>\n          <\/div>\n          <p><strong>Piston Addict<\/strong> kasutab oma veebisaidi kaudu igat t\u00fc\u00fcpi isikuandmete kogumiseks seadmeid, et saada teie selges\u00f5naline n\u00f5usolek:<\/p>\n          <ul>\n            <li>andmete kogumise aktsepteerimiseks kontaktvormide t\u00e4itmisel,<\/li>\n            <li>k\u00fcpsiste aktsepteerimise eest hoiatusb\u00e4nneri kuvamisel.<\/li>\n          <\/ul>\n          <p><strong>Piston Addict<\/strong> salvestab isikuandmete kogumise n\u00f5usolekute kogud, et teha need lihtsa n\u00f5udmise korral k\u00e4ttesaadavaks CNIL-ile ja mis tahes muule kontrollorganile.<\/p>\n          <div class=\"vc_row wpb_row vc_row-fluid row_bg_bottom vc_custom_1496737831361\"> <\/div>\n          <div class=\"wpb_column vc_column_container vc_col-sm-12\">\n            <div class=\"vc_column-inner\">\n              <div class=\"wpb_wrapper\"> <\/div>\n            <\/div>\n          <\/div>\n          <div class=\"cms-custom-heading-wrap heading2 text-left vc_custom_heading heading2_uppercase \">\n            <h2 class=\"cmsc-custom-heading vc_custom_heading\">6\u00b0 ISIKUANDMETE S\u00c4ILITAMISE KESTUS<\/h2>\n          <\/div>\n          <div class=\"wpb_text_column wpb_content_element vc_custom_1621498045904 cms_text_block\">\n            <div class=\"wpb_wrapper \"> <\/div>\n          <\/div>\n          <p>Teie isikuandmete s\u00e4ilitusaeg s\u00f5ltub nende olemusest ja kogumiseks kasutatud tehnoloogiast:<\/p>\n          <ul>\n            <li>k\u00f5igi k\u00fcpsiste abil kogutud isikuandmete puhul on s\u00e4ilitusperiood maksimaalselt 13 kuud,<\/li>\n            <li>k\u00f5igi vormiga kogutud andmete puhul ei tohi s\u00e4ilitusperiood \u00fcletada 36 kuud.<\/li>\n          <\/ul>\n          <div class=\"vc_row wpb_row vc_row-fluid row_bg_bottom vc_custom_1496737831361\"> <\/div>\n          <div class=\"wpb_column vc_column_container vc_col-sm-12\">\n            <div class=\"vc_column-inner\">\n              <div class=\"wpb_wrapper\"> <\/div>\n            <\/div>\n          <\/div>\n          <div class=\"cms-custom-heading-wrap heading2 text-left vc_custom_heading heading2_uppercase \">\n            <h2 class=\"cmsc-custom-heading vc_custom_heading\">7\u00b0 ISIKUANDMETE EDASTAMINE<\/h2>\n          <\/div>\n          <div class=\"wpb_text_column wpb_content_element vc_custom_1621498045904 cms_text_block\">\n            <div class=\"wpb_wrapper \"> <\/div>\n          <\/div>\n          <p><strong>Piston Addict<\/strong> ei edasta teie isikuandmeid kolmandatesse riikidesse, olenemata sellest, kas need asuvad Euroopa Liidus v\u00f5i v\u00e4ljaspool seda.<\/p>\n          <div class=\"vc_row wpb_row vc_row-fluid row_bg_bottom vc_custom_1496737831361\"> <\/div>\n          <div class=\"wpb_column vc_column_container vc_col-sm-12\">\n            <div class=\"vc_column-inner\">\n              <div class=\"wpb_wrapper\"> <\/div>\n            <\/div>\n          <\/div>\n          <div class=\"cms-custom-heading-wrap heading2 text-left vc_custom_heading heading2_uppercase \">\n            <h2 class=\"cmsc-custom-heading vc_custom_heading\">8\u00b0 VOLITATUD PAKKUJAD<\/h2>\n          <\/div>\n          <div class=\"wpb_text_column wpb_content_element vc_custom_1621498045904 cms_text_block\">\n            <div class=\"wpb_wrapper \"> <\/div>\n          <\/div>\n          <p><strong>Piston Addict<\/strong> kasutab veebisaidil kasutatavate isikuandmete t\u00f6\u00f6tlemise h\u00f5lbustamiseks volitatud teenusepakkujate teenuseid.<\/p>\n          <div class=\"wpb_column vc_column_container vc_col-sm-12\">\n            <div class=\"vc_column-inner\">\n              <div class=\"wpb_wrapper\"> <\/div>\n            <\/div>\n          <\/div>\n          <div class=\"cms-custom-heading-wrap heading2 text-left vc_custom_heading heading2_uppercase \">\n            <h2 class=\"cmsc-custom-heading vc_custom_heading\">9\u00b0 INTERNETIKASUTAJATE \u00d5IGUSTE KASUTAMINE<\/h2>\n          <\/div>\n          <div class=\"wpb_text_column wpb_content_element vc_custom_1621498045904 cms_text_block\">\n            <div class=\"wpb_wrapper \"> <\/div>\n          <\/div>\n          <p>Vastavalt Euroopa Parlamendi poolt 14. aprillil 2016 vastu v\u00f5etud andmekaitse \u00fcldm\u00e4\u00e4rustele ja 6. jaanuaril 1978 muudetud andmekaitseseadusele on teil oma isikuandmetega seotud \u00f5igused.<\/p>\n          <p>Saate neid \u00f5igusi kasutada, v\u00f5ttes otse veebisaidi v\u00e4ljaandjaga \u00fchendust:<\/p>\n          <ul>\n            <li>posti teel: <strong>Piston Addict<\/strong> \u2013 <\/li>\n            <li>telefoni teel: <\/li>\n            <li>meili teel: <\/li>\n          <\/ul>\n          <h3>9.1\u00b0 Andmetele juurdep\u00e4\u00e4su \u00f5igus<\/h3>\n          <p>RGPD m\u00e4\u00e4ratletud \u00f5igusraamistikus saate igal ajal esitada kirjaliku taotluse oma isikuandmete edastamiseks.<\/p>\n          <p>Selleks saab kasutada Commission Nationale de l&#8217;Informatique et des Libert\u00e9s&#8217;i loodud n\u00e4idiskirja: https:\/\/www.cnil.fr\/fr\/modele\/courrier\/exerciser-son-droit-dacces.<\/p>\n          <h3>9.2\u00b0 Andmete parandamise \u00f5igus<\/h3>\n          <p>Isikuandmeid k\u00e4sitlevad \u00f5igusaktid lubavad teil n\u00f5uda enda v\u00f5i surnud l\u00e4hedase isiku mittet\u00e4ieliku, ebat\u00e4pse v\u00f5i aegunud teabe muutmist v\u00f5i parandamist.<\/p>\n          <p>Selleks v\u00f5ite kasutada komisjoni Nationale de l&#8217;Informatique et des Libert\u00e9s&#8217;i koostatud n\u00e4idiskirja: https:\/\/www.cnil.fr\/fr\/modele\/courrier\/rectifier-des-donnees-inexactes-obsoletes-ou &#8211; aegunud.<\/p>\n          <h3>9.3\u00b0 Vastulause esitamise \u00f5igus legitiimsetel p\u00f5hjustel<\/h3>\n          <p>GDPR-iga m\u00e4\u00e4ratletud \u00f5igusraamistikus saate oma isikuandmete t\u00f6\u00f6tlemisele igal ajal vastuv\u00e4iteid esitada j\u00e4rgmistel p\u00f5hjustel:<\/p>\n          <ul>\n            <li>vastuseisu \u00e4riliste geoloogiliste uuringute k\u00e4igus kogutud andmete kasutamisele,<\/li>\n            <li>vastuseisu p\u00f5hjendatud alustel.<\/li>\n          <\/ul>\n          <p>Selleks v\u00f5ite kasutada komisjoni Nationale de l&#8217;Informatique et des Libert\u00e9s&#8217;i koostatud n\u00e4idiskirja: https:\/\/www.cnil.fr\/fr\/modele\/courrier\/sopposing-lutilisation-commerciale-de-ses- koordinaadid .<\/p>\n          <h3>9.4\u00b0 \u00d5igus andmete teisaldatavusele<\/h3>\n          <p>RGPD-ga m\u00e4\u00e4ratletud \u00f5igusraamistikus saate igal ajal taotleda oma isikuandmete taastamist avatud ja masinloetavas vormingus, et salvestada need teisele andmekandjale v\u00f5i edastada need taaskasutamiseks m\u00f5nda teise infos\u00fcsteemi.<\/p>\n          <p>Selleks v\u00f5ite kasutada Nationale de l&#8217;Informatique et des Libert\u00e9s&#8217;i komisjoni pakutud n\u00e4idiskirja: https:\/\/www.cnil.fr\/fr\/modele\/courrier\/exerciser-son-droit-dacces.<\/p>\n          <h3>9.5\u00b0 Andmete kustutamise \u00f5igus<\/h3>\n          <p>Isikuandmeid k\u00e4sitlevad \u00f5igusaktid v\u00f5imaldavad teil taotleda k\u00f5igi oma andmete kustutamist, mis on <strong>Piston Addict<\/strong> veebisaidil salvestatud.<\/p>\n          <p>Selleks v\u00f5ite kasutada Nationale de l&#8217;Informatique et des Libert\u00e9s&#8217;i komisjoni pakutud n\u00e4idiskirja: https:\/\/www.cnil.fr\/fr\/modele\/courrier\/supprimer-des-informations-vous-concernant-dun &#8211; veebisait.<\/p>\n          <h3>9.6\u00b0 Teie taotluste t\u00f6\u00f6tlemine<\/h3>\n          <p><strong>Piston Addict<\/strong> kohustub vastama teie isikuandmetega seotud p\u00e4ringutele m\u00f5istliku aja jooksul, mis ei tohi \u00fcletada 1 kuu p\u00e4rast nende saamist.<\/p>\n          <p><strong>Piston Addict<\/strong> j\u00e4tab endale \u00f5iguse keelduda taotlused, mis on seotud andmetega, mida iseloomustab kas ilmselgelt pahatahtlik kavatsus v\u00f5i korduv ja kuritahtlik iseloom.<\/p>\n          <h3>9.7\u00b0 Isikuandmete eest vastutav isik<\/h3>\n          <p><strong>H\u00e4rra. <\/strong><br>E-post: <br>Telefon: <\/p>\n        \t\t\t\t\t\t<\/div>\n\t\t\t\t<\/div>\n\t\t\t\t\t<\/div>\n\t\t<\/div>\n\t\t\t\t\t<\/div>\n\t\t<\/section>\n\t\t\t\t<\/div>\n\t\t","protected":false},"excerpt":{"rendered":"<p>Privaatsuspoliitika eesm\u00e4rk on n\u00e4idata teile, kuidas Piston Addict kasutab, haldab ja kaitseb isikuandmeid, mille olete ettev\u00f5ttele edastanud selle veebisaidi https:\/\/www.pistonaddict.com kasutamise kontekstis. See privaatsuspoliitika p\u00f5hineb veebisaidi toimetaja kohustustel, mis on m\u00e4\u00e4ratletud isikuandmete kaitse \u00fcldm\u00e4\u00e4rustega (GDPR) k\u00f5igis k\u00fcsimustes, mis on seotud isikuandmete kogumiseks n\u00f5usoleku andmise, isikuandmete kaitse ja turvalisuse ning isikuandmete austamise. teie \u00f5igused andmetele juurdep\u00e4\u00e4su, &#8230; <a title=\"Privaatsuspoliitika\" class=\"read-more\" href=\"https:\/\/pistonaddict.com\/et\/privaatsuspoliitika\/\">Loe edasi<span class=\"screen-reader-text\">Privaatsuspoliitika<\/span><\/a><\/p>\n","protected":false},"author":1,"featured_media":0,"parent":0,"menu_order":0,"comment_status":"closed","ping_status":"closed","template":"","meta":{"inline_featured_image":false,"footnotes":""},"acf":[],"yoast_head":"<!-- This site is optimized with the Yoast SEO plugin v22.5 - https:\/\/yoast.com\/wordpress\/plugins\/seo\/ -->\n<title>Privaatsuspoliitika - Piston Addict<\/title>\n<meta name=\"robots\" content=\"index, follow, max-snippet:-1, max-image-preview:large, max-video-preview:-1\" \/>\n<link rel=\"canonical\" href=\"https:\/\/pistonaddict.com\/et\/privaatsuspoliitika\/\" \/>\n<meta property=\"og:locale\" content=\"et_EE\" \/>\n<meta property=\"og:type\" content=\"article\" \/>\n<meta property=\"og:title\" content=\"Privaatsuspoliitika - Piston Addict\" \/>\n<meta property=\"og:description\" content=\"Privaatsuspoliitika eesm\u00e4rk on n\u00e4idata teile, kuidas Piston Addict kasutab, haldab ja kaitseb isikuandmeid, mille olete ettev\u00f5ttele edastanud selle veebisaidi https:\/\/www.pistonaddict.com kasutamise kontekstis. See privaatsuspoliitika p\u00f5hineb veebisaidi toimetaja kohustustel, mis on m\u00e4\u00e4ratletud isikuandmete kaitse \u00fcldm\u00e4\u00e4rustega (GDPR) k\u00f5igis k\u00fcsimustes, mis on seotud isikuandmete kogumiseks n\u00f5usoleku andmise, isikuandmete kaitse ja turvalisuse ning isikuandmete austamise. teie \u00f5igused andmetele juurdep\u00e4\u00e4su, ... Loe edasiPrivaatsuspoliitika\" \/>\n<meta property=\"og:url\" content=\"https:\/\/pistonaddict.com\/et\/privaatsuspoliitika\/\" \/>\n<meta property=\"og:site_name\" content=\"Piston Addict\" \/>\n<meta property=\"article:modified_time\" content=\"2022-05-04T16:00:03+00:00\" \/>\n<meta name=\"twitter:card\" content=\"summary_large_image\" \/>\n<meta name=\"twitter:label1\" content=\"Est. reading time\" \/>\n\t<meta name=\"twitter:data1\" content=\"5 minutit\" \/>\n<script type=\"application\/ld+json\" class=\"yoast-schema-graph\">{\"@context\":\"https:\/\/schema.org\",\"@graph\":[{\"@type\":\"WebPage\",\"@id\":\"https:\/\/pistonaddict.com\/et\/privaatsuspoliitika\/\",\"url\":\"https:\/\/pistonaddict.com\/et\/privaatsuspoliitika\/\",\"name\":\"Privaatsuspoliitika - Piston Addict\",\"isPartOf\":{\"@id\":\"https:\/\/pistonaddict.com\/et\/#website\"},\"datePublished\":\"2022-04-29T09:19:54+00:00\",\"dateModified\":\"2022-05-04T16:00:03+00:00\",\"breadcrumb\":{\"@id\":\"https:\/\/pistonaddict.com\/et\/privaatsuspoliitika\/#breadcrumb\"},\"inLanguage\":\"et\",\"potentialAction\":[{\"@type\":\"ReadAction\",\"target\":[\"https:\/\/pistonaddict.com\/et\/privaatsuspoliitika\/\"]}]},{\"@type\":\"BreadcrumbList\",\"@id\":\"https:\/\/pistonaddict.com\/et\/privaatsuspoliitika\/#breadcrumb\",\"itemListElement\":[{\"@type\":\"ListItem\",\"position\":1,\"name\":\"Koduleht\",\"item\":\"https:\/\/pistonaddict.com\/et\/koduleht-2\/\"},{\"@type\":\"ListItem\",\"position\":2,\"name\":\"Privaatsuspoliitika\"}]},{\"@type\":\"WebSite\",\"@id\":\"https:\/\/pistonaddict.com\/et\/#website\",\"url\":\"https:\/\/pistonaddict.com\/et\/\",\"name\":\"Piston Addict\",\"description\":\"Only interesting vehicles\",\"publisher\":{\"@id\":\"https:\/\/pistonaddict.com\/et\/#organization\"},\"potentialAction\":[{\"@type\":\"SearchAction\",\"target\":{\"@type\":\"EntryPoint\",\"urlTemplate\":\"https:\/\/pistonaddict.com\/et\/?s={search_term_string}\"},\"query-input\":\"required name=search_term_string\"}],\"inLanguage\":\"et\"},{\"@type\":\"Organization\",\"@id\":\"https:\/\/pistonaddict.com\/et\/#organization\",\"name\":\"Piston Addict\",\"url\":\"https:\/\/pistonaddict.com\/et\/\",\"logo\":{\"@type\":\"ImageObject\",\"inLanguage\":\"et\",\"@id\":\"https:\/\/pistonaddict.com\/et\/#\/schema\/logo\/image\/\",\"url\":\"https:\/\/pistonaddict.com\/wp-content\/uploads\/2022\/07\/logo-6.png\",\"contentUrl\":\"https:\/\/pistonaddict.com\/wp-content\/uploads\/2022\/07\/logo-6.png\",\"width\":970,\"height\":200,\"caption\":\"Piston Addict\"},\"image\":{\"@id\":\"https:\/\/pistonaddict.com\/et\/#\/schema\/logo\/image\/\"}}]}<\/script>\n<!-- \/ Yoast SEO plugin. -->","yoast_head_json":{"title":"Privaatsuspoliitika - Piston Addict","robots":{"index":"index","follow":"follow","max-snippet":"max-snippet:-1","max-image-preview":"max-image-preview:large","max-video-preview":"max-video-preview:-1"},"canonical":"https:\/\/pistonaddict.com\/et\/privaatsuspoliitika\/","og_locale":"et_EE","og_type":"article","og_title":"Privaatsuspoliitika - Piston Addict","og_description":"Privaatsuspoliitika eesm\u00e4rk on n\u00e4idata teile, kuidas Piston Addict kasutab, haldab ja kaitseb isikuandmeid, mille olete ettev\u00f5ttele edastanud selle veebisaidi https:\/\/www.pistonaddict.com kasutamise kontekstis. See privaatsuspoliitika p\u00f5hineb veebisaidi toimetaja kohustustel, mis on m\u00e4\u00e4ratletud isikuandmete kaitse \u00fcldm\u00e4\u00e4rustega (GDPR) k\u00f5igis k\u00fcsimustes, mis on seotud isikuandmete kogumiseks n\u00f5usoleku andmise, isikuandmete kaitse ja turvalisuse ning isikuandmete austamise. teie \u00f5igused andmetele juurdep\u00e4\u00e4su, ... Loe edasiPrivaatsuspoliitika","og_url":"https:\/\/pistonaddict.com\/et\/privaatsuspoliitika\/","og_site_name":"Piston Addict","article_modified_time":"2022-05-04T16:00:03+00:00","twitter_card":"summary_large_image","twitter_misc":{"Est. reading time":"5 minutit"},"schema":{"@context":"https:\/\/schema.org","@graph":[{"@type":"WebPage","@id":"https:\/\/pistonaddict.com\/et\/privaatsuspoliitika\/","url":"https:\/\/pistonaddict.com\/et\/privaatsuspoliitika\/","name":"Privaatsuspoliitika - Piston Addict","isPartOf":{"@id":"https:\/\/pistonaddict.com\/et\/#website"},"datePublished":"2022-04-29T09:19:54+00:00","dateModified":"2022-05-04T16:00:03+00:00","breadcrumb":{"@id":"https:\/\/pistonaddict.com\/et\/privaatsuspoliitika\/#breadcrumb"},"inLanguage":"et","potentialAction":[{"@type":"ReadAction","target":["https:\/\/pistonaddict.com\/et\/privaatsuspoliitika\/"]}]},{"@type":"BreadcrumbList","@id":"https:\/\/pistonaddict.com\/et\/privaatsuspoliitika\/#breadcrumb","itemListElement":[{"@type":"ListItem","position":1,"name":"Koduleht","item":"https:\/\/pistonaddict.com\/et\/koduleht-2\/"},{"@type":"ListItem","position":2,"name":"Privaatsuspoliitika"}]},{"@type":"WebSite","@id":"https:\/\/pistonaddict.com\/et\/#website","url":"https:\/\/pistonaddict.com\/et\/","name":"Piston Addict","description":"Only interesting vehicles","publisher":{"@id":"https:\/\/pistonaddict.com\/et\/#organization"},"potentialAction":[{"@type":"SearchAction","target":{"@type":"EntryPoint","urlTemplate":"https:\/\/pistonaddict.com\/et\/?s={search_term_string}"},"query-input":"required name=search_term_string"}],"inLanguage":"et"},{"@type":"Organization","@id":"https:\/\/pistonaddict.com\/et\/#organization","name":"Piston Addict","url":"https:\/\/pistonaddict.com\/et\/","logo":{"@type":"ImageObject","inLanguage":"et","@id":"https:\/\/pistonaddict.com\/et\/#\/schema\/logo\/image\/","url":"https:\/\/pistonaddict.com\/wp-content\/uploads\/2022\/07\/logo-6.png","contentUrl":"https:\/\/pistonaddict.com\/wp-content\/uploads\/2022\/07\/logo-6.png","width":970,"height":200,"caption":"Piston Addict"},"image":{"@id":"https:\/\/pistonaddict.com\/et\/#\/schema\/logo\/image\/"}}]}},"_links":{"self":[{"href":"https:\/\/pistonaddict.com\/et\/wp-json\/wp\/v2\/pages\/3113"}],"collection":[{"href":"https:\/\/pistonaddict.com\/et\/wp-json\/wp\/v2\/pages"}],"about":[{"href":"https:\/\/pistonaddict.com\/et\/wp-json\/wp\/v2\/types\/page"}],"author":[{"embeddable":true,"href":"https:\/\/pistonaddict.com\/et\/wp-json\/wp\/v2\/users\/1"}],"replies":[{"embeddable":true,"href":"https:\/\/pistonaddict.com\/et\/wp-json\/wp\/v2\/comments?post=3113"}],"version-history":[{"count":2,"href":"https:\/\/pistonaddict.com\/et\/wp-json\/wp\/v2\/pages\/3113\/revisions"}],"predecessor-version":[{"id":4159,"href":"https:\/\/pistonaddict.com\/et\/wp-json\/wp\/v2\/pages\/3113\/revisions\/4159"}],"wp:attachment":[{"href":"https:\/\/pistonaddict.com\/et\/wp-json\/wp\/v2\/media?parent=3113"}],"curies":[{"name":"wp","href":"https:\/\/api.w.org\/{rel}","templated":true}]}}