{"id":2887,"date":"2022-04-29T11:18:33","date_gmt":"2022-04-29T09:18:33","guid":{"rendered":"https:\/\/pistonaddict.com\/oiguslik-teade\/"},"modified":"2024-10-26T08:16:54","modified_gmt":"2024-10-26T06:16:54","slug":"oiguslik-teade","status":"publish","type":"page","link":"https:\/\/pistonaddict.com\/et\/oiguslik-teade\/","title":{"rendered":"\u00d5igusteave"},"content":{"rendered":"\t\t<div data-elementor-type=\"wp-page\" data-elementor-id=\"2887\" class=\"elementor elementor-2887 elementor-2848\">\n\t\t\t\t\t\t<section class=\"elementor-section elementor-top-section elementor-element elementor-element-4eb0e23 elementor-section-boxed elementor-section-height-default elementor-section-height-default\" data-id=\"4eb0e23\" data-element_type=\"section\">\n\t\t\t\t\t\t<div class=\"elementor-container elementor-column-gap-default\">\n\t\t\t\t\t<div class=\"elementor-column elementor-col-100 elementor-top-column elementor-element elementor-element-229cbe5\" data-id=\"229cbe5\" data-element_type=\"column\">\n\t\t\t<div class=\"elementor-widget-wrap elementor-element-populated\">\n\t\t\t\t\t\t<div class=\"elementor-element elementor-element-2af4966 elementor-widget elementor-widget-text-editor\" data-id=\"2af4966\" data-element_type=\"widget\" data-widget_type=\"text-editor.default\">\n\t\t\t\t<div class=\"elementor-widget-container\">\n\t\t\t<style>\/*! elementor - v3.21.0 - 18-04-2024 *\/\n.elementor-widget-text-editor.elementor-drop-cap-view-stacked .elementor-drop-cap{background-color:#69727d;color:#fff}.elementor-widget-text-editor.elementor-drop-cap-view-framed .elementor-drop-cap{color:#69727d;border:3px solid;background-color:transparent}.elementor-widget-text-editor:not(.elementor-drop-cap-view-default) .elementor-drop-cap{margin-top:8px}.elementor-widget-text-editor:not(.elementor-drop-cap-view-default) .elementor-drop-cap-letter{width:1em;height:1em}.elementor-widget-text-editor .elementor-drop-cap{float:left;text-align:center;line-height:1;font-size:50px}.elementor-widget-text-editor .elementor-drop-cap-letter{display:inline-block}<\/style>\t\t\t\t<h2><strong>VEEBISAIDI ESITLUS<\/strong><\/h2>\n<p>Vastavalt 21. juuni 2004. aasta seaduse nr 2004-575 (usalduse kohta digitaalmajanduses) artiklile 6 ja <strong>isikuandmete kaitse<\/strong> <strong>\u00fcldm\u00e4\u00e4ruse<\/strong> [m\u00e4\u00e4rus (EL) 2016\/679] kohaldamisel on veebilehe kasutajatele t\u00e4psustatud: https:\/\/www.pistonaddict.com, erinevate sidusr\u00fchmade identiteet selle teostamise ja j\u00e4lgimise kontekstis.<\/p>\n<ul>\n<li><strong>Omanik:<\/strong> <strong>Piston Addict SA<\/strong><\/li>\n<li>SA aktsiakapitaliga 400 000 CHF<\/li>\n<li>IDE number: CHE-354.351.695<\/li>\n<li>K\u00e4ibemaksunumber: CHE-354.351.695TVA ja EU528667635 (mitte EL OSS number).<\/li>\n<li>B\u00fcroo : Rue Alexandre Gavard 16, 1227 Carouge,&nbsp; \u0160veits<\/li>\n<li>Telefon: 00 41 22 342 03 55<\/li>\n<\/ul>\n<ul>\n<li><strong>Looja\/Webmaster: KUBIWEB<\/strong><\/li>\n<li>SAS aktsiakapitaliga 21 320 \u20ac<\/li>\n<li>SIRET number: 53018964600025<\/li>\n<li>Peakorter: 46-48 Chemin de la Bruy\u00e8re &#8211; 69570 DARDILLY<\/li>\n<\/ul>\n<ul>\n<li><strong>Peremees: HOSTINGER<\/strong><\/li>\n<li>Peakorter: HOSTINGER INTERNATIONAL LTD, 61 Lordou Vironos Street, 6023 Larnaca, K\u00fcpros.<\/li>\n<li>Kontakt: <a href=\"https:\/\/www.hostinger.fr\/contact\" target=\"_blank\" rel=\"noopener\">https:\/\/www.hostinger.fr\/contact<\/a><\/li>\n<\/ul>\n\n<ul>\n<li>E-post : <a href=\"https:\/\/pistonaddict.com\/et\/vota-meiega-uhendust\/\">Kontaktivorm<\/a><\/li>\n<\/ul>\n<p>Piston Addict tegutseb kogu maailmas, keskendudes peamiselt Euroopale, v\u00e4lja arvatud \u00dchendkuningriigile ja Iirimaale.&nbsp;<\/p>\n<p><\/p>\n<h2><strong>VEEBILEHE JA PAKUTAVATE TEENUSTE KASUTAMISE \u00dcLDTINGIMUSED<\/strong><\/h2>\n<p>Veebisaidi https:\/\/www.pistonaddict.com kasutamine t\u00e4hendab t\u00e4ielikku n\u00f5usolekut allpool kirjeldatud \u00fcldiste kasutustingimustega. Neid kasutustingimusi v\u00f5ib igal ajal muuta v\u00f5i t\u00e4iendada, mist\u00f5ttu palutakse veebilehe https:\/\/www.pistonaddict.com kasutajatel nendega regulaarselt tutvuda.<\/p>\n<p>See sait on kasutajatele tavaliselt igal ajal k\u00e4ttesaadav. Tehnilise hoolduse t\u00f5ttu toimuva katkestuse v\u00f5ib siiski otsustada <strong>Piston Addict<\/strong>, kes p\u00fc\u00fcab siis kasutajatele enne sekkumise kuup\u00e4evi ja kellaaegu teatada.<\/p>\n<p>Saiti https:\/\/www.pistonaddict.com uuendab regulaarselt <strong>Piston Addict<\/strong>. Samamoodi v\u00f5ib \u00f5iguslikke teateid igal ajal muuta: need on siiski kasutajale kohustuslikuks, keda kutsutakse \u00fcles nendega tutvumiseks v\u00f5imalikult sageli tutvuma.<\/p>\n<h2>&nbsp;<\/h2>\n<h2><strong>OSUTATAVATE TEENUSTE KIRJELDUS<\/strong><\/h2>\n<p>Veebisaidi https:\/\/www.pistonaddict.com eesm\u00e4rk on anda teavet kogu ettev\u00f5tte tegevuse kohta. <strong>Piston Addict<\/strong> p\u00fc\u00fcab anda veebilehel https:\/\/www.pistonaddict.com v\u00f5imalikult t\u00e4pset teavet.<\/p>\n<p>Siiski ei saa ta vastutada ajakohastuses esinevate puuduste, ebat\u00e4psuste ja puuduste eest, mis on tehtud kas tema enda v\u00f5i teda varustavate kolmandate osapoolte poolt, kes seda teavet edastavad.<\/p>\n<p>Kogu teave, mis on esitatud veebilehel https:\/\/www.pistonaddict.com, on esitatud soovituslikuna ja t\u00f5en\u00e4oliselt areneb. Lisaks ei ole veebilehel https:\/\/www.pistonaddict.com esitatud teave ammendav. Need on esitatud tingimusel, et p\u00e4rast nende internetti \u00fclespanekut on tehtud muudatusi.<\/p>\n<h2>&nbsp;<\/h2>\n<h2><strong>TEHNILISTE ANDMETE LEPINGULISED PIIRANGUD<\/strong><\/h2>\n<p>Sait kasutab JavaScript-tehnoloogiat.<\/p>\n<p>Veebileht ei vastuta veebilehe kasutamisega seotud materiaalse kahju eest. Lisaks n\u00f5ustub veebilehe kasutaja kasutama veebilehte uuemaid seadmeid, mis ei sisalda viiruseid ja millel on uuendatud viimase p\u00f5lvkonna veebilehitseja.<\/p>\n<h2>&nbsp;<\/h2>\n<h2><strong>INTELLEKTUAALOMAND JA RIKKUMISED<\/strong><\/h2>\n<p><strong>Piston Addict<\/strong> on intellektuaalomandi \u00f5iguste omanik v\u00f5i omab kasutus\u00f5igust k\u00f5igile veebilehel k\u00e4ttesaadavatele elementidele, eelk\u00f5ige tekstidele, piltidele, graafikale, logole, ikoonidele, helidele ja tarkvarale.<\/p>\n<p>Veebisaidi k\u00f5igi v\u00f5i osade elementide reprodutseerimine, esitamine, muutmine, avaldamine, kohandamine, olenemata kasutatud vahenditest v\u00f5i protsessist, on keelatud, v\u00e4lja arvatud juhul, kui selleks on saadud eelnev kirjalik luba <strong>Piston Addict<\/strong>&#8216;ilt.<\/p>\n<p>Veebisaidi v\u00f5i selle mis tahes elementide loata kasutamine loetakse rikkumiseks ja selle eest v\u00f5etakse vastutusele vastavalt intellektuaalomandi seadustiku artiklitele L.335-2 ja j\u00e4rgnevatele s\u00e4tetele.<\/p>\n<h2>&nbsp;<\/h2>\n<h2><strong>VASTUTUSE PIIRANGUD<\/strong><\/h2>\n<p><strong>Piston Addict<\/strong> ei vastuta otseste v\u00f5i kaudsete kahjude eest, mis on p\u00f5hjustatud kasutaja seadmetele, kui ta kasutab veebilehte https:\/\/www.pistonaddict.com, ja mis tulenevad kas punktis 4 osutatud spetsifikatsioonidele mittevastavate seadmete kasutamisest, vigu v\u00f5i \u00fchildamatust.<\/p>\n<p><strong>Piston Addict<\/strong> ei vastuta ka veebilehe https:\/\/www.pistonaddict.com kasutamisest tulenevate kaudsete kahjude eest (n\u00e4iteks turu v\u00f5i v\u00f5imaluste kaotamine). Kasutajatele on k\u00e4ttesaadavad interaktiivsed ruumid (v\u00f5imalus esitada k\u00fcsimusi kontaktiv\u00e4ljas).<\/p>\n<p><strong>Piston Addict<\/strong> j\u00e4tab endale \u00f5iguse kustutada ilma ette teatamata igasugune sellesse ruumi postitatud sisu, mis on vastuolus Prantsusmaal kehtivate \u00f5igusaktidega, eelk\u00f5ige andmekaitsega seotud s\u00e4tetega.<\/p>\n<p>Vajaduse korral j\u00e4tab <strong>Piston Addict<\/strong> endale ka \u00f5iguse seada kasutaja tsiviil- ja\/v\u00f5i kriminaalvastutusele, eelk\u00f5ige rassistliku, solvava, laimava v\u00f5i pornograafilise s\u00f5numi korral, olenemata kasutatavast meediumist (tekst, foto jne).<\/p>\n<h2>&nbsp;<\/h2>\n<h2><strong>ISIKUANDMETE HALDAMINE<\/strong><\/h2>\n<p>Prantsusmaal kaitstakse isikuandmeid eelk\u00f5ige 6. jaanuari 1978. aasta seadusega nr 78-87, 6. augusti 2004. aasta seadusega nr 2004-801, karistusseadustiku artikliga L. 226-13 ja 24. oktoobri 1995. aasta Euroopa direktiiviga ning Euroopa Parlamendi ja n\u00f5ukogu 27. aprilli 2016. aasta m\u00e4\u00e4rusega (EL) 2016\/679.<\/p>\n<p>Veebisaidi https:\/\/www.pistonaddict.com kasutamisel v\u00f5idakse koguda j\u00e4rgmisi andmeid: nende linkide URL, mille kaudu kasutaja sisenes veebilehele https:\/\/www.pistonaddict.com , kasutaja Interneti-teenuse pakkuja, kasutaja IP-aadress.<\/p>\n<p>Igal juhul kogub <strong>Piston Addict<\/strong> ainult kasutaja isiklikke andmeid, mis on seotud veebilehe https:\/\/www.pistonaddict.com poolt pakutavate teatud teenuste vajadusega.<\/p>\n<p>Kasutaja esitab selle teabe, olles t\u00e4ielikult teadlik faktidest, eelk\u00f5ige siis, kui ta sisestab selle ise. Seej\u00e4rel t\u00e4psustatakse veebilehe https:\/\/www.pistonaddict.com kasutajale, kas ta on kohustatud seda teavet esitama v\u00f5i mitte. Vastavalt 6. jaanuari 1978. aasta seaduse 78-17 artiklite 38 ja j\u00e4rgnevate artiklite s\u00e4tetele, mis k\u00e4sitlevad andmet\u00f6\u00f6tlust, toimikuid ja vabadusi, ning andmekaitse \u00fcldm\u00e4\u00e4ruste 3. peat\u00fcki s\u00e4tetele on k\u00f5igil kasutajatel \u00f5igus tutvuda teda puudutavate isikuandmetega, neid parandada ja esitada vastuv\u00e4iteid, esitades selleks kirjaliku ja allkirjastatud taotluse, millele on lisatud dokumendi omaniku allkirjaga isikut t\u00f5endava dokumendi koopia, milles on m\u00e4rgitud aadress, kuhu vastus tuleb saata.<\/p>\n<p>Veebisaidi https:\/\/www.pistonaddict.com kasutaja isikuandmeid ei avaldata kasutaja teadmata, ei vahetata, edastata, loovutata ega m\u00fc\u00fcda kolmandatele isikutele.<\/p>\n<p>Ainult <strong>Piston Addict<\/strong> &#8216;i lunastamise ja selle \u00f5iguste \u00fclev\u00f5tmine v\u00f5imaldaks selliste andmete edastamist potentsiaalsele ostjale, kes omakorda oleks seotud sama kohustusega s\u00e4ilitada ja muuta andmeid saidi kasutaja kohta. https:\/\/www.pistonaddict.com.<\/p>\n<p>Veebisait ei ole CNILile deklareeritud, sest see ei kogu isikuandmeid ilma asjaomaste isikute n\u00f5usolekuta. Andmebaasid on kaitstud 1. juuli 1998. aasta seadusega, millega v\u00f5etakse \u00fcle 11. m\u00e4rtsi 1996. aasta direktiiv 96\/9\/E\u00dc andmebaaside \u00f5iguskaitse kohta.<\/p>\n<p><span lang=\"en\">Oma \u00f5iguste kasutamiseks oma isikuandmete suhtes v\u00f5i neid puudutavate k\u00fcsimuste korral v\u00f5ite v\u00f5tta \u00fchendust meie andmekaitseametnikuga j\u00e4rgmisel aadressil: dpo@pistonaddict.com.<\/span><\/p>\n<h2>&nbsp;<\/h2>\n<h2><strong>H\u00dcPERTEKSTILINKID JA K\u00dcPSISED<\/strong><\/h2>\n<p>Veebisait https:\/\/www.pistonaddict.com sisaldab teatud arvu h\u00fcpertekstilinde teistele saitidele, mis on loodud <strong>Piston Addict<\/strong>&#8216;i loal. <strong>Piston Addictil<\/strong> ei ole siiski v\u00f5imalik kontrollida sel viisil k\u00fclastatud veebilehtede sisu ja seet\u00f5ttu ei v\u00f5ta ta selle eest mingit vastutust.<\/p>\n<p>Veebisaidi https:\/\/www.pistonaddict.com sirvimine p\u00f5hjustab t\u00f5en\u00e4oliselt k\u00fcpsiste paigaldamist kasutaja arvutisse. K\u00fcpsis on v\u00e4ike fail, mis ei v\u00f5imalda kasutajat tuvastada, kuid mis salvestab teavet, mis on seotud arvuti navigeerimisega veebilehel.<\/p>\n<p>Sel viisil saadud andmed on m\u00f5eldud selleks, et h\u00f5lbustada hilisemat navigeerimist saidil ja v\u00f5imaldada ka erinevaid k\u00fclastatavuse m\u00f5\u00f5tmisi.<\/p>\n<p>K\u00fcpsise paigaldamisest keeldumine v\u00f5ib muuta teatud teenustele juurdep\u00e4\u00e4su v\u00f5imatuks. Kuid kasutaja v\u00f5ib oma arvuti seadistada k\u00fcpsiste paigaldamisest keeldumiseks j\u00e4rgmiselt:<\/p>\n<ul>\n<li>Internet Exploreri all: t\u00f6\u00f6riistade vahekaart (piktogramm hammasratta kujul \u00fcleval paremal) \/ Interneti-valikud. Kl\u00f5psake nupule Privaatsus ja valige k\u00f5ik k\u00fcpsised blokeerida. Kinnita Ok.<\/li>\n<li>Firefoxi all: kl\u00f5psake brauseri akna \u00fclaosas Firefoxi nupule, seej\u00e4rel minge vahekaardile Options (Valikud). Kl\u00f5psake vahekaardil Privaatsus. Seadistage s\u00e4ilitamisreegliteks: kasutage ajaloo jaoks kohandatud seadeid. L\u00f5puks eemaldage m\u00e4rkeruut, et keelata k\u00fcpsised.<\/li>\n<li>Safari all: Kl\u00f5psake brauseri paremas \u00fclaosas men\u00fc\u00fc ikoonil (mida s\u00fcmboliseerib hammasratas). Valige Seaded. Kl\u00f5psake nuppu N\u00e4ita t\u00e4iustatud seadeid. Jaotises &#8220;Privaatsus&#8221; kl\u00f5psake nupule Sisu seaded. Jaotises &#8220;K\u00fcpsised&#8221; saate k\u00fcpsised blokeerida.<\/li>\n<li>Chrome&#8217;is: Kl\u00f5psake brauseri paremas \u00fclaosas men\u00fc\u00fc ikoonil (mida s\u00fcmboliseerivad kolm horisontaalset joont). Valige Seaded. Kl\u00f5psake nuppu N\u00e4ita t\u00e4iustatud seadeid. Kl\u00f5psake jaotises &#8220;Privaatsus&#8221; nupule &#8220;Eelistused&#8221;. Vahekaardil &#8220;Privaatsus&#8221; saate k\u00fcpsised blokeerida.<\/li>\n<\/ul>\n<h2>&nbsp;<\/h2>\n<h2><strong>KOHALDATAV \u00d5IGUS JA KOHTUALLUVUSE M\u00c4\u00c4RAMINE<\/strong><\/h2>\n<p>Veebisaidi https:\/\/www.pistonaddict.com kasutamisega seotud vaidluste suhtes kohaldatakse \u0160veitsi \u00f5igust. Ainup\u00e4devus on antud Genfi p\u00e4devatele kohtutele.<\/p>\n<h2>&nbsp;<\/h2>\n<h2><strong>PEAMISED ASJAOMASED \u00d5IGUSAKTID<\/strong><\/h2>\n<p>6. jaanuari 1978. aasta seadus nr 78-87, mida on eelk\u00f5ige muudetud 6. augusti 2004. aasta seadusega nr 2004-801 andmet\u00f6\u00f6tluse, failide ja vabaduste kohta. 21. juuni 2004. aasta seadus nr 2004-575 usalduse kohta digitaalmajanduses. Andmekaitse \u00fcldm\u00e4\u00e4ruse 3. peat\u00fcki 2., 3., 4. ja 5. jagu.<\/p>\n<h2>&nbsp;<\/h2>\n<h2><strong>LEXICON<\/strong><\/h2>\n<p>Kasutaja: Internetikasutaja, kes \u00fchendub, kasutades eespool nimetatud saiti.<\/p>\n<p>Isiklik teave: &#8220;teave, mis v\u00f5imaldab mis tahes kujul, otseselt v\u00f5i kaudselt tuvastada f\u00fc\u00fcsilisi isikuid, kelle suhtes see kehtib&#8221; (6. jaanuari 1978. aasta seaduse nr 78-17 artikkel 4).<\/p>\n<h2>&nbsp;<\/h2>\n<h2>COPYRIGHT<\/h2>\n<p><a title=\"peamised ikoonid\" href=\"https:\/\/www.flaticon.com\/free-icons\/key\">Good Ware loodud peamised ikoonid &#8211; Flaticon<br><\/a><\/p>\n<p><strong>Piston Addict<\/strong> on registreeritud kaubam\u00e4rk, k\u00f5ik \u00f5igused kaitstud.<\/p>\t\t\t\t\t\t<\/div>\n\t\t\t\t<\/div>\n\t\t\t\t\t<\/div>\n\t\t<\/div>\n\t\t\t\t\t<\/div>\n\t\t<\/section>\n\t\t\t\t<\/div>\n\t\t","protected":false},"excerpt":{"rendered":"<p>VEEBISAIDI ESITLUS Vastavalt 21. juuni 2004. aasta seaduse nr 2004-575 (usalduse kohta digitaalmajanduses) artiklile 6 ja isikuandmete kaitse \u00fcldm\u00e4\u00e4ruse [m\u00e4\u00e4rus (EL) 2016\/679] kohaldamisel on veebilehe kasutajatele t\u00e4psustatud: https:\/\/www.pistonaddict.com, erinevate sidusr\u00fchmade identiteet selle teostamise ja j\u00e4lgimise kontekstis. Omanik: Piston Addict SA SA aktsiakapitaliga 400 000 CHF IDE number: CHE-354.351.695 K\u00e4ibemaksunumber: CHE-354.351.695TVA ja EU528667635 (mitte EL OSS &#8230; <a title=\"\u00d5igusteave\" class=\"read-more\" href=\"https:\/\/pistonaddict.com\/et\/oiguslik-teade\/\">Loe edasi<span class=\"screen-reader-text\">\u00d5igusteave<\/span><\/a><\/p>\n","protected":false},"author":1,"featured_media":0,"parent":0,"menu_order":0,"comment_status":"closed","ping_status":"closed","template":"","meta":{"inline_featured_image":false,"footnotes":""},"acf":[],"yoast_head":"<!-- This site is optimized with the Yoast SEO plugin v22.5 - https:\/\/yoast.com\/wordpress\/plugins\/seo\/ -->\n<title>\u00d5igusteave - Piston Addict<\/title>\n<meta name=\"robots\" content=\"index, follow, max-snippet:-1, max-image-preview:large, max-video-preview:-1\" \/>\n<link rel=\"canonical\" href=\"https:\/\/pistonaddict.com\/et\/oiguslik-teade\/\" \/>\n<meta property=\"og:locale\" content=\"et_EE\" \/>\n<meta property=\"og:type\" content=\"article\" \/>\n<meta property=\"og:title\" content=\"\u00d5igusteave - Piston Addict\" \/>\n<meta property=\"og:description\" content=\"VEEBISAIDI ESITLUS Vastavalt 21. juuni 2004. aasta seaduse nr 2004-575 (usalduse kohta digitaalmajanduses) artiklile 6 ja isikuandmete kaitse \u00fcldm\u00e4\u00e4ruse [m\u00e4\u00e4rus (EL) 2016\/679] kohaldamisel on veebilehe kasutajatele t\u00e4psustatud: https:\/\/www.pistonaddict.com, erinevate sidusr\u00fchmade identiteet selle teostamise ja j\u00e4lgimise kontekstis. Omanik: Piston Addict SA SA aktsiakapitaliga 400 000 CHF IDE number: CHE-354.351.695 K\u00e4ibemaksunumber: CHE-354.351.695TVA ja EU528667635 (mitte EL OSS ... Loe edasi\u00d5igusteave\" \/>\n<meta property=\"og:url\" content=\"https:\/\/pistonaddict.com\/et\/oiguslik-teade\/\" \/>\n<meta property=\"og:site_name\" content=\"Piston Addict\" \/>\n<meta property=\"article:modified_time\" content=\"2024-10-26T06:16:54+00:00\" \/>\n<meta name=\"twitter:card\" content=\"summary_large_image\" \/>\n<meta name=\"twitter:label1\" content=\"Est. reading time\" \/>\n\t<meta name=\"twitter:data1\" content=\"7 minutit\" \/>\n<script type=\"application\/ld+json\" class=\"yoast-schema-graph\">{\"@context\":\"https:\/\/schema.org\",\"@graph\":[{\"@type\":\"WebPage\",\"@id\":\"https:\/\/pistonaddict.com\/et\/oiguslik-teade\/\",\"url\":\"https:\/\/pistonaddict.com\/et\/oiguslik-teade\/\",\"name\":\"\u00d5igusteave - Piston Addict\",\"isPartOf\":{\"@id\":\"https:\/\/pistonaddict.com\/et\/#website\"},\"datePublished\":\"2022-04-29T09:18:33+00:00\",\"dateModified\":\"2024-10-26T06:16:54+00:00\",\"breadcrumb\":{\"@id\":\"https:\/\/pistonaddict.com\/et\/oiguslik-teade\/#breadcrumb\"},\"inLanguage\":\"et\",\"potentialAction\":[{\"@type\":\"ReadAction\",\"target\":[\"https:\/\/pistonaddict.com\/et\/oiguslik-teade\/\"]}]},{\"@type\":\"BreadcrumbList\",\"@id\":\"https:\/\/pistonaddict.com\/et\/oiguslik-teade\/#breadcrumb\",\"itemListElement\":[{\"@type\":\"ListItem\",\"position\":1,\"name\":\"Koduleht\",\"item\":\"https:\/\/pistonaddict.com\/et\/koduleht-2\/\"},{\"@type\":\"ListItem\",\"position\":2,\"name\":\"\u00d5igusteave\"}]},{\"@type\":\"WebSite\",\"@id\":\"https:\/\/pistonaddict.com\/et\/#website\",\"url\":\"https:\/\/pistonaddict.com\/et\/\",\"name\":\"Piston Addict\",\"description\":\"Only interesting vehicles\",\"publisher\":{\"@id\":\"https:\/\/pistonaddict.com\/et\/#organization\"},\"potentialAction\":[{\"@type\":\"SearchAction\",\"target\":{\"@type\":\"EntryPoint\",\"urlTemplate\":\"https:\/\/pistonaddict.com\/et\/?s={search_term_string}\"},\"query-input\":\"required name=search_term_string\"}],\"inLanguage\":\"et\"},{\"@type\":\"Organization\",\"@id\":\"https:\/\/pistonaddict.com\/et\/#organization\",\"name\":\"Piston Addict\",\"url\":\"https:\/\/pistonaddict.com\/et\/\",\"logo\":{\"@type\":\"ImageObject\",\"inLanguage\":\"et\",\"@id\":\"https:\/\/pistonaddict.com\/et\/#\/schema\/logo\/image\/\",\"url\":\"https:\/\/pistonaddict.com\/wp-content\/uploads\/2022\/07\/logo-6.png\",\"contentUrl\":\"https:\/\/pistonaddict.com\/wp-content\/uploads\/2022\/07\/logo-6.png\",\"width\":970,\"height\":200,\"caption\":\"Piston Addict\"},\"image\":{\"@id\":\"https:\/\/pistonaddict.com\/et\/#\/schema\/logo\/image\/\"}}]}<\/script>\n<!-- \/ Yoast SEO plugin. -->","yoast_head_json":{"title":"\u00d5igusteave - Piston Addict","robots":{"index":"index","follow":"follow","max-snippet":"max-snippet:-1","max-image-preview":"max-image-preview:large","max-video-preview":"max-video-preview:-1"},"canonical":"https:\/\/pistonaddict.com\/et\/oiguslik-teade\/","og_locale":"et_EE","og_type":"article","og_title":"\u00d5igusteave - Piston Addict","og_description":"VEEBISAIDI ESITLUS Vastavalt 21. juuni 2004. aasta seaduse nr 2004-575 (usalduse kohta digitaalmajanduses) artiklile 6 ja isikuandmete kaitse \u00fcldm\u00e4\u00e4ruse [m\u00e4\u00e4rus (EL) 2016\/679] kohaldamisel on veebilehe kasutajatele t\u00e4psustatud: https:\/\/www.pistonaddict.com, erinevate sidusr\u00fchmade identiteet selle teostamise ja j\u00e4lgimise kontekstis. Omanik: Piston Addict SA SA aktsiakapitaliga 400 000 CHF IDE number: CHE-354.351.695 K\u00e4ibemaksunumber: CHE-354.351.695TVA ja EU528667635 (mitte EL OSS ... Loe edasi\u00d5igusteave","og_url":"https:\/\/pistonaddict.com\/et\/oiguslik-teade\/","og_site_name":"Piston Addict","article_modified_time":"2024-10-26T06:16:54+00:00","twitter_card":"summary_large_image","twitter_misc":{"Est. reading time":"7 minutit"},"schema":{"@context":"https:\/\/schema.org","@graph":[{"@type":"WebPage","@id":"https:\/\/pistonaddict.com\/et\/oiguslik-teade\/","url":"https:\/\/pistonaddict.com\/et\/oiguslik-teade\/","name":"\u00d5igusteave - Piston Addict","isPartOf":{"@id":"https:\/\/pistonaddict.com\/et\/#website"},"datePublished":"2022-04-29T09:18:33+00:00","dateModified":"2024-10-26T06:16:54+00:00","breadcrumb":{"@id":"https:\/\/pistonaddict.com\/et\/oiguslik-teade\/#breadcrumb"},"inLanguage":"et","potentialAction":[{"@type":"ReadAction","target":["https:\/\/pistonaddict.com\/et\/oiguslik-teade\/"]}]},{"@type":"BreadcrumbList","@id":"https:\/\/pistonaddict.com\/et\/oiguslik-teade\/#breadcrumb","itemListElement":[{"@type":"ListItem","position":1,"name":"Koduleht","item":"https:\/\/pistonaddict.com\/et\/koduleht-2\/"},{"@type":"ListItem","position":2,"name":"\u00d5igusteave"}]},{"@type":"WebSite","@id":"https:\/\/pistonaddict.com\/et\/#website","url":"https:\/\/pistonaddict.com\/et\/","name":"Piston Addict","description":"Only interesting vehicles","publisher":{"@id":"https:\/\/pistonaddict.com\/et\/#organization"},"potentialAction":[{"@type":"SearchAction","target":{"@type":"EntryPoint","urlTemplate":"https:\/\/pistonaddict.com\/et\/?s={search_term_string}"},"query-input":"required name=search_term_string"}],"inLanguage":"et"},{"@type":"Organization","@id":"https:\/\/pistonaddict.com\/et\/#organization","name":"Piston Addict","url":"https:\/\/pistonaddict.com\/et\/","logo":{"@type":"ImageObject","inLanguage":"et","@id":"https:\/\/pistonaddict.com\/et\/#\/schema\/logo\/image\/","url":"https:\/\/pistonaddict.com\/wp-content\/uploads\/2022\/07\/logo-6.png","contentUrl":"https:\/\/pistonaddict.com\/wp-content\/uploads\/2022\/07\/logo-6.png","width":970,"height":200,"caption":"Piston Addict"},"image":{"@id":"https:\/\/pistonaddict.com\/et\/#\/schema\/logo\/image\/"}}]}},"_links":{"self":[{"href":"https:\/\/pistonaddict.com\/et\/wp-json\/wp\/v2\/pages\/2887"}],"collection":[{"href":"https:\/\/pistonaddict.com\/et\/wp-json\/wp\/v2\/pages"}],"about":[{"href":"https:\/\/pistonaddict.com\/et\/wp-json\/wp\/v2\/types\/page"}],"author":[{"embeddable":true,"href":"https:\/\/pistonaddict.com\/et\/wp-json\/wp\/v2\/users\/1"}],"replies":[{"embeddable":true,"href":"https:\/\/pistonaddict.com\/et\/wp-json\/wp\/v2\/comments?post=2887"}],"version-history":[{"count":15,"href":"https:\/\/pistonaddict.com\/et\/wp-json\/wp\/v2\/pages\/2887\/revisions"}],"predecessor-version":[{"id":111599,"href":"https:\/\/pistonaddict.com\/et\/wp-json\/wp\/v2\/pages\/2887\/revisions\/111599"}],"wp:attachment":[{"href":"https:\/\/pistonaddict.com\/et\/wp-json\/wp\/v2\/media?parent=2887"}],"curies":[{"name":"wp","href":"https:\/\/api.w.org\/{rel}","templated":true}]}}