{"id":2837,"date":"2022-04-29T11:18:49","date_gmt":"2022-04-29T09:18:49","guid":{"rendered":"https:\/\/pistonaddict.com\/arasaatmine\/"},"modified":"2022-05-04T18:00:05","modified_gmt":"2022-05-04T16:00:05","slug":"arasaatmine","status":"publish","type":"page","link":"https:\/\/pistonaddict.com\/et\/arasaatmine\/","title":{"rendered":"\u00c4rasaatmine"},"content":{"rendered":"\t\t<div data-elementor-type=\"wp-page\" data-elementor-id=\"2837\" class=\"elementor elementor-2837 elementor-333\">\n\t\t\t\t\t\t<section class=\"elementor-section elementor-top-section elementor-element elementor-element-eb8a04d elementor-section-boxed elementor-section-height-default elementor-section-height-default\" data-id=\"eb8a04d\" data-element_type=\"section\">\n\t\t\t\t\t\t<div class=\"elementor-container elementor-column-gap-default\">\n\t\t\t\t\t<div class=\"elementor-column elementor-col-100 elementor-top-column elementor-element elementor-element-43edc4e\" data-id=\"43edc4e\" data-element_type=\"column\">\n\t\t\t<div class=\"elementor-widget-wrap elementor-element-populated\">\n\t\t\t\t\t\t<div class=\"elementor-element elementor-element-d78828a elementor-widget elementor-widget-text-editor\" data-id=\"d78828a\" data-element_type=\"widget\" data-widget_type=\"text-editor.default\">\n\t\t\t\t<div class=\"elementor-widget-container\">\n\t\t\t<style>\/*! elementor - v3.21.0 - 18-04-2024 *\/\n.elementor-widget-text-editor.elementor-drop-cap-view-stacked .elementor-drop-cap{background-color:#69727d;color:#fff}.elementor-widget-text-editor.elementor-drop-cap-view-framed .elementor-drop-cap{color:#69727d;border:3px solid;background-color:transparent}.elementor-widget-text-editor:not(.elementor-drop-cap-view-default) .elementor-drop-cap{margin-top:8px}.elementor-widget-text-editor:not(.elementor-drop-cap-view-default) .elementor-drop-cap-letter{width:1em;height:1em}.elementor-widget-text-editor .elementor-drop-cap{float:left;text-align:center;line-height:1;font-size:50px}.elementor-widget-text-editor .elementor-drop-cap-letter{display:inline-block}<\/style>\t\t\t\t\n          <h1>\n            <strong>TEIE S\u00d5IDUKI SAATMINE<\/strong>\n          <\/h1>\n          <h2>\n            <strong>KUIDAS OMA S\u00d5IDUKI TRANSPORTIDA LADA?<\/strong>\n          <\/h2>\n          <p>Kui soovite oma s\u00f5idukit transportida, on teile saadaval mitu lahendust.<\/p>\n          <p>Saate seda teha iseseisvalt v\u00f5i kasutada professionaalseid transporditeenuseid, nagu pukseerimine, transportimine, parda- v\u00f5i veoautotransport v\u00f5i l\u00f5puks meretransport.<\/p>\n          <h3>\n            <strong>1- S\u00f5iduki pukseerimine<\/strong>\n          <\/h3>\n          <p>Seda t\u00fc\u00fcpi transport sobib l\u00fchikeste vahemaade l\u00e4bimiseks v\u00e4ikese kiirusega. S\u00f5iduki pukseerimiseks peate:<\/p>\n          <ul>\n            <li>Maksimaalse ohutuse tagamiseks kasutage heakskiidetud t\u00f5mmitsat;<\/li>\n            <li>Pukseeritavas s\u00f5idukis peab kaasas olema juht;<\/li>\n            <li>S\u00f5itke maksimaalselt 50 km\/h ja kasutage ainult sekundaarseid telgesid;<\/li>\n            <li>Varustage pukseeritavast s\u00f5idukist raskem veduk;<\/li>\n            <li>Kasutage hoiatusi, olge ettevaatlik ja kasutage paindlikku s\u00f5idustiili.<\/li>\n          <\/ul>\n          <h2> <\/h2>\n          <h3>\n            <strong>2- Transportige s\u00f5idukit platvormil<\/strong>\n          <\/h3>\n          <p>See valik sobib teie s\u00f5iduki transportimiseks pikkadel vahemaadel t\u00e4iesti ohutult. Saate valida, kas teie s\u00f5idukit transporditakse pardaveokil, eelistatavalt kaetud, et kaitsta transpordi ajal kere.<\/p>\n          <h3>\n            <strong>3- S\u00f5idukite transport veoautoga<\/strong>\n          <\/h3>\n          <p>See on sama p\u00f5him\u00f5te, mis pardaveokiga transportimisel, kuid sel juhul transporditakse teie s\u00f5idukit veoki haagises. See alternatiiv on v\u00f5imalik isegi siis, kui teil on transportida ainult \u00fcks s\u00f5iduk. See valik on \u00f6konoomne; turu parimad m\u00e4ngijad pakuvad tellimuse vastuv\u00f5tmisest tarnimiseni \u00fche kuni kahe n\u00e4dala pikkust tarneaega.<\/p>\n          <h3>\n            <strong>4- S\u00f5idukite transport<\/strong>\n          <\/h3>\n          <p>Transportimise v\u00f5imaldamiseks peab s\u00f5iduk olema mobiilne, heas t\u00f6\u00f6korras ja h\u00e4sti hooldatud. Teie vajadustele m\u00e4\u00e4ratakse konveier, mis viib s\u00f5iduki l\u00e4htepunktist sihtkohta.<\/p>\n          <p>See on kiire alternatiiv ilma erinevaid peale- v\u00f5i mahalaadimisplatvorme l\u00e4bimata, kuid kallim.<\/p>\n          <h3>\n            <strong>5- Meretransport<\/strong>\n          <\/h3>\n          <p>Autode vedu ro-ro laevaga (v\u00f5i RO-RO) moodustab suurema osa s\u00f5idukite mereveost. S\u00f5idukid pargitakse sinna veo ajaks. See on k\u00f5ige \u00f6konoomsem ja m\u00f5nikord ka kiireim autode saatmise viis.<\/p>\n          <p>Laevaagendi kasutamine on sageli kohustuslik selleks, et oleks v\u00f5imalik s\u00f5idukit v\u00e4lisriiki saata. See hoolitseb haldustoimingute eest nii l\u00e4htesadamas kui ka saabumissadamas.<\/p>\n          <h2>\n            <strong>MILLISED DOKUMENDID TULEB ESITADA OMA S\u00d5IDUKI RAHVUSVAHELISEKS SAATMISEKS?<\/strong>\n          <\/h2>\n          <ul>\n            <li>s\u00f5iduki ostuarve;<\/li>\n            <li>Teie isikut t\u00f5endava dokumendi koopia;<\/li>\n            <li>s\u00f5iduki registreerimisdokument;<\/li>\n            <li>\u00fclekandetunnistus;<\/li>\n            <li>pandivaba tunnistus;<\/li>\n            <li>T\u00e4idetud ja allkirjastatud v\u00e4\u00e4rtussertifikaat ( <strong><a href=\"https:\/\/pistonaddict.com\/wp-content\/uploads\/2022\/05\/Attestation-de-valeur-vehicule.pdf\" target=\"_blank\" rel=\"noopener\"><u>laadige see alla<\/u><\/a><\/strong> ).<\/li>\n          <\/ul>\n          <p>Olenevalt sihtriigist v\u00f5ib n\u00f5uda muid dokumente. \u00c4rge unustage k\u00fcsida oma vedajalt, kas esitatud hinnapakkumises sisalduvad maksud, tollimaksud ja tollivormistustasud.<\/p>\n          <h2>\n            <strong>KUI PALJU MAKSAB S\u00d5IDUKI SAATMINE RAHVUSVAHELISELT?<\/strong>\n          <\/h2>\n          <p>Hinnad on loomulikult vedajate l\u00f5ikes erinevad: transpordikulude arvutamisel v\u00f5tab transpordiettev\u00f5te arvesse mitmeid elemente:<\/p>\n          <ul>\n            <li>s\u00f5iduki t\u00fc\u00fcp;<\/li>\n            <li>transpordiliik;<\/li>\n            <li>Kaugus kahe riigi vahel;<\/li>\n            <li>Saatmise t\u00e4htaeg ja aastaaeg.<\/li>\n          <\/ul>\n          <p>J\u00e4\u00e4te vastutavaks transpordikindlustuse eest, mida transpordifirma teile pakub, ning tasumisele kuuluvate tolli- ja maksude eest.<\/p>\n          <p>Maismaatransport on k\u00f5ige praktilisem viis s\u00f5iduki saatmiseks, eriti piirnevate riikide vahel. Meretranspordi eelis on \u00f6konoomne, kuid aeglasem.<\/p>\n          <h2>\n            <strong>N\u00d5UANDED KOLVIS\u00d5LTLIKELE<\/strong>\n          <\/h2>\n          <p>N\u00fc\u00fcd, kui tead k\u00f5ike, mida s\u00f5idukite transportimisest teada saada, on siin m\u00f5ned n\u00e4pun\u00e4ited, mida on alati hea j\u00e4rgida, enne kui usaldad oma s\u00f5iduki enda valitud transpordifirmale:<\/p>\n          <ul>\n            <li>Deaktiveerige alarm, kui see on olemas, et v\u00e4ltida selle helisemist transpordi ajal;<\/li>\n            <li>Laadige akut maksimaalselt, et see transportimise ajal t\u00e4ielikult ei t\u00fchjeneks;<\/li>\n            <li>Ohutusmeetmena t\u00fchjendage k\u00fctusepaak nii palju kui v\u00f5imalik;<\/li>\n            <li>Olge ettevaatlik, et mitte j\u00e4tta s\u00f5idukisse esemeid;<\/li>\n            <li>S\u00e4ilitage t\u00f5endid s\u00f5iduki seisukorra kohta enne selle vedajale \u00fcleandmist;<\/li>\n            <li>S\u00f5lmi kindlustus, et saada raha tagasi garantii, kui transpordi k\u00e4igus tekib probleem;<\/li>\n            <li>Hoidke alles s\u00f5iduki registreerimistunnistuse, omanditunnistuse ja mittepanditunnistuse originaalid;<\/li>\n            <li>Hoidke autov\u00f5tmete tagavarasid endaga kaasas. Ja ennek\u00f5ike \u00e4rge unustage saatmast v\u00f5tmete duplikaate, kui ostja on s\u00f5iduki k\u00e4tte saanud.<\/li>\n          <\/ul>\n          <p> <\/p>\n          <h2>\n            <strong>Meie soovitused veoautoga<\/strong>\n          <\/h2>\n          <ul>\n            <li><em><strong>Saksamaa \u2013 Austria \u2013 Belgia \u2013 Hispaania \u2013 Prantsusmaa \u2013 Itaalia \u2013 Holland \u2013 Portugal \u2013 \u0160veits \u2013 \u00dchendkuningriik<\/strong> :<\/em> Rahvusvaheline: <a href=\"https:\/\/www.eurosender.com\/en\/vt\/vehicle-transport\/car\" target=\"_blank\" rel=\"noopener\">Eurosender<\/a> , <a href=\"https:\/\/www.shiply.com\/vehicle-delivery\/car-transport-to-europe.php\" target=\"_blank\" rel=\"noopener\">Shiply<\/a><\/li>\n            <li><strong><em>Prantsusmaa:<\/em><\/strong> riiklik: <a href=\"https:\/\/disposeo.com\/\" target=\"_blank\" rel=\"noopener\">Disposeo<\/a> , <a href=\"https:\/\/www.hiflow.com\/particulier\" target=\"_blank\" rel=\"noopener\">Hiflow<\/a><\/li>\n          <\/ul>\n          <h2>\n            <strong>Meie soovitused merel<\/strong>\n          <\/h2>\n          <ul>\n            <li><a href=\"https:\/\/cfrrinkens.com\/rate-request\/\" target=\"_blank\" rel=\"noopener\">CFR Rinkens<\/a> , <a href=\"https:\/\/www.carseurope.net\/international-car-transportation-quote\/\" target=\"_blank\" rel=\"noopener\">AUTOD<\/a><\/li>\n          <\/ul>\n        \t\t\t\t\t\t<\/div>\n\t\t\t\t<\/div>\n\t\t\t\t\t<\/div>\n\t\t<\/div>\n\t\t\t\t\t<\/div>\n\t\t<\/section>\n\t\t\t\t<\/div>\n\t\t","protected":false},"excerpt":{"rendered":"<p>TEIE S\u00d5IDUKI SAATMINE KUIDAS OMA S\u00d5IDUKI TRANSPORTIDA LADA? Kui soovite oma s\u00f5idukit transportida, on teile saadaval mitu lahendust. Saate seda teha iseseisvalt v\u00f5i kasutada professionaalseid transporditeenuseid, nagu pukseerimine, transportimine, parda- v\u00f5i veoautotransport v\u00f5i l\u00f5puks meretransport. 1- S\u00f5iduki pukseerimine Seda t\u00fc\u00fcpi transport sobib l\u00fchikeste vahemaade l\u00e4bimiseks v\u00e4ikese kiirusega. S\u00f5iduki pukseerimiseks peate: Maksimaalse ohutuse tagamiseks kasutage heakskiidetud &#8230; <a title=\"\u00c4rasaatmine\" class=\"read-more\" href=\"https:\/\/pistonaddict.com\/et\/arasaatmine\/\">Loe edasi<span class=\"screen-reader-text\">\u00c4rasaatmine<\/span><\/a><\/p>\n","protected":false},"author":1,"featured_media":0,"parent":0,"menu_order":0,"comment_status":"closed","ping_status":"closed","template":"","meta":{"inline_featured_image":false,"footnotes":""},"acf":[],"yoast_head":"<!-- This site is optimized with the Yoast SEO plugin v22.5 - https:\/\/yoast.com\/wordpress\/plugins\/seo\/ -->\n<title>\u00c4rasaatmine - Piston Addict<\/title>\n<meta name=\"robots\" content=\"index, follow, max-snippet:-1, max-image-preview:large, max-video-preview:-1\" \/>\n<link rel=\"canonical\" href=\"https:\/\/pistonaddict.com\/et\/arasaatmine\/\" \/>\n<meta property=\"og:locale\" content=\"et_EE\" \/>\n<meta property=\"og:type\" content=\"article\" \/>\n<meta property=\"og:title\" content=\"\u00c4rasaatmine - Piston Addict\" \/>\n<meta property=\"og:description\" content=\"TEIE S\u00d5IDUKI SAATMINE KUIDAS OMA S\u00d5IDUKI TRANSPORTIDA LADA? Kui soovite oma s\u00f5idukit transportida, on teile saadaval mitu lahendust. Saate seda teha iseseisvalt v\u00f5i kasutada professionaalseid transporditeenuseid, nagu pukseerimine, transportimine, parda- v\u00f5i veoautotransport v\u00f5i l\u00f5puks meretransport. 1- S\u00f5iduki pukseerimine Seda t\u00fc\u00fcpi transport sobib l\u00fchikeste vahemaade l\u00e4bimiseks v\u00e4ikese kiirusega. S\u00f5iduki pukseerimiseks peate: Maksimaalse ohutuse tagamiseks kasutage heakskiidetud ... Loe edasi\u00c4rasaatmine\" \/>\n<meta property=\"og:url\" content=\"https:\/\/pistonaddict.com\/et\/arasaatmine\/\" \/>\n<meta property=\"og:site_name\" content=\"Piston Addict\" \/>\n<meta property=\"article:modified_time\" content=\"2022-05-04T16:00:05+00:00\" \/>\n<meta name=\"twitter:card\" content=\"summary_large_image\" \/>\n<meta name=\"twitter:label1\" content=\"Est. reading time\" \/>\n\t<meta name=\"twitter:data1\" content=\"3 minutit\" \/>\n<script type=\"application\/ld+json\" class=\"yoast-schema-graph\">{\"@context\":\"https:\/\/schema.org\",\"@graph\":[{\"@type\":\"WebPage\",\"@id\":\"https:\/\/pistonaddict.com\/et\/arasaatmine\/\",\"url\":\"https:\/\/pistonaddict.com\/et\/arasaatmine\/\",\"name\":\"\u00c4rasaatmine - Piston Addict\",\"isPartOf\":{\"@id\":\"https:\/\/pistonaddict.com\/et\/#website\"},\"datePublished\":\"2022-04-29T09:18:49+00:00\",\"dateModified\":\"2022-05-04T16:00:05+00:00\",\"breadcrumb\":{\"@id\":\"https:\/\/pistonaddict.com\/et\/arasaatmine\/#breadcrumb\"},\"inLanguage\":\"et\",\"potentialAction\":[{\"@type\":\"ReadAction\",\"target\":[\"https:\/\/pistonaddict.com\/et\/arasaatmine\/\"]}]},{\"@type\":\"BreadcrumbList\",\"@id\":\"https:\/\/pistonaddict.com\/et\/arasaatmine\/#breadcrumb\",\"itemListElement\":[{\"@type\":\"ListItem\",\"position\":1,\"name\":\"Koduleht\",\"item\":\"https:\/\/pistonaddict.com\/et\/koduleht-2\/\"},{\"@type\":\"ListItem\",\"position\":2,\"name\":\"\u00c4rasaatmine\"}]},{\"@type\":\"WebSite\",\"@id\":\"https:\/\/pistonaddict.com\/et\/#website\",\"url\":\"https:\/\/pistonaddict.com\/et\/\",\"name\":\"Piston Addict\",\"description\":\"Only interesting vehicles\",\"publisher\":{\"@id\":\"https:\/\/pistonaddict.com\/et\/#organization\"},\"potentialAction\":[{\"@type\":\"SearchAction\",\"target\":{\"@type\":\"EntryPoint\",\"urlTemplate\":\"https:\/\/pistonaddict.com\/et\/?s={search_term_string}\"},\"query-input\":\"required name=search_term_string\"}],\"inLanguage\":\"et\"},{\"@type\":\"Organization\",\"@id\":\"https:\/\/pistonaddict.com\/et\/#organization\",\"name\":\"Piston Addict\",\"url\":\"https:\/\/pistonaddict.com\/et\/\",\"logo\":{\"@type\":\"ImageObject\",\"inLanguage\":\"et\",\"@id\":\"https:\/\/pistonaddict.com\/et\/#\/schema\/logo\/image\/\",\"url\":\"https:\/\/pistonaddict.com\/wp-content\/uploads\/2022\/07\/logo-6.png\",\"contentUrl\":\"https:\/\/pistonaddict.com\/wp-content\/uploads\/2022\/07\/logo-6.png\",\"width\":970,\"height\":200,\"caption\":\"Piston Addict\"},\"image\":{\"@id\":\"https:\/\/pistonaddict.com\/et\/#\/schema\/logo\/image\/\"}}]}<\/script>\n<!-- \/ Yoast SEO plugin. -->","yoast_head_json":{"title":"\u00c4rasaatmine - Piston Addict","robots":{"index":"index","follow":"follow","max-snippet":"max-snippet:-1","max-image-preview":"max-image-preview:large","max-video-preview":"max-video-preview:-1"},"canonical":"https:\/\/pistonaddict.com\/et\/arasaatmine\/","og_locale":"et_EE","og_type":"article","og_title":"\u00c4rasaatmine - Piston Addict","og_description":"TEIE S\u00d5IDUKI SAATMINE KUIDAS OMA S\u00d5IDUKI TRANSPORTIDA LADA? Kui soovite oma s\u00f5idukit transportida, on teile saadaval mitu lahendust. Saate seda teha iseseisvalt v\u00f5i kasutada professionaalseid transporditeenuseid, nagu pukseerimine, transportimine, parda- v\u00f5i veoautotransport v\u00f5i l\u00f5puks meretransport. 1- S\u00f5iduki pukseerimine Seda t\u00fc\u00fcpi transport sobib l\u00fchikeste vahemaade l\u00e4bimiseks v\u00e4ikese kiirusega. S\u00f5iduki pukseerimiseks peate: Maksimaalse ohutuse tagamiseks kasutage heakskiidetud ... Loe edasi\u00c4rasaatmine","og_url":"https:\/\/pistonaddict.com\/et\/arasaatmine\/","og_site_name":"Piston Addict","article_modified_time":"2022-05-04T16:00:05+00:00","twitter_card":"summary_large_image","twitter_misc":{"Est. reading time":"3 minutit"},"schema":{"@context":"https:\/\/schema.org","@graph":[{"@type":"WebPage","@id":"https:\/\/pistonaddict.com\/et\/arasaatmine\/","url":"https:\/\/pistonaddict.com\/et\/arasaatmine\/","name":"\u00c4rasaatmine - Piston Addict","isPartOf":{"@id":"https:\/\/pistonaddict.com\/et\/#website"},"datePublished":"2022-04-29T09:18:49+00:00","dateModified":"2022-05-04T16:00:05+00:00","breadcrumb":{"@id":"https:\/\/pistonaddict.com\/et\/arasaatmine\/#breadcrumb"},"inLanguage":"et","potentialAction":[{"@type":"ReadAction","target":["https:\/\/pistonaddict.com\/et\/arasaatmine\/"]}]},{"@type":"BreadcrumbList","@id":"https:\/\/pistonaddict.com\/et\/arasaatmine\/#breadcrumb","itemListElement":[{"@type":"ListItem","position":1,"name":"Koduleht","item":"https:\/\/pistonaddict.com\/et\/koduleht-2\/"},{"@type":"ListItem","position":2,"name":"\u00c4rasaatmine"}]},{"@type":"WebSite","@id":"https:\/\/pistonaddict.com\/et\/#website","url":"https:\/\/pistonaddict.com\/et\/","name":"Piston Addict","description":"Only interesting vehicles","publisher":{"@id":"https:\/\/pistonaddict.com\/et\/#organization"},"potentialAction":[{"@type":"SearchAction","target":{"@type":"EntryPoint","urlTemplate":"https:\/\/pistonaddict.com\/et\/?s={search_term_string}"},"query-input":"required name=search_term_string"}],"inLanguage":"et"},{"@type":"Organization","@id":"https:\/\/pistonaddict.com\/et\/#organization","name":"Piston Addict","url":"https:\/\/pistonaddict.com\/et\/","logo":{"@type":"ImageObject","inLanguage":"et","@id":"https:\/\/pistonaddict.com\/et\/#\/schema\/logo\/image\/","url":"https:\/\/pistonaddict.com\/wp-content\/uploads\/2022\/07\/logo-6.png","contentUrl":"https:\/\/pistonaddict.com\/wp-content\/uploads\/2022\/07\/logo-6.png","width":970,"height":200,"caption":"Piston Addict"},"image":{"@id":"https:\/\/pistonaddict.com\/et\/#\/schema\/logo\/image\/"}}]}},"_links":{"self":[{"href":"https:\/\/pistonaddict.com\/et\/wp-json\/wp\/v2\/pages\/2837"}],"collection":[{"href":"https:\/\/pistonaddict.com\/et\/wp-json\/wp\/v2\/pages"}],"about":[{"href":"https:\/\/pistonaddict.com\/et\/wp-json\/wp\/v2\/types\/page"}],"author":[{"embeddable":true,"href":"https:\/\/pistonaddict.com\/et\/wp-json\/wp\/v2\/users\/1"}],"replies":[{"embeddable":true,"href":"https:\/\/pistonaddict.com\/et\/wp-json\/wp\/v2\/comments?post=2837"}],"version-history":[{"count":2,"href":"https:\/\/pistonaddict.com\/et\/wp-json\/wp\/v2\/pages\/2837\/revisions"}],"predecessor-version":[{"id":4206,"href":"https:\/\/pistonaddict.com\/et\/wp-json\/wp\/v2\/pages\/2837\/revisions\/4206"}],"wp:attachment":[{"href":"https:\/\/pistonaddict.com\/et\/wp-json\/wp\/v2\/media?parent=2837"}],"curies":[{"name":"wp","href":"https:\/\/api.w.org\/{rel}","templated":true}]}}