{"id":26238,"date":"2022-04-29T11:20:06","date_gmt":"2022-04-29T09:20:06","guid":{"rendered":"https:\/\/pistonaddict.com\/kommentaaride-reeglid\/"},"modified":"2023-02-05T11:11:46","modified_gmt":"2023-02-05T10:11:46","slug":"kommentaaride-reeglid","status":"publish","type":"page","link":"https:\/\/pistonaddict.com\/et\/kommentaaride-reeglid\/","title":{"rendered":"Kommentaaride reeglid"},"content":{"rendered":"\t\t<div data-elementor-type=\"wp-page\" data-elementor-id=\"26238\" class=\"elementor elementor-26238 elementor-3043\">\n\t\t\t\t\t\t<section class=\"elementor-section elementor-top-section elementor-element elementor-element-01b8fa5 elementor-section-boxed elementor-section-height-default elementor-section-height-default\" data-id=\"01b8fa5\" data-element_type=\"section\">\n\t\t\t\t\t\t<div class=\"elementor-container elementor-column-gap-default\">\n\t\t\t\t\t<div class=\"elementor-column elementor-col-100 elementor-top-column elementor-element elementor-element-19e2c1c\" data-id=\"19e2c1c\" data-element_type=\"column\">\n\t\t\t<div class=\"elementor-widget-wrap elementor-element-populated\">\n\t\t\t\t\t\t<div class=\"elementor-element elementor-element-9413b6d elementor-widget elementor-widget-text-editor\" data-id=\"9413b6d\" data-element_type=\"widget\" data-widget_type=\"text-editor.default\">\n\t\t\t\t<div class=\"elementor-widget-container\">\n\t\t\t<style>\/*! elementor - v3.21.0 - 18-04-2024 *\/\n.elementor-widget-text-editor.elementor-drop-cap-view-stacked .elementor-drop-cap{background-color:#69727d;color:#fff}.elementor-widget-text-editor.elementor-drop-cap-view-framed .elementor-drop-cap{color:#69727d;border:3px solid;background-color:transparent}.elementor-widget-text-editor:not(.elementor-drop-cap-view-default) .elementor-drop-cap{margin-top:8px}.elementor-widget-text-editor:not(.elementor-drop-cap-view-default) .elementor-drop-cap-letter{width:1em;height:1em}.elementor-widget-text-editor .elementor-drop-cap{float:left;text-align:center;line-height:1;font-size:50px}.elementor-widget-text-editor .elementor-drop-cap-letter{display:inline-block}<\/style>\t\t\t\t<\/p>\n<h2> <\/h2>\n<h2>Reegel 1. Olge konstruktiivne ja mitte negatiivne<\/h2>\n<p>Lihtsam on \u00f6elda, et midagi ei meeldi, ja m\u00f5nikord v\u00f5ib see olla \u00f5igustatud. Teisest k\u00fcljest on v\u00e4\u00e4rtuslikum \u00f6elda, kuidas saaksite seda parandada, t\u00f5elist lisav\u00e4\u00e4rtust annab see, kui saate t\u00e4psustada, mis on valesti ja kuidas seda ilustada.<\/p>\n<h2> <\/h2>\n<h2>Reegel 2. Kogemus v\u00f5idab<\/h2>\n<p>Teised lugejad hoolivad teie arvamusest palju rohkem, kui see tuleneb asjakohasest kogemusest. Kui te teate konkreetse s\u00f5iduki ajalugu v\u00f5i teate palju konkreetse margi v\u00f5i mudeli kohta, siis on teil palju suurem t\u00f5en\u00e4osus, et see pakub huvi.<\/p>\n<h2> <\/h2>\n<h2>Reegel 3. R\u00e4\u00e4gi autodest, mitte teistest<\/h2>\n<p>Iga\u00fchel on \u00f5igus oma arvamusele, isegi kui te sellega ei n\u00f5ustu. Kriitika teiste liikmete iseloomu, maitse v\u00f5i \u00fcldise olemuse kohta ei ole kohane.<\/p>\n<h2> <\/h2>\n<h2>Reegel 4. Turg m\u00e4\u00e4rab hinna<\/h2>\n<p>Piston Addict on vaba turg, kus m\u00fc\u00fcja ja ostja m\u00e4\u00e4ravad hinna, nii et kui midagi on liiga kallis v\u00f5i liiga odav, ei t\u00e4henda see \u00fcldse midagi. Objekt on v\u00e4\u00e4rt seda, mida keegi on valmis maksma.<\/p>\n<h2> <\/h2>\n<h2>Reegel 5. Kui te ei ole k\u00f5iki \u00fclej\u00e4\u00e4nud kommentaare lugenud, siis ei ole te veel valmis oma kommentaare j\u00e4tma.<\/h2>\n<p>See on digitaalne vaste sellele, et kuulata enne, kui r\u00e4\u00e4gid.<\/p>\n<h2> <\/h2>\n<h2>Reegel 6. Kommentaaride sektsioonis ei ole lubatud ostu-, m\u00fc\u00fcgi- v\u00f5i kontaktandmed.<\/h2>\n<p>Kui teil on auto m\u00fc\u00fcgiks, palun esitage see meile esitamisvormi kaudu. Ostusoovid, e-posti aadressid ja telefoninumbrid, mis on postitatud kommentaarides  <br \/>kustutatakse.<\/p>\n<h2> <\/h2>\n<h2>Reegel 7. K\u00f5ik on teretulnud<\/h2>\n<p>Meie kogukonna liikmed on sama mitmekesised kui autode valik, mida me loetleme. Poliitilised, naistevastased v\u00f5i homofoobsed kommentaarid ei ole lubatud.<\/p>\n<h2> <\/h2>\n<h2>Kommentaaride funktsionaalsus<\/h2>\n<p><strong>Kommentaaride muutmine:<\/strong> kommentaare v\u00f5ib autor muuta p\u00e4rast nende avaldamist ilma ajalise piiranguta. Kl\u00f5psake selleks etten\u00e4htud punasel lingil &#8220;Edit&#8221;.<\/p>\n<p><strong>M\u00e4rgista kui mittekonstruktiivne:<\/strong> Kui kommentaar rikub \u00fclaltoodud reegleid, kl\u00f5psake palun lingil &#8220;Teatada&#8221;, et see saaks \u00fcle vaadata v\u00f5i eemaldada. Me vaatame k\u00f5ik esitatud kommentaarid l\u00e4bi ja teeme l\u00f5pliku otsuse, kas need taastatakse v\u00f5i eemaldatakse.<br \/>Me tahame, et sellel saidil toimuv vestlus oleks kvaliteetne.<\/p>\n<p><strong>Esmakordselt kommenteerivad isikud: K\u00f5iki esmakordseid<\/strong> kommenteerijaid modereeritakse ja kommentaari ei postitata saidile enne, kui Piston Addict&#8217;i t\u00f6\u00f6tajad on selle l\u00e4bi vaadanud. P\u00e4rast kommentaari esmakordset postitamist neid enam ei modereerita.<\/p>\n\t\t\t\t\t\t<\/div>\n\t\t\t\t<\/div>\n\t\t\t\t\t<\/div>\n\t\t<\/div>\n\t\t\t\t\t<\/div>\n\t\t<\/section>\n\t\t\t\t<\/div>\n\t\t","protected":false},"excerpt":{"rendered":"<p>Reegel 1. Olge konstruktiivne ja mitte negatiivne Lihtsam on \u00f6elda, et midagi ei meeldi, ja m\u00f5nikord v\u00f5ib see olla \u00f5igustatud. Teisest k\u00fcljest on v\u00e4\u00e4rtuslikum \u00f6elda, kuidas saaksite seda parandada, t\u00f5elist lisav\u00e4\u00e4rtust annab see, kui saate t\u00e4psustada, mis on valesti ja kuidas seda ilustada. Reegel 2. Kogemus v\u00f5idab Teised lugejad hoolivad teie arvamusest palju rohkem, kui &#8230; <a title=\"Kommentaaride reeglid\" class=\"read-more\" href=\"https:\/\/pistonaddict.com\/et\/kommentaaride-reeglid\/\">Loe edasi<span class=\"screen-reader-text\">Kommentaaride reeglid<\/span><\/a><\/p>\n","protected":false},"author":1,"featured_media":0,"parent":0,"menu_order":0,"comment_status":"closed","ping_status":"closed","template":"","meta":{"inline_featured_image":false,"footnotes":""},"acf":[],"yoast_head":"<!-- This site is optimized with the Yoast SEO plugin v22.5 - https:\/\/yoast.com\/wordpress\/plugins\/seo\/ -->\n<title>Kommentaaride reeglid - Piston Addict<\/title>\n<meta name=\"robots\" content=\"index, follow, max-snippet:-1, max-image-preview:large, max-video-preview:-1\" \/>\n<link rel=\"canonical\" href=\"https:\/\/pistonaddict.com\/et\/kommentaaride-reeglid\/\" \/>\n<meta property=\"og:locale\" content=\"et_EE\" \/>\n<meta property=\"og:type\" content=\"article\" \/>\n<meta property=\"og:title\" content=\"Kommentaaride reeglid - Piston Addict\" \/>\n<meta property=\"og:description\" content=\"Reegel 1. Olge konstruktiivne ja mitte negatiivne Lihtsam on \u00f6elda, et midagi ei meeldi, ja m\u00f5nikord v\u00f5ib see olla \u00f5igustatud. Teisest k\u00fcljest on v\u00e4\u00e4rtuslikum \u00f6elda, kuidas saaksite seda parandada, t\u00f5elist lisav\u00e4\u00e4rtust annab see, kui saate t\u00e4psustada, mis on valesti ja kuidas seda ilustada. Reegel 2. Kogemus v\u00f5idab Teised lugejad hoolivad teie arvamusest palju rohkem, kui ... Loe edasiKommentaaride reeglid\" \/>\n<meta property=\"og:url\" content=\"https:\/\/pistonaddict.com\/et\/kommentaaride-reeglid\/\" \/>\n<meta property=\"og:site_name\" content=\"Piston Addict\" \/>\n<meta property=\"article:modified_time\" content=\"2023-02-05T10:11:46+00:00\" \/>\n<meta name=\"twitter:card\" content=\"summary_large_image\" \/>\n<meta name=\"twitter:label1\" content=\"Est. reading time\" \/>\n\t<meta name=\"twitter:data1\" content=\"2 minutit\" \/>\n<script type=\"application\/ld+json\" class=\"yoast-schema-graph\">{\"@context\":\"https:\/\/schema.org\",\"@graph\":[{\"@type\":\"WebPage\",\"@id\":\"https:\/\/pistonaddict.com\/et\/kommentaaride-reeglid\/\",\"url\":\"https:\/\/pistonaddict.com\/et\/kommentaaride-reeglid\/\",\"name\":\"Kommentaaride reeglid - Piston Addict\",\"isPartOf\":{\"@id\":\"https:\/\/pistonaddict.com\/et\/#website\"},\"datePublished\":\"2022-04-29T09:20:06+00:00\",\"dateModified\":\"2023-02-05T10:11:46+00:00\",\"breadcrumb\":{\"@id\":\"https:\/\/pistonaddict.com\/et\/kommentaaride-reeglid\/#breadcrumb\"},\"inLanguage\":\"et\",\"potentialAction\":[{\"@type\":\"ReadAction\",\"target\":[\"https:\/\/pistonaddict.com\/et\/kommentaaride-reeglid\/\"]}]},{\"@type\":\"BreadcrumbList\",\"@id\":\"https:\/\/pistonaddict.com\/et\/kommentaaride-reeglid\/#breadcrumb\",\"itemListElement\":[{\"@type\":\"ListItem\",\"position\":1,\"name\":\"Koduleht\",\"item\":\"https:\/\/pistonaddict.com\/et\/koduleht-2\/\"},{\"@type\":\"ListItem\",\"position\":2,\"name\":\"Kommentaaride reeglid\"}]},{\"@type\":\"WebSite\",\"@id\":\"https:\/\/pistonaddict.com\/et\/#website\",\"url\":\"https:\/\/pistonaddict.com\/et\/\",\"name\":\"Piston Addict\",\"description\":\"Only interesting vehicles\",\"publisher\":{\"@id\":\"https:\/\/pistonaddict.com\/et\/#organization\"},\"potentialAction\":[{\"@type\":\"SearchAction\",\"target\":{\"@type\":\"EntryPoint\",\"urlTemplate\":\"https:\/\/pistonaddict.com\/et\/?s={search_term_string}\"},\"query-input\":\"required name=search_term_string\"}],\"inLanguage\":\"et\"},{\"@type\":\"Organization\",\"@id\":\"https:\/\/pistonaddict.com\/et\/#organization\",\"name\":\"Piston Addict\",\"url\":\"https:\/\/pistonaddict.com\/et\/\",\"logo\":{\"@type\":\"ImageObject\",\"inLanguage\":\"et\",\"@id\":\"https:\/\/pistonaddict.com\/et\/#\/schema\/logo\/image\/\",\"url\":\"https:\/\/pistonaddict.com\/wp-content\/uploads\/2022\/07\/logo-6.png\",\"contentUrl\":\"https:\/\/pistonaddict.com\/wp-content\/uploads\/2022\/07\/logo-6.png\",\"width\":970,\"height\":200,\"caption\":\"Piston Addict\"},\"image\":{\"@id\":\"https:\/\/pistonaddict.com\/et\/#\/schema\/logo\/image\/\"}}]}<\/script>\n<!-- \/ Yoast SEO plugin. -->","yoast_head_json":{"title":"Kommentaaride reeglid - Piston Addict","robots":{"index":"index","follow":"follow","max-snippet":"max-snippet:-1","max-image-preview":"max-image-preview:large","max-video-preview":"max-video-preview:-1"},"canonical":"https:\/\/pistonaddict.com\/et\/kommentaaride-reeglid\/","og_locale":"et_EE","og_type":"article","og_title":"Kommentaaride reeglid - Piston Addict","og_description":"Reegel 1. Olge konstruktiivne ja mitte negatiivne Lihtsam on \u00f6elda, et midagi ei meeldi, ja m\u00f5nikord v\u00f5ib see olla \u00f5igustatud. Teisest k\u00fcljest on v\u00e4\u00e4rtuslikum \u00f6elda, kuidas saaksite seda parandada, t\u00f5elist lisav\u00e4\u00e4rtust annab see, kui saate t\u00e4psustada, mis on valesti ja kuidas seda ilustada. Reegel 2. Kogemus v\u00f5idab Teised lugejad hoolivad teie arvamusest palju rohkem, kui ... Loe edasiKommentaaride reeglid","og_url":"https:\/\/pistonaddict.com\/et\/kommentaaride-reeglid\/","og_site_name":"Piston Addict","article_modified_time":"2023-02-05T10:11:46+00:00","twitter_card":"summary_large_image","twitter_misc":{"Est. reading time":"2 minutit"},"schema":{"@context":"https:\/\/schema.org","@graph":[{"@type":"WebPage","@id":"https:\/\/pistonaddict.com\/et\/kommentaaride-reeglid\/","url":"https:\/\/pistonaddict.com\/et\/kommentaaride-reeglid\/","name":"Kommentaaride reeglid - Piston Addict","isPartOf":{"@id":"https:\/\/pistonaddict.com\/et\/#website"},"datePublished":"2022-04-29T09:20:06+00:00","dateModified":"2023-02-05T10:11:46+00:00","breadcrumb":{"@id":"https:\/\/pistonaddict.com\/et\/kommentaaride-reeglid\/#breadcrumb"},"inLanguage":"et","potentialAction":[{"@type":"ReadAction","target":["https:\/\/pistonaddict.com\/et\/kommentaaride-reeglid\/"]}]},{"@type":"BreadcrumbList","@id":"https:\/\/pistonaddict.com\/et\/kommentaaride-reeglid\/#breadcrumb","itemListElement":[{"@type":"ListItem","position":1,"name":"Koduleht","item":"https:\/\/pistonaddict.com\/et\/koduleht-2\/"},{"@type":"ListItem","position":2,"name":"Kommentaaride reeglid"}]},{"@type":"WebSite","@id":"https:\/\/pistonaddict.com\/et\/#website","url":"https:\/\/pistonaddict.com\/et\/","name":"Piston Addict","description":"Only interesting vehicles","publisher":{"@id":"https:\/\/pistonaddict.com\/et\/#organization"},"potentialAction":[{"@type":"SearchAction","target":{"@type":"EntryPoint","urlTemplate":"https:\/\/pistonaddict.com\/et\/?s={search_term_string}"},"query-input":"required name=search_term_string"}],"inLanguage":"et"},{"@type":"Organization","@id":"https:\/\/pistonaddict.com\/et\/#organization","name":"Piston Addict","url":"https:\/\/pistonaddict.com\/et\/","logo":{"@type":"ImageObject","inLanguage":"et","@id":"https:\/\/pistonaddict.com\/et\/#\/schema\/logo\/image\/","url":"https:\/\/pistonaddict.com\/wp-content\/uploads\/2022\/07\/logo-6.png","contentUrl":"https:\/\/pistonaddict.com\/wp-content\/uploads\/2022\/07\/logo-6.png","width":970,"height":200,"caption":"Piston Addict"},"image":{"@id":"https:\/\/pistonaddict.com\/et\/#\/schema\/logo\/image\/"}}]}},"_links":{"self":[{"href":"https:\/\/pistonaddict.com\/et\/wp-json\/wp\/v2\/pages\/26238"}],"collection":[{"href":"https:\/\/pistonaddict.com\/et\/wp-json\/wp\/v2\/pages"}],"about":[{"href":"https:\/\/pistonaddict.com\/et\/wp-json\/wp\/v2\/types\/page"}],"author":[{"embeddable":true,"href":"https:\/\/pistonaddict.com\/et\/wp-json\/wp\/v2\/users\/1"}],"replies":[{"embeddable":true,"href":"https:\/\/pistonaddict.com\/et\/wp-json\/wp\/v2\/comments?post=26238"}],"version-history":[{"count":1,"href":"https:\/\/pistonaddict.com\/et\/wp-json\/wp\/v2\/pages\/26238\/revisions"}],"predecessor-version":[{"id":26243,"href":"https:\/\/pistonaddict.com\/et\/wp-json\/wp\/v2\/pages\/26238\/revisions\/26243"}],"wp:attachment":[{"href":"https:\/\/pistonaddict.com\/et\/wp-json\/wp\/v2\/media?parent=26238"}],"curies":[{"name":"wp","href":"https:\/\/api.w.org\/{rel}","templated":true}]}}