{"id":22648,"date":"2022-04-20T13:00:00","date_gmt":"2022-04-20T11:00:00","guid":{"rendered":"https:\/\/pistonaddict.com\/uletatud-ons\/"},"modified":"2023-01-04T12:23:04","modified_gmt":"2023-01-04T11:23:04","slug":"uletatud-ons","status":"publish","type":"page","link":"https:\/\/pistonaddict.com\/et\/uletatud-ons\/","title":{"rendered":"\u00dcletatud ons"},"content":{"rendered":"\t\t<div data-elementor-type=\"wp-page\" data-elementor-id=\"22648\" class=\"elementor elementor-22648 elementor-19002\">\n\t\t\t\t\t\t<section class=\"elementor-section elementor-top-section elementor-element elementor-element-3668bb8 elementor-section-full_width elementor-section-content-middle banniere-page elementor-section-height-default elementor-section-height-default\" data-id=\"3668bb8\" data-element_type=\"section\" data-settings=\"{&quot;background_background&quot;:&quot;classic&quot;}\">\n\t\t\t\t\t\t<div class=\"elementor-container elementor-column-gap-default\">\n\t\t\t\t\t<div class=\"elementor-column elementor-col-100 elementor-top-column elementor-element elementor-element-b2088b2\" data-id=\"b2088b2\" data-element_type=\"column\">\n\t\t\t<div class=\"elementor-widget-wrap elementor-element-populated\">\n\t\t\t\t\t\t<div class=\"elementor-element elementor-element-26e06c0 elementor-widget elementor-widget-heading\" data-id=\"26e06c0\" data-element_type=\"widget\" data-widget_type=\"heading.default\">\n\t\t\t\t<div class=\"elementor-widget-container\">\n\t\t\t<style>\/*! elementor - v3.21.0 - 18-04-2024 *\/\n.elementor-heading-title{padding:0;margin:0;line-height:1}.elementor-widget-heading .elementor-heading-title[class*=elementor-size-]>a{color:inherit;font-size:inherit;line-height:inherit}.elementor-widget-heading .elementor-heading-title.elementor-size-small{font-size:15px}.elementor-widget-heading .elementor-heading-title.elementor-size-medium{font-size:19px}.elementor-widget-heading .elementor-heading-title.elementor-size-large{font-size:29px}.elementor-widget-heading .elementor-heading-title.elementor-size-xl{font-size:39px}.elementor-widget-heading .elementor-heading-title.elementor-size-xxl{font-size:59px}<\/style><h1 class=\"elementor-heading-title elementor-size-default\">Piston Addict'i kohta<\/h1>\t\t<\/div>\n\t\t\t\t<\/div>\n\t\t\t\t\t<\/div>\n\t\t<\/div>\n\t\t\t\t\t<\/div>\n\t\t<\/section>\n\t\t\t\t<section class=\"elementor-section elementor-top-section elementor-element elementor-element-62ecd00 elementor-section-full_width descs elementor-section-height-default elementor-section-height-default\" data-id=\"62ecd00\" data-element_type=\"section\">\n\t\t\t\t\t\t<div class=\"elementor-container elementor-column-gap-default\">\n\t\t\t\t\t<div class=\"elementor-column elementor-col-100 elementor-top-column elementor-element elementor-element-cae2e10\" data-id=\"cae2e10\" data-element_type=\"column\">\n\t\t\t<div class=\"elementor-widget-wrap elementor-element-populated\">\n\t\t\t\t\t\t<div class=\"elementor-element elementor-element-174bee4 elementor-widget elementor-widget-text-editor\" data-id=\"174bee4\" data-element_type=\"widget\" data-widget_type=\"text-editor.default\">\n\t\t\t\t<div class=\"elementor-widget-container\">\n\t\t\t<style>\/*! elementor - v3.21.0 - 18-04-2024 *\/\n.elementor-widget-text-editor.elementor-drop-cap-view-stacked .elementor-drop-cap{background-color:#69727d;color:#fff}.elementor-widget-text-editor.elementor-drop-cap-view-framed .elementor-drop-cap{color:#69727d;border:3px solid;background-color:transparent}.elementor-widget-text-editor:not(.elementor-drop-cap-view-default) .elementor-drop-cap{margin-top:8px}.elementor-widget-text-editor:not(.elementor-drop-cap-view-default) .elementor-drop-cap-letter{width:1em;height:1em}.elementor-widget-text-editor .elementor-drop-cap{float:left;text-align:center;line-height:1;font-size:50px}.elementor-widget-text-editor .elementor-drop-cap-letter{display:inline-block}<\/style>\t\t\t\t<\/p>\n<h2>Meie ajalugu<\/h2>\n<p>Piston Addict on erakordsetele s\u00f5idukitele spetsialiseerunud veebip\u00f5hine oksjoniplatvorm.  <\/p>\n<p>Kuna oleme autohuvilised juba varakult, oli meie jaoks oluline muuta autode ja mootorrataste m\u00fc\u00fck ja ostmine k\u00e4ttesaadavamaks, v\u00f5imaldades teil m\u00fc\u00fca v\u00f5i osta s\u00f5idukit, kus iganes te ka ei viibiksite. leidsid.<\/p>\n<p>Piston Addict s\u00fcndis sooviga muuta kasutatud s\u00f5idukite turg k\u00f5ige lihtsamalt, sujuvamalt ja l\u00e4bipaistvamalt: p\u00f5nevate s\u00f5idukite omandamiseks ja m\u00fc\u00fcmiseks piisab vaid \u00fchest klikist v\u00f5i oksjonist. entusiastidest.<\/p>\n<h2> <\/h2>\n<h2>Kuidas me t\u00f6\u00f6tame<\/h2>\n<p>Piston Addict leiutab uuesti klassikaliste, kollektsioneeritavate ja entusiastlike s\u00f5idukite m\u00fc\u00fcmise v\u00f5i ostmise viisi.<\/p>\n<p>Me uurime iga esitatud s\u00f5idukit suurima t\u00e4helepanuga: Piston Addictis on meeskond entusiastidest, kes on vanade v\u00f5i kaasaegsete autode eksperdid.<\/p>\n<p>Meie oksjonid pakuvad t\u00e4ielikku l\u00e4bipaistvust, p\u00f5hjalikumaid nimekirju ja \u00f5iglasemaid tasusid v\u00f5rreldes traditsiooniliste platvormidega. Me valime laias valikus s\u00f5idukimarkide, -mudelite ja -t\u00fc\u00fcpide hulgast: me tahame n\u00e4ha nii palju erinevaid autosid, kui te oskate loota!<\/p>\n\t\t\t\t\t\t<\/div>\n\t\t\t\t<\/div>\n\t\t\t\t\t<\/div>\n\t\t<\/div>\n\t\t\t\t\t<\/div>\n\t\t<\/section>\n\t\t\t\t<section class=\"elementor-section elementor-top-section elementor-element elementor-element-38f2e81 elementor-section-content-middle story elementor-section-boxed elementor-section-height-default elementor-section-height-default\" data-id=\"38f2e81\" data-element_type=\"section\" data-settings=\"{&quot;background_background&quot;:&quot;gradient&quot;}\">\n\t\t\t\t\t\t<div class=\"elementor-container elementor-column-gap-default\">\n\t\t\t\t\t<div class=\"elementor-column elementor-col-100 elementor-top-column elementor-element elementor-element-71b8e7e\" data-id=\"71b8e7e\" data-element_type=\"column\">\n\t\t\t<div class=\"elementor-widget-wrap elementor-element-populated\">\n\t\t\t\t\t\t<div class=\"elementor-element elementor-element-205cd4d elementor-widget elementor-widget-text-editor\" data-id=\"205cd4d\" data-element_type=\"widget\" data-widget_type=\"text-editor.default\">\n\t\t\t\t<div class=\"elementor-widget-container\">\n\t\t\t\t\t\t\t\n          <h3>Tunnistus<\/h3>\n          <p>Meile meeldib, kui ostjad ja m\u00fc\u00fcjad r\u00e4\u00e4givad meile headest kogemustest, mis neil on meie saidil olnud.<\/p>\n          <p>Saatke meile oma ostu- v\u00f5i m\u00fc\u00fcgilugu koos m\u00f5ne laheda fotoga ja me avaldame teie iseloomustuse.<\/p>\n          <p>\n            <a href=\"mailto:contact@pistonaddict.com\">Esitage oma iseloomustus<\/a>\n          <\/p>\n        \t\t\t\t\t\t<\/div>\n\t\t\t\t<\/div>\n\t\t\t\t\t<\/div>\n\t\t<\/div>\n\t\t\t\t\t<\/div>\n\t\t<\/section>\n\t\t\t\t<\/div>\n\t\t","protected":false},"excerpt":{"rendered":"<p>Piston Addict&#8217;i kohta Meie ajalugu Piston Addict on erakordsetele s\u00f5idukitele spetsialiseerunud veebip\u00f5hine oksjoniplatvorm. Kuna oleme autohuvilised juba varakult, oli meie jaoks oluline muuta autode ja mootorrataste m\u00fc\u00fck ja ostmine k\u00e4ttesaadavamaks, v\u00f5imaldades teil m\u00fc\u00fca v\u00f5i osta s\u00f5idukit, kus iganes te ka ei viibiksite. leidsid. Piston Addict s\u00fcndis sooviga muuta kasutatud s\u00f5idukite turg k\u00f5ige lihtsamalt, sujuvamalt ja &#8230; <a title=\"\u00dcletatud ons\" class=\"read-more\" href=\"https:\/\/pistonaddict.com\/et\/uletatud-ons\/\">Loe edasi<span class=\"screen-reader-text\">\u00dcletatud ons<\/span><\/a><\/p>\n","protected":false},"author":1,"featured_media":0,"parent":0,"menu_order":0,"comment_status":"closed","ping_status":"closed","template":"","meta":{"inline_featured_image":false,"footnotes":""},"acf":[],"yoast_head":"<!-- This site is optimized with the Yoast SEO plugin v22.5 - https:\/\/yoast.com\/wordpress\/plugins\/seo\/ -->\n<title>\u00dcletatud ons - Piston Addict<\/title>\n<meta name=\"robots\" content=\"index, follow, max-snippet:-1, max-image-preview:large, max-video-preview:-1\" \/>\n<link rel=\"canonical\" href=\"https:\/\/pistonaddict.com\/et\/uletatud-ons\/\" \/>\n<meta property=\"og:locale\" content=\"et_EE\" \/>\n<meta property=\"og:type\" content=\"article\" \/>\n<meta property=\"og:title\" content=\"\u00dcletatud ons - Piston Addict\" \/>\n<meta property=\"og:description\" content=\"Piston Addict&#8217;i kohta Meie ajalugu Piston Addict on erakordsetele s\u00f5idukitele spetsialiseerunud veebip\u00f5hine oksjoniplatvorm. Kuna oleme autohuvilised juba varakult, oli meie jaoks oluline muuta autode ja mootorrataste m\u00fc\u00fck ja ostmine k\u00e4ttesaadavamaks, v\u00f5imaldades teil m\u00fc\u00fca v\u00f5i osta s\u00f5idukit, kus iganes te ka ei viibiksite. leidsid. Piston Addict s\u00fcndis sooviga muuta kasutatud s\u00f5idukite turg k\u00f5ige lihtsamalt, sujuvamalt ja ... Loe edasi\u00dcletatud ons\" \/>\n<meta property=\"og:url\" content=\"https:\/\/pistonaddict.com\/et\/uletatud-ons\/\" \/>\n<meta property=\"og:site_name\" content=\"Piston Addict\" \/>\n<meta property=\"article:modified_time\" content=\"2023-01-04T11:23:04+00:00\" \/>\n<meta name=\"twitter:card\" content=\"summary_large_image\" \/>\n<meta name=\"twitter:label1\" content=\"Est. reading time\" \/>\n\t<meta name=\"twitter:data1\" content=\"1 minut\" \/>\n<script type=\"application\/ld+json\" class=\"yoast-schema-graph\">{\"@context\":\"https:\/\/schema.org\",\"@graph\":[{\"@type\":\"WebPage\",\"@id\":\"https:\/\/pistonaddict.com\/et\/uletatud-ons\/\",\"url\":\"https:\/\/pistonaddict.com\/et\/uletatud-ons\/\",\"name\":\"\u00dcletatud ons - Piston Addict\",\"isPartOf\":{\"@id\":\"https:\/\/pistonaddict.com\/et\/#website\"},\"datePublished\":\"2022-04-20T11:00:00+00:00\",\"dateModified\":\"2023-01-04T11:23:04+00:00\",\"breadcrumb\":{\"@id\":\"https:\/\/pistonaddict.com\/et\/uletatud-ons\/#breadcrumb\"},\"inLanguage\":\"et\",\"potentialAction\":[{\"@type\":\"ReadAction\",\"target\":[\"https:\/\/pistonaddict.com\/et\/uletatud-ons\/\"]}]},{\"@type\":\"BreadcrumbList\",\"@id\":\"https:\/\/pistonaddict.com\/et\/uletatud-ons\/#breadcrumb\",\"itemListElement\":[{\"@type\":\"ListItem\",\"position\":1,\"name\":\"Koduleht\",\"item\":\"https:\/\/pistonaddict.com\/et\/koduleht-2\/\"},{\"@type\":\"ListItem\",\"position\":2,\"name\":\"\u00dcletatud ons\"}]},{\"@type\":\"WebSite\",\"@id\":\"https:\/\/pistonaddict.com\/et\/#website\",\"url\":\"https:\/\/pistonaddict.com\/et\/\",\"name\":\"Piston Addict\",\"description\":\"Only interesting vehicles\",\"publisher\":{\"@id\":\"https:\/\/pistonaddict.com\/et\/#organization\"},\"potentialAction\":[{\"@type\":\"SearchAction\",\"target\":{\"@type\":\"EntryPoint\",\"urlTemplate\":\"https:\/\/pistonaddict.com\/et\/?s={search_term_string}\"},\"query-input\":\"required name=search_term_string\"}],\"inLanguage\":\"et\"},{\"@type\":\"Organization\",\"@id\":\"https:\/\/pistonaddict.com\/et\/#organization\",\"name\":\"Piston Addict\",\"url\":\"https:\/\/pistonaddict.com\/et\/\",\"logo\":{\"@type\":\"ImageObject\",\"inLanguage\":\"et\",\"@id\":\"https:\/\/pistonaddict.com\/et\/#\/schema\/logo\/image\/\",\"url\":\"https:\/\/pistonaddict.com\/wp-content\/uploads\/2022\/07\/logo-6.png\",\"contentUrl\":\"https:\/\/pistonaddict.com\/wp-content\/uploads\/2022\/07\/logo-6.png\",\"width\":970,\"height\":200,\"caption\":\"Piston Addict\"},\"image\":{\"@id\":\"https:\/\/pistonaddict.com\/et\/#\/schema\/logo\/image\/\"}}]}<\/script>\n<!-- \/ Yoast SEO plugin. -->","yoast_head_json":{"title":"\u00dcletatud ons - Piston Addict","robots":{"index":"index","follow":"follow","max-snippet":"max-snippet:-1","max-image-preview":"max-image-preview:large","max-video-preview":"max-video-preview:-1"},"canonical":"https:\/\/pistonaddict.com\/et\/uletatud-ons\/","og_locale":"et_EE","og_type":"article","og_title":"\u00dcletatud ons - Piston Addict","og_description":"Piston Addict&#8217;i kohta Meie ajalugu Piston Addict on erakordsetele s\u00f5idukitele spetsialiseerunud veebip\u00f5hine oksjoniplatvorm. Kuna oleme autohuvilised juba varakult, oli meie jaoks oluline muuta autode ja mootorrataste m\u00fc\u00fck ja ostmine k\u00e4ttesaadavamaks, v\u00f5imaldades teil m\u00fc\u00fca v\u00f5i osta s\u00f5idukit, kus iganes te ka ei viibiksite. leidsid. Piston Addict s\u00fcndis sooviga muuta kasutatud s\u00f5idukite turg k\u00f5ige lihtsamalt, sujuvamalt ja ... Loe edasi\u00dcletatud ons","og_url":"https:\/\/pistonaddict.com\/et\/uletatud-ons\/","og_site_name":"Piston Addict","article_modified_time":"2023-01-04T11:23:04+00:00","twitter_card":"summary_large_image","twitter_misc":{"Est. reading time":"1 minut"},"schema":{"@context":"https:\/\/schema.org","@graph":[{"@type":"WebPage","@id":"https:\/\/pistonaddict.com\/et\/uletatud-ons\/","url":"https:\/\/pistonaddict.com\/et\/uletatud-ons\/","name":"\u00dcletatud ons - Piston Addict","isPartOf":{"@id":"https:\/\/pistonaddict.com\/et\/#website"},"datePublished":"2022-04-20T11:00:00+00:00","dateModified":"2023-01-04T11:23:04+00:00","breadcrumb":{"@id":"https:\/\/pistonaddict.com\/et\/uletatud-ons\/#breadcrumb"},"inLanguage":"et","potentialAction":[{"@type":"ReadAction","target":["https:\/\/pistonaddict.com\/et\/uletatud-ons\/"]}]},{"@type":"BreadcrumbList","@id":"https:\/\/pistonaddict.com\/et\/uletatud-ons\/#breadcrumb","itemListElement":[{"@type":"ListItem","position":1,"name":"Koduleht","item":"https:\/\/pistonaddict.com\/et\/koduleht-2\/"},{"@type":"ListItem","position":2,"name":"\u00dcletatud ons"}]},{"@type":"WebSite","@id":"https:\/\/pistonaddict.com\/et\/#website","url":"https:\/\/pistonaddict.com\/et\/","name":"Piston Addict","description":"Only interesting vehicles","publisher":{"@id":"https:\/\/pistonaddict.com\/et\/#organization"},"potentialAction":[{"@type":"SearchAction","target":{"@type":"EntryPoint","urlTemplate":"https:\/\/pistonaddict.com\/et\/?s={search_term_string}"},"query-input":"required name=search_term_string"}],"inLanguage":"et"},{"@type":"Organization","@id":"https:\/\/pistonaddict.com\/et\/#organization","name":"Piston Addict","url":"https:\/\/pistonaddict.com\/et\/","logo":{"@type":"ImageObject","inLanguage":"et","@id":"https:\/\/pistonaddict.com\/et\/#\/schema\/logo\/image\/","url":"https:\/\/pistonaddict.com\/wp-content\/uploads\/2022\/07\/logo-6.png","contentUrl":"https:\/\/pistonaddict.com\/wp-content\/uploads\/2022\/07\/logo-6.png","width":970,"height":200,"caption":"Piston Addict"},"image":{"@id":"https:\/\/pistonaddict.com\/et\/#\/schema\/logo\/image\/"}}]}},"_links":{"self":[{"href":"https:\/\/pistonaddict.com\/et\/wp-json\/wp\/v2\/pages\/22648"}],"collection":[{"href":"https:\/\/pistonaddict.com\/et\/wp-json\/wp\/v2\/pages"}],"about":[{"href":"https:\/\/pistonaddict.com\/et\/wp-json\/wp\/v2\/types\/page"}],"author":[{"embeddable":true,"href":"https:\/\/pistonaddict.com\/et\/wp-json\/wp\/v2\/users\/1"}],"replies":[{"embeddable":true,"href":"https:\/\/pistonaddict.com\/et\/wp-json\/wp\/v2\/comments?post=22648"}],"version-history":[{"count":1,"href":"https:\/\/pistonaddict.com\/et\/wp-json\/wp\/v2\/pages\/22648\/revisions"}],"predecessor-version":[{"id":22654,"href":"https:\/\/pistonaddict.com\/et\/wp-json\/wp\/v2\/pages\/22648\/revisions\/22654"}],"wp:attachment":[{"href":"https:\/\/pistonaddict.com\/et\/wp-json\/wp\/v2\/media?parent=22648"}],"curies":[{"name":"wp","href":"https:\/\/api.w.org\/{rel}","templated":true}]}}